{"id":1072,"date":"2020-07-16T10:45:36","date_gmt":"2020-07-16T10:45:36","guid":{"rendered":"https:\/\/distribucionarc.com\/?post_type=product&#038;p=1072"},"modified":"2020-09-27T08:46:30","modified_gmt":"2020-09-27T08:46:30","slug":"varmt-vitrineskap-8-brett","status":"publish","type":"product","link":"https:\/\/distribucionarc.com\/nb\/producto\/vitrina-expositor-caliente-8-bandejas\/","title":{"rendered":"Varm vitrine 8 brett"},"content":{"rendered":"<h3>Varm vitrine 8 brett<\/h3>\n<p>Hvis du leter etter den perfekte l\u00f8sningen for \u00e5 holde maten varm ved serveringstemperaturer i flere timer i &quot;utstillings- og salgsomr\u00e5der&quot;, er du p\u00e5 utkikk etter<strong>\u00a0varmeovner<\/strong>\u00a0og\u00a0<strong>montre for varm mat<\/strong>\u00a0av\u00a0<strong><span style=\"color: #ff0000;\">TIL<\/span><span style=\"color: #0000ff;\">R<\/span>c<\/strong>. De\u00a0<strong>varm vitrine<\/strong>\u00a0av\u00a0<strong><span style=\"color: #ff0000;\">TIL<\/span><span style=\"color: #0000ff;\">R<\/span>c<\/strong>\u00a0tilbyr utstyrsl\u00f8sninger for\u00a0<strong>kafeer<\/strong>,\u00a0<strong>buffeer<\/strong>, butikker og restauranter.<\/p>\n<p>Dette\u00a0<strong>montre<\/strong>\u00a0<strong>varm\u00a0<span style=\"color: #ff0000;\">TIL<\/span><span style=\"color: #0000ff;\">R<\/span>c<\/strong>\u00a0Benkeplaten har en solid ramme i rustfritt st\u00e5l, herdet glassvegger og akryld\u00f8rer. Med h\u00f8y stabilitet og forbedret sikt. Den leveres med lett\u00e5pnede d\u00f8rer, herdet glass kombinert med et magnetisk lukkesystem. Gir forbedret d\u00f8rforsegling.<\/p>\n<p>De\u00a0<strong>varm vitrine\u00a0<span style=\"color: #ff0000;\">TIL<\/span><span style=\"color: #0000ff;\">R<\/span>CVEC8B<\/strong> Den har en roterende termostatkontrollknapp, som lar deg velge den mest passende temperaturen for ulike typer mat. De to st\u00f8tteniv\u00e5ene har et nedre mellomrom p\u00e5 112 x 39 x 18 cm og det \u00f8verste har 112 x 33 x 18 cm, mellom disse to fordeles plassen til de 8 brettene i rustfritt st\u00e5l. Skuffene kan flyttes inn og ut, noe som gir st\u00f8rre kapasitet for <strong>varmeovner<\/strong>\u00a0av<strong>\u00a0varme montrer<\/strong>, har generelt b\u00f8tter for arrangement av mat p\u00e5 baren, ogs\u00e5 kjent som\u00a0<strong>montre<\/strong>r, de holdes ved riktig temperatur takket v\u00e6re varmen som b\u00f8ttene er nedsenket i. Generelt sett\u00a0<strong>varme vitrineskap<\/strong>\u00a0Bain-marie har sluk for vedlikehold og enkel rengj\u00f8ring. I tillegg til skyved\u00f8rer for \u00e5 opprettholde temperaturen og ikke sl\u00f8se med energi, gj\u00f8r den om til en\u00a0<strong>effektiv forbruksmaskin<\/strong>.<\/p>\n<p>Dekorative varmelys gj\u00f8r maten mer attraktiv og i\u00f8ynefallende for kunden; med p\u00e5litelig og sikker p\u00e5\/av-bryter, vanntett, st\u00f8vtett og elektrisk lekkasjebestandig; Et brett for oppsamling av olje f\u00f8lger med i bunnen.<\/p>\n<h6><\/h6>\n<h6><strong>Garanti\u00a0<span style=\"color: #ff0000;\">TIL<\/span><span style=\"color: #0000ff;\">R<\/span>C 2 \u00c5R<\/strong><\/h6>\n<h6><span style=\"color: #008000;\">Effektiv varm vitrine, lavt forbruk 600w<\/span><\/h6>\n<h6><strong>teknisk st\u00f8tte inkludert.<\/strong><\/h6>\n<p>&nbsp;<\/p>\n<table role=\"presentation\" width=\"100%\" cellspacing=\"0\" cellpadding=\"0\">\n<tbody>\n<tr>\n<td class=\"attrLabels\">Temperatur:<\/td>\n<td width=\"50.0%\">30-85\u00baC<\/td>\n<\/tr>\n<tr>\n<td class=\"attrLabels\">Distribusjonsland:<\/td>\n<td width=\"50.0%\">Spania, Tyskland, USA<\/td>\n<td class=\"attrLabels\">Vekt:<\/td>\n<td width=\"50.0%\">35 kg<\/td>\n<\/tr>\n<tr>\n<td class=\"attrLabels\">Merke:<\/td>\n<td width=\"50.0%\">BUE<\/td>\n<td class=\"attrLabels\">H\u00f8yde:<\/td>\n<td width=\"50.0%\">74 cm<\/td>\n<\/tr>\n<tr>\n<td class=\"attrLabels\">Farge:<\/td>\n<td width=\"50.0%\">S\u00f8lv<\/td>\n<td class=\"attrLabels\">Lang:<\/td>\n<td width=\"50.0%\">120 cm<\/td>\n<\/tr>\n<tr>\n<td class=\"attrLabels\">Produkttype:<\/td>\n<td width=\"50.0%\">Varm vitrine<\/td>\n<td class=\"attrLabels\">Bred:<\/td>\n<td width=\"50.0%\">\u00a063 cm<\/td>\n<\/tr>\n<tr>\n<td class=\"attrLabels\">Produsentnummer:<\/td>\n<td width=\"50.0%\">ARCVEC8B<\/td>\n<td class=\"attrLabels\">Makt:<\/td>\n<td width=\"50.0%\">600W<\/td>\n<\/tr>\n<tr>\n<td class=\"attrLabels\">Materiale:<\/td>\n<td width=\"50.0%\">rustfritt st\u00e5l, temperaturkontroll<\/td>\n<td class=\"attrLabels\">inngangsspenning<\/td>\n<td width=\"50.0%\">220V \u2013 60Hz<\/td>\n<\/tr>\n<tr>\n<td class=\"attrLabels\">Niv\u00e5er:<\/td>\n<td width=\"50.0%\">\u00a02<\/td>\n<td class=\"attrLabels\">Hyttest\u00f8rrelse:<\/td>\n<td width=\"50.0%\">Bunn 112 x 39 x 18 cm<\/p>\n<p>Overdel 112 x 33 x 18 cm<\/td>\n<\/tr>\n<tr>\n<td class=\"attrLabels\">Installasjonsverkt\u00f8y:<\/td>\n<td width=\"50.0%\">Ja<\/td>\n<td class=\"attrLabels\">Garanti:<\/td>\n<td width=\"50.0%\">2 \u00c5R<\/td>\n<\/tr>\n<\/tbody>\n<\/table>\n<p>&nbsp;<\/p>","protected":false},"excerpt":{"rendered":"<h2>Varm vitrine 8 brett<\/h2>\n<p>Du kan bruke denne<strong>\u00a0montre\u00a0<span style=\"color: #ff0000;\">TIL<\/span><span style=\"color: #0000ff;\">R<\/span>c<\/strong>\u00a0i et bredt utvalg av spisemilj\u00f8er, inkludert\u00a0<strong>kinoer<\/strong>,\u00a0<strong>bakerier<\/strong>,\u00a0<strong>kafeer<\/strong>,\u00a0<strong>hurtigmatrestauranter<\/strong>\u00a0og mange andre etablissementer dedikert til\u00a0<strong>gjestfrihet<\/strong>.<\/p>\n<p>Han\u00a0<strong>varm skjerm<\/strong> Den har 2 st\u00f8tteniv\u00e5er der 8 brett i rustfritt st\u00e5l er fordelt, noe som gir mer plass til \u00e5 oppbevare mat i forskjellige st\u00f8rrelser. Dekorative varmelys gj\u00f8r maten mer attraktiv og i\u00f8ynefallende. P\u00e5\/av av<strong>\u00a0den varme montren<\/strong>\u00a0av\u00a0<strong><span style=\"color: #ff0000;\">TIL<\/span><span style=\"color: #0000ff;\">R<\/span>c<\/strong>\u00a0Den er p\u00e5litelig og forbedrer sikkerhetsfaktoren og dermed levetiden til motvarmeren; i tillegg til <span style=\"color: #008000;\">favorisere a\u00a0<strong>effektivt energiforbruk<\/strong><\/span>. Den har et brett i bunnen for oljeoppsamling for enkel rengj\u00f8ring. Den har en justerbar termostattemperatur, den<span style=\"color: #ff0000;\">\u00a0<\/span><strong><span style=\"color: #ff0000;\">TIL<\/span><span style=\"color: #0000ff;\">R<\/span>CVEC8B<\/strong> Det gj\u00f8r det enkelt for deg \u00e5 justere temperaturen etter ulike typer mat.<\/p>\n<h6><strong>Garanti\u00a0<span style=\"color: #ff0000;\">TIL<\/span><span style=\"color: #0000ff;\">R<\/span>C 2 \u00c5R<\/strong><\/h6>\n<h6><span style=\"color: #008000;\">Effektiv varm vitrine, lavt forbruk 600w<\/span><\/h6>\n<p><strong>Teknisk st\u00f8tte inkludert.<\/strong><\/p>","protected":false},"featured_media":1076,"comment_status":"open","ping_status":"closed","template":"","meta":{"wds_primary_product_brand":0,"wds_primary_product_cat":0},"product_brand":[],"product_cat":[41],"product_tag":[],"class_list":{"0":"post-1072","1":"product","2":"type-product","3":"status-publish","4":"has-post-thumbnail","6":"product_cat-expositor-de-alimentos","7":"product_shipping_class-hosteleria","9":"first","10":"instock","11":"sale","12":"taxable","13":"shipping-taxable","14":"purchasable","15":"product-type-simple"},"yoast_head":"<!-- This site is optimized with the Yoast SEO Premium plugin v24.9 (Yoast SEO v26.1) - https:\/\/yoast.com\/wordpress\/plugins\/seo\/ -->\n<title>Vitrina expositor caliente 8 bandejas - distribuci\u00f3n ARC<\/title>\n<meta name=\"robots\" content=\"index, follow, max-snippet:-1, max-image-preview:large, max-video-preview:-1\" \/>\n<link rel=\"canonical\" href=\"https:\/\/www.distribucionarc.com\/en\/producto\/vitrina-expositor-caliente-8-bandejas\/\" \/>\n<meta property=\"og:locale\" content=\"nb_NO\" \/>\n<meta property=\"og:type\" content=\"article\" \/>\n<meta property=\"og:title\" content=\"Vitrina expositor caliente 8 bandejas\" \/>\n<meta property=\"og:description\" content=\"Vitrina expositor caliente 8 bandejas Puede usar esta\u00a0vitrina expositor de\u00a0ARC\u00a0en una amplia variedad de ambientes gastron\u00f3micos, incluyendo\u00a0cines,\u00a0panader\u00edas,\u00a0cafeter\u00edas,\u00a0restaurantes de comida r\u00e1pida\u00a0y muchos otros establecimientos dedicados a la\u00a0hosteler\u00eda.  El\u00a0expositor caliente cuenta con 2 niveles de soporte en los que se reparten 8 bandejas de acero inoxidable, proporcionando m\u00e1s espacio para almacenar alimentos de diferentes tama\u00f1os. Las luces c\u00e1lidas decorativas permiten que los alimentos sean m\u00e1s atractivos y llamativos. El encendido\/apagado de\u00a0la vitrina caliente\u00a0de\u00a0ARC\u00a0es fiable y mejora el factor de seguridad as\u00ed la vida \u00fatil del calentador de contador; adem\u00e1s de favorecer un\u00a0consumo energ\u00e9tico eficiente. Cuenta con una bandeja en la parte inferior para la recolecci\u00f3n de aceite para facilitar su limpieza. Dispone de una temperatura termost\u00e1tica ajustable, la\u00a0ARCVEC8B le facilita ajustar la temperatura seg\u00fan los distintos tipos de alimentos. Garant\u00eda\u00a0ARC 2 A\u00d1OS Vitrina expositora caliente eficiente, bajo consumo 600w Soporte t\u00e9cnico incluido.\" \/>\n<meta property=\"og:url\" content=\"https:\/\/www.distribucionarc.com\/en\/producto\/vitrina-expositor-caliente-8-bandejas\/\" \/>\n<meta property=\"og:site_name\" content=\"distribuci\u00f3n ARC\" \/>\n<meta property=\"article:modified_time\" content=\"2020-09-27T08:46:30+00:00\" \/>\n<meta property=\"og:image\" content=\"https:\/\/www.distribucionarc.com\/wp-content\/uploads\/2020\/07\/Vitrina-expositor-caliente-8-bandejas-0.jpg\" \/>\n\t<meta property=\"og:image:width\" content=\"1600\" \/>\n\t<meta property=\"og:image:height\" content=\"1600\" \/>\n\t<meta property=\"og:image:type\" content=\"image\/jpeg\" \/>\n<meta name=\"twitter:card\" content=\"summary_large_image\" \/>\n<meta name=\"twitter:label1\" content=\"Ansl. lesetid\" \/>\n\t<meta name=\"twitter:data1\" content=\"2 minutter\" \/>\n<script type=\"application\/ld+json\" class=\"yoast-schema-graph\">{\"@context\":\"https:\/\/schema.org\",\"@graph\":[{\"@type\":\"WebPage\",\"@id\":\"https:\/\/www.distribucionarc.com\/en\/producto\/vitrina-expositor-caliente-8-bandejas\/\",\"url\":\"https:\/\/www.distribucionarc.com\/en\/producto\/vitrina-expositor-caliente-8-bandejas\/\",\"name\":\"Vitrina expositor caliente 8 bandejas - distribuci\u00f3n ARC\",\"isPartOf\":{\"@id\":\"https:\/\/www.distribucionarc.com\/de\/#website\"},\"primaryImageOfPage\":{\"@id\":\"https:\/\/www.distribucionarc.com\/en\/producto\/vitrina-expositor-caliente-8-bandejas\/#primaryimage\"},\"image\":{\"@id\":\"https:\/\/www.distribucionarc.com\/en\/producto\/vitrina-expositor-caliente-8-bandejas\/#primaryimage\"},\"thumbnailUrl\":\"https:\/\/distribucionarc.com\/wp-content\/uploads\/2020\/07\/Vitrina-expositor-caliente-8-bandejas-0.jpg\",\"datePublished\":\"2020-07-16T10:45:36+00:00\",\"dateModified\":\"2020-09-27T08:46:30+00:00\",\"breadcrumb\":{\"@id\":\"https:\/\/www.distribucionarc.com\/en\/producto\/vitrina-expositor-caliente-8-bandejas\/#breadcrumb\"},\"inLanguage\":\"nb-NO\",\"potentialAction\":[{\"@type\":\"ReadAction\",\"target\":[\"https:\/\/www.distribucionarc.com\/en\/producto\/vitrina-expositor-caliente-8-bandejas\/\"]}]},{\"@type\":\"ImageObject\",\"inLanguage\":\"nb-NO\",\"@id\":\"https:\/\/www.distribucionarc.com\/en\/producto\/vitrina-expositor-caliente-8-bandejas\/#primaryimage\",\"url\":\"https:\/\/distribucionarc.com\/wp-content\/uploads\/2020\/07\/Vitrina-expositor-caliente-8-bandejas-0.jpg\",\"contentUrl\":\"https:\/\/distribucionarc.com\/wp-content\/uploads\/2020\/07\/Vitrina-expositor-caliente-8-bandejas-0.jpg\",\"width\":1600,\"height\":1600,\"caption\":\"Vitrina expositor caliente 8 bandejas\"},{\"@type\":\"BreadcrumbList\",\"@id\":\"https:\/\/www.distribucionarc.com\/en\/producto\/vitrina-expositor-caliente-8-bandejas\/#breadcrumb\",\"itemListElement\":[{\"@type\":\"ListItem\",\"position\":1,\"name\":\"Portada\",\"item\":\"https:\/\/www.distribucionarc.com\/en\/\"},{\"@type\":\"ListItem\",\"position\":2,\"name\":\"Products\",\"item\":\"https:\/\/www.distribucionarc.com\/en\/shop\/\"},{\"@type\":\"ListItem\",\"position\":3,\"name\":\"Vitrina expositor caliente 8 bandejas\"}]},{\"@type\":\"WebSite\",\"@id\":\"https:\/\/www.distribucionarc.com\/de\/#website\",\"url\":\"https:\/\/www.distribucionarc.com\/de\/\",\"name\":\"distribuci\u00f3n ARC\",\"description\":\"Empresa especializada en la fabricaci\u00f3n y distribuci\u00f3n de maquinaria industrial, selladoras de latas, Maquinas de hacer pastillas, Maquinas de cortar carne...\",\"publisher\":{\"@id\":\"https:\/\/www.distribucionarc.com\/de\/#organization\"},\"potentialAction\":[{\"@type\":\"SearchAction\",\"target\":{\"@type\":\"EntryPoint\",\"urlTemplate\":\"https:\/\/www.distribucionarc.com\/de\/?s={search_term_string}\"},\"query-input\":{\"@type\":\"PropertyValueSpecification\",\"valueRequired\":true,\"valueName\":\"search_term_string\"}}],\"inLanguage\":\"nb-NO\"},{\"@type\":\"Organization\",\"@id\":\"https:\/\/www.distribucionarc.com\/de\/#organization\",\"name\":\"Distribuci\u00f3n ARC\",\"url\":\"https:\/\/www.distribucionarc.com\/de\/\",\"logo\":{\"@type\":\"ImageObject\",\"inLanguage\":\"nb-NO\",\"@id\":\"https:\/\/www.distribucionarc.com\/de\/#\/schema\/logo\/image\/\",\"url\":\"https:\/\/distribucionarc.com\/wp-content\/uploads\/2024\/10\/distribucion-ARC-COLOR-SIN-FONDO-e1732295305345.png\",\"contentUrl\":\"https:\/\/distribucionarc.com\/wp-content\/uploads\/2024\/10\/distribucion-ARC-COLOR-SIN-FONDO-e1732295305345.png\",\"width\":1164,\"height\":558,\"caption\":\"Distribuci\u00f3n ARC\"},\"image\":{\"@id\":\"https:\/\/www.distribucionarc.com\/de\/#\/schema\/logo\/image\/\"},\"description\":\"Empresa especializada en la fabricaci\u00f3n y distribuci\u00f3n de maquinaria industrial para los sectores alimentario y farmac\u00e9utico. Nos especializamos en: M\u00e1quinas de cortar carne Fabricaci\u00f3n de comprimidos Sistemas de transporte industrial L\u00edneas de embotellado Dosificadores Y mucho m\u00e1s... Ofrecemos soluciones innovadoras y personalizadas para optimizar los procesos productivos de tu empresa.\",\"email\":\"Admistracion@distribucionarc.com\",\"telephone\":\"+34 643496664\",\"legalName\":\"ARC TECH SOLUTIONS\",\"foundingDate\":\"2024-04-09\",\"vatID\":\"B55480172\",\"numberOfEmployees\":{\"@type\":\"QuantitativeValue\",\"minValue\":\"1\",\"maxValue\":\"10\"}}]}<\/script>\n<!-- \/ Yoast SEO Premium plugin. -->","yoast_head_json":{"title":"Varm vitrine 8 brett - ARC distribusjon","robots":{"index":"index","follow":"follow","max-snippet":"max-snippet:-1","max-image-preview":"max-image-preview:large","max-video-preview":"max-video-preview:-1"},"canonical":"https:\/\/www.distribucionarc.com\/en\/producto\/vitrina-expositor-caliente-8-bandejas\/","og_locale":"nb_NO","og_type":"article","og_title":"Vitrina expositor caliente 8 bandejas","og_description":"Vitrina expositor caliente 8 bandejas Puede usar esta\u00a0vitrina expositor de\u00a0ARC\u00a0en una amplia variedad de ambientes gastron\u00f3micos, incluyendo\u00a0cines,\u00a0panader\u00edas,\u00a0cafeter\u00edas,\u00a0restaurantes de comida r\u00e1pida\u00a0y muchos otros establecimientos dedicados a la\u00a0hosteler\u00eda.  El\u00a0expositor caliente cuenta con 2 niveles de soporte en los que se reparten 8 bandejas de acero inoxidable, proporcionando m\u00e1s espacio para almacenar alimentos de diferentes tama\u00f1os. Las luces c\u00e1lidas decorativas permiten que los alimentos sean m\u00e1s atractivos y llamativos. El encendido\/apagado de\u00a0la vitrina caliente\u00a0de\u00a0ARC\u00a0es fiable y mejora el factor de seguridad as\u00ed la vida \u00fatil del calentador de contador; adem\u00e1s de favorecer un\u00a0consumo energ\u00e9tico eficiente. Cuenta con una bandeja en la parte inferior para la recolecci\u00f3n de aceite para facilitar su limpieza. Dispone de una temperatura termost\u00e1tica ajustable, la\u00a0ARCVEC8B le facilita ajustar la temperatura seg\u00fan los distintos tipos de alimentos. Garant\u00eda\u00a0ARC 2 A\u00d1OS Vitrina expositora caliente eficiente, bajo consumo 600w Soporte t\u00e9cnico incluido.","og_url":"https:\/\/www.distribucionarc.com\/en\/producto\/vitrina-expositor-caliente-8-bandejas\/","og_site_name":"distribuci\u00f3n ARC","article_modified_time":"2020-09-27T08:46:30+00:00","og_image":[{"width":1600,"height":1600,"url":"https:\/\/www.distribucionarc.com\/wp-content\/uploads\/2020\/07\/Vitrina-expositor-caliente-8-bandejas-0.jpg","type":"image\/jpeg"}],"twitter_card":"summary_large_image","twitter_misc":{"Ansl. lesetid":"2 minutter"},"schema":{"@context":"https:\/\/schema.org","@graph":[{"@type":"WebPage","@id":"https:\/\/www.distribucionarc.com\/en\/producto\/vitrina-expositor-caliente-8-bandejas\/","url":"https:\/\/www.distribucionarc.com\/en\/producto\/vitrina-expositor-caliente-8-bandejas\/","name":"Varm vitrine 8 brett - ARC distribusjon","isPartOf":{"@id":"https:\/\/www.distribucionarc.com\/de\/#website"},"primaryImageOfPage":{"@id":"https:\/\/www.distribucionarc.com\/en\/producto\/vitrina-expositor-caliente-8-bandejas\/#primaryimage"},"image":{"@id":"https:\/\/www.distribucionarc.com\/en\/producto\/vitrina-expositor-caliente-8-bandejas\/#primaryimage"},"thumbnailUrl":"https:\/\/distribucionarc.com\/wp-content\/uploads\/2020\/07\/Vitrina-expositor-caliente-8-bandejas-0.jpg","datePublished":"2020-07-16T10:45:36+00:00","dateModified":"2020-09-27T08:46:30+00:00","breadcrumb":{"@id":"https:\/\/www.distribucionarc.com\/en\/producto\/vitrina-expositor-caliente-8-bandejas\/#breadcrumb"},"inLanguage":"nb-NO","potentialAction":[{"@type":"ReadAction","target":["https:\/\/www.distribucionarc.com\/en\/producto\/vitrina-expositor-caliente-8-bandejas\/"]}]},{"@type":"ImageObject","inLanguage":"nb-NO","@id":"https:\/\/www.distribucionarc.com\/en\/producto\/vitrina-expositor-caliente-8-bandejas\/#primaryimage","url":"https:\/\/distribucionarc.com\/wp-content\/uploads\/2020\/07\/Vitrina-expositor-caliente-8-bandejas-0.jpg","contentUrl":"https:\/\/distribucionarc.com\/wp-content\/uploads\/2020\/07\/Vitrina-expositor-caliente-8-bandejas-0.jpg","width":1600,"height":1600,"caption":"Vitrina expositor caliente 8 bandejas"},{"@type":"BreadcrumbList","@id":"https:\/\/www.distribucionarc.com\/en\/producto\/vitrina-expositor-caliente-8-bandejas\/#breadcrumb","itemListElement":[{"@type":"ListItem","position":1,"name":"Portada","item":"https:\/\/www.distribucionarc.com\/en\/"},{"@type":"ListItem","position":2,"name":"Products","item":"https:\/\/www.distribucionarc.com\/en\/shop\/"},{"@type":"ListItem","position":3,"name":"Vitrina expositor caliente 8 bandejas"}]},{"@type":"WebSite","@id":"https:\/\/www.distribucionarc.com\/de\/#website","url":"https:\/\/www.distribucionarc.com\/de\/","name":"ARC distribusjon","description":"Selskapet har spesialisert seg p\u00e5 produksjon og distribusjon av industrimaskiner, hermetikkboksforseglingsmaskiner, tablettmaskiner, kj\u00f8ttskj\u00e6remaskiner og...","publisher":{"@id":"https:\/\/www.distribucionarc.com\/de\/#organization"},"potentialAction":[{"@type":"SearchAction","target":{"@type":"EntryPoint","urlTemplate":"https:\/\/www.distribucionarc.com\/de\/?s={search_term_string}"},"query-input":{"@type":"PropertyValueSpecification","valueRequired":true,"valueName":"search_term_string"}}],"inLanguage":"nb-NO"},{"@type":"Organization","@id":"https:\/\/www.distribucionarc.com\/de\/#organization","name":"ARC distribusjon","url":"https:\/\/www.distribucionarc.com\/de\/","logo":{"@type":"ImageObject","inLanguage":"nb-NO","@id":"https:\/\/www.distribucionarc.com\/de\/#\/schema\/logo\/image\/","url":"https:\/\/distribucionarc.com\/wp-content\/uploads\/2024\/10\/distribucion-ARC-COLOR-SIN-FONDO-e1732295305345.png","contentUrl":"https:\/\/distribucionarc.com\/wp-content\/uploads\/2024\/10\/distribucion-ARC-COLOR-SIN-FONDO-e1732295305345.png","width":1164,"height":558,"caption":"Distribuci\u00f3n ARC"},"image":{"@id":"https:\/\/www.distribucionarc.com\/de\/#\/schema\/logo\/image\/"},"description":"Selskap som har spesialisert seg p\u00e5 produksjon og distribusjon av industrimaskiner til n\u00e6ringsmiddel- og farmasisektoren. Vi er spesialister p\u00e5: Kj\u00f8ttskj\u00e6remaskiner Tablettilvirkning Industrielle transportsystemer Tappelinjer Dispensere Og mye mer... Vi tilbyr innovative og skreddersydde l\u00f8sninger for \u00e5 optimalisere bedriftens produksjonsprosesser.","email":"Admistracion@distribucionarc.com","telephone":"+34 643496664","legalName":"ARC TECH SOLUTIONS","foundingDate":"2024-04-09","vatID":"B55480172","numberOfEmployees":{"@type":"QuantitativeValue","minValue":"1","maxValue":"10"}}]}},"_links":{"self":[{"href":"https:\/\/distribucionarc.com\/nb\/wp-json\/wp\/v2\/product\/1072","targetHints":{"allow":["GET"]}}],"collection":[{"href":"https:\/\/distribucionarc.com\/nb\/wp-json\/wp\/v2\/product"}],"about":[{"href":"https:\/\/distribucionarc.com\/nb\/wp-json\/wp\/v2\/types\/product"}],"replies":[{"embeddable":true,"href":"https:\/\/distribucionarc.com\/nb\/wp-json\/wp\/v2\/comments?post=1072"}],"version-history":[{"count":0,"href":"https:\/\/distribucionarc.com\/nb\/wp-json\/wp\/v2\/product\/1072\/revisions"}],"wp:featuredmedia":[{"embeddable":true,"href":"https:\/\/distribucionarc.com\/nb\/wp-json\/wp\/v2\/media\/1076"}],"wp:attachment":[{"href":"https:\/\/distribucionarc.com\/nb\/wp-json\/wp\/v2\/media?parent=1072"}],"wp:term":[{"taxonomy":"product_brand","embeddable":true,"href":"https:\/\/distribucionarc.com\/nb\/wp-json\/wp\/v2\/product_brand?post=1072"},{"taxonomy":"product_cat","embeddable":true,"href":"https:\/\/distribucionarc.com\/nb\/wp-json\/wp\/v2\/product_cat?post=1072"},{"taxonomy":"product_tag","embeddable":true,"href":"https:\/\/distribucionarc.com\/nb\/wp-json\/wp\/v2\/product_tag?post=1072"}],"curies":[{"name":"wp","href":"https:\/\/api.w.org\/{rel}","templated":true}]}}