{"id":1115,"date":"2020-07-16T15:52:59","date_gmt":"2020-07-16T15:52:59","guid":{"rendered":"https:\/\/distribucionarc.com\/?post_type=product&#038;p=1115"},"modified":"2024-09-08T07:07:35","modified_gmt":"2024-09-08T07:07:35","slug":"polsespidd-vaffel","status":"publish","type":"product","link":"https:\/\/distribucionarc.com\/nb\/producto\/gofrera-de-brocheta-perrito-caliente\/","title":{"rendered":"P\u00f8lsespidd vaffelkoker"},"content":{"rendered":"<h3>P\u00f8lsespidd vaffelkoker<\/h3>\n<p><strong>Vaffelmaskinen <span style=\"color: #ff0000;\">TIL<\/span><span style=\"color: #0000ff;\">R<\/span>c <\/strong>Den er laget av rustfritt st\u00e5l, den er slitesterk, sterk og enkel \u00e5 rengj\u00f8re. Den har en varmeplate i st\u00f8pejern med teflonbelegg for \u00e5 forhindre <strong>Maishund<\/strong> holde seg til overflaten og er designet for langvarig bruk. Bakeformen den har er motstandsdyktig mot korrosjon og gir h\u00f8y varmeledningsevne. Det er veldig enkelt \u00e5 rengj\u00f8re. Brukere trenger bare \u00e5 bruke en t\u00f8rr eller fuktig klut for \u00e5 rengj\u00f8re overflaten, ingen grunn til \u00e5 vaske dem med vann.<\/p>\n<p>I\u00a0<strong><span style=\"color: #ff0000;\">TIL<\/span><span style=\"color: #0000ff;\">R<\/span>c<\/strong> Vi er interessert i komforten til v\u00e5re kunder, det er grunnen til at v\u00e5r kommersielle maskin har en temperaturkontrollknapp foran p\u00e5 maskinen. <strong>Vaffelkoker<\/strong>. Temperaturen kan justeres mellom 0 og 300 \u2103. Timerknappen p\u00e5 0-5 minutter lar deg jobbe mer fritt, uten \u00e5 m\u00e5tte bekymre deg for steketiden. <strong>Vaffelspydet <span style=\"color: #ff0000;\">TIL<\/span><span style=\"color: #0000ff;\">R<\/span>CGSP1<\/strong> Det lar deg lage partier med 6 vafler p\u00e5 2-4 minutter.<\/p>\n<p>Dette\u00a0<strong>mais hund vaffel maker<\/strong>\u00a0Den har en avfallsplate med h\u00e5ndtak som lar deg lagre avfall fra<strong> vafler<\/strong> for enkel rengj\u00f8ring. H\u00e5ndtaket i rustfritt st\u00e5l. De varmebestandige kokeplatene fra h\u00f8yre til venstre forhindrer at hendene dine brenner seg under matlaging. Videre <strong>vaffelmaskin<\/strong>\u00a0av\u00a0<strong><span style=\"color: #ff0000;\">TIL<\/span><span style=\"color: #0000ff;\">R<\/span>c<\/strong>\u00a0<span style=\"color: #008000;\"><strong>ikke bare<\/strong><\/span> <span style=\"color: #008000;\"><strong>stabiliserer temperaturen, men ogs\u00e5 forbruket n\u00e5r den n\u00e5r maksimal temperatur<\/strong><\/span><\/p>\n<p>Dens originale design er ideell for hjemme- eller kommersiell bruk. Den store mengden detaljer og den attraktive lukten vil tiltrekke seg mange kunder.<\/p>\n<h6><\/h6>\n<h6><strong>Garanti\u00a0<span style=\"color: #ff0000;\">TIL<\/span><span style=\"color: #0000ff;\">R<\/span>C 2 \u00c5R<\/strong><\/h6>\n<h6><span style=\"color: #008000;\"><strong>Effektiv vaffelspyd, lavt forbruk 1300w<\/strong><\/span><\/h6>\n<h6><strong>teknisk st\u00f8tte inkludert.<\/strong><\/h6>\n<p>&nbsp;<\/p>\n<p>&nbsp;<\/p>\n<table role=\"presentation\" width=\"100%\" cellspacing=\"0\" cellpadding=\"0\">\n<tbody>\n<tr>\n<td class=\"attrLabels\">Temperatur:<\/td>\n<td width=\"50.0%\">50-300\u00baC<\/td>\n<\/tr>\n<tr>\n<td class=\"attrLabels\">Distribusjonsland:<\/td>\n<td width=\"50.0%\">Spania, Tyskland, USA<\/td>\n<td class=\"attrLabels\">Vekt:<\/td>\n<td width=\"50.0%\">9 kg<\/td>\n<\/tr>\n<tr>\n<td class=\"attrLabels\">Merke:<\/td>\n<td width=\"50.0%\">BUE<\/td>\n<td class=\"attrLabels\">H\u00f8yde:<\/td>\n<td width=\"50.0%\">30 cm<\/td>\n<\/tr>\n<tr>\n<td class=\"attrLabels\">Farge:<\/td>\n<td width=\"50.0%\">S\u00f8lv<\/td>\n<td class=\"attrLabels\">Lang:<\/td>\n<td width=\"50.0%\">38 cm<\/td>\n<\/tr>\n<tr>\n<td class=\"attrLabels\">Produkttype:<\/td>\n<td width=\"50.0%\">Vaffelspyd<\/td>\n<td class=\"attrLabels\">Bred:<\/td>\n<td width=\"50.0%\">31 cm<\/td>\n<\/tr>\n<tr>\n<td class=\"attrLabels\">Produsentnummer:<\/td>\n<td width=\"50.0%\">ARCGSP1<\/td>\n<td class=\"attrLabels\">Makt:<\/td>\n<td width=\"50.0%\">1300W<\/td>\n<\/tr>\n<tr>\n<td class=\"attrLabels\">Materiale:<\/td>\n<td width=\"50.0%\">rustfritt st\u00e5l, teflonplate, temperaturkontroll<\/td>\n<td class=\"attrLabels\">inngangsspenning<\/td>\n<td width=\"50.0%\">220V \u2013 60Hz<\/td>\n<\/tr>\n<tr>\n<td class=\"attrLabels\">Spidd st\u00f8rrelse:<\/td>\n<td width=\"50.0%\">14 \u00d7 0,5 cm<\/td>\n<td class=\"attrLabels\">Tid per runde:<\/td>\n<td width=\"50.0%\">2-4 min<\/td>\n<\/tr>\n<tr>\n<td class=\"attrLabels\">Installasjonsverkt\u00f8y:<\/td>\n<td width=\"50.0%\">Ja<\/td>\n<td class=\"attrLabels\">Produksjon:<\/td>\n<td width=\"50.0%\">6 stk<\/td>\n<\/tr>\n<\/tbody>\n<\/table>","protected":false},"excerpt":{"rendered":"<h2>Profesjonell pinnevaffelmaskin<\/h2>\n<p>De <strong>profesjonell vaffelpinnemaskin<\/strong> lar deg tilby lange og deilige vafler, popul\u00e6rt kjent som <strong>yogier<\/strong> eller vafler p\u00e5 pinne. Inspirert av presentasjonen av disse morsomme dessertene lar denne maskinen deg lage mat <strong>6 vafler per batch p\u00e5 bare 2 til 4 minutter<\/strong>, som gir et raskt, attraktivt og enkelt \u00e5 betjene alternativ.<\/p>\n<p>Takket v\u00e6re sin effektive design og raske koketid er dette <strong>profesjonell vaffelmaskin<\/strong> Den er ideell for bedrifter med stor kundetilstr\u00f8mning. Vafler, som er p\u00e5 en pinne, er perfekte for \u00e5 spise p\u00e5 farten, noe som gj\u00f8r dem til et uimotst\u00e5elig alternativ for enhver bedrift.<\/p>\n<h3>Produkter du kan lage med dette <strong>vaffeljern p\u00e5 pinne<\/strong>:<\/h3>\n<ul>\n<li><strong>Sjokoladefylte yogier<\/strong>: Avlange vafler fylt med sjokolade, konditorkrem eller frukt.<\/li>\n<li><strong>Velsmakende vafler<\/strong>: Fylt med ost eller p\u00f8lser for et innovativt alternativ.<\/li>\n<li><strong>Havregryn og fruktvafler<\/strong>: Sunt og deilig for treningsmenyalternativer.<\/li>\n<li><strong>Mini vaffelpizzaer<\/strong>: Et kreativt alternativ for velsmakende menyer.<\/li>\n<li><strong>Vafler med p\u00e5legg<\/strong>: Personliggjort med sjokolade, karamell eller frisk frukt.<\/li>\n<li><strong>Dulce de leche vafler<\/strong>: Et annet s\u00f8tt alternativ som tiltrekker elskere av tradisjonelle smaker.<\/li>\n<li><strong>Nutella vafler<\/strong>: For sjokoladefans.<\/li>\n<\/ul>\n<h3>Sektorer hvor du kan implementere dette <strong>profesjonell vaffelmaskin<\/strong>:<\/h3>\n<ul>\n<li><strong>Messer og arrangementer<\/strong>: Den <strong>vafler p\u00e5 pinne<\/strong> De er ideelle for \u00e5 nytes mens du er p\u00e5 farten, noe som gj\u00f8r denne maskinen til det perfekte verkt\u00f8yet for stands p\u00e5 messer og markeder.<\/li>\n<li><strong>matbiler<\/strong>: Den tilbyr et raskt og attraktivt alternativ som tilpasser seg perfekt til street food-konseptet.<\/li>\n<li><strong>Kafeer og konditorier<\/strong>: Den <strong>vafler p\u00e5 pinne<\/strong> De kan v\u00e6re det perfekte supplement til frokoster eller snacks, og tiltrekker b\u00e5de voksne og barn.<\/li>\n<li><strong>Kiosker i kj\u00f8pesentre<\/strong>: Disse vaflene er uimotst\u00e5elige og enkle \u00e5 b\u00e6re, ideelle for en rask matbit mens du er ute og reiser.<\/li>\n<li><strong>Kino og teatre<\/strong>: Et annerledes og praktisk alternativ for de som leter etter en s\u00f8t matbit under forestillingen.<\/li>\n<li><strong>forn\u00f8yelsesparker<\/strong>: Perfekt for salg i kiosker og tiltrekke et publikum i alle aldre.<\/li>\n<li><strong>Arrangementer og catering<\/strong>: Ideell for fester, bryllup eller temabegivenheter, der vafler p\u00e5 pinne skiller seg ut for sin unike presentasjon.<\/li>\n<\/ul>\n<p>Med dette <strong>profesjonell yogimaskin<\/strong>, vil du ikke bare tilby en deilig og visuelt attraktiv dessert, men ogs\u00e5 et alternativ som er raskt og enkelt \u00e5 konsumere. Inspirert av vaffelpinnene som er vellykkede p\u00e5 markeder og messer, vil denne maskinen tillate deg \u00e5 differensiere menyen din med innovative og tilpassbare produkter.<\/p>","protected":false},"featured_media":1120,"comment_status":"open","ping_status":"closed","template":"","meta":{"wds_primary_product_brand":0,"wds_primary_product_cat":0},"product_brand":[],"product_cat":[51],"product_tag":[],"class_list":{"0":"post-1115","1":"product","2":"type-product","3":"status-publish","4":"has-post-thumbnail","6":"product_cat-gofreras-profesionales","7":"product_shipping_class-hosteleria","9":"first","10":"instock","11":"taxable","12":"shipping-taxable","13":"purchasable","14":"product-type-simple"},"yoast_head":"<!-- This site is optimized with the Yoast SEO Premium plugin v24.9 (Yoast SEO v26.1) - https:\/\/yoast.com\/wordpress\/plugins\/seo\/ -->\n<title>Gofrera de brocheta perrito caliente - distribuci\u00f3n ARC<\/title>\n<meta name=\"robots\" content=\"index, follow, max-snippet:-1, max-image-preview:large, max-video-preview:-1\" \/>\n<link rel=\"canonical\" href=\"https:\/\/www.distribucionarc.com\/nb\/producto\/gofrera-de-brocheta-perrito-caliente\/\" \/>\n<meta property=\"og:locale\" content=\"nb_NO\" \/>\n<meta property=\"og:type\" content=\"article\" \/>\n<meta property=\"og:title\" content=\"Gofrera de brocheta perrito caliente\" \/>\n<meta property=\"og:description\" content=\"M\u00e1quina Profesional de Gofres Pinchados en Palo La m\u00e1quina profesional para hacer gofres en palo te permite ofrecer gofres alargados y deliciosos, conocidos popularmente como yoguis o gofres en palo. Inspirada en la presentaci\u00f3n de estos divertidos postres, esta m\u00e1quina te permite cocinar 6 gofres por tanda en tan solo 2 a 4 minutos, brindando una opci\u00f3n r\u00e1pida, atractiva y f\u00e1cil de servir.  Gracias a su dise\u00f1o eficiente y al r\u00e1pido tiempo de cocci\u00f3n, esta gofrera en palo profesional es ideal para negocios con gran afluencia de clientes. Los gofres, al estar en un palo, son perfectos para comer en movimiento, lo que los convierte en una opci\u00f3n irresistible para cualquier establecimiento. Productos que puedes crear con esta m\u00e1quina de gofres en palo:   Yoguis rellenos de chocolate: Gofres alargados rellenos de chocolate, crema pastelera o frutas.  Gofres salados: Rellenos de queso o embutidos para una opci\u00f3n innovadora.  Gofres de avena y frutas: Saludables y deliciosos para opciones de men\u00fa fitness.  Mini pizzas de gofre: Una opci\u00f3n creativa para men\u00fas salados.  Gofres con coberturas: Personalizados con chocolate, caramelo o fruta fresca.  Gofres de dulce de leche: Otra opci\u00f3n dulce que atrae a los amantes de los sabores tradicionales.  Gofres de Nutella: Para los fan\u00e1ticos del chocolate.  Sectores donde puedes implementar esta gofrera en palo profesional:   Ferias y eventos: Los gofres en palo son ideales para ser disfrutados en movimiento, haciendo de esta m\u00e1quina la herramienta perfecta para puestos en ferias y mercados.  Food trucks: Ofrece una opci\u00f3n r\u00e1pida y llamativa que se adapta perfectamente al concepto de comida callejera.  Cafeter\u00edas y pasteler\u00edas: Los gofres en palo pueden ser el complemento perfecto para desayunos o meriendas, atrayendo tanto a adultos como a ni\u00f1os.  Kioskos en centros comerciales: Estos gofres son irresistibles y f\u00e1ciles de llevar, ideales para un snack r\u00e1pido mientras se pasea.  Cines y teatros: Una opci\u00f3n diferente y pr\u00e1ctica para quienes buscan un snack dulce durante la funci\u00f3n.  Parques de atracciones: Perfectos para vender en quioscos y atraer a un p\u00fablico de todas las edades.  Eventos y catering: Ideales para fiestas, bodas o eventos tem\u00e1ticos, donde los gofres en palo destacan por su presentaci\u00f3n \u00fanica.  Con esta m\u00e1quina profesional para hacer yoguis, no solo estar\u00e1s ofreciendo un postre delicioso y visualmente atractivo, sino tambi\u00e9n una opci\u00f3n r\u00e1pida y f\u00e1cil de consumir. Inspirada en los gofres en palo que triunfan en mercados y ferias, esta m\u00e1quina te permitir\u00e1 diferenciar tu men\u00fa con productos innovadores y personalizables.\" \/>\n<meta property=\"og:url\" content=\"https:\/\/www.distribucionarc.com\/nb\/producto\/gofrera-de-brocheta-perrito-caliente\/\" \/>\n<meta property=\"og:site_name\" content=\"distribuci\u00f3n ARC\" \/>\n<meta property=\"article:modified_time\" content=\"2024-09-08T07:07:35+00:00\" \/>\n<meta property=\"og:image\" content=\"https:\/\/www.distribucionarc.com\/wp-content\/uploads\/2020\/07\/Gofrera-brocheta-perrito-caliente-0.jpg\" \/>\n\t<meta property=\"og:image:width\" content=\"1600\" \/>\n\t<meta property=\"og:image:height\" content=\"1600\" \/>\n\t<meta property=\"og:image:type\" content=\"image\/jpeg\" \/>\n<meta name=\"twitter:card\" content=\"summary_large_image\" \/>\n<meta name=\"twitter:label1\" content=\"Ansl. lesetid\" \/>\n\t<meta name=\"twitter:data1\" content=\"2 minutter\" \/>\n<script type=\"application\/ld+json\" class=\"yoast-schema-graph\">{\"@context\":\"https:\/\/schema.org\",\"@graph\":[{\"@type\":\"WebPage\",\"@id\":\"https:\/\/www.distribucionarc.com\/nb\/producto\/gofrera-de-brocheta-perrito-caliente\/\",\"url\":\"https:\/\/www.distribucionarc.com\/nb\/producto\/gofrera-de-brocheta-perrito-caliente\/\",\"name\":\"Gofrera de brocheta perrito caliente - distribuci\u00f3n ARC\",\"isPartOf\":{\"@id\":\"https:\/\/www.distribucionarc.com\/sl\/#website\"},\"primaryImageOfPage\":{\"@id\":\"https:\/\/www.distribucionarc.com\/nb\/producto\/gofrera-de-brocheta-perrito-caliente\/#primaryimage\"},\"image\":{\"@id\":\"https:\/\/www.distribucionarc.com\/nb\/producto\/gofrera-de-brocheta-perrito-caliente\/#primaryimage\"},\"thumbnailUrl\":\"https:\/\/distribucionarc.com\/wp-content\/uploads\/2020\/07\/Gofrera-brocheta-perrito-caliente-0.jpg\",\"datePublished\":\"2020-07-16T15:52:59+00:00\",\"dateModified\":\"2024-09-08T07:07:35+00:00\",\"breadcrumb\":{\"@id\":\"https:\/\/www.distribucionarc.com\/nb\/producto\/gofrera-de-brocheta-perrito-caliente\/#breadcrumb\"},\"inLanguage\":\"nb-NO\",\"potentialAction\":[{\"@type\":\"ReadAction\",\"target\":[\"https:\/\/www.distribucionarc.com\/nb\/producto\/gofrera-de-brocheta-perrito-caliente\/\"]}]},{\"@type\":\"ImageObject\",\"inLanguage\":\"nb-NO\",\"@id\":\"https:\/\/www.distribucionarc.com\/nb\/producto\/gofrera-de-brocheta-perrito-caliente\/#primaryimage\",\"url\":\"https:\/\/distribucionarc.com\/wp-content\/uploads\/2020\/07\/Gofrera-brocheta-perrito-caliente-0.jpg\",\"contentUrl\":\"https:\/\/distribucionarc.com\/wp-content\/uploads\/2020\/07\/Gofrera-brocheta-perrito-caliente-0.jpg\",\"width\":1600,\"height\":1600,\"caption\":\"Gofrera brocheta perrito caliente\"},{\"@type\":\"BreadcrumbList\",\"@id\":\"https:\/\/www.distribucionarc.com\/nb\/producto\/gofrera-de-brocheta-perrito-caliente\/#breadcrumb\",\"itemListElement\":[{\"@type\":\"ListItem\",\"position\":1,\"name\":\"Portada\",\"item\":\"https:\/\/www.distribucionarc.com\/\"},{\"@type\":\"ListItem\",\"position\":2,\"name\":\"\u00dcr\u00fcnler\",\"item\":\"https:\/\/www.distribucionarc.com\/tr\/magaza\/\"},{\"@type\":\"ListItem\",\"position\":3,\"name\":\"Gofrera de brocheta perrito caliente\"}]},{\"@type\":\"WebSite\",\"@id\":\"https:\/\/www.distribucionarc.com\/sl\/#website\",\"url\":\"https:\/\/www.distribucionarc.com\/sl\/\",\"name\":\"distribuci\u00f3n ARC\",\"description\":\"Empresa especializada en la fabricaci\u00f3n y distribuci\u00f3n de maquinaria industrial, selladoras de latas, Maquinas de hacer pastillas, Maquinas de cortar carne...\",\"publisher\":{\"@id\":\"https:\/\/www.distribucionarc.com\/sl\/#organization\"},\"potentialAction\":[{\"@type\":\"SearchAction\",\"target\":{\"@type\":\"EntryPoint\",\"urlTemplate\":\"https:\/\/www.distribucionarc.com\/sl\/?s={search_term_string}\"},\"query-input\":{\"@type\":\"PropertyValueSpecification\",\"valueRequired\":true,\"valueName\":\"search_term_string\"}}],\"inLanguage\":\"nb-NO\"},{\"@type\":\"Organization\",\"@id\":\"https:\/\/www.distribucionarc.com\/sl\/#organization\",\"name\":\"Distribuci\u00f3n ARC\",\"url\":\"https:\/\/www.distribucionarc.com\/sl\/\",\"logo\":{\"@type\":\"ImageObject\",\"inLanguage\":\"nb-NO\",\"@id\":\"https:\/\/www.distribucionarc.com\/sl\/#\/schema\/logo\/image\/\",\"url\":\"https:\/\/distribucionarc.com\/wp-content\/uploads\/2024\/10\/distribucion-ARC-COLOR-SIN-FONDO-e1732295305345.png\",\"contentUrl\":\"https:\/\/distribucionarc.com\/wp-content\/uploads\/2024\/10\/distribucion-ARC-COLOR-SIN-FONDO-e1732295305345.png\",\"width\":1164,\"height\":558,\"caption\":\"Distribuci\u00f3n ARC\"},\"image\":{\"@id\":\"https:\/\/www.distribucionarc.com\/sl\/#\/schema\/logo\/image\/\"},\"description\":\"Empresa especializada en la fabricaci\u00f3n y distribuci\u00f3n de maquinaria industrial para los sectores alimentario y farmac\u00e9utico. Nos especializamos en: M\u00e1quinas de cortar carne Fabricaci\u00f3n de comprimidos Sistemas de transporte industrial L\u00edneas de embotellado Dosificadores Y mucho m\u00e1s... Ofrecemos soluciones innovadoras y personalizadas para optimizar los procesos productivos de tu empresa.\",\"email\":\"Admistracion@distribucionarc.com\",\"telephone\":\"+34 643496664\",\"legalName\":\"ARC TECH SOLUTIONS\",\"foundingDate\":\"2024-04-09\",\"vatID\":\"B55480172\",\"numberOfEmployees\":{\"@type\":\"QuantitativeValue\",\"minValue\":\"1\",\"maxValue\":\"10\"}}]}<\/script>\n<!-- \/ Yoast SEO Premium plugin. -->","yoast_head_json":{"title":"P\u00f8lsespidd vaffeljern - ARC distribusjon","robots":{"index":"index","follow":"follow","max-snippet":"max-snippet:-1","max-image-preview":"max-image-preview:large","max-video-preview":"max-video-preview:-1"},"canonical":"https:\/\/www.distribucionarc.com\/nb\/producto\/gofrera-de-brocheta-perrito-caliente\/","og_locale":"nb_NO","og_type":"article","og_title":"Gofrera de brocheta perrito caliente","og_description":"M\u00e1quina Profesional de Gofres Pinchados en Palo La m\u00e1quina profesional para hacer gofres en palo te permite ofrecer gofres alargados y deliciosos, conocidos popularmente como yoguis o gofres en palo. Inspirada en la presentaci\u00f3n de estos divertidos postres, esta m\u00e1quina te permite cocinar 6 gofres por tanda en tan solo 2 a 4 minutos, brindando una opci\u00f3n r\u00e1pida, atractiva y f\u00e1cil de servir.  Gracias a su dise\u00f1o eficiente y al r\u00e1pido tiempo de cocci\u00f3n, esta gofrera en palo profesional es ideal para negocios con gran afluencia de clientes. Los gofres, al estar en un palo, son perfectos para comer en movimiento, lo que los convierte en una opci\u00f3n irresistible para cualquier establecimiento. Productos que puedes crear con esta m\u00e1quina de gofres en palo:   Yoguis rellenos de chocolate: Gofres alargados rellenos de chocolate, crema pastelera o frutas.  Gofres salados: Rellenos de queso o embutidos para una opci\u00f3n innovadora.  Gofres de avena y frutas: Saludables y deliciosos para opciones de men\u00fa fitness.  Mini pizzas de gofre: Una opci\u00f3n creativa para men\u00fas salados.  Gofres con coberturas: Personalizados con chocolate, caramelo o fruta fresca.  Gofres de dulce de leche: Otra opci\u00f3n dulce que atrae a los amantes de los sabores tradicionales.  Gofres de Nutella: Para los fan\u00e1ticos del chocolate.  Sectores donde puedes implementar esta gofrera en palo profesional:   Ferias y eventos: Los gofres en palo son ideales para ser disfrutados en movimiento, haciendo de esta m\u00e1quina la herramienta perfecta para puestos en ferias y mercados.  Food trucks: Ofrece una opci\u00f3n r\u00e1pida y llamativa que se adapta perfectamente al concepto de comida callejera.  Cafeter\u00edas y pasteler\u00edas: Los gofres en palo pueden ser el complemento perfecto para desayunos o meriendas, atrayendo tanto a adultos como a ni\u00f1os.  Kioskos en centros comerciales: Estos gofres son irresistibles y f\u00e1ciles de llevar, ideales para un snack r\u00e1pido mientras se pasea.  Cines y teatros: Una opci\u00f3n diferente y pr\u00e1ctica para quienes buscan un snack dulce durante la funci\u00f3n.  Parques de atracciones: Perfectos para vender en quioscos y atraer a un p\u00fablico de todas las edades.  Eventos y catering: Ideales para fiestas, bodas o eventos tem\u00e1ticos, donde los gofres en palo destacan por su presentaci\u00f3n \u00fanica.  Con esta m\u00e1quina profesional para hacer yoguis, no solo estar\u00e1s ofreciendo un postre delicioso y visualmente atractivo, sino tambi\u00e9n una opci\u00f3n r\u00e1pida y f\u00e1cil de consumir. Inspirada en los gofres en palo que triunfan en mercados y ferias, esta m\u00e1quina te permitir\u00e1 diferenciar tu men\u00fa con productos innovadores y personalizables.","og_url":"https:\/\/www.distribucionarc.com\/nb\/producto\/gofrera-de-brocheta-perrito-caliente\/","og_site_name":"distribuci\u00f3n ARC","article_modified_time":"2024-09-08T07:07:35+00:00","og_image":[{"width":1600,"height":1600,"url":"https:\/\/www.distribucionarc.com\/wp-content\/uploads\/2020\/07\/Gofrera-brocheta-perrito-caliente-0.jpg","type":"image\/jpeg"}],"twitter_card":"summary_large_image","twitter_misc":{"Ansl. lesetid":"2 minutter"},"schema":{"@context":"https:\/\/schema.org","@graph":[{"@type":"WebPage","@id":"https:\/\/www.distribucionarc.com\/nb\/producto\/gofrera-de-brocheta-perrito-caliente\/","url":"https:\/\/www.distribucionarc.com\/nb\/producto\/gofrera-de-brocheta-perrito-caliente\/","name":"P\u00f8lsespidd vaffeljern - ARC distribusjon","isPartOf":{"@id":"https:\/\/www.distribucionarc.com\/sl\/#website"},"primaryImageOfPage":{"@id":"https:\/\/www.distribucionarc.com\/nb\/producto\/gofrera-de-brocheta-perrito-caliente\/#primaryimage"},"image":{"@id":"https:\/\/www.distribucionarc.com\/nb\/producto\/gofrera-de-brocheta-perrito-caliente\/#primaryimage"},"thumbnailUrl":"https:\/\/distribucionarc.com\/wp-content\/uploads\/2020\/07\/Gofrera-brocheta-perrito-caliente-0.jpg","datePublished":"2020-07-16T15:52:59+00:00","dateModified":"2024-09-08T07:07:35+00:00","breadcrumb":{"@id":"https:\/\/www.distribucionarc.com\/nb\/producto\/gofrera-de-brocheta-perrito-caliente\/#breadcrumb"},"inLanguage":"nb-NO","potentialAction":[{"@type":"ReadAction","target":["https:\/\/www.distribucionarc.com\/nb\/producto\/gofrera-de-brocheta-perrito-caliente\/"]}]},{"@type":"ImageObject","inLanguage":"nb-NO","@id":"https:\/\/www.distribucionarc.com\/nb\/producto\/gofrera-de-brocheta-perrito-caliente\/#primaryimage","url":"https:\/\/distribucionarc.com\/wp-content\/uploads\/2020\/07\/Gofrera-brocheta-perrito-caliente-0.jpg","contentUrl":"https:\/\/distribucionarc.com\/wp-content\/uploads\/2020\/07\/Gofrera-brocheta-perrito-caliente-0.jpg","width":1600,"height":1600,"caption":"Gofrera brocheta perrito caliente"},{"@type":"BreadcrumbList","@id":"https:\/\/www.distribucionarc.com\/nb\/producto\/gofrera-de-brocheta-perrito-caliente\/#breadcrumb","itemListElement":[{"@type":"ListItem","position":1,"name":"Portada","item":"https:\/\/www.distribucionarc.com\/"},{"@type":"ListItem","position":2,"name":"\u00dcr\u00fcnler","item":"https:\/\/www.distribucionarc.com\/tr\/magaza\/"},{"@type":"ListItem","position":3,"name":"Gofrera de brocheta perrito caliente"}]},{"@type":"WebSite","@id":"https:\/\/www.distribucionarc.com\/sl\/#website","url":"https:\/\/www.distribucionarc.com\/sl\/","name":"ARC distribusjon","description":"Selskapet har spesialisert seg p\u00e5 produksjon og distribusjon av industrimaskiner, hermetikkboksforseglingsmaskiner, tablettmaskiner, kj\u00f8ttskj\u00e6remaskiner og...","publisher":{"@id":"https:\/\/www.distribucionarc.com\/sl\/#organization"},"potentialAction":[{"@type":"SearchAction","target":{"@type":"EntryPoint","urlTemplate":"https:\/\/www.distribucionarc.com\/sl\/?s={search_term_string}"},"query-input":{"@type":"PropertyValueSpecification","valueRequired":true,"valueName":"search_term_string"}}],"inLanguage":"nb-NO"},{"@type":"Organization","@id":"https:\/\/www.distribucionarc.com\/sl\/#organization","name":"ARC distribusjon","url":"https:\/\/www.distribucionarc.com\/sl\/","logo":{"@type":"ImageObject","inLanguage":"nb-NO","@id":"https:\/\/www.distribucionarc.com\/sl\/#\/schema\/logo\/image\/","url":"https:\/\/distribucionarc.com\/wp-content\/uploads\/2024\/10\/distribucion-ARC-COLOR-SIN-FONDO-e1732295305345.png","contentUrl":"https:\/\/distribucionarc.com\/wp-content\/uploads\/2024\/10\/distribucion-ARC-COLOR-SIN-FONDO-e1732295305345.png","width":1164,"height":558,"caption":"Distribuci\u00f3n ARC"},"image":{"@id":"https:\/\/www.distribucionarc.com\/sl\/#\/schema\/logo\/image\/"},"description":"Selskap som har spesialisert seg p\u00e5 produksjon og distribusjon av industrimaskiner til n\u00e6ringsmiddel- og farmasisektoren. Vi er spesialister p\u00e5: Kj\u00f8ttskj\u00e6remaskiner Tablettilvirkning Industrielle transportsystemer Tappelinjer Dispensere Og mye mer... Vi tilbyr innovative og skreddersydde l\u00f8sninger for \u00e5 optimalisere bedriftens produksjonsprosesser.","email":"Admistracion@distribucionarc.com","telephone":"+34 643496664","legalName":"ARC TECH SOLUTIONS","foundingDate":"2024-04-09","vatID":"B55480172","numberOfEmployees":{"@type":"QuantitativeValue","minValue":"1","maxValue":"10"}}]}},"_links":{"self":[{"href":"https:\/\/distribucionarc.com\/nb\/wp-json\/wp\/v2\/product\/1115","targetHints":{"allow":["GET"]}}],"collection":[{"href":"https:\/\/distribucionarc.com\/nb\/wp-json\/wp\/v2\/product"}],"about":[{"href":"https:\/\/distribucionarc.com\/nb\/wp-json\/wp\/v2\/types\/product"}],"replies":[{"embeddable":true,"href":"https:\/\/distribucionarc.com\/nb\/wp-json\/wp\/v2\/comments?post=1115"}],"version-history":[{"count":0,"href":"https:\/\/distribucionarc.com\/nb\/wp-json\/wp\/v2\/product\/1115\/revisions"}],"wp:featuredmedia":[{"embeddable":true,"href":"https:\/\/distribucionarc.com\/nb\/wp-json\/wp\/v2\/media\/1120"}],"wp:attachment":[{"href":"https:\/\/distribucionarc.com\/nb\/wp-json\/wp\/v2\/media?parent=1115"}],"wp:term":[{"taxonomy":"product_brand","embeddable":true,"href":"https:\/\/distribucionarc.com\/nb\/wp-json\/wp\/v2\/product_brand?post=1115"},{"taxonomy":"product_cat","embeddable":true,"href":"https:\/\/distribucionarc.com\/nb\/wp-json\/wp\/v2\/product_cat?post=1115"},{"taxonomy":"product_tag","embeddable":true,"href":"https:\/\/distribucionarc.com\/nb\/wp-json\/wp\/v2\/product_tag?post=1115"}],"curies":[{"name":"wp","href":"https:\/\/api.w.org\/{rel}","templated":true}]}}