{"id":1210,"date":"2020-07-17T16:01:37","date_gmt":"2020-07-17T16:01:37","guid":{"rendered":"https:\/\/distribucionarc.com\/?post_type=product&#038;p=1210"},"modified":"2024-09-08T17:51:46","modified_gmt":"2024-09-08T17:51:46","slug":"automatisk-maskin-for-profesjonelle-smultringer-eller-smultringer","status":"publish","type":"product","link":"https:\/\/distribucionarc.com\/nb\/producto\/maquina-automatica-para-donuts-o-rosquillas-profesional\/","title":{"rendered":"Profesjonell automatisk smultring eller smultringmaskin"},"content":{"rendered":"<h3>Profesjonell automatisk smultring eller smultringmaskin<\/h3>\n<p>\u00d8k produksjonen din uten \u00e5 miste smaken av produktet ditt med<strong> automatisk smultringmaskin<\/strong> av <strong><span style=\"color: #ff0000;\">TIL<\/span><span style=\"color: #0000ff;\">R<\/span>c<\/strong>. Den har de n\u00f8dvendige funksjonene for \u00e5 fremheve din a<strong>h\u00f8y ytelse<\/strong>, h\u00e5ndterbarhet og <span style=\"color: #008000;\"><strong>lavt energiforbruk<\/strong><\/span>.<\/p>\n<p>Dette <strong>kommersiell smultringmaskin<\/strong> av <strong><span style=\"color: #ff0000;\">TIL<\/span><span style=\"color: #0000ff;\">R<\/span>c<\/strong> Den er laget av matkvalitet 304 rustfritt st\u00e5l, solid og slitesterk. Korrosjonsbestandig, rustbestandig og lett \u00e5 rengj\u00f8re.<\/p>\n<p>De <strong>automatisk smultringmaskin<\/strong> <strong><span style=\"color: #ff0000;\">TIL<\/span><span style=\"color: #0000ff;\">R<\/span>CMAD10<\/strong> Den er utstyrt med et intelligent kontrollpanel for praktisk og presis kontroll av oljetemperatur og steketid. Med indikatorer for \u00e5 vise tilberedningsstatus til enhver tid. Dette <strong>smultring maskin<\/strong>\u00a0av <strong><span style=\"color: #ff0000;\">TIL<\/span><span style=\"color: #0000ff;\">R<\/span>c<\/strong> Den er helautomatisk, med automatisk forming, automatisk temperaturkontroll, automatisk steking, automatisk vending og utmating, som <span style=\"color: #008000;\"><strong>sparer mye energi<\/strong> <\/span>og hans tid.<\/p>\n<p>De <strong>mini automatisk smultringmaskin<\/strong> Den leveres med en beholder med stor kapasitet for 7 liter deig. Du kan lage flere smultringer samtidig, uten \u00e5 m\u00e5tte fylle p\u00e5 beholderen flere ganger.<\/p>\n<p>Tre st\u00f8rrelser smultringformer (2,5 cm\/3,5 cm\/4,5 cm) er tilgjengelige, som produserer mini-smultringer, mellomstore smultringer og store smultringer, for \u00e5 m\u00f8te dine forskjellige krav. Kan produsere 1100 3-5 cm smultringer per time, 950 5-9 cm smultringer per time eller 850 stykker 7-12 cm smultringer per time<\/p>\n<p>Ulike tilbeh\u00f8r f\u00f8lger med, inkludert to mattang, to 20L m\u00e5lesylindere <span style=\"font-size: 16px; font-style: normal; font-weight: 400;\">\u00a0og to brett for \u00e5 lagre stekte smultringer.<\/span><\/p>\n<p>&nbsp;<\/p>\n<h6><strong>Garanti\u00a0<span style=\"color: #ff0000;\">TIL<\/span><span style=\"color: #0000ff;\">R<\/span>c<\/strong><strong>\u00a02 \u00c5R<\/strong><\/h6>\n<h6><span style=\"color: #008000;\">Automatisk maskin for smultringer og smultringer effektiv, lavt forbruk 5800w<\/span><\/h6>\n<h6><strong>teknisk st\u00f8tte inkludert<\/strong><\/h6>\n<p>&nbsp;<\/p>\n<table>\n<thead>\n<tr>\n<th><strong>Kjennetegn<\/strong><\/th>\n<th><strong>Beskrivelse<\/strong><\/th>\n<\/tr>\n<\/thead>\n<tbody>\n<tr>\n<td><strong>Produsentnummer<\/strong><\/td>\n<td>ARCMAD11<\/td>\n<\/tr>\n<tr>\n<td><strong>Land med teknisk st\u00f8tte<\/strong><\/td>\n<td><a href=\"https:\/\/distribucionarc.com\/nb\/teknisk-service\/\">R\u00e5df\u00f8r deg med teknisk st\u00f8tte her<\/a><\/td>\n<\/tr>\n<tr>\n<td><strong>Vekt<\/strong><\/td>\n<td>48 kilo (kg)<\/td>\n<\/tr>\n<tr>\n<td><strong>Maskindimensjoner<\/strong><\/td>\n<td><strong>H\u00f8y<\/strong>: 65 cm, <strong>Lang<\/strong>: 110 cm, <strong>Bred<\/strong>: 55 cm<\/td>\n<\/tr>\n<tr>\n<td><strong>Farge<\/strong><\/td>\n<td>S\u00f8lv<\/td>\n<\/tr>\n<tr>\n<td><strong>Makt<\/strong><\/td>\n<td>2800 watt (W)<\/td>\n<\/tr>\n<tr>\n<td><strong>inngangsspenning<\/strong><\/td>\n<td>220V \u2013 60Hz<\/td>\n<\/tr>\n<tr>\n<td><strong>Temperaturomr\u00e5de<\/strong><\/td>\n<td>0-300\u00baC<\/td>\n<\/tr>\n<tr>\n<td><strong>Smultring st\u00f8rrelse<\/strong><\/td>\n<td>2,5 cm\/3,5 cm\/4,5 cm<\/td>\n<\/tr>\n<tr>\n<td><strong>Produksjon<\/strong><\/td>\n<td>850 \u2013 1100 smultringer per time (avhengig av st\u00f8rrelse)<\/td>\n<\/tr>\n<tr>\n<td><strong>Materiale<\/strong><\/td>\n<td>Rustfritt st\u00e5l med temperaturkontroll, helautomatisk system<\/td>\n<\/tr>\n<tr>\n<td><strong>Installasjonsverkt\u00f8y<\/strong><\/td>\n<td>Inkludert<\/td>\n<\/tr>\n<tr>\n<td><strong>Merke<\/strong><\/td>\n<td>BUE<\/td>\n<\/tr>\n<tr>\n<td><strong>Garanti<\/strong><\/td>\n<td>2 \u00e5r<\/td>\n<\/tr>\n<\/tbody>\n<\/table>\n<p>&nbsp;<\/p>\n<p>&nbsp;<\/p>","protected":false},"excerpt":{"rendered":"<p><strong>Profesjonell automatisk smultringmaskin \u2013 Industriell bruk<\/strong><\/p>\n<p>Dette <strong>profesjonell smultringmaskin<\/strong> Den er designet for masseproduksjon, ideell for fabrikker, bakerier eller store arrangementer. Med kapasitet til \u00e5 produsere opp til <strong>1100 smultringer i timen<\/strong>, denne maskinen er effektiv og allsidig, slik at du kan lage smultringer <strong>tre forskjellige st\u00f8rrelser<\/strong>. Utskiftbare former tilbyr alternativer for <strong>mini donuts<\/strong>, <strong>middels smultringer<\/strong> og <strong>store smultringer<\/strong>, som oppfyller ulike produksjonskrav.<\/p>\n<h3>Hovedtrekk:<\/h3>\n<ul>\n<li><strong>Tre formst\u00f8rrelser<\/strong>:\n<ul>\n<li><strong>mini smultringer<\/strong> 2,5 centimeter (cm)<\/li>\n<li><strong>Middels smultringer<\/strong> 3,5 cm<\/li>\n<li><strong>store smultringer<\/strong> 4,5 cm<\/li>\n<\/ul>\n<p>Maskinen produserer:<\/p>\n<ul>\n<li><strong>1100 mini smultringer i timen<\/strong> (3 til 5 cm i diameter)<\/li>\n<li><strong>950 mellomstore smultringer i timen<\/strong> (5 til 9 cm i diameter)<\/li>\n<li><strong>850 store smultringer i timen<\/strong> (7 til 12 cm i diameter)<\/li>\n<\/ul>\n<\/li>\n<li><strong>Transportb\u00e5nd<\/strong>: Inkluderer et automatisk transportb\u00e5nd som lar oljen renne fra smultringene, noe som sikrer en perfekt finish og reduserer mengden olje i sluttproduktet.<\/li>\n<li><strong>Materiale av h\u00f8y kvalitet<\/strong>: Laget av rustfritt st\u00e5l, garanterer holdbarhet og enkelt vedlikehold, i tillegg til \u00e5 v\u00e6re trygt for kontakt med mat.<\/li>\n<li><strong>Intuitivt kontrollpanel<\/strong>: Gj\u00f8r det enkelt \u00e5 justere innstillinger for \u00e5 passe ulike oppskrifter og produksjonskrav.<\/li>\n<\/ul>\n<h3>Eksempler p\u00e5 bruk:<\/h3>\n<ul>\n<li><strong>Industrielle bakerier<\/strong>: Perfekt for \u00e5 produsere store mengder smultringer raskt og effektivt.<\/li>\n<li><strong>Matfabrikker<\/strong>: Ideell for bedrifter som trenger en maskin med h\u00f8y produksjon og enkel vedlikehold.<\/li>\n<li><strong>kaffekjeder<\/strong>: For \u00e5 sikre konsistent og jevn produksjon av ferske smultringer.<\/li>\n<li><strong>Storskala arrangementer og catering<\/strong>: Utmerket alternativ for \u00e5 tilfredsstille ettersp\u00f8rselen etter massearrangementer.<\/li>\n<\/ul>\n<h3>Sektorer der det kan implementeres:<\/h3>\n<ul>\n<li><strong>Matproduksjonsfabrikker<\/strong>: Spesielt de som er dedikert til produksjon av s\u00f8tsaker.<\/li>\n<li><strong>Bakerier og bakverk<\/strong>: For \u00e5 \u00f8ke den daglige produksjonskapasiteten.<\/li>\n<li><strong>Kafeer og franchiser<\/strong>: Ideell for virksomheter som ser etter kontinuerlig og kontrollert produksjon av smultringer.<\/li>\n<li><strong>Catering og massearrangementer<\/strong>: Sikrer en konstant flyt av ferske produkter av h\u00f8y kvalitet for et stort antall deltakere.<\/li>\n<\/ul>\n<p>Med dette <strong>profesjonell smultringmaskin<\/strong>, vil bedriften din kunne \u00f8ke produktiviteten og m\u00f8te ettersp\u00f8rselen effektivt og raskt, og tilby perfekte smultringer i forskjellige st\u00f8rrelser. Systemet med <strong>automatisk t\u00f8mming<\/strong> reduserer oljeinnholdet, forbedrer kvaliteten p\u00e5 sluttproduktet og gj\u00f8r det sunnere og mer attraktivt for forbrukerne.<\/p>","protected":false},"featured_media":1217,"comment_status":"open","ping_status":"closed","template":"","meta":{"wds_primary_product_brand":0,"wds_primary_product_cat":0},"product_brand":[],"product_cat":[56,53],"product_tag":[],"class_list":{"0":"post-1210","1":"product","2":"type-product","3":"status-publish","4":"has-post-thumbnail","6":"product_cat-maquinaria-para-ferias","7":"product_cat-panaderia-y-pasteleria-industrial","8":"product_shipping_class-hosteleria","10":"first","11":"instock","12":"sale","13":"taxable","14":"shipping-taxable","15":"purchasable","16":"product-type-simple"},"yoast_head":"<!-- This site is optimized with the Yoast SEO Premium plugin v24.9 (Yoast SEO v26.1) - https:\/\/yoast.com\/wordpress\/plugins\/seo\/ -->\n<title>M\u00e1quina autom\u00e1tica para donuts o rosquillas profesional - distribuci\u00f3n ARC<\/title>\n<meta name=\"robots\" content=\"index, follow, max-snippet:-1, max-image-preview:large, max-video-preview:-1\" \/>\n<link rel=\"canonical\" href=\"https:\/\/www.distribucionarc.com\/lt\/producto\/maquina-automatica-para-donuts-o-rosquillas-profesional\/\" \/>\n<meta property=\"og:locale\" content=\"nb_NO\" \/>\n<meta property=\"og:type\" content=\"article\" \/>\n<meta property=\"og:title\" content=\"M\u00e1quina autom\u00e1tica para donuts o rosquillas profesional\" \/>\n<meta property=\"og:description\" content=\"M\u00e1quina autom\u00e1tica para hacer donuts profesional \u2013 Uso industrial  Esta m\u00e1quina profesional para hacer donuts est\u00e1 dise\u00f1ada para la producci\u00f3n en masa, ideal para f\u00e1bricas, panader\u00edas o grandes eventos. Con capacidad para producir hasta 1100 donuts por hora, esta m\u00e1quina es eficiente y vers\u00e1til, permitiendo la creaci\u00f3n de donuts en tres tama\u00f1os diferentes. Los moldes intercambiables ofrecen opciones para mini donuts, donuts medianos y donuts grandes, lo que satisface los diferentes requisitos de producci\u00f3n. Caracter\u00edsticas principales:   Tres tama\u00f1os de moldes:   Mini donuts de 2,5 cent\u00edmetros (cm)  Donuts medianos de 3,5 cm  Donuts grandes de 4,5 cm  La m\u00e1quina produce:   1100 mini donuts por hora (3 a 5 cm de di\u00e1metro)  950 donuts medianos por hora (5 a 9 cm de di\u00e1metro)  850 donuts grandes por hora (7 a 12 cm de di\u00e1metro)    Cinta transportadora: Incluye una cinta transportadora autom\u00e1tica que permite escurrir el aceite de los donuts, asegurando un acabado perfecto y reduciendo la cantidad de aceite en el producto final.  Material de alta calidad: Fabricada en acero inoxidable, garantiza durabilidad y un f\u00e1cil mantenimiento, adem\u00e1s de ser segura para el contacto con alimentos.  Panel de control intuitivo: Facilita el ajuste de las configuraciones para adaptarse a diferentes recetas y requisitos de producci\u00f3n.  Ejemplos de uso:   Panader\u00edas industriales: Perfecta para producir grandes cantidades de donuts de forma r\u00e1pida y eficiente.  F\u00e1bricas de alimentos: Ideal para empresas que necesitan una m\u00e1quina de alta producci\u00f3n y f\u00e1cil mantenimiento.  Cadenas de cafeter\u00edas: Para garantizar una producci\u00f3n constante y uniforme de donuts frescos.  Eventos y catering a gran escala: Excelente opci\u00f3n para satisfacer la demanda de eventos multitudinarios.  Sectores donde se puede implementar:   F\u00e1bricas de producci\u00f3n alimentaria: Especialmente aquellas dedicadas a la producci\u00f3n de dulces.  Panader\u00edas y pasteler\u00edas: Para aumentar la capacidad de producci\u00f3n diaria.  Cafeter\u00edas y franquicias: Ideal para negocios que buscan una producci\u00f3n continua y controlada de donuts.  Catering y eventos masivos: Asegura un flujo constante de productos frescos y de alta calidad para grandes cantidades de asistentes.  Con esta m\u00e1quina profesional para hacer donuts, tu negocio podr\u00e1 aumentar la productividad y satisfacer la demanda de manera eficiente y r\u00e1pida, ofreciendo donuts perfectos en diferentes tama\u00f1os. El sistema de escurrido autom\u00e1tico reduce el contenido de aceite, mejorando la calidad del producto final y haci\u00e9ndolo m\u00e1s saludable y atractivo para los consumidores.\" \/>\n<meta property=\"og:url\" content=\"https:\/\/www.distribucionarc.com\/lt\/producto\/maquina-automatica-para-donuts-o-rosquillas-profesional\/\" \/>\n<meta property=\"og:site_name\" content=\"distribuci\u00f3n ARC\" \/>\n<meta property=\"article:modified_time\" content=\"2024-09-08T17:51:46+00:00\" \/>\n<meta property=\"og:image\" content=\"https:\/\/distribucionarc.com\/wp-content\/uploads\/2020\/07\/M\u00e1quina-autom\u00e1tica-para-donuts-rosquillas-profesional-0.jpg\" \/>\n\t<meta property=\"og:image:width\" content=\"1600\" \/>\n\t<meta property=\"og:image:height\" content=\"1600\" \/>\n\t<meta property=\"og:image:type\" content=\"image\/jpeg\" \/>\n<meta name=\"twitter:card\" content=\"summary_large_image\" \/>\n<meta name=\"twitter:label1\" content=\"Ansl. lesetid\" \/>\n\t<meta name=\"twitter:data1\" content=\"2 minutter\" \/>\n<script type=\"application\/ld+json\" class=\"yoast-schema-graph\">{\"@context\":\"https:\/\/schema.org\",\"@graph\":[{\"@type\":\"WebPage\",\"@id\":\"https:\/\/www.distribucionarc.com\/lt\/producto\/maquina-automatica-para-donuts-o-rosquillas-profesional\/\",\"url\":\"https:\/\/www.distribucionarc.com\/lt\/producto\/maquina-automatica-para-donuts-o-rosquillas-profesional\/\",\"name\":\"M\u00e1quina autom\u00e1tica para donuts o rosquillas profesional - distribuci\u00f3n ARC\",\"isPartOf\":{\"@id\":\"https:\/\/www.distribucionarc.com\/tr\/#website\"},\"primaryImageOfPage\":{\"@id\":\"https:\/\/www.distribucionarc.com\/lt\/producto\/maquina-automatica-para-donuts-o-rosquillas-profesional\/#primaryimage\"},\"image\":{\"@id\":\"https:\/\/www.distribucionarc.com\/lt\/producto\/maquina-automatica-para-donuts-o-rosquillas-profesional\/#primaryimage\"},\"thumbnailUrl\":\"https:\/\/distribucionarc.com\/wp-content\/uploads\/2020\/07\/M\u00e1quina-autom\u00e1tica-para-donuts-rosquillas-profesional-0.jpg\",\"datePublished\":\"2020-07-17T16:01:37+00:00\",\"dateModified\":\"2024-09-08T17:51:46+00:00\",\"breadcrumb\":{\"@id\":\"https:\/\/www.distribucionarc.com\/lt\/producto\/maquina-automatica-para-donuts-o-rosquillas-profesional\/#breadcrumb\"},\"inLanguage\":\"nb-NO\",\"potentialAction\":[{\"@type\":\"ReadAction\",\"target\":[\"https:\/\/www.distribucionarc.com\/lt\/producto\/maquina-automatica-para-donuts-o-rosquillas-profesional\/\"]}]},{\"@type\":\"ImageObject\",\"inLanguage\":\"nb-NO\",\"@id\":\"https:\/\/www.distribucionarc.com\/lt\/producto\/maquina-automatica-para-donuts-o-rosquillas-profesional\/#primaryimage\",\"url\":\"https:\/\/distribucionarc.com\/wp-content\/uploads\/2020\/07\/M\u00e1quina-autom\u00e1tica-para-donuts-rosquillas-profesional-0.jpg\",\"contentUrl\":\"https:\/\/distribucionarc.com\/wp-content\/uploads\/2020\/07\/M\u00e1quina-autom\u00e1tica-para-donuts-rosquillas-profesional-0.jpg\",\"width\":1600,\"height\":1600,\"caption\":\"Maquina automatica para donuts profesional\"},{\"@type\":\"BreadcrumbList\",\"@id\":\"https:\/\/www.distribucionarc.com\/lt\/producto\/maquina-automatica-para-donuts-o-rosquillas-profesional\/#breadcrumb\",\"itemListElement\":[{\"@type\":\"ListItem\",\"position\":1,\"name\":\"Portada\",\"item\":\"https:\/\/www.distribucionarc.com\/tr\/\"},{\"@type\":\"ListItem\",\"position\":2,\"name\":\"Produktai\",\"item\":\"https:\/\/distribucionarc.com\/lt\/parduotuve\/\"},{\"@type\":\"ListItem\",\"position\":3,\"name\":\"M\u00e1quina autom\u00e1tica para donuts o rosquillas profesional\"}]},{\"@type\":\"WebSite\",\"@id\":\"https:\/\/www.distribucionarc.com\/tr\/#website\",\"url\":\"https:\/\/www.distribucionarc.com\/tr\/\",\"name\":\"distribuci\u00f3n ARC\",\"description\":\"Empresa especializada en la fabricaci\u00f3n y distribuci\u00f3n de maquinaria industrial, selladoras de latas, Maquinas de hacer pastillas, Maquinas de cortar carne...\",\"publisher\":{\"@id\":\"https:\/\/www.distribucionarc.com\/tr\/#organization\"},\"potentialAction\":[{\"@type\":\"SearchAction\",\"target\":{\"@type\":\"EntryPoint\",\"urlTemplate\":\"https:\/\/www.distribucionarc.com\/tr\/?s={search_term_string}\"},\"query-input\":{\"@type\":\"PropertyValueSpecification\",\"valueRequired\":true,\"valueName\":\"search_term_string\"}}],\"inLanguage\":\"nb-NO\"},{\"@type\":\"Organization\",\"@id\":\"https:\/\/www.distribucionarc.com\/tr\/#organization\",\"name\":\"Distribuci\u00f3n ARC\",\"url\":\"https:\/\/www.distribucionarc.com\/tr\/\",\"logo\":{\"@type\":\"ImageObject\",\"inLanguage\":\"nb-NO\",\"@id\":\"https:\/\/www.distribucionarc.com\/tr\/#\/schema\/logo\/image\/\",\"url\":\"https:\/\/distribucionarc.com\/wp-content\/uploads\/2024\/10\/distribucion-ARC-COLOR-SIN-FONDO-e1732295305345.png\",\"contentUrl\":\"https:\/\/distribucionarc.com\/wp-content\/uploads\/2024\/10\/distribucion-ARC-COLOR-SIN-FONDO-e1732295305345.png\",\"width\":1164,\"height\":558,\"caption\":\"Distribuci\u00f3n ARC\"},\"image\":{\"@id\":\"https:\/\/www.distribucionarc.com\/tr\/#\/schema\/logo\/image\/\"},\"description\":\"Empresa especializada en la fabricaci\u00f3n y distribuci\u00f3n de maquinaria industrial para los sectores alimentario y farmac\u00e9utico. Nos especializamos en: M\u00e1quinas de cortar carne Fabricaci\u00f3n de comprimidos Sistemas de transporte industrial L\u00edneas de embotellado Dosificadores Y mucho m\u00e1s... Ofrecemos soluciones innovadoras y personalizadas para optimizar los procesos productivos de tu empresa.\",\"email\":\"Admistracion@distribucionarc.com\",\"telephone\":\"+34 643496664\",\"legalName\":\"ARC TECH SOLUTIONS\",\"foundingDate\":\"2024-04-09\",\"vatID\":\"B55480172\",\"numberOfEmployees\":{\"@type\":\"QuantitativeValue\",\"minValue\":\"1\",\"maxValue\":\"10\"}}]}<\/script>\n<!-- \/ Yoast SEO Premium plugin. -->","yoast_head_json":{"title":"Profesjonell automatisk smultring- eller smultringmaskin - ARC-distribusjon","robots":{"index":"index","follow":"follow","max-snippet":"max-snippet:-1","max-image-preview":"max-image-preview:large","max-video-preview":"max-video-preview:-1"},"canonical":"https:\/\/www.distribucionarc.com\/lt\/producto\/maquina-automatica-para-donuts-o-rosquillas-profesional\/","og_locale":"nb_NO","og_type":"article","og_title":"M\u00e1quina autom\u00e1tica para donuts o rosquillas profesional","og_description":"M\u00e1quina autom\u00e1tica para hacer donuts profesional \u2013 Uso industrial  Esta m\u00e1quina profesional para hacer donuts est\u00e1 dise\u00f1ada para la producci\u00f3n en masa, ideal para f\u00e1bricas, panader\u00edas o grandes eventos. Con capacidad para producir hasta 1100 donuts por hora, esta m\u00e1quina es eficiente y vers\u00e1til, permitiendo la creaci\u00f3n de donuts en tres tama\u00f1os diferentes. Los moldes intercambiables ofrecen opciones para mini donuts, donuts medianos y donuts grandes, lo que satisface los diferentes requisitos de producci\u00f3n. Caracter\u00edsticas principales:   Tres tama\u00f1os de moldes:   Mini donuts de 2,5 cent\u00edmetros (cm)  Donuts medianos de 3,5 cm  Donuts grandes de 4,5 cm  La m\u00e1quina produce:   1100 mini donuts por hora (3 a 5 cm de di\u00e1metro)  950 donuts medianos por hora (5 a 9 cm de di\u00e1metro)  850 donuts grandes por hora (7 a 12 cm de di\u00e1metro)    Cinta transportadora: Incluye una cinta transportadora autom\u00e1tica que permite escurrir el aceite de los donuts, asegurando un acabado perfecto y reduciendo la cantidad de aceite en el producto final.  Material de alta calidad: Fabricada en acero inoxidable, garantiza durabilidad y un f\u00e1cil mantenimiento, adem\u00e1s de ser segura para el contacto con alimentos.  Panel de control intuitivo: Facilita el ajuste de las configuraciones para adaptarse a diferentes recetas y requisitos de producci\u00f3n.  Ejemplos de uso:   Panader\u00edas industriales: Perfecta para producir grandes cantidades de donuts de forma r\u00e1pida y eficiente.  F\u00e1bricas de alimentos: Ideal para empresas que necesitan una m\u00e1quina de alta producci\u00f3n y f\u00e1cil mantenimiento.  Cadenas de cafeter\u00edas: Para garantizar una producci\u00f3n constante y uniforme de donuts frescos.  Eventos y catering a gran escala: Excelente opci\u00f3n para satisfacer la demanda de eventos multitudinarios.  Sectores donde se puede implementar:   F\u00e1bricas de producci\u00f3n alimentaria: Especialmente aquellas dedicadas a la producci\u00f3n de dulces.  Panader\u00edas y pasteler\u00edas: Para aumentar la capacidad de producci\u00f3n diaria.  Cafeter\u00edas y franquicias: Ideal para negocios que buscan una producci\u00f3n continua y controlada de donuts.  Catering y eventos masivos: Asegura un flujo constante de productos frescos y de alta calidad para grandes cantidades de asistentes.  Con esta m\u00e1quina profesional para hacer donuts, tu negocio podr\u00e1 aumentar la productividad y satisfacer la demanda de manera eficiente y r\u00e1pida, ofreciendo donuts perfectos en diferentes tama\u00f1os. El sistema de escurrido autom\u00e1tico reduce el contenido de aceite, mejorando la calidad del producto final y haci\u00e9ndolo m\u00e1s saludable y atractivo para los consumidores.","og_url":"https:\/\/www.distribucionarc.com\/lt\/producto\/maquina-automatica-para-donuts-o-rosquillas-profesional\/","og_site_name":"distribuci\u00f3n ARC","article_modified_time":"2024-09-08T17:51:46+00:00","og_image":[{"width":1600,"height":1600,"url":"https:\/\/distribucionarc.com\/wp-content\/uploads\/2020\/07\/M\u00e1quina-autom\u00e1tica-para-donuts-rosquillas-profesional-0.jpg","type":"image\/jpeg"}],"twitter_card":"summary_large_image","twitter_misc":{"Ansl. lesetid":"2 minutter"},"schema":{"@context":"https:\/\/schema.org","@graph":[{"@type":"WebPage","@id":"https:\/\/www.distribucionarc.com\/lt\/producto\/maquina-automatica-para-donuts-o-rosquillas-profesional\/","url":"https:\/\/www.distribucionarc.com\/lt\/producto\/maquina-automatica-para-donuts-o-rosquillas-profesional\/","name":"Profesjonell automatisk smultring- eller smultringmaskin - ARC-distribusjon","isPartOf":{"@id":"https:\/\/www.distribucionarc.com\/tr\/#website"},"primaryImageOfPage":{"@id":"https:\/\/www.distribucionarc.com\/lt\/producto\/maquina-automatica-para-donuts-o-rosquillas-profesional\/#primaryimage"},"image":{"@id":"https:\/\/www.distribucionarc.com\/lt\/producto\/maquina-automatica-para-donuts-o-rosquillas-profesional\/#primaryimage"},"thumbnailUrl":"https:\/\/distribucionarc.com\/wp-content\/uploads\/2020\/07\/M\u00e1quina-autom\u00e1tica-para-donuts-rosquillas-profesional-0.jpg","datePublished":"2020-07-17T16:01:37+00:00","dateModified":"2024-09-08T17:51:46+00:00","breadcrumb":{"@id":"https:\/\/www.distribucionarc.com\/lt\/producto\/maquina-automatica-para-donuts-o-rosquillas-profesional\/#breadcrumb"},"inLanguage":"nb-NO","potentialAction":[{"@type":"ReadAction","target":["https:\/\/www.distribucionarc.com\/lt\/producto\/maquina-automatica-para-donuts-o-rosquillas-profesional\/"]}]},{"@type":"ImageObject","inLanguage":"nb-NO","@id":"https:\/\/www.distribucionarc.com\/lt\/producto\/maquina-automatica-para-donuts-o-rosquillas-profesional\/#primaryimage","url":"https:\/\/distribucionarc.com\/wp-content\/uploads\/2020\/07\/M\u00e1quina-autom\u00e1tica-para-donuts-rosquillas-profesional-0.jpg","contentUrl":"https:\/\/distribucionarc.com\/wp-content\/uploads\/2020\/07\/M\u00e1quina-autom\u00e1tica-para-donuts-rosquillas-profesional-0.jpg","width":1600,"height":1600,"caption":"Maquina automatica para donuts profesional"},{"@type":"BreadcrumbList","@id":"https:\/\/www.distribucionarc.com\/lt\/producto\/maquina-automatica-para-donuts-o-rosquillas-profesional\/#breadcrumb","itemListElement":[{"@type":"ListItem","position":1,"name":"Portada","item":"https:\/\/www.distribucionarc.com\/tr\/"},{"@type":"ListItem","position":2,"name":"Produktai","item":"https:\/\/distribucionarc.com\/lt\/parduotuve\/"},{"@type":"ListItem","position":3,"name":"M\u00e1quina autom\u00e1tica para donuts o rosquillas profesional"}]},{"@type":"WebSite","@id":"https:\/\/www.distribucionarc.com\/tr\/#website","url":"https:\/\/www.distribucionarc.com\/tr\/","name":"ARC distribusjon","description":"Selskapet har spesialisert seg p\u00e5 produksjon og distribusjon av industrimaskiner, hermetikkboksforseglingsmaskiner, tablettmaskiner, kj\u00f8ttskj\u00e6remaskiner og...","publisher":{"@id":"https:\/\/www.distribucionarc.com\/tr\/#organization"},"potentialAction":[{"@type":"SearchAction","target":{"@type":"EntryPoint","urlTemplate":"https:\/\/www.distribucionarc.com\/tr\/?s={search_term_string}"},"query-input":{"@type":"PropertyValueSpecification","valueRequired":true,"valueName":"search_term_string"}}],"inLanguage":"nb-NO"},{"@type":"Organization","@id":"https:\/\/www.distribucionarc.com\/tr\/#organization","name":"ARC distribusjon","url":"https:\/\/www.distribucionarc.com\/tr\/","logo":{"@type":"ImageObject","inLanguage":"nb-NO","@id":"https:\/\/www.distribucionarc.com\/tr\/#\/schema\/logo\/image\/","url":"https:\/\/distribucionarc.com\/wp-content\/uploads\/2024\/10\/distribucion-ARC-COLOR-SIN-FONDO-e1732295305345.png","contentUrl":"https:\/\/distribucionarc.com\/wp-content\/uploads\/2024\/10\/distribucion-ARC-COLOR-SIN-FONDO-e1732295305345.png","width":1164,"height":558,"caption":"Distribuci\u00f3n ARC"},"image":{"@id":"https:\/\/www.distribucionarc.com\/tr\/#\/schema\/logo\/image\/"},"description":"Selskap som har spesialisert seg p\u00e5 produksjon og distribusjon av industrimaskiner til n\u00e6ringsmiddel- og farmasisektoren. Vi er spesialister p\u00e5: Kj\u00f8ttskj\u00e6remaskiner Tablettilvirkning Industrielle transportsystemer Tappelinjer Dispensere Og mye mer... Vi tilbyr innovative og skreddersydde l\u00f8sninger for \u00e5 optimalisere bedriftens produksjonsprosesser.","email":"Admistracion@distribucionarc.com","telephone":"+34 643496664","legalName":"ARC TECH SOLUTIONS","foundingDate":"2024-04-09","vatID":"B55480172","numberOfEmployees":{"@type":"QuantitativeValue","minValue":"1","maxValue":"10"}}]}},"_links":{"self":[{"href":"https:\/\/distribucionarc.com\/nb\/wp-json\/wp\/v2\/product\/1210","targetHints":{"allow":["GET"]}}],"collection":[{"href":"https:\/\/distribucionarc.com\/nb\/wp-json\/wp\/v2\/product"}],"about":[{"href":"https:\/\/distribucionarc.com\/nb\/wp-json\/wp\/v2\/types\/product"}],"replies":[{"embeddable":true,"href":"https:\/\/distribucionarc.com\/nb\/wp-json\/wp\/v2\/comments?post=1210"}],"version-history":[{"count":0,"href":"https:\/\/distribucionarc.com\/nb\/wp-json\/wp\/v2\/product\/1210\/revisions"}],"wp:featuredmedia":[{"embeddable":true,"href":"https:\/\/distribucionarc.com\/nb\/wp-json\/wp\/v2\/media\/1217"}],"wp:attachment":[{"href":"https:\/\/distribucionarc.com\/nb\/wp-json\/wp\/v2\/media?parent=1210"}],"wp:term":[{"taxonomy":"product_brand","embeddable":true,"href":"https:\/\/distribucionarc.com\/nb\/wp-json\/wp\/v2\/product_brand?post=1210"},{"taxonomy":"product_cat","embeddable":true,"href":"https:\/\/distribucionarc.com\/nb\/wp-json\/wp\/v2\/product_cat?post=1210"},{"taxonomy":"product_tag","embeddable":true,"href":"https:\/\/distribucionarc.com\/nb\/wp-json\/wp\/v2\/product_tag?post=1210"}],"curies":[{"name":"wp","href":"https:\/\/api.w.org\/{rel}","templated":true}]}}