{"id":1277,"date":"2020-07-20T13:57:02","date_gmt":"2020-07-20T13:57:02","guid":{"rendered":"https:\/\/distribucionarc.com\/?post_type=product&#038;p=1277"},"modified":"2024-09-09T00:05:42","modified_gmt":"2024-09-09T00:05:42","slug":"14l-softismaskin","status":"publish","type":"product","link":"https:\/\/distribucionarc.com\/nb\/producto\/maquina-para-hacer-helados-suaves-14l\/","title":{"rendered":"14L kremet iskremmaskin"},"content":{"rendered":"<h3>14L kremet iskremmaskin<\/h3>\n<p><strong>Iskremmaskinen<\/strong>\u00a0av<span style=\"color: #ff0000;\">\u00a0<\/span><strong><span style=\"color: #ff0000;\">TIL<\/span><span style=\"color: #0000ff;\">R<\/span>c<\/strong>\u00a0Det er mye brukt i restauranter, kafeer, isbarer, resten. hurtigmat. Uten kompliserte trinn kan du\u00a0<strong>raskt tilberede iskrem<\/strong>,\u00a0<strong>yoghurt<\/strong>\u00a0heller\u00a0<strong>sorbet<\/strong><\/p>\n<p>De\u00a0<strong><span style=\"color: #ff0000;\">TIL<\/span><span style=\"color: #0000ff;\">R<\/span>CMH02<\/strong>\u00a0Den er utstyrt med doble GMCC-kompressorer, to 6L beholdere i rustfritt st\u00e5l, en h\u00f8yenergiradiator og R410a kj\u00f8lemiddel, med forkj\u00f8lingsfunksjon og produksjon fra 20 L\/H til 28 L\/H.<\/p>\n<p>De\u00a0<strong>iskremmaskin<\/strong>\u00a0Den har to innebygde beholdere i rustfritt st\u00e5l, dette\u00a0<strong>iskremmaskin<\/strong>\u00a0av\u00a0<strong><span style=\"color: #ff0000;\">TIL<\/span><span style=\"color: #0000ff;\">R<\/span>c<\/strong>\u00a0Den kan brukes til \u00e5 lage tre smaker av iskrem, inkludert to vanlige smaker og en blandingssmak, for en rekke smaker.<\/p>\n<p>Tid, temperatur, hardhet og mengde is kan vises p\u00e5 skjermen for konstant observasjon. Du kan fritt modulere etter smak. I tillegg gir en-knapps rengj\u00f8ring rask og automatisk rengj\u00f8ring av iskremmaskinen.<\/p>\n<p>Ingrediensene til\u00a0<strong>iskremmaskin<\/strong>\u00a0De kan forh\u00e5ndskj\u00f8les slik at isen kan v\u00e6re\u00a0<strong>forberede seg raskt<\/strong>\u00a0etter start av maskinen. Oppbevaring over natten reduserer rengj\u00f8ringsfrekvensen og sparer ingredienser.<\/p>\n<p>Den forbedrede kjegleholderen er plassert p\u00e5 utsiden av<strong>\u00a0iskremmaskin<\/strong>, slik at iskremene ikke lett blir v\u00e5te og smaken til konglene kan opprettholdes.<\/p>\n<h6><\/h6>\n<h6><strong>Garanti<span style=\"color: #ff0000;\">\u00a0TIL<\/span><span style=\"color: #0000ff;\">R<\/span>C 2 \u00c5R<\/strong><\/h6>\n<h6><span style=\"color: #008000;\">Effektiv iskremmaskin, lavt forbruk 2000w<\/span><\/h6>\n<h6><strong>teknisk st\u00f8tte inkludert<\/strong><\/h6>\n<table>\n<thead>\n<tr>\n<th><strong>Kjennetegn<\/strong><\/th>\n<th><strong>Beskrivelse<\/strong><\/th>\n<\/tr>\n<\/thead>\n<tbody>\n<tr>\n<td><strong>Produsentnummer<\/strong><\/td>\n<td>ARCMH03<\/td>\n<\/tr>\n<tr>\n<td><strong>Land med teknisk st\u00f8tte<\/strong><\/td>\n<td><a href=\"https:\/\/distribucionarc.com\/nb\/teknisk-service\/\" target=\"_new\" rel=\"noopener\">R\u00e5df\u00f8r deg med teknisk st\u00f8tte her<\/a><\/td>\n<\/tr>\n<tr>\n<td><strong>Vekt<\/strong><\/td>\n<td>115 kilo (kg)<\/td>\n<\/tr>\n<tr>\n<td><strong>Maskindimensjoner<\/strong><\/td>\n<td><strong>H\u00f8yde<\/strong>: 85 cm, <strong>Lang<\/strong>: 57 cm, <strong>Bred<\/strong>: 87 cm<\/td>\n<\/tr>\n<tr>\n<td><strong>Farge<\/strong><\/td>\n<td>S\u00f8lv<\/td>\n<\/tr>\n<tr>\n<td><strong>Makt<\/strong><\/td>\n<td>2000 watt (W)<\/td>\n<\/tr>\n<tr>\n<td><strong>inngangsspenning<\/strong><\/td>\n<td>220V \u2013 60Hz<\/td>\n<\/tr>\n<tr>\n<td><strong>Produksjonskapasitet<\/strong><\/td>\n<td>20 \u2013 28 liter i timen<\/td>\n<\/tr>\n<tr>\n<td><strong>Kj\u00f8lemiddel<\/strong><\/td>\n<td>R410a<\/td>\n<\/tr>\n<tr>\n<td><strong>Innskuddsst\u00f8rrelse<\/strong><\/td>\n<td>7 liter per enhet<\/td>\n<\/tr>\n<tr>\n<td><strong>Materiale<\/strong><\/td>\n<td>Rustfritt st\u00e5l, smart touch LCD-kontroll<\/td>\n<\/tr>\n<tr>\n<td><strong>Garanti<\/strong><\/td>\n<td>2 \u00e5r<\/td>\n<\/tr>\n<tr>\n<td><strong>Installasjonsverkt\u00f8y<\/strong><\/td>\n<td>Inkludert<\/td>\n<\/tr>\n<\/tbody>\n<\/table>","protected":false},"excerpt":{"rendered":"<h2>ARC Soft Ice Cream Maker \u2013 Kompakt, h\u00f8yytelses benkekremmaskin<\/h2>\n<p>De <strong>ARC profesjonell myk og kremet iskremmaskin<\/strong> Den er designet for \u00e5 v\u00e6re kompakt og kraftig, ideell for \u00e5 plasseres direkte p\u00e5 disken i <strong>isbarer<\/strong>, <strong>kafeer<\/strong> og <strong>restauranter<\/strong> med begrenset plass. Med en kapasitet p\u00e5 <strong>20 til 28 liter i timen<\/strong>, lar denne maskinen deg produsere softis av h\u00f8y kvalitet og m\u00f8te store krav effektivt.<\/p>\n<p>Takket v\u00e6re din <strong>kj\u00f8lemiddel R410a<\/strong>, garanterer denne maskinen stabil og energieffektiv produksjon, og opprettholder alltid iskremens perfekte kremethet og tekstur. Videre har <strong>smart LCD-panel<\/strong> forenkler kontroll av maskinen, og muliggj\u00f8r n\u00f8yaktige justeringer i tid og temperatur.<\/p>\n<h3>Produkter du kan lage:<\/h3>\n<ul>\n<li><strong>myk iskrem<\/strong>: Perfekt for kjegler eller glass servert p\u00e5 etablissementer.<\/li>\n<li><strong>Blandede iskremer<\/strong>: Lar deg servere opptil to forskjellige eller kombinerte smaker.<\/li>\n<li><strong>Sundaes og desserter<\/strong>: Ideell for \u00e5 lage personlige iskremdesserter for hver klient.<\/li>\n<\/ul>\n<h3>Sektorer der det kan implementeres:<\/h3>\n<ul>\n<li><strong>Isbarer og kafeer<\/strong>: Spesiell for servering av myk iskrem raskt og effektivt.<\/li>\n<li><strong>Restauranter<\/strong>: Utmerket for \u00e5 tilby frosne desserter som en del av menyen.<\/li>\n<li><strong>Franchising og food trucks<\/strong>: Ideell for mobile virksomheter eller franchisetakere som trenger kompakt, men h\u00f8ykapasitetsutstyr.<\/li>\n<\/ul>","protected":false},"featured_media":1285,"comment_status":"open","ping_status":"closed","template":"","meta":{"wds_primary_product_brand":0,"wds_primary_product_cat":0},"product_brand":[],"product_cat":[56,58],"product_tag":[],"class_list":{"0":"post-1277","1":"product","2":"type-product","3":"status-publish","4":"has-post-thumbnail","6":"product_cat-maquinaria-para-ferias","7":"product_cat-maquinaria-para-heladerias-profesionales","8":"product_shipping_class-hosteleria","10":"first","11":"instock","12":"sale","13":"taxable","14":"shipping-taxable","15":"purchasable","16":"product-type-simple"},"yoast_head":"<!-- This site is optimized with the Yoast SEO Premium plugin v24.9 (Yoast SEO v26.1) - https:\/\/yoast.com\/wordpress\/plugins\/seo\/ -->\n<title>Maquina para hacer helados cremosos 14L - distribuci\u00f3n ARC<\/title>\n<meta name=\"robots\" content=\"index, follow, max-snippet:-1, max-image-preview:large, max-video-preview:-1\" \/>\n<link rel=\"canonical\" href=\"https:\/\/www.distribucionarc.com\/lt\/producto\/maquina-para-hacer-helados-suaves-14l\/\" \/>\n<meta property=\"og:locale\" content=\"nb_NO\" \/>\n<meta property=\"og:type\" content=\"article\" \/>\n<meta property=\"og:title\" content=\"Maquina para hacer helados cremosos 14L\" \/>\n<meta property=\"og:description\" content=\"M\u00e1quina para hacer helados suaves ARC \u2013 Compacta y de alto rendimiento para mostrador La m\u00e1quina para hacer helados blandos y cremosos profesional ARC est\u00e1 dise\u00f1ada para ser compacta y potente, ideal para ubicarse directamente sobre el mostrador en helader\u00edas, cafeter\u00edas y restaurantes con espacio limitado. Con una capacidad de 20 a 28 litros por hora, esta m\u00e1quina te permite producir helados suaves de alta calidad y satisfacer grandes demandas de manera eficiente.  Gracias a su refrigerante R410a, esta m\u00e1quina garantiza una producci\u00f3n estable y eficiente en t\u00e9rminos de energ\u00eda, manteniendo siempre la cremosidad y textura perfecta del helado. Adem\u00e1s, el panel LCD inteligente facilita el control de la m\u00e1quina, permitiendo ajustes precisos en tiempo y temperatura. Productos que puedes hacer:   Helados suaves: Perfectos para conos o vasos servidos en establecimientos.  Helados mixtos: Permite servir hasta dos sabores diferentes o combinados.  Sundaes y postres: Ideal para crear postres con helado personalizado para cada cliente.  Sectores donde se puede implementar:   Helader\u00edas y cafeter\u00edas: Especial para servir helados suaves de manera r\u00e1pida y eficiente.  Restaurantes: Excelente para ofrecer postres helados como parte del men\u00fa.  Franquicias y food trucks: Ideal para negocios m\u00f3viles o franquicias que necesiten equipos compactos pero de alta capacidad.\" \/>\n<meta property=\"og:url\" content=\"https:\/\/www.distribucionarc.com\/lt\/producto\/maquina-para-hacer-helados-suaves-14l\/\" \/>\n<meta property=\"og:site_name\" content=\"distribuci\u00f3n ARC\" \/>\n<meta property=\"article:modified_time\" content=\"2024-09-09T00:05:42+00:00\" \/>\n<meta property=\"og:image\" content=\"https:\/\/distribucionarc.com\/wp-content\/uploads\/2020\/07\/M\u00e1quina-para-hacer-helados-suaves-14L-1.jpg\" \/>\n\t<meta property=\"og:image:width\" content=\"1600\" \/>\n\t<meta property=\"og:image:height\" content=\"1600\" \/>\n\t<meta property=\"og:image:type\" content=\"image\/jpeg\" \/>\n<meta name=\"twitter:card\" content=\"summary_large_image\" \/>\n<meta name=\"twitter:label1\" content=\"Ansl. lesetid\" \/>\n\t<meta name=\"twitter:data1\" content=\"2 minutter\" \/>\n<script type=\"application\/ld+json\" class=\"yoast-schema-graph\">{\"@context\":\"https:\/\/schema.org\",\"@graph\":[{\"@type\":\"WebPage\",\"@id\":\"https:\/\/www.distribucionarc.com\/lt\/producto\/maquina-para-hacer-helados-suaves-14l\/\",\"url\":\"https:\/\/www.distribucionarc.com\/lt\/producto\/maquina-para-hacer-helados-suaves-14l\/\",\"name\":\"Maquina para hacer helados cremosos 14L - distribuci\u00f3n ARC\",\"isPartOf\":{\"@id\":\"https:\/\/www.distribucionarc.com\/sl\/#website\"},\"primaryImageOfPage\":{\"@id\":\"https:\/\/www.distribucionarc.com\/lt\/producto\/maquina-para-hacer-helados-suaves-14l\/#primaryimage\"},\"image\":{\"@id\":\"https:\/\/www.distribucionarc.com\/lt\/producto\/maquina-para-hacer-helados-suaves-14l\/#primaryimage\"},\"thumbnailUrl\":\"https:\/\/distribucionarc.com\/wp-content\/uploads\/2020\/07\/M\u00e1quina-para-hacer-helados-suaves-14L-1.jpg\",\"datePublished\":\"2020-07-20T13:57:02+00:00\",\"dateModified\":\"2024-09-09T00:05:42+00:00\",\"breadcrumb\":{\"@id\":\"https:\/\/www.distribucionarc.com\/lt\/producto\/maquina-para-hacer-helados-suaves-14l\/#breadcrumb\"},\"inLanguage\":\"nb-NO\",\"potentialAction\":[{\"@type\":\"ReadAction\",\"target\":[\"https:\/\/www.distribucionarc.com\/lt\/producto\/maquina-para-hacer-helados-suaves-14l\/\"]}]},{\"@type\":\"ImageObject\",\"inLanguage\":\"nb-NO\",\"@id\":\"https:\/\/www.distribucionarc.com\/lt\/producto\/maquina-para-hacer-helados-suaves-14l\/#primaryimage\",\"url\":\"https:\/\/distribucionarc.com\/wp-content\/uploads\/2020\/07\/M\u00e1quina-para-hacer-helados-suaves-14L-1.jpg\",\"contentUrl\":\"https:\/\/distribucionarc.com\/wp-content\/uploads\/2020\/07\/M\u00e1quina-para-hacer-helados-suaves-14L-1.jpg\",\"width\":1600,\"height\":1600,\"caption\":\"Maquina para hacer helados suaves 14L\"},{\"@type\":\"BreadcrumbList\",\"@id\":\"https:\/\/www.distribucionarc.com\/lt\/producto\/maquina-para-hacer-helados-suaves-14l\/#breadcrumb\",\"itemListElement\":[{\"@type\":\"ListItem\",\"position\":1,\"name\":\"Portada\",\"item\":\"https:\/\/www.distribucionarc.com\/\"},{\"@type\":\"ListItem\",\"position\":2,\"name\":\"\u00dcr\u00fcnler\",\"item\":\"https:\/\/www.distribucionarc.com\/tr\/magaza\/\"},{\"@type\":\"ListItem\",\"position\":3,\"name\":\"Maquina para hacer helados cremosos 14L\"}]},{\"@type\":\"WebSite\",\"@id\":\"https:\/\/www.distribucionarc.com\/sl\/#website\",\"url\":\"https:\/\/www.distribucionarc.com\/sl\/\",\"name\":\"distribuci\u00f3n ARC\",\"description\":\"Empresa especializada en la fabricaci\u00f3n y distribuci\u00f3n de maquinaria industrial, selladoras de latas, Maquinas de hacer pastillas, Maquinas de cortar carne...\",\"publisher\":{\"@id\":\"https:\/\/www.distribucionarc.com\/sl\/#organization\"},\"potentialAction\":[{\"@type\":\"SearchAction\",\"target\":{\"@type\":\"EntryPoint\",\"urlTemplate\":\"https:\/\/www.distribucionarc.com\/sl\/?s={search_term_string}\"},\"query-input\":{\"@type\":\"PropertyValueSpecification\",\"valueRequired\":true,\"valueName\":\"search_term_string\"}}],\"inLanguage\":\"nb-NO\"},{\"@type\":\"Organization\",\"@id\":\"https:\/\/www.distribucionarc.com\/sl\/#organization\",\"name\":\"Distribuci\u00f3n ARC\",\"url\":\"https:\/\/www.distribucionarc.com\/sl\/\",\"logo\":{\"@type\":\"ImageObject\",\"inLanguage\":\"nb-NO\",\"@id\":\"https:\/\/www.distribucionarc.com\/sl\/#\/schema\/logo\/image\/\",\"url\":\"https:\/\/distribucionarc.com\/wp-content\/uploads\/2024\/10\/distribucion-ARC-COLOR-SIN-FONDO-e1732295305345.png\",\"contentUrl\":\"https:\/\/distribucionarc.com\/wp-content\/uploads\/2024\/10\/distribucion-ARC-COLOR-SIN-FONDO-e1732295305345.png\",\"width\":1164,\"height\":558,\"caption\":\"Distribuci\u00f3n ARC\"},\"image\":{\"@id\":\"https:\/\/www.distribucionarc.com\/sl\/#\/schema\/logo\/image\/\"},\"description\":\"Empresa especializada en la fabricaci\u00f3n y distribuci\u00f3n de maquinaria industrial para los sectores alimentario y farmac\u00e9utico. Nos especializamos en: M\u00e1quinas de cortar carne Fabricaci\u00f3n de comprimidos Sistemas de transporte industrial L\u00edneas de embotellado Dosificadores Y mucho m\u00e1s... Ofrecemos soluciones innovadoras y personalizadas para optimizar los procesos productivos de tu empresa.\",\"email\":\"Admistracion@distribucionarc.com\",\"telephone\":\"+34 643496664\",\"legalName\":\"ARC TECH SOLUTIONS\",\"foundingDate\":\"2024-04-09\",\"vatID\":\"B55480172\",\"numberOfEmployees\":{\"@type\":\"QuantitativeValue\",\"minValue\":\"1\",\"maxValue\":\"10\"}}]}<\/script>\n<!-- \/ Yoast SEO Premium plugin. -->","yoast_head_json":{"title":"14L kremet iskremmaskin - ARC-distribusjon","robots":{"index":"index","follow":"follow","max-snippet":"max-snippet:-1","max-image-preview":"max-image-preview:large","max-video-preview":"max-video-preview:-1"},"canonical":"https:\/\/www.distribucionarc.com\/lt\/producto\/maquina-para-hacer-helados-suaves-14l\/","og_locale":"nb_NO","og_type":"article","og_title":"Maquina para hacer helados cremosos 14L","og_description":"M\u00e1quina para hacer helados suaves ARC \u2013 Compacta y de alto rendimiento para mostrador La m\u00e1quina para hacer helados blandos y cremosos profesional ARC est\u00e1 dise\u00f1ada para ser compacta y potente, ideal para ubicarse directamente sobre el mostrador en helader\u00edas, cafeter\u00edas y restaurantes con espacio limitado. Con una capacidad de 20 a 28 litros por hora, esta m\u00e1quina te permite producir helados suaves de alta calidad y satisfacer grandes demandas de manera eficiente.  Gracias a su refrigerante R410a, esta m\u00e1quina garantiza una producci\u00f3n estable y eficiente en t\u00e9rminos de energ\u00eda, manteniendo siempre la cremosidad y textura perfecta del helado. Adem\u00e1s, el panel LCD inteligente facilita el control de la m\u00e1quina, permitiendo ajustes precisos en tiempo y temperatura. Productos que puedes hacer:   Helados suaves: Perfectos para conos o vasos servidos en establecimientos.  Helados mixtos: Permite servir hasta dos sabores diferentes o combinados.  Sundaes y postres: Ideal para crear postres con helado personalizado para cada cliente.  Sectores donde se puede implementar:   Helader\u00edas y cafeter\u00edas: Especial para servir helados suaves de manera r\u00e1pida y eficiente.  Restaurantes: Excelente para ofrecer postres helados como parte del men\u00fa.  Franquicias y food trucks: Ideal para negocios m\u00f3viles o franquicias que necesiten equipos compactos pero de alta capacidad.","og_url":"https:\/\/www.distribucionarc.com\/lt\/producto\/maquina-para-hacer-helados-suaves-14l\/","og_site_name":"distribuci\u00f3n ARC","article_modified_time":"2024-09-09T00:05:42+00:00","og_image":[{"width":1600,"height":1600,"url":"https:\/\/distribucionarc.com\/wp-content\/uploads\/2020\/07\/M\u00e1quina-para-hacer-helados-suaves-14L-1.jpg","type":"image\/jpeg"}],"twitter_card":"summary_large_image","twitter_misc":{"Ansl. lesetid":"2 minutter"},"schema":{"@context":"https:\/\/schema.org","@graph":[{"@type":"WebPage","@id":"https:\/\/www.distribucionarc.com\/lt\/producto\/maquina-para-hacer-helados-suaves-14l\/","url":"https:\/\/www.distribucionarc.com\/lt\/producto\/maquina-para-hacer-helados-suaves-14l\/","name":"14L kremet iskremmaskin - ARC-distribusjon","isPartOf":{"@id":"https:\/\/www.distribucionarc.com\/sl\/#website"},"primaryImageOfPage":{"@id":"https:\/\/www.distribucionarc.com\/lt\/producto\/maquina-para-hacer-helados-suaves-14l\/#primaryimage"},"image":{"@id":"https:\/\/www.distribucionarc.com\/lt\/producto\/maquina-para-hacer-helados-suaves-14l\/#primaryimage"},"thumbnailUrl":"https:\/\/distribucionarc.com\/wp-content\/uploads\/2020\/07\/M\u00e1quina-para-hacer-helados-suaves-14L-1.jpg","datePublished":"2020-07-20T13:57:02+00:00","dateModified":"2024-09-09T00:05:42+00:00","breadcrumb":{"@id":"https:\/\/www.distribucionarc.com\/lt\/producto\/maquina-para-hacer-helados-suaves-14l\/#breadcrumb"},"inLanguage":"nb-NO","potentialAction":[{"@type":"ReadAction","target":["https:\/\/www.distribucionarc.com\/lt\/producto\/maquina-para-hacer-helados-suaves-14l\/"]}]},{"@type":"ImageObject","inLanguage":"nb-NO","@id":"https:\/\/www.distribucionarc.com\/lt\/producto\/maquina-para-hacer-helados-suaves-14l\/#primaryimage","url":"https:\/\/distribucionarc.com\/wp-content\/uploads\/2020\/07\/M\u00e1quina-para-hacer-helados-suaves-14L-1.jpg","contentUrl":"https:\/\/distribucionarc.com\/wp-content\/uploads\/2020\/07\/M\u00e1quina-para-hacer-helados-suaves-14L-1.jpg","width":1600,"height":1600,"caption":"Maquina para hacer helados suaves 14L"},{"@type":"BreadcrumbList","@id":"https:\/\/www.distribucionarc.com\/lt\/producto\/maquina-para-hacer-helados-suaves-14l\/#breadcrumb","itemListElement":[{"@type":"ListItem","position":1,"name":"Portada","item":"https:\/\/www.distribucionarc.com\/"},{"@type":"ListItem","position":2,"name":"\u00dcr\u00fcnler","item":"https:\/\/www.distribucionarc.com\/tr\/magaza\/"},{"@type":"ListItem","position":3,"name":"Maquina para hacer helados cremosos 14L"}]},{"@type":"WebSite","@id":"https:\/\/www.distribucionarc.com\/sl\/#website","url":"https:\/\/www.distribucionarc.com\/sl\/","name":"ARC distribusjon","description":"Selskapet har spesialisert seg p\u00e5 produksjon og distribusjon av industrimaskiner, hermetikkboksforseglingsmaskiner, tablettmaskiner, kj\u00f8ttskj\u00e6remaskiner og...","publisher":{"@id":"https:\/\/www.distribucionarc.com\/sl\/#organization"},"potentialAction":[{"@type":"SearchAction","target":{"@type":"EntryPoint","urlTemplate":"https:\/\/www.distribucionarc.com\/sl\/?s={search_term_string}"},"query-input":{"@type":"PropertyValueSpecification","valueRequired":true,"valueName":"search_term_string"}}],"inLanguage":"nb-NO"},{"@type":"Organization","@id":"https:\/\/www.distribucionarc.com\/sl\/#organization","name":"ARC distribusjon","url":"https:\/\/www.distribucionarc.com\/sl\/","logo":{"@type":"ImageObject","inLanguage":"nb-NO","@id":"https:\/\/www.distribucionarc.com\/sl\/#\/schema\/logo\/image\/","url":"https:\/\/distribucionarc.com\/wp-content\/uploads\/2024\/10\/distribucion-ARC-COLOR-SIN-FONDO-e1732295305345.png","contentUrl":"https:\/\/distribucionarc.com\/wp-content\/uploads\/2024\/10\/distribucion-ARC-COLOR-SIN-FONDO-e1732295305345.png","width":1164,"height":558,"caption":"Distribuci\u00f3n ARC"},"image":{"@id":"https:\/\/www.distribucionarc.com\/sl\/#\/schema\/logo\/image\/"},"description":"Selskap som har spesialisert seg p\u00e5 produksjon og distribusjon av industrimaskiner til n\u00e6ringsmiddel- og farmasisektoren. Vi er spesialister p\u00e5: Kj\u00f8ttskj\u00e6remaskiner Tablettilvirkning Industrielle transportsystemer Tappelinjer Dispensere Og mye mer... Vi tilbyr innovative og skreddersydde l\u00f8sninger for \u00e5 optimalisere bedriftens produksjonsprosesser.","email":"Admistracion@distribucionarc.com","telephone":"+34 643496664","legalName":"ARC TECH SOLUTIONS","foundingDate":"2024-04-09","vatID":"B55480172","numberOfEmployees":{"@type":"QuantitativeValue","minValue":"1","maxValue":"10"}}]}},"_links":{"self":[{"href":"https:\/\/distribucionarc.com\/nb\/wp-json\/wp\/v2\/product\/1277","targetHints":{"allow":["GET"]}}],"collection":[{"href":"https:\/\/distribucionarc.com\/nb\/wp-json\/wp\/v2\/product"}],"about":[{"href":"https:\/\/distribucionarc.com\/nb\/wp-json\/wp\/v2\/types\/product"}],"replies":[{"embeddable":true,"href":"https:\/\/distribucionarc.com\/nb\/wp-json\/wp\/v2\/comments?post=1277"}],"version-history":[{"count":0,"href":"https:\/\/distribucionarc.com\/nb\/wp-json\/wp\/v2\/product\/1277\/revisions"}],"wp:featuredmedia":[{"embeddable":true,"href":"https:\/\/distribucionarc.com\/nb\/wp-json\/wp\/v2\/media\/1285"}],"wp:attachment":[{"href":"https:\/\/distribucionarc.com\/nb\/wp-json\/wp\/v2\/media?parent=1277"}],"wp:term":[{"taxonomy":"product_brand","embeddable":true,"href":"https:\/\/distribucionarc.com\/nb\/wp-json\/wp\/v2\/product_brand?post=1277"},{"taxonomy":"product_cat","embeddable":true,"href":"https:\/\/distribucionarc.com\/nb\/wp-json\/wp\/v2\/product_cat?post=1277"},{"taxonomy":"product_tag","embeddable":true,"href":"https:\/\/distribucionarc.com\/nb\/wp-json\/wp\/v2\/product_tag?post=1277"}],"curies":[{"name":"wp","href":"https:\/\/api.w.org\/{rel}","templated":true}]}}