{"id":1292,"date":"2020-07-20T15:50:14","date_gmt":"2020-07-20T15:50:14","guid":{"rendered":"https:\/\/distribucionarc.com\/?post_type=product&#038;p=1292"},"modified":"2020-09-27T09:32:40","modified_gmt":"2020-09-27T09:32:40","slug":"profesjonell-isknuser-blender","status":"publish","type":"product","link":"https:\/\/distribucionarc.com\/nb\/producto\/trituradora-de-hielo-batidora-profesional\/","title":{"rendered":"Isknuser Profesjonell blender"},"content":{"rendered":"<h3>Isknuser Profesjonell blender<\/h3>\n<p>De <strong>isknuser<\/strong> av <strong><span style=\"color: #ff0000;\">TIL<\/span><span style=\"color: #0000ff;\">R<\/span>c<\/strong> Den er multifunksjonell, den er egnet for \u00e5 lage slushies med flere smaker, is i perfekt st\u00f8rrelse for en mojito eller til og med multifruktsmoothies.<\/p>\n<p>De <strong>isknuser <span style=\"color: #ff0000;\">TIL<\/span><span style=\"color: #0000ff;\">R<\/span>CMHG01<\/strong> Den har et fat i rustfritt st\u00e5l av matkvalitet 304. Det herdede glassdekselet gir tydelig observasjon av prosessen. Den har en kopp for \u00e5 tilsette vann eller olje n\u00e5r som helst.<\/p>\n<p>Tykkede 420 rustfrie st\u00e5lblader med h\u00f8y hardhet. De tillater <strong>isknuser<\/strong> av <strong><span style=\"color: #ff0000;\">TIL<\/span><span style=\"color: #0000ff;\">R<\/span>c<\/strong> Skj\u00e6r is og mat enkelt og f\u00e5 fine, jevne resultater.<\/p>\n<p>Driften av<strong> profesjonell knuser <span style=\"color: #ff0000;\">TIL<\/span><span style=\"color: #0000ff;\">R<\/span>c<\/strong> Det er enkelt, med veldefinerte knapper. Den har n\u00f8dstoppfunksjon og sikkerhetsanordning inkludert, tidsfunksjon er 0-60 min.<\/p>\n<p>T\u00f8nnen kan vippes, for \u00e5 lette produksjonen av det ferdige produktet. Hjulene gir mer komfortabel bevegelse. Gummif\u00f8tter holder maskinen stabil under bruk. Raske spenner for \u00e5 sikre produktforsegling og brukersikkerhet. Kroken festet til t\u00f8nnen gir maskinen mer stabilitet for bearbeiding av alle typer mat.<\/p>\n<h6><strong>Garanti\u00a0<span style=\"color: #ff0000;\">TIL<\/span><span style=\"color: #0000ff;\">R<\/span>C 2 \u00c5R<\/strong><\/h6>\n<h6><span style=\"color: #008000;\">Effektiv iskremmaskin, lavt forbruk 2000w<\/span><\/h6>\n<p><strong>teknisk st\u00f8tte inkludert<\/strong><\/p>\n<p>&nbsp;<\/p>\n<table role=\"presentation\" width=\"100%\" cellspacing=\"0\" cellpadding=\"0\">\n<tbody>\n<tr>\n<td class=\"attrLabels\">Kj\u00f8lemiddel:<\/td>\n<td width=\"50.0%\">R410a<\/td>\n<\/tr>\n<tr>\n<td class=\"attrLabels\">Distribusjonsland:<\/td>\n<td width=\"50.0%\">Spania, Tyskland, USA<\/td>\n<td class=\"attrLabels\">Vekt:<\/td>\n<td width=\"50.0%\">30 kg<\/td>\n<\/tr>\n<tr>\n<td class=\"attrLabels\">Merke:<\/td>\n<td width=\"50.0%\">BUE<\/td>\n<td class=\"attrLabels\">H\u00f8yde:<\/td>\n<td width=\"50.0%\">105 cm<\/td>\n<\/tr>\n<tr>\n<td class=\"attrLabels\">Farge:<\/td>\n<td width=\"50.0%\">S\u00f8lv<\/td>\n<td class=\"attrLabels\">Lang:<\/td>\n<td width=\"50.0%\">67 cm<\/td>\n<\/tr>\n<tr>\n<td class=\"attrLabels\">Produkttype:<\/td>\n<td width=\"50.0%\">Profesjonell blenderknuser<\/td>\n<td class=\"attrLabels\">Bred:<\/td>\n<td width=\"50.0%\">\u00a062 cm<\/td>\n<\/tr>\n<tr>\n<td class=\"attrLabels\">Produsentnummer:<\/td>\n<td width=\"50.0%\">ARCMHG01<\/td>\n<td class=\"attrLabels\">Makt:<\/td>\n<td width=\"50.0%\">2000W<\/td>\n<\/tr>\n<tr>\n<td class=\"attrLabels\">Materiale:<\/td>\n<td width=\"50.0%\">rustfritt st\u00e5l, smart kontroll, sikkerhetssystem, herdet glass<\/td>\n<td class=\"attrLabels\">inngangsspenning<\/td>\n<td width=\"50.0%\">220V \u2013 60Hz<\/td>\n<\/tr>\n<tr>\n<td class=\"attrLabels\">Fart:<\/td>\n<td width=\"50.0%\">\u00a02800 r\/min<\/td>\n<td class=\"attrLabels\">St\u00f8rrelse:<\/td>\n<td width=\"50.0%\">30L<\/td>\n<\/tr>\n<tr>\n<td class=\"attrLabels\">Installasjonsverkt\u00f8y:<\/td>\n<td width=\"50.0%\">Ja<\/td>\n<td class=\"attrLabels\">Garanti:<\/td>\n<td width=\"50.0%\">2 \u00c5R<\/td>\n<\/tr>\n<\/tbody>\n<\/table>\n<p>&nbsp;<\/p>","protected":false},"excerpt":{"rendered":"<h3>Isknuser Profesjonell blender<\/h3>\n<p>I\u00a0<span style=\"color: #ff0000;\"><strong><span style=\"font-style: inherit; font-weight: inherit;\">TIL<\/span><\/strong><\/span><span style=\"color: #0000ff;\"><strong>R<\/strong><\/span><strong>c<\/strong>\u00a0du vil alltid finne\u00a0<strong>iskremmaskineri<\/strong>\u00a0til bruk\u00a0<strong>profesjonell reklame<\/strong>\u00a0mest innovative p\u00e5 markedet for sine elegante detaljer, sin omsorg for \u00e5 favorisere produksjon og i sin tur kvaliteten p\u00e5 produktet, i tillegg til \u00e5 hjelpe til med energiforbruk med<strong>\u00a0<\/strong><span style=\"color: #008000;\"><strong>energieffektive iskremmaskiner.<\/strong><\/span><\/p>\n<p>t<strong>isknuser<\/strong> p\u00e5 30 l <strong><span style=\"color: #ff0000;\">TIL<\/span><span style=\"color: #0000ff;\">R<\/span>c<\/strong> Den egner seg til \u00e5 lage fruktsmoothies i veldig raskt tempo, og er ogs\u00e5 veldig nyttig for \u00e5 lage din egen is til smaksatte slushies eller cocktailer. Ideell for restauranter, messer, food trucks, arrangementer og familiebruk. De <strong>profesjonell knuser <span style=\"color: #ff0000;\">TIL<\/span><span style=\"color: #0000ff;\">R<\/span>CMHG01<\/strong> Den er utstyrt med en dobbel funksjonell automatisk sikkerhetsl\u00e5s, som stopper bladets bevegelse n\u00e5r lokket er \u00e5pent eller n\u00e5r beholderen tas av. Hjul er inkludert for enkel bevegelse. Den er perfekt for b\u00e5de kommersiell bruk p\u00e5 grunn av dens utrolige kraft.<\/p>\n<h6><strong>Garanti\u00a0<span style=\"color: #ff0000;\">TIL<\/span><span style=\"color: #0000ff;\">R<\/span>C 2 \u00c5R<\/strong><\/h6>\n<h6><span style=\"color: #008000;\">Effektiv iskremmaskin, lavt forbruk 2000w<\/span><\/h6>\n<p><strong>teknisk st\u00f8tte inkludert<\/strong><\/p>\n<p>&nbsp;<\/p>","protected":false},"featured_media":1300,"comment_status":"open","ping_status":"closed","template":"","meta":{"wds_primary_product_brand":0,"wds_primary_product_cat":0},"product_brand":[],"product_cat":[56,58],"product_tag":[],"class_list":{"0":"post-1292","1":"product","2":"type-product","3":"status-publish","4":"has-post-thumbnail","6":"product_cat-maquinaria-para-ferias","7":"product_cat-maquinaria-para-heladerias-profesionales","8":"product_shipping_class-hosteleria","10":"first","11":"instock","12":"sale","13":"taxable","14":"shipping-taxable","15":"purchasable","16":"product-type-simple"},"yoast_head":"<!-- This site is optimized with the Yoast SEO Premium plugin v24.9 (Yoast SEO v26.1) - https:\/\/yoast.com\/wordpress\/plugins\/seo\/ -->\n<title>Trituradora de hielo Batidora profesional - distribuci\u00f3n ARC<\/title>\n<meta name=\"robots\" content=\"index, follow, max-snippet:-1, max-image-preview:large, max-video-preview:-1\" \/>\n<link rel=\"canonical\" href=\"https:\/\/www.distribucionarc.com\/producto\/trituradora-de-hielo-batidora-profesional\/\" \/>\n<meta property=\"og:locale\" content=\"nb_NO\" \/>\n<meta property=\"og:type\" content=\"article\" \/>\n<meta property=\"og:title\" content=\"Trituradora de hielo Batidora profesional\" \/>\n<meta property=\"og:description\" content=\"Trituradora de hielo Batidora profesional En\u00a0ARC\u00a0siempre encontrar\u00e1s la\u00a0maquinaria para helados\u00a0para uso\u00a0comercial profesional\u00a0m\u00e1s innovadora del mercado por sus detalles elegantes, su cuidado en favorecer la producci\u00f3n y a su vez la calidad del producto, adem\u00e1s de ayudar en el consumo energ\u00e9tico con\u00a0m\u00e1quinas de helado de bajo consumo energ\u00e9tico.  La trituradora de hielo de 30 L de ARC es apta para hacer batidos de frutas a un ritmo muy r\u00e1pido, tambi\u00e9n resulta muy \u00fatil para fabricar tu propio hielo para granizados de sabores o cocktails. Ideal para restaurantes, ferias, camiones de alimentos, eventos y uso familiar. La trituradora profesional ARCMHG01 est\u00e1 equipado con un doble cierre de seguridad autom\u00e1tico funcional, que detiene el movimiento de la cuchilla cuando la tapa est\u00e1 abierta o cuando se retira el contenedor. Se incluyen ruedas para facilitar el movimiento. Es perfecto tanto para uso comercial por su incre\u00edble potencia. Garant\u00eda\u00a0ARC 2 A\u00d1OS Maquina para hacer helados eficiente, bajo consumo 2000w soporte t\u00e9cnico incluido  &nbsp;\" \/>\n<meta property=\"og:url\" content=\"https:\/\/www.distribucionarc.com\/producto\/trituradora-de-hielo-batidora-profesional\/\" \/>\n<meta property=\"og:site_name\" content=\"distribuci\u00f3n ARC\" \/>\n<meta property=\"article:modified_time\" content=\"2020-09-27T09:32:40+00:00\" \/>\n<meta property=\"og:image\" content=\"https:\/\/www.distribucionarc.com\/wp-content\/uploads\/2020\/07\/Trituradora-hielo-Batidora-profesional-0.jpg\" \/>\n\t<meta property=\"og:image:width\" content=\"1600\" \/>\n\t<meta property=\"og:image:height\" content=\"1600\" \/>\n\t<meta property=\"og:image:type\" content=\"image\/jpeg\" \/>\n<meta name=\"twitter:card\" content=\"summary_large_image\" \/>\n<meta name=\"twitter:label1\" content=\"Ansl. lesetid\" \/>\n\t<meta name=\"twitter:data1\" content=\"1 minutt\" \/>\n<script type=\"application\/ld+json\" class=\"yoast-schema-graph\">{\"@context\":\"https:\/\/schema.org\",\"@graph\":[{\"@type\":\"WebPage\",\"@id\":\"https:\/\/www.distribucionarc.com\/producto\/trituradora-de-hielo-batidora-profesional\/\",\"url\":\"https:\/\/www.distribucionarc.com\/producto\/trituradora-de-hielo-batidora-profesional\/\",\"name\":\"Trituradora de hielo Batidora profesional - distribuci\u00f3n ARC\",\"isPartOf\":{\"@id\":\"https:\/\/www.distribucionarc.com\/de\/#website\"},\"primaryImageOfPage\":{\"@id\":\"https:\/\/www.distribucionarc.com\/producto\/trituradora-de-hielo-batidora-profesional\/#primaryimage\"},\"image\":{\"@id\":\"https:\/\/www.distribucionarc.com\/producto\/trituradora-de-hielo-batidora-profesional\/#primaryimage\"},\"thumbnailUrl\":\"https:\/\/distribucionarc.com\/wp-content\/uploads\/2020\/07\/Trituradora-hielo-Batidora-profesional-0.jpg\",\"datePublished\":\"2020-07-20T15:50:14+00:00\",\"dateModified\":\"2020-09-27T09:32:40+00:00\",\"breadcrumb\":{\"@id\":\"https:\/\/www.distribucionarc.com\/producto\/trituradora-de-hielo-batidora-profesional\/#breadcrumb\"},\"inLanguage\":\"nb-NO\",\"potentialAction\":[{\"@type\":\"ReadAction\",\"target\":[\"https:\/\/www.distribucionarc.com\/producto\/trituradora-de-hielo-batidora-profesional\/\"]}]},{\"@type\":\"ImageObject\",\"inLanguage\":\"nb-NO\",\"@id\":\"https:\/\/www.distribucionarc.com\/producto\/trituradora-de-hielo-batidora-profesional\/#primaryimage\",\"url\":\"https:\/\/distribucionarc.com\/wp-content\/uploads\/2020\/07\/Trituradora-hielo-Batidora-profesional-0.jpg\",\"contentUrl\":\"https:\/\/distribucionarc.com\/wp-content\/uploads\/2020\/07\/Trituradora-hielo-Batidora-profesional-0.jpg\",\"width\":1600,\"height\":1600,\"caption\":\"Trituradora hielo batidora profesional\"},{\"@type\":\"BreadcrumbList\",\"@id\":\"https:\/\/www.distribucionarc.com\/producto\/trituradora-de-hielo-batidora-profesional\/#breadcrumb\",\"itemListElement\":[{\"@type\":\"ListItem\",\"position\":1,\"name\":\"Portada\",\"item\":\"https:\/\/www.distribucionarc.com\/en\/\"},{\"@type\":\"ListItem\",\"position\":2,\"name\":\"Products\",\"item\":\"https:\/\/www.distribucionarc.com\/en\/shop\/\"},{\"@type\":\"ListItem\",\"position\":3,\"name\":\"Trituradora de hielo Batidora profesional\"}]},{\"@type\":\"WebSite\",\"@id\":\"https:\/\/www.distribucionarc.com\/de\/#website\",\"url\":\"https:\/\/www.distribucionarc.com\/de\/\",\"name\":\"distribuci\u00f3n ARC\",\"description\":\"Empresa especializada en la fabricaci\u00f3n y distribuci\u00f3n de maquinaria industrial, selladoras de latas, Maquinas de hacer pastillas, Maquinas de cortar carne...\",\"publisher\":{\"@id\":\"https:\/\/www.distribucionarc.com\/de\/#organization\"},\"potentialAction\":[{\"@type\":\"SearchAction\",\"target\":{\"@type\":\"EntryPoint\",\"urlTemplate\":\"https:\/\/www.distribucionarc.com\/de\/?s={search_term_string}\"},\"query-input\":{\"@type\":\"PropertyValueSpecification\",\"valueRequired\":true,\"valueName\":\"search_term_string\"}}],\"inLanguage\":\"nb-NO\"},{\"@type\":\"Organization\",\"@id\":\"https:\/\/www.distribucionarc.com\/de\/#organization\",\"name\":\"Distribuci\u00f3n ARC\",\"url\":\"https:\/\/www.distribucionarc.com\/de\/\",\"logo\":{\"@type\":\"ImageObject\",\"inLanguage\":\"nb-NO\",\"@id\":\"https:\/\/www.distribucionarc.com\/de\/#\/schema\/logo\/image\/\",\"url\":\"https:\/\/distribucionarc.com\/wp-content\/uploads\/2024\/10\/distribucion-ARC-COLOR-SIN-FONDO-e1732295305345.png\",\"contentUrl\":\"https:\/\/distribucionarc.com\/wp-content\/uploads\/2024\/10\/distribucion-ARC-COLOR-SIN-FONDO-e1732295305345.png\",\"width\":1164,\"height\":558,\"caption\":\"Distribuci\u00f3n ARC\"},\"image\":{\"@id\":\"https:\/\/www.distribucionarc.com\/de\/#\/schema\/logo\/image\/\"},\"description\":\"Empresa especializada en la fabricaci\u00f3n y distribuci\u00f3n de maquinaria industrial para los sectores alimentario y farmac\u00e9utico. Nos especializamos en: M\u00e1quinas de cortar carne Fabricaci\u00f3n de comprimidos Sistemas de transporte industrial L\u00edneas de embotellado Dosificadores Y mucho m\u00e1s... Ofrecemos soluciones innovadoras y personalizadas para optimizar los procesos productivos de tu empresa.\",\"email\":\"Admistracion@distribucionarc.com\",\"telephone\":\"+34 643496664\",\"legalName\":\"ARC TECH SOLUTIONS\",\"foundingDate\":\"2024-04-09\",\"vatID\":\"B55480172\",\"numberOfEmployees\":{\"@type\":\"QuantitativeValue\",\"minValue\":\"1\",\"maxValue\":\"10\"}}]}<\/script>\n<!-- \/ Yoast SEO Premium plugin. -->","yoast_head_json":{"title":"Ice Crusher Professional Blender - ARC distribusjon","robots":{"index":"index","follow":"follow","max-snippet":"max-snippet:-1","max-image-preview":"max-image-preview:large","max-video-preview":"max-video-preview:-1"},"canonical":"https:\/\/www.distribucionarc.com\/producto\/trituradora-de-hielo-batidora-profesional\/","og_locale":"nb_NO","og_type":"article","og_title":"Trituradora de hielo Batidora profesional","og_description":"Trituradora de hielo Batidora profesional En\u00a0ARC\u00a0siempre encontrar\u00e1s la\u00a0maquinaria para helados\u00a0para uso\u00a0comercial profesional\u00a0m\u00e1s innovadora del mercado por sus detalles elegantes, su cuidado en favorecer la producci\u00f3n y a su vez la calidad del producto, adem\u00e1s de ayudar en el consumo energ\u00e9tico con\u00a0m\u00e1quinas de helado de bajo consumo energ\u00e9tico.  La trituradora de hielo de 30 L de ARC es apta para hacer batidos de frutas a un ritmo muy r\u00e1pido, tambi\u00e9n resulta muy \u00fatil para fabricar tu propio hielo para granizados de sabores o cocktails. Ideal para restaurantes, ferias, camiones de alimentos, eventos y uso familiar. La trituradora profesional ARCMHG01 est\u00e1 equipado con un doble cierre de seguridad autom\u00e1tico funcional, que detiene el movimiento de la cuchilla cuando la tapa est\u00e1 abierta o cuando se retira el contenedor. Se incluyen ruedas para facilitar el movimiento. Es perfecto tanto para uso comercial por su incre\u00edble potencia. Garant\u00eda\u00a0ARC 2 A\u00d1OS Maquina para hacer helados eficiente, bajo consumo 2000w soporte t\u00e9cnico incluido  &nbsp;","og_url":"https:\/\/www.distribucionarc.com\/producto\/trituradora-de-hielo-batidora-profesional\/","og_site_name":"distribuci\u00f3n ARC","article_modified_time":"2020-09-27T09:32:40+00:00","og_image":[{"width":1600,"height":1600,"url":"https:\/\/www.distribucionarc.com\/wp-content\/uploads\/2020\/07\/Trituradora-hielo-Batidora-profesional-0.jpg","type":"image\/jpeg"}],"twitter_card":"summary_large_image","twitter_misc":{"Ansl. lesetid":"1 minutt"},"schema":{"@context":"https:\/\/schema.org","@graph":[{"@type":"WebPage","@id":"https:\/\/www.distribucionarc.com\/producto\/trituradora-de-hielo-batidora-profesional\/","url":"https:\/\/www.distribucionarc.com\/producto\/trituradora-de-hielo-batidora-profesional\/","name":"Ice Crusher Professional Blender - ARC distribusjon","isPartOf":{"@id":"https:\/\/www.distribucionarc.com\/de\/#website"},"primaryImageOfPage":{"@id":"https:\/\/www.distribucionarc.com\/producto\/trituradora-de-hielo-batidora-profesional\/#primaryimage"},"image":{"@id":"https:\/\/www.distribucionarc.com\/producto\/trituradora-de-hielo-batidora-profesional\/#primaryimage"},"thumbnailUrl":"https:\/\/distribucionarc.com\/wp-content\/uploads\/2020\/07\/Trituradora-hielo-Batidora-profesional-0.jpg","datePublished":"2020-07-20T15:50:14+00:00","dateModified":"2020-09-27T09:32:40+00:00","breadcrumb":{"@id":"https:\/\/www.distribucionarc.com\/producto\/trituradora-de-hielo-batidora-profesional\/#breadcrumb"},"inLanguage":"nb-NO","potentialAction":[{"@type":"ReadAction","target":["https:\/\/www.distribucionarc.com\/producto\/trituradora-de-hielo-batidora-profesional\/"]}]},{"@type":"ImageObject","inLanguage":"nb-NO","@id":"https:\/\/www.distribucionarc.com\/producto\/trituradora-de-hielo-batidora-profesional\/#primaryimage","url":"https:\/\/distribucionarc.com\/wp-content\/uploads\/2020\/07\/Trituradora-hielo-Batidora-profesional-0.jpg","contentUrl":"https:\/\/distribucionarc.com\/wp-content\/uploads\/2020\/07\/Trituradora-hielo-Batidora-profesional-0.jpg","width":1600,"height":1600,"caption":"Trituradora hielo batidora profesional"},{"@type":"BreadcrumbList","@id":"https:\/\/www.distribucionarc.com\/producto\/trituradora-de-hielo-batidora-profesional\/#breadcrumb","itemListElement":[{"@type":"ListItem","position":1,"name":"Portada","item":"https:\/\/www.distribucionarc.com\/en\/"},{"@type":"ListItem","position":2,"name":"Products","item":"https:\/\/www.distribucionarc.com\/en\/shop\/"},{"@type":"ListItem","position":3,"name":"Trituradora de hielo Batidora profesional"}]},{"@type":"WebSite","@id":"https:\/\/www.distribucionarc.com\/de\/#website","url":"https:\/\/www.distribucionarc.com\/de\/","name":"ARC distribusjon","description":"Selskapet har spesialisert seg p\u00e5 produksjon og distribusjon av industrimaskiner, hermetikkboksforseglingsmaskiner, tablettmaskiner, kj\u00f8ttskj\u00e6remaskiner og...","publisher":{"@id":"https:\/\/www.distribucionarc.com\/de\/#organization"},"potentialAction":[{"@type":"SearchAction","target":{"@type":"EntryPoint","urlTemplate":"https:\/\/www.distribucionarc.com\/de\/?s={search_term_string}"},"query-input":{"@type":"PropertyValueSpecification","valueRequired":true,"valueName":"search_term_string"}}],"inLanguage":"nb-NO"},{"@type":"Organization","@id":"https:\/\/www.distribucionarc.com\/de\/#organization","name":"ARC distribusjon","url":"https:\/\/www.distribucionarc.com\/de\/","logo":{"@type":"ImageObject","inLanguage":"nb-NO","@id":"https:\/\/www.distribucionarc.com\/de\/#\/schema\/logo\/image\/","url":"https:\/\/distribucionarc.com\/wp-content\/uploads\/2024\/10\/distribucion-ARC-COLOR-SIN-FONDO-e1732295305345.png","contentUrl":"https:\/\/distribucionarc.com\/wp-content\/uploads\/2024\/10\/distribucion-ARC-COLOR-SIN-FONDO-e1732295305345.png","width":1164,"height":558,"caption":"Distribuci\u00f3n ARC"},"image":{"@id":"https:\/\/www.distribucionarc.com\/de\/#\/schema\/logo\/image\/"},"description":"Selskap som har spesialisert seg p\u00e5 produksjon og distribusjon av industrimaskiner til n\u00e6ringsmiddel- og farmasisektoren. Vi er spesialister p\u00e5: Kj\u00f8ttskj\u00e6remaskiner Tablettilvirkning Industrielle transportsystemer Tappelinjer Dispensere Og mye mer... Vi tilbyr innovative og skreddersydde l\u00f8sninger for \u00e5 optimalisere bedriftens produksjonsprosesser.","email":"Admistracion@distribucionarc.com","telephone":"+34 643496664","legalName":"ARC TECH SOLUTIONS","foundingDate":"2024-04-09","vatID":"B55480172","numberOfEmployees":{"@type":"QuantitativeValue","minValue":"1","maxValue":"10"}}]}},"_links":{"self":[{"href":"https:\/\/distribucionarc.com\/nb\/wp-json\/wp\/v2\/product\/1292","targetHints":{"allow":["GET"]}}],"collection":[{"href":"https:\/\/distribucionarc.com\/nb\/wp-json\/wp\/v2\/product"}],"about":[{"href":"https:\/\/distribucionarc.com\/nb\/wp-json\/wp\/v2\/types\/product"}],"replies":[{"embeddable":true,"href":"https:\/\/distribucionarc.com\/nb\/wp-json\/wp\/v2\/comments?post=1292"}],"version-history":[{"count":0,"href":"https:\/\/distribucionarc.com\/nb\/wp-json\/wp\/v2\/product\/1292\/revisions"}],"wp:featuredmedia":[{"embeddable":true,"href":"https:\/\/distribucionarc.com\/nb\/wp-json\/wp\/v2\/media\/1300"}],"wp:attachment":[{"href":"https:\/\/distribucionarc.com\/nb\/wp-json\/wp\/v2\/media?parent=1292"}],"wp:term":[{"taxonomy":"product_brand","embeddable":true,"href":"https:\/\/distribucionarc.com\/nb\/wp-json\/wp\/v2\/product_brand?post=1292"},{"taxonomy":"product_cat","embeddable":true,"href":"https:\/\/distribucionarc.com\/nb\/wp-json\/wp\/v2\/product_cat?post=1292"},{"taxonomy":"product_tag","embeddable":true,"href":"https:\/\/distribucionarc.com\/nb\/wp-json\/wp\/v2\/product_tag?post=1292"}],"curies":[{"name":"wp","href":"https:\/\/api.w.org\/{rel}","templated":true}]}}