{"id":1321,"date":"2020-07-23T09:34:42","date_gmt":"2020-07-23T09:34:42","guid":{"rendered":"https:\/\/distribucionarc.com\/?post_type=product&#038;p=1321"},"modified":"2020-09-25T10:55:48","modified_gmt":"2020-09-25T10:55:48","slug":"3m-manuell-honningavtrekker","status":"publish","type":"product","link":"https:\/\/distribucionarc.com\/nb\/producto\/extractor-de-miel-manual-3m\/","title":{"rendered":"3M manuell honningavtrekker"},"content":{"rendered":"<h3><strong>3M manuell honningavtrekker<\/strong><\/h3>\n<p>Dette\u00a0<strong>industriell maskin<\/strong>\u00a0til\u00a0<strong>bir\u00f8kt<\/strong>\u00a0Har en h\u00f8ykvalitets kropp i polert rustfritt st\u00e5l og bikuberamme for rust- og slitestyrke. S\u00f8ml\u00f8s sveisekonstruksjon vil gj\u00f8re det enkelt for deg \u00e5 vedlikeholde og rengj\u00f8re maskinen. Kompakt og designet for \u00e5 gi deg mer stabilitet<\/p>\n<p>Med\u00a0<strong>honningavtrekker\u00a0<\/strong><span style=\"color: #ff0000\"><strong>TIL<\/strong><\/span><span style=\"color: #0000ff\"><strong>R<\/strong><\/span><strong>CEM01,<\/strong>\u00a0Betjeningsmetoden er enkel, sparer tid og arbeid. De\u00a0<strong>bir\u00f8ktermaskiner<\/strong>\u00a0av\u00a0<span style=\"color: #ff0000\"><strong>TIL<\/strong><\/span><span style=\"color: #0000ff\"><strong>R<\/strong><\/span><strong>c<\/strong>\u00a0Den er designet for tungt arbeid, h\u00e5ndterer opptil 3 standardrammer p\u00e5 lav, middels og h\u00f8y dybde, det lukkede utstyret p\u00e5 rammen hjelper til \u00e5 ikke forurense\u00a0<strong>Honning<\/strong>.<br \/>\nDen integrerte fortykkede bjelken er konstruert av slitesterk aluminiumslegering som er sterkere og mer stabil. Ingen skarpe kanter for \u00e5 unng\u00e5 forurensning av<strong>\u00a0Honning<\/strong>\u00a0og gi sikrere h\u00e5ndtering.<br \/>\nDen har 2 gjennomsiktige deksler for \u00e5 tillate observasjon under prosessen med\u00a0<strong>utvinning<\/strong>. Porten\u00a0<strong>designet for honning<\/strong>\u00a0p\u00e5 bunnen av tanken lar honningen flyte etter \u00f8nske.<\/p>\n<p>Bruken av\u00a0<span style=\"color: #ff0000\"><strong>TIL<\/strong><\/span><span style=\"color: #0000ff\"><strong>R<\/strong><\/span><strong>CEM01<\/strong>\u00a0vil hjelpe deg i prosessen\u00a0<strong>lage honning<\/strong>\u00a0for sin bekvemmelighet og enkel behandling, s\u00e5 enkelt som \u00e5 plassere<strong>\u00a0honningkake<\/strong>\u00a0i rammene og p\u00e5 sv\u00e6rt kort tid skaffe produktet. Ideell for hobbyen eller\u00a0<strong>liten bir\u00f8kter<\/strong>.<\/p>\n<h6 style=\"font-weight: inherit\"><strong style=\"font-style: inherit\">Garanti\u00a0<\/strong><span style=\"color: #ff0000\"><strong>TIL<\/strong><\/span><span style=\"color: #0000ff\"><strong>R<\/strong><\/span><strong>C 2 \u00c5R<\/strong><\/h6>\n<h6 style=\"font-weight: inherit\"><strong style=\"font-style: inherit\">teknisk st\u00f8tte inkludert<\/strong><\/h6>\n<p>&nbsp;<\/p>\n<p>&nbsp;<\/p>\n<table width=\"100%\">\n<tbody>\n<tr>\n<td>fyr:<\/td>\n<td width=\"50%\">H\u00e5ndbok<\/td>\n<td colspan=\"2\" width=\"327\"><\/td>\n<\/tr>\n<tr>\n<td>Distribusjonsland:<\/td>\n<td width=\"50%\">Spania, Tyskland, USA<\/td>\n<td>Vekt:<\/td>\n<td width=\"50%\">13 kg<\/td>\n<\/tr>\n<tr>\n<td>Merke:<\/td>\n<td width=\"50%\">BUE<\/td>\n<td>H\u00f8yde:<\/td>\n<td width=\"50%\">85 cm<\/td>\n<\/tr>\n<tr>\n<td>Farge:<\/td>\n<td width=\"50%\">S\u00f8lv<\/td>\n<td>Lang:<\/td>\n<td width=\"50%\">\u00a038 cm<\/td>\n<\/tr>\n<tr>\n<td>Produkttype:<\/td>\n<td width=\"50%\">Honningavtrekker<\/td>\n<td>Bred:<\/td>\n<td width=\"50%\">38 cm<\/td>\n<\/tr>\n<tr>\n<td>Produsentnummer:<\/td>\n<td width=\"50%\">ARCEM01<\/td>\n<td>Produksjon:<\/td>\n<td width=\"50%\">3 merker<\/td>\n<\/tr>\n<tr>\n<td>Materiale:<\/td>\n<td width=\"50%\">rustfritt st\u00e5l, aluminiumslegering<\/td>\n<td>Kranst\u00f8rrelse:<\/td>\n<td width=\"50%\">5 cm<\/td>\n<\/tr>\n<tr>\n<td>T\u00f8nnedimensjoner:<\/td>\n<td width=\"50%\">38 cm Diameter<\/td>\n<td>Garanti:<\/td>\n<td width=\"50%\">2 \u00c5R<\/td>\n<\/tr>\n<tr>\n<td>T\u00f8nneh\u00f8yde:<\/td>\n<td width=\"50%\">60 cm<\/td>\n<td><\/td>\n<td width=\"50%\"><\/td>\n<\/tr>\n<\/tbody>\n<\/table>","protected":false},"excerpt":{"rendered":"<h2>3M manuell honningavtrekker<\/h2>\n<p>Han<strong style=\"font-style: inherit\">\u00a0Manuell honningavtrekker<\/strong> av <strong><span style=\"color: #ff0000\">TIL<\/span><span style=\"color: #0000ff\">R<\/span>c<\/strong> <span style=\"font-size: 16px\">\u00a0Den er designet for \u00e5 behandle 3 rammer, den er laget av ekstremt holdbart rustfritt st\u00e5l. Dette\u00a0<\/span><strong style=\"font-style: inherit\">bir\u00f8ktermaskiner<\/strong><span style=\"font-size: 16px\">\u00a0er gitt til en<\/span><strong style=\"font-style: inherit\">\u00a0usl\u00e5elig pris<\/strong><span style=\"font-size: 16px\">\u00a0for deres omsorg i produksjonen av honning og deres toppkvalitetsmaterialer.<\/span><\/p>\n<p>Han\u00a0<strong style=\"font-style: inherit\">honningavtrekker<\/strong>Den leveres med 2 klare lokk og 2 sideh\u00e5ndtak for enkel b\u00e6ring. Den indre nedre delen av stilken er konisk i form. De\u00a0<strong style=\"font-style: inherit\">Honning<\/strong>\u00a0Den t\u00f8mmes fra 2 cm dispenseren med en l\u00e5seanordning. Han\u00a0<strong style=\"font-style: inherit\">honningavtrekker\u00a0<\/strong>\u00a0Den er designet for \u00e5 behandle 3<strong style=\"font-style: inherit\">\u00a0rammer<\/strong>\u00a0og er egnet for rammer med lav, middels og h\u00f8y dybde. Metallgirene er helt innvendige for \u00e5 forhindre kontaminering med honning. Han\u00a0<strong style=\"font-style: inherit\">honningavtrekker\u00a0<\/strong><span style=\"color: #ff0000\"><strong>TIL<\/strong><\/span><span style=\"color: #0000ff\"><strong>R<\/strong><\/span><strong>CEM01<\/strong>\u00a0Den er en av f\u00e5 p\u00e5 markedet utstyrt med et lavere forh\u00f8yet lager som hindrer penetrering av den utvunnede honningen. Den speilpolerte finishen i rustfritt st\u00e5l gir den sv\u00e6rt elegante funksjoner.<\/p>\n<h6 style=\"font-weight: inherit\"><strong style=\"font-style: inherit\">Garanti\u00a0<\/strong><span style=\"color: #ff0000\"><strong>TIL<\/strong><\/span><span style=\"color: #0000ff\"><strong>R<\/strong><\/span><strong>C 2 \u00c5R<\/strong><\/h6>\n<h6 style=\"font-weight: inherit\"><strong style=\"font-style: inherit\">teknisk st\u00f8tte inkludert<\/strong><\/h6>","protected":false},"featured_media":1332,"comment_status":"open","ping_status":"closed","template":"","meta":{"wds_primary_product_brand":0,"wds_primary_product_cat":0},"product_brand":[],"product_cat":[30],"product_tag":[],"class_list":{"0":"post-1321","1":"product","2":"type-product","3":"status-publish","4":"has-post-thumbnail","6":"product_cat-maquinaria-apicola","7":"product_shipping_class-express","9":"first","10":"instock","11":"sale","12":"taxable","13":"shipping-taxable","14":"purchasable","15":"product-type-simple"},"yoast_head":"<!-- This site is optimized with the Yoast SEO Premium plugin v24.9 (Yoast SEO v26.1) - https:\/\/yoast.com\/wordpress\/plugins\/seo\/ -->\n<title>Extractor de miel manual 3M - distribuci\u00f3n ARC<\/title>\n<meta name=\"robots\" content=\"index, follow, max-snippet:-1, max-image-preview:large, max-video-preview:-1\" \/>\n<link rel=\"canonical\" href=\"https:\/\/distribucionarc.com\/nb\/produkter\/3m-manuell-honningavtrekker\/\" \/>\n<meta property=\"og:locale\" content=\"nb_NO\" \/>\n<meta property=\"og:type\" content=\"article\" \/>\n<meta property=\"og:title\" content=\"Extractor de miel manual 3M\" \/>\n<meta property=\"og:description\" content=\"Extractor de miel manual 3M El\u00a0Extractor de miel manual de ARC \u00a0est\u00e1 dise\u00f1ada para procesar 3 marcos, est\u00e1 hecho de acero inoxidable extremadamente duradero. Esta\u00a0maquinaria ap\u00edcola\u00a0se proporciona a un\u00a0precio inmejorable\u00a0por su cuidado en la elaboraci\u00f3n de la miel y sus materiales de primera calidad.  El\u00a0extractor de miel viene con 2 tapas transparentes y 2 asas laterales para facilitar el transporte. La parte inferior interna del tallo tiene forma c\u00f3nica. La\u00a0miel\u00a0se descarga del dispensador de 2 cm con un dispositivo de bloqueo. El\u00a0extractor de miel\u00a0\u00a0est\u00e1 dise\u00f1ado para procesar 3\u00a0marcos\u00a0y es adecuado para marcos de baja, media y alta profundidad. Los engranajes met\u00e1licos son totalmente internos para evitar que se ensucie con la miel. El\u00a0extractor de miel\u00a0ARCEM01\u00a0es uno de los pocos en el mercado equipado con un rodamiento elevado m\u00e1s bajo que impide la penetraci\u00f3n de la miel extra\u00edda. El acabado de acero inoxidable pulido espejo le da unas caracter\u00edsticas muy elegantes. Garant\u00eda\u00a0ARC 2 A\u00d1OS soporte t\u00e9cnico\u00a0incluido\" \/>\n<meta property=\"og:url\" content=\"https:\/\/distribucionarc.com\/nb\/produkter\/3m-manuell-honningavtrekker\/\" \/>\n<meta property=\"og:site_name\" content=\"distribuci\u00f3n ARC\" \/>\n<meta property=\"article:modified_time\" content=\"2020-09-25T10:55:48+00:00\" \/>\n<meta property=\"og:image\" content=\"https:\/\/distribucionarc.com\/wp-content\/uploads\/2020\/07\/Extractor-de-miel-manual-3M-2.jpg\" \/>\n\t<meta property=\"og:image:width\" content=\"1600\" \/>\n\t<meta property=\"og:image:height\" content=\"1600\" \/>\n\t<meta property=\"og:image:type\" content=\"image\/jpeg\" \/>\n<meta name=\"twitter:card\" content=\"summary_large_image\" \/>\n<meta name=\"twitter:label1\" content=\"Ansl. lesetid\" \/>\n\t<meta name=\"twitter:data1\" content=\"2 minutter\" \/>\n<script type=\"application\/ld+json\" class=\"yoast-schema-graph\">{\"@context\":\"https:\/\/schema.org\",\"@graph\":[{\"@type\":\"WebPage\",\"@id\":\"https:\/\/distribucionarc.com\/sk\/producto\/extractor-de-miel-manual-3m\/\",\"url\":\"https:\/\/distribucionarc.com\/sk\/producto\/extractor-de-miel-manual-3m\/\",\"name\":\"Extractor de miel manual 3M - distribuci\u00f3n ARC\",\"isPartOf\":{\"@id\":\"https:\/\/distribucionarc.com\/ro\/#website\"},\"primaryImageOfPage\":{\"@id\":\"https:\/\/distribucionarc.com\/sk\/producto\/extractor-de-miel-manual-3m\/#primaryimage\"},\"image\":{\"@id\":\"https:\/\/distribucionarc.com\/sk\/producto\/extractor-de-miel-manual-3m\/#primaryimage\"},\"thumbnailUrl\":\"https:\/\/distribucionarc.com\/wp-content\/uploads\/2020\/07\/Extractor-de-miel-manual-3M-2.jpg\",\"datePublished\":\"2020-07-23T09:34:42+00:00\",\"dateModified\":\"2020-09-25T10:55:48+00:00\",\"breadcrumb\":{\"@id\":\"https:\/\/distribucionarc.com\/sk\/producto\/extractor-de-miel-manual-3m\/#breadcrumb\"},\"inLanguage\":\"nb-NO\",\"potentialAction\":[{\"@type\":\"ReadAction\",\"target\":[\"https:\/\/distribucionarc.com\/sk\/producto\/extractor-de-miel-manual-3m\/\"]}]},{\"@type\":\"ImageObject\",\"inLanguage\":\"nb-NO\",\"@id\":\"https:\/\/distribucionarc.com\/sk\/producto\/extractor-de-miel-manual-3m\/#primaryimage\",\"url\":\"https:\/\/distribucionarc.com\/wp-content\/uploads\/2020\/07\/Extractor-de-miel-manual-3M-2.jpg\",\"contentUrl\":\"https:\/\/distribucionarc.com\/wp-content\/uploads\/2020\/07\/Extractor-de-miel-manual-3M-2.jpg\",\"width\":1600,\"height\":1600,\"caption\":\"Extractor de miel manual 3M\"},{\"@type\":\"BreadcrumbList\",\"@id\":\"https:\/\/distribucionarc.com\/sk\/producto\/extractor-de-miel-manual-3m\/#breadcrumb\",\"itemListElement\":[{\"@type\":\"ListItem\",\"position\":1,\"name\":\"Portada\",\"item\":\"https:\/\/distribucionarc.com\/ar\/\"},{\"@type\":\"ListItem\",\"position\":2,\"name\":\"Proizvodi\",\"item\":\"https:\/\/www.distribucionarc.com\/hr\/ducan\/\"},{\"@type\":\"ListItem\",\"position\":3,\"name\":\"Extractor de miel manual 3M\"}]},{\"@type\":\"WebSite\",\"@id\":\"https:\/\/distribucionarc.com\/ro\/#website\",\"url\":\"https:\/\/distribucionarc.com\/ro\/\",\"name\":\"distribuci\u00f3n ARC\",\"description\":\"Empresa especializada en la fabricaci\u00f3n y distribuci\u00f3n de maquinaria industrial, selladoras de latas, Maquinas de hacer pastillas, Maquinas de cortar carne...\",\"publisher\":{\"@id\":\"https:\/\/distribucionarc.com\/ro\/#organization\"},\"potentialAction\":[{\"@type\":\"SearchAction\",\"target\":{\"@type\":\"EntryPoint\",\"urlTemplate\":\"https:\/\/distribucionarc.com\/ro\/?s={search_term_string}\"},\"query-input\":{\"@type\":\"PropertyValueSpecification\",\"valueRequired\":true,\"valueName\":\"search_term_string\"}}],\"inLanguage\":\"nb-NO\"},{\"@type\":\"Organization\",\"@id\":\"https:\/\/distribucionarc.com\/ro\/#organization\",\"name\":\"Distribuci\u00f3n ARC\",\"url\":\"https:\/\/distribucionarc.com\/ro\/\",\"logo\":{\"@type\":\"ImageObject\",\"inLanguage\":\"nb-NO\",\"@id\":\"https:\/\/distribucionarc.com\/ro\/#\/schema\/logo\/image\/\",\"url\":\"https:\/\/distribucionarc.com\/wp-content\/uploads\/2024\/10\/distribucion-ARC-COLOR-SIN-FONDO-e1732295305345.png\",\"contentUrl\":\"https:\/\/distribucionarc.com\/wp-content\/uploads\/2024\/10\/distribucion-ARC-COLOR-SIN-FONDO-e1732295305345.png\",\"width\":1164,\"height\":558,\"caption\":\"Distribuci\u00f3n ARC\"},\"image\":{\"@id\":\"https:\/\/distribucionarc.com\/ro\/#\/schema\/logo\/image\/\"},\"description\":\"Empresa especializada en la fabricaci\u00f3n y distribuci\u00f3n de maquinaria industrial para los sectores alimentario y farmac\u00e9utico. Nos especializamos en: M\u00e1quinas de cortar carne Fabricaci\u00f3n de comprimidos Sistemas de transporte industrial L\u00edneas de embotellado Dosificadores Y mucho m\u00e1s... Ofrecemos soluciones innovadoras y personalizadas para optimizar los procesos productivos de tu empresa.\",\"email\":\"Admistracion@distribucionarc.com\",\"telephone\":\"+34 643496664\",\"legalName\":\"ARC TECH SOLUTIONS\",\"foundingDate\":\"2024-04-09\",\"vatID\":\"B55480172\",\"numberOfEmployees\":{\"@type\":\"QuantitativeValue\",\"minValue\":\"1\",\"maxValue\":\"10\"}}]}<\/script>\n<!-- \/ Yoast SEO Premium plugin. -->","yoast_head_json":{"title":"3M manuell honningekstraktor - ARC-distribusjon","robots":{"index":"index","follow":"follow","max-snippet":"max-snippet:-1","max-image-preview":"max-image-preview:large","max-video-preview":"max-video-preview:-1"},"canonical":"https:\/\/distribucionarc.com\/nb\/produkter\/3m-manuell-honningavtrekker\/","og_locale":"nb_NO","og_type":"article","og_title":"Extractor de miel manual 3M","og_description":"Extractor de miel manual 3M El\u00a0Extractor de miel manual de ARC \u00a0est\u00e1 dise\u00f1ada para procesar 3 marcos, est\u00e1 hecho de acero inoxidable extremadamente duradero. Esta\u00a0maquinaria ap\u00edcola\u00a0se proporciona a un\u00a0precio inmejorable\u00a0por su cuidado en la elaboraci\u00f3n de la miel y sus materiales de primera calidad.  El\u00a0extractor de miel viene con 2 tapas transparentes y 2 asas laterales para facilitar el transporte. La parte inferior interna del tallo tiene forma c\u00f3nica. La\u00a0miel\u00a0se descarga del dispensador de 2 cm con un dispositivo de bloqueo. El\u00a0extractor de miel\u00a0\u00a0est\u00e1 dise\u00f1ado para procesar 3\u00a0marcos\u00a0y es adecuado para marcos de baja, media y alta profundidad. Los engranajes met\u00e1licos son totalmente internos para evitar que se ensucie con la miel. El\u00a0extractor de miel\u00a0ARCEM01\u00a0es uno de los pocos en el mercado equipado con un rodamiento elevado m\u00e1s bajo que impide la penetraci\u00f3n de la miel extra\u00edda. El acabado de acero inoxidable pulido espejo le da unas caracter\u00edsticas muy elegantes. Garant\u00eda\u00a0ARC 2 A\u00d1OS soporte t\u00e9cnico\u00a0incluido","og_url":"https:\/\/distribucionarc.com\/nb\/produkter\/3m-manuell-honningavtrekker\/","og_site_name":"distribuci\u00f3n ARC","article_modified_time":"2020-09-25T10:55:48+00:00","og_image":[{"width":1600,"height":1600,"url":"https:\/\/distribucionarc.com\/wp-content\/uploads\/2020\/07\/Extractor-de-miel-manual-3M-2.jpg","type":"image\/jpeg"}],"twitter_card":"summary_large_image","twitter_misc":{"Ansl. lesetid":"2 minutter"},"schema":{"@context":"https:\/\/schema.org","@graph":[{"@type":"WebPage","@id":"https:\/\/distribucionarc.com\/sk\/producto\/extractor-de-miel-manual-3m\/","url":"https:\/\/distribucionarc.com\/sk\/producto\/extractor-de-miel-manual-3m\/","name":"3M manuell honningekstraktor - ARC-distribusjon","isPartOf":{"@id":"https:\/\/distribucionarc.com\/ro\/#website"},"primaryImageOfPage":{"@id":"https:\/\/distribucionarc.com\/sk\/producto\/extractor-de-miel-manual-3m\/#primaryimage"},"image":{"@id":"https:\/\/distribucionarc.com\/sk\/producto\/extractor-de-miel-manual-3m\/#primaryimage"},"thumbnailUrl":"https:\/\/distribucionarc.com\/wp-content\/uploads\/2020\/07\/Extractor-de-miel-manual-3M-2.jpg","datePublished":"2020-07-23T09:34:42+00:00","dateModified":"2020-09-25T10:55:48+00:00","breadcrumb":{"@id":"https:\/\/distribucionarc.com\/sk\/producto\/extractor-de-miel-manual-3m\/#breadcrumb"},"inLanguage":"nb-NO","potentialAction":[{"@type":"ReadAction","target":["https:\/\/distribucionarc.com\/sk\/producto\/extractor-de-miel-manual-3m\/"]}]},{"@type":"ImageObject","inLanguage":"nb-NO","@id":"https:\/\/distribucionarc.com\/sk\/producto\/extractor-de-miel-manual-3m\/#primaryimage","url":"https:\/\/distribucionarc.com\/wp-content\/uploads\/2020\/07\/Extractor-de-miel-manual-3M-2.jpg","contentUrl":"https:\/\/distribucionarc.com\/wp-content\/uploads\/2020\/07\/Extractor-de-miel-manual-3M-2.jpg","width":1600,"height":1600,"caption":"Extractor de miel manual 3M"},{"@type":"BreadcrumbList","@id":"https:\/\/distribucionarc.com\/sk\/producto\/extractor-de-miel-manual-3m\/#breadcrumb","itemListElement":[{"@type":"ListItem","position":1,"name":"Portada","item":"https:\/\/distribucionarc.com\/ar\/"},{"@type":"ListItem","position":2,"name":"Proizvodi","item":"https:\/\/www.distribucionarc.com\/hr\/ducan\/"},{"@type":"ListItem","position":3,"name":"Extractor de miel manual 3M"}]},{"@type":"WebSite","@id":"https:\/\/distribucionarc.com\/ro\/#website","url":"https:\/\/distribucionarc.com\/ro\/","name":"ARC distribusjon","description":"Selskapet har spesialisert seg p\u00e5 produksjon og distribusjon av industrimaskiner, hermetikkboksforseglingsmaskiner, tablettmaskiner, kj\u00f8ttskj\u00e6remaskiner og...","publisher":{"@id":"https:\/\/distribucionarc.com\/ro\/#organization"},"potentialAction":[{"@type":"SearchAction","target":{"@type":"EntryPoint","urlTemplate":"https:\/\/distribucionarc.com\/ro\/?s={search_term_string}"},"query-input":{"@type":"PropertyValueSpecification","valueRequired":true,"valueName":"search_term_string"}}],"inLanguage":"nb-NO"},{"@type":"Organization","@id":"https:\/\/distribucionarc.com\/ro\/#organization","name":"ARC distribusjon","url":"https:\/\/distribucionarc.com\/ro\/","logo":{"@type":"ImageObject","inLanguage":"nb-NO","@id":"https:\/\/distribucionarc.com\/ro\/#\/schema\/logo\/image\/","url":"https:\/\/distribucionarc.com\/wp-content\/uploads\/2024\/10\/distribucion-ARC-COLOR-SIN-FONDO-e1732295305345.png","contentUrl":"https:\/\/distribucionarc.com\/wp-content\/uploads\/2024\/10\/distribucion-ARC-COLOR-SIN-FONDO-e1732295305345.png","width":1164,"height":558,"caption":"Distribuci\u00f3n ARC"},"image":{"@id":"https:\/\/distribucionarc.com\/ro\/#\/schema\/logo\/image\/"},"description":"Selskap som har spesialisert seg p\u00e5 produksjon og distribusjon av industrimaskiner til n\u00e6ringsmiddel- og farmasisektoren. Vi er spesialister p\u00e5: Kj\u00f8ttskj\u00e6remaskiner Tablettilvirkning Industrielle transportsystemer Tappelinjer Dispensere Og mye mer... Vi tilbyr innovative og skreddersydde l\u00f8sninger for \u00e5 optimalisere bedriftens produksjonsprosesser.","email":"Admistracion@distribucionarc.com","telephone":"+34 643496664","legalName":"ARC TECH SOLUTIONS","foundingDate":"2024-04-09","vatID":"B55480172","numberOfEmployees":{"@type":"QuantitativeValue","minValue":"1","maxValue":"10"}}]}},"_links":{"self":[{"href":"https:\/\/distribucionarc.com\/nb\/wp-json\/wp\/v2\/product\/1321","targetHints":{"allow":["GET"]}}],"collection":[{"href":"https:\/\/distribucionarc.com\/nb\/wp-json\/wp\/v2\/product"}],"about":[{"href":"https:\/\/distribucionarc.com\/nb\/wp-json\/wp\/v2\/types\/product"}],"replies":[{"embeddable":true,"href":"https:\/\/distribucionarc.com\/nb\/wp-json\/wp\/v2\/comments?post=1321"}],"version-history":[{"count":0,"href":"https:\/\/distribucionarc.com\/nb\/wp-json\/wp\/v2\/product\/1321\/revisions"}],"wp:featuredmedia":[{"embeddable":true,"href":"https:\/\/distribucionarc.com\/nb\/wp-json\/wp\/v2\/media\/1332"}],"wp:attachment":[{"href":"https:\/\/distribucionarc.com\/nb\/wp-json\/wp\/v2\/media?parent=1321"}],"wp:term":[{"taxonomy":"product_brand","embeddable":true,"href":"https:\/\/distribucionarc.com\/nb\/wp-json\/wp\/v2\/product_brand?post=1321"},{"taxonomy":"product_cat","embeddable":true,"href":"https:\/\/distribucionarc.com\/nb\/wp-json\/wp\/v2\/product_cat?post=1321"},{"taxonomy":"product_tag","embeddable":true,"href":"https:\/\/distribucionarc.com\/nb\/wp-json\/wp\/v2\/product_tag?post=1321"}],"curies":[{"name":"wp","href":"https:\/\/api.w.org\/{rel}","templated":true}]}}