{"id":1380,"date":"2020-07-23T16:14:34","date_gmt":"2020-07-23T16:14:34","guid":{"rendered":"https:\/\/distribucionarc.com\/?post_type=product&#038;p=1380"},"modified":"2020-09-27T09:44:03","modified_gmt":"2020-09-27T09:44:03","slug":"manuell-smultringdispenser-5l","status":"publish","type":"product","link":"https:\/\/distribucionarc.com\/nb\/producto\/dosificador-rosquillera-manual-5l\/","title":{"rendered":"5L manuell smultringdispenser"},"content":{"rendered":"<h3>5L manuell smultringdispenser<\/h3>\n<p>Han <strong>smultringdispenser\u00a0<\/strong><strong style=\"font-size: 16px; font-style: normal;\"><span style=\"color: #ff0000;\">TIL<\/span><\/strong><strong style=\"font-size: 16px;\"><span style=\"color: #0000ff;\">R<\/span>c<\/strong><span style=\"font-size: 16px;\"> Den er laget av n\u00e6ringsmiddelgodkjent aluminium og rustfritt st\u00e5l, med en kompakt design. H\u00f8y temperaturbestandig og lett \u00e5 rengj\u00f8re.<\/span><\/p>\n<p><strong>Smultringmakeren <span style=\"color: #ff0000;\">TIL<\/span><span style=\"color: #0000ff;\">R<\/span>CMDM1<\/strong> Den leveres med en 5-liters beholder, som kan holde store mengder deig. Flere smultringer kan lages p\u00e5 \u00e9n lading, det er 6 niv\u00e5er tilgjengelig, kan justeres etter dine egne behov. Fleksibel og lett \u00e5 kontrollere tykkelsen p\u00e5 smultringformingen<\/p>\n<p>Den har en kontrollstang for enkel enh\u00e5ndsbetjening, med en energibesparende fj\u00e6r og et b\u00e6rbart h\u00e5ndtak av h\u00f8y kvalitet.<\/p>\n<p>Stativets design er praktisk for oppbevaring av smultringdispenseren. Det kan ogs\u00e5 effektivt forhindre at deigen flyter under drift.<\/p>\n<p>Enkel og praktisk betjening for \u00e5 lage smultringer. Mye brukt i restauranter, kafeer, bakerier, hjemmekj\u00f8kken, etc. Egnet for privat og kommersiell bruk.<\/p>\n<h6><\/h6>\n<h6><strong>Garanti\u00a0<span style=\"color: #ff0000;\">TIL<\/span><span style=\"color: #0000ff;\">R<\/span>c<\/strong><strong>\u00a02 \u00c5R<\/strong><\/h6>\n<h6><strong>teknisk st\u00f8tte inkludert<\/strong><\/h6>\n<p>&nbsp;<\/p>\n<p>&nbsp;<\/p>\n<table width=\"100%\">\n<tbody>\n<tr>\n<td>Merke:<\/td>\n<td width=\"32%\">BUE<\/td>\n<td>Vekt:<\/td>\n<td width=\"30%\">1 kg<\/td>\n<\/tr>\n<tr>\n<td>Distribusjonsland:<\/td>\n<td width=\"32%\">Spania, Tyskland, USA<\/td>\n<td>H\u00f8yde:<\/td>\n<td width=\"30%\">42 cm<\/td>\n<\/tr>\n<tr>\n<td>Farge:<\/td>\n<td width=\"32%\">S\u00f8lv<\/td>\n<td>Lang:<\/td>\n<td width=\"30%\">18 cm<\/td>\n<\/tr>\n<tr>\n<td>Produkttype:<\/td>\n<td width=\"32%\">Profesjonell smultringdispenser<\/td>\n<td>Bred:<\/td>\n<td width=\"30%\">18 cm<\/td>\n<\/tr>\n<tr>\n<td>Produsentnummer:<\/td>\n<td width=\"32%\">ARCMDM1<\/td>\n<td>Beholderst\u00f8rrelse:<\/td>\n<td width=\"30%\">5 L<\/td>\n<\/tr>\n<tr>\n<td>Materiale:<\/td>\n<td width=\"32%\">rustfritt st\u00e5l<\/td>\n<td>Garanti:<\/td>\n<td width=\"30%\">2 \u00c5R<\/td>\n<\/tr>\n<tr>\n<td>Smultringst\u00f8rrelse:<\/td>\n<td width=\"32%\">5 til 9 cm<\/td>\n<td>Mellomrom:<\/td>\n<td width=\"30%\">\u00a06 justerbare niv\u00e5er<\/td>\n<\/tr>\n<\/tbody>\n<\/table>","protected":false},"excerpt":{"rendered":"<h2>Manuell smultringdispenser 5 L<\/h2>\n<p>Dette\u00a0<strong>smultring maskin<\/strong>\u00a0av\u00a0<strong><span style=\"color: #ff0000;\">TIL<\/span><span style=\"color: #0000ff;\">R<\/span>c<\/strong>\u00a0Den er egnet for masseproduksjon eller til og med for produksjon <strong>ferske smultringer<\/strong> i store mengder slik at de beholder all tekstur og smak.<\/p>\n<p>Dette <strong>manuell smultringdispenser <span style=\"color: #ff0000;\">TIL<\/span><span style=\"color: #0000ff;\">R<\/span>CDMD1<\/strong> er designet for \u00e5 tillate deg \u00e5 lage deilig <strong>smultringer<\/strong> p\u00e5 den enkleste og raskeste m\u00e5ten. Den er ideell for <strong>smultringer<\/strong> perfekt utformede hjemmelagde. Aluminiumsmaterialet av matkvalitet sikrer en robust struktur og en kompakt design, dens 5 L trakt lar deg jobbe mer komfortabelt p\u00e5 grunn av mengden deig den kan lagre. Den innebygde kontrollstangen gj\u00f8r at beholderen kan <strong>smultringer<\/strong> operere med \u00e9n h\u00e5nd. Den er egnet for hjemmebruk og kommersiell bruk.<\/p>\n<h6><strong>Garanti\u00a0<span style=\"color: #ff0000;\">TIL<\/span><span style=\"color: #0000ff;\">R<\/span>c<\/strong><strong>\u00a02 \u00c5R<\/strong><\/h6>\n<h6><strong>teknisk st\u00f8tte inkludert<\/strong><\/h6>\n<div class=\"summary entry-summary\">\n<div class=\"quantity\"><label class=\"screen-reader-text\" for=\"quantity_5f19adf2dab21\">Profesjonell automatisk smultringmaskin mengde<\/label><\/div>\n<\/div>","protected":false},"featured_media":1387,"comment_status":"open","ping_status":"closed","template":"","meta":{"wds_primary_product_brand":0,"wds_primary_product_cat":0},"product_brand":[],"product_cat":[53],"product_tag":[],"class_list":{"0":"post-1380","1":"product","2":"type-product","3":"status-publish","4":"has-post-thumbnail","6":"product_cat-panaderia-y-pasteleria-industrial","7":"product_shipping_class-hosteleria","9":"first","10":"instock","11":"sale","12":"taxable","13":"shipping-taxable","14":"purchasable","15":"product-type-simple"},"yoast_head":"<!-- This site is optimized with the Yoast SEO Premium plugin v24.9 (Yoast SEO v26.1) - https:\/\/yoast.com\/wordpress\/plugins\/seo\/ -->\n<title>Dosificador rosquillera manual 5L - distribuci\u00f3n ARC<\/title>\n<meta name=\"robots\" content=\"index, follow, max-snippet:-1, max-image-preview:large, max-video-preview:-1\" \/>\n<link rel=\"canonical\" href=\"https:\/\/distribucionarc.com\/nb\/produkter\/manuell-smultringdispenser-5l\/\" \/>\n<meta property=\"og:locale\" content=\"nb_NO\" \/>\n<meta property=\"og:type\" content=\"article\" \/>\n<meta property=\"og:title\" content=\"Dosificador rosquillera manual 5L\" \/>\n<meta property=\"og:description\" content=\"Dosificador rosquillera manual 5 L Esta\u00a0m\u00e1quina de donuts\u00a0de\u00a0ARC\u00a0es la indicada para la producci\u00f3n en cadena o incluso para fabricar donuts frescos en gran cantidad para que conserven toda su textura y sabor.  Este dispensador manual de donuts ARCDMD1 est\u00e1 dise\u00f1ado para permitirle hacer deliciosas rosquillas de la forma m\u00e1s sencilla y r\u00e1pida. Es ideal para donuts caseros perfectamente formados. El material de aluminio de calidad alimentaria garantiza una estructura robusta y un dise\u00f1o compacto, su tolva de 5 L le permitir\u00e1 trabajar m\u00e1s c\u00f3modamente por la cantidad de masa que puede almacenar . La barra de control incorporada permite que la tolva de rosquillas funcione con una mano. Es adecuado para uso dom\u00e9stico y comercial. Garant\u00eda\u00a0ARC\u00a02 A\u00d1OS soporte t\u00e9cnico incluido  M\u00e1quina autom\u00e1tica para donuts o rosquillas profesional cantidad\" \/>\n<meta property=\"og:url\" content=\"https:\/\/distribucionarc.com\/nb\/produkter\/manuell-smultringdispenser-5l\/\" \/>\n<meta property=\"og:site_name\" content=\"distribuci\u00f3n ARC\" \/>\n<meta property=\"article:modified_time\" content=\"2020-09-27T09:44:03+00:00\" \/>\n<meta property=\"og:image\" content=\"https:\/\/distribucionarc.com\/wp-content\/uploads\/2020\/07\/Dosificador-rosquillera-manual-5L-0.jpg\" \/>\n\t<meta property=\"og:image:width\" content=\"1600\" \/>\n\t<meta property=\"og:image:height\" content=\"1600\" \/>\n\t<meta property=\"og:image:type\" content=\"image\/jpeg\" \/>\n<meta name=\"twitter:card\" content=\"summary_large_image\" \/>\n<meta name=\"twitter:label1\" content=\"Ansl. lesetid\" \/>\n\t<meta name=\"twitter:data1\" content=\"1 minutt\" \/>\n<script type=\"application\/ld+json\" class=\"yoast-schema-graph\">{\"@context\":\"https:\/\/schema.org\",\"@graph\":[{\"@type\":\"WebPage\",\"@id\":\"https:\/\/distribucionarc.com\/pl\/producto\/dosificador-rosquillera-manual-5l\/\",\"url\":\"https:\/\/distribucionarc.com\/pl\/producto\/dosificador-rosquillera-manual-5l\/\",\"name\":\"Dosificador rosquillera manual 5L - distribuci\u00f3n ARC\",\"isPartOf\":{\"@id\":\"https:\/\/distribucionarc.com\/de\/#website\"},\"primaryImageOfPage\":{\"@id\":\"https:\/\/distribucionarc.com\/pl\/producto\/dosificador-rosquillera-manual-5l\/#primaryimage\"},\"image\":{\"@id\":\"https:\/\/distribucionarc.com\/pl\/producto\/dosificador-rosquillera-manual-5l\/#primaryimage\"},\"thumbnailUrl\":\"https:\/\/distribucionarc.com\/wp-content\/uploads\/2020\/07\/Dosificador-rosquillera-manual-5L-0.jpg\",\"datePublished\":\"2020-07-23T16:14:34+00:00\",\"dateModified\":\"2020-09-27T09:44:03+00:00\",\"breadcrumb\":{\"@id\":\"https:\/\/distribucionarc.com\/pl\/producto\/dosificador-rosquillera-manual-5l\/#breadcrumb\"},\"inLanguage\":\"nb-NO\",\"potentialAction\":[{\"@type\":\"ReadAction\",\"target\":[\"https:\/\/distribucionarc.com\/pl\/producto\/dosificador-rosquillera-manual-5l\/\"]}]},{\"@type\":\"ImageObject\",\"inLanguage\":\"nb-NO\",\"@id\":\"https:\/\/distribucionarc.com\/pl\/producto\/dosificador-rosquillera-manual-5l\/#primaryimage\",\"url\":\"https:\/\/distribucionarc.com\/wp-content\/uploads\/2020\/07\/Dosificador-rosquillera-manual-5L-0.jpg\",\"contentUrl\":\"https:\/\/distribucionarc.com\/wp-content\/uploads\/2020\/07\/Dosificador-rosquillera-manual-5L-0.jpg\",\"width\":1600,\"height\":1600,\"caption\":\"Dosificador rosquillera manual 5L\"},{\"@type\":\"BreadcrumbList\",\"@id\":\"https:\/\/distribucionarc.com\/pl\/producto\/dosificador-rosquillera-manual-5l\/#breadcrumb\",\"itemListElement\":[{\"@type\":\"ListItem\",\"position\":1,\"name\":\"Portada\",\"item\":\"https:\/\/distribucionarc.com\/pl\/\"},{\"@type\":\"ListItem\",\"position\":2,\"name\":\"Produkty\",\"item\":\"https:\/\/distribucionarc.com\/pl\/shop\/\"},{\"@type\":\"ListItem\",\"position\":3,\"name\":\"Dosificador rosquillera manual 5L\"}]},{\"@type\":\"WebSite\",\"@id\":\"https:\/\/distribucionarc.com\/de\/#website\",\"url\":\"https:\/\/distribucionarc.com\/de\/\",\"name\":\"distribuci\u00f3n ARC\",\"description\":\"Empresa especializada en la fabricaci\u00f3n y distribuci\u00f3n de maquinaria industrial, selladoras de latas, Maquinas de hacer pastillas, Maquinas de cortar carne...\",\"publisher\":{\"@id\":\"https:\/\/distribucionarc.com\/de\/#organization\"},\"potentialAction\":[{\"@type\":\"SearchAction\",\"target\":{\"@type\":\"EntryPoint\",\"urlTemplate\":\"https:\/\/distribucionarc.com\/de\/?s={search_term_string}\"},\"query-input\":{\"@type\":\"PropertyValueSpecification\",\"valueRequired\":true,\"valueName\":\"search_term_string\"}}],\"inLanguage\":\"nb-NO\"},{\"@type\":\"Organization\",\"@id\":\"https:\/\/distribucionarc.com\/de\/#organization\",\"name\":\"Distribuci\u00f3n ARC\",\"url\":\"https:\/\/distribucionarc.com\/de\/\",\"logo\":{\"@type\":\"ImageObject\",\"inLanguage\":\"nb-NO\",\"@id\":\"https:\/\/distribucionarc.com\/de\/#\/schema\/logo\/image\/\",\"url\":\"https:\/\/distribucionarc.com\/wp-content\/uploads\/2024\/10\/distribucion-ARC-COLOR-SIN-FONDO-e1732295305345.png\",\"contentUrl\":\"https:\/\/distribucionarc.com\/wp-content\/uploads\/2024\/10\/distribucion-ARC-COLOR-SIN-FONDO-e1732295305345.png\",\"width\":1164,\"height\":558,\"caption\":\"Distribuci\u00f3n ARC\"},\"image\":{\"@id\":\"https:\/\/distribucionarc.com\/de\/#\/schema\/logo\/image\/\"},\"description\":\"Empresa especializada en la fabricaci\u00f3n y distribuci\u00f3n de maquinaria industrial para los sectores alimentario y farmac\u00e9utico. Nos especializamos en: M\u00e1quinas de cortar carne Fabricaci\u00f3n de comprimidos Sistemas de transporte industrial L\u00edneas de embotellado Dosificadores Y mucho m\u00e1s... Ofrecemos soluciones innovadoras y personalizadas para optimizar los procesos productivos de tu empresa.\",\"email\":\"Admistracion@distribucionarc.com\",\"telephone\":\"+34 643496664\",\"legalName\":\"ARC TECH SOLUTIONS\",\"foundingDate\":\"2024-04-09\",\"vatID\":\"B55480172\",\"numberOfEmployees\":{\"@type\":\"QuantitativeValue\",\"minValue\":\"1\",\"maxValue\":\"10\"}}]}<\/script>\n<!-- \/ Yoast SEO Premium plugin. -->","yoast_head_json":{"title":"Manuell smultringdispenser 5L - ARC distribusjon","robots":{"index":"index","follow":"follow","max-snippet":"max-snippet:-1","max-image-preview":"max-image-preview:large","max-video-preview":"max-video-preview:-1"},"canonical":"https:\/\/distribucionarc.com\/nb\/produkter\/manuell-smultringdispenser-5l\/","og_locale":"nb_NO","og_type":"article","og_title":"Dosificador rosquillera manual 5L","og_description":"Dosificador rosquillera manual 5 L Esta\u00a0m\u00e1quina de donuts\u00a0de\u00a0ARC\u00a0es la indicada para la producci\u00f3n en cadena o incluso para fabricar donuts frescos en gran cantidad para que conserven toda su textura y sabor.  Este dispensador manual de donuts ARCDMD1 est\u00e1 dise\u00f1ado para permitirle hacer deliciosas rosquillas de la forma m\u00e1s sencilla y r\u00e1pida. Es ideal para donuts caseros perfectamente formados. El material de aluminio de calidad alimentaria garantiza una estructura robusta y un dise\u00f1o compacto, su tolva de 5 L le permitir\u00e1 trabajar m\u00e1s c\u00f3modamente por la cantidad de masa que puede almacenar . La barra de control incorporada permite que la tolva de rosquillas funcione con una mano. Es adecuado para uso dom\u00e9stico y comercial. Garant\u00eda\u00a0ARC\u00a02 A\u00d1OS soporte t\u00e9cnico incluido  M\u00e1quina autom\u00e1tica para donuts o rosquillas profesional cantidad","og_url":"https:\/\/distribucionarc.com\/nb\/produkter\/manuell-smultringdispenser-5l\/","og_site_name":"distribuci\u00f3n ARC","article_modified_time":"2020-09-27T09:44:03+00:00","og_image":[{"width":1600,"height":1600,"url":"https:\/\/distribucionarc.com\/wp-content\/uploads\/2020\/07\/Dosificador-rosquillera-manual-5L-0.jpg","type":"image\/jpeg"}],"twitter_card":"summary_large_image","twitter_misc":{"Ansl. lesetid":"1 minutt"},"schema":{"@context":"https:\/\/schema.org","@graph":[{"@type":"WebPage","@id":"https:\/\/distribucionarc.com\/pl\/producto\/dosificador-rosquillera-manual-5l\/","url":"https:\/\/distribucionarc.com\/pl\/producto\/dosificador-rosquillera-manual-5l\/","name":"Manuell smultringdispenser 5L - ARC distribusjon","isPartOf":{"@id":"https:\/\/distribucionarc.com\/de\/#website"},"primaryImageOfPage":{"@id":"https:\/\/distribucionarc.com\/pl\/producto\/dosificador-rosquillera-manual-5l\/#primaryimage"},"image":{"@id":"https:\/\/distribucionarc.com\/pl\/producto\/dosificador-rosquillera-manual-5l\/#primaryimage"},"thumbnailUrl":"https:\/\/distribucionarc.com\/wp-content\/uploads\/2020\/07\/Dosificador-rosquillera-manual-5L-0.jpg","datePublished":"2020-07-23T16:14:34+00:00","dateModified":"2020-09-27T09:44:03+00:00","breadcrumb":{"@id":"https:\/\/distribucionarc.com\/pl\/producto\/dosificador-rosquillera-manual-5l\/#breadcrumb"},"inLanguage":"nb-NO","potentialAction":[{"@type":"ReadAction","target":["https:\/\/distribucionarc.com\/pl\/producto\/dosificador-rosquillera-manual-5l\/"]}]},{"@type":"ImageObject","inLanguage":"nb-NO","@id":"https:\/\/distribucionarc.com\/pl\/producto\/dosificador-rosquillera-manual-5l\/#primaryimage","url":"https:\/\/distribucionarc.com\/wp-content\/uploads\/2020\/07\/Dosificador-rosquillera-manual-5L-0.jpg","contentUrl":"https:\/\/distribucionarc.com\/wp-content\/uploads\/2020\/07\/Dosificador-rosquillera-manual-5L-0.jpg","width":1600,"height":1600,"caption":"Dosificador rosquillera manual 5L"},{"@type":"BreadcrumbList","@id":"https:\/\/distribucionarc.com\/pl\/producto\/dosificador-rosquillera-manual-5l\/#breadcrumb","itemListElement":[{"@type":"ListItem","position":1,"name":"Portada","item":"https:\/\/distribucionarc.com\/pl\/"},{"@type":"ListItem","position":2,"name":"Produkty","item":"https:\/\/distribucionarc.com\/pl\/shop\/"},{"@type":"ListItem","position":3,"name":"Dosificador rosquillera manual 5L"}]},{"@type":"WebSite","@id":"https:\/\/distribucionarc.com\/de\/#website","url":"https:\/\/distribucionarc.com\/de\/","name":"ARC distribusjon","description":"Selskapet har spesialisert seg p\u00e5 produksjon og distribusjon av industrimaskiner, hermetikkboksforseglingsmaskiner, tablettmaskiner, kj\u00f8ttskj\u00e6remaskiner og...","publisher":{"@id":"https:\/\/distribucionarc.com\/de\/#organization"},"potentialAction":[{"@type":"SearchAction","target":{"@type":"EntryPoint","urlTemplate":"https:\/\/distribucionarc.com\/de\/?s={search_term_string}"},"query-input":{"@type":"PropertyValueSpecification","valueRequired":true,"valueName":"search_term_string"}}],"inLanguage":"nb-NO"},{"@type":"Organization","@id":"https:\/\/distribucionarc.com\/de\/#organization","name":"ARC distribusjon","url":"https:\/\/distribucionarc.com\/de\/","logo":{"@type":"ImageObject","inLanguage":"nb-NO","@id":"https:\/\/distribucionarc.com\/de\/#\/schema\/logo\/image\/","url":"https:\/\/distribucionarc.com\/wp-content\/uploads\/2024\/10\/distribucion-ARC-COLOR-SIN-FONDO-e1732295305345.png","contentUrl":"https:\/\/distribucionarc.com\/wp-content\/uploads\/2024\/10\/distribucion-ARC-COLOR-SIN-FONDO-e1732295305345.png","width":1164,"height":558,"caption":"Distribuci\u00f3n ARC"},"image":{"@id":"https:\/\/distribucionarc.com\/de\/#\/schema\/logo\/image\/"},"description":"Selskap som har spesialisert seg p\u00e5 produksjon og distribusjon av industrimaskiner til n\u00e6ringsmiddel- og farmasisektoren. Vi er spesialister p\u00e5: Kj\u00f8ttskj\u00e6remaskiner Tablettilvirkning Industrielle transportsystemer Tappelinjer Dispensere Og mye mer... Vi tilbyr innovative og skreddersydde l\u00f8sninger for \u00e5 optimalisere bedriftens produksjonsprosesser.","email":"Admistracion@distribucionarc.com","telephone":"+34 643496664","legalName":"ARC TECH SOLUTIONS","foundingDate":"2024-04-09","vatID":"B55480172","numberOfEmployees":{"@type":"QuantitativeValue","minValue":"1","maxValue":"10"}}]}},"_links":{"self":[{"href":"https:\/\/distribucionarc.com\/nb\/wp-json\/wp\/v2\/product\/1380","targetHints":{"allow":["GET"]}}],"collection":[{"href":"https:\/\/distribucionarc.com\/nb\/wp-json\/wp\/v2\/product"}],"about":[{"href":"https:\/\/distribucionarc.com\/nb\/wp-json\/wp\/v2\/types\/product"}],"replies":[{"embeddable":true,"href":"https:\/\/distribucionarc.com\/nb\/wp-json\/wp\/v2\/comments?post=1380"}],"version-history":[{"count":0,"href":"https:\/\/distribucionarc.com\/nb\/wp-json\/wp\/v2\/product\/1380\/revisions"}],"wp:featuredmedia":[{"embeddable":true,"href":"https:\/\/distribucionarc.com\/nb\/wp-json\/wp\/v2\/media\/1387"}],"wp:attachment":[{"href":"https:\/\/distribucionarc.com\/nb\/wp-json\/wp\/v2\/media?parent=1380"}],"wp:term":[{"taxonomy":"product_brand","embeddable":true,"href":"https:\/\/distribucionarc.com\/nb\/wp-json\/wp\/v2\/product_brand?post=1380"},{"taxonomy":"product_cat","embeddable":true,"href":"https:\/\/distribucionarc.com\/nb\/wp-json\/wp\/v2\/product_cat?post=1380"},{"taxonomy":"product_tag","embeddable":true,"href":"https:\/\/distribucionarc.com\/nb\/wp-json\/wp\/v2\/product_tag?post=1380"}],"curies":[{"name":"wp","href":"https:\/\/api.w.org\/{rel}","templated":true}]}}