{"id":1487,"date":"2020-07-25T11:51:24","date_gmt":"2020-07-25T11:51:24","guid":{"rendered":"https:\/\/distribucionarc.com\/?post_type=product&#038;p=1487"},"modified":"2020-09-27T09:58:53","modified_gmt":"2020-09-27T09:58:53","slug":"varmluftstekeovn-med-roterende-funksjon","status":"publish","type":"product","link":"https:\/\/distribucionarc.com\/nb\/producto\/horno-freidora-de-aire-caliente-con-funcion-giratoria\/","title":{"rendered":"Varmluftstekeovn med roterende funksjon"},"content":{"rendered":"<h3>Varmluftstekeovn med roterende funksjon<\/h3>\n<p>Kapasiteten til <strong>varmluftfrityrkoker<\/strong> Den er p\u00e5 12 L med effektiv kokeplass og roterende funksjon. Dens varmebevarende funksjon vil bidra til en <span style=\"color: #008000;\"><strong>lavt energiforbruk<\/strong><\/span>.<\/p>\n<p>Med <strong>frityrovn <span style=\"color: #ff0000;\">TIL<\/span><span style=\"color: #0000ff;\">R<\/span>CFHA12<\/strong> og dens 1600 watt har du et allsidig kj\u00f8kkenapparat som du kan bake eller steke, fisk, kj\u00f8tt, gr\u00f8nnsaker, veganske retter og desserter med. P\u00e5 grunn av sin st\u00f8rrelse og raske oppvarmingsfunksjon vil den bli uunnv\u00e6rlig.<\/p>\n<p>Ligner p\u00e5 en <strong>konveksjonsovn<\/strong>retter tilberedes ved overvarme, i stedet for med olje eller fett, hovedsakelig i en str\u00f8m av varm luft. Varmeelementet til <strong>varmluftstekeovn <span style=\"color: #ff0000;\">TIL<\/span><span style=\"color: #0000ff;\">R<\/span>c<\/strong> Den er laget av det beste rustfrie st\u00e5let for matbruk.<\/p>\n<p>Med det digitale displayet til <strong>varmluftsovn<\/strong>, vil kontrollere den justerbare koketiden fra 1-60 min samt temperaturen fra 50\u00baC til 200\u00baC. De 9 forh\u00e5ndsinnstilte programmene vil gi deg en rekke begreper for forskjellige retter. H\u00f8yhastighets luftsirkulasjonsteknologi sparer tid.<\/p>\n<h6><\/h6>\n<h6>Garanti<strong>\u00a0<span style=\"color: #ff0000;\">TIL<\/span><span style=\"color: #0000ff;\">R<\/span>C 2 \u00c5R<\/strong><\/h6>\n<h6><span style=\"color: #008000;\">Effektiv elektrisk frityrovn, lavt forbruk 1600w<\/span><\/h6>\n<h6>teknisk st\u00f8tte inkludert<\/h6>\n<p>&nbsp;<\/p>\n<table role=\"presentation\" width=\"100%\" cellspacing=\"0\" cellpadding=\"0\">\n<tbody>\n<tr>\n<td class=\"attrLabels\">Temperatur:<\/td>\n<td width=\"50.0%\">50-200\u00baC<\/td>\n<\/tr>\n<tr>\n<td class=\"attrLabels\">Distribusjonsland:<\/td>\n<td width=\"50.0%\">Spania, Tyskland, USA<\/td>\n<td class=\"attrLabels\">Vekt:<\/td>\n<td width=\"50.0%\">7 kg<\/td>\n<\/tr>\n<tr>\n<td class=\"attrLabels\">Merke:<\/td>\n<td width=\"50.0%\">BUE<\/td>\n<td class=\"attrLabels\">H\u00f8yde:<\/td>\n<td width=\"50.0%\">\u00a037 cm<\/td>\n<\/tr>\n<tr>\n<td class=\"attrLabels\">Farge:<\/td>\n<td width=\"50.0%\">S\u00f8lv<\/td>\n<td class=\"attrLabels\">Lang:<\/td>\n<td width=\"50.0%\">34 cm<\/td>\n<\/tr>\n<tr>\n<td class=\"attrLabels\">Produkttype:<\/td>\n<td width=\"50.0%\">varmluftstekeovn<\/td>\n<td class=\"attrLabels\">Bred:<\/td>\n<td width=\"50.0%\">33 cm<\/td>\n<\/tr>\n<tr>\n<td class=\"attrLabels\">Produsentnummer:<\/td>\n<td width=\"50.0%\">ARCFHA12<\/td>\n<td class=\"attrLabels\">Makt:<\/td>\n<td width=\"50.0%\">1600W<\/td>\n<\/tr>\n<tr>\n<td class=\"attrLabels\">Materiale:<\/td>\n<td width=\"50.0%\">Rustfritt st\u00e5l, LCD ber\u00f8ringsskjerm<\/td>\n<td class=\"attrLabels\">inngangsspenning<\/td>\n<td width=\"50.0%\">220V \u2013 50Hz<\/td>\n<\/tr>\n<tr>\n<td class=\"attrLabels\">Funksjoner:<\/td>\n<td width=\"50.0%\">Varmluftsovn, frityrkoker, risting, roterende funksjon, steking<\/td>\n<td class=\"attrLabels\">Evne:<\/td>\n<td width=\"50.0%\">12 L<\/td>\n<\/tr>\n<tr>\n<td class=\"attrLabels\">Installasjonsverkt\u00f8y:<\/td>\n<td width=\"50.0%\">Ja<\/td>\n<td class=\"attrLabels\">Garanti:<\/td>\n<td width=\"50.0%\">ARC 2 \u00c5R<\/td>\n<\/tr>\n<\/tbody>\n<\/table>","protected":false},"excerpt":{"rendered":"<h2>Varmluftstekeovn med roterende funksjon<\/h2>\n<p>Ta vare p\u00e5 kundene dine og overrask dem med <strong>varmluftfrityrkokere <span style=\"color: #ff0000;\">TIL<\/span><span style=\"color: #0000ff;\">R<\/span>c<\/strong>, vil rettene dine v\u00e6re de sunneste og mest smakfulle ved \u00e5 ikke v\u00e6re avhengige av oljer eller fett, opp til <strong>80% mindre fett<\/strong> og samtidig a <strong>100% smak<\/strong>.<\/p>\n<p>Med<strong> varmluftfrityrkoker<\/strong> av <strong><span style=\"color: #ff0000;\">TIL<\/span><span style=\"color: #0000ff;\">R<\/span>c<\/strong>, retter tilberedes i en str\u00f8m av varm luft, lik en<strong> konveksjonsovn<\/strong> Ved \u00e5 fordele sirkulasjonsluften over b\u00e5de \u00f8vre og nedre del, uten behov for olje eller fett, kan du oppn\u00e5 usl\u00e5elige resultater. De<strong> varmluftfrityrkoker <span style=\"color: #ff0000;\">TIL<\/span><span style=\"color: #0000ff;\">R<\/span>CFHA12<\/strong> Den har en effektiv kokeplass og, sammenlignet med en sirkulasjonsluftovn, vil den oppn\u00e5 \u00f8nsket driftstemperatur p\u00e5 rekordtid. I tillegg bidrar dens varmebevarende funksjon til en <span style=\"color: #008000;\"><strong>lavt energiforbruk.<\/strong><\/span><\/p>\n<h6>Garanti<strong>\u00a0<span style=\"color: #ff0000;\">TIL<\/span><span style=\"color: #0000ff;\">R<\/span>C 2 \u00c5R<\/strong><\/h6>\n<h6><span style=\"color: #008000;\">Effektiv elektrisk frityrovn, lavt forbruk 1600w<\/span><\/h6>\n<h6>teknisk st\u00f8tte inkludert<\/h6>\n<p>&nbsp;<\/p>","protected":false},"featured_media":1488,"comment_status":"open","ping_status":"closed","template":"","meta":{"wds_primary_product_brand":0,"wds_primary_product_cat":0},"product_brand":[],"product_cat":[42,38,40],"product_tag":[],"class_list":{"0":"post-1487","1":"product","2":"type-product","3":"status-publish","4":"has-post-thumbnail","6":"product_cat-asador-de-pollos","7":"product_cat-freidoras","8":"product_cat-hornos","9":"product_shipping_class-hosteleria","11":"first","12":"instock","13":"sale","14":"taxable","15":"shipping-taxable","16":"purchasable","17":"product-type-simple"},"yoast_head":"<!-- This site is optimized with the Yoast SEO Premium plugin v24.9 (Yoast SEO v26.1) - https:\/\/yoast.com\/wordpress\/plugins\/seo\/ -->\n<title>Horno freidora de aire caliente con funci\u00f3n giratoria - distribuci\u00f3n ARC<\/title>\n<meta name=\"robots\" content=\"index, follow, max-snippet:-1, max-image-preview:large, max-video-preview:-1\" \/>\n<link rel=\"canonical\" href=\"https:\/\/distribucionarc.com\/nb\/produkter\/varmluftstekeovn-med-roterende-funksjon\/\" \/>\n<meta property=\"og:locale\" content=\"nb_NO\" \/>\n<meta property=\"og:type\" content=\"article\" \/>\n<meta property=\"og:title\" content=\"Horno freidora de aire caliente con funci\u00f3n giratoria\" \/>\n<meta property=\"og:description\" content=\"Horno freidora de aire caliente con funci\u00f3n giratoria Cuida a tus clientes y sorpr\u00e9ndelos con las freidoras de aire caliente ARC, tus platos ser\u00e1n los m\u00e1s sanos y sabrosos al no depender de aceites o grasas, hasta un 80% menos de grasa y al mismo tiempo un 100% de sabor.  Con la freidora de aire caliente de ARC, los platos se preparan en una corriente de aire caliente, similar a un horno de convecci\u00f3n repartiendo el aire circulante por ambas partes superior \/inferior, sin necesidad de aceite o grasas podr\u00e1 lograr unos resultados insuperables. La freidora de aire caliente ARCFHA12 dispone de un espacio de cocci\u00f3n eficaz adem\u00e1s en comparaci\u00f3n con un horno de aire circulante conseguir\u00e1 la temperatura de funcionamiento deseada en tiempo r\u00e9cord. Adem\u00e1s, su funci\u00f3n de conservaci\u00f3n del calor contribuye a un bajo consumo energ\u00e9tico. Garant\u00eda\u00a0ARC 2 A\u00d1OS Horno freidora el\u00e9ctrica eficiente, bajo consumo 1600w soporte t\u00e9cnico\u00a0incluido &nbsp;\" \/>\n<meta property=\"og:url\" content=\"https:\/\/distribucionarc.com\/nb\/produkter\/varmluftstekeovn-med-roterende-funksjon\/\" \/>\n<meta property=\"og:site_name\" content=\"distribuci\u00f3n ARC\" \/>\n<meta property=\"article:modified_time\" content=\"2020-09-27T09:58:53+00:00\" \/>\n<meta property=\"og:image\" content=\"https:\/\/distribucionarc.com\/wp-content\/uploads\/2020\/07\/Horno-freidora-de-aire-caliente-con-funci\u00f3n-giratoria-0.jpeg\" \/>\n\t<meta property=\"og:image:width\" content=\"1600\" \/>\n\t<meta property=\"og:image:height\" content=\"1548\" \/>\n\t<meta property=\"og:image:type\" content=\"image\/jpeg\" \/>\n<meta name=\"twitter:card\" content=\"summary_large_image\" \/>\n<meta name=\"twitter:label1\" content=\"Ansl. lesetid\" \/>\n\t<meta name=\"twitter:data1\" content=\"1 minutt\" \/>\n<script type=\"application\/ld+json\" class=\"yoast-schema-graph\">{\"@context\":\"https:\/\/schema.org\",\"@graph\":[{\"@type\":\"WebPage\",\"@id\":\"https:\/\/distribucionarc.com\/tr\/producto\/horno-freidora-de-aire-caliente-con-funcion-giratoria\/\",\"url\":\"https:\/\/distribucionarc.com\/tr\/producto\/horno-freidora-de-aire-caliente-con-funcion-giratoria\/\",\"name\":\"Horno freidora de aire caliente con funci\u00f3n giratoria - distribuci\u00f3n ARC\",\"isPartOf\":{\"@id\":\"https:\/\/distribucionarc.com\/de\/#website\"},\"primaryImageOfPage\":{\"@id\":\"https:\/\/distribucionarc.com\/tr\/producto\/horno-freidora-de-aire-caliente-con-funcion-giratoria\/#primaryimage\"},\"image\":{\"@id\":\"https:\/\/distribucionarc.com\/tr\/producto\/horno-freidora-de-aire-caliente-con-funcion-giratoria\/#primaryimage\"},\"thumbnailUrl\":\"https:\/\/distribucionarc.com\/wp-content\/uploads\/2020\/07\/Horno-freidora-de-aire-caliente-con-funci\u00f3n-giratoria-0.jpeg\",\"datePublished\":\"2020-07-25T11:51:24+00:00\",\"dateModified\":\"2020-09-27T09:58:53+00:00\",\"breadcrumb\":{\"@id\":\"https:\/\/distribucionarc.com\/tr\/producto\/horno-freidora-de-aire-caliente-con-funcion-giratoria\/#breadcrumb\"},\"inLanguage\":\"nb-NO\",\"potentialAction\":[{\"@type\":\"ReadAction\",\"target\":[\"https:\/\/distribucionarc.com\/tr\/producto\/horno-freidora-de-aire-caliente-con-funcion-giratoria\/\"]}]},{\"@type\":\"ImageObject\",\"inLanguage\":\"nb-NO\",\"@id\":\"https:\/\/distribucionarc.com\/tr\/producto\/horno-freidora-de-aire-caliente-con-funcion-giratoria\/#primaryimage\",\"url\":\"https:\/\/distribucionarc.com\/wp-content\/uploads\/2020\/07\/Horno-freidora-de-aire-caliente-con-funci\u00f3n-giratoria-0.jpeg\",\"contentUrl\":\"https:\/\/distribucionarc.com\/wp-content\/uploads\/2020\/07\/Horno-freidora-de-aire-caliente-con-funci\u00f3n-giratoria-0.jpeg\",\"width\":1600,\"height\":1548,\"caption\":\"Horno freidora de aire caliente\"},{\"@type\":\"BreadcrumbList\",\"@id\":\"https:\/\/distribucionarc.com\/tr\/producto\/horno-freidora-de-aire-caliente-con-funcion-giratoria\/#breadcrumb\",\"itemListElement\":[{\"@type\":\"ListItem\",\"position\":1,\"name\":\"Portada\",\"item\":\"https:\/\/distribucionarc.com\/pl\/\"},{\"@type\":\"ListItem\",\"position\":2,\"name\":\"Produkty\",\"item\":\"https:\/\/distribucionarc.com\/pl\/shop\/\"},{\"@type\":\"ListItem\",\"position\":3,\"name\":\"Horno freidora de aire caliente con funci\u00f3n giratoria\"}]},{\"@type\":\"WebSite\",\"@id\":\"https:\/\/distribucionarc.com\/de\/#website\",\"url\":\"https:\/\/distribucionarc.com\/de\/\",\"name\":\"distribuci\u00f3n ARC\",\"description\":\"Empresa especializada en la fabricaci\u00f3n y distribuci\u00f3n de maquinaria industrial, selladoras de latas, Maquinas de hacer pastillas, Maquinas de cortar carne...\",\"publisher\":{\"@id\":\"https:\/\/distribucionarc.com\/de\/#organization\"},\"potentialAction\":[{\"@type\":\"SearchAction\",\"target\":{\"@type\":\"EntryPoint\",\"urlTemplate\":\"https:\/\/distribucionarc.com\/de\/?s={search_term_string}\"},\"query-input\":{\"@type\":\"PropertyValueSpecification\",\"valueRequired\":true,\"valueName\":\"search_term_string\"}}],\"inLanguage\":\"nb-NO\"},{\"@type\":\"Organization\",\"@id\":\"https:\/\/distribucionarc.com\/de\/#organization\",\"name\":\"Distribuci\u00f3n ARC\",\"url\":\"https:\/\/distribucionarc.com\/de\/\",\"logo\":{\"@type\":\"ImageObject\",\"inLanguage\":\"nb-NO\",\"@id\":\"https:\/\/distribucionarc.com\/de\/#\/schema\/logo\/image\/\",\"url\":\"https:\/\/distribucionarc.com\/wp-content\/uploads\/2024\/10\/distribucion-ARC-COLOR-SIN-FONDO-e1732295305345.png\",\"contentUrl\":\"https:\/\/distribucionarc.com\/wp-content\/uploads\/2024\/10\/distribucion-ARC-COLOR-SIN-FONDO-e1732295305345.png\",\"width\":1164,\"height\":558,\"caption\":\"Distribuci\u00f3n ARC\"},\"image\":{\"@id\":\"https:\/\/distribucionarc.com\/de\/#\/schema\/logo\/image\/\"},\"description\":\"Empresa especializada en la fabricaci\u00f3n y distribuci\u00f3n de maquinaria industrial para los sectores alimentario y farmac\u00e9utico. Nos especializamos en: M\u00e1quinas de cortar carne Fabricaci\u00f3n de comprimidos Sistemas de transporte industrial L\u00edneas de embotellado Dosificadores Y mucho m\u00e1s... Ofrecemos soluciones innovadoras y personalizadas para optimizar los procesos productivos de tu empresa.\",\"email\":\"Admistracion@distribucionarc.com\",\"telephone\":\"+34 643496664\",\"legalName\":\"ARC TECH SOLUTIONS\",\"foundingDate\":\"2024-04-09\",\"vatID\":\"B55480172\",\"numberOfEmployees\":{\"@type\":\"QuantitativeValue\",\"minValue\":\"1\",\"maxValue\":\"10\"}}]}<\/script>\n<!-- \/ Yoast SEO Premium plugin. -->","yoast_head_json":{"title":"Varmluftfrityrovn med roterende funksjon - ARC-fordeling","robots":{"index":"index","follow":"follow","max-snippet":"max-snippet:-1","max-image-preview":"max-image-preview:large","max-video-preview":"max-video-preview:-1"},"canonical":"https:\/\/distribucionarc.com\/nb\/produkter\/varmluftstekeovn-med-roterende-funksjon\/","og_locale":"nb_NO","og_type":"article","og_title":"Horno freidora de aire caliente con funci\u00f3n giratoria","og_description":"Horno freidora de aire caliente con funci\u00f3n giratoria Cuida a tus clientes y sorpr\u00e9ndelos con las freidoras de aire caliente ARC, tus platos ser\u00e1n los m\u00e1s sanos y sabrosos al no depender de aceites o grasas, hasta un 80% menos de grasa y al mismo tiempo un 100% de sabor.  Con la freidora de aire caliente de ARC, los platos se preparan en una corriente de aire caliente, similar a un horno de convecci\u00f3n repartiendo el aire circulante por ambas partes superior \/inferior, sin necesidad de aceite o grasas podr\u00e1 lograr unos resultados insuperables. La freidora de aire caliente ARCFHA12 dispone de un espacio de cocci\u00f3n eficaz adem\u00e1s en comparaci\u00f3n con un horno de aire circulante conseguir\u00e1 la temperatura de funcionamiento deseada en tiempo r\u00e9cord. Adem\u00e1s, su funci\u00f3n de conservaci\u00f3n del calor contribuye a un bajo consumo energ\u00e9tico. Garant\u00eda\u00a0ARC 2 A\u00d1OS Horno freidora el\u00e9ctrica eficiente, bajo consumo 1600w soporte t\u00e9cnico\u00a0incluido &nbsp;","og_url":"https:\/\/distribucionarc.com\/nb\/produkter\/varmluftstekeovn-med-roterende-funksjon\/","og_site_name":"distribuci\u00f3n ARC","article_modified_time":"2020-09-27T09:58:53+00:00","og_image":[{"width":1600,"height":1548,"url":"https:\/\/distribucionarc.com\/wp-content\/uploads\/2020\/07\/Horno-freidora-de-aire-caliente-con-funci\u00f3n-giratoria-0.jpeg","type":"image\/jpeg"}],"twitter_card":"summary_large_image","twitter_misc":{"Ansl. lesetid":"1 minutt"},"schema":{"@context":"https:\/\/schema.org","@graph":[{"@type":"WebPage","@id":"https:\/\/distribucionarc.com\/tr\/producto\/horno-freidora-de-aire-caliente-con-funcion-giratoria\/","url":"https:\/\/distribucionarc.com\/tr\/producto\/horno-freidora-de-aire-caliente-con-funcion-giratoria\/","name":"Varmluftfrityrovn med roterende funksjon - ARC-fordeling","isPartOf":{"@id":"https:\/\/distribucionarc.com\/de\/#website"},"primaryImageOfPage":{"@id":"https:\/\/distribucionarc.com\/tr\/producto\/horno-freidora-de-aire-caliente-con-funcion-giratoria\/#primaryimage"},"image":{"@id":"https:\/\/distribucionarc.com\/tr\/producto\/horno-freidora-de-aire-caliente-con-funcion-giratoria\/#primaryimage"},"thumbnailUrl":"https:\/\/distribucionarc.com\/wp-content\/uploads\/2020\/07\/Horno-freidora-de-aire-caliente-con-funci\u00f3n-giratoria-0.jpeg","datePublished":"2020-07-25T11:51:24+00:00","dateModified":"2020-09-27T09:58:53+00:00","breadcrumb":{"@id":"https:\/\/distribucionarc.com\/tr\/producto\/horno-freidora-de-aire-caliente-con-funcion-giratoria\/#breadcrumb"},"inLanguage":"nb-NO","potentialAction":[{"@type":"ReadAction","target":["https:\/\/distribucionarc.com\/tr\/producto\/horno-freidora-de-aire-caliente-con-funcion-giratoria\/"]}]},{"@type":"ImageObject","inLanguage":"nb-NO","@id":"https:\/\/distribucionarc.com\/tr\/producto\/horno-freidora-de-aire-caliente-con-funcion-giratoria\/#primaryimage","url":"https:\/\/distribucionarc.com\/wp-content\/uploads\/2020\/07\/Horno-freidora-de-aire-caliente-con-funci\u00f3n-giratoria-0.jpeg","contentUrl":"https:\/\/distribucionarc.com\/wp-content\/uploads\/2020\/07\/Horno-freidora-de-aire-caliente-con-funci\u00f3n-giratoria-0.jpeg","width":1600,"height":1548,"caption":"Horno freidora de aire caliente"},{"@type":"BreadcrumbList","@id":"https:\/\/distribucionarc.com\/tr\/producto\/horno-freidora-de-aire-caliente-con-funcion-giratoria\/#breadcrumb","itemListElement":[{"@type":"ListItem","position":1,"name":"Portada","item":"https:\/\/distribucionarc.com\/pl\/"},{"@type":"ListItem","position":2,"name":"Produkty","item":"https:\/\/distribucionarc.com\/pl\/shop\/"},{"@type":"ListItem","position":3,"name":"Horno freidora de aire caliente con funci\u00f3n giratoria"}]},{"@type":"WebSite","@id":"https:\/\/distribucionarc.com\/de\/#website","url":"https:\/\/distribucionarc.com\/de\/","name":"ARC distribusjon","description":"Selskapet har spesialisert seg p\u00e5 produksjon og distribusjon av industrimaskiner, hermetikkboksforseglingsmaskiner, tablettmaskiner, kj\u00f8ttskj\u00e6remaskiner og...","publisher":{"@id":"https:\/\/distribucionarc.com\/de\/#organization"},"potentialAction":[{"@type":"SearchAction","target":{"@type":"EntryPoint","urlTemplate":"https:\/\/distribucionarc.com\/de\/?s={search_term_string}"},"query-input":{"@type":"PropertyValueSpecification","valueRequired":true,"valueName":"search_term_string"}}],"inLanguage":"nb-NO"},{"@type":"Organization","@id":"https:\/\/distribucionarc.com\/de\/#organization","name":"ARC distribusjon","url":"https:\/\/distribucionarc.com\/de\/","logo":{"@type":"ImageObject","inLanguage":"nb-NO","@id":"https:\/\/distribucionarc.com\/de\/#\/schema\/logo\/image\/","url":"https:\/\/distribucionarc.com\/wp-content\/uploads\/2024\/10\/distribucion-ARC-COLOR-SIN-FONDO-e1732295305345.png","contentUrl":"https:\/\/distribucionarc.com\/wp-content\/uploads\/2024\/10\/distribucion-ARC-COLOR-SIN-FONDO-e1732295305345.png","width":1164,"height":558,"caption":"Distribuci\u00f3n ARC"},"image":{"@id":"https:\/\/distribucionarc.com\/de\/#\/schema\/logo\/image\/"},"description":"Selskap som har spesialisert seg p\u00e5 produksjon og distribusjon av industrimaskiner til n\u00e6ringsmiddel- og farmasisektoren. Vi er spesialister p\u00e5: Kj\u00f8ttskj\u00e6remaskiner Tablettilvirkning Industrielle transportsystemer Tappelinjer Dispensere Og mye mer... Vi tilbyr innovative og skreddersydde l\u00f8sninger for \u00e5 optimalisere bedriftens produksjonsprosesser.","email":"Admistracion@distribucionarc.com","telephone":"+34 643496664","legalName":"ARC TECH SOLUTIONS","foundingDate":"2024-04-09","vatID":"B55480172","numberOfEmployees":{"@type":"QuantitativeValue","minValue":"1","maxValue":"10"}}]}},"_links":{"self":[{"href":"https:\/\/distribucionarc.com\/nb\/wp-json\/wp\/v2\/product\/1487","targetHints":{"allow":["GET"]}}],"collection":[{"href":"https:\/\/distribucionarc.com\/nb\/wp-json\/wp\/v2\/product"}],"about":[{"href":"https:\/\/distribucionarc.com\/nb\/wp-json\/wp\/v2\/types\/product"}],"replies":[{"embeddable":true,"href":"https:\/\/distribucionarc.com\/nb\/wp-json\/wp\/v2\/comments?post=1487"}],"version-history":[{"count":0,"href":"https:\/\/distribucionarc.com\/nb\/wp-json\/wp\/v2\/product\/1487\/revisions"}],"wp:featuredmedia":[{"embeddable":true,"href":"https:\/\/distribucionarc.com\/nb\/wp-json\/wp\/v2\/media\/1488"}],"wp:attachment":[{"href":"https:\/\/distribucionarc.com\/nb\/wp-json\/wp\/v2\/media?parent=1487"}],"wp:term":[{"taxonomy":"product_brand","embeddable":true,"href":"https:\/\/distribucionarc.com\/nb\/wp-json\/wp\/v2\/product_brand?post=1487"},{"taxonomy":"product_cat","embeddable":true,"href":"https:\/\/distribucionarc.com\/nb\/wp-json\/wp\/v2\/product_cat?post=1487"},{"taxonomy":"product_tag","embeddable":true,"href":"https:\/\/distribucionarc.com\/nb\/wp-json\/wp\/v2\/product_tag?post=1487"}],"curies":[{"name":"wp","href":"https:\/\/api.w.org\/{rel}","templated":true}]}}