{"id":1571,"date":"2020-07-27T18:33:55","date_gmt":"2020-07-27T18:33:55","guid":{"rendered":"https:\/\/distribucionarc.com\/?post_type=product&#038;p=1571"},"modified":"2024-10-05T03:51:19","modified_gmt":"2024-10-05T03:51:19","slug":"industriell-kjottkvern","status":"publish","type":"product","link":"https:\/\/distribucionarc.com\/nb\/producto\/picadora-de-carne-industrial\/","title":{"rendered":"industriell kj\u00f8ttkvern"},"content":{"rendered":"<h3>Industriell kj\u00f8ttkvern 200 kg<\/h3>\n<p>Han <strong>elektrisk kvern<\/strong> av <strong><span style=\"color: #ff0000;\">TIL<\/span><span style=\"color: #0000ff;\">R<\/span>c<\/strong> Den er egnet for kommersiell bruk p\u00e5 grunn av materialer av h\u00f8y kvalitet og prosessorkraft.<\/p>\n<p>Sammensatt av rustfritt st\u00e5l av beste matkvalitet sikrer robustheten og holdbarheten til maskinen. Kj\u00f8ttkvernens kraftige motor har 1000W for \u00e5 kverne det t\u00f8ffeste kj\u00f8ttet raskt.<\/p>\n<p>Med dette <strong>elektrisk kvern<span style=\"color: #ff0000;\"> TIL<\/span><span style=\"color: #0000ff;\">R<\/span>CTMC200<\/strong> Den kan enkelt male 200 kg i timen, bladhastigheten er ogs\u00e5 rask og fungerer ved 220 rpm I motsetning til sm\u00e5 kverner har den et stort mater\u00f8r s\u00e5 det krever ikke \u00e5 kutte kj\u00f8ttet i mindre biter.<\/p>\n<h6>Garanti<strong>\u00a0<\/strong><span style=\"color: #ff0000;\"><strong>TIL<\/strong><\/span><span style=\"color: #0000ff;\"><strong>R<\/strong><\/span><strong>C 2 \u00c5R<\/strong><\/h6>\n<h6><span style=\"color: #008000;\">mest effektive motor lavt forbruk 1000w<\/span><\/h6>\n<h6>teknisk st\u00f8tte inkludert.<\/h6>\n<p>&nbsp;<\/p>\n<table role=\"presentation\" width=\"100%\" cellspacing=\"0\" cellpadding=\"0\">\n<tbody>\n<tr>\n<td class=\"attrLabels\">Makt:<\/td>\n<td width=\"50.0%\">1000W<\/td>\n<\/tr>\n<tr>\n<td class=\"attrLabels\">Spenning:<\/td>\n<td width=\"50.0%\">220V 50Hz<\/td>\n<td class=\"attrLabels\">Vekt:<\/td>\n<td width=\"50.0%\">21,5 kg<\/td>\n<\/tr>\n<tr>\n<td class=\"attrLabels\">Distribusjonsland:<\/td>\n<td width=\"50.0%\">Spania, Tyskland, USA<\/td>\n<td class=\"attrLabels\">H\u00f8yde:<\/td>\n<td width=\"50.0%\">45 cm<\/td>\n<\/tr>\n<tr>\n<td class=\"attrLabels\">Merke:<\/td>\n<td width=\"50.0%\">BUE<\/td>\n<td class=\"attrLabels\">Lang:<\/td>\n<td width=\"50.0%\">24 cm<\/td>\n<\/tr>\n<tr>\n<td class=\"attrLabels\">Produkttype:<\/td>\n<td width=\"50.0%\">industriell kj\u00f8ttkvern<\/td>\n<td class=\"attrLabels\">Bred:<\/td>\n<td width=\"50.0%\">\u00a041 cm<\/td>\n<\/tr>\n<tr>\n<td class=\"attrLabels\">Produsentnummer:<\/td>\n<td width=\"50.0%\">ARCTMC200<\/td>\n<td class=\"attrLabels\">Arbeidshastighet:<\/td>\n<td width=\"50.0%\">\u00a0200 kg i timen<\/td>\n<\/tr>\n<tr>\n<td class=\"attrLabels\">Materiale:<\/td>\n<td width=\"50.0%\">rustfritt st\u00e5l, sklisikre f\u00f8tter,<\/td>\n<td class=\"attrLabels\">Inndatast\u00f8rrelse:<\/td>\n<td width=\"50.0%\">14,5 x 7 cm<\/td>\n<\/tr>\n<tr>\n<td class=\"attrLabels\">Farge:<\/td>\n<td width=\"50.0%\">S\u00f8lv<\/td>\n<td class=\"attrLabels\">Motorhastighet:<\/td>\n<td width=\"50.0%\">220 rpm<\/td>\n<\/tr>\n<tr>\n<td class=\"attrLabels\">Installasjonsverkt\u00f8y:<\/td>\n<td width=\"50.0%\">Ja<\/td>\n<td class=\"attrLabels\">Garanti:<\/td>\n<td width=\"50.0%\">2 \u00c5R<\/td>\n<\/tr>\n<\/tbody>\n<\/table>\n<p>&nbsp;<\/p>","protected":false},"excerpt":{"rendered":"<h2>Industriell kj\u00f8ttkvern 200 kg<\/h2>\n<p>Kverne raskt kj\u00f8tt til burgere, kj\u00f8ttkaker eller p\u00f8lser med denne kraftige <strong>elektrisk kj\u00f8ttkvern<\/strong> eller gr\u00f8nnsak.<\/p>\n<p>Den p<strong>kj\u00f8ttkvern <span style=\"color: #ff0000;\">TIL<\/span><span style=\"color: #0000ff;\">R<\/span>c<\/strong> Heavy-duty er perfekt for \u00e5 lage kj\u00f8ttdeig, p\u00f8lser og viltkj\u00f8tt. Med sin 1000 watt motor, vil den helt sikkert m\u00f8te ettersp\u00f8rselen fra restauranter, kj\u00f8ttforedlingsbutikker, delikatessebutikker, slakterbutikker og mer. Han <strong>kj\u00f8ttkvern <span style=\"color: #ff0000;\">TIL<\/span><span style=\"color: #0000ff;\">R<\/span>CTMC200<\/strong>\u00a0Den kan male opp til 200 kg kj\u00f8tt i timen eller 3,3 kg i minuttet.<\/p>\n<h6>Garanti<strong>\u00a0<\/strong><span style=\"color: #ff0000;\"><strong>TIL<\/strong><\/span><span style=\"color: #0000ff;\"><strong>R<\/strong><\/span><strong>C 2 \u00c5R<\/strong><\/h6>\n<h6><span style=\"color: #008000;\">mest effektive motor lavt forbruk 1000w<\/span><\/h6>\n<h6>teknisk st\u00f8tte inkludert.<\/h6>","protected":false},"featured_media":1578,"comment_status":"open","ping_status":"closed","template":"","meta":{"wds_primary_product_brand":0,"wds_primary_product_cat":0},"product_brand":[],"product_cat":[120,48],"product_tag":[],"class_list":{"0":"post-1571","1":"product","2":"type-product","3":"status-publish","4":"has-post-thumbnail","6":"product_cat-picadoras-carne","7":"product_cat-picadoras","8":"product_shipping_class-hosteleria","10":"first","11":"instock","12":"taxable","13":"shipping-taxable","14":"purchasable","15":"product-type-simple"},"yoast_head":"<!-- This site is optimized with the Yoast SEO Premium plugin v24.9 (Yoast SEO v26.1) - https:\/\/yoast.com\/wordpress\/plugins\/seo\/ -->\n<title>Picadora de carne industrial - distribuci\u00f3n ARC<\/title>\n<meta name=\"robots\" content=\"index, follow, max-snippet:-1, max-image-preview:large, max-video-preview:-1\" \/>\n<link rel=\"canonical\" href=\"https:\/\/distribucionarc.com\/nb\/produkter\/industriell-kjottkvern\/\" \/>\n<meta property=\"og:locale\" content=\"nb_NO\" \/>\n<meta property=\"og:type\" content=\"article\" \/>\n<meta property=\"og:title\" content=\"Picadora de carne industrial\" \/>\n<meta property=\"og:description\" content=\"Picadora de carne industrial 200 Kg Muela r\u00e1pidamente la carne para hamburguesas, pastel de carne o salchichas con esta potente picadora de carne el\u00e9ctrica o verdura.  La picadora de carne ARC de servicio pesado es perfecto para crear carne molida, salchichas y carne de caza silvestre. Con su motor de 1000 vatios, sin duda satisfar\u00e1 la demanda de restaurantes, tienda de procesamiento de carne, delicatessen, carnicer\u00edas y m\u00e1s. El triturador de carne ARCTMC200\u00a0puede moler aproximadamente hasta 200 kg de carne por hora o 3,3 kg por minuto. Garant\u00eda\u00a0ARC 2 A\u00d1OS motor m\u00e1s eficiente bajo consumo 1000w soporte t\u00e9cnico\u00a0incluido.\" \/>\n<meta property=\"og:url\" content=\"https:\/\/distribucionarc.com\/nb\/produkter\/industriell-kjottkvern\/\" \/>\n<meta property=\"og:site_name\" content=\"distribuci\u00f3n ARC\" \/>\n<meta property=\"article:modified_time\" content=\"2024-10-05T03:51:19+00:00\" \/>\n<meta property=\"og:image\" content=\"https:\/\/distribucionarc.com\/wp-content\/uploads\/2020\/07\/Picadora-de-carne-industrial-1.jpg\" \/>\n\t<meta property=\"og:image:width\" content=\"1600\" \/>\n\t<meta property=\"og:image:height\" content=\"1600\" \/>\n\t<meta property=\"og:image:type\" content=\"image\/jpeg\" \/>\n<meta name=\"twitter:card\" content=\"summary_large_image\" \/>\n<meta name=\"twitter:label1\" content=\"Ansl. lesetid\" \/>\n\t<meta name=\"twitter:data1\" content=\"2 minutter\" \/>\n<script type=\"application\/ld+json\" class=\"yoast-schema-graph\">{\"@context\":\"https:\/\/schema.org\",\"@graph\":[{\"@type\":\"WebPage\",\"@id\":\"https:\/\/distribucionarc.com\/lt\/producto\/picadora-de-carne-industrial\/\",\"url\":\"https:\/\/distribucionarc.com\/lt\/producto\/picadora-de-carne-industrial\/\",\"name\":\"Picadora de carne industrial - distribuci\u00f3n ARC\",\"isPartOf\":{\"@id\":\"https:\/\/www.distribucionarc.com\/de\/#website\"},\"primaryImageOfPage\":{\"@id\":\"https:\/\/distribucionarc.com\/lt\/producto\/picadora-de-carne-industrial\/#primaryimage\"},\"image\":{\"@id\":\"https:\/\/distribucionarc.com\/lt\/producto\/picadora-de-carne-industrial\/#primaryimage\"},\"thumbnailUrl\":\"https:\/\/distribucionarc.com\/wp-content\/uploads\/2020\/07\/Picadora-de-carne-industrial-1.jpg\",\"datePublished\":\"2020-07-27T18:33:55+00:00\",\"dateModified\":\"2024-10-05T03:51:19+00:00\",\"breadcrumb\":{\"@id\":\"https:\/\/distribucionarc.com\/lt\/producto\/picadora-de-carne-industrial\/#breadcrumb\"},\"inLanguage\":\"nb-NO\",\"potentialAction\":[{\"@type\":\"ReadAction\",\"target\":[\"https:\/\/distribucionarc.com\/lt\/producto\/picadora-de-carne-industrial\/\"]}]},{\"@type\":\"ImageObject\",\"inLanguage\":\"nb-NO\",\"@id\":\"https:\/\/distribucionarc.com\/lt\/producto\/picadora-de-carne-industrial\/#primaryimage\",\"url\":\"https:\/\/distribucionarc.com\/wp-content\/uploads\/2020\/07\/Picadora-de-carne-industrial-1.jpg\",\"contentUrl\":\"https:\/\/distribucionarc.com\/wp-content\/uploads\/2020\/07\/Picadora-de-carne-industrial-1.jpg\",\"width\":1600,\"height\":1600,\"caption\":\"Picadora de carne industrial\"},{\"@type\":\"BreadcrumbList\",\"@id\":\"https:\/\/distribucionarc.com\/lt\/producto\/picadora-de-carne-industrial\/#breadcrumb\",\"itemListElement\":[{\"@type\":\"ListItem\",\"position\":1,\"name\":\"Portada\",\"item\":\"https:\/\/www.distribucionarc.com\/en\/\"},{\"@type\":\"ListItem\",\"position\":2,\"name\":\"Products\",\"item\":\"https:\/\/www.distribucionarc.com\/en\/shop\/\"},{\"@type\":\"ListItem\",\"position\":3,\"name\":\"Picadora de carne industrial\"}]},{\"@type\":\"WebSite\",\"@id\":\"https:\/\/www.distribucionarc.com\/de\/#website\",\"url\":\"https:\/\/www.distribucionarc.com\/de\/\",\"name\":\"distribuci\u00f3n ARC\",\"description\":\"Empresa especializada en la fabricaci\u00f3n y distribuci\u00f3n de maquinaria industrial, selladoras de latas, Maquinas de hacer pastillas, Maquinas de cortar carne...\",\"publisher\":{\"@id\":\"https:\/\/www.distribucionarc.com\/de\/#organization\"},\"potentialAction\":[{\"@type\":\"SearchAction\",\"target\":{\"@type\":\"EntryPoint\",\"urlTemplate\":\"https:\/\/www.distribucionarc.com\/de\/?s={search_term_string}\"},\"query-input\":{\"@type\":\"PropertyValueSpecification\",\"valueRequired\":true,\"valueName\":\"search_term_string\"}}],\"inLanguage\":\"nb-NO\"},{\"@type\":\"Organization\",\"@id\":\"https:\/\/www.distribucionarc.com\/de\/#organization\",\"name\":\"Distribuci\u00f3n ARC\",\"url\":\"https:\/\/www.distribucionarc.com\/de\/\",\"logo\":{\"@type\":\"ImageObject\",\"inLanguage\":\"nb-NO\",\"@id\":\"https:\/\/www.distribucionarc.com\/de\/#\/schema\/logo\/image\/\",\"url\":\"https:\/\/distribucionarc.com\/wp-content\/uploads\/2024\/10\/distribucion-ARC-COLOR-SIN-FONDO-e1732295305345.png\",\"contentUrl\":\"https:\/\/distribucionarc.com\/wp-content\/uploads\/2024\/10\/distribucion-ARC-COLOR-SIN-FONDO-e1732295305345.png\",\"width\":1164,\"height\":558,\"caption\":\"Distribuci\u00f3n ARC\"},\"image\":{\"@id\":\"https:\/\/www.distribucionarc.com\/de\/#\/schema\/logo\/image\/\"},\"description\":\"Empresa especializada en la fabricaci\u00f3n y distribuci\u00f3n de maquinaria industrial para los sectores alimentario y farmac\u00e9utico. Nos especializamos en: M\u00e1quinas de cortar carne Fabricaci\u00f3n de comprimidos Sistemas de transporte industrial L\u00edneas de embotellado Dosificadores Y mucho m\u00e1s... Ofrecemos soluciones innovadoras y personalizadas para optimizar los procesos productivos de tu empresa.\",\"email\":\"Admistracion@distribucionarc.com\",\"telephone\":\"+34 643496664\",\"legalName\":\"ARC TECH SOLUTIONS\",\"foundingDate\":\"2024-04-09\",\"vatID\":\"B55480172\",\"numberOfEmployees\":{\"@type\":\"QuantitativeValue\",\"minValue\":\"1\",\"maxValue\":\"10\"}}]}<\/script>\n<!-- \/ Yoast SEO Premium plugin. -->","yoast_head_json":{"title":"Industriell kj\u00f8ttkvern - ARC distribusjon","robots":{"index":"index","follow":"follow","max-snippet":"max-snippet:-1","max-image-preview":"max-image-preview:large","max-video-preview":"max-video-preview:-1"},"canonical":"https:\/\/distribucionarc.com\/nb\/produkter\/industriell-kjottkvern\/","og_locale":"nb_NO","og_type":"article","og_title":"Picadora de carne industrial","og_description":"Picadora de carne industrial 200 Kg Muela r\u00e1pidamente la carne para hamburguesas, pastel de carne o salchichas con esta potente picadora de carne el\u00e9ctrica o verdura.  La picadora de carne ARC de servicio pesado es perfecto para crear carne molida, salchichas y carne de caza silvestre. Con su motor de 1000 vatios, sin duda satisfar\u00e1 la demanda de restaurantes, tienda de procesamiento de carne, delicatessen, carnicer\u00edas y m\u00e1s. El triturador de carne ARCTMC200\u00a0puede moler aproximadamente hasta 200 kg de carne por hora o 3,3 kg por minuto. Garant\u00eda\u00a0ARC 2 A\u00d1OS motor m\u00e1s eficiente bajo consumo 1000w soporte t\u00e9cnico\u00a0incluido.","og_url":"https:\/\/distribucionarc.com\/nb\/produkter\/industriell-kjottkvern\/","og_site_name":"distribuci\u00f3n ARC","article_modified_time":"2024-10-05T03:51:19+00:00","og_image":[{"width":1600,"height":1600,"url":"https:\/\/distribucionarc.com\/wp-content\/uploads\/2020\/07\/Picadora-de-carne-industrial-1.jpg","type":"image\/jpeg"}],"twitter_card":"summary_large_image","twitter_misc":{"Ansl. lesetid":"2 minutter"},"schema":{"@context":"https:\/\/schema.org","@graph":[{"@type":"WebPage","@id":"https:\/\/distribucionarc.com\/lt\/producto\/picadora-de-carne-industrial\/","url":"https:\/\/distribucionarc.com\/lt\/producto\/picadora-de-carne-industrial\/","name":"Industriell kj\u00f8ttkvern - ARC distribusjon","isPartOf":{"@id":"https:\/\/www.distribucionarc.com\/de\/#website"},"primaryImageOfPage":{"@id":"https:\/\/distribucionarc.com\/lt\/producto\/picadora-de-carne-industrial\/#primaryimage"},"image":{"@id":"https:\/\/distribucionarc.com\/lt\/producto\/picadora-de-carne-industrial\/#primaryimage"},"thumbnailUrl":"https:\/\/distribucionarc.com\/wp-content\/uploads\/2020\/07\/Picadora-de-carne-industrial-1.jpg","datePublished":"2020-07-27T18:33:55+00:00","dateModified":"2024-10-05T03:51:19+00:00","breadcrumb":{"@id":"https:\/\/distribucionarc.com\/lt\/producto\/picadora-de-carne-industrial\/#breadcrumb"},"inLanguage":"nb-NO","potentialAction":[{"@type":"ReadAction","target":["https:\/\/distribucionarc.com\/lt\/producto\/picadora-de-carne-industrial\/"]}]},{"@type":"ImageObject","inLanguage":"nb-NO","@id":"https:\/\/distribucionarc.com\/lt\/producto\/picadora-de-carne-industrial\/#primaryimage","url":"https:\/\/distribucionarc.com\/wp-content\/uploads\/2020\/07\/Picadora-de-carne-industrial-1.jpg","contentUrl":"https:\/\/distribucionarc.com\/wp-content\/uploads\/2020\/07\/Picadora-de-carne-industrial-1.jpg","width":1600,"height":1600,"caption":"Picadora de carne industrial"},{"@type":"BreadcrumbList","@id":"https:\/\/distribucionarc.com\/lt\/producto\/picadora-de-carne-industrial\/#breadcrumb","itemListElement":[{"@type":"ListItem","position":1,"name":"Portada","item":"https:\/\/www.distribucionarc.com\/en\/"},{"@type":"ListItem","position":2,"name":"Products","item":"https:\/\/www.distribucionarc.com\/en\/shop\/"},{"@type":"ListItem","position":3,"name":"Picadora de carne industrial"}]},{"@type":"WebSite","@id":"https:\/\/www.distribucionarc.com\/de\/#website","url":"https:\/\/www.distribucionarc.com\/de\/","name":"ARC distribusjon","description":"Selskapet har spesialisert seg p\u00e5 produksjon og distribusjon av industrimaskiner, hermetikkboksforseglingsmaskiner, tablettmaskiner, kj\u00f8ttskj\u00e6remaskiner og...","publisher":{"@id":"https:\/\/www.distribucionarc.com\/de\/#organization"},"potentialAction":[{"@type":"SearchAction","target":{"@type":"EntryPoint","urlTemplate":"https:\/\/www.distribucionarc.com\/de\/?s={search_term_string}"},"query-input":{"@type":"PropertyValueSpecification","valueRequired":true,"valueName":"search_term_string"}}],"inLanguage":"nb-NO"},{"@type":"Organization","@id":"https:\/\/www.distribucionarc.com\/de\/#organization","name":"ARC distribusjon","url":"https:\/\/www.distribucionarc.com\/de\/","logo":{"@type":"ImageObject","inLanguage":"nb-NO","@id":"https:\/\/www.distribucionarc.com\/de\/#\/schema\/logo\/image\/","url":"https:\/\/distribucionarc.com\/wp-content\/uploads\/2024\/10\/distribucion-ARC-COLOR-SIN-FONDO-e1732295305345.png","contentUrl":"https:\/\/distribucionarc.com\/wp-content\/uploads\/2024\/10\/distribucion-ARC-COLOR-SIN-FONDO-e1732295305345.png","width":1164,"height":558,"caption":"Distribuci\u00f3n ARC"},"image":{"@id":"https:\/\/www.distribucionarc.com\/de\/#\/schema\/logo\/image\/"},"description":"Selskap som har spesialisert seg p\u00e5 produksjon og distribusjon av industrimaskiner til n\u00e6ringsmiddel- og farmasisektoren. Vi er spesialister p\u00e5: Kj\u00f8ttskj\u00e6remaskiner Tablettilvirkning Industrielle transportsystemer Tappelinjer Dispensere Og mye mer... Vi tilbyr innovative og skreddersydde l\u00f8sninger for \u00e5 optimalisere bedriftens produksjonsprosesser.","email":"Admistracion@distribucionarc.com","telephone":"+34 643496664","legalName":"ARC TECH SOLUTIONS","foundingDate":"2024-04-09","vatID":"B55480172","numberOfEmployees":{"@type":"QuantitativeValue","minValue":"1","maxValue":"10"}}]}},"_links":{"self":[{"href":"https:\/\/distribucionarc.com\/nb\/wp-json\/wp\/v2\/product\/1571","targetHints":{"allow":["GET"]}}],"collection":[{"href":"https:\/\/distribucionarc.com\/nb\/wp-json\/wp\/v2\/product"}],"about":[{"href":"https:\/\/distribucionarc.com\/nb\/wp-json\/wp\/v2\/types\/product"}],"replies":[{"embeddable":true,"href":"https:\/\/distribucionarc.com\/nb\/wp-json\/wp\/v2\/comments?post=1571"}],"version-history":[{"count":0,"href":"https:\/\/distribucionarc.com\/nb\/wp-json\/wp\/v2\/product\/1571\/revisions"}],"wp:featuredmedia":[{"embeddable":true,"href":"https:\/\/distribucionarc.com\/nb\/wp-json\/wp\/v2\/media\/1578"}],"wp:attachment":[{"href":"https:\/\/distribucionarc.com\/nb\/wp-json\/wp\/v2\/media?parent=1571"}],"wp:term":[{"taxonomy":"product_brand","embeddable":true,"href":"https:\/\/distribucionarc.com\/nb\/wp-json\/wp\/v2\/product_brand?post=1571"},{"taxonomy":"product_cat","embeddable":true,"href":"https:\/\/distribucionarc.com\/nb\/wp-json\/wp\/v2\/product_cat?post=1571"},{"taxonomy":"product_tag","embeddable":true,"href":"https:\/\/distribucionarc.com\/nb\/wp-json\/wp\/v2\/product_tag?post=1571"}],"curies":[{"name":"wp","href":"https:\/\/api.w.org\/{rel}","templated":true}]}}