{"id":1641,"date":"2020-07-28T16:23:12","date_gmt":"2020-07-28T16:23:12","guid":{"rendered":"https:\/\/distribucionarc.com\/?post_type=product&#038;p=1641"},"modified":"2020-09-27T16:40:39","modified_gmt":"2020-09-27T16:40:39","slug":"popcorn-maskin","status":"publish","type":"product","link":"https:\/\/distribucionarc.com\/nb\/producto\/maquina-para-palomitas\/","title":{"rendered":"Popcorn maskin"},"content":{"rendered":"<h3>Popcorn maskin<\/h3>\n<p>De\u00a0<strong>popcorn maker<\/strong>\u00a0Den er hovedsakelig laget av rustfritt st\u00e5l av h\u00f8y kvalitet, noe som gj\u00f8r den veldig enkel \u00e5 rengj\u00f8re og effektivt beskyttet mot korrosjon. I tillegg\u00a0<strong>teflonbelegget p\u00e5 potten<\/strong>\u00a0forhindrer at popcorn blir ristet eller brent. Potten har en diameter p\u00e5 18,5 cm<\/p>\n<p>Panelene er\u00a0<strong>laget av herdet glass<\/strong>. Ved en ulykke brytes de i sm\u00e5biter i stedet for \u00e5 splintre. De\u00a0<strong>popcorn maskin\u00a0<span style=\"color: #ff0000;\">TIL<span style=\"color: #0000ff;\">R<\/span><\/span>c<\/strong> Den er utstyrt med tre vippebrytere plassert over d\u00f8rene. For \u00e5 kontrollere temperaturen, aktiver maskinen og r\u00f8refunksjonen.<\/p>\n<p>De\u00a0<strong>popcorn maskin\u00a0<span style=\"color: #ff0000;\">TIL<\/span><span style=\"color: #0000ff;\">R<\/span>CMPC02<\/strong>\u00a0Den fungerer med 1350 watt, og takket v\u00e6re sin h\u00f8ye effekt og automatiske termostat n\u00e5r den driftstemperatur raskt. garantert en\u00a0<span style=\"color: #008000;\"><strong>H\u00f8y arbeidseffektivitet og lavt energiforbruk<\/strong><\/span>. P\u00e5 denne m\u00e5ten kan den produsere omtrent 5 kg i timen.<\/p>\n<h6><strong>Garanti\u00a0<span style=\"color: #ff0000;\">TIL<\/span><span style=\"color: #0000ff;\">R<\/span>c<\/strong><strong>\u00a02 \u00c5R<\/strong><\/h6>\n<h6><span style=\"color: #008000;\"><strong>Effektiv popcornmaskin, lavt forbruk 1350w<\/strong><\/span><\/h6>\n<h6><strong>teknisk st\u00f8tte inkludert<\/strong><\/h6>\n<p>&nbsp;<\/p>\n<table role=\"presentation\" width=\"100%\" cellspacing=\"0\" cellpadding=\"0\">\n<tbody>\n<tr>\n<td class=\"attrLabels\">Produsentens delenummer:<\/td>\n<td width=\"50.0%\">ARCMPC02<\/td>\n<\/tr>\n<tr>\n<td class=\"attrLabels\">Distribusjonsland:<\/td>\n<td width=\"50.0%\">Spania, Tyskland, USA<\/td>\n<td class=\"attrLabels\">Vekt:<\/td>\n<td width=\"50.0%\">22 kg<\/td>\n<\/tr>\n<tr>\n<td class=\"attrLabels\">Merke:<\/td>\n<td width=\"50.0%\">BUE<\/td>\n<td class=\"attrLabels\">H\u00f8y:<\/td>\n<td width=\"50.0%\">75 cm<\/td>\n<\/tr>\n<tr>\n<td class=\"attrLabels\">Farge:<\/td>\n<td width=\"50.0%\">Rosa<\/td>\n<td class=\"attrLabels\">Lang:<\/td>\n<td width=\"50.0%\">56 cm<\/td>\n<\/tr>\n<tr>\n<td class=\"attrLabels\">Produkttype:<\/td>\n<td width=\"50.0%\">Popcornmaskin med vogn<\/td>\n<td class=\"attrLabels\">Bred:<\/td>\n<td width=\"50.0%\">52 cm<\/td>\n<\/tr>\n<tr>\n<td class=\"attrLabels\">Potens dimensjon:<\/td>\n<td width=\"50.0%\">223 g<\/td>\n<td class=\"attrLabels\">Makt:<\/td>\n<td width=\"50.0%\">1350 W<\/td>\n<\/tr>\n<tr>\n<td class=\"attrLabels\">Materiale:<\/td>\n<td width=\"50.0%\">matsikkert rustfritt st\u00e5l<\/td>\n<td class=\"attrLabels\">Spenning:<\/td>\n<td width=\"50.0%\">220V \u2013 60Hz<\/td>\n<\/tr>\n<tr>\n<td class=\"attrLabels\">Maskindimensjon:<\/td>\n<td width=\"50.0%\">56 x 52 x 75 cm<\/td>\n<td class=\"attrLabels\">Evne:<\/td>\n<td width=\"50.0%\">16 L<\/td>\n<\/tr>\n<tr>\n<td class=\"attrLabels\">Installasjonsverkt\u00f8y:<\/td>\n<td width=\"50.0%\">Ja<\/td>\n<td class=\"attrLabels\">Produksjon:<\/td>\n<td width=\"50.0%\">50 kg i timen<\/td>\n<\/tr>\n<\/tbody>\n<\/table>\n<p>&nbsp;<\/p>","protected":false},"excerpt":{"rendered":"<h2>Popcorn maskin<\/h2>\n<p>Dra nytte av<strong>\u00a0popcorn maskin\u00a0<span style=\"color: #ff0000;\">TIL<\/span><span style=\"color: #0000ff;\">R<\/span>CMPC02<\/strong>\u00a0og la deg overbevise av en utmerket smaksopplevelse, enten det er p\u00e5 kino, loppemarked eller festival!<\/p>\n<p>Maskinen til\u00a0<strong>popcorn\u00a0<span style=\"color: #ff0000;\">TIL<\/span><span style=\"color: #0000ff;\">R<\/span>c<\/strong> Den er spesialdesignet for profesjonell bruk innen gastronomi og er en ekte attraksjon. Den imponerer ikke bare med sin muntre design, sl\u00e5ende r\u00f8dfarge og emaljerte tak, men ogs\u00e5 med sitt oppvarmede og opplyste kammer, r\u00f8resystem og automatiske termostat.<\/p>\n<h6><strong>Garanti<span style=\"color: #ff0000;\">\u00a0TIL<\/span><span style=\"color: #0000ff;\">R<\/span>c<\/strong><strong>\u00a02 \u00c5R<\/strong><\/h6>\n<h6><span style=\"color: #008000;\"><strong>Effektiv popcornmaskin, lavt forbruk 1350w<\/strong><\/span><\/h6>\n<h6><strong>teknisk st\u00f8tte inkludert<\/strong><\/h6>","protected":false},"featured_media":1630,"comment_status":"open","ping_status":"closed","template":"","meta":{"wds_primary_product_brand":0,"wds_primary_product_cat":0},"product_brand":[],"product_cat":[56],"product_tag":[],"class_list":{"0":"post-1641","1":"product","2":"type-product","3":"status-publish","4":"has-post-thumbnail","6":"product_cat-maquinaria-para-ferias","7":"product_shipping_class-hosteleria","9":"first","10":"instock","11":"sale","12":"taxable","13":"shipping-taxable","14":"purchasable","15":"product-type-simple"},"yoast_head":"<!-- This site is optimized with the Yoast SEO Premium plugin v24.9 (Yoast SEO v26.1) - https:\/\/yoast.com\/wordpress\/plugins\/seo\/ -->\n<title>Maquina para palomitas - distribuci\u00f3n ARC<\/title>\n<meta name=\"robots\" content=\"index, follow, max-snippet:-1, max-image-preview:large, max-video-preview:-1\" \/>\n<link rel=\"canonical\" href=\"https:\/\/distribucionarc.com\/nb\/produkter\/popcorn-maskin\/\" \/>\n<meta property=\"og:locale\" content=\"nb_NO\" \/>\n<meta property=\"og:type\" content=\"article\" \/>\n<meta property=\"og:title\" content=\"Maquina para palomitas\" \/>\n<meta property=\"og:description\" content=\"Maquina para palomitas Saca partido a la\u00a0m\u00e1quina de palomitas\u00a0ARCMPC02\u00a0y d\u00e9jate convencer por una excelente experiencia de sabor, \u00a1ya sea en cines, mercadillos o festivales!  La m\u00e1quina de\u00a0palomitas de ma\u00edz\u00a0ARC ha sido especialmente dise\u00f1ada para el uso profesional en gastronom\u00eda y resulta toda una atracci\u00f3n. No solo impresiona por su dise\u00f1o alegre, el llamativo color rojo, y techo esmaltado, sino tambi\u00e9n por su c\u00e1mara calefactada e iluminada, sistema de agitaci\u00f3n y termostato autom\u00e1tico. Garant\u00eda\u00a0ARC\u00a02 A\u00d1OS M\u00e1quina de palomitas eficiente, bajo consumo 1350w soporte t\u00e9cnico incluido\" \/>\n<meta property=\"og:url\" content=\"https:\/\/distribucionarc.com\/nb\/produkter\/popcorn-maskin\/\" \/>\n<meta property=\"og:site_name\" content=\"distribuci\u00f3n ARC\" \/>\n<meta property=\"article:modified_time\" content=\"2020-09-27T16:40:39+00:00\" \/>\n<meta property=\"og:image\" content=\"https:\/\/distribucionarc.com\/wp-content\/uploads\/2020\/07\/M\u00e1quina-para-palomitas-con-carro-1.jpg\" \/>\n\t<meta property=\"og:image:width\" content=\"1600\" \/>\n\t<meta property=\"og:image:height\" content=\"1600\" \/>\n\t<meta property=\"og:image:type\" content=\"image\/jpeg\" \/>\n<meta name=\"twitter:card\" content=\"summary_large_image\" \/>\n<meta name=\"twitter:label1\" content=\"Ansl. lesetid\" \/>\n\t<meta name=\"twitter:data1\" content=\"1 minutt\" \/>\n<script type=\"application\/ld+json\" class=\"yoast-schema-graph\">{\"@context\":\"https:\/\/schema.org\",\"@graph\":[{\"@type\":\"WebPage\",\"@id\":\"https:\/\/distribucionarc.com\/sl\/producto\/maquina-para-palomitas\/\",\"url\":\"https:\/\/distribucionarc.com\/sl\/producto\/maquina-para-palomitas\/\",\"name\":\"Maquina para palomitas - distribuci\u00f3n ARC\",\"isPartOf\":{\"@id\":\"https:\/\/distribucionarc.com\/de\/#website\"},\"primaryImageOfPage\":{\"@id\":\"https:\/\/distribucionarc.com\/sl\/producto\/maquina-para-palomitas\/#primaryimage\"},\"image\":{\"@id\":\"https:\/\/distribucionarc.com\/sl\/producto\/maquina-para-palomitas\/#primaryimage\"},\"thumbnailUrl\":\"https:\/\/distribucionarc.com\/wp-content\/uploads\/2020\/07\/M\u00e1quina-para-palomitas-con-carro-1.jpg\",\"datePublished\":\"2020-07-28T16:23:12+00:00\",\"dateModified\":\"2020-09-27T16:40:39+00:00\",\"breadcrumb\":{\"@id\":\"https:\/\/distribucionarc.com\/sl\/producto\/maquina-para-palomitas\/#breadcrumb\"},\"inLanguage\":\"nb-NO\",\"potentialAction\":[{\"@type\":\"ReadAction\",\"target\":[\"https:\/\/distribucionarc.com\/sl\/producto\/maquina-para-palomitas\/\"]}]},{\"@type\":\"ImageObject\",\"inLanguage\":\"nb-NO\",\"@id\":\"https:\/\/distribucionarc.com\/sl\/producto\/maquina-para-palomitas\/#primaryimage\",\"url\":\"https:\/\/distribucionarc.com\/wp-content\/uploads\/2020\/07\/M\u00e1quina-para-palomitas-con-carro-1.jpg\",\"contentUrl\":\"https:\/\/distribucionarc.com\/wp-content\/uploads\/2020\/07\/M\u00e1quina-para-palomitas-con-carro-1.jpg\",\"width\":1600,\"height\":1600,\"caption\":\"M\u00e1quina para palomitas\"},{\"@type\":\"BreadcrumbList\",\"@id\":\"https:\/\/distribucionarc.com\/sl\/producto\/maquina-para-palomitas\/#breadcrumb\",\"itemListElement\":[{\"@type\":\"ListItem\",\"position\":1,\"name\":\"Portada\",\"item\":\"https:\/\/distribucionarc.com\/pl\/\"},{\"@type\":\"ListItem\",\"position\":2,\"name\":\"Produkty\",\"item\":\"https:\/\/distribucionarc.com\/pl\/shop\/\"},{\"@type\":\"ListItem\",\"position\":3,\"name\":\"Maquina para palomitas\"}]},{\"@type\":\"WebSite\",\"@id\":\"https:\/\/distribucionarc.com\/de\/#website\",\"url\":\"https:\/\/distribucionarc.com\/de\/\",\"name\":\"distribuci\u00f3n ARC\",\"description\":\"Empresa especializada en la fabricaci\u00f3n y distribuci\u00f3n de maquinaria industrial, selladoras de latas, Maquinas de hacer pastillas, Maquinas de cortar carne...\",\"publisher\":{\"@id\":\"https:\/\/distribucionarc.com\/de\/#organization\"},\"potentialAction\":[{\"@type\":\"SearchAction\",\"target\":{\"@type\":\"EntryPoint\",\"urlTemplate\":\"https:\/\/distribucionarc.com\/de\/?s={search_term_string}\"},\"query-input\":{\"@type\":\"PropertyValueSpecification\",\"valueRequired\":true,\"valueName\":\"search_term_string\"}}],\"inLanguage\":\"nb-NO\"},{\"@type\":\"Organization\",\"@id\":\"https:\/\/distribucionarc.com\/de\/#organization\",\"name\":\"Distribuci\u00f3n ARC\",\"url\":\"https:\/\/distribucionarc.com\/de\/\",\"logo\":{\"@type\":\"ImageObject\",\"inLanguage\":\"nb-NO\",\"@id\":\"https:\/\/distribucionarc.com\/de\/#\/schema\/logo\/image\/\",\"url\":\"https:\/\/distribucionarc.com\/wp-content\/uploads\/2024\/10\/distribucion-ARC-COLOR-SIN-FONDO-e1732295305345.png\",\"contentUrl\":\"https:\/\/distribucionarc.com\/wp-content\/uploads\/2024\/10\/distribucion-ARC-COLOR-SIN-FONDO-e1732295305345.png\",\"width\":1164,\"height\":558,\"caption\":\"Distribuci\u00f3n ARC\"},\"image\":{\"@id\":\"https:\/\/distribucionarc.com\/de\/#\/schema\/logo\/image\/\"},\"description\":\"Empresa especializada en la fabricaci\u00f3n y distribuci\u00f3n de maquinaria industrial para los sectores alimentario y farmac\u00e9utico. Nos especializamos en: M\u00e1quinas de cortar carne Fabricaci\u00f3n de comprimidos Sistemas de transporte industrial L\u00edneas de embotellado Dosificadores Y mucho m\u00e1s... Ofrecemos soluciones innovadoras y personalizadas para optimizar los procesos productivos de tu empresa.\",\"email\":\"Admistracion@distribucionarc.com\",\"telephone\":\"+34 643496664\",\"legalName\":\"ARC TECH SOLUTIONS\",\"foundingDate\":\"2024-04-09\",\"vatID\":\"B55480172\",\"numberOfEmployees\":{\"@type\":\"QuantitativeValue\",\"minValue\":\"1\",\"maxValue\":\"10\"}}]}<\/script>\n<!-- \/ Yoast SEO Premium plugin. -->","yoast_head_json":{"title":"Popcornmaskin - ARC distribusjon","robots":{"index":"index","follow":"follow","max-snippet":"max-snippet:-1","max-image-preview":"max-image-preview:large","max-video-preview":"max-video-preview:-1"},"canonical":"https:\/\/distribucionarc.com\/nb\/produkter\/popcorn-maskin\/","og_locale":"nb_NO","og_type":"article","og_title":"Maquina para palomitas","og_description":"Maquina para palomitas Saca partido a la\u00a0m\u00e1quina de palomitas\u00a0ARCMPC02\u00a0y d\u00e9jate convencer por una excelente experiencia de sabor, \u00a1ya sea en cines, mercadillos o festivales!  La m\u00e1quina de\u00a0palomitas de ma\u00edz\u00a0ARC ha sido especialmente dise\u00f1ada para el uso profesional en gastronom\u00eda y resulta toda una atracci\u00f3n. No solo impresiona por su dise\u00f1o alegre, el llamativo color rojo, y techo esmaltado, sino tambi\u00e9n por su c\u00e1mara calefactada e iluminada, sistema de agitaci\u00f3n y termostato autom\u00e1tico. Garant\u00eda\u00a0ARC\u00a02 A\u00d1OS M\u00e1quina de palomitas eficiente, bajo consumo 1350w soporte t\u00e9cnico incluido","og_url":"https:\/\/distribucionarc.com\/nb\/produkter\/popcorn-maskin\/","og_site_name":"distribuci\u00f3n ARC","article_modified_time":"2020-09-27T16:40:39+00:00","og_image":[{"width":1600,"height":1600,"url":"https:\/\/distribucionarc.com\/wp-content\/uploads\/2020\/07\/M\u00e1quina-para-palomitas-con-carro-1.jpg","type":"image\/jpeg"}],"twitter_card":"summary_large_image","twitter_misc":{"Ansl. lesetid":"1 minutt"},"schema":{"@context":"https:\/\/schema.org","@graph":[{"@type":"WebPage","@id":"https:\/\/distribucionarc.com\/sl\/producto\/maquina-para-palomitas\/","url":"https:\/\/distribucionarc.com\/sl\/producto\/maquina-para-palomitas\/","name":"Popcornmaskin - ARC distribusjon","isPartOf":{"@id":"https:\/\/distribucionarc.com\/de\/#website"},"primaryImageOfPage":{"@id":"https:\/\/distribucionarc.com\/sl\/producto\/maquina-para-palomitas\/#primaryimage"},"image":{"@id":"https:\/\/distribucionarc.com\/sl\/producto\/maquina-para-palomitas\/#primaryimage"},"thumbnailUrl":"https:\/\/distribucionarc.com\/wp-content\/uploads\/2020\/07\/M\u00e1quina-para-palomitas-con-carro-1.jpg","datePublished":"2020-07-28T16:23:12+00:00","dateModified":"2020-09-27T16:40:39+00:00","breadcrumb":{"@id":"https:\/\/distribucionarc.com\/sl\/producto\/maquina-para-palomitas\/#breadcrumb"},"inLanguage":"nb-NO","potentialAction":[{"@type":"ReadAction","target":["https:\/\/distribucionarc.com\/sl\/producto\/maquina-para-palomitas\/"]}]},{"@type":"ImageObject","inLanguage":"nb-NO","@id":"https:\/\/distribucionarc.com\/sl\/producto\/maquina-para-palomitas\/#primaryimage","url":"https:\/\/distribucionarc.com\/wp-content\/uploads\/2020\/07\/M\u00e1quina-para-palomitas-con-carro-1.jpg","contentUrl":"https:\/\/distribucionarc.com\/wp-content\/uploads\/2020\/07\/M\u00e1quina-para-palomitas-con-carro-1.jpg","width":1600,"height":1600,"caption":"M\u00e1quina para palomitas"},{"@type":"BreadcrumbList","@id":"https:\/\/distribucionarc.com\/sl\/producto\/maquina-para-palomitas\/#breadcrumb","itemListElement":[{"@type":"ListItem","position":1,"name":"Portada","item":"https:\/\/distribucionarc.com\/pl\/"},{"@type":"ListItem","position":2,"name":"Produkty","item":"https:\/\/distribucionarc.com\/pl\/shop\/"},{"@type":"ListItem","position":3,"name":"Maquina para palomitas"}]},{"@type":"WebSite","@id":"https:\/\/distribucionarc.com\/de\/#website","url":"https:\/\/distribucionarc.com\/de\/","name":"ARC distribusjon","description":"Selskapet har spesialisert seg p\u00e5 produksjon og distribusjon av industrimaskiner, hermetikkboksforseglingsmaskiner, tablettmaskiner, kj\u00f8ttskj\u00e6remaskiner og...","publisher":{"@id":"https:\/\/distribucionarc.com\/de\/#organization"},"potentialAction":[{"@type":"SearchAction","target":{"@type":"EntryPoint","urlTemplate":"https:\/\/distribucionarc.com\/de\/?s={search_term_string}"},"query-input":{"@type":"PropertyValueSpecification","valueRequired":true,"valueName":"search_term_string"}}],"inLanguage":"nb-NO"},{"@type":"Organization","@id":"https:\/\/distribucionarc.com\/de\/#organization","name":"ARC distribusjon","url":"https:\/\/distribucionarc.com\/de\/","logo":{"@type":"ImageObject","inLanguage":"nb-NO","@id":"https:\/\/distribucionarc.com\/de\/#\/schema\/logo\/image\/","url":"https:\/\/distribucionarc.com\/wp-content\/uploads\/2024\/10\/distribucion-ARC-COLOR-SIN-FONDO-e1732295305345.png","contentUrl":"https:\/\/distribucionarc.com\/wp-content\/uploads\/2024\/10\/distribucion-ARC-COLOR-SIN-FONDO-e1732295305345.png","width":1164,"height":558,"caption":"Distribuci\u00f3n ARC"},"image":{"@id":"https:\/\/distribucionarc.com\/de\/#\/schema\/logo\/image\/"},"description":"Selskap som har spesialisert seg p\u00e5 produksjon og distribusjon av industrimaskiner til n\u00e6ringsmiddel- og farmasisektoren. Vi er spesialister p\u00e5: Kj\u00f8ttskj\u00e6remaskiner Tablettilvirkning Industrielle transportsystemer Tappelinjer Dispensere Og mye mer... Vi tilbyr innovative og skreddersydde l\u00f8sninger for \u00e5 optimalisere bedriftens produksjonsprosesser.","email":"Admistracion@distribucionarc.com","telephone":"+34 643496664","legalName":"ARC TECH SOLUTIONS","foundingDate":"2024-04-09","vatID":"B55480172","numberOfEmployees":{"@type":"QuantitativeValue","minValue":"1","maxValue":"10"}}]}},"_links":{"self":[{"href":"https:\/\/distribucionarc.com\/nb\/wp-json\/wp\/v2\/product\/1641","targetHints":{"allow":["GET"]}}],"collection":[{"href":"https:\/\/distribucionarc.com\/nb\/wp-json\/wp\/v2\/product"}],"about":[{"href":"https:\/\/distribucionarc.com\/nb\/wp-json\/wp\/v2\/types\/product"}],"replies":[{"embeddable":true,"href":"https:\/\/distribucionarc.com\/nb\/wp-json\/wp\/v2\/comments?post=1641"}],"version-history":[{"count":0,"href":"https:\/\/distribucionarc.com\/nb\/wp-json\/wp\/v2\/product\/1641\/revisions"}],"wp:featuredmedia":[{"embeddable":true,"href":"https:\/\/distribucionarc.com\/nb\/wp-json\/wp\/v2\/media\/1630"}],"wp:attachment":[{"href":"https:\/\/distribucionarc.com\/nb\/wp-json\/wp\/v2\/media?parent=1641"}],"wp:term":[{"taxonomy":"product_brand","embeddable":true,"href":"https:\/\/distribucionarc.com\/nb\/wp-json\/wp\/v2\/product_brand?post=1641"},{"taxonomy":"product_cat","embeddable":true,"href":"https:\/\/distribucionarc.com\/nb\/wp-json\/wp\/v2\/product_cat?post=1641"},{"taxonomy":"product_tag","embeddable":true,"href":"https:\/\/distribucionarc.com\/nb\/wp-json\/wp\/v2\/product_tag?post=1641"}],"curies":[{"name":"wp","href":"https:\/\/api.w.org\/{rel}","templated":true}]}}