{"id":1669,"date":"2020-07-29T10:51:23","date_gmt":"2020-07-29T10:51:23","guid":{"rendered":"https:\/\/distribucionarc.com\/?post_type=product&#038;p=1669"},"modified":"2020-09-27T11:02:09","modified_gmt":"2020-09-27T11:02:09","slug":"vann-alkohol-destilleri-50l","status":"publish","type":"product","link":"https:\/\/distribucionarc.com\/nb\/producto\/destilador-alcohol-de-agua-50l\/","title":{"rendered":"50L vannspritdestiller"},"content":{"rendered":"<h3>50L vannspritdestiller<\/h3>\n<p>Han\u00a0<strong>alkoholdestiller<\/strong>\u00a0av\u00a0<strong><span style=\"color: #ff0000;\">TIL<\/span><span style=\"color: #0000ff;\">R<\/span>c<\/strong>\u00a0Den er egnet for destillering av fruktvin, vann, konjakk, planteekstraksjon, etc. Anbefales for b\u00e5de nybegynnere og profesjonelle. Kan bruke alle typer oppvarmingsmetoder.<\/p>\n<p>Han\u00a0<strong>alkoholdestiller<\/strong>\u00a0<strong><span style=\"color: #ff0000;\">TIL<\/span><span style=\"color: #0000ff;\">R<\/span>c<\/strong> Den har stor produksjonskapasitet \u00e5 produsere opp til <strong>50 L<\/strong>\u00a0av materie. Den robuste\u00a0<strong>destilleri<\/strong>\u00a0Rustfritt st\u00e5l holder i \u00e5revis. Den fortykkede bunnen gir mulighet for alle typer oppvarmingsmetoder.<\/p>\n<p>Avkj\u00f8lingen av\u00a0<strong>vanndestilleri<\/strong>\u00a0Den er \u00e5pen type med dobbel t\u00f8nnedesign. Kobberspiralene har et stort kontaktomr\u00e5de med vannkj\u00f8lev\u00e6sken, som tilbyr en\u00a0<span style=\"color: #0000ff;\"><strong>kj\u00f8leytelse og opprettholde en ganske lav temperatur p\u00e5 det destillerte produktet<\/strong><\/span>. Sirkulerende vann kommer inn gjennom det nedre innl\u00f8pet og renner fra det \u00f8vre utl\u00f8pet. Fleksible og solide silikonr\u00f8r av matkvalitet sikrer rask vannstr\u00f8m. Den ekstra sirkulerende vannpumpen sparer vann og gir mer produksjon. Termometeret innebygd i lokket p\u00e5\u00a0<strong>alkoholdestiller<\/strong>\u00a0<strong><span style=\"color: #ff0000;\">TIL<\/span><span style=\"color: #0000ff;\">R<\/span>CDAF1<\/strong>\u00a0Gir enkel overv\u00e5king av temperaturen under destillasjonsprosessen.<\/p>\n<p>Fire hurtigkroker hjelper til med \u00e5 tette tett\u00a0<strong>destillasjonssett<\/strong>, l\u00f8fteh\u00e5ndtakene festet til skuffen opprettholder en stor mengde spenning. Inneholder enveis luftevakueringsventil involvert for p\u00e5f\u00f8ring i korngj\u00e6ringsprosessen.<\/p>\n<h6><\/h6>\n<h6><strong>Garanti\u00a0<span style=\"color: #ff0000;\">TIL<\/span><span style=\"color: #0000ff;\">R<\/span>C 2 \u00c5R<\/strong><\/h6>\n<h6><span style=\"color: #0000ff;\">Rask kj\u00f8lesystem<\/span><\/h6>\n<h6><strong>teknisk st\u00f8tte inkludert.<\/strong><\/h6>\n<p>&nbsp;<\/p>\n<table role=\"presentation\" width=\"100%\" cellspacing=\"0\" cellpadding=\"0\">\n<tbody>\n<tr>\n<td class=\"attrLabels\">Temperatur:<\/td>\n<td width=\"50.0%\">0-350\u00baC tilpasningsevne for oppvarming<\/td>\n<\/tr>\n<tr>\n<td class=\"attrLabels\">Distribusjonsland:<\/td>\n<td width=\"50.0%\">Spania, Tyskland, USA<\/td>\n<td class=\"attrLabels\">Vekt:<\/td>\n<td width=\"50.0%\">12 kg<\/td>\n<\/tr>\n<tr>\n<td class=\"attrLabels\">Merke:<\/td>\n<td width=\"50.0%\">BUE<\/td>\n<td class=\"attrLabels\">H\u00f8yde:<\/td>\n<td width=\"50.0%\">47 cm<\/td>\n<\/tr>\n<tr>\n<td class=\"attrLabels\">Farge:<\/td>\n<td width=\"50.0%\">S\u00f8lv<\/td>\n<td class=\"attrLabels\">Lang:<\/td>\n<td width=\"50.0%\">\u00a044 cm<\/td>\n<\/tr>\n<tr>\n<td class=\"attrLabels\">Produkttype:<\/td>\n<td width=\"50.0%\">Vann alkoholdestiller<\/td>\n<td class=\"attrLabels\">Bred:<\/td>\n<td width=\"50.0%\">44 cm<\/td>\n<\/tr>\n<tr>\n<td class=\"attrLabels\">Produsentnummer:<\/td>\n<td width=\"50.0%\">ARCDAF50<\/td>\n<td class=\"attrLabels\">St\u00e5ltype:<\/td>\n<td width=\"50.0%\">304<\/td>\n<\/tr>\n<tr>\n<td class=\"attrLabels\">Materiale:<\/td>\n<td width=\"50.0%\">Rustfritt st\u00e5l, spesialunderlag, trykk- og temperaturkontroll<\/td>\n<td class=\"attrLabels\">Cap type:<\/td>\n<td width=\"50.0%\">Hermetisk lukking, Lukkekroker<\/td>\n<\/tr>\n<tr>\n<td class=\"attrLabels\">T\u00f8nnest\u00f8rrelse:<\/td>\n<td width=\"50.0%\">40 x 40 cm<\/td>\n<td class=\"attrLabels\">Garanti:<\/td>\n<td width=\"50.0%\">2 \u00c5R<\/td>\n<\/tr>\n<tr>\n<td class=\"attrLabels\">Liter:<\/td>\n<td width=\"50.0%\">50L<\/td>\n<td class=\"attrLabels\">Installasjonsverkt\u00f8y:<\/td>\n<td width=\"50.0%\">Ja<\/td>\n<\/tr>\n<\/tbody>\n<\/table>","protected":false},"excerpt":{"rendered":"<h3>50L vannspritdestiller<\/h3>\n<p><strong>Komplett sett med alkoholdestillasjon<\/strong>\u00a0av\u00a0<strong><span style=\"color: #ff0000;\">TIL<\/span><span style=\"color: #0000ff;\">R<\/span>c<\/strong>\u00a0Den er ideell for nybegynnere og eksperter, veldig enkel \u00e5 sette opp og bruke. Den kan brukes til \u00e5 destillere fruktvin, vann, konjakk og raffinering av planteekstrakter til medisinske form\u00e5l.<\/p>\n<p>Denne gryten i rustfritt st\u00e5l. Kan varmes opp med induksjonskomfyr, komfyr eller annen varmekilde.  De\u00a0<strong><span style=\"color: #ff0000;\">TIL<\/span><span style=\"color: #0000ff;\">R<\/span>CDAF50 <\/strong>Den har doble fat for bedre destillasjonsresultater. Dette\u00a0<strong>vanndestilleri<\/strong>\u00a0Vedtar \u00e5pen kj\u00f8lemetode, kobberspiraler med rask termisk ledningsevne sikrer lovende kj\u00f8leytelse sammen med stort kontaktareal med kj\u00f8lev\u00e6ske, noe som gir ganske lav temperatur p\u00e5 destillert produkt. Han\u00a0<strong>alkoholdestiller<\/strong>\u00a0av\u00a0<strong><span style=\"color: #ff0000;\">TIL<\/span><span style=\"color: #0000ff;\">R<\/span>c<\/strong>\u00a0Den er perfekt for \u00e5 tilf\u00f8re smaker til produktet ditt, sirkulerende vannpumpe festet for \u00e5 spare kj\u00f8levann og gi mer smak.<\/p>\n<h6><strong>Garanti\u00a0<span style=\"color: #ff0000;\">TIL<\/span><span style=\"color: #0000ff;\">R<\/span>C 2 \u00c5R<\/strong><\/h6>\n<h6><span style=\"color: #0000ff;\">Rask kj\u00f8lesystem\u00a0<\/span><\/h6>\n<h6><strong>teknisk st\u00f8tte inkludert.<\/strong><\/h6>","protected":false},"featured_media":1675,"comment_status":"open","ping_status":"closed","template":"","meta":{"wds_primary_product_brand":0,"wds_primary_product_cat":0},"product_brand":[],"product_cat":[54],"product_tag":[],"class_list":{"0":"post-1669","1":"product","2":"type-product","3":"status-publish","4":"has-post-thumbnail","6":"product_cat-maceracion-fermentacion","7":"product_shipping_class-hosteleria","9":"first","10":"instock","11":"sale","12":"taxable","13":"shipping-taxable","14":"purchasable","15":"product-type-simple"},"yoast_head":"<!-- This site is optimized with the Yoast SEO Premium plugin v24.9 (Yoast SEO v26.1) - https:\/\/yoast.com\/wordpress\/plugins\/seo\/ -->\n<title>Destilador alcohol de agua 50L - distribuci\u00f3n ARC<\/title>\n<meta name=\"robots\" content=\"index, follow, max-snippet:-1, max-image-preview:large, max-video-preview:-1\" \/>\n<link rel=\"canonical\" href=\"https:\/\/www.distribucionarc.com\/tr\/producto\/destilador-alcohol-de-agua-50l\/\" \/>\n<meta property=\"og:locale\" content=\"nb_NO\" \/>\n<meta property=\"og:type\" content=\"article\" \/>\n<meta property=\"og:title\" content=\"Destilador alcohol de agua 50L\" \/>\n<meta property=\"og:description\" content=\"Destilador alcohol de agua 50L Conjunto completo de Destilaci\u00f3n de alcohol\u00a0de\u00a0ARC\u00a0es el ideal para principiantes y expertos, muy f\u00e1cil de configurar y usar. Se puede utilizar para destilar vino de frutas, agua, brandy y extractos de plantas de refinaci\u00f3n con fines medicinales.  Esta olla de acero inox. se puede calentar por cocina de inducci\u00f3n, estufa o cualquier otra fuente de calefacci\u00f3n. \u00a0La\u00a0ARCDAF50 cuenta\u00a0 con barriles dobles para obtener mejores resultados de destilaci\u00f3n. Este\u00a0destilador de agua\u00a0adopta el m\u00e9todo de enfriamiento de tipo abierto, las bobinas de cobre con conductividad t\u00e9rmica r\u00e1pida aseguran un rendimiento de enfriamiento prometedor junto con una gran \u00e1rea de contacto con el refrigerante, proporcionando una temperatura bastante baja del producto destilado. El\u00a0destilador de alcohol\u00a0de\u00a0ARC\u00a0es el \u00a0perfecto para a\u00f1adir sabores a su producto, Bomba de agua circulante unida para ahorrar agua de refrigeraci\u00f3n y proporcionar m\u00e1s sabor. Garant\u00eda\u00a0ARC 2 A\u00d1OS Sistema de enfriado r\u00e1pido\u00a0 soporte t\u00e9cnico incluido.\" \/>\n<meta property=\"og:url\" content=\"https:\/\/www.distribucionarc.com\/tr\/producto\/destilador-alcohol-de-agua-50l\/\" \/>\n<meta property=\"og:site_name\" content=\"distribuci\u00f3n ARC\" \/>\n<meta property=\"article:modified_time\" content=\"2020-09-27T11:02:09+00:00\" \/>\n<meta property=\"og:image\" content=\"https:\/\/www.distribucionarc.com\/wp-content\/uploads\/2020\/07\/Destilador-alcohol-de-agua-50L-0.jpg\" \/>\n\t<meta property=\"og:image:width\" content=\"1600\" \/>\n\t<meta property=\"og:image:height\" content=\"1600\" \/>\n\t<meta property=\"og:image:type\" content=\"image\/jpeg\" \/>\n<meta name=\"twitter:card\" content=\"summary_large_image\" \/>\n<meta name=\"twitter:label1\" content=\"Ansl. lesetid\" \/>\n\t<meta name=\"twitter:data1\" content=\"2 minutter\" \/>\n<script type=\"application\/ld+json\" class=\"yoast-schema-graph\">{\"@context\":\"https:\/\/schema.org\",\"@graph\":[{\"@type\":\"WebPage\",\"@id\":\"https:\/\/www.distribucionarc.com\/tr\/producto\/destilador-alcohol-de-agua-50l\/\",\"url\":\"https:\/\/www.distribucionarc.com\/tr\/producto\/destilador-alcohol-de-agua-50l\/\",\"name\":\"Destilador alcohol de agua 50L - distribuci\u00f3n ARC\",\"isPartOf\":{\"@id\":\"https:\/\/distribucionarc.com\/de\/#website\"},\"primaryImageOfPage\":{\"@id\":\"https:\/\/www.distribucionarc.com\/tr\/producto\/destilador-alcohol-de-agua-50l\/#primaryimage\"},\"image\":{\"@id\":\"https:\/\/www.distribucionarc.com\/tr\/producto\/destilador-alcohol-de-agua-50l\/#primaryimage\"},\"thumbnailUrl\":\"https:\/\/distribucionarc.com\/wp-content\/uploads\/2020\/07\/Destilador-alcohol-de-agua-50L-0.jpg\",\"datePublished\":\"2020-07-29T10:51:23+00:00\",\"dateModified\":\"2020-09-27T11:02:09+00:00\",\"breadcrumb\":{\"@id\":\"https:\/\/www.distribucionarc.com\/tr\/producto\/destilador-alcohol-de-agua-50l\/#breadcrumb\"},\"inLanguage\":\"nb-NO\",\"potentialAction\":[{\"@type\":\"ReadAction\",\"target\":[\"https:\/\/www.distribucionarc.com\/tr\/producto\/destilador-alcohol-de-agua-50l\/\"]}]},{\"@type\":\"ImageObject\",\"inLanguage\":\"nb-NO\",\"@id\":\"https:\/\/www.distribucionarc.com\/tr\/producto\/destilador-alcohol-de-agua-50l\/#primaryimage\",\"url\":\"https:\/\/distribucionarc.com\/wp-content\/uploads\/2020\/07\/Destilador-alcohol-de-agua-50L-0.jpg\",\"contentUrl\":\"https:\/\/distribucionarc.com\/wp-content\/uploads\/2020\/07\/Destilador-alcohol-de-agua-50L-0.jpg\",\"width\":1600,\"height\":1600,\"caption\":\"Destilador alcohol de agua 50L\"},{\"@type\":\"BreadcrumbList\",\"@id\":\"https:\/\/www.distribucionarc.com\/tr\/producto\/destilador-alcohol-de-agua-50l\/#breadcrumb\",\"itemListElement\":[{\"@type\":\"ListItem\",\"position\":1,\"name\":\"Portada\",\"item\":\"https:\/\/distribucionarc.com\/pl\/\"},{\"@type\":\"ListItem\",\"position\":2,\"name\":\"Produkty\",\"item\":\"https:\/\/distribucionarc.com\/pl\/shop\/\"},{\"@type\":\"ListItem\",\"position\":3,\"name\":\"Destilador alcohol de agua 50L\"}]},{\"@type\":\"WebSite\",\"@id\":\"https:\/\/distribucionarc.com\/de\/#website\",\"url\":\"https:\/\/distribucionarc.com\/de\/\",\"name\":\"distribuci\u00f3n ARC\",\"description\":\"Empresa especializada en la fabricaci\u00f3n y distribuci\u00f3n de maquinaria industrial, selladoras de latas, Maquinas de hacer pastillas, Maquinas de cortar carne...\",\"publisher\":{\"@id\":\"https:\/\/distribucionarc.com\/de\/#organization\"},\"potentialAction\":[{\"@type\":\"SearchAction\",\"target\":{\"@type\":\"EntryPoint\",\"urlTemplate\":\"https:\/\/distribucionarc.com\/de\/?s={search_term_string}\"},\"query-input\":{\"@type\":\"PropertyValueSpecification\",\"valueRequired\":true,\"valueName\":\"search_term_string\"}}],\"inLanguage\":\"nb-NO\"},{\"@type\":\"Organization\",\"@id\":\"https:\/\/distribucionarc.com\/de\/#organization\",\"name\":\"Distribuci\u00f3n ARC\",\"url\":\"https:\/\/distribucionarc.com\/de\/\",\"logo\":{\"@type\":\"ImageObject\",\"inLanguage\":\"nb-NO\",\"@id\":\"https:\/\/distribucionarc.com\/de\/#\/schema\/logo\/image\/\",\"url\":\"https:\/\/distribucionarc.com\/wp-content\/uploads\/2024\/10\/distribucion-ARC-COLOR-SIN-FONDO-e1732295305345.png\",\"contentUrl\":\"https:\/\/distribucionarc.com\/wp-content\/uploads\/2024\/10\/distribucion-ARC-COLOR-SIN-FONDO-e1732295305345.png\",\"width\":1164,\"height\":558,\"caption\":\"Distribuci\u00f3n ARC\"},\"image\":{\"@id\":\"https:\/\/distribucionarc.com\/de\/#\/schema\/logo\/image\/\"},\"description\":\"Empresa especializada en la fabricaci\u00f3n y distribuci\u00f3n de maquinaria industrial para los sectores alimentario y farmac\u00e9utico. Nos especializamos en: M\u00e1quinas de cortar carne Fabricaci\u00f3n de comprimidos Sistemas de transporte industrial L\u00edneas de embotellado Dosificadores Y mucho m\u00e1s... Ofrecemos soluciones innovadoras y personalizadas para optimizar los procesos productivos de tu empresa.\",\"email\":\"Admistracion@distribucionarc.com\",\"telephone\":\"+34 643496664\",\"legalName\":\"ARC TECH SOLUTIONS\",\"foundingDate\":\"2024-04-09\",\"vatID\":\"B55480172\",\"numberOfEmployees\":{\"@type\":\"QuantitativeValue\",\"minValue\":\"1\",\"maxValue\":\"10\"}}]}<\/script>\n<!-- \/ Yoast SEO Premium plugin. -->","yoast_head_json":{"title":"50L vannspritdestiller - ARC distribusjon","robots":{"index":"index","follow":"follow","max-snippet":"max-snippet:-1","max-image-preview":"max-image-preview:large","max-video-preview":"max-video-preview:-1"},"canonical":"https:\/\/www.distribucionarc.com\/tr\/producto\/destilador-alcohol-de-agua-50l\/","og_locale":"nb_NO","og_type":"article","og_title":"Destilador alcohol de agua 50L","og_description":"Destilador alcohol de agua 50L Conjunto completo de Destilaci\u00f3n de alcohol\u00a0de\u00a0ARC\u00a0es el ideal para principiantes y expertos, muy f\u00e1cil de configurar y usar. Se puede utilizar para destilar vino de frutas, agua, brandy y extractos de plantas de refinaci\u00f3n con fines medicinales.  Esta olla de acero inox. se puede calentar por cocina de inducci\u00f3n, estufa o cualquier otra fuente de calefacci\u00f3n. \u00a0La\u00a0ARCDAF50 cuenta\u00a0 con barriles dobles para obtener mejores resultados de destilaci\u00f3n. Este\u00a0destilador de agua\u00a0adopta el m\u00e9todo de enfriamiento de tipo abierto, las bobinas de cobre con conductividad t\u00e9rmica r\u00e1pida aseguran un rendimiento de enfriamiento prometedor junto con una gran \u00e1rea de contacto con el refrigerante, proporcionando una temperatura bastante baja del producto destilado. El\u00a0destilador de alcohol\u00a0de\u00a0ARC\u00a0es el \u00a0perfecto para a\u00f1adir sabores a su producto, Bomba de agua circulante unida para ahorrar agua de refrigeraci\u00f3n y proporcionar m\u00e1s sabor. Garant\u00eda\u00a0ARC 2 A\u00d1OS Sistema de enfriado r\u00e1pido\u00a0 soporte t\u00e9cnico incluido.","og_url":"https:\/\/www.distribucionarc.com\/tr\/producto\/destilador-alcohol-de-agua-50l\/","og_site_name":"distribuci\u00f3n ARC","article_modified_time":"2020-09-27T11:02:09+00:00","og_image":[{"width":1600,"height":1600,"url":"https:\/\/www.distribucionarc.com\/wp-content\/uploads\/2020\/07\/Destilador-alcohol-de-agua-50L-0.jpg","type":"image\/jpeg"}],"twitter_card":"summary_large_image","twitter_misc":{"Ansl. lesetid":"2 minutter"},"schema":{"@context":"https:\/\/schema.org","@graph":[{"@type":"WebPage","@id":"https:\/\/www.distribucionarc.com\/tr\/producto\/destilador-alcohol-de-agua-50l\/","url":"https:\/\/www.distribucionarc.com\/tr\/producto\/destilador-alcohol-de-agua-50l\/","name":"50L vannspritdestiller - ARC distribusjon","isPartOf":{"@id":"https:\/\/distribucionarc.com\/de\/#website"},"primaryImageOfPage":{"@id":"https:\/\/www.distribucionarc.com\/tr\/producto\/destilador-alcohol-de-agua-50l\/#primaryimage"},"image":{"@id":"https:\/\/www.distribucionarc.com\/tr\/producto\/destilador-alcohol-de-agua-50l\/#primaryimage"},"thumbnailUrl":"https:\/\/distribucionarc.com\/wp-content\/uploads\/2020\/07\/Destilador-alcohol-de-agua-50L-0.jpg","datePublished":"2020-07-29T10:51:23+00:00","dateModified":"2020-09-27T11:02:09+00:00","breadcrumb":{"@id":"https:\/\/www.distribucionarc.com\/tr\/producto\/destilador-alcohol-de-agua-50l\/#breadcrumb"},"inLanguage":"nb-NO","potentialAction":[{"@type":"ReadAction","target":["https:\/\/www.distribucionarc.com\/tr\/producto\/destilador-alcohol-de-agua-50l\/"]}]},{"@type":"ImageObject","inLanguage":"nb-NO","@id":"https:\/\/www.distribucionarc.com\/tr\/producto\/destilador-alcohol-de-agua-50l\/#primaryimage","url":"https:\/\/distribucionarc.com\/wp-content\/uploads\/2020\/07\/Destilador-alcohol-de-agua-50L-0.jpg","contentUrl":"https:\/\/distribucionarc.com\/wp-content\/uploads\/2020\/07\/Destilador-alcohol-de-agua-50L-0.jpg","width":1600,"height":1600,"caption":"Destilador alcohol de agua 50L"},{"@type":"BreadcrumbList","@id":"https:\/\/www.distribucionarc.com\/tr\/producto\/destilador-alcohol-de-agua-50l\/#breadcrumb","itemListElement":[{"@type":"ListItem","position":1,"name":"Portada","item":"https:\/\/distribucionarc.com\/pl\/"},{"@type":"ListItem","position":2,"name":"Produkty","item":"https:\/\/distribucionarc.com\/pl\/shop\/"},{"@type":"ListItem","position":3,"name":"Destilador alcohol de agua 50L"}]},{"@type":"WebSite","@id":"https:\/\/distribucionarc.com\/de\/#website","url":"https:\/\/distribucionarc.com\/de\/","name":"ARC distribusjon","description":"Selskapet har spesialisert seg p\u00e5 produksjon og distribusjon av industrimaskiner, hermetikkboksforseglingsmaskiner, tablettmaskiner, kj\u00f8ttskj\u00e6remaskiner og...","publisher":{"@id":"https:\/\/distribucionarc.com\/de\/#organization"},"potentialAction":[{"@type":"SearchAction","target":{"@type":"EntryPoint","urlTemplate":"https:\/\/distribucionarc.com\/de\/?s={search_term_string}"},"query-input":{"@type":"PropertyValueSpecification","valueRequired":true,"valueName":"search_term_string"}}],"inLanguage":"nb-NO"},{"@type":"Organization","@id":"https:\/\/distribucionarc.com\/de\/#organization","name":"ARC distribusjon","url":"https:\/\/distribucionarc.com\/de\/","logo":{"@type":"ImageObject","inLanguage":"nb-NO","@id":"https:\/\/distribucionarc.com\/de\/#\/schema\/logo\/image\/","url":"https:\/\/distribucionarc.com\/wp-content\/uploads\/2024\/10\/distribucion-ARC-COLOR-SIN-FONDO-e1732295305345.png","contentUrl":"https:\/\/distribucionarc.com\/wp-content\/uploads\/2024\/10\/distribucion-ARC-COLOR-SIN-FONDO-e1732295305345.png","width":1164,"height":558,"caption":"Distribuci\u00f3n ARC"},"image":{"@id":"https:\/\/distribucionarc.com\/de\/#\/schema\/logo\/image\/"},"description":"Selskap som har spesialisert seg p\u00e5 produksjon og distribusjon av industrimaskiner til n\u00e6ringsmiddel- og farmasisektoren. Vi er spesialister p\u00e5: Kj\u00f8ttskj\u00e6remaskiner Tablettilvirkning Industrielle transportsystemer Tappelinjer Dispensere Og mye mer... Vi tilbyr innovative og skreddersydde l\u00f8sninger for \u00e5 optimalisere bedriftens produksjonsprosesser.","email":"Admistracion@distribucionarc.com","telephone":"+34 643496664","legalName":"ARC TECH SOLUTIONS","foundingDate":"2024-04-09","vatID":"B55480172","numberOfEmployees":{"@type":"QuantitativeValue","minValue":"1","maxValue":"10"}}]}},"_links":{"self":[{"href":"https:\/\/distribucionarc.com\/nb\/wp-json\/wp\/v2\/product\/1669","targetHints":{"allow":["GET"]}}],"collection":[{"href":"https:\/\/distribucionarc.com\/nb\/wp-json\/wp\/v2\/product"}],"about":[{"href":"https:\/\/distribucionarc.com\/nb\/wp-json\/wp\/v2\/types\/product"}],"replies":[{"embeddable":true,"href":"https:\/\/distribucionarc.com\/nb\/wp-json\/wp\/v2\/comments?post=1669"}],"version-history":[{"count":0,"href":"https:\/\/distribucionarc.com\/nb\/wp-json\/wp\/v2\/product\/1669\/revisions"}],"wp:featuredmedia":[{"embeddable":true,"href":"https:\/\/distribucionarc.com\/nb\/wp-json\/wp\/v2\/media\/1675"}],"wp:attachment":[{"href":"https:\/\/distribucionarc.com\/nb\/wp-json\/wp\/v2\/media?parent=1669"}],"wp:term":[{"taxonomy":"product_brand","embeddable":true,"href":"https:\/\/distribucionarc.com\/nb\/wp-json\/wp\/v2\/product_brand?post=1669"},{"taxonomy":"product_cat","embeddable":true,"href":"https:\/\/distribucionarc.com\/nb\/wp-json\/wp\/v2\/product_cat?post=1669"},{"taxonomy":"product_tag","embeddable":true,"href":"https:\/\/distribucionarc.com\/nb\/wp-json\/wp\/v2\/product_tag?post=1669"}],"curies":[{"name":"wp","href":"https:\/\/api.w.org\/{rel}","templated":true}]}}