{"id":1771,"date":"2020-07-31T08:57:24","date_gmt":"2020-07-31T08:57:24","guid":{"rendered":"https:\/\/distribucionarc.com\/?post_type=product&#038;p=1771"},"modified":"2025-09-05T02:30:19","modified_gmt":"2025-09-05T00:30:19","slug":"automatisk-boksforsegling","status":"publish","type":"product","link":"https:\/\/distribucionarc.com\/nb\/producto\/selladora-de-latas-automatica\/","title":{"rendered":"Automatisk boksforsegling"},"content":{"rendered":"<div data-elementor-type=\"product-post\" data-elementor-id=\"1771\" class=\"elementor elementor-1771\" data-elementor-post-type=\"product\">\n\t\t\t\t<div class=\"wd-negative-gap elementor-element elementor-element-e21fb60 e-flex e-con-boxed wpr-particle-no wpr-jarallax-no wpr-parallax-no wpr-sticky-section-no e-con e-parent\" data-id=\"e21fb60\" data-element_type=\"container\" data-e-type=\"container\">\n\t\t\t\t\t<div class=\"e-con-inner\">\n\t\t\t\t<div class=\"elementor-element elementor-element-d3af900 color-scheme-inherit text-left elementor-widget elementor-widget-text-editor\" data-id=\"d3af900\" data-element_type=\"widget\" data-e-type=\"widget\" data-widget_type=\"text-editor.default\">\n\t\t\t\t\t\t\t\t\t<!-- BLOQUE DE ENLACES DE SOPORTE ARC -->\n<section class=\"manual-links\">\n  <div class=\"wrap\">\n    <div class=\"cta-bar\">\n      <a class=\"btn btn-primary\" href=\"https:\/\/distribucionarc.com\/nb\/forebyggende-vedlikeholdsbue\/\" target=\"_blank\" rel=\"noopener\">\n        Forebyggende vedlikehold\n      <\/a>\n\n      <a class=\"btn btn-ghost\" href=\"https:\/\/distribucionarc.com\/nb\/teknisk-service\/\" target=\"_blank\" rel=\"noopener\">\n        Teknisk tjeneste (etter land og sted)\n      <\/a>\n\n      <a class=\"btn btn-ghost\" href=\"https:\/\/distribucionarc.com\/nb\/lysbuefordelingsgaranti\/\" target=\"_blank\" rel=\"noopener\">\n        ARC-garanti\n      <\/a>\n\n      <a class=\"btn btn-ghost\" href=\"https:\/\/distribucionarc.com\/nb\/maskiner-2\/kan-selere\/\" target=\"_blank\" rel=\"noopener\">\n        Alle boksforseglere\n      <\/a>\n\n      <a class=\"btn btn-ghost\" href=\"https:\/\/distribucionarc.com\/nb\/teknisk-service\/reparasjonstjeneste-for-boksforseglere-og-hermetikkmaskiner\/\" target=\"_blank\" rel=\"noopener\">\n        Teknisk service for boksforseglere\n      <\/a>\n    <\/div>\n  <\/div>\n<\/section>\n\n<style>\n.manual-links .wrap{\n  max-width:1100px;\n  margin:auto;\n  padding:0 20px;\n}\n.manual-links .cta-bar{\n  display:flex;\n  flex-wrap:wrap;\n  justify-content:center;\n  gap:14px;\n  padding:18px 24px;\n  background:rgba(12,42,107,.03);\n  border-radius:14px;\n  border:1px solid rgba(12,42,107,.12);\n}\n.manual-links .btn{\n  padding:12px 18px;\n  border-radius:10px;\n  text-decoration:none;\n  font-weight:600;\n  transition:.2s;\n}\n.manual-links .btn-primary{\n  background:var(--arc-blue,#0c2a6b);\n  color:#fff;\n}\n.manual-links .btn-primary:hover{ background:#092055; }\n.manual-links .btn-ghost{\n  background:#fff;\n  color:var(--arc-blue,#0c2a6b);\n  border:1px solid rgba(12,42,107,.3);\n}\n.manual-links .btn-ghost:hover{\n  background:rgba(122,173,210,.12);\n}\n<\/style>\n\t\t\t\t\t\t\t\t<\/div>\n\t\t\t\t\t<\/div>\n\t\t\t\t<\/div>\n\t\t<div class=\"wd-negative-gap elementor-element elementor-element-264766c1 e-flex e-con-boxed wpr-particle-no wpr-jarallax-no wpr-parallax-no wpr-sticky-section-no e-con e-parent\" data-id=\"264766c1\" data-element_type=\"container\" data-e-type=\"container\">\n\t\t\t\t\t<div class=\"e-con-inner\">\n\t\t\t\t<div class=\"elementor-element elementor-element-20f921c0 color-scheme-inherit text-left elementor-widget elementor-widget-text-editor\" data-id=\"20f921c0\" data-element_type=\"widget\" data-e-type=\"widget\" data-widget_type=\"text-editor.default\">\n\t\t\t\t\t\t\t\t\t<h1 data-start=\"347\" data-end=\"438\">ARCSLA1 Automatisk boksforsegler \u2013 Effektivitet og presisjon for hermetikk og drikkevarer<\/h1><p data-start=\"440\" data-end=\"830\">De <strong data-start=\"443\" data-end=\"504\">ARC Distribution ARCSLA1 automatisk bokslukker<\/strong> Den er designet for selskaper som s\u00f8ker etter <strong data-start=\"544\" data-end=\"587\">maksimal kvalitet i emballasjelukking<\/strong>, med en robust, effektiv og allsidig maskin. Strukturen <strong data-start=\"653\" data-end=\"714\">h\u00f8yfast st\u00e5l med korrosjonsbeskyttelse<\/strong> noe som gj\u00f8r den til en enhet klar for kontinuerlig bruk i n\u00e6ringsmiddel-, bryggeri- og kosttilskuddsindustrien.<\/p><p data-start=\"832\" data-end=\"1054\">Utstyrt med <strong data-start=\"845\" data-end=\"869\">dobbel kobbermotor<\/strong>, kombinerer str\u00f8m og lavt forbruk (<strong data-start=\"904\" data-end=\"912\">350W<\/strong>), slik at man kan jobbe i <strong data-start=\"939\" data-end=\"958\">automatisk modus<\/strong> for raske produksjoner eller <strong data-start=\"987\" data-end=\"1030\">manuell modus med bryterkontroll<\/strong> for st\u00f8rre presisjon.<\/p><p data-start=\"1056\" data-end=\"1280\">Dens kompatibilitet med flere materialer (<strong data-start=\"1100\" data-end=\"1148\">aluminium, blikkplate, jern, plast og papir<\/strong>) gj\u00f8r den til en ideell lukker for <strong data-start=\"1191\" data-end=\"1277\">h\u00e5ndverkskonserver, drikkevarer, kosttilskudd og hermetikkvarer til industrien<\/strong>.<\/p><hr data-start=\"1282\" data-end=\"1285\"><h2 data-start=\"1287\" data-end=\"1326\">Spesifikke bruksomr\u00e5der og produkter<\/h2><p data-start=\"1327\" data-end=\"1371\">ARCSLA1 er perfekt for \u00e5 lukke:<\/p><ul data-start=\"1372\" data-end=\"1809\">\n<li data-start=\"1372\" data-end=\"1462\">\n<p data-start=\"1374\" data-end=\"1462\">\ud83e\udd6b <strong data-start=\"1377\" data-end=\"1403\">Hermetikkmat<\/strong>sauser, belgfrukter, frukt i sirup, hermetisk fisk.<\/p>\n<\/li>\n<li data-start=\"1463\" data-end=\"1579\">\n<p data-start=\"1465\" data-end=\"1579\">\ud83c\udf7a <strong data-start=\"1468\" data-end=\"1492\">\u00d8l og brus<\/strong>: forsegler bokser med h\u00e5ndverks\u00f8l, kullsyreholdige brus og energidrikker.<\/p>\n<\/li>\n<li data-start=\"1580\" data-end=\"1687\">\n<p data-start=\"1582\" data-end=\"1687\">\ud83d\udc8a <strong data-start=\"1585\" data-end=\"1612\">Kosttilskudd og ern\u00e6ring<\/strong>proteinpulver, supermat, kapsler og kosttilskudd.<\/p>\n<\/li>\n<li data-start=\"1688\" data-end=\"1809\">\n<p data-start=\"1690\" data-end=\"1809\">\ud83d\udc3e <strong data-start=\"1693\" data-end=\"1717\">Spesialprodukter<\/strong>hermetisk kj\u00e6ledyrf\u00f4r (BARF-format), instantsupper og pulverblandinger.<\/p>\n<\/li>\n<\/ul><hr data-start=\"1811\" data-end=\"1814\"><h2 data-start=\"1816\" data-end=\"1841\">Hovedfordeler<\/h2><ul data-start=\"1842\" data-end=\"2178\">\n<li data-start=\"1842\" data-end=\"1916\">\n<p data-start=\"1844\" data-end=\"1916\">\ud83d\ude80 <strong data-start=\"1847\" data-end=\"1869\">H\u00f8y produktivitet<\/strong>: til <strong data-start=\"1877\" data-end=\"1913\">20 hermetiske lukkinger per minutt<\/strong>.<\/p>\n<\/li>\n<li data-start=\"1917\" data-end=\"1998\">\n<p data-start=\"1919\" data-end=\"1998\">\ud83d\udd12 <strong data-start=\"1922\" data-end=\"1942\">Maksimal sikkerhet<\/strong>forhindrer lekkasjer og holder produktene friske.<\/p>\n<\/li>\n<li data-start=\"1999\" data-end=\"2071\">\n<p data-start=\"2001\" data-end=\"2071\">\ud83c\udf0d <strong data-start=\"2004\" data-end=\"2020\">Allsidighet<\/strong>: h\u00f8yden kan variere mellom <strong data-start=\"2053\" data-end=\"2068\">25 og 200 mm<\/strong>.<\/p>\n<\/li>\n<li data-start=\"2072\" data-end=\"2178\">\n<p data-start=\"2074\" data-end=\"2178\">\ud83d\udee0\ufe0f <strong data-start=\"2078\" data-end=\"2093\">ARC-st\u00f8tte<\/strong>inkluderer verkt\u00f8y, spesialisert teknisk st\u00f8tte og <strong data-start=\"2149\" data-end=\"2175\">2 \u00e5rs ARC-garanti<\/strong>.<\/p>\n<\/li>\n<\/ul><hr data-start=\"2180\" data-end=\"2183\"><h2 data-start=\"2185\" data-end=\"2223\">ARCSLA1 Tekniske spesifikasjoner<\/h2><p>\n\n\n\n\n\n\n\n\n\n\n\n\n<\/p><div><div tabindex=\"-1\"><table data-start=\"2225\" data-end=\"3217\"><thead data-start=\"2225\" data-end=\"2276\"><tr data-start=\"2225\" data-end=\"2276\"><th data-start=\"2225\" data-end=\"2253\" data-col-size=\"sm\"><strong data-start=\"2227\" data-end=\"2245\">Spesifikasjon<\/strong><\/th><th data-start=\"2253\" data-end=\"2276\" data-col-size=\"md\"><strong data-start=\"2255\" data-end=\"2274\">Tekniske detaljer<\/strong><\/th><\/tr><\/thead><tbody data-start=\"2330\" data-end=\"3217\"><tr data-start=\"2330\" data-end=\"2370\"><td data-start=\"2330\" data-end=\"2359\" data-col-size=\"sm\"><strong data-start=\"2332\" data-end=\"2342\">Modell<\/strong><\/td><td data-start=\"2359\" data-end=\"2370\" data-col-size=\"md\">ARCSLA1<\/td><\/tr><tr data-start=\"2371\" data-end=\"2466\"><td data-start=\"2371\" data-end=\"2401\" data-col-size=\"sm\"><strong data-start=\"2373\" data-end=\"2400\">Produksjonsmateriale<\/strong><\/td><td data-start=\"2401\" data-end=\"2466\" data-col-size=\"md\">Karbonst\u00e5l med rust- og korrosjonsbeskyttende belegg<\/td><\/tr><tr data-start=\"2467\" data-end=\"2513\"><td data-start=\"2467\" data-end=\"2498\" data-col-size=\"sm\"><strong data-start=\"2469\" data-end=\"2497\">Tillatt boksh\u00f8yde<\/strong><\/td><td data-start=\"2498\" data-end=\"2513\" data-col-size=\"md\">25 \u2013 200 mm<\/td><\/tr><tr data-start=\"2514\" data-end=\"2576\"><td data-start=\"2514\" data-end=\"2543\" data-col-size=\"sm\"><strong data-start=\"2516\" data-end=\"2539\">Kompatibel diameter<\/strong><\/td><td data-start=\"2543\" data-end=\"2576\" data-col-size=\"md\">52,5 mm (topp og bunn)<\/td><\/tr><tr data-start=\"2577\" data-end=\"2626\"><td data-start=\"2577\" data-end=\"2607\" data-col-size=\"sm\"><strong data-start=\"2579\" data-end=\"2606\">Produksjonshastighet<\/strong><\/td><td data-start=\"2607\" data-end=\"2626\" data-col-size=\"md\">20 bokser\/minutt<\/td><\/tr><tr data-start=\"2627\" data-end=\"2707\"><td data-start=\"2627\" data-end=\"2657\" data-col-size=\"sm\"><strong data-start=\"2629\" data-end=\"2656\">Driftsmoduser<\/strong><\/td><td data-start=\"2657\" data-end=\"2707\" data-col-size=\"md\">Automatisk\/Manuell med kontrollbryter<\/td><\/tr><tr data-start=\"2708\" data-end=\"2780\"><td data-start=\"2708\" data-end=\"2737\" data-col-size=\"sm\"><strong data-start=\"2710\" data-end=\"2719\">Motor<\/strong><\/td><td data-start=\"2737\" data-end=\"2780\" data-col-size=\"md\">H\u00f8yeffektiv dobbel kobbermotor<\/td><\/tr><tr data-start=\"2781\" data-end=\"2818\"><td data-start=\"2781\" data-end=\"2810\" data-col-size=\"sm\"><strong data-start=\"2783\" data-end=\"2795\">Makt<\/strong><\/td><td data-start=\"2810\" data-end=\"2818\" data-col-size=\"md\">350W<\/td><\/tr><tr data-start=\"2819\" data-end=\"2863\"><td data-start=\"2819\" data-end=\"2848\" data-col-size=\"sm\"><strong data-start=\"2821\" data-end=\"2843\">inngangsspenning<\/strong><\/td><td data-start=\"2848\" data-end=\"2863\" data-col-size=\"md\">220V \u2013 60Hz<\/td><\/tr><tr data-start=\"2864\" data-end=\"2941\"><td data-start=\"2864\" data-end=\"2893\" data-col-size=\"sm\"><strong data-start=\"2866\" data-end=\"2881\">Dimensjoner<\/strong><\/td><td data-start=\"2893\" data-end=\"2941\" data-col-size=\"md\">64 cm (h\u00f8yde) \u00d7 49 cm (bredde) \u00d7 30 cm (lengde)<\/td><\/tr><tr data-start=\"2942\" data-end=\"2980\"><td data-start=\"2942\" data-end=\"2971\" data-col-size=\"sm\"><strong data-start=\"2944\" data-end=\"2952\">Vekt<\/strong><\/td><td data-start=\"2971\" data-end=\"2980\" data-col-size=\"md\">32 kg<\/td><\/tr><tr data-start=\"2981\" data-end=\"3019\"><td data-start=\"2981\" data-end=\"3010\" data-col-size=\"sm\"><strong data-start=\"2983\" data-end=\"2992\">Farge<\/strong><\/td><td data-start=\"3010\" data-end=\"3019\" data-col-size=\"md\">S\u00f8lv<\/td><\/tr><tr data-start=\"3020\" data-end=\"3080\"><td data-start=\"3020\" data-end=\"3049\" data-col-size=\"sm\"><strong data-start=\"3022\" data-end=\"3046\">Inkludert tilbeh\u00f8r<\/strong><\/td><td data-start=\"3049\" data-end=\"3080\" data-col-size=\"md\">Installasjonsverkt\u00f8y<\/td><\/tr><tr data-start=\"3081\" data-end=\"3138\"><td data-start=\"3081\" data-end=\"3110\" data-col-size=\"sm\"><strong data-start=\"3083\" data-end=\"3109\">Distribusjonsland<\/strong><\/td><td data-start=\"3110\" data-end=\"3138\" data-col-size=\"md\">Spania, Tyskland, USA<\/td><\/tr><tr data-start=\"3139\" data-end=\"3217\"><td data-start=\"3139\" data-end=\"3168\" data-col-size=\"sm\"><strong data-start=\"3141\" data-end=\"3153\">Garanti<\/strong><\/td><td data-start=\"3168\" data-end=\"3217\" data-col-size=\"md\">2 \u00e5rs ARC med spesialisert teknisk service<\/td><\/tr><\/tbody><\/table><\/div><\/div>\t\t\t\t\t\t\t\t<\/div>\n\t\t\t\t\t<\/div>\n\t\t\t\t<\/div>\n\t\t\t\t<\/div>","protected":false},"excerpt":{"rendered":"<p><strong data-start=\"159\" data-end=\"210\">ARCs ARCSLA1 automatiske boksforsegler<\/strong> Det er en kompakt og robust profesjonell tetter, designet for <strong data-start=\"274\" data-end=\"327\">hermetikkvarer, \u00f8l og aluminiums- eller blikkbokser<\/strong>Med <strong data-start=\"333\" data-end=\"396\">Dobbel kobbermotor, 20 bokser\/minutt og lavt forbruk (350 W)<\/strong>, kombinerer <strong data-start=\"406\" data-end=\"457\">Presisjon, holdbarhet og 2 \u00e5rs ARC-garanti (type B)<\/strong>, perfekt for bedrifter som \u00f8nsker <strong data-start=\"500\" data-end=\"547\" data-is-only-node=\"\">produktivitet og p\u00e5litelig hermetisk tetting<\/strong>.<\/p>\n<p>&nbsp;<\/p>","protected":false},"featured_media":1777,"comment_status":"open","ping_status":"closed","template":"","meta":{"wds_primary_product_brand":0,"wds_primary_product_cat":0},"product_brand":[],"product_cat":[62],"product_tag":[],"class_list":{"0":"post-1771","1":"product","2":"type-product","3":"status-publish","4":"has-post-thumbnail","6":"product_cat-selladoras-de-latas","7":"product_shipping_class-express","9":"first","10":"instock","11":"taxable","12":"shipping-taxable","13":"purchasable","14":"product-type-simple"},"yoast_head":"<!-- This site is optimized with the Yoast SEO Premium plugin v24.9 (Yoast SEO v26.1) - https:\/\/yoast.com\/wordpress\/plugins\/seo\/ -->\n<title>Selladora de latas autom\u00e1tica - distribuci\u00f3n ARC<\/title>\n<meta name=\"description\" content=\"Compra la selladora de latas autom\u00e1tica ARCSLA1 de ARC. Cerradora profesional para conservas, cerveza y suplementos. 20 latas\/min, motor doble, bajo consumo y 2 a\u00f1os de garant\u00eda.\" \/>\n<meta name=\"robots\" content=\"index, follow, max-snippet:-1, max-image-preview:large, max-video-preview:-1\" \/>\n<link rel=\"canonical\" href=\"https:\/\/distribucionarc.com\/nb\/produkter\/automatisk-boksforsegling\/\" \/>\n<meta property=\"og:locale\" content=\"nb_NO\" \/>\n<meta property=\"og:type\" content=\"article\" \/>\n<meta property=\"og:title\" content=\"Selladora de latas autom\u00e1tica\" \/>\n<meta property=\"og:description\" content=\"Compra la selladora de latas autom\u00e1tica ARCSLA1 de ARC. Cerradora profesional para conservas, cerveza y suplementos. 20 latas\/min, motor doble, bajo consumo y 2 a\u00f1os de garant\u00eda.\" \/>\n<meta property=\"og:url\" content=\"https:\/\/distribucionarc.com\/nb\/produkter\/automatisk-boksforsegling\/\" \/>\n<meta property=\"og:site_name\" content=\"distribuci\u00f3n ARC\" \/>\n<meta property=\"article:modified_time\" content=\"2025-09-05T00:30:19+00:00\" \/>\n<meta property=\"og:image\" content=\"https:\/\/distribucionarc.com\/wp-content\/uploads\/2020\/07\/Selladora-de-latas-autom\u00e1tica-0.jpg\" \/>\n\t<meta property=\"og:image:width\" content=\"1600\" \/>\n\t<meta property=\"og:image:height\" content=\"1600\" \/>\n\t<meta property=\"og:image:type\" content=\"image\/jpeg\" \/>\n<meta name=\"twitter:card\" content=\"summary_large_image\" \/>\n<meta name=\"twitter:label1\" content=\"Ansl. lesetid\" \/>\n\t<meta name=\"twitter:data1\" content=\"2 minutter\" \/>\n<script type=\"application\/ld+json\" class=\"yoast-schema-graph\">{\"@context\":\"https:\/\/schema.org\",\"@graph\":[{\"@type\":\"WebPage\",\"@id\":\"https:\/\/distribucionarc.com\/producto\/selladora-de-latas-automatica\/\",\"url\":\"https:\/\/distribucionarc.com\/producto\/selladora-de-latas-automatica\/\",\"name\":\"Selladora de latas autom\u00e1tica - distribuci\u00f3n ARC\",\"isPartOf\":{\"@id\":\"https:\/\/www.distribucionarc.com\/de\/#website\"},\"primaryImageOfPage\":{\"@id\":\"https:\/\/distribucionarc.com\/producto\/selladora-de-latas-automatica\/#primaryimage\"},\"image\":{\"@id\":\"https:\/\/distribucionarc.com\/producto\/selladora-de-latas-automatica\/#primaryimage\"},\"thumbnailUrl\":\"https:\/\/distribucionarc.com\/wp-content\/uploads\/2020\/07\/Selladora-de-latas-autom\u00e1tica-0.jpg\",\"datePublished\":\"2020-07-31T08:57:24+00:00\",\"dateModified\":\"2025-09-05T00:30:19+00:00\",\"description\":\"Compra la selladora de latas autom\u00e1tica ARCSLA1 de ARC. Cerradora profesional para conservas, cerveza y suplementos. 20 latas\/min, motor doble, bajo consumo y 2 a\u00f1os de garant\u00eda.\",\"breadcrumb\":{\"@id\":\"https:\/\/distribucionarc.com\/producto\/selladora-de-latas-automatica\/#breadcrumb\"},\"inLanguage\":\"nb-NO\",\"potentialAction\":[{\"@type\":\"ReadAction\",\"target\":[\"https:\/\/distribucionarc.com\/producto\/selladora-de-latas-automatica\/\"]}]},{\"@type\":\"ImageObject\",\"inLanguage\":\"nb-NO\",\"@id\":\"https:\/\/distribucionarc.com\/producto\/selladora-de-latas-automatica\/#primaryimage\",\"url\":\"https:\/\/distribucionarc.com\/wp-content\/uploads\/2020\/07\/Selladora-de-latas-autom\u00e1tica-0.jpg\",\"contentUrl\":\"https:\/\/distribucionarc.com\/wp-content\/uploads\/2020\/07\/Selladora-de-latas-autom\u00e1tica-0.jpg\",\"width\":1600,\"height\":1600,\"caption\":\"Selladora de latas autom\u00e1tica\"},{\"@type\":\"BreadcrumbList\",\"@id\":\"https:\/\/distribucionarc.com\/producto\/selladora-de-latas-automatica\/#breadcrumb\",\"itemListElement\":[{\"@type\":\"ListItem\",\"position\":1,\"name\":\"Portada\",\"item\":\"https:\/\/www.distribucionarc.com\/en\/\"},{\"@type\":\"ListItem\",\"position\":2,\"name\":\"Products\",\"item\":\"https:\/\/www.distribucionarc.com\/en\/shop\/\"},{\"@type\":\"ListItem\",\"position\":3,\"name\":\"Selladora de latas autom\u00e1tica\"}]},{\"@type\":\"WebSite\",\"@id\":\"https:\/\/www.distribucionarc.com\/de\/#website\",\"url\":\"https:\/\/www.distribucionarc.com\/de\/\",\"name\":\"distribuci\u00f3n ARC\",\"description\":\"Empresa especializada en la fabricaci\u00f3n y distribuci\u00f3n de maquinaria industrial, selladoras de latas, Maquinas de hacer pastillas, Maquinas de cortar carne...\",\"publisher\":{\"@id\":\"https:\/\/www.distribucionarc.com\/de\/#organization\"},\"potentialAction\":[{\"@type\":\"SearchAction\",\"target\":{\"@type\":\"EntryPoint\",\"urlTemplate\":\"https:\/\/www.distribucionarc.com\/de\/?s={search_term_string}\"},\"query-input\":{\"@type\":\"PropertyValueSpecification\",\"valueRequired\":true,\"valueName\":\"search_term_string\"}}],\"inLanguage\":\"nb-NO\"},{\"@type\":\"Organization\",\"@id\":\"https:\/\/www.distribucionarc.com\/de\/#organization\",\"name\":\"Distribuci\u00f3n ARC\",\"url\":\"https:\/\/www.distribucionarc.com\/de\/\",\"logo\":{\"@type\":\"ImageObject\",\"inLanguage\":\"nb-NO\",\"@id\":\"https:\/\/www.distribucionarc.com\/de\/#\/schema\/logo\/image\/\",\"url\":\"https:\/\/distribucionarc.com\/wp-content\/uploads\/2024\/10\/distribucion-ARC-COLOR-SIN-FONDO-e1732295305345.png\",\"contentUrl\":\"https:\/\/distribucionarc.com\/wp-content\/uploads\/2024\/10\/distribucion-ARC-COLOR-SIN-FONDO-e1732295305345.png\",\"width\":1164,\"height\":558,\"caption\":\"Distribuci\u00f3n ARC\"},\"image\":{\"@id\":\"https:\/\/www.distribucionarc.com\/de\/#\/schema\/logo\/image\/\"},\"description\":\"Empresa especializada en la fabricaci\u00f3n y distribuci\u00f3n de maquinaria industrial para los sectores alimentario y farmac\u00e9utico. Nos especializamos en: M\u00e1quinas de cortar carne Fabricaci\u00f3n de comprimidos Sistemas de transporte industrial L\u00edneas de embotellado Dosificadores Y mucho m\u00e1s... Ofrecemos soluciones innovadoras y personalizadas para optimizar los procesos productivos de tu empresa.\",\"email\":\"Admistracion@distribucionarc.com\",\"telephone\":\"+34 643496664\",\"legalName\":\"ARC TECH SOLUTIONS\",\"foundingDate\":\"2024-04-09\",\"vatID\":\"B55480172\",\"numberOfEmployees\":{\"@type\":\"QuantitativeValue\",\"minValue\":\"1\",\"maxValue\":\"10\"}}]}<\/script>\n<!-- \/ Yoast SEO Premium plugin. -->","yoast_head_json":{"title":"Automatisk boksforsegling - ARC distribusjon","description":"Kj\u00f8p den automatiske bokslukkeren ARC ARCSLA1. Profesjonell lukker for hermetikk, \u00f8l og kosttilskudd. 20 bokser\/min, dobbel motor, lavt forbruk og 2 \u00e5rs garanti.","robots":{"index":"index","follow":"follow","max-snippet":"max-snippet:-1","max-image-preview":"max-image-preview:large","max-video-preview":"max-video-preview:-1"},"canonical":"https:\/\/distribucionarc.com\/nb\/produkter\/automatisk-boksforsegling\/","og_locale":"nb_NO","og_type":"article","og_title":"Selladora de latas autom\u00e1tica","og_description":"Compra la selladora de latas autom\u00e1tica ARCSLA1 de ARC. Cerradora profesional para conservas, cerveza y suplementos. 20 latas\/min, motor doble, bajo consumo y 2 a\u00f1os de garant\u00eda.","og_url":"https:\/\/distribucionarc.com\/nb\/produkter\/automatisk-boksforsegling\/","og_site_name":"distribuci\u00f3n ARC","article_modified_time":"2025-09-05T00:30:19+00:00","og_image":[{"width":1600,"height":1600,"url":"https:\/\/distribucionarc.com\/wp-content\/uploads\/2020\/07\/Selladora-de-latas-autom\u00e1tica-0.jpg","type":"image\/jpeg"}],"twitter_card":"summary_large_image","twitter_misc":{"Ansl. lesetid":"2 minutter"},"schema":{"@context":"https:\/\/schema.org","@graph":[{"@type":"WebPage","@id":"https:\/\/distribucionarc.com\/producto\/selladora-de-latas-automatica\/","url":"https:\/\/distribucionarc.com\/producto\/selladora-de-latas-automatica\/","name":"Automatisk boksforsegling - ARC distribusjon","isPartOf":{"@id":"https:\/\/www.distribucionarc.com\/de\/#website"},"primaryImageOfPage":{"@id":"https:\/\/distribucionarc.com\/producto\/selladora-de-latas-automatica\/#primaryimage"},"image":{"@id":"https:\/\/distribucionarc.com\/producto\/selladora-de-latas-automatica\/#primaryimage"},"thumbnailUrl":"https:\/\/distribucionarc.com\/wp-content\/uploads\/2020\/07\/Selladora-de-latas-autom\u00e1tica-0.jpg","datePublished":"2020-07-31T08:57:24+00:00","dateModified":"2025-09-05T00:30:19+00:00","description":"Kj\u00f8p den automatiske bokslukkeren ARC ARCSLA1. Profesjonell lukker for hermetikk, \u00f8l og kosttilskudd. 20 bokser\/min, dobbel motor, lavt forbruk og 2 \u00e5rs garanti.","breadcrumb":{"@id":"https:\/\/distribucionarc.com\/producto\/selladora-de-latas-automatica\/#breadcrumb"},"inLanguage":"nb-NO","potentialAction":[{"@type":"ReadAction","target":["https:\/\/distribucionarc.com\/producto\/selladora-de-latas-automatica\/"]}]},{"@type":"ImageObject","inLanguage":"nb-NO","@id":"https:\/\/distribucionarc.com\/producto\/selladora-de-latas-automatica\/#primaryimage","url":"https:\/\/distribucionarc.com\/wp-content\/uploads\/2020\/07\/Selladora-de-latas-autom\u00e1tica-0.jpg","contentUrl":"https:\/\/distribucionarc.com\/wp-content\/uploads\/2020\/07\/Selladora-de-latas-autom\u00e1tica-0.jpg","width":1600,"height":1600,"caption":"Selladora de latas autom\u00e1tica"},{"@type":"BreadcrumbList","@id":"https:\/\/distribucionarc.com\/producto\/selladora-de-latas-automatica\/#breadcrumb","itemListElement":[{"@type":"ListItem","position":1,"name":"Portada","item":"https:\/\/www.distribucionarc.com\/en\/"},{"@type":"ListItem","position":2,"name":"Products","item":"https:\/\/www.distribucionarc.com\/en\/shop\/"},{"@type":"ListItem","position":3,"name":"Selladora de latas autom\u00e1tica"}]},{"@type":"WebSite","@id":"https:\/\/www.distribucionarc.com\/de\/#website","url":"https:\/\/www.distribucionarc.com\/de\/","name":"ARC distribusjon","description":"Selskapet har spesialisert seg p\u00e5 produksjon og distribusjon av industrimaskiner, hermetikkboksforseglingsmaskiner, tablettmaskiner, kj\u00f8ttskj\u00e6remaskiner og...","publisher":{"@id":"https:\/\/www.distribucionarc.com\/de\/#organization"},"potentialAction":[{"@type":"SearchAction","target":{"@type":"EntryPoint","urlTemplate":"https:\/\/www.distribucionarc.com\/de\/?s={search_term_string}"},"query-input":{"@type":"PropertyValueSpecification","valueRequired":true,"valueName":"search_term_string"}}],"inLanguage":"nb-NO"},{"@type":"Organization","@id":"https:\/\/www.distribucionarc.com\/de\/#organization","name":"ARC distribusjon","url":"https:\/\/www.distribucionarc.com\/de\/","logo":{"@type":"ImageObject","inLanguage":"nb-NO","@id":"https:\/\/www.distribucionarc.com\/de\/#\/schema\/logo\/image\/","url":"https:\/\/distribucionarc.com\/wp-content\/uploads\/2024\/10\/distribucion-ARC-COLOR-SIN-FONDO-e1732295305345.png","contentUrl":"https:\/\/distribucionarc.com\/wp-content\/uploads\/2024\/10\/distribucion-ARC-COLOR-SIN-FONDO-e1732295305345.png","width":1164,"height":558,"caption":"Distribuci\u00f3n ARC"},"image":{"@id":"https:\/\/www.distribucionarc.com\/de\/#\/schema\/logo\/image\/"},"description":"Selskap som har spesialisert seg p\u00e5 produksjon og distribusjon av industrimaskiner til n\u00e6ringsmiddel- og farmasisektoren. Vi er spesialister p\u00e5: Kj\u00f8ttskj\u00e6remaskiner Tablettilvirkning Industrielle transportsystemer Tappelinjer Dispensere Og mye mer... Vi tilbyr innovative og skreddersydde l\u00f8sninger for \u00e5 optimalisere bedriftens produksjonsprosesser.","email":"Admistracion@distribucionarc.com","telephone":"+34 643496664","legalName":"ARC TECH SOLUTIONS","foundingDate":"2024-04-09","vatID":"B55480172","numberOfEmployees":{"@type":"QuantitativeValue","minValue":"1","maxValue":"10"}}]}},"_links":{"self":[{"href":"https:\/\/distribucionarc.com\/nb\/wp-json\/wp\/v2\/product\/1771","targetHints":{"allow":["GET"]}}],"collection":[{"href":"https:\/\/distribucionarc.com\/nb\/wp-json\/wp\/v2\/product"}],"about":[{"href":"https:\/\/distribucionarc.com\/nb\/wp-json\/wp\/v2\/types\/product"}],"replies":[{"embeddable":true,"href":"https:\/\/distribucionarc.com\/nb\/wp-json\/wp\/v2\/comments?post=1771"}],"version-history":[{"count":13,"href":"https:\/\/distribucionarc.com\/nb\/wp-json\/wp\/v2\/product\/1771\/revisions"}],"predecessor-version":[{"id":17959,"href":"https:\/\/distribucionarc.com\/nb\/wp-json\/wp\/v2\/product\/1771\/revisions\/17959"}],"wp:featuredmedia":[{"embeddable":true,"href":"https:\/\/distribucionarc.com\/nb\/wp-json\/wp\/v2\/media\/1777"}],"wp:attachment":[{"href":"https:\/\/distribucionarc.com\/nb\/wp-json\/wp\/v2\/media?parent=1771"}],"wp:term":[{"taxonomy":"product_brand","embeddable":true,"href":"https:\/\/distribucionarc.com\/nb\/wp-json\/wp\/v2\/product_brand?post=1771"},{"taxonomy":"product_cat","embeddable":true,"href":"https:\/\/distribucionarc.com\/nb\/wp-json\/wp\/v2\/product_cat?post=1771"},{"taxonomy":"product_tag","embeddable":true,"href":"https:\/\/distribucionarc.com\/nb\/wp-json\/wp\/v2\/product_tag?post=1771"}],"curies":[{"name":"wp","href":"https:\/\/api.w.org\/{rel}","templated":true}]}}