{"id":17778,"date":"2025-08-21T01:39:52","date_gmt":"2025-08-20T23:39:52","guid":{"rendered":"https:\/\/distribucionarc.com\/?post_type=product&#038;p=17778"},"modified":"2025-08-21T01:39:53","modified_gmt":"2025-08-20T23:39:53","slug":"oscillerende-granulatorknuser-for-kaldt-arbeid-og-fuktighetsutsatte-produkter","status":"publish","type":"product","link":"https:\/\/distribucionarc.com\/nb\/producto\/triturador-granulador-oscilante-trabajo-en-frio-productos-humedad\/","title":{"rendered":"Oscillerende granulatorknuser Kaldbearbeidingsfuktighetsprodukter"},"content":{"rendered":"<p data-start=\"790\" data-end=\"1407\">Han <strong data-start=\"793\" data-end=\"805\">YARK-160<\/strong> det er en <strong data-start=\"812\" data-end=\"854\">oscillerende m\u00f8lle\/knuser\/granulator<\/strong> h\u00f8y ytelse designet for <strong data-start=\"889\" data-end=\"922\">produkter med h\u00f8y luftfuktighet<\/strong> heller <strong data-start=\"925\" data-end=\"947\">varmef\u00f8lsom<\/strong>Dens oscillasjon <strong data-start=\"963\" data-end=\"971\">360\u00ba<\/strong> til <strong data-start=\"974\" data-end=\"992\">\u224860 sykluser\/min<\/strong> genererer <strong data-start=\"1000\" data-end=\"1017\">myk skj\u00e6ring<\/strong>, med <strong data-start=\"1023\" data-end=\"1040\">lav friksjon<\/strong> og <strong data-start=\"1043\" data-end=\"1071\">minimal termisk stigning<\/strong>, som tillater <strong data-start=\"1088\" data-end=\"1133\">knuse, deagglomerere og kaldt granulere<\/strong> uten materialet <strong data-start=\"1154\" data-end=\"1200\">smelter, klumper seg eller mister egenskaper<\/strong>.<br data-start=\"1201\" data-end=\"1204\" \/>Designet for linjer <strong data-start=\"1224\" data-end=\"1237\">du fortsetter<\/strong> og intensive skift, tilbud <strong data-start=\"1266\" data-end=\"1294\">kontrollert partikkelst\u00f8rrelsesfordeling<\/strong> (i henhold til mesh) for \u00e5 optimalisere <strong data-start=\"1324\" data-end=\"1373\">blanding, dosering, ekstrudering, tablettering<\/strong> og <strong data-start=\"1376\" data-end=\"1387\">flyt<\/strong> av sluttproduktet.<\/p>\n<p data-start=\"1409\" data-end=\"1452\"><strong data-start=\"1409\" data-end=\"1450\">Bruksomr\u00e5der og materialer (eksempler):<\/strong><\/p>\n<ul data-start=\"1453\" data-end=\"2008\">\n<li data-start=\"1453\" data-end=\"1659\">\n<p data-start=\"1455\" data-end=\"1659\"><strong data-start=\"1455\" data-end=\"1471\">F\u00f4ring<\/strong>Ingredienser: sjokolade\/kakao (usmeltet), konsentrert kraft\/\u00abAvecrem\u00bb, v\u00e5tt sukker, v\u00e5tt havsalt, krydder med oljer, t\u00f8rket frukt med restfuktighet, forblandinger og omarbeidinger.<\/p>\n<\/li>\n<li data-start=\"1660\" data-end=\"1804\">\n<p data-start=\"1662\" data-end=\"1804\"><strong data-start=\"1662\" data-end=\"1678\">Farmas\u00f8ytisk<\/strong>: <strong data-start=\"1680\" data-end=\"1702\">v\u00e5tgranulering<\/strong> av pulver til tabletter, knuste tabletter, <strong data-start=\"1756\" data-end=\"1773\">deagglomerert<\/strong> f\u00f8r blanding\/innkapsling.<\/p>\n<\/li>\n<li data-start=\"1805\" data-end=\"1906\">\n<p data-start=\"1807\" data-end=\"1906\"><strong data-start=\"1807\" data-end=\"1820\">Kosmetikk<\/strong>s\u00e5pebaser, voks, balsam og pasta; st\u00f8rrelseskontroll <strong data-start=\"1882\" data-end=\"1903\">uten overoppheting<\/strong>.<\/p>\n<\/li>\n<li data-start=\"1907\" data-end=\"2008\">\n<p data-start=\"1909\" data-end=\"2008\"><strong data-start=\"1909\" data-end=\"1920\">Kjemi<\/strong>hygroskopiske\/reaktive pulvere, pregranulerte for <strong data-start=\"1972\" data-end=\"1988\">dosering<\/strong> og <strong data-start=\"1991\" data-end=\"2007\">komprimering<\/strong>.<\/p>\n<\/li>\n<\/ul>\n<p data-start=\"2010\" data-end=\"2031\"><strong data-start=\"2010\" data-end=\"2029\">Viktige fordeler:<\/strong><\/p>\n<ul data-start=\"2032\" data-end=\"2494\">\n<li data-start=\"2032\" data-end=\"2117\">\n<p data-start=\"2034\" data-end=\"2117\"><strong data-start=\"2034\" data-end=\"2053\">Kaldt arbeid<\/strong> \u2192 mindre klistring, f\u00e6rre problematiske b\u00f8ter, <strong data-start=\"2097\" data-end=\"2114\">stabil flyt<\/strong>.<\/p>\n<\/li>\n<li data-start=\"2118\" data-end=\"2213\">\n<p data-start=\"2120\" data-end=\"2213\"><strong data-start=\"2120\" data-end=\"2146\">Kapasitet 200\u2013300 kg\/t<\/strong> med <strong data-start=\"2151\" data-end=\"2167\">2,2 kW motor<\/strong> \u2192 <strong data-start=\"2170\" data-end=\"2195\">energieffektivitet<\/strong> og <strong data-start=\"2198\" data-end=\"2210\">robusthet<\/strong>.<\/p>\n<\/li>\n<li data-start=\"2214\" data-end=\"2314\">\n<p data-start=\"2216\" data-end=\"2314\"><strong data-start=\"2216\" data-end=\"2236\">Rustfritt st\u00e5l<\/strong>, kompakt design for st\u00f8rrelsen, <strong data-start=\"2270\" data-end=\"2289\">nettingbytte<\/strong> og <strong data-start=\"2292\" data-end=\"2311\">rask rengj\u00f8ring<\/strong>.<\/p>\n<\/li>\n<li data-start=\"2315\" data-end=\"2396\">\n<p data-start=\"2317\" data-end=\"2396\"><strong data-start=\"2317\" data-end=\"2341\">Online-integrasjon<\/strong>: tilpasningsdyktig beholder, jevn ytelse, sikker drift.<\/p>\n<\/li>\n<li data-start=\"2397\" data-end=\"2494\">\n<p data-start=\"2399\" data-end=\"2494\"><strong data-start=\"2399\" data-end=\"2424\">ARC-st\u00f8tte i Spania<\/strong>r\u00e5dgivning, valgfri igangkj\u00f8ring, reservedeler og vedlikehold.<\/p>\n<\/li>\n<\/ul>\n<blockquote data-start=\"2496\" data-end=\"2710\">\n<p data-start=\"2498\" data-end=\"2710\"><strong data-start=\"2498\" data-end=\"2542\">Ogs\u00e5 tilgjengelig i h\u00f8yere modeller<\/strong> (st\u00f8rre munning og str\u00f8mningshastighet &gt;300 kg\/t). Indikerer <strong data-start=\"2583\" data-end=\"2595\">materiale<\/strong>, <strong data-start=\"2597\" data-end=\"2613\">% fuktighet<\/strong>, <strong data-start=\"2615\" data-end=\"2643\">inn-\/utgangsst\u00f8rrelse<\/strong> og <strong data-start=\"2646\" data-end=\"2665\">m\u00e5lstr\u00f8mningshastighet<\/strong> \u00e5 anbefale deg <strong data-start=\"2684\" data-end=\"2693\">netting<\/strong> og konfigurasjon.<\/p>\n<\/blockquote>\n<table class=\"tabla-especificaciones yark-160\">\n<thead>\n<tr>\n<th colspan=\"2\">Tekniske spesifikasjoner \u2014 YARK-160<\/th>\n<\/tr>\n<\/thead>\n<tbody>\n<tr>\n<td>Modell<\/td>\n<td>YARK-160<\/td>\n<\/tr>\n<tr>\n<td>Produksjonskapasitet<\/td>\n<td>200\u2013300 kg\/t (avhengig av materiale, fuktighet og netting)<\/td>\n<\/tr>\n<tr>\n<td>Diameteren p\u00e5 svingrotoren<\/td>\n<td>160 mm<\/td>\n<\/tr>\n<tr>\n<td>Reise-\/oscillasjonsvinkel<\/td>\n<td>360\u00b0<\/td>\n<\/tr>\n<tr>\n<td>Oscillasjonsfrekvens<\/td>\n<td>\u2248 60 sykluser\/min<\/td>\n<\/tr>\n<tr>\n<td>Motorkraft<\/td>\n<td>2,2 kW<\/td>\n<\/tr>\n<tr>\n<td>Vekt<\/td>\n<td>330 kg<\/td>\n<\/tr>\n<tr>\n<td>M\u00e5l (L \u00d7 B \u00d7 H)<\/td>\n<td>950 \u00d7 750 \u00d7 1240 mm<\/td>\n<\/tr>\n<tr>\n<td>Byggemateriale<\/td>\n<td>Rustfritt st\u00e5l (robust struktur, enkel rengj\u00f8ring)<\/td>\n<\/tr>\n<tr>\n<td>Drift<\/td>\n<td>Knusing, kald v\u00e5tgranulering, deagglomerering, homogenisering<\/td>\n<\/tr>\n<tr>\n<td>Forebyggende vedlikehold<\/td>\n<td><a href=\"https:\/\/distribucionarc.com\/nb\/forebyggende-vedlikeholdsbue\/\" target=\"_blank\" rel=\"noopener\">ARC forebyggende vedlikeholdsplan<\/a><\/td>\n<\/tr>\n<tr>\n<td>Teknisk tjeneste<\/td>\n<td><a href=\"https:\/\/distribucionarc.com\/nb\/teknisk-service\/\" target=\"_blank\" rel=\"noopener\">Spesialisert teknisk tjeneste (s\u00f8k etter land og sted)<\/a><\/td>\n<\/tr>\n<tr>\n<td>Gjeldende garanti<\/td>\n<td>Type A \u2014 <a href=\"https:\/\/distribucionarc.com\/nb\/lysbuefordelingsgaranti\/\" target=\"_blank\" rel=\"noopener\">ARC distribusjonsgaranti<\/a><\/td>\n<\/tr>\n<\/tbody>\n<\/table>\n<p>&nbsp;<\/p>\n<p>&nbsp;<\/p>","protected":false},"excerpt":{"rendered":"<p>Han <strong data-start=\"400\" data-end=\"412\">YARK-160<\/strong> det er en <strong data-start=\"419\" data-end=\"454\">oscillerende knuser-granulator<\/strong> av <strong data-start=\"458\" data-end=\"491\">h\u00f8y kapasitet (200\u2013300 kg\/t)<\/strong> til <strong data-start=\"497\" data-end=\"527\">kald v\u00e5t granulering<\/strong>Ideell for mat, apotek, kosmetikk og kjemikalier: <strong data-start=\"582\" data-end=\"620\">forhindrer smelting, klebing og kaking<\/strong>, forbedrer <strong data-start=\"632\" data-end=\"641\">str\u00f8mme<\/strong> og den <strong data-start=\"647\" data-end=\"663\">homogenitet<\/strong> av granulatet. <strong data-start=\"679\" data-end=\"718\">ARCs tekniske tjeneste i Europa og USA<\/strong>\u00a0og <strong data-start=\"721\" data-end=\"740\">type A-garanti<\/strong>.<\/p>","protected":false},"featured_media":17784,"comment_status":"open","ping_status":"closed","template":"","meta":{"wds_primary_product_brand":0,"wds_primary_product_cat":0},"product_brand":[],"product_cat":[326],"product_tag":[],"class_list":{"0":"post-17778","1":"product","2":"type-product","3":"status-publish","4":"has-post-thumbnail","6":"product_cat-trituradoras-industriales","8":"first","9":"instock","10":"taxable","11":"shipping-taxable","12":"purchasable","13":"product-type-simple"},"yoast_head":"<!-- This site is optimized with the Yoast SEO Premium plugin v24.9 (Yoast SEO v26.1) - https:\/\/yoast.com\/wordpress\/plugins\/seo\/ -->\n<title>Triturador Granulador Oscilante Trabajo en fr\u00edo productos humedad - distribuci\u00f3n ARC<\/title>\n<meta name=\"description\" content=\"YARK-160: triturador oscilante 200\u2013300 kg\/h para granulaci\u00f3n h\u00fameda en fr\u00edo en alimentos, farmacia y cosm\u00e9tica. Garant\u00eda tipo A y SAT ARC en Europa y estados unidos\" \/>\n<meta name=\"robots\" content=\"index, follow, max-snippet:-1, max-image-preview:large, max-video-preview:-1\" \/>\n<link rel=\"canonical\" href=\"https:\/\/distribucionarc.com\/nb\/produkter\/oscillerende-granulatorknuser-for-kaldt-arbeid-og-fuktighetsutsatte-produkter\/\" \/>\n<meta property=\"og:locale\" content=\"nb_NO\" \/>\n<meta property=\"og:type\" content=\"article\" \/>\n<meta property=\"og:title\" content=\"Triturador Granulador Oscilante Trabajo en fr\u00edo productos humedad\" \/>\n<meta property=\"og:description\" content=\"YARK-160: triturador oscilante 200\u2013300 kg\/h para granulaci\u00f3n h\u00fameda en fr\u00edo en alimentos, farmacia y cosm\u00e9tica. Garant\u00eda tipo A y SAT ARC en Europa y estados unidos\" \/>\n<meta property=\"og:url\" content=\"https:\/\/distribucionarc.com\/nb\/produkter\/oscillerende-granulatorknuser-for-kaldt-arbeid-og-fuktighetsutsatte-produkter\/\" \/>\n<meta property=\"og:site_name\" content=\"distribuci\u00f3n ARC\" \/>\n<meta property=\"article:modified_time\" content=\"2025-08-20T23:39:53+00:00\" \/>\n<meta property=\"og:image\" content=\"https:\/\/distribucionarc.com\/wp-content\/uploads\/2025\/08\/Granulador-industrial-YARK-160-vista-lateral-derecha-completa.jpeg\" \/>\n\t<meta property=\"og:image:width\" content=\"800\" \/>\n\t<meta property=\"og:image:height\" content=\"800\" \/>\n\t<meta property=\"og:image:type\" content=\"image\/jpeg\" \/>\n<meta name=\"twitter:card\" content=\"summary_large_image\" \/>\n<meta name=\"twitter:label1\" content=\"Ansl. lesetid\" \/>\n\t<meta name=\"twitter:data1\" content=\"2 minutter\" \/>\n<script type=\"application\/ld+json\" class=\"yoast-schema-graph\">{\"@context\":\"https:\/\/schema.org\",\"@graph\":[{\"@type\":\"WebPage\",\"@id\":\"https:\/\/distribucionarc.com\/pt\/producto\/triturador-granulador-oscilante-trabajo-en-frio-productos-humedad\/\",\"url\":\"https:\/\/distribucionarc.com\/pt\/producto\/triturador-granulador-oscilante-trabajo-en-frio-productos-humedad\/\",\"name\":\"Triturador Granulador Oscilante Trabajo en fr\u00edo productos humedad - distribuci\u00f3n ARC\",\"isPartOf\":{\"@id\":\"https:\/\/www.distribucionarc.com\/sl\/#website\"},\"primaryImageOfPage\":{\"@id\":\"https:\/\/distribucionarc.com\/pt\/producto\/triturador-granulador-oscilante-trabajo-en-frio-productos-humedad\/#primaryimage\"},\"image\":{\"@id\":\"https:\/\/distribucionarc.com\/pt\/producto\/triturador-granulador-oscilante-trabajo-en-frio-productos-humedad\/#primaryimage\"},\"thumbnailUrl\":\"https:\/\/distribucionarc.com\/wp-content\/uploads\/2025\/08\/Granulador-industrial-YARK-160-vista-lateral-derecha-completa.jpeg\",\"datePublished\":\"2025-08-20T23:39:52+00:00\",\"dateModified\":\"2025-08-20T23:39:53+00:00\",\"description\":\"YARK-160: triturador oscilante 200\u2013300 kg\/h para granulaci\u00f3n h\u00fameda en fr\u00edo en alimentos, farmacia y cosm\u00e9tica. Garant\u00eda tipo A y SAT ARC en Europa y estados unidos\",\"breadcrumb\":{\"@id\":\"https:\/\/distribucionarc.com\/pt\/producto\/triturador-granulador-oscilante-trabajo-en-frio-productos-humedad\/#breadcrumb\"},\"inLanguage\":\"nb-NO\",\"potentialAction\":[{\"@type\":\"ReadAction\",\"target\":[\"https:\/\/distribucionarc.com\/pt\/producto\/triturador-granulador-oscilante-trabajo-en-frio-productos-humedad\/\"]}]},{\"@type\":\"ImageObject\",\"inLanguage\":\"nb-NO\",\"@id\":\"https:\/\/distribucionarc.com\/pt\/producto\/triturador-granulador-oscilante-trabajo-en-frio-productos-humedad\/#primaryimage\",\"url\":\"https:\/\/distribucionarc.com\/wp-content\/uploads\/2025\/08\/Granulador-industrial-YARK-160-vista-lateral-derecha-completa.jpeg\",\"contentUrl\":\"https:\/\/distribucionarc.com\/wp-content\/uploads\/2025\/08\/Granulador-industrial-YARK-160-vista-lateral-derecha-completa.jpeg\",\"width\":800,\"height\":800,\"caption\":\"Vista lateral completa del YARK-160 en posici\u00f3n de trabajo\"},{\"@type\":\"BreadcrumbList\",\"@id\":\"https:\/\/distribucionarc.com\/pt\/producto\/triturador-granulador-oscilante-trabajo-en-frio-productos-humedad\/#breadcrumb\",\"itemListElement\":[{\"@type\":\"ListItem\",\"position\":1,\"name\":\"Portada\",\"item\":\"https:\/\/www.distribucionarc.com\/\"},{\"@type\":\"ListItem\",\"position\":2,\"name\":\"\u00dcr\u00fcnler\",\"item\":\"https:\/\/www.distribucionarc.com\/tr\/magaza\/\"},{\"@type\":\"ListItem\",\"position\":3,\"name\":\"Triturador Granulador Oscilante Trabajo en fr\u00edo productos humedad\"}]},{\"@type\":\"WebSite\",\"@id\":\"https:\/\/www.distribucionarc.com\/sl\/#website\",\"url\":\"https:\/\/www.distribucionarc.com\/sl\/\",\"name\":\"distribuci\u00f3n ARC\",\"description\":\"Empresa especializada en la fabricaci\u00f3n y distribuci\u00f3n de maquinaria industrial, selladoras de latas, Maquinas de hacer pastillas, Maquinas de cortar carne...\",\"publisher\":{\"@id\":\"https:\/\/www.distribucionarc.com\/sl\/#organization\"},\"potentialAction\":[{\"@type\":\"SearchAction\",\"target\":{\"@type\":\"EntryPoint\",\"urlTemplate\":\"https:\/\/www.distribucionarc.com\/sl\/?s={search_term_string}\"},\"query-input\":{\"@type\":\"PropertyValueSpecification\",\"valueRequired\":true,\"valueName\":\"search_term_string\"}}],\"inLanguage\":\"nb-NO\"},{\"@type\":\"Organization\",\"@id\":\"https:\/\/www.distribucionarc.com\/sl\/#organization\",\"name\":\"Distribuci\u00f3n ARC\",\"url\":\"https:\/\/www.distribucionarc.com\/sl\/\",\"logo\":{\"@type\":\"ImageObject\",\"inLanguage\":\"nb-NO\",\"@id\":\"https:\/\/www.distribucionarc.com\/sl\/#\/schema\/logo\/image\/\",\"url\":\"https:\/\/distribucionarc.com\/wp-content\/uploads\/2024\/10\/distribucion-ARC-COLOR-SIN-FONDO-e1732295305345.png\",\"contentUrl\":\"https:\/\/distribucionarc.com\/wp-content\/uploads\/2024\/10\/distribucion-ARC-COLOR-SIN-FONDO-e1732295305345.png\",\"width\":1164,\"height\":558,\"caption\":\"Distribuci\u00f3n ARC\"},\"image\":{\"@id\":\"https:\/\/www.distribucionarc.com\/sl\/#\/schema\/logo\/image\/\"},\"description\":\"Empresa especializada en la fabricaci\u00f3n y distribuci\u00f3n de maquinaria industrial para los sectores alimentario y farmac\u00e9utico. Nos especializamos en: M\u00e1quinas de cortar carne Fabricaci\u00f3n de comprimidos Sistemas de transporte industrial L\u00edneas de embotellado Dosificadores Y mucho m\u00e1s... Ofrecemos soluciones innovadoras y personalizadas para optimizar los procesos productivos de tu empresa.\",\"email\":\"Admistracion@distribucionarc.com\",\"telephone\":\"+34 643496664\",\"legalName\":\"ARC TECH SOLUTIONS\",\"foundingDate\":\"2024-04-09\",\"vatID\":\"B55480172\",\"numberOfEmployees\":{\"@type\":\"QuantitativeValue\",\"minValue\":\"1\",\"maxValue\":\"10\"}}]}<\/script>\n<!-- \/ Yoast SEO Premium plugin. -->","yoast_head_json":{"title":"Oscillerende granulatorknuser Kaldbehandling av fuktighetsutsatte produkter - ARC-distribusjon","description":"YARK-160: Oscillerende knuser p\u00e5 200\u2013300 kg\/t for kald v\u00e5tgranulering i n\u00e6ringsmiddel-, farmas\u00f8ytisk og kosmetikkindustrien. Type A-garanti og SAT ARC i Europa og USA.","robots":{"index":"index","follow":"follow","max-snippet":"max-snippet:-1","max-image-preview":"max-image-preview:large","max-video-preview":"max-video-preview:-1"},"canonical":"https:\/\/distribucionarc.com\/nb\/produkter\/oscillerende-granulatorknuser-for-kaldt-arbeid-og-fuktighetsutsatte-produkter\/","og_locale":"nb_NO","og_type":"article","og_title":"Triturador Granulador Oscilante Trabajo en fr\u00edo productos humedad","og_description":"YARK-160: triturador oscilante 200\u2013300 kg\/h para granulaci\u00f3n h\u00fameda en fr\u00edo en alimentos, farmacia y cosm\u00e9tica. Garant\u00eda tipo A y SAT ARC en Europa y estados unidos","og_url":"https:\/\/distribucionarc.com\/nb\/produkter\/oscillerende-granulatorknuser-for-kaldt-arbeid-og-fuktighetsutsatte-produkter\/","og_site_name":"distribuci\u00f3n ARC","article_modified_time":"2025-08-20T23:39:53+00:00","og_image":[{"width":800,"height":800,"url":"https:\/\/distribucionarc.com\/wp-content\/uploads\/2025\/08\/Granulador-industrial-YARK-160-vista-lateral-derecha-completa.jpeg","type":"image\/jpeg"}],"twitter_card":"summary_large_image","twitter_misc":{"Ansl. lesetid":"2 minutter"},"schema":{"@context":"https:\/\/schema.org","@graph":[{"@type":"WebPage","@id":"https:\/\/distribucionarc.com\/pt\/producto\/triturador-granulador-oscilante-trabajo-en-frio-productos-humedad\/","url":"https:\/\/distribucionarc.com\/pt\/producto\/triturador-granulador-oscilante-trabajo-en-frio-productos-humedad\/","name":"Oscillerende granulatorknuser Kaldbehandling av fuktighetsutsatte produkter - ARC-distribusjon","isPartOf":{"@id":"https:\/\/www.distribucionarc.com\/sl\/#website"},"primaryImageOfPage":{"@id":"https:\/\/distribucionarc.com\/pt\/producto\/triturador-granulador-oscilante-trabajo-en-frio-productos-humedad\/#primaryimage"},"image":{"@id":"https:\/\/distribucionarc.com\/pt\/producto\/triturador-granulador-oscilante-trabajo-en-frio-productos-humedad\/#primaryimage"},"thumbnailUrl":"https:\/\/distribucionarc.com\/wp-content\/uploads\/2025\/08\/Granulador-industrial-YARK-160-vista-lateral-derecha-completa.jpeg","datePublished":"2025-08-20T23:39:52+00:00","dateModified":"2025-08-20T23:39:53+00:00","description":"YARK-160: Oscillerende knuser p\u00e5 200\u2013300 kg\/t for kald v\u00e5tgranulering i n\u00e6ringsmiddel-, farmas\u00f8ytisk og kosmetikkindustrien. Type A-garanti og SAT ARC i Europa og USA.","breadcrumb":{"@id":"https:\/\/distribucionarc.com\/pt\/producto\/triturador-granulador-oscilante-trabajo-en-frio-productos-humedad\/#breadcrumb"},"inLanguage":"nb-NO","potentialAction":[{"@type":"ReadAction","target":["https:\/\/distribucionarc.com\/pt\/producto\/triturador-granulador-oscilante-trabajo-en-frio-productos-humedad\/"]}]},{"@type":"ImageObject","inLanguage":"nb-NO","@id":"https:\/\/distribucionarc.com\/pt\/producto\/triturador-granulador-oscilante-trabajo-en-frio-productos-humedad\/#primaryimage","url":"https:\/\/distribucionarc.com\/wp-content\/uploads\/2025\/08\/Granulador-industrial-YARK-160-vista-lateral-derecha-completa.jpeg","contentUrl":"https:\/\/distribucionarc.com\/wp-content\/uploads\/2025\/08\/Granulador-industrial-YARK-160-vista-lateral-derecha-completa.jpeg","width":800,"height":800,"caption":"Vista lateral completa del YARK-160 en posici\u00f3n de trabajo"},{"@type":"BreadcrumbList","@id":"https:\/\/distribucionarc.com\/pt\/producto\/triturador-granulador-oscilante-trabajo-en-frio-productos-humedad\/#breadcrumb","itemListElement":[{"@type":"ListItem","position":1,"name":"Portada","item":"https:\/\/www.distribucionarc.com\/"},{"@type":"ListItem","position":2,"name":"\u00dcr\u00fcnler","item":"https:\/\/www.distribucionarc.com\/tr\/magaza\/"},{"@type":"ListItem","position":3,"name":"Triturador Granulador Oscilante Trabajo en fr\u00edo productos humedad"}]},{"@type":"WebSite","@id":"https:\/\/www.distribucionarc.com\/sl\/#website","url":"https:\/\/www.distribucionarc.com\/sl\/","name":"ARC distribusjon","description":"Selskapet har spesialisert seg p\u00e5 produksjon og distribusjon av industrimaskiner, hermetikkboksforseglingsmaskiner, tablettmaskiner, kj\u00f8ttskj\u00e6remaskiner og...","publisher":{"@id":"https:\/\/www.distribucionarc.com\/sl\/#organization"},"potentialAction":[{"@type":"SearchAction","target":{"@type":"EntryPoint","urlTemplate":"https:\/\/www.distribucionarc.com\/sl\/?s={search_term_string}"},"query-input":{"@type":"PropertyValueSpecification","valueRequired":true,"valueName":"search_term_string"}}],"inLanguage":"nb-NO"},{"@type":"Organization","@id":"https:\/\/www.distribucionarc.com\/sl\/#organization","name":"ARC distribusjon","url":"https:\/\/www.distribucionarc.com\/sl\/","logo":{"@type":"ImageObject","inLanguage":"nb-NO","@id":"https:\/\/www.distribucionarc.com\/sl\/#\/schema\/logo\/image\/","url":"https:\/\/distribucionarc.com\/wp-content\/uploads\/2024\/10\/distribucion-ARC-COLOR-SIN-FONDO-e1732295305345.png","contentUrl":"https:\/\/distribucionarc.com\/wp-content\/uploads\/2024\/10\/distribucion-ARC-COLOR-SIN-FONDO-e1732295305345.png","width":1164,"height":558,"caption":"Distribuci\u00f3n ARC"},"image":{"@id":"https:\/\/www.distribucionarc.com\/sl\/#\/schema\/logo\/image\/"},"description":"Selskap som har spesialisert seg p\u00e5 produksjon og distribusjon av industrimaskiner til n\u00e6ringsmiddel- og farmasisektoren. Vi er spesialister p\u00e5: Kj\u00f8ttskj\u00e6remaskiner Tablettilvirkning Industrielle transportsystemer Tappelinjer Dispensere Og mye mer... Vi tilbyr innovative og skreddersydde l\u00f8sninger for \u00e5 optimalisere bedriftens produksjonsprosesser.","email":"Admistracion@distribucionarc.com","telephone":"+34 643496664","legalName":"ARC TECH SOLUTIONS","foundingDate":"2024-04-09","vatID":"B55480172","numberOfEmployees":{"@type":"QuantitativeValue","minValue":"1","maxValue":"10"}}]}},"_links":{"self":[{"href":"https:\/\/distribucionarc.com\/nb\/wp-json\/wp\/v2\/product\/17778","targetHints":{"allow":["GET"]}}],"collection":[{"href":"https:\/\/distribucionarc.com\/nb\/wp-json\/wp\/v2\/product"}],"about":[{"href":"https:\/\/distribucionarc.com\/nb\/wp-json\/wp\/v2\/types\/product"}],"replies":[{"embeddable":true,"href":"https:\/\/distribucionarc.com\/nb\/wp-json\/wp\/v2\/comments?post=17778"}],"version-history":[{"count":1,"href":"https:\/\/distribucionarc.com\/nb\/wp-json\/wp\/v2\/product\/17778\/revisions"}],"predecessor-version":[{"id":17785,"href":"https:\/\/distribucionarc.com\/nb\/wp-json\/wp\/v2\/product\/17778\/revisions\/17785"}],"wp:featuredmedia":[{"embeddable":true,"href":"https:\/\/distribucionarc.com\/nb\/wp-json\/wp\/v2\/media\/17784"}],"wp:attachment":[{"href":"https:\/\/distribucionarc.com\/nb\/wp-json\/wp\/v2\/media?parent=17778"}],"wp:term":[{"taxonomy":"product_brand","embeddable":true,"href":"https:\/\/distribucionarc.com\/nb\/wp-json\/wp\/v2\/product_brand?post=17778"},{"taxonomy":"product_cat","embeddable":true,"href":"https:\/\/distribucionarc.com\/nb\/wp-json\/wp\/v2\/product_cat?post=17778"},{"taxonomy":"product_tag","embeddable":true,"href":"https:\/\/distribucionarc.com\/nb\/wp-json\/wp\/v2\/product_tag?post=17778"}],"curies":[{"name":"wp","href":"https:\/\/api.w.org\/{rel}","templated":true}]}}