{"id":2122,"date":"2020-08-10T11:16:29","date_gmt":"2020-08-10T11:16:29","guid":{"rendered":"https:\/\/distribucionarc.com\/?post_type=product&#038;p=2122"},"modified":"2020-10-27T09:32:29","modified_gmt":"2020-10-27T09:32:29","slug":"skrupress-juicepresser-fruktjuicer-12-l","status":"publish","type":"product","link":"https:\/\/distribucionarc.com\/nb\/producto\/prensa-de-tornillo-extractor-de-zumo-exprimidor-de-frutas-12-l\/","title":{"rendered":"Skruepresse, juicepresse, fruktjuicer 12 L"},"content":{"rendered":"<h3>Skruepresse, juicepresse, fruktjuicer 12 L<\/h3>\n<p>Trykker du med\u00a0<strong>fruktjuicer\u00a0<span style=\"color: #ff0000;\">TIL<\/span><span style=\"color: #0000ff;\">R<\/span>c<\/strong>\u00a0Det blir raskt og enkelt, avhengig av maserasjonen (veldig hakket frukt). Hver type frukt krever sin egen type tilberedning.<\/p>\n<p>Mengden juice som oppn\u00e5s avhenger selvf\u00f8lgelig av vanninnholdet i frukten og ikke av operat\u00f8rens innsats. Hvis frukten er godt tilberedt, kan den enkelt presses med \u00e9n h\u00e5nd.<\/p>\n<p>Hele, halverte og kvartede frukter kan ikke presses. Skruepresser er ikke laget for dette, det anbefales \u00e5 knuse frukten godt for best resultat.<\/p>\n<p>De\u00a0<strong>vinpresse <span style=\"color: #ff0000;\">TIL<\/span><span style=\"color: #0000ff;\">R<\/span>CPTEF12<\/strong>\u00a0Den har en roterende aksel med en roterende utskriftsmekanisme. Dette <strong>Roterende skrue gj\u00f8r det enkelt \u00e5 trykke<\/strong> materialet i kurven, robust oppsamlingstrakt i rustfritt st\u00e5l, den <strong>t\u00f8nne<\/strong>\u00a0laget av\u00a0<strong>robust b\u00f8kemor<\/strong>\u00a0Det bevarer smaken bedre og vil gi den stabilitet under prosessen.<\/p>\n<h6><strong>Garanti\u00a0<\/strong><span style=\"color: #ff0000;\"><strong>TIL<\/strong><\/span><span style=\"color: #0000ff;\"><strong>R<\/strong><\/span><strong>C 2 \u00c5R<\/strong><\/h6>\n<h6><strong>teknisk st\u00f8tte inkludert<\/strong><\/h6>\n<p>&nbsp;<\/p>\n<table width=\"100%\">\n<tbody>\n<tr>\n<td>fyr:<\/td>\n<td width=\"50%\">H\u00e5ndbok<\/td>\n<td colspan=\"2\" width=\"327\"><\/td>\n<\/tr>\n<tr>\n<td>Distribusjonsland:<\/td>\n<td width=\"50%\">Spania, Tyskland, USA<\/td>\n<td>Vekt:<\/td>\n<td width=\"50%\">16 kg<\/td>\n<\/tr>\n<tr>\n<td>Merke:<\/td>\n<td width=\"50%\">BUE<\/td>\n<td>H\u00f8yde:<\/td>\n<td width=\"50%\">64 cm<\/td>\n<\/tr>\n<tr>\n<td>Farge:<\/td>\n<td width=\"50%\">S\u00f8lv<\/td>\n<td>Lang:<\/td>\n<td width=\"50%\">\u00a036 cm<\/td>\n<\/tr>\n<tr>\n<td>Produkttype:<\/td>\n<td width=\"50%\">fruktjuicer, vinpresse<\/td>\n<td>Bred:<\/td>\n<td width=\"50%\">45 cm<\/td>\n<\/tr>\n<tr>\n<td>Produsentnummer:<\/td>\n<td width=\"50%\">ARCPTEF12<\/td>\n<td>Produksjon:<\/td>\n<td width=\"50%\">12 L<\/td>\n<\/tr>\n<tr>\n<td>Materiale:<\/td>\n<td width=\"50%\">b\u00f8k, rustfritt st\u00e5l av n\u00e6ringsmiddelkvalitet, st\u00e5l<\/td>\n<td>Kurvst\u00f8rrelse:<\/td>\n<td width=\"50%\">29 x 26 cm<\/td>\n<\/tr>\n<tr>\n<td>T\u00f8nnedimensjoner:<\/td>\n<td width=\"50%\">29 cm Diameter<\/td>\n<td>Utstyr:<\/td>\n<td width=\"50%\">Presseduk medf\u00f8lger<\/td>\n<\/tr>\n<tr>\n<td>T\u00f8nneh\u00f8yde:<\/td>\n<td width=\"50%\">26 cm<\/td>\n<td>Garanti:<\/td>\n<td width=\"50%\">2 \u00c5R<\/td>\n<\/tr>\n<\/tbody>\n<\/table>","protected":false},"excerpt":{"rendered":"<h2>Skruepresse, juicepresse, fruktjuicer 12 L<\/h2>\n<p>Han<strong>\u00a0b\u00e6ravtrekker\u00a0<span style=\"color: #ff0000;\">TIL<\/span><span style=\"color: #0000ff;\">R<\/span>c<\/strong>\u00a0Den er robust med en\u00a0<strong>h\u00f8yt juiceutbytte<\/strong>; ut\u00f8ver h\u00f8yt trykk p\u00e5 grunn av metallakselkonstruksjonen. I motsetning til presser fra andre leverand\u00f8rer, er fatet til pressen\u00a0<strong>laget av robust b\u00f8ketre\u00a0<\/strong>til<strong>\u00a0bevare smaken bedre<\/strong>. De<strong>\u00a0evne\u00a0<\/strong>maksimal kurvst\u00f8rrelse er<strong> 30 liter.<br \/>\n<\/strong><\/p>\n<h6><strong>Garanti\u00a0<\/strong><span style=\"color: #ff0000;\"><strong>TIL<\/strong><\/span><span style=\"color: #0000ff;\"><strong>R<\/strong><\/span><strong>C 2 \u00c5R<\/strong><\/h6>\n<h6><strong>teknisk st\u00f8tte inkludert<\/strong><\/h6>","protected":false},"featured_media":2123,"comment_status":"open","ping_status":"closed","template":"","meta":{"wds_primary_product_brand":0,"wds_primary_product_cat":0},"product_brand":[],"product_cat":[30,65,67],"product_tag":[],"class_list":{"0":"post-2122","1":"product","2":"type-product","3":"status-publish","4":"has-post-thumbnail","6":"product_cat-maquinaria-apicola","7":"product_cat-maquinaria-industrial-para-procesar-fruta-verdura-panales","8":"product_cat-prensas-de-frutas-trituradoras","9":"product_shipping_class-hosteleria","11":"first","12":"instock","13":"sale","14":"taxable","15":"shipping-taxable","16":"purchasable","17":"product-type-simple"},"yoast_head":"<!-- This site is optimized with the Yoast SEO Premium plugin v24.9 (Yoast SEO v26.1) - https:\/\/yoast.com\/wordpress\/plugins\/seo\/ -->\n<title>Prensa de tornillo, extractor de zumo, exprimidor de frutas 12 L - distribuci\u00f3n ARC<\/title>\n<meta name=\"robots\" content=\"index, follow, max-snippet:-1, max-image-preview:large, max-video-preview:-1\" \/>\n<link rel=\"canonical\" href=\"https:\/\/www.distribucionarc.com\/ar\/producto\/prensa-de-tornillo-extractor-de-zumo-exprimidor-de-frutas-12-l\/\" \/>\n<meta property=\"og:locale\" content=\"nb_NO\" \/>\n<meta property=\"og:type\" content=\"article\" \/>\n<meta property=\"og:title\" content=\"Prensa de tornillo, extractor de zumo, exprimidor de frutas 12 L\" \/>\n<meta property=\"og:description\" content=\"Prensa de tornillo, extractor de zumo, exprimidor de frutas 12 L El\u00a0extractor de bayas\u00a0ARC\u00a0es robusto con un\u00a0alto rendimiento de zumo; ejerce una alta presi\u00f3n debido a la construcci\u00f3n del eje de metal.\u00a0A diferencia de las prensas de otros proveedores, el\u00a0barril de\u00a0la\u00a0prensa est\u00e1\u00a0hecho de madera de haya robusta\u00a0para\u00a0conservar mejor el sabor. La\u00a0capacidad\u00a0m\u00e1xima\u00a0de la cesta es de 30 litros.  Garant\u00eda\u00a0ARC 2 A\u00d1OS soporte t\u00e9cnico\u00a0incluido\" \/>\n<meta property=\"og:url\" content=\"https:\/\/www.distribucionarc.com\/ar\/producto\/prensa-de-tornillo-extractor-de-zumo-exprimidor-de-frutas-12-l\/\" \/>\n<meta property=\"og:site_name\" content=\"distribuci\u00f3n ARC\" \/>\n<meta property=\"article:modified_time\" content=\"2020-10-27T09:32:29+00:00\" \/>\n<meta property=\"og:image\" content=\"https:\/\/www.distribucionarc.com\/wp-content\/uploads\/2020\/08\/Prensa-de-tornillo-extractor-de-zumo-exprimidor-de-frutas-12L-0.jpg\" \/>\n\t<meta property=\"og:image:width\" content=\"1000\" \/>\n\t<meta property=\"og:image:height\" content=\"1000\" \/>\n\t<meta property=\"og:image:type\" content=\"image\/jpeg\" \/>\n<meta name=\"twitter:card\" content=\"summary_large_image\" \/>\n<meta name=\"twitter:label1\" content=\"Ansl. lesetid\" \/>\n\t<meta name=\"twitter:data1\" content=\"1 minutt\" \/>\n<script type=\"application\/ld+json\" class=\"yoast-schema-graph\">{\"@context\":\"https:\/\/schema.org\",\"@graph\":[{\"@type\":\"WebPage\",\"@id\":\"https:\/\/www.distribucionarc.com\/ar\/producto\/prensa-de-tornillo-extractor-de-zumo-exprimidor-de-frutas-12-l\/\",\"url\":\"https:\/\/www.distribucionarc.com\/ar\/producto\/prensa-de-tornillo-extractor-de-zumo-exprimidor-de-frutas-12-l\/\",\"name\":\"Prensa de tornillo, extractor de zumo, exprimidor de frutas 12 L - distribuci\u00f3n ARC\",\"isPartOf\":{\"@id\":\"https:\/\/distribucionarc.com\/de\/#website\"},\"primaryImageOfPage\":{\"@id\":\"https:\/\/www.distribucionarc.com\/ar\/producto\/prensa-de-tornillo-extractor-de-zumo-exprimidor-de-frutas-12-l\/#primaryimage\"},\"image\":{\"@id\":\"https:\/\/www.distribucionarc.com\/ar\/producto\/prensa-de-tornillo-extractor-de-zumo-exprimidor-de-frutas-12-l\/#primaryimage\"},\"thumbnailUrl\":\"https:\/\/distribucionarc.com\/wp-content\/uploads\/2020\/08\/Prensa-de-tornillo-extractor-de-zumo-exprimidor-de-frutas-12L-0.jpg\",\"datePublished\":\"2020-08-10T11:16:29+00:00\",\"dateModified\":\"2020-10-27T09:32:29+00:00\",\"breadcrumb\":{\"@id\":\"https:\/\/www.distribucionarc.com\/ar\/producto\/prensa-de-tornillo-extractor-de-zumo-exprimidor-de-frutas-12-l\/#breadcrumb\"},\"inLanguage\":\"nb-NO\",\"potentialAction\":[{\"@type\":\"ReadAction\",\"target\":[\"https:\/\/www.distribucionarc.com\/ar\/producto\/prensa-de-tornillo-extractor-de-zumo-exprimidor-de-frutas-12-l\/\"]}]},{\"@type\":\"ImageObject\",\"inLanguage\":\"nb-NO\",\"@id\":\"https:\/\/www.distribucionarc.com\/ar\/producto\/prensa-de-tornillo-extractor-de-zumo-exprimidor-de-frutas-12-l\/#primaryimage\",\"url\":\"https:\/\/distribucionarc.com\/wp-content\/uploads\/2020\/08\/Prensa-de-tornillo-extractor-de-zumo-exprimidor-de-frutas-12L-0.jpg\",\"contentUrl\":\"https:\/\/distribucionarc.com\/wp-content\/uploads\/2020\/08\/Prensa-de-tornillo-extractor-de-zumo-exprimidor-de-frutas-12L-0.jpg\",\"width\":1000,\"height\":1000,\"caption\":\"Prensa de tornillo extractor de zumo exprimidor de frutas 12 L\"},{\"@type\":\"BreadcrumbList\",\"@id\":\"https:\/\/www.distribucionarc.com\/ar\/producto\/prensa-de-tornillo-extractor-de-zumo-exprimidor-de-frutas-12-l\/#breadcrumb\",\"itemListElement\":[{\"@type\":\"ListItem\",\"position\":1,\"name\":\"Portada\",\"item\":\"https:\/\/distribucionarc.com\/pl\/\"},{\"@type\":\"ListItem\",\"position\":2,\"name\":\"Produkty\",\"item\":\"https:\/\/distribucionarc.com\/pl\/shop\/\"},{\"@type\":\"ListItem\",\"position\":3,\"name\":\"Prensa de tornillo, extractor de zumo, exprimidor de frutas 12 L\"}]},{\"@type\":\"WebSite\",\"@id\":\"https:\/\/distribucionarc.com\/de\/#website\",\"url\":\"https:\/\/distribucionarc.com\/de\/\",\"name\":\"distribuci\u00f3n ARC\",\"description\":\"Empresa especializada en la fabricaci\u00f3n y distribuci\u00f3n de maquinaria industrial, selladoras de latas, Maquinas de hacer pastillas, Maquinas de cortar carne...\",\"publisher\":{\"@id\":\"https:\/\/distribucionarc.com\/de\/#organization\"},\"potentialAction\":[{\"@type\":\"SearchAction\",\"target\":{\"@type\":\"EntryPoint\",\"urlTemplate\":\"https:\/\/distribucionarc.com\/de\/?s={search_term_string}\"},\"query-input\":{\"@type\":\"PropertyValueSpecification\",\"valueRequired\":true,\"valueName\":\"search_term_string\"}}],\"inLanguage\":\"nb-NO\"},{\"@type\":\"Organization\",\"@id\":\"https:\/\/distribucionarc.com\/de\/#organization\",\"name\":\"Distribuci\u00f3n ARC\",\"url\":\"https:\/\/distribucionarc.com\/de\/\",\"logo\":{\"@type\":\"ImageObject\",\"inLanguage\":\"nb-NO\",\"@id\":\"https:\/\/distribucionarc.com\/de\/#\/schema\/logo\/image\/\",\"url\":\"https:\/\/distribucionarc.com\/wp-content\/uploads\/2024\/10\/distribucion-ARC-COLOR-SIN-FONDO-e1732295305345.png\",\"contentUrl\":\"https:\/\/distribucionarc.com\/wp-content\/uploads\/2024\/10\/distribucion-ARC-COLOR-SIN-FONDO-e1732295305345.png\",\"width\":1164,\"height\":558,\"caption\":\"Distribuci\u00f3n ARC\"},\"image\":{\"@id\":\"https:\/\/distribucionarc.com\/de\/#\/schema\/logo\/image\/\"},\"description\":\"Empresa especializada en la fabricaci\u00f3n y distribuci\u00f3n de maquinaria industrial para los sectores alimentario y farmac\u00e9utico. Nos especializamos en: M\u00e1quinas de cortar carne Fabricaci\u00f3n de comprimidos Sistemas de transporte industrial L\u00edneas de embotellado Dosificadores Y mucho m\u00e1s... Ofrecemos soluciones innovadoras y personalizadas para optimizar los procesos productivos de tu empresa.\",\"email\":\"Admistracion@distribucionarc.com\",\"telephone\":\"+34 643496664\",\"legalName\":\"ARC TECH SOLUTIONS\",\"foundingDate\":\"2024-04-09\",\"vatID\":\"B55480172\",\"numberOfEmployees\":{\"@type\":\"QuantitativeValue\",\"minValue\":\"1\",\"maxValue\":\"10\"}}]}<\/script>\n<!-- \/ Yoast SEO Premium plugin. -->","yoast_head_json":{"title":"Skruepresse, juicepresse, fruktjuicer 12 L - ARC-fordeling","robots":{"index":"index","follow":"follow","max-snippet":"max-snippet:-1","max-image-preview":"max-image-preview:large","max-video-preview":"max-video-preview:-1"},"canonical":"https:\/\/www.distribucionarc.com\/ar\/producto\/prensa-de-tornillo-extractor-de-zumo-exprimidor-de-frutas-12-l\/","og_locale":"nb_NO","og_type":"article","og_title":"Prensa de tornillo, extractor de zumo, exprimidor de frutas 12 L","og_description":"Prensa de tornillo, extractor de zumo, exprimidor de frutas 12 L El\u00a0extractor de bayas\u00a0ARC\u00a0es robusto con un\u00a0alto rendimiento de zumo; ejerce una alta presi\u00f3n debido a la construcci\u00f3n del eje de metal.\u00a0A diferencia de las prensas de otros proveedores, el\u00a0barril de\u00a0la\u00a0prensa est\u00e1\u00a0hecho de madera de haya robusta\u00a0para\u00a0conservar mejor el sabor. La\u00a0capacidad\u00a0m\u00e1xima\u00a0de la cesta es de 30 litros.  Garant\u00eda\u00a0ARC 2 A\u00d1OS soporte t\u00e9cnico\u00a0incluido","og_url":"https:\/\/www.distribucionarc.com\/ar\/producto\/prensa-de-tornillo-extractor-de-zumo-exprimidor-de-frutas-12-l\/","og_site_name":"distribuci\u00f3n ARC","article_modified_time":"2020-10-27T09:32:29+00:00","og_image":[{"width":1000,"height":1000,"url":"https:\/\/www.distribucionarc.com\/wp-content\/uploads\/2020\/08\/Prensa-de-tornillo-extractor-de-zumo-exprimidor-de-frutas-12L-0.jpg","type":"image\/jpeg"}],"twitter_card":"summary_large_image","twitter_misc":{"Ansl. lesetid":"1 minutt"},"schema":{"@context":"https:\/\/schema.org","@graph":[{"@type":"WebPage","@id":"https:\/\/www.distribucionarc.com\/ar\/producto\/prensa-de-tornillo-extractor-de-zumo-exprimidor-de-frutas-12-l\/","url":"https:\/\/www.distribucionarc.com\/ar\/producto\/prensa-de-tornillo-extractor-de-zumo-exprimidor-de-frutas-12-l\/","name":"Skruepresse, juicepresse, fruktjuicer 12 L - ARC-fordeling","isPartOf":{"@id":"https:\/\/distribucionarc.com\/de\/#website"},"primaryImageOfPage":{"@id":"https:\/\/www.distribucionarc.com\/ar\/producto\/prensa-de-tornillo-extractor-de-zumo-exprimidor-de-frutas-12-l\/#primaryimage"},"image":{"@id":"https:\/\/www.distribucionarc.com\/ar\/producto\/prensa-de-tornillo-extractor-de-zumo-exprimidor-de-frutas-12-l\/#primaryimage"},"thumbnailUrl":"https:\/\/distribucionarc.com\/wp-content\/uploads\/2020\/08\/Prensa-de-tornillo-extractor-de-zumo-exprimidor-de-frutas-12L-0.jpg","datePublished":"2020-08-10T11:16:29+00:00","dateModified":"2020-10-27T09:32:29+00:00","breadcrumb":{"@id":"https:\/\/www.distribucionarc.com\/ar\/producto\/prensa-de-tornillo-extractor-de-zumo-exprimidor-de-frutas-12-l\/#breadcrumb"},"inLanguage":"nb-NO","potentialAction":[{"@type":"ReadAction","target":["https:\/\/www.distribucionarc.com\/ar\/producto\/prensa-de-tornillo-extractor-de-zumo-exprimidor-de-frutas-12-l\/"]}]},{"@type":"ImageObject","inLanguage":"nb-NO","@id":"https:\/\/www.distribucionarc.com\/ar\/producto\/prensa-de-tornillo-extractor-de-zumo-exprimidor-de-frutas-12-l\/#primaryimage","url":"https:\/\/distribucionarc.com\/wp-content\/uploads\/2020\/08\/Prensa-de-tornillo-extractor-de-zumo-exprimidor-de-frutas-12L-0.jpg","contentUrl":"https:\/\/distribucionarc.com\/wp-content\/uploads\/2020\/08\/Prensa-de-tornillo-extractor-de-zumo-exprimidor-de-frutas-12L-0.jpg","width":1000,"height":1000,"caption":"Prensa de tornillo extractor de zumo exprimidor de frutas 12 L"},{"@type":"BreadcrumbList","@id":"https:\/\/www.distribucionarc.com\/ar\/producto\/prensa-de-tornillo-extractor-de-zumo-exprimidor-de-frutas-12-l\/#breadcrumb","itemListElement":[{"@type":"ListItem","position":1,"name":"Portada","item":"https:\/\/distribucionarc.com\/pl\/"},{"@type":"ListItem","position":2,"name":"Produkty","item":"https:\/\/distribucionarc.com\/pl\/shop\/"},{"@type":"ListItem","position":3,"name":"Prensa de tornillo, extractor de zumo, exprimidor de frutas 12 L"}]},{"@type":"WebSite","@id":"https:\/\/distribucionarc.com\/de\/#website","url":"https:\/\/distribucionarc.com\/de\/","name":"ARC distribusjon","description":"Selskapet har spesialisert seg p\u00e5 produksjon og distribusjon av industrimaskiner, hermetikkboksforseglingsmaskiner, tablettmaskiner, kj\u00f8ttskj\u00e6remaskiner og...","publisher":{"@id":"https:\/\/distribucionarc.com\/de\/#organization"},"potentialAction":[{"@type":"SearchAction","target":{"@type":"EntryPoint","urlTemplate":"https:\/\/distribucionarc.com\/de\/?s={search_term_string}"},"query-input":{"@type":"PropertyValueSpecification","valueRequired":true,"valueName":"search_term_string"}}],"inLanguage":"nb-NO"},{"@type":"Organization","@id":"https:\/\/distribucionarc.com\/de\/#organization","name":"ARC distribusjon","url":"https:\/\/distribucionarc.com\/de\/","logo":{"@type":"ImageObject","inLanguage":"nb-NO","@id":"https:\/\/distribucionarc.com\/de\/#\/schema\/logo\/image\/","url":"https:\/\/distribucionarc.com\/wp-content\/uploads\/2024\/10\/distribucion-ARC-COLOR-SIN-FONDO-e1732295305345.png","contentUrl":"https:\/\/distribucionarc.com\/wp-content\/uploads\/2024\/10\/distribucion-ARC-COLOR-SIN-FONDO-e1732295305345.png","width":1164,"height":558,"caption":"Distribuci\u00f3n ARC"},"image":{"@id":"https:\/\/distribucionarc.com\/de\/#\/schema\/logo\/image\/"},"description":"Selskap som har spesialisert seg p\u00e5 produksjon og distribusjon av industrimaskiner til n\u00e6ringsmiddel- og farmasisektoren. Vi er spesialister p\u00e5: Kj\u00f8ttskj\u00e6remaskiner Tablettilvirkning Industrielle transportsystemer Tappelinjer Dispensere Og mye mer... Vi tilbyr innovative og skreddersydde l\u00f8sninger for \u00e5 optimalisere bedriftens produksjonsprosesser.","email":"Admistracion@distribucionarc.com","telephone":"+34 643496664","legalName":"ARC TECH SOLUTIONS","foundingDate":"2024-04-09","vatID":"B55480172","numberOfEmployees":{"@type":"QuantitativeValue","minValue":"1","maxValue":"10"}}]}},"_links":{"self":[{"href":"https:\/\/distribucionarc.com\/nb\/wp-json\/wp\/v2\/product\/2122","targetHints":{"allow":["GET"]}}],"collection":[{"href":"https:\/\/distribucionarc.com\/nb\/wp-json\/wp\/v2\/product"}],"about":[{"href":"https:\/\/distribucionarc.com\/nb\/wp-json\/wp\/v2\/types\/product"}],"replies":[{"embeddable":true,"href":"https:\/\/distribucionarc.com\/nb\/wp-json\/wp\/v2\/comments?post=2122"}],"version-history":[{"count":0,"href":"https:\/\/distribucionarc.com\/nb\/wp-json\/wp\/v2\/product\/2122\/revisions"}],"wp:featuredmedia":[{"embeddable":true,"href":"https:\/\/distribucionarc.com\/nb\/wp-json\/wp\/v2\/media\/2123"}],"wp:attachment":[{"href":"https:\/\/distribucionarc.com\/nb\/wp-json\/wp\/v2\/media?parent=2122"}],"wp:term":[{"taxonomy":"product_brand","embeddable":true,"href":"https:\/\/distribucionarc.com\/nb\/wp-json\/wp\/v2\/product_brand?post=2122"},{"taxonomy":"product_cat","embeddable":true,"href":"https:\/\/distribucionarc.com\/nb\/wp-json\/wp\/v2\/product_cat?post=2122"},{"taxonomy":"product_tag","embeddable":true,"href":"https:\/\/distribucionarc.com\/nb\/wp-json\/wp\/v2\/product_tag?post=2122"}],"curies":[{"name":"wp","href":"https:\/\/api.w.org\/{rel}","templated":true}]}}