{"id":2213,"date":"2020-08-12T12:24:14","date_gmt":"2020-08-12T12:24:14","guid":{"rendered":"https:\/\/distribucionarc.com\/?post_type=product&#038;p=2213"},"modified":"2020-09-30T10:54:15","modified_gmt":"2020-09-30T10:54:15","slug":"royker-for-bikuber-roykblaser-for-bier","status":"publish","type":"product","link":"https:\/\/distribucionarc.com\/nb\/producto\/ahumador-para-colmenas-soplador-de-humo-para-abejas\/","title":{"rendered":"R\u00f8yker for elveblest, r\u00f8ykbl\u00e5ser for bier\u00a0"},"content":{"rendered":"<h3>R\u00f8yker for elveblest, r\u00f8ykbl\u00e5ser for bier<\/h3>\n<p>Beskyttelsesgitteret rundt kjelen fungerer som et varmeskjold; beskytter derfor brukeren mot brannskader. Den har kroker festet til gitteret som lar deg enkelt henge opp <strong>r\u00f8ykbl\u00e5ser <span style=\"color: #ff0000;\">TIL<\/span><span style=\"color: #0000ff;\">R<\/span>CSHA0<\/strong>1. Borede hull i bunnen gir optimal ventilasjon slik at r\u00f8yken kan n\u00e5 sitt fulle potensial.<\/p>\n<p>Han <strong>bier\u00f8yker <span style=\"color: #ff0000;\">TIL<\/span><span style=\"color: #0000ff;\">R<\/span>c<\/strong> Den har en diameter p\u00e5 10,5 cm. Belgen er laget av slitesterkt okseskinn og gir derfor mulighet for praktisk og profesjonell bruk. Kjelen er laget av galvanisert st\u00e5l, for \u00e5 sikre at den t\u00e5ler h\u00f8ye temperaturer.<\/p>\n<h6><strong>Garanti\u00a0<\/strong><span style=\"color: #ff0000;\"><strong>TIL<\/strong><\/span><span style=\"color: #0000ff;\"><strong>R<\/strong><\/span><strong>C 2 \u00c5R<\/strong><\/h6>\n<h6><strong>teknisk st\u00f8tte inkludert<\/strong><\/h6>\n<p>&nbsp;<\/p>\n<table width=\"100%\">\n<tbody>\n<tr>\n<td width=\"18%\">Distribusjonsland:<\/td>\n<td width=\"29%\">Spania, Tyskland, USA<\/td>\n<td width=\"20%\">Vekt:<\/td>\n<td width=\"30%\">0,72 kg<\/td>\n<\/tr>\n<tr>\n<td width=\"18%\">Merke:<\/td>\n<td width=\"29%\">BUE<\/td>\n<td width=\"20%\">H\u00f8yde:<\/td>\n<td width=\"30%\">10,4 cm<\/td>\n<\/tr>\n<tr>\n<td width=\"18%\">Farge:<\/td>\n<td width=\"29%\">S\u00f8lv<\/td>\n<td width=\"20%\">Lang:<\/td>\n<td width=\"30%\">\u00a028 cm<\/td>\n<\/tr>\n<tr>\n<td width=\"18%\">Produkttype:<\/td>\n<td width=\"29%\">fruktjuicer, vinpresse<\/td>\n<td width=\"20%\">Bred:<\/td>\n<td width=\"30%\">28 cm<\/td>\n<\/tr>\n<tr>\n<td width=\"18%\">Produsentnummer:<\/td>\n<td width=\"29%\">ARCSHA01<\/td>\n<td width=\"20%\">Diameter:<\/td>\n<td width=\"30%\">28 cm<\/td>\n<\/tr>\n<tr>\n<td width=\"18%\">Materiale:<\/td>\n<td width=\"29%\">\u00a0galvanisert st\u00e5l, okseskinn<\/td>\n<td colspan=\"2\" width=\"50%\">&nbsp;<\/td>\n<\/tr>\n<\/tbody>\n<\/table>","protected":false},"excerpt":{"rendered":"<h2>R\u00f8yker for elveblest, r\u00f8ykbl\u00e5ser for bier<\/h2>\n<p>Beskytt deg mot stikk uten \u00e5 forstyrre svermen. Han <strong>r\u00f8ykbl\u00e5ser <span style=\"color: #ff0000;\">TIL<\/span><span style=\"color: #0000ff;\">R<\/span>c<\/strong> Laget av galvanisert st\u00e5l og h\u00f8ykvalitets okseskinn, er den perfekt for amat\u00f8rer, nybegynnere og profesjonelle bir\u00f8ktere takket v\u00e6re den enkle betjeningen.<\/p>\n<h6><strong>Garanti\u00a0<\/strong><span style=\"color: #ff0000;\"><strong>TIL<\/strong><\/span><span style=\"color: #0000ff;\"><strong>R<\/strong><\/span><strong>C 2 \u00c5R<\/strong><\/h6>\n<h6><strong>teknisk st\u00f8tte inkludert<\/strong><\/h6>","protected":false},"featured_media":2216,"comment_status":"open","ping_status":"closed","template":"","meta":{"wds_primary_product_brand":0,"wds_primary_product_cat":0},"product_brand":[],"product_cat":[30],"product_tag":[],"class_list":{"0":"post-2213","1":"product","2":"type-product","3":"status-publish","4":"has-post-thumbnail","6":"product_cat-maquinaria-apicola","8":"first","9":"instock","10":"sale","11":"taxable","12":"shipping-taxable","13":"purchasable","14":"product-type-simple"},"yoast_head":"<!-- This site is optimized with the Yoast SEO Premium plugin v24.9 (Yoast SEO v26.1) - https:\/\/yoast.com\/wordpress\/plugins\/seo\/ -->\n<title>Ahumador para colmenas, soplador de humo para abejas\u00a0 - distribuci\u00f3n ARC<\/title>\n<meta name=\"robots\" content=\"index, follow, max-snippet:-1, max-image-preview:large, max-video-preview:-1\" \/>\n<link rel=\"canonical\" href=\"https:\/\/www.distribucionarc.com\/pl\/producto\/ahumador-para-colmenas-soplador-de-humo-para-abejas\/\" \/>\n<meta property=\"og:locale\" content=\"nb_NO\" \/>\n<meta property=\"og:type\" content=\"article\" \/>\n<meta property=\"og:title\" content=\"Ahumador para colmenas, soplador de humo para abejas\u00a0\" \/>\n<meta property=\"og:description\" content=\"Ahumador para colmenas, soplador de humo para abejas Prot\u00e9gete de las picaduras sin molestar al enjambre.\u00a0El soplador de humo ARC fabricado en acero galvanizado y piel de vacuno de alta calidad es perfecto para apicultores aficionados, principiantes y profesionales gracias a su sencillo funcionamiento. Garant\u00eda\u00a0ARC 2 A\u00d1OS soporte t\u00e9cnico\u00a0incluido\" \/>\n<meta property=\"og:url\" content=\"https:\/\/www.distribucionarc.com\/pl\/producto\/ahumador-para-colmenas-soplador-de-humo-para-abejas\/\" \/>\n<meta property=\"og:site_name\" content=\"distribuci\u00f3n ARC\" \/>\n<meta property=\"article:modified_time\" content=\"2020-09-30T10:54:15+00:00\" \/>\n<meta property=\"og:image\" content=\"https:\/\/www.distribucionarc.com\/wp-content\/uploads\/2020\/08\/Ahumador-para-colmenas-soplador-de-humo-para-abejas-2.jpg\" \/>\n\t<meta property=\"og:image:width\" content=\"1000\" \/>\n\t<meta property=\"og:image:height\" content=\"1000\" \/>\n\t<meta property=\"og:image:type\" content=\"image\/jpeg\" \/>\n<meta name=\"twitter:card\" content=\"summary_large_image\" \/>\n<meta name=\"twitter:label1\" content=\"Ansl. lesetid\" \/>\n\t<meta name=\"twitter:data1\" content=\"1 minutt\" \/>\n<script type=\"application\/ld+json\" class=\"yoast-schema-graph\">{\"@context\":\"https:\/\/schema.org\",\"@graph\":[{\"@type\":\"WebPage\",\"@id\":\"https:\/\/www.distribucionarc.com\/pl\/producto\/ahumador-para-colmenas-soplador-de-humo-para-abejas\/\",\"url\":\"https:\/\/www.distribucionarc.com\/pl\/producto\/ahumador-para-colmenas-soplador-de-humo-para-abejas\/\",\"name\":\"Ahumador para colmenas, soplador de humo para abejas\u00a0 - distribuci\u00f3n ARC\",\"isPartOf\":{\"@id\":\"https:\/\/distribucionarc.com\/ro\/#website\"},\"primaryImageOfPage\":{\"@id\":\"https:\/\/www.distribucionarc.com\/pl\/producto\/ahumador-para-colmenas-soplador-de-humo-para-abejas\/#primaryimage\"},\"image\":{\"@id\":\"https:\/\/www.distribucionarc.com\/pl\/producto\/ahumador-para-colmenas-soplador-de-humo-para-abejas\/#primaryimage\"},\"thumbnailUrl\":\"https:\/\/distribucionarc.com\/wp-content\/uploads\/2020\/08\/Ahumador-para-colmenas-soplador-de-humo-para-abejas-2.jpg\",\"datePublished\":\"2020-08-12T12:24:14+00:00\",\"dateModified\":\"2020-09-30T10:54:15+00:00\",\"breadcrumb\":{\"@id\":\"https:\/\/www.distribucionarc.com\/pl\/producto\/ahumador-para-colmenas-soplador-de-humo-para-abejas\/#breadcrumb\"},\"inLanguage\":\"nb-NO\",\"potentialAction\":[{\"@type\":\"ReadAction\",\"target\":[\"https:\/\/www.distribucionarc.com\/pl\/producto\/ahumador-para-colmenas-soplador-de-humo-para-abejas\/\"]}]},{\"@type\":\"ImageObject\",\"inLanguage\":\"nb-NO\",\"@id\":\"https:\/\/www.distribucionarc.com\/pl\/producto\/ahumador-para-colmenas-soplador-de-humo-para-abejas\/#primaryimage\",\"url\":\"https:\/\/distribucionarc.com\/wp-content\/uploads\/2020\/08\/Ahumador-para-colmenas-soplador-de-humo-para-abejas-2.jpg\",\"contentUrl\":\"https:\/\/distribucionarc.com\/wp-content\/uploads\/2020\/08\/Ahumador-para-colmenas-soplador-de-humo-para-abejas-2.jpg\",\"width\":1000,\"height\":1000,\"caption\":\"Ahumador para colmenas soplador de humo para abejas\"},{\"@type\":\"BreadcrumbList\",\"@id\":\"https:\/\/www.distribucionarc.com\/pl\/producto\/ahumador-para-colmenas-soplador-de-humo-para-abejas\/#breadcrumb\",\"itemListElement\":[{\"@type\":\"ListItem\",\"position\":1,\"name\":\"Portada\",\"item\":\"https:\/\/distribucionarc.com\/ar\/\"},{\"@type\":\"ListItem\",\"position\":2,\"name\":\"Proizvodi\",\"item\":\"https:\/\/www.distribucionarc.com\/hr\/ducan\/\"},{\"@type\":\"ListItem\",\"position\":3,\"name\":\"Ahumador para colmenas, soplador de humo para abejas\u00a0\"}]},{\"@type\":\"WebSite\",\"@id\":\"https:\/\/distribucionarc.com\/ro\/#website\",\"url\":\"https:\/\/distribucionarc.com\/ro\/\",\"name\":\"distribuci\u00f3n ARC\",\"description\":\"Empresa especializada en la fabricaci\u00f3n y distribuci\u00f3n de maquinaria industrial, selladoras de latas, Maquinas de hacer pastillas, Maquinas de cortar carne...\",\"publisher\":{\"@id\":\"https:\/\/distribucionarc.com\/ro\/#organization\"},\"potentialAction\":[{\"@type\":\"SearchAction\",\"target\":{\"@type\":\"EntryPoint\",\"urlTemplate\":\"https:\/\/distribucionarc.com\/ro\/?s={search_term_string}\"},\"query-input\":{\"@type\":\"PropertyValueSpecification\",\"valueRequired\":true,\"valueName\":\"search_term_string\"}}],\"inLanguage\":\"nb-NO\"},{\"@type\":\"Organization\",\"@id\":\"https:\/\/distribucionarc.com\/ro\/#organization\",\"name\":\"Distribuci\u00f3n ARC\",\"url\":\"https:\/\/distribucionarc.com\/ro\/\",\"logo\":{\"@type\":\"ImageObject\",\"inLanguage\":\"nb-NO\",\"@id\":\"https:\/\/distribucionarc.com\/ro\/#\/schema\/logo\/image\/\",\"url\":\"https:\/\/distribucionarc.com\/wp-content\/uploads\/2024\/10\/distribucion-ARC-COLOR-SIN-FONDO-e1732295305345.png\",\"contentUrl\":\"https:\/\/distribucionarc.com\/wp-content\/uploads\/2024\/10\/distribucion-ARC-COLOR-SIN-FONDO-e1732295305345.png\",\"width\":1164,\"height\":558,\"caption\":\"Distribuci\u00f3n ARC\"},\"image\":{\"@id\":\"https:\/\/distribucionarc.com\/ro\/#\/schema\/logo\/image\/\"},\"description\":\"Empresa especializada en la fabricaci\u00f3n y distribuci\u00f3n de maquinaria industrial para los sectores alimentario y farmac\u00e9utico. Nos especializamos en: M\u00e1quinas de cortar carne Fabricaci\u00f3n de comprimidos Sistemas de transporte industrial L\u00edneas de embotellado Dosificadores Y mucho m\u00e1s... Ofrecemos soluciones innovadoras y personalizadas para optimizar los procesos productivos de tu empresa.\",\"email\":\"Admistracion@distribucionarc.com\",\"telephone\":\"+34 643496664\",\"legalName\":\"ARC TECH SOLUTIONS\",\"foundingDate\":\"2024-04-09\",\"vatID\":\"B55480172\",\"numberOfEmployees\":{\"@type\":\"QuantitativeValue\",\"minValue\":\"1\",\"maxValue\":\"10\"}}]}<\/script>\n<!-- \/ Yoast SEO Premium plugin. -->","yoast_head_json":{"title":"R\u00f8yker for elveblest, r\u00f8ykbl\u00e5ser for bier - ARC distribusjon","robots":{"index":"index","follow":"follow","max-snippet":"max-snippet:-1","max-image-preview":"max-image-preview:large","max-video-preview":"max-video-preview:-1"},"canonical":"https:\/\/www.distribucionarc.com\/pl\/producto\/ahumador-para-colmenas-soplador-de-humo-para-abejas\/","og_locale":"nb_NO","og_type":"article","og_title":"Ahumador para colmenas, soplador de humo para abejas\u00a0","og_description":"Ahumador para colmenas, soplador de humo para abejas Prot\u00e9gete de las picaduras sin molestar al enjambre.\u00a0El soplador de humo ARC fabricado en acero galvanizado y piel de vacuno de alta calidad es perfecto para apicultores aficionados, principiantes y profesionales gracias a su sencillo funcionamiento. Garant\u00eda\u00a0ARC 2 A\u00d1OS soporte t\u00e9cnico\u00a0incluido","og_url":"https:\/\/www.distribucionarc.com\/pl\/producto\/ahumador-para-colmenas-soplador-de-humo-para-abejas\/","og_site_name":"distribuci\u00f3n ARC","article_modified_time":"2020-09-30T10:54:15+00:00","og_image":[{"width":1000,"height":1000,"url":"https:\/\/www.distribucionarc.com\/wp-content\/uploads\/2020\/08\/Ahumador-para-colmenas-soplador-de-humo-para-abejas-2.jpg","type":"image\/jpeg"}],"twitter_card":"summary_large_image","twitter_misc":{"Ansl. lesetid":"1 minutt"},"schema":{"@context":"https:\/\/schema.org","@graph":[{"@type":"WebPage","@id":"https:\/\/www.distribucionarc.com\/pl\/producto\/ahumador-para-colmenas-soplador-de-humo-para-abejas\/","url":"https:\/\/www.distribucionarc.com\/pl\/producto\/ahumador-para-colmenas-soplador-de-humo-para-abejas\/","name":"R\u00f8yker for elveblest, r\u00f8ykbl\u00e5ser for bier - ARC distribusjon","isPartOf":{"@id":"https:\/\/distribucionarc.com\/ro\/#website"},"primaryImageOfPage":{"@id":"https:\/\/www.distribucionarc.com\/pl\/producto\/ahumador-para-colmenas-soplador-de-humo-para-abejas\/#primaryimage"},"image":{"@id":"https:\/\/www.distribucionarc.com\/pl\/producto\/ahumador-para-colmenas-soplador-de-humo-para-abejas\/#primaryimage"},"thumbnailUrl":"https:\/\/distribucionarc.com\/wp-content\/uploads\/2020\/08\/Ahumador-para-colmenas-soplador-de-humo-para-abejas-2.jpg","datePublished":"2020-08-12T12:24:14+00:00","dateModified":"2020-09-30T10:54:15+00:00","breadcrumb":{"@id":"https:\/\/www.distribucionarc.com\/pl\/producto\/ahumador-para-colmenas-soplador-de-humo-para-abejas\/#breadcrumb"},"inLanguage":"nb-NO","potentialAction":[{"@type":"ReadAction","target":["https:\/\/www.distribucionarc.com\/pl\/producto\/ahumador-para-colmenas-soplador-de-humo-para-abejas\/"]}]},{"@type":"ImageObject","inLanguage":"nb-NO","@id":"https:\/\/www.distribucionarc.com\/pl\/producto\/ahumador-para-colmenas-soplador-de-humo-para-abejas\/#primaryimage","url":"https:\/\/distribucionarc.com\/wp-content\/uploads\/2020\/08\/Ahumador-para-colmenas-soplador-de-humo-para-abejas-2.jpg","contentUrl":"https:\/\/distribucionarc.com\/wp-content\/uploads\/2020\/08\/Ahumador-para-colmenas-soplador-de-humo-para-abejas-2.jpg","width":1000,"height":1000,"caption":"Ahumador para colmenas soplador de humo para abejas"},{"@type":"BreadcrumbList","@id":"https:\/\/www.distribucionarc.com\/pl\/producto\/ahumador-para-colmenas-soplador-de-humo-para-abejas\/#breadcrumb","itemListElement":[{"@type":"ListItem","position":1,"name":"Portada","item":"https:\/\/distribucionarc.com\/ar\/"},{"@type":"ListItem","position":2,"name":"Proizvodi","item":"https:\/\/www.distribucionarc.com\/hr\/ducan\/"},{"@type":"ListItem","position":3,"name":"Ahumador para colmenas, soplador de humo para abejas\u00a0"}]},{"@type":"WebSite","@id":"https:\/\/distribucionarc.com\/ro\/#website","url":"https:\/\/distribucionarc.com\/ro\/","name":"ARC distribusjon","description":"Selskapet har spesialisert seg p\u00e5 produksjon og distribusjon av industrimaskiner, hermetikkboksforseglingsmaskiner, tablettmaskiner, kj\u00f8ttskj\u00e6remaskiner og...","publisher":{"@id":"https:\/\/distribucionarc.com\/ro\/#organization"},"potentialAction":[{"@type":"SearchAction","target":{"@type":"EntryPoint","urlTemplate":"https:\/\/distribucionarc.com\/ro\/?s={search_term_string}"},"query-input":{"@type":"PropertyValueSpecification","valueRequired":true,"valueName":"search_term_string"}}],"inLanguage":"nb-NO"},{"@type":"Organization","@id":"https:\/\/distribucionarc.com\/ro\/#organization","name":"ARC distribusjon","url":"https:\/\/distribucionarc.com\/ro\/","logo":{"@type":"ImageObject","inLanguage":"nb-NO","@id":"https:\/\/distribucionarc.com\/ro\/#\/schema\/logo\/image\/","url":"https:\/\/distribucionarc.com\/wp-content\/uploads\/2024\/10\/distribucion-ARC-COLOR-SIN-FONDO-e1732295305345.png","contentUrl":"https:\/\/distribucionarc.com\/wp-content\/uploads\/2024\/10\/distribucion-ARC-COLOR-SIN-FONDO-e1732295305345.png","width":1164,"height":558,"caption":"Distribuci\u00f3n ARC"},"image":{"@id":"https:\/\/distribucionarc.com\/ro\/#\/schema\/logo\/image\/"},"description":"Selskap som har spesialisert seg p\u00e5 produksjon og distribusjon av industrimaskiner til n\u00e6ringsmiddel- og farmasisektoren. Vi er spesialister p\u00e5: Kj\u00f8ttskj\u00e6remaskiner Tablettilvirkning Industrielle transportsystemer Tappelinjer Dispensere Og mye mer... Vi tilbyr innovative og skreddersydde l\u00f8sninger for \u00e5 optimalisere bedriftens produksjonsprosesser.","email":"Admistracion@distribucionarc.com","telephone":"+34 643496664","legalName":"ARC TECH SOLUTIONS","foundingDate":"2024-04-09","vatID":"B55480172","numberOfEmployees":{"@type":"QuantitativeValue","minValue":"1","maxValue":"10"}}]}},"_links":{"self":[{"href":"https:\/\/distribucionarc.com\/nb\/wp-json\/wp\/v2\/product\/2213","targetHints":{"allow":["GET"]}}],"collection":[{"href":"https:\/\/distribucionarc.com\/nb\/wp-json\/wp\/v2\/product"}],"about":[{"href":"https:\/\/distribucionarc.com\/nb\/wp-json\/wp\/v2\/types\/product"}],"replies":[{"embeddable":true,"href":"https:\/\/distribucionarc.com\/nb\/wp-json\/wp\/v2\/comments?post=2213"}],"version-history":[{"count":0,"href":"https:\/\/distribucionarc.com\/nb\/wp-json\/wp\/v2\/product\/2213\/revisions"}],"wp:featuredmedia":[{"embeddable":true,"href":"https:\/\/distribucionarc.com\/nb\/wp-json\/wp\/v2\/media\/2216"}],"wp:attachment":[{"href":"https:\/\/distribucionarc.com\/nb\/wp-json\/wp\/v2\/media?parent=2213"}],"wp:term":[{"taxonomy":"product_brand","embeddable":true,"href":"https:\/\/distribucionarc.com\/nb\/wp-json\/wp\/v2\/product_brand?post=2213"},{"taxonomy":"product_cat","embeddable":true,"href":"https:\/\/distribucionarc.com\/nb\/wp-json\/wp\/v2\/product_cat?post=2213"},{"taxonomy":"product_tag","embeddable":true,"href":"https:\/\/distribucionarc.com\/nb\/wp-json\/wp\/v2\/product_tag?post=2213"}],"curies":[{"name":"wp","href":"https:\/\/api.w.org\/{rel}","templated":true}]}}