{"id":2278,"date":"2020-08-13T14:39:36","date_gmt":"2020-08-13T14:39:36","guid":{"rendered":"https:\/\/distribucionarc.com\/?post_type=product&#038;p=2278"},"modified":"2020-09-30T11:51:48","modified_gmt":"2020-09-30T11:51:48","slug":"matvarmer-varmekonserverende-design-x-2","status":"publish","type":"product","link":"https:\/\/distribucionarc.com\/nb\/producto\/calentador-de-alimentos-conservador-de-calor-de-diseno-x-2\/","title":{"rendered":"Matvarmer, designvarmebeskytter x 2"},"content":{"rendered":"<h3>Matvarmer, designvarmebeskytter x 2<\/h3>\n<p>Disse varmebrettene t\u00e5ler lange serviceperioder uten problemer. De er enkle \u00e5 oppbevare og rengj\u00f8re, og lar deg raskt og enkelt vise frem dine deiligste retter. Dette\u00a0<strong>disk\u00a0<\/strong><b>sf\u00e6risk<\/b>\u00a0kombinerer stil og holdbarhet for \u00e5 sikre et b\u00e6rekraftig produkt som vil imponere kundene dine.<\/p>\n<p>De\u00a0<strong>varmeovner <span style=\"color: #ff0000;\">TIL<\/span><span style=\"color: #0000ff;\">R<\/span>CBCA2.8<\/strong> motst\u00e5r korrosjon og gir et skinnende s\u00f8lv eksteri\u00f8r. Det dekorative h\u00e5ndtaket p\u00e5 lokket sikrer enkel og sikker tilgang til maten din. Dekselet l\u00e5ser 90 grader eller roterer 180 grader. Gir enkel tilgang fra alle vinkler. Bidrar til \u00e5 holde rettene varme og saftige.<\/p>\n<p>Disse\u00a0<strong>varmekonservering<\/strong>\u00a0\u00a0<strong><span style=\"color: #ff0000;\">TIL<\/span><span style=\"color: #0000ff;\">R<\/span>c<\/strong>\u00a0De er n\u00e6r vannbrettet, og opprettholder riktig temperatur p\u00e5 maten, mens\u00a0<strong>minimere eksponering for flammer<\/strong>, for \u00e5 sikre sikkerheten til gjester og ansatte.  De to h\u00e5ndtakene p\u00e5 hver side er designet for \u00e5 hjelpe til med servering og gi sikkerhet. De skr\u00e5 bena s\u00f8rger ogs\u00e5 for optimal stabilitet. Den er attraktiv og rimelig, perfekt for \u00e5 vise frem mat og holde den varm for gjestene.<\/p>\n<h6><\/h6>\n<h6><strong>Garanti\u00a0<span style=\"color: #ff0000;\">TIL<\/span><span style=\"color: #0000ff;\">R<\/span>c<\/strong><strong>\u00a02 \u00c5R<\/strong><\/h6>\n<h6><strong>teknisk st\u00f8tte inkludert<\/strong><\/h6>\n<p>&nbsp;<\/p>\n<table role=\"presentation\" width=\"100%\" cellspacing=\"0\" cellpadding=\"0\">\n<tbody>\n<tr>\n<td class=\"attrLabels\">Garanti:<\/td>\n<td width=\"50.0%\">\u00a02 \u00c5R<\/td>\n<\/tr>\n<tr>\n<td class=\"attrLabels\">Distribusjonsland:<\/td>\n<td width=\"50.0%\">Spania, Tyskland, USA<\/td>\n<td class=\"attrLabels\">Vekt:<\/td>\n<td width=\"50.0%\">16,3 kg<\/td>\n<\/tr>\n<tr>\n<td class=\"attrLabels\">Merke:<\/td>\n<td width=\"50.0%\">BUE<\/td>\n<td class=\"attrLabels\">H\u00f8yde:<\/td>\n<td width=\"50.0%\">68 cm<\/td>\n<\/tr>\n<tr>\n<td class=\"attrLabels\">Farge:<\/td>\n<td width=\"50.0%\">S\u00f8lv<\/td>\n<td class=\"attrLabels\">Lang:<\/td>\n<td width=\"50.0%\">52 cm<\/td>\n<\/tr>\n<tr>\n<td class=\"attrLabels\">Produkttype:<\/td>\n<td width=\"50.0%\">Varmebevarende<\/td>\n<td class=\"attrLabels\">Bred:<\/td>\n<td width=\"50.0%\">50 cm<\/td>\n<\/tr>\n<tr>\n<td class=\"attrLabels\">Produsentnummer:<\/td>\n<td width=\"50.0%\">ARCBCA2.8<\/td>\n<td class=\"attrLabels\">Skuff diameter:<\/td>\n<td width=\"50.0%\">35 cm<\/td>\n<\/tr>\n<tr>\n<td class=\"attrLabels\">Materiale:<\/td>\n<td width=\"50.0%\">401 rustfritt st\u00e5l<\/td>\n<td class=\"attrLabels\">H\u00f8yde p\u00e5 lokk:<\/td>\n<td width=\"50.0%\">53 cm<\/td>\n<\/tr>\n<tr>\n<td class=\"attrLabels\">Inkluderer:<\/td>\n<td width=\"50.0%\">2 hele runde varmebrett<\/td>\n<td class=\"attrLabels\">Avslutning:<\/td>\n<td width=\"50.0%\">180\u00ba<\/td>\n<\/tr>\n<tr>\n<td class=\"attrLabels\">Evne:<\/td>\n<td width=\"50.0%\">6,8 L<\/td>\n<td class=\"attrLabels\">Blokade:<\/td>\n<td width=\"50.0%\">90\u00ba<\/td>\n<\/tr>\n<\/tbody>\n<\/table>","protected":false},"excerpt":{"rendered":"<h2>Matvarmer, designvarmebeskytter x 2<\/h2>\n<p>De\u00a0<strong>matvarmere<\/strong>\u00a0rustfritt st\u00e5l av matvarekvalitet\u00a0<strong><span style=\"color: #ff0000;\">TIL<\/span><span style=\"color: #0000ff;\">R<\/span>c<\/strong> av <strong>8 liter<\/strong> De sikrer langvarig holdbarhet og tiltrekker seg ogs\u00e5 oppmerksomhet takket v\u00e6re deres sl\u00e5ende design med 180\u00ba lukking. Gj\u00f8r den ideell for buffeer, frokostomr\u00e5der, hoteller, restauranter, mottakelser, bryllupsbanketter og selvbetjente milj\u00f8er.<\/p>\n<h6><strong>Garanti\u00a0<span style=\"color: #ff0000;\">TIL<\/span><span style=\"color: #0000ff;\">R<\/span>c<\/strong><strong>\u00a02 \u00c5R<\/strong><\/h6>\n<h6><strong>teknisk st\u00f8tte inkludert<\/strong><\/h6>","protected":false},"featured_media":2279,"comment_status":"open","ping_status":"closed","template":"","meta":{"wds_primary_product_brand":0,"wds_primary_product_cat":0},"product_brand":[],"product_cat":[41],"product_tag":[],"class_list":{"0":"post-2278","1":"product","2":"type-product","3":"status-publish","4":"has-post-thumbnail","6":"product_cat-expositor-de-alimentos","7":"product_shipping_class-hosteleria","9":"first","10":"instock","11":"sale","12":"taxable","13":"shipping-taxable","14":"purchasable","15":"product-type-simple"},"yoast_head":"<!-- This site is optimized with the Yoast SEO Premium plugin v24.9 (Yoast SEO v26.1) - https:\/\/yoast.com\/wordpress\/plugins\/seo\/ -->\n<title>Calentador de alimentos, conservador de calor de dise\u00f1o x 2 - distribuci\u00f3n ARC<\/title>\n<meta name=\"robots\" content=\"index, follow, max-snippet:-1, max-image-preview:large, max-video-preview:-1\" \/>\n<link rel=\"canonical\" href=\"https:\/\/distribucionarc.com\/nb\/produkter\/matvarmer-varmekonserverende-design-x-2\/\" \/>\n<meta property=\"og:locale\" content=\"nb_NO\" \/>\n<meta property=\"og:type\" content=\"article\" \/>\n<meta property=\"og:title\" content=\"Calentador de alimentos, conservador de calor de dise\u00f1o x 2\" \/>\n<meta property=\"og:description\" content=\"Calentador de alimentos, conservador de calor de dise\u00f1o x 2 Los\u00a0calentadores de alimentos\u00a0de acero inoxidable alimentario\u00a0ARC de 8 litros aseguran una durabilidad a largo plazo adem\u00e1s de llamar la atenci\u00f3n gracias a su dise\u00f1o llamativo con cierre de 180\u00ba. Por lo que es ideal para buffets, \u00e1reas de desayuno, hoteles, restaurantes, recepciones, banquetes de boda y ambientes de autoservicio. Garant\u00eda\u00a0ARC\u00a02 A\u00d1OS soporte t\u00e9cnico incluido\" \/>\n<meta property=\"og:url\" content=\"https:\/\/distribucionarc.com\/nb\/produkter\/matvarmer-varmekonserverende-design-x-2\/\" \/>\n<meta property=\"og:site_name\" content=\"distribuci\u00f3n ARC\" \/>\n<meta property=\"article:modified_time\" content=\"2020-09-30T11:51:48+00:00\" \/>\n<meta property=\"og:image\" content=\"https:\/\/distribucionarc.com\/wp-content\/uploads\/2020\/08\/Calentador-de-alimentos-conservador-de-calor-de-dise\u00f1o-x-2-0.jpg\" \/>\n\t<meta property=\"og:image:width\" content=\"1600\" \/>\n\t<meta property=\"og:image:height\" content=\"1600\" \/>\n\t<meta property=\"og:image:type\" content=\"image\/jpeg\" \/>\n<meta name=\"twitter:card\" content=\"summary_large_image\" \/>\n<meta name=\"twitter:label1\" content=\"Ansl. lesetid\" \/>\n\t<meta name=\"twitter:data1\" content=\"1 minutt\" \/>\n<script type=\"application\/ld+json\" class=\"yoast-schema-graph\">{\"@context\":\"https:\/\/schema.org\",\"@graph\":[{\"@type\":\"WebPage\",\"@id\":\"https:\/\/distribucionarc.com\/sl\/producto\/calentador-de-alimentos-conservador-de-calor-de-diseno-x-2\/\",\"url\":\"https:\/\/distribucionarc.com\/sl\/producto\/calentador-de-alimentos-conservador-de-calor-de-diseno-x-2\/\",\"name\":\"Calentador de alimentos, conservador de calor de dise\u00f1o x 2 - distribuci\u00f3n ARC\",\"isPartOf\":{\"@id\":\"https:\/\/distribucionarc.com\/de\/#website\"},\"primaryImageOfPage\":{\"@id\":\"https:\/\/distribucionarc.com\/sl\/producto\/calentador-de-alimentos-conservador-de-calor-de-diseno-x-2\/#primaryimage\"},\"image\":{\"@id\":\"https:\/\/distribucionarc.com\/sl\/producto\/calentador-de-alimentos-conservador-de-calor-de-diseno-x-2\/#primaryimage\"},\"thumbnailUrl\":\"https:\/\/distribucionarc.com\/wp-content\/uploads\/2020\/08\/Calentador-de-alimentos-conservador-de-calor-de-dise\u00f1o-x-2-0.jpg\",\"datePublished\":\"2020-08-13T14:39:36+00:00\",\"dateModified\":\"2020-09-30T11:51:48+00:00\",\"breadcrumb\":{\"@id\":\"https:\/\/distribucionarc.com\/sl\/producto\/calentador-de-alimentos-conservador-de-calor-de-diseno-x-2\/#breadcrumb\"},\"inLanguage\":\"nb-NO\",\"potentialAction\":[{\"@type\":\"ReadAction\",\"target\":[\"https:\/\/distribucionarc.com\/sl\/producto\/calentador-de-alimentos-conservador-de-calor-de-diseno-x-2\/\"]}]},{\"@type\":\"ImageObject\",\"inLanguage\":\"nb-NO\",\"@id\":\"https:\/\/distribucionarc.com\/sl\/producto\/calentador-de-alimentos-conservador-de-calor-de-diseno-x-2\/#primaryimage\",\"url\":\"https:\/\/distribucionarc.com\/wp-content\/uploads\/2020\/08\/Calentador-de-alimentos-conservador-de-calor-de-dise\u00f1o-x-2-0.jpg\",\"contentUrl\":\"https:\/\/distribucionarc.com\/wp-content\/uploads\/2020\/08\/Calentador-de-alimentos-conservador-de-calor-de-dise\u00f1o-x-2-0.jpg\",\"width\":1600,\"height\":1600,\"caption\":\"Calentador de alimentos, conservador de calor de dise\u00f1o x 2\"},{\"@type\":\"BreadcrumbList\",\"@id\":\"https:\/\/distribucionarc.com\/sl\/producto\/calentador-de-alimentos-conservador-de-calor-de-diseno-x-2\/#breadcrumb\",\"itemListElement\":[{\"@type\":\"ListItem\",\"position\":1,\"name\":\"Portada\",\"item\":\"https:\/\/distribucionarc.com\/pl\/\"},{\"@type\":\"ListItem\",\"position\":2,\"name\":\"Produkty\",\"item\":\"https:\/\/distribucionarc.com\/pl\/shop\/\"},{\"@type\":\"ListItem\",\"position\":3,\"name\":\"Calentador de alimentos, conservador de calor de dise\u00f1o x 2\"}]},{\"@type\":\"WebSite\",\"@id\":\"https:\/\/distribucionarc.com\/de\/#website\",\"url\":\"https:\/\/distribucionarc.com\/de\/\",\"name\":\"distribuci\u00f3n ARC\",\"description\":\"Empresa especializada en la fabricaci\u00f3n y distribuci\u00f3n de maquinaria industrial, selladoras de latas, Maquinas de hacer pastillas, Maquinas de cortar carne...\",\"publisher\":{\"@id\":\"https:\/\/distribucionarc.com\/de\/#organization\"},\"potentialAction\":[{\"@type\":\"SearchAction\",\"target\":{\"@type\":\"EntryPoint\",\"urlTemplate\":\"https:\/\/distribucionarc.com\/de\/?s={search_term_string}\"},\"query-input\":{\"@type\":\"PropertyValueSpecification\",\"valueRequired\":true,\"valueName\":\"search_term_string\"}}],\"inLanguage\":\"nb-NO\"},{\"@type\":\"Organization\",\"@id\":\"https:\/\/distribucionarc.com\/de\/#organization\",\"name\":\"Distribuci\u00f3n ARC\",\"url\":\"https:\/\/distribucionarc.com\/de\/\",\"logo\":{\"@type\":\"ImageObject\",\"inLanguage\":\"nb-NO\",\"@id\":\"https:\/\/distribucionarc.com\/de\/#\/schema\/logo\/image\/\",\"url\":\"https:\/\/distribucionarc.com\/wp-content\/uploads\/2024\/10\/distribucion-ARC-COLOR-SIN-FONDO-e1732295305345.png\",\"contentUrl\":\"https:\/\/distribucionarc.com\/wp-content\/uploads\/2024\/10\/distribucion-ARC-COLOR-SIN-FONDO-e1732295305345.png\",\"width\":1164,\"height\":558,\"caption\":\"Distribuci\u00f3n ARC\"},\"image\":{\"@id\":\"https:\/\/distribucionarc.com\/de\/#\/schema\/logo\/image\/\"},\"description\":\"Empresa especializada en la fabricaci\u00f3n y distribuci\u00f3n de maquinaria industrial para los sectores alimentario y farmac\u00e9utico. Nos especializamos en: M\u00e1quinas de cortar carne Fabricaci\u00f3n de comprimidos Sistemas de transporte industrial L\u00edneas de embotellado Dosificadores Y mucho m\u00e1s... Ofrecemos soluciones innovadoras y personalizadas para optimizar los procesos productivos de tu empresa.\",\"email\":\"Admistracion@distribucionarc.com\",\"telephone\":\"+34 643496664\",\"legalName\":\"ARC TECH SOLUTIONS\",\"foundingDate\":\"2024-04-09\",\"vatID\":\"B55480172\",\"numberOfEmployees\":{\"@type\":\"QuantitativeValue\",\"minValue\":\"1\",\"maxValue\":\"10\"}}]}<\/script>\n<!-- \/ Yoast SEO Premium plugin. -->","yoast_head_json":{"title":"Matvarmer, designer varmebeskytter x 2 - ARC distribusjon","robots":{"index":"index","follow":"follow","max-snippet":"max-snippet:-1","max-image-preview":"max-image-preview:large","max-video-preview":"max-video-preview:-1"},"canonical":"https:\/\/distribucionarc.com\/nb\/produkter\/matvarmer-varmekonserverende-design-x-2\/","og_locale":"nb_NO","og_type":"article","og_title":"Calentador de alimentos, conservador de calor de dise\u00f1o x 2","og_description":"Calentador de alimentos, conservador de calor de dise\u00f1o x 2 Los\u00a0calentadores de alimentos\u00a0de acero inoxidable alimentario\u00a0ARC de 8 litros aseguran una durabilidad a largo plazo adem\u00e1s de llamar la atenci\u00f3n gracias a su dise\u00f1o llamativo con cierre de 180\u00ba. Por lo que es ideal para buffets, \u00e1reas de desayuno, hoteles, restaurantes, recepciones, banquetes de boda y ambientes de autoservicio. Garant\u00eda\u00a0ARC\u00a02 A\u00d1OS soporte t\u00e9cnico incluido","og_url":"https:\/\/distribucionarc.com\/nb\/produkter\/matvarmer-varmekonserverende-design-x-2\/","og_site_name":"distribuci\u00f3n ARC","article_modified_time":"2020-09-30T11:51:48+00:00","og_image":[{"width":1600,"height":1600,"url":"https:\/\/distribucionarc.com\/wp-content\/uploads\/2020\/08\/Calentador-de-alimentos-conservador-de-calor-de-dise\u00f1o-x-2-0.jpg","type":"image\/jpeg"}],"twitter_card":"summary_large_image","twitter_misc":{"Ansl. lesetid":"1 minutt"},"schema":{"@context":"https:\/\/schema.org","@graph":[{"@type":"WebPage","@id":"https:\/\/distribucionarc.com\/sl\/producto\/calentador-de-alimentos-conservador-de-calor-de-diseno-x-2\/","url":"https:\/\/distribucionarc.com\/sl\/producto\/calentador-de-alimentos-conservador-de-calor-de-diseno-x-2\/","name":"Matvarmer, designer varmebeskytter x 2 - ARC distribusjon","isPartOf":{"@id":"https:\/\/distribucionarc.com\/de\/#website"},"primaryImageOfPage":{"@id":"https:\/\/distribucionarc.com\/sl\/producto\/calentador-de-alimentos-conservador-de-calor-de-diseno-x-2\/#primaryimage"},"image":{"@id":"https:\/\/distribucionarc.com\/sl\/producto\/calentador-de-alimentos-conservador-de-calor-de-diseno-x-2\/#primaryimage"},"thumbnailUrl":"https:\/\/distribucionarc.com\/wp-content\/uploads\/2020\/08\/Calentador-de-alimentos-conservador-de-calor-de-dise\u00f1o-x-2-0.jpg","datePublished":"2020-08-13T14:39:36+00:00","dateModified":"2020-09-30T11:51:48+00:00","breadcrumb":{"@id":"https:\/\/distribucionarc.com\/sl\/producto\/calentador-de-alimentos-conservador-de-calor-de-diseno-x-2\/#breadcrumb"},"inLanguage":"nb-NO","potentialAction":[{"@type":"ReadAction","target":["https:\/\/distribucionarc.com\/sl\/producto\/calentador-de-alimentos-conservador-de-calor-de-diseno-x-2\/"]}]},{"@type":"ImageObject","inLanguage":"nb-NO","@id":"https:\/\/distribucionarc.com\/sl\/producto\/calentador-de-alimentos-conservador-de-calor-de-diseno-x-2\/#primaryimage","url":"https:\/\/distribucionarc.com\/wp-content\/uploads\/2020\/08\/Calentador-de-alimentos-conservador-de-calor-de-dise\u00f1o-x-2-0.jpg","contentUrl":"https:\/\/distribucionarc.com\/wp-content\/uploads\/2020\/08\/Calentador-de-alimentos-conservador-de-calor-de-dise\u00f1o-x-2-0.jpg","width":1600,"height":1600,"caption":"Calentador de alimentos, conservador de calor de dise\u00f1o x 2"},{"@type":"BreadcrumbList","@id":"https:\/\/distribucionarc.com\/sl\/producto\/calentador-de-alimentos-conservador-de-calor-de-diseno-x-2\/#breadcrumb","itemListElement":[{"@type":"ListItem","position":1,"name":"Portada","item":"https:\/\/distribucionarc.com\/pl\/"},{"@type":"ListItem","position":2,"name":"Produkty","item":"https:\/\/distribucionarc.com\/pl\/shop\/"},{"@type":"ListItem","position":3,"name":"Calentador de alimentos, conservador de calor de dise\u00f1o x 2"}]},{"@type":"WebSite","@id":"https:\/\/distribucionarc.com\/de\/#website","url":"https:\/\/distribucionarc.com\/de\/","name":"ARC distribusjon","description":"Selskapet har spesialisert seg p\u00e5 produksjon og distribusjon av industrimaskiner, hermetikkboksforseglingsmaskiner, tablettmaskiner, kj\u00f8ttskj\u00e6remaskiner og...","publisher":{"@id":"https:\/\/distribucionarc.com\/de\/#organization"},"potentialAction":[{"@type":"SearchAction","target":{"@type":"EntryPoint","urlTemplate":"https:\/\/distribucionarc.com\/de\/?s={search_term_string}"},"query-input":{"@type":"PropertyValueSpecification","valueRequired":true,"valueName":"search_term_string"}}],"inLanguage":"nb-NO"},{"@type":"Organization","@id":"https:\/\/distribucionarc.com\/de\/#organization","name":"ARC distribusjon","url":"https:\/\/distribucionarc.com\/de\/","logo":{"@type":"ImageObject","inLanguage":"nb-NO","@id":"https:\/\/distribucionarc.com\/de\/#\/schema\/logo\/image\/","url":"https:\/\/distribucionarc.com\/wp-content\/uploads\/2024\/10\/distribucion-ARC-COLOR-SIN-FONDO-e1732295305345.png","contentUrl":"https:\/\/distribucionarc.com\/wp-content\/uploads\/2024\/10\/distribucion-ARC-COLOR-SIN-FONDO-e1732295305345.png","width":1164,"height":558,"caption":"Distribuci\u00f3n ARC"},"image":{"@id":"https:\/\/distribucionarc.com\/de\/#\/schema\/logo\/image\/"},"description":"Selskap som har spesialisert seg p\u00e5 produksjon og distribusjon av industrimaskiner til n\u00e6ringsmiddel- og farmasisektoren. Vi er spesialister p\u00e5: Kj\u00f8ttskj\u00e6remaskiner Tablettilvirkning Industrielle transportsystemer Tappelinjer Dispensere Og mye mer... Vi tilbyr innovative og skreddersydde l\u00f8sninger for \u00e5 optimalisere bedriftens produksjonsprosesser.","email":"Admistracion@distribucionarc.com","telephone":"+34 643496664","legalName":"ARC TECH SOLUTIONS","foundingDate":"2024-04-09","vatID":"B55480172","numberOfEmployees":{"@type":"QuantitativeValue","minValue":"1","maxValue":"10"}}]}},"_links":{"self":[{"href":"https:\/\/distribucionarc.com\/nb\/wp-json\/wp\/v2\/product\/2278","targetHints":{"allow":["GET"]}}],"collection":[{"href":"https:\/\/distribucionarc.com\/nb\/wp-json\/wp\/v2\/product"}],"about":[{"href":"https:\/\/distribucionarc.com\/nb\/wp-json\/wp\/v2\/types\/product"}],"replies":[{"embeddable":true,"href":"https:\/\/distribucionarc.com\/nb\/wp-json\/wp\/v2\/comments?post=2278"}],"version-history":[{"count":0,"href":"https:\/\/distribucionarc.com\/nb\/wp-json\/wp\/v2\/product\/2278\/revisions"}],"wp:featuredmedia":[{"embeddable":true,"href":"https:\/\/distribucionarc.com\/nb\/wp-json\/wp\/v2\/media\/2279"}],"wp:attachment":[{"href":"https:\/\/distribucionarc.com\/nb\/wp-json\/wp\/v2\/media?parent=2278"}],"wp:term":[{"taxonomy":"product_brand","embeddable":true,"href":"https:\/\/distribucionarc.com\/nb\/wp-json\/wp\/v2\/product_brand?post=2278"},{"taxonomy":"product_cat","embeddable":true,"href":"https:\/\/distribucionarc.com\/nb\/wp-json\/wp\/v2\/product_cat?post=2278"},{"taxonomy":"product_tag","embeddable":true,"href":"https:\/\/distribucionarc.com\/nb\/wp-json\/wp\/v2\/product_tag?post=2278"}],"curies":[{"name":"wp","href":"https:\/\/api.w.org\/{rel}","templated":true}]}}