{"id":2377,"date":"2020-08-17T11:24:54","date_gmt":"2020-08-17T11:24:54","guid":{"rendered":"https:\/\/distribucionarc.com\/?post_type=product&#038;p=2377"},"modified":"2023-01-12T07:14:03","modified_gmt":"2023-01-12T07:14:03","slug":"sukkerror-juicer","status":"publish","type":"product","link":"https:\/\/distribucionarc.com\/nb\/producto\/exprimidor-de-cana-de-azucar\/","title":{"rendered":"sukkerr\u00f8r juicer"},"content":{"rendered":"<h3>sukkerr\u00f8r juicer<\/h3>\n<p>Grunnlaget for <strong>stokkavtrekker<span style=\"color: #ff0000;\"> TIL<\/span><span style=\"color: #0000ff;\">R<\/span>c<\/strong> Den er laget av st\u00f8pejern. Den har en sl\u00e5ende design, enkel \u00e5 bruke og utnytter best mulig innsats for \u00e5 trekke ut juicen. Ekstraksjonsmaskinen er egnet for urbane og landlige butikker, g\u00e5rder og andre selvstendige eller sm\u00e5 drikkevareindustrier.<\/p>\n<p>Alle deler av <strong>klemme <span style=\"color: #ff0000;\">TIL<\/span><span style=\"color: #0000ff;\">R<\/span>CEMC1<\/strong> De er laget av 304 matkvalitets rustfritt st\u00e5l for \u00e5 overholde alle forskrifter, rattet deres vil gj\u00f8re pressearbeidet lettere.<\/p>\n<p>Takket v\u00e6re den flotte ytelsen du<strong> kan behandle 50 kg i timen<\/strong>. Den har en justerbar kran for \u00e5 kontrollere str\u00f8mmen av juice.<\/p>\n<h6><strong>Garanti\u00a0<\/strong><span style=\"color: #ff0000;\"><strong>TIL<\/strong><\/span><span style=\"color: #0000ff;\"><strong>R<\/strong><\/span><strong>C 2 \u00c5R<\/strong><\/h6>\n<h6><strong>teknisk st\u00f8tte inkludert<\/strong><\/h6>\n<p>&nbsp;<\/p>\n<table width=\"100%\">\n<tbody>\n<tr>\n<td>fyr:<\/td>\n<td width=\"50%\">H\u00e5ndbok<\/td>\n<td colspan=\"2\" width=\"327\"><\/td>\n<\/tr>\n<tr>\n<td>Distribusjonsland:<\/td>\n<td width=\"50%\">Spania, Tyskland, USA<\/td>\n<td>Vekt:<\/td>\n<td width=\"50%\">30 kg<\/td>\n<\/tr>\n<tr>\n<td>Merke:<\/td>\n<td width=\"50%\">BUE<\/td>\n<td>H\u00f8yde:<\/td>\n<td width=\"50%\">32 cm<\/td>\n<\/tr>\n<tr>\n<td>Farge:<\/td>\n<td width=\"50%\">S\u00f8lv<\/td>\n<td>Lang:<\/td>\n<td width=\"50%\">\u00a042 cm<\/td>\n<\/tr>\n<tr>\n<td>Produkttype:<\/td>\n<td width=\"50%\">sukkerr\u00f8r juicer<\/td>\n<td>Bred:<\/td>\n<td width=\"50%\">35 cm<\/td>\n<\/tr>\n<tr>\n<td>Produsentnummer:<\/td>\n<td width=\"50%\">ARCEMC1<\/td>\n<td>Ekstraksjonstype:<\/td>\n<td width=\"50%\">en h\u00e5nd<\/td>\n<\/tr>\n<tr>\n<td>Materiale:<\/td>\n<td width=\"50%\">\u00a0304 matkvalitets rustfritt st\u00e5l<\/td>\n<td>Skaftjustering:<\/td>\n<td width=\"50%\">2,60 cm i diameter<\/td>\n<\/tr>\n<tr>\n<td>Garanti:<\/td>\n<td width=\"50%\">2 \u00c5R<\/td>\n<td>Juiceekstraksjonshastighet:<\/td>\n<td width=\"50%\">(60-80)\/100<\/td>\n<\/tr>\n<tr>\n<td>Installasjonsverkt\u00f8y:<\/td>\n<td width=\"50%\">Ja<\/td>\n<td>G\u00e5:<\/td>\n<td width=\"50%\">50 kg\/t<\/td>\n<\/tr>\n<\/tbody>\n<\/table>","protected":false},"excerpt":{"rendered":"<h2>sukkerr\u00f8r juicer<\/h2>\n<p>Dette <strong>sukkerr\u00f8rekstraktor <span style=\"color: #ff0000;\">TIL<\/span><span style=\"color: #0000ff;\">R<\/span>c<\/strong> Den brukes til \u00e5 presse sukkerr\u00f8r, samt ingef\u00e6r, epler, sorghumpinne, maisstilk, etc. Introduserer den nyeste teknologien for \u00e5 oppn\u00e5 maksimal mengde juice. Huset og de indre rullene er designet for \u00e5 v\u00e6re 304 rustfritt st\u00e5l p\u00e5 grunn av trykkkrav.<\/p>\n<h6><strong>Garanti\u00a0<\/strong><span style=\"color: #ff0000;\"><strong>TIL<\/strong><\/span><span style=\"color: #0000ff;\"><strong>R<\/strong><\/span><strong>C 2 \u00c5R<\/strong><\/h6>\n<h6><strong>teknisk st\u00f8tte inkludert<\/strong><\/h6>","protected":false},"featured_media":2383,"comment_status":"open","ping_status":"closed","template":"","meta":{"wds_primary_product_brand":0,"wds_primary_product_cat":0},"product_brand":[],"product_cat":[65,67],"product_tag":[],"class_list":{"0":"post-2377","1":"product","2":"type-product","3":"status-publish","4":"has-post-thumbnail","6":"product_cat-maquinaria-industrial-para-procesar-fruta-verdura-panales","7":"product_cat-prensas-de-frutas-trituradoras","8":"product_shipping_class-hosteleria","10":"first","11":"instock","12":"taxable","13":"shipping-taxable","14":"purchasable","15":"product-type-simple"},"yoast_head":"<!-- This site is optimized with the Yoast SEO Premium plugin v24.9 (Yoast SEO v26.1) - https:\/\/yoast.com\/wordpress\/plugins\/seo\/ -->\n<title>Exprimidor de ca\u00f1a de az\u00facar - distribuci\u00f3n ARC<\/title>\n<meta name=\"robots\" content=\"index, follow, max-snippet:-1, max-image-preview:large, max-video-preview:-1\" \/>\n<link rel=\"canonical\" href=\"https:\/\/distribucionarc.com\/nb\/produkter\/sukkerror-juicer\/\" \/>\n<meta property=\"og:locale\" content=\"nb_NO\" \/>\n<meta property=\"og:type\" content=\"article\" \/>\n<meta property=\"og:title\" content=\"Exprimidor de ca\u00f1a de az\u00facar\" \/>\n<meta property=\"og:description\" content=\"Exprimidor de ca\u00f1a de az\u00facar Este extractor de ca\u00f1a de az\u00facar ARC se usa para exprimir ca\u00f1a de az\u00facar, as\u00ed como el jengibre, las manzanas, la barra de sorgo, el tallo de ma\u00edz, etc. Introduce la \u00faltima tecnolog\u00eda para obtener la m\u00e1xima cantidad de zumo. La carcasa y los rodillos interiores est\u00e1n dise\u00f1ados para ser de acero inoxidable 304 debido a los requisitos de presi\u00f3n. Garant\u00eda\u00a0ARC 2 A\u00d1OS soporte t\u00e9cnico\u00a0incluido\" \/>\n<meta property=\"og:url\" content=\"https:\/\/distribucionarc.com\/nb\/produkter\/sukkerror-juicer\/\" \/>\n<meta property=\"og:site_name\" content=\"distribuci\u00f3n ARC\" \/>\n<meta property=\"article:modified_time\" content=\"2023-01-12T07:14:03+00:00\" \/>\n<meta property=\"og:image\" content=\"https:\/\/distribucionarc.com\/wp-content\/uploads\/2020\/08\/Exprimidor-de-ca\u00f1a-de-az\u00facar-0.jpg\" \/>\n\t<meta property=\"og:image:width\" content=\"1600\" \/>\n\t<meta property=\"og:image:height\" content=\"1600\" \/>\n\t<meta property=\"og:image:type\" content=\"image\/jpeg\" \/>\n<meta name=\"twitter:card\" content=\"summary_large_image\" \/>\n<meta name=\"twitter:label1\" content=\"Ansl. lesetid\" \/>\n\t<meta name=\"twitter:data1\" content=\"1 minutt\" \/>\n<script type=\"application\/ld+json\" class=\"yoast-schema-graph\">{\"@context\":\"https:\/\/schema.org\",\"@graph\":[{\"@type\":\"WebPage\",\"@id\":\"https:\/\/distribucionarc.com\/en\/producto\/exprimidor-de-cana-de-azucar\/\",\"url\":\"https:\/\/distribucionarc.com\/en\/producto\/exprimidor-de-cana-de-azucar\/\",\"name\":\"Exprimidor de ca\u00f1a de az\u00facar - distribuci\u00f3n ARC\",\"isPartOf\":{\"@id\":\"https:\/\/distribucionarc.com\/bg\/#website\"},\"primaryImageOfPage\":{\"@id\":\"https:\/\/distribucionarc.com\/en\/producto\/exprimidor-de-cana-de-azucar\/#primaryimage\"},\"image\":{\"@id\":\"https:\/\/distribucionarc.com\/en\/producto\/exprimidor-de-cana-de-azucar\/#primaryimage\"},\"thumbnailUrl\":\"https:\/\/distribucionarc.com\/wp-content\/uploads\/2020\/08\/Exprimidor-de-ca\u00f1a-de-az\u00facar-0.jpg\",\"datePublished\":\"2020-08-17T11:24:54+00:00\",\"dateModified\":\"2023-01-12T07:14:03+00:00\",\"breadcrumb\":{\"@id\":\"https:\/\/distribucionarc.com\/en\/producto\/exprimidor-de-cana-de-azucar\/#breadcrumb\"},\"inLanguage\":\"nb-NO\",\"potentialAction\":[{\"@type\":\"ReadAction\",\"target\":[\"https:\/\/distribucionarc.com\/en\/producto\/exprimidor-de-cana-de-azucar\/\"]}]},{\"@type\":\"ImageObject\",\"inLanguage\":\"nb-NO\",\"@id\":\"https:\/\/distribucionarc.com\/en\/producto\/exprimidor-de-cana-de-azucar\/#primaryimage\",\"url\":\"https:\/\/distribucionarc.com\/wp-content\/uploads\/2020\/08\/Exprimidor-de-ca\u00f1a-de-az\u00facar-0.jpg\",\"contentUrl\":\"https:\/\/distribucionarc.com\/wp-content\/uploads\/2020\/08\/Exprimidor-de-ca\u00f1a-de-az\u00facar-0.jpg\",\"width\":1600,\"height\":1600,\"caption\":\"Exprimidor de ca\u00f1a de az\u00facar\"},{\"@type\":\"BreadcrumbList\",\"@id\":\"https:\/\/distribucionarc.com\/en\/producto\/exprimidor-de-cana-de-azucar\/#breadcrumb\",\"itemListElement\":[{\"@type\":\"ListItem\",\"position\":1,\"name\":\"Portada\",\"item\":\"https:\/\/distribucionarc.com\/el\/\"},{\"@type\":\"ListItem\",\"position\":2,\"name\":\"Proizvodi\",\"item\":\"https:\/\/www.distribucionarc.com\/hr\/ducan\/\"},{\"@type\":\"ListItem\",\"position\":3,\"name\":\"Exprimidor de ca\u00f1a de az\u00facar\"}]},{\"@type\":\"WebSite\",\"@id\":\"https:\/\/distribucionarc.com\/bg\/#website\",\"url\":\"https:\/\/distribucionarc.com\/bg\/\",\"name\":\"distribuci\u00f3n ARC\",\"description\":\"Empresa especializada en la fabricaci\u00f3n y distribuci\u00f3n de maquinaria industrial, selladoras de latas, Maquinas de hacer pastillas, Maquinas de cortar carne...\",\"publisher\":{\"@id\":\"https:\/\/distribucionarc.com\/bg\/#organization\"},\"potentialAction\":[{\"@type\":\"SearchAction\",\"target\":{\"@type\":\"EntryPoint\",\"urlTemplate\":\"https:\/\/distribucionarc.com\/bg\/?s={search_term_string}\"},\"query-input\":{\"@type\":\"PropertyValueSpecification\",\"valueRequired\":true,\"valueName\":\"search_term_string\"}}],\"inLanguage\":\"nb-NO\"},{\"@type\":\"Organization\",\"@id\":\"https:\/\/distribucionarc.com\/bg\/#organization\",\"name\":\"Distribuci\u00f3n ARC\",\"url\":\"https:\/\/distribucionarc.com\/bg\/\",\"logo\":{\"@type\":\"ImageObject\",\"inLanguage\":\"nb-NO\",\"@id\":\"https:\/\/distribucionarc.com\/bg\/#\/schema\/logo\/image\/\",\"url\":\"https:\/\/distribucionarc.com\/wp-content\/uploads\/2024\/10\/distribucion-ARC-COLOR-SIN-FONDO-e1732295305345.png\",\"contentUrl\":\"https:\/\/distribucionarc.com\/wp-content\/uploads\/2024\/10\/distribucion-ARC-COLOR-SIN-FONDO-e1732295305345.png\",\"width\":1164,\"height\":558,\"caption\":\"Distribuci\u00f3n ARC\"},\"image\":{\"@id\":\"https:\/\/distribucionarc.com\/bg\/#\/schema\/logo\/image\/\"},\"description\":\"Empresa especializada en la fabricaci\u00f3n y distribuci\u00f3n de maquinaria industrial para los sectores alimentario y farmac\u00e9utico. Nos especializamos en: M\u00e1quinas de cortar carne Fabricaci\u00f3n de comprimidos Sistemas de transporte industrial L\u00edneas de embotellado Dosificadores Y mucho m\u00e1s... Ofrecemos soluciones innovadoras y personalizadas para optimizar los procesos productivos de tu empresa.\",\"email\":\"Admistracion@distribucionarc.com\",\"telephone\":\"+34 643496664\",\"legalName\":\"ARC TECH SOLUTIONS\",\"foundingDate\":\"2024-04-09\",\"vatID\":\"B55480172\",\"numberOfEmployees\":{\"@type\":\"QuantitativeValue\",\"minValue\":\"1\",\"maxValue\":\"10\"}}]}<\/script>\n<!-- \/ Yoast SEO Premium plugin. -->","yoast_head_json":{"title":"Sukkerr\u00f8r juicer - ARC distribusjon","robots":{"index":"index","follow":"follow","max-snippet":"max-snippet:-1","max-image-preview":"max-image-preview:large","max-video-preview":"max-video-preview:-1"},"canonical":"https:\/\/distribucionarc.com\/nb\/produkter\/sukkerror-juicer\/","og_locale":"nb_NO","og_type":"article","og_title":"Exprimidor de ca\u00f1a de az\u00facar","og_description":"Exprimidor de ca\u00f1a de az\u00facar Este extractor de ca\u00f1a de az\u00facar ARC se usa para exprimir ca\u00f1a de az\u00facar, as\u00ed como el jengibre, las manzanas, la barra de sorgo, el tallo de ma\u00edz, etc. Introduce la \u00faltima tecnolog\u00eda para obtener la m\u00e1xima cantidad de zumo. La carcasa y los rodillos interiores est\u00e1n dise\u00f1ados para ser de acero inoxidable 304 debido a los requisitos de presi\u00f3n. Garant\u00eda\u00a0ARC 2 A\u00d1OS soporte t\u00e9cnico\u00a0incluido","og_url":"https:\/\/distribucionarc.com\/nb\/produkter\/sukkerror-juicer\/","og_site_name":"distribuci\u00f3n ARC","article_modified_time":"2023-01-12T07:14:03+00:00","og_image":[{"width":1600,"height":1600,"url":"https:\/\/distribucionarc.com\/wp-content\/uploads\/2020\/08\/Exprimidor-de-ca\u00f1a-de-az\u00facar-0.jpg","type":"image\/jpeg"}],"twitter_card":"summary_large_image","twitter_misc":{"Ansl. lesetid":"1 minutt"},"schema":{"@context":"https:\/\/schema.org","@graph":[{"@type":"WebPage","@id":"https:\/\/distribucionarc.com\/en\/producto\/exprimidor-de-cana-de-azucar\/","url":"https:\/\/distribucionarc.com\/en\/producto\/exprimidor-de-cana-de-azucar\/","name":"Sukkerr\u00f8r juicer - ARC distribusjon","isPartOf":{"@id":"https:\/\/distribucionarc.com\/bg\/#website"},"primaryImageOfPage":{"@id":"https:\/\/distribucionarc.com\/en\/producto\/exprimidor-de-cana-de-azucar\/#primaryimage"},"image":{"@id":"https:\/\/distribucionarc.com\/en\/producto\/exprimidor-de-cana-de-azucar\/#primaryimage"},"thumbnailUrl":"https:\/\/distribucionarc.com\/wp-content\/uploads\/2020\/08\/Exprimidor-de-ca\u00f1a-de-az\u00facar-0.jpg","datePublished":"2020-08-17T11:24:54+00:00","dateModified":"2023-01-12T07:14:03+00:00","breadcrumb":{"@id":"https:\/\/distribucionarc.com\/en\/producto\/exprimidor-de-cana-de-azucar\/#breadcrumb"},"inLanguage":"nb-NO","potentialAction":[{"@type":"ReadAction","target":["https:\/\/distribucionarc.com\/en\/producto\/exprimidor-de-cana-de-azucar\/"]}]},{"@type":"ImageObject","inLanguage":"nb-NO","@id":"https:\/\/distribucionarc.com\/en\/producto\/exprimidor-de-cana-de-azucar\/#primaryimage","url":"https:\/\/distribucionarc.com\/wp-content\/uploads\/2020\/08\/Exprimidor-de-ca\u00f1a-de-az\u00facar-0.jpg","contentUrl":"https:\/\/distribucionarc.com\/wp-content\/uploads\/2020\/08\/Exprimidor-de-ca\u00f1a-de-az\u00facar-0.jpg","width":1600,"height":1600,"caption":"Exprimidor de ca\u00f1a de az\u00facar"},{"@type":"BreadcrumbList","@id":"https:\/\/distribucionarc.com\/en\/producto\/exprimidor-de-cana-de-azucar\/#breadcrumb","itemListElement":[{"@type":"ListItem","position":1,"name":"Portada","item":"https:\/\/distribucionarc.com\/el\/"},{"@type":"ListItem","position":2,"name":"Proizvodi","item":"https:\/\/www.distribucionarc.com\/hr\/ducan\/"},{"@type":"ListItem","position":3,"name":"Exprimidor de ca\u00f1a de az\u00facar"}]},{"@type":"WebSite","@id":"https:\/\/distribucionarc.com\/bg\/#website","url":"https:\/\/distribucionarc.com\/bg\/","name":"ARC distribusjon","description":"Selskapet har spesialisert seg p\u00e5 produksjon og distribusjon av industrimaskiner, hermetikkboksforseglingsmaskiner, tablettmaskiner, kj\u00f8ttskj\u00e6remaskiner og...","publisher":{"@id":"https:\/\/distribucionarc.com\/bg\/#organization"},"potentialAction":[{"@type":"SearchAction","target":{"@type":"EntryPoint","urlTemplate":"https:\/\/distribucionarc.com\/bg\/?s={search_term_string}"},"query-input":{"@type":"PropertyValueSpecification","valueRequired":true,"valueName":"search_term_string"}}],"inLanguage":"nb-NO"},{"@type":"Organization","@id":"https:\/\/distribucionarc.com\/bg\/#organization","name":"ARC distribusjon","url":"https:\/\/distribucionarc.com\/bg\/","logo":{"@type":"ImageObject","inLanguage":"nb-NO","@id":"https:\/\/distribucionarc.com\/bg\/#\/schema\/logo\/image\/","url":"https:\/\/distribucionarc.com\/wp-content\/uploads\/2024\/10\/distribucion-ARC-COLOR-SIN-FONDO-e1732295305345.png","contentUrl":"https:\/\/distribucionarc.com\/wp-content\/uploads\/2024\/10\/distribucion-ARC-COLOR-SIN-FONDO-e1732295305345.png","width":1164,"height":558,"caption":"Distribuci\u00f3n ARC"},"image":{"@id":"https:\/\/distribucionarc.com\/bg\/#\/schema\/logo\/image\/"},"description":"Selskap som har spesialisert seg p\u00e5 produksjon og distribusjon av industrimaskiner til n\u00e6ringsmiddel- og farmasisektoren. Vi er spesialister p\u00e5: Kj\u00f8ttskj\u00e6remaskiner Tablettilvirkning Industrielle transportsystemer Tappelinjer Dispensere Og mye mer... Vi tilbyr innovative og skreddersydde l\u00f8sninger for \u00e5 optimalisere bedriftens produksjonsprosesser.","email":"Admistracion@distribucionarc.com","telephone":"+34 643496664","legalName":"ARC TECH SOLUTIONS","foundingDate":"2024-04-09","vatID":"B55480172","numberOfEmployees":{"@type":"QuantitativeValue","minValue":"1","maxValue":"10"}}]}},"_links":{"self":[{"href":"https:\/\/distribucionarc.com\/nb\/wp-json\/wp\/v2\/product\/2377","targetHints":{"allow":["GET"]}}],"collection":[{"href":"https:\/\/distribucionarc.com\/nb\/wp-json\/wp\/v2\/product"}],"about":[{"href":"https:\/\/distribucionarc.com\/nb\/wp-json\/wp\/v2\/types\/product"}],"replies":[{"embeddable":true,"href":"https:\/\/distribucionarc.com\/nb\/wp-json\/wp\/v2\/comments?post=2377"}],"version-history":[{"count":0,"href":"https:\/\/distribucionarc.com\/nb\/wp-json\/wp\/v2\/product\/2377\/revisions"}],"wp:featuredmedia":[{"embeddable":true,"href":"https:\/\/distribucionarc.com\/nb\/wp-json\/wp\/v2\/media\/2383"}],"wp:attachment":[{"href":"https:\/\/distribucionarc.com\/nb\/wp-json\/wp\/v2\/media?parent=2377"}],"wp:term":[{"taxonomy":"product_brand","embeddable":true,"href":"https:\/\/distribucionarc.com\/nb\/wp-json\/wp\/v2\/product_brand?post=2377"},{"taxonomy":"product_cat","embeddable":true,"href":"https:\/\/distribucionarc.com\/nb\/wp-json\/wp\/v2\/product_cat?post=2377"},{"taxonomy":"product_tag","embeddable":true,"href":"https:\/\/distribucionarc.com\/nb\/wp-json\/wp\/v2\/product_tag?post=2377"}],"curies":[{"name":"wp","href":"https:\/\/api.w.org\/{rel}","templated":true}]}}