{"id":2427,"date":"2020-08-18T10:29:11","date_gmt":"2020-08-18T10:29:11","guid":{"rendered":"https:\/\/distribucionarc.com\/?post_type=product&#038;p=2427"},"modified":"2023-07-05T16:12:33","modified_gmt":"2023-07-05T16:12:33","slug":"automatisk-potetskreller-15-20-kg","status":"publish","type":"product","link":"https:\/\/distribucionarc.com\/nb\/producto\/pelador-automatico-de-patatas-15-20-kg\/","title":{"rendered":"Automatisk potetskreller 15-20 Kg"},"content":{"rendered":"<h3>Automatisk potetskreller 15-20 Kg<\/h3>\n<p>De<strong> gr\u00f8nnsaksskreller <span style=\"color: #ff0000;\">TIL<\/span><span style=\"color: #0000ff;\">R<\/span>c<\/strong> Vedtar h\u00f8ykvalitets 201 rustfritt st\u00e5l, som ikke er rustent, ikke lett \u00e5 deformere og lett \u00e5 rengj\u00f8re med et i\u00f8ynefallende utseende. Utstyrt med en <span style=\"color: #008000;\"><strong>motor med h\u00f8y effekt<\/strong><\/span> p\u00e5 1500W, som er <span style=\"color: #008000;\"><strong>stabil og effektiv<\/strong><\/span>. <strong>Kan<\/strong> avslutning av <strong>Skrell 15-20 kg poteter p\u00e5 20 minutter<\/strong>.<\/p>\n<p>Innerveggen p\u00e5 t\u00f8nnen er laget av frostet materiale. Den nederste konvekse designen kan effektivt snu potetene for \u00e5 oppn\u00e5 360-graders skrelling av potetene.<\/p>\n<p>En presisjonsbryter er inkludert for ekstra sikkerhet, bekvemmelighet og brukervennlighet. Den gjennomsiktige eksterne skjermen beskytter bryteren effektivt. Ved \u00e5 vri p\u00e5 ventilen kan vannstr\u00f8mmen styres etter behov.<\/p>\n<p>De <strong>peeling maskin <span style=\"color: #ff0000;\">TIL<\/span><span style=\"color: #0000ff;\">R<\/span>CPAP15<\/strong> Utstyrt med en stor utl\u00f8psport for rask oppsamling av skrellede poteter; Avfallsutl\u00f8p med stor diameter for rask drenering av avfall, sparer tid og krefter; Humanisert h\u00e5ndtak og svingbare hjul for praktisk bevegelse.<\/p>\n<h6><\/h6>\n<h6>Garanti<strong>\u00a0<\/strong><span style=\"color: #ff0000;\"><strong>TIL<\/strong><\/span><span style=\"color: #0000ff;\"><strong>R<\/strong><\/span><strong>C 2 \u00c5R<\/strong><\/h6>\n<h6><span style=\"color: #008000;\">mer effektiv motor med lavt forbruk 1500W<\/span><\/h6>\n<h6>teknisk st\u00f8tte inkludert<\/h6>\n<p>&nbsp;<\/p>\n<table role=\"presentation\" width=\"100%\" cellspacing=\"0\" cellpadding=\"0\">\n<tbody>\n<tr>\n<td class=\"attrLabels\">Garanti:<\/td>\n<td width=\"50.0%\">2 \u00c5R<\/td>\n<\/tr>\n<tr>\n<td class=\"attrLabels\">Farge:<\/td>\n<td width=\"50.0%\">S\u00f8lv<\/td>\n<td class=\"attrLabels\">H\u00f8yde:<\/td>\n<td width=\"50.0%\">85 cm<\/td>\n<\/tr>\n<tr>\n<td class=\"attrLabels\">Distribusjonsland:<\/td>\n<td width=\"50.0%\">Spania, Tyskland, USA<\/td>\n<td class=\"attrLabels\">Lang:<\/td>\n<td width=\"50.0%\">55 cm<\/td>\n<\/tr>\n<tr>\n<td class=\"attrLabels\">Merke:<\/td>\n<td width=\"50.0%\">BUE<\/td>\n<td class=\"attrLabels\">Bred:<\/td>\n<td width=\"50.0%\">\u00a0 60 cm<\/td>\n<\/tr>\n<tr>\n<td class=\"attrLabels\">Produkttype:<\/td>\n<td width=\"50.0%\">Automatisk potetskreller<\/td>\n<td class=\"attrLabels\">Makt:<\/td>\n<td width=\"50.0%\">1500 W<\/td>\n<\/tr>\n<tr>\n<td class=\"attrLabels\">Produsentnummer:<\/td>\n<td width=\"50.0%\">ARCPAP15<\/td>\n<td class=\"attrLabels\">Spenning:<\/td>\n<td width=\"50.0%\">220V 60Hz<\/td>\n<\/tr>\n<tr>\n<td class=\"attrLabels\">Materiale:<\/td>\n<td width=\"50.0%\">201 rustfritt st\u00e5l, effektiv motor<\/td>\n<td class=\"attrLabels\">Produksjonskapasitet:<\/td>\n<td width=\"50.0%\">15 \u2013 20 kg<\/td>\n<\/tr>\n<tr>\n<td class=\"attrLabels\">Installasjonsverkt\u00f8y:<\/td>\n<td width=\"50.0%\">Ja<\/td>\n<td class=\"attrLabels\">Ventetid:<\/td>\n<td width=\"50.0%\">20 minutter<\/td>\n<\/tr>\n<tr>\n<td class=\"attrLabels\">Vekt:<\/td>\n<td width=\"50.0%\">56 kg<\/td>\n<td class=\"attrLabels\">Operasjon:<\/td>\n<td width=\"50.0%\">elektrisk og vann<\/td>\n<\/tr>\n<\/tbody>\n<\/table>","protected":false},"excerpt":{"rendered":"<h2>Automatisk potetskreller 15-20 Kg<\/h2>\n<p>Dette <strong>automatisk peeling maskin <span style=\"color: #ff0000;\">TIL<span style=\"color: #0000ff;\">R<\/span><\/span>c<\/strong> Den er i stand til \u00e5 skrelle og vaske forskjellige gr\u00f8nnsaker, som poteter, s\u00f8tpoteter, ingef\u00e6r, taro, etc., uten \u00e5 skade fruktkj\u00f8ttet. Effektiv peeling oppn\u00e5s ved sentrifugalrotasjon og friksjons peeling teknologier, den kan n\u00e5<strong> skrell 15 til 20 kg p\u00e5 20 minutter.<\/strong> Hele maskinen er laget av 201 rustfritt st\u00e5l for enkel rengj\u00f8ring, med styrehjul og h\u00e5ndtak for enkel bevegelse.<\/p>\n<h6>Garanti<strong>\u00a0<\/strong><span style=\"color: #ff0000;\"><strong>TIL<\/strong><\/span><span style=\"color: #0000ff;\"><strong>R<\/strong><\/span><strong>C 2 \u00c5R<\/strong><\/h6>\n<h6><span style=\"color: #008000;\">mer effektiv motor med lavt forbruk 1500W<\/span><\/h6>\n<h6>teknisk st\u00f8tte inkludert<\/h6>","protected":false},"featured_media":2434,"comment_status":"open","ping_status":"closed","template":"","meta":{"wds_primary_product_brand":0,"wds_primary_product_cat":0},"product_brand":[],"product_cat":[43,61],"product_tag":[],"class_list":{"0":"post-2427","1":"product","2":"type-product","3":"status-publish","4":"has-post-thumbnail","6":"product_cat-cortadoras-de-alimentos","7":"product_cat-peladoras-de-alimentos","8":"product_shipping_class-express","10":"first","11":"instock","12":"taxable","13":"shipping-taxable","14":"purchasable","15":"product-type-simple"},"yoast_head":"<!-- This site is optimized with the Yoast SEO Premium plugin v24.9 (Yoast SEO v26.1) - https:\/\/yoast.com\/wordpress\/plugins\/seo\/ -->\n<title>Pelador autom\u00e1tico de patatas 15-20 Kg - distribuci\u00f3n ARC<\/title>\n<meta name=\"robots\" content=\"index, follow, max-snippet:-1, max-image-preview:large, max-video-preview:-1\" \/>\n<link rel=\"canonical\" href=\"https:\/\/www.distribucionarc.com\/bg\/producto\/pelador-automatico-de-patatas-15-20-kg\/\" \/>\n<meta property=\"og:locale\" content=\"nb_NO\" \/>\n<meta property=\"og:type\" content=\"article\" \/>\n<meta property=\"og:title\" content=\"Pelador autom\u00e1tico de patatas 15-20 Kg\" \/>\n<meta property=\"og:description\" content=\"Pelador autom\u00e1tico de patatas 15-20 Kg Esta m\u00e1quina peladora autom\u00e1tica ARC es capaz de pelar y lavar varios vegetales, como papas, batatas, jengibres, taros, etc., sin da\u00f1ar su pulpa. El pelado efectivo se consigue mediante tecnolog\u00edas de rotaci\u00f3n centr\u00edfuga y de pelado por fricci\u00f3n, puede llegar a pelar de 15 a 20 kg en 20 minutos. Toda la m\u00e1quina est\u00e1 fabricada en acero inoxidable 201 para una limpieza sin esfuerzo, con ruedas giratorias y mango para un c\u00f3modo desplazamiento. Garant\u00eda\u00a0ARC 2 A\u00d1OS motor m\u00e1s eficiente bajo consumo 1500W soporte t\u00e9cnico\u00a0incluido\" \/>\n<meta property=\"og:url\" content=\"https:\/\/www.distribucionarc.com\/bg\/producto\/pelador-automatico-de-patatas-15-20-kg\/\" \/>\n<meta property=\"og:site_name\" content=\"distribuci\u00f3n ARC\" \/>\n<meta property=\"article:modified_time\" content=\"2023-07-05T16:12:33+00:00\" \/>\n<meta property=\"og:image\" content=\"https:\/\/distribucionarc.com\/wp-content\/uploads\/2020\/08\/Pelador-autom\u00e1tico-de-patatas-15-20-Kg-0.jpg\" \/>\n\t<meta property=\"og:image:width\" content=\"1600\" \/>\n\t<meta property=\"og:image:height\" content=\"1600\" \/>\n\t<meta property=\"og:image:type\" content=\"image\/jpeg\" \/>\n<meta name=\"twitter:card\" content=\"summary_large_image\" \/>\n<meta name=\"twitter:label1\" content=\"Ansl. lesetid\" \/>\n\t<meta name=\"twitter:data1\" content=\"1 minutt\" \/>\n<script type=\"application\/ld+json\" class=\"yoast-schema-graph\">{\"@context\":\"https:\/\/schema.org\",\"@graph\":[{\"@type\":\"WebPage\",\"@id\":\"https:\/\/www.distribucionarc.com\/bg\/producto\/pelador-automatico-de-patatas-15-20-kg\/\",\"url\":\"https:\/\/www.distribucionarc.com\/bg\/producto\/pelador-automatico-de-patatas-15-20-kg\/\",\"name\":\"Pelador autom\u00e1tico de patatas 15-20 Kg - distribuci\u00f3n ARC\",\"isPartOf\":{\"@id\":\"https:\/\/distribucionarc.com\/ro\/#website\"},\"primaryImageOfPage\":{\"@id\":\"https:\/\/www.distribucionarc.com\/bg\/producto\/pelador-automatico-de-patatas-15-20-kg\/#primaryimage\"},\"image\":{\"@id\":\"https:\/\/www.distribucionarc.com\/bg\/producto\/pelador-automatico-de-patatas-15-20-kg\/#primaryimage\"},\"thumbnailUrl\":\"https:\/\/distribucionarc.com\/wp-content\/uploads\/2020\/08\/Pelador-autom\u00e1tico-de-patatas-15-20-Kg-0.jpg\",\"datePublished\":\"2020-08-18T10:29:11+00:00\",\"dateModified\":\"2023-07-05T16:12:33+00:00\",\"breadcrumb\":{\"@id\":\"https:\/\/www.distribucionarc.com\/bg\/producto\/pelador-automatico-de-patatas-15-20-kg\/#breadcrumb\"},\"inLanguage\":\"nb-NO\",\"potentialAction\":[{\"@type\":\"ReadAction\",\"target\":[\"https:\/\/www.distribucionarc.com\/bg\/producto\/pelador-automatico-de-patatas-15-20-kg\/\"]}]},{\"@type\":\"ImageObject\",\"inLanguage\":\"nb-NO\",\"@id\":\"https:\/\/www.distribucionarc.com\/bg\/producto\/pelador-automatico-de-patatas-15-20-kg\/#primaryimage\",\"url\":\"https:\/\/distribucionarc.com\/wp-content\/uploads\/2020\/08\/Pelador-autom\u00e1tico-de-patatas-15-20-Kg-0.jpg\",\"contentUrl\":\"https:\/\/distribucionarc.com\/wp-content\/uploads\/2020\/08\/Pelador-autom\u00e1tico-de-patatas-15-20-Kg-0.jpg\",\"width\":1600,\"height\":1600,\"caption\":\"Pelador autom\u00e1tico de patatas 15-20 Kg\"},{\"@type\":\"BreadcrumbList\",\"@id\":\"https:\/\/www.distribucionarc.com\/bg\/producto\/pelador-automatico-de-patatas-15-20-kg\/#breadcrumb\",\"itemListElement\":[{\"@type\":\"ListItem\",\"position\":1,\"name\":\"Portada\",\"item\":\"https:\/\/distribucionarc.com\/ar\/\"},{\"@type\":\"ListItem\",\"position\":2,\"name\":\"Proizvodi\",\"item\":\"https:\/\/www.distribucionarc.com\/hr\/ducan\/\"},{\"@type\":\"ListItem\",\"position\":3,\"name\":\"Pelador autom\u00e1tico de patatas 15-20 Kg\"}]},{\"@type\":\"WebSite\",\"@id\":\"https:\/\/distribucionarc.com\/ro\/#website\",\"url\":\"https:\/\/distribucionarc.com\/ro\/\",\"name\":\"distribuci\u00f3n ARC\",\"description\":\"Empresa especializada en la fabricaci\u00f3n y distribuci\u00f3n de maquinaria industrial, selladoras de latas, Maquinas de hacer pastillas, Maquinas de cortar carne...\",\"publisher\":{\"@id\":\"https:\/\/distribucionarc.com\/ro\/#organization\"},\"potentialAction\":[{\"@type\":\"SearchAction\",\"target\":{\"@type\":\"EntryPoint\",\"urlTemplate\":\"https:\/\/distribucionarc.com\/ro\/?s={search_term_string}\"},\"query-input\":{\"@type\":\"PropertyValueSpecification\",\"valueRequired\":true,\"valueName\":\"search_term_string\"}}],\"inLanguage\":\"nb-NO\"},{\"@type\":\"Organization\",\"@id\":\"https:\/\/distribucionarc.com\/ro\/#organization\",\"name\":\"Distribuci\u00f3n ARC\",\"url\":\"https:\/\/distribucionarc.com\/ro\/\",\"logo\":{\"@type\":\"ImageObject\",\"inLanguage\":\"nb-NO\",\"@id\":\"https:\/\/distribucionarc.com\/ro\/#\/schema\/logo\/image\/\",\"url\":\"https:\/\/distribucionarc.com\/wp-content\/uploads\/2024\/10\/distribucion-ARC-COLOR-SIN-FONDO-e1732295305345.png\",\"contentUrl\":\"https:\/\/distribucionarc.com\/wp-content\/uploads\/2024\/10\/distribucion-ARC-COLOR-SIN-FONDO-e1732295305345.png\",\"width\":1164,\"height\":558,\"caption\":\"Distribuci\u00f3n ARC\"},\"image\":{\"@id\":\"https:\/\/distribucionarc.com\/ro\/#\/schema\/logo\/image\/\"},\"description\":\"Empresa especializada en la fabricaci\u00f3n y distribuci\u00f3n de maquinaria industrial para los sectores alimentario y farmac\u00e9utico. Nos especializamos en: M\u00e1quinas de cortar carne Fabricaci\u00f3n de comprimidos Sistemas de transporte industrial L\u00edneas de embotellado Dosificadores Y mucho m\u00e1s... Ofrecemos soluciones innovadoras y personalizadas para optimizar los procesos productivos de tu empresa.\",\"email\":\"Admistracion@distribucionarc.com\",\"telephone\":\"+34 643496664\",\"legalName\":\"ARC TECH SOLUTIONS\",\"foundingDate\":\"2024-04-09\",\"vatID\":\"B55480172\",\"numberOfEmployees\":{\"@type\":\"QuantitativeValue\",\"minValue\":\"1\",\"maxValue\":\"10\"}}]}<\/script>\n<!-- \/ Yoast SEO Premium plugin. -->","yoast_head_json":{"title":"Automatisk potetskreller 15-20 Kg - ARC distribusjon","robots":{"index":"index","follow":"follow","max-snippet":"max-snippet:-1","max-image-preview":"max-image-preview:large","max-video-preview":"max-video-preview:-1"},"canonical":"https:\/\/www.distribucionarc.com\/bg\/producto\/pelador-automatico-de-patatas-15-20-kg\/","og_locale":"nb_NO","og_type":"article","og_title":"Pelador autom\u00e1tico de patatas 15-20 Kg","og_description":"Pelador autom\u00e1tico de patatas 15-20 Kg Esta m\u00e1quina peladora autom\u00e1tica ARC es capaz de pelar y lavar varios vegetales, como papas, batatas, jengibres, taros, etc., sin da\u00f1ar su pulpa. El pelado efectivo se consigue mediante tecnolog\u00edas de rotaci\u00f3n centr\u00edfuga y de pelado por fricci\u00f3n, puede llegar a pelar de 15 a 20 kg en 20 minutos. Toda la m\u00e1quina est\u00e1 fabricada en acero inoxidable 201 para una limpieza sin esfuerzo, con ruedas giratorias y mango para un c\u00f3modo desplazamiento. Garant\u00eda\u00a0ARC 2 A\u00d1OS motor m\u00e1s eficiente bajo consumo 1500W soporte t\u00e9cnico\u00a0incluido","og_url":"https:\/\/www.distribucionarc.com\/bg\/producto\/pelador-automatico-de-patatas-15-20-kg\/","og_site_name":"distribuci\u00f3n ARC","article_modified_time":"2023-07-05T16:12:33+00:00","og_image":[{"width":1600,"height":1600,"url":"https:\/\/distribucionarc.com\/wp-content\/uploads\/2020\/08\/Pelador-autom\u00e1tico-de-patatas-15-20-Kg-0.jpg","type":"image\/jpeg"}],"twitter_card":"summary_large_image","twitter_misc":{"Ansl. lesetid":"1 minutt"},"schema":{"@context":"https:\/\/schema.org","@graph":[{"@type":"WebPage","@id":"https:\/\/www.distribucionarc.com\/bg\/producto\/pelador-automatico-de-patatas-15-20-kg\/","url":"https:\/\/www.distribucionarc.com\/bg\/producto\/pelador-automatico-de-patatas-15-20-kg\/","name":"Automatisk potetskreller 15-20 Kg - ARC distribusjon","isPartOf":{"@id":"https:\/\/distribucionarc.com\/ro\/#website"},"primaryImageOfPage":{"@id":"https:\/\/www.distribucionarc.com\/bg\/producto\/pelador-automatico-de-patatas-15-20-kg\/#primaryimage"},"image":{"@id":"https:\/\/www.distribucionarc.com\/bg\/producto\/pelador-automatico-de-patatas-15-20-kg\/#primaryimage"},"thumbnailUrl":"https:\/\/distribucionarc.com\/wp-content\/uploads\/2020\/08\/Pelador-autom\u00e1tico-de-patatas-15-20-Kg-0.jpg","datePublished":"2020-08-18T10:29:11+00:00","dateModified":"2023-07-05T16:12:33+00:00","breadcrumb":{"@id":"https:\/\/www.distribucionarc.com\/bg\/producto\/pelador-automatico-de-patatas-15-20-kg\/#breadcrumb"},"inLanguage":"nb-NO","potentialAction":[{"@type":"ReadAction","target":["https:\/\/www.distribucionarc.com\/bg\/producto\/pelador-automatico-de-patatas-15-20-kg\/"]}]},{"@type":"ImageObject","inLanguage":"nb-NO","@id":"https:\/\/www.distribucionarc.com\/bg\/producto\/pelador-automatico-de-patatas-15-20-kg\/#primaryimage","url":"https:\/\/distribucionarc.com\/wp-content\/uploads\/2020\/08\/Pelador-autom\u00e1tico-de-patatas-15-20-Kg-0.jpg","contentUrl":"https:\/\/distribucionarc.com\/wp-content\/uploads\/2020\/08\/Pelador-autom\u00e1tico-de-patatas-15-20-Kg-0.jpg","width":1600,"height":1600,"caption":"Pelador autom\u00e1tico de patatas 15-20 Kg"},{"@type":"BreadcrumbList","@id":"https:\/\/www.distribucionarc.com\/bg\/producto\/pelador-automatico-de-patatas-15-20-kg\/#breadcrumb","itemListElement":[{"@type":"ListItem","position":1,"name":"Portada","item":"https:\/\/distribucionarc.com\/ar\/"},{"@type":"ListItem","position":2,"name":"Proizvodi","item":"https:\/\/www.distribucionarc.com\/hr\/ducan\/"},{"@type":"ListItem","position":3,"name":"Pelador autom\u00e1tico de patatas 15-20 Kg"}]},{"@type":"WebSite","@id":"https:\/\/distribucionarc.com\/ro\/#website","url":"https:\/\/distribucionarc.com\/ro\/","name":"ARC distribusjon","description":"Selskapet har spesialisert seg p\u00e5 produksjon og distribusjon av industrimaskiner, hermetikkboksforseglingsmaskiner, tablettmaskiner, kj\u00f8ttskj\u00e6remaskiner og...","publisher":{"@id":"https:\/\/distribucionarc.com\/ro\/#organization"},"potentialAction":[{"@type":"SearchAction","target":{"@type":"EntryPoint","urlTemplate":"https:\/\/distribucionarc.com\/ro\/?s={search_term_string}"},"query-input":{"@type":"PropertyValueSpecification","valueRequired":true,"valueName":"search_term_string"}}],"inLanguage":"nb-NO"},{"@type":"Organization","@id":"https:\/\/distribucionarc.com\/ro\/#organization","name":"ARC distribusjon","url":"https:\/\/distribucionarc.com\/ro\/","logo":{"@type":"ImageObject","inLanguage":"nb-NO","@id":"https:\/\/distribucionarc.com\/ro\/#\/schema\/logo\/image\/","url":"https:\/\/distribucionarc.com\/wp-content\/uploads\/2024\/10\/distribucion-ARC-COLOR-SIN-FONDO-e1732295305345.png","contentUrl":"https:\/\/distribucionarc.com\/wp-content\/uploads\/2024\/10\/distribucion-ARC-COLOR-SIN-FONDO-e1732295305345.png","width":1164,"height":558,"caption":"Distribuci\u00f3n ARC"},"image":{"@id":"https:\/\/distribucionarc.com\/ro\/#\/schema\/logo\/image\/"},"description":"Selskap som har spesialisert seg p\u00e5 produksjon og distribusjon av industrimaskiner til n\u00e6ringsmiddel- og farmasisektoren. Vi er spesialister p\u00e5: Kj\u00f8ttskj\u00e6remaskiner Tablettilvirkning Industrielle transportsystemer Tappelinjer Dispensere Og mye mer... Vi tilbyr innovative og skreddersydde l\u00f8sninger for \u00e5 optimalisere bedriftens produksjonsprosesser.","email":"Admistracion@distribucionarc.com","telephone":"+34 643496664","legalName":"ARC TECH SOLUTIONS","foundingDate":"2024-04-09","vatID":"B55480172","numberOfEmployees":{"@type":"QuantitativeValue","minValue":"1","maxValue":"10"}}]}},"_links":{"self":[{"href":"https:\/\/distribucionarc.com\/nb\/wp-json\/wp\/v2\/product\/2427","targetHints":{"allow":["GET"]}}],"collection":[{"href":"https:\/\/distribucionarc.com\/nb\/wp-json\/wp\/v2\/product"}],"about":[{"href":"https:\/\/distribucionarc.com\/nb\/wp-json\/wp\/v2\/types\/product"}],"replies":[{"embeddable":true,"href":"https:\/\/distribucionarc.com\/nb\/wp-json\/wp\/v2\/comments?post=2427"}],"version-history":[{"count":0,"href":"https:\/\/distribucionarc.com\/nb\/wp-json\/wp\/v2\/product\/2427\/revisions"}],"wp:featuredmedia":[{"embeddable":true,"href":"https:\/\/distribucionarc.com\/nb\/wp-json\/wp\/v2\/media\/2434"}],"wp:attachment":[{"href":"https:\/\/distribucionarc.com\/nb\/wp-json\/wp\/v2\/media?parent=2427"}],"wp:term":[{"taxonomy":"product_brand","embeddable":true,"href":"https:\/\/distribucionarc.com\/nb\/wp-json\/wp\/v2\/product_brand?post=2427"},{"taxonomy":"product_cat","embeddable":true,"href":"https:\/\/distribucionarc.com\/nb\/wp-json\/wp\/v2\/product_cat?post=2427"},{"taxonomy":"product_tag","embeddable":true,"href":"https:\/\/distribucionarc.com\/nb\/wp-json\/wp\/v2\/product_tag?post=2427"}],"curies":[{"name":"wp","href":"https:\/\/api.w.org\/{rel}","templated":true}]}}