{"id":2506,"date":"2020-08-19T13:18:12","date_gmt":"2020-08-19T13:18:12","guid":{"rendered":"https:\/\/distribucionarc.com\/?post_type=product&#038;p=2506"},"modified":"2020-10-01T08:15:28","modified_gmt":"2020-10-01T08:15:28","slug":"pafyllingsflaskedispenser-med-visp-og-temperaturkontroll-50-ml-%f0%9f%94%9b-500-ml","status":"publish","type":"product","link":"https:\/\/distribucionarc.com\/nb\/producto\/dosificadora-embotelladora-llenadora-con-batidor-y-control-de-temperatura-50-ml-%f0%9f%94%9b-500-ml\/","title":{"rendered":"Dispenser, Tapping, Fyller med Visp og temperaturkontroll 50 ml? 500 ml"},"content":{"rendered":"<h3>Dispenser, Tapping, Fyller med Visp og temperaturkontroll 50 ml? 500 ml<\/h3>\n<p>&nbsp;<\/p>\n<p>Denne maskinen er perfekt for\u00a0<strong>m\u00e5le produkter som syltet\u00f8y eller sauser som krever en visp<\/strong> \/ agitator slik at produktet er i kontinuerlig bevegelse har motor med justerbar hastighet?\ufe0f det er viktig \u00e5 regulere hastigheten for \u00e5 tilpasse den til ditt produkt. De<strong> tapper <span style=\"color: #ff0000;\">TIL<\/span><span style=\"color: #0000ff;\">R<\/span>CDECT500<\/strong> har <strong>temperaturkontroll<\/strong> til <strong>fremskynde fyllingsprosessen<\/strong> i tillegg til <strong>sikre mindre oksygenering av produktet<\/strong> For bedre \u00e5 bevare smaken og egenskapene er denne maskinen laget av 316 rustfritt st\u00e5l, materialer av topp kvalitet er brukt slik at dispenseren oppfyller v\u00e5re krevende kvalitetskrav.<\/p>\n<p>Tapperen er designet av moduler. Ved sammenbrudd eller feil gir vi deg den komplette modulen for utskifting, vi gir deg teknisk st\u00f8tte og vi har 2 \u00e5rs garanti.<\/p>\n<p>Den har CE-sertifikat<\/p>\n<p>I denne videoen viser vi deg maskinen i drift<\/p>\n<ul>\n<li>Temperaturkontroll 0\u00baC \u2013 200\u00baC<\/li>\n<li>Robust roterende ventilsystemdesign.<\/li>\n<li>Fylling med pneumatisk stempel.<\/li>\n<li>Stempelmatingshastigheten er justerbar.<\/li>\n<li>Justerbart hode med anti-drypp system.<\/li>\n<li>Fyllingsn\u00f8yaktighet (+\/- 1%)<\/li>\n<li>Enkelt vedlikehold og rengj\u00f8ring.<\/li>\n<li>Matkvalitets rustfritt st\u00e5l.<\/li>\n<li>Veldig enkel \u00e5 betjene.<\/li>\n<li>Pneumatiske deler enkle \u00e5 montere og demontere.<\/li>\n<li>Automatisk og halvautomatisk fyllebryter.<\/li>\n<li>Lufttrykkm\u00e5ler.<\/li>\n<li>Justerbar fyllevolum og hastighet.<\/li>\n<\/ul>\n<ul>\n<li>\n<ul>\n<li>Fyllingsomr\u00e5de: 50 \u2796 500 ml.<\/li>\n<li>Beholderkapasitet: 30 L.<\/li>\n<li>Hastighet opp til: 30 flasker\/min.<\/li>\n<li>P\u00e5fyllingshode: enkelt munnstykke.<\/li>\n<li>Maskinmateriale: 304\/316 rustfritt st\u00e5l.<\/li>\n<li>2\ufe0f\u20e3 \u00c5RS GARANTI<\/li>\n<li>Teknisk st\u00f8tte<\/li>\n<\/ul>\n<\/li>\n<\/ul>","protected":false},"excerpt":{"rendered":"<h2>Dispenser, Tapping, Fyller med Visp og temperaturkontroll 50 ml? 500 ml<\/h2>\n<p><strong>V\u00e6skefyllingsmaskin<\/strong> sv\u00e6rt tyktflytende halvautomatisk, drevet av et pneumatisk stempel, produsert med materialer av topp kvalitet. Utstyrt med fem ventiler som styrer flyten av produkter. Struktur med overlegen design og alle modeller er enkle \u00e5 betjene. Dette <strong>dispenser<\/strong> har<strong> temperaturkontroll (0\u00baC \u2013 200\u00baC)<\/strong> i beholderen for<strong> fremskynde fyllingsprosessen<\/strong> i tillegg til \u00e5 sikre mindre oksygenering av produktet til <strong>bedre bevare egenskapene og smaken<\/strong>. Alle kontaktmaterialer som brukes er 316 rustfritt st\u00e5l i henhold til GMP-krav. Volummengde og fyllingshastighet kan reguleres med stor presisjon.<\/p>\n<p>&nbsp;<\/p>","protected":false},"featured_media":2507,"comment_status":"open","ping_status":"closed","template":"","meta":{"wds_primary_product_brand":0,"wds_primary_product_cat":0},"product_brand":[],"product_cat":[18,19],"product_tag":[],"class_list":{"0":"post-2506","1":"product","2":"type-product","3":"status-publish","4":"has-post-thumbnail","6":"product_cat-dosificadoras","7":"product_cat-dosificadoras-de-liquidos","8":"product_shipping_class-express","10":"first","11":"instock","12":"sale","13":"taxable","14":"shipping-taxable","15":"purchasable","16":"product-type-simple"},"yoast_head":"<!-- This site is optimized with the Yoast SEO Premium plugin v24.9 (Yoast SEO v26.1) - https:\/\/yoast.com\/wordpress\/plugins\/seo\/ -->\n<title>Dosificadora, Embotelladora, Llenadora con Batidor y control de temperatura 50 ml ? 500 ml - distribuci\u00f3n ARC<\/title>\n<meta name=\"robots\" content=\"index, follow, max-snippet:-1, max-image-preview:large, max-video-preview:-1\" \/>\n<link rel=\"canonical\" href=\"https:\/\/distribucionarc.com\/nb\/produkter\/pafyllingsflaskedispenser-med-visp-og-temperaturkontroll-50-ml-\ud83d\udd1b-500-ml\/\" \/>\n<meta property=\"og:locale\" content=\"nb_NO\" \/>\n<meta property=\"og:type\" content=\"article\" \/>\n<meta property=\"og:title\" content=\"Dosificadora, Embotelladora, Llenadora con Batidor y control de temperatura 50 ml ? 500 ml\" \/>\n<meta property=\"og:description\" content=\"Dosificadora, Embotelladora, Llenadora con Batidor y control de temperatura 50 ml ? 500 ml M\u00e1quina para llenado de l\u00edquidos muy viscosos semi automatica, impulsada por un pist\u00f3n neum\u00e1tico, fabricada con materiales de primera calidad. Equipada con cinco v\u00e1lvulas que controlan el flujo de los productos. Estructura con dise\u00f1o superior y todos los modelos son f\u00e1ciles de operar. Esta dosificadora dispone de control de temperatura (0\u00baC - 200\u00baC) en la tolva para acelerar el proceso de llenado adem\u00e1s de\u00a0 asegurar una menor oxigenaci\u00f3n del producto para conservar mejor sus propiedades y sabor. Todos los materiales de contacto utilizados, son de acero inoxidable 316 de acuerdo con los requisitos de GMP. La cantidad de volumen y la velocidad de llenado pueden ser regulados con una gran precisi\u00f3n.  &nbsp;\" \/>\n<meta property=\"og:url\" content=\"https:\/\/distribucionarc.com\/nb\/produkter\/pafyllingsflaskedispenser-med-visp-og-temperaturkontroll-50-ml-\ud83d\udd1b-500-ml\/\" \/>\n<meta property=\"og:site_name\" content=\"distribuci\u00f3n ARC\" \/>\n<meta property=\"article:modified_time\" content=\"2020-10-01T08:15:28+00:00\" \/>\n<meta property=\"og:image\" content=\"https:\/\/distribucionarc.com\/wp-content\/uploads\/2020\/08\/Dosificadora-Embotelladora-Llenadora-con-Batidor-y-control-de-temperatura-50-ml-500-ml-0.jpg\" \/>\n\t<meta property=\"og:image:width\" content=\"1600\" \/>\n\t<meta property=\"og:image:height\" content=\"1600\" \/>\n\t<meta property=\"og:image:type\" content=\"image\/jpeg\" \/>\n<meta name=\"twitter:card\" content=\"summary_large_image\" \/>\n<meta name=\"twitter:label1\" content=\"Ansl. lesetid\" \/>\n\t<meta name=\"twitter:data1\" content=\"1 minutt\" \/>\n<script type=\"application\/ld+json\" class=\"yoast-schema-graph\">{\"@context\":\"https:\/\/schema.org\",\"@graph\":[{\"@type\":\"WebPage\",\"@id\":\"https:\/\/distribucionarc.com\/sl\/producto\/dosificadora-embotelladora-llenadora-con-batidor-y-control-de-temperatura-50-ml-%f0%9f%94%9b-500-ml\/\",\"url\":\"https:\/\/distribucionarc.com\/sl\/producto\/dosificadora-embotelladora-llenadora-con-batidor-y-control-de-temperatura-50-ml-%f0%9f%94%9b-500-ml\/\",\"name\":\"Dosificadora, Embotelladora, Llenadora con Batidor y control de temperatura 50 ml ? 500 ml - distribuci\u00f3n ARC\",\"isPartOf\":{\"@id\":\"https:\/\/www.distribucionarc.com\/sl\/#website\"},\"primaryImageOfPage\":{\"@id\":\"https:\/\/distribucionarc.com\/sl\/producto\/dosificadora-embotelladora-llenadora-con-batidor-y-control-de-temperatura-50-ml-%f0%9f%94%9b-500-ml\/#primaryimage\"},\"image\":{\"@id\":\"https:\/\/distribucionarc.com\/sl\/producto\/dosificadora-embotelladora-llenadora-con-batidor-y-control-de-temperatura-50-ml-%f0%9f%94%9b-500-ml\/#primaryimage\"},\"thumbnailUrl\":\"https:\/\/distribucionarc.com\/wp-content\/uploads\/2020\/08\/Dosificadora-Embotelladora-Llenadora-con-Batidor-y-control-de-temperatura-50-ml-500-ml-0.jpg\",\"datePublished\":\"2020-08-19T13:18:12+00:00\",\"dateModified\":\"2020-10-01T08:15:28+00:00\",\"breadcrumb\":{\"@id\":\"https:\/\/distribucionarc.com\/sl\/producto\/dosificadora-embotelladora-llenadora-con-batidor-y-control-de-temperatura-50-ml-%f0%9f%94%9b-500-ml\/#breadcrumb\"},\"inLanguage\":\"nb-NO\",\"potentialAction\":[{\"@type\":\"ReadAction\",\"target\":[\"https:\/\/distribucionarc.com\/sl\/producto\/dosificadora-embotelladora-llenadora-con-batidor-y-control-de-temperatura-50-ml-%f0%9f%94%9b-500-ml\/\"]}]},{\"@type\":\"ImageObject\",\"inLanguage\":\"nb-NO\",\"@id\":\"https:\/\/distribucionarc.com\/sl\/producto\/dosificadora-embotelladora-llenadora-con-batidor-y-control-de-temperatura-50-ml-%f0%9f%94%9b-500-ml\/#primaryimage\",\"url\":\"https:\/\/distribucionarc.com\/wp-content\/uploads\/2020\/08\/Dosificadora-Embotelladora-Llenadora-con-Batidor-y-control-de-temperatura-50-ml-500-ml-0.jpg\",\"contentUrl\":\"https:\/\/distribucionarc.com\/wp-content\/uploads\/2020\/08\/Dosificadora-Embotelladora-Llenadora-con-Batidor-y-control-de-temperatura-50-ml-500-ml-0.jpg\",\"width\":1600,\"height\":1600,\"caption\":\"Dosificadora, Embotelladora, Llenadora con Batidor y control de temperatura 50 ml 500 ml\"},{\"@type\":\"BreadcrumbList\",\"@id\":\"https:\/\/distribucionarc.com\/sl\/producto\/dosificadora-embotelladora-llenadora-con-batidor-y-control-de-temperatura-50-ml-%f0%9f%94%9b-500-ml\/#breadcrumb\",\"itemListElement\":[{\"@type\":\"ListItem\",\"position\":1,\"name\":\"Portada\",\"item\":\"https:\/\/www.distribucionarc.com\/\"},{\"@type\":\"ListItem\",\"position\":2,\"name\":\"\u00dcr\u00fcnler\",\"item\":\"https:\/\/www.distribucionarc.com\/tr\/magaza\/\"},{\"@type\":\"ListItem\",\"position\":3,\"name\":\"Dosificadora, Embotelladora, Llenadora con Batidor y control de temperatura 50 ml ? 500 ml\"}]},{\"@type\":\"WebSite\",\"@id\":\"https:\/\/www.distribucionarc.com\/sl\/#website\",\"url\":\"https:\/\/www.distribucionarc.com\/sl\/\",\"name\":\"distribuci\u00f3n ARC\",\"description\":\"Empresa especializada en la fabricaci\u00f3n y distribuci\u00f3n de maquinaria industrial, selladoras de latas, Maquinas de hacer pastillas, Maquinas de cortar carne...\",\"publisher\":{\"@id\":\"https:\/\/www.distribucionarc.com\/sl\/#organization\"},\"potentialAction\":[{\"@type\":\"SearchAction\",\"target\":{\"@type\":\"EntryPoint\",\"urlTemplate\":\"https:\/\/www.distribucionarc.com\/sl\/?s={search_term_string}\"},\"query-input\":{\"@type\":\"PropertyValueSpecification\",\"valueRequired\":true,\"valueName\":\"search_term_string\"}}],\"inLanguage\":\"nb-NO\"},{\"@type\":\"Organization\",\"@id\":\"https:\/\/www.distribucionarc.com\/sl\/#organization\",\"name\":\"Distribuci\u00f3n ARC\",\"url\":\"https:\/\/www.distribucionarc.com\/sl\/\",\"logo\":{\"@type\":\"ImageObject\",\"inLanguage\":\"nb-NO\",\"@id\":\"https:\/\/www.distribucionarc.com\/sl\/#\/schema\/logo\/image\/\",\"url\":\"https:\/\/distribucionarc.com\/wp-content\/uploads\/2024\/10\/distribucion-ARC-COLOR-SIN-FONDO-e1732295305345.png\",\"contentUrl\":\"https:\/\/distribucionarc.com\/wp-content\/uploads\/2024\/10\/distribucion-ARC-COLOR-SIN-FONDO-e1732295305345.png\",\"width\":1164,\"height\":558,\"caption\":\"Distribuci\u00f3n ARC\"},\"image\":{\"@id\":\"https:\/\/www.distribucionarc.com\/sl\/#\/schema\/logo\/image\/\"},\"description\":\"Empresa especializada en la fabricaci\u00f3n y distribuci\u00f3n de maquinaria industrial para los sectores alimentario y farmac\u00e9utico. Nos especializamos en: M\u00e1quinas de cortar carne Fabricaci\u00f3n de comprimidos Sistemas de transporte industrial L\u00edneas de embotellado Dosificadores Y mucho m\u00e1s... Ofrecemos soluciones innovadoras y personalizadas para optimizar los procesos productivos de tu empresa.\",\"email\":\"Admistracion@distribucionarc.com\",\"telephone\":\"+34 643496664\",\"legalName\":\"ARC TECH SOLUTIONS\",\"foundingDate\":\"2024-04-09\",\"vatID\":\"B55480172\",\"numberOfEmployees\":{\"@type\":\"QuantitativeValue\",\"minValue\":\"1\",\"maxValue\":\"10\"}}]}<\/script>\n<!-- \/ Yoast SEO Premium plugin. -->","yoast_head_json":{"title":"Dispenser, Tapping, Fyller med Visp og temperaturkontroll 50 ml? 500 ml - ARC-fordeling","robots":{"index":"index","follow":"follow","max-snippet":"max-snippet:-1","max-image-preview":"max-image-preview:large","max-video-preview":"max-video-preview:-1"},"canonical":"https:\/\/distribucionarc.com\/nb\/produkter\/pafyllingsflaskedispenser-med-visp-og-temperaturkontroll-50-ml-\ud83d\udd1b-500-ml\/","og_locale":"nb_NO","og_type":"article","og_title":"Dosificadora, Embotelladora, Llenadora con Batidor y control de temperatura 50 ml ? 500 ml","og_description":"Dosificadora, Embotelladora, Llenadora con Batidor y control de temperatura 50 ml ? 500 ml M\u00e1quina para llenado de l\u00edquidos muy viscosos semi automatica, impulsada por un pist\u00f3n neum\u00e1tico, fabricada con materiales de primera calidad. Equipada con cinco v\u00e1lvulas que controlan el flujo de los productos. Estructura con dise\u00f1o superior y todos los modelos son f\u00e1ciles de operar. Esta dosificadora dispone de control de temperatura (0\u00baC - 200\u00baC) en la tolva para acelerar el proceso de llenado adem\u00e1s de\u00a0 asegurar una menor oxigenaci\u00f3n del producto para conservar mejor sus propiedades y sabor. Todos los materiales de contacto utilizados, son de acero inoxidable 316 de acuerdo con los requisitos de GMP. La cantidad de volumen y la velocidad de llenado pueden ser regulados con una gran precisi\u00f3n.  &nbsp;","og_url":"https:\/\/distribucionarc.com\/nb\/produkter\/pafyllingsflaskedispenser-med-visp-og-temperaturkontroll-50-ml-\ud83d\udd1b-500-ml\/","og_site_name":"distribuci\u00f3n ARC","article_modified_time":"2020-10-01T08:15:28+00:00","og_image":[{"width":1600,"height":1600,"url":"https:\/\/distribucionarc.com\/wp-content\/uploads\/2020\/08\/Dosificadora-Embotelladora-Llenadora-con-Batidor-y-control-de-temperatura-50-ml-500-ml-0.jpg","type":"image\/jpeg"}],"twitter_card":"summary_large_image","twitter_misc":{"Ansl. lesetid":"1 minutt"},"schema":{"@context":"https:\/\/schema.org","@graph":[{"@type":"WebPage","@id":"https:\/\/distribucionarc.com\/sl\/producto\/dosificadora-embotelladora-llenadora-con-batidor-y-control-de-temperatura-50-ml-%f0%9f%94%9b-500-ml\/","url":"https:\/\/distribucionarc.com\/sl\/producto\/dosificadora-embotelladora-llenadora-con-batidor-y-control-de-temperatura-50-ml-%f0%9f%94%9b-500-ml\/","name":"Dispenser, Tapping, Fyller med Visp og temperaturkontroll 50 ml? 500 ml - ARC-fordeling","isPartOf":{"@id":"https:\/\/www.distribucionarc.com\/sl\/#website"},"primaryImageOfPage":{"@id":"https:\/\/distribucionarc.com\/sl\/producto\/dosificadora-embotelladora-llenadora-con-batidor-y-control-de-temperatura-50-ml-%f0%9f%94%9b-500-ml\/#primaryimage"},"image":{"@id":"https:\/\/distribucionarc.com\/sl\/producto\/dosificadora-embotelladora-llenadora-con-batidor-y-control-de-temperatura-50-ml-%f0%9f%94%9b-500-ml\/#primaryimage"},"thumbnailUrl":"https:\/\/distribucionarc.com\/wp-content\/uploads\/2020\/08\/Dosificadora-Embotelladora-Llenadora-con-Batidor-y-control-de-temperatura-50-ml-500-ml-0.jpg","datePublished":"2020-08-19T13:18:12+00:00","dateModified":"2020-10-01T08:15:28+00:00","breadcrumb":{"@id":"https:\/\/distribucionarc.com\/sl\/producto\/dosificadora-embotelladora-llenadora-con-batidor-y-control-de-temperatura-50-ml-%f0%9f%94%9b-500-ml\/#breadcrumb"},"inLanguage":"nb-NO","potentialAction":[{"@type":"ReadAction","target":["https:\/\/distribucionarc.com\/sl\/producto\/dosificadora-embotelladora-llenadora-con-batidor-y-control-de-temperatura-50-ml-%f0%9f%94%9b-500-ml\/"]}]},{"@type":"ImageObject","inLanguage":"nb-NO","@id":"https:\/\/distribucionarc.com\/sl\/producto\/dosificadora-embotelladora-llenadora-con-batidor-y-control-de-temperatura-50-ml-%f0%9f%94%9b-500-ml\/#primaryimage","url":"https:\/\/distribucionarc.com\/wp-content\/uploads\/2020\/08\/Dosificadora-Embotelladora-Llenadora-con-Batidor-y-control-de-temperatura-50-ml-500-ml-0.jpg","contentUrl":"https:\/\/distribucionarc.com\/wp-content\/uploads\/2020\/08\/Dosificadora-Embotelladora-Llenadora-con-Batidor-y-control-de-temperatura-50-ml-500-ml-0.jpg","width":1600,"height":1600,"caption":"Dosificadora, Embotelladora, Llenadora con Batidor y control de temperatura 50 ml 500 ml"},{"@type":"BreadcrumbList","@id":"https:\/\/distribucionarc.com\/sl\/producto\/dosificadora-embotelladora-llenadora-con-batidor-y-control-de-temperatura-50-ml-%f0%9f%94%9b-500-ml\/#breadcrumb","itemListElement":[{"@type":"ListItem","position":1,"name":"Portada","item":"https:\/\/www.distribucionarc.com\/"},{"@type":"ListItem","position":2,"name":"\u00dcr\u00fcnler","item":"https:\/\/www.distribucionarc.com\/tr\/magaza\/"},{"@type":"ListItem","position":3,"name":"Dosificadora, Embotelladora, Llenadora con Batidor y control de temperatura 50 ml ? 500 ml"}]},{"@type":"WebSite","@id":"https:\/\/www.distribucionarc.com\/sl\/#website","url":"https:\/\/www.distribucionarc.com\/sl\/","name":"ARC distribusjon","description":"Selskapet har spesialisert seg p\u00e5 produksjon og distribusjon av industrimaskiner, hermetikkboksforseglingsmaskiner, tablettmaskiner, kj\u00f8ttskj\u00e6remaskiner og...","publisher":{"@id":"https:\/\/www.distribucionarc.com\/sl\/#organization"},"potentialAction":[{"@type":"SearchAction","target":{"@type":"EntryPoint","urlTemplate":"https:\/\/www.distribucionarc.com\/sl\/?s={search_term_string}"},"query-input":{"@type":"PropertyValueSpecification","valueRequired":true,"valueName":"search_term_string"}}],"inLanguage":"nb-NO"},{"@type":"Organization","@id":"https:\/\/www.distribucionarc.com\/sl\/#organization","name":"ARC distribusjon","url":"https:\/\/www.distribucionarc.com\/sl\/","logo":{"@type":"ImageObject","inLanguage":"nb-NO","@id":"https:\/\/www.distribucionarc.com\/sl\/#\/schema\/logo\/image\/","url":"https:\/\/distribucionarc.com\/wp-content\/uploads\/2024\/10\/distribucion-ARC-COLOR-SIN-FONDO-e1732295305345.png","contentUrl":"https:\/\/distribucionarc.com\/wp-content\/uploads\/2024\/10\/distribucion-ARC-COLOR-SIN-FONDO-e1732295305345.png","width":1164,"height":558,"caption":"Distribuci\u00f3n ARC"},"image":{"@id":"https:\/\/www.distribucionarc.com\/sl\/#\/schema\/logo\/image\/"},"description":"Selskap som har spesialisert seg p\u00e5 produksjon og distribusjon av industrimaskiner til n\u00e6ringsmiddel- og farmasisektoren. Vi er spesialister p\u00e5: Kj\u00f8ttskj\u00e6remaskiner Tablettilvirkning Industrielle transportsystemer Tappelinjer Dispensere Og mye mer... Vi tilbyr innovative og skreddersydde l\u00f8sninger for \u00e5 optimalisere bedriftens produksjonsprosesser.","email":"Admistracion@distribucionarc.com","telephone":"+34 643496664","legalName":"ARC TECH SOLUTIONS","foundingDate":"2024-04-09","vatID":"B55480172","numberOfEmployees":{"@type":"QuantitativeValue","minValue":"1","maxValue":"10"}}]}},"_links":{"self":[{"href":"https:\/\/distribucionarc.com\/nb\/wp-json\/wp\/v2\/product\/2506","targetHints":{"allow":["GET"]}}],"collection":[{"href":"https:\/\/distribucionarc.com\/nb\/wp-json\/wp\/v2\/product"}],"about":[{"href":"https:\/\/distribucionarc.com\/nb\/wp-json\/wp\/v2\/types\/product"}],"replies":[{"embeddable":true,"href":"https:\/\/distribucionarc.com\/nb\/wp-json\/wp\/v2\/comments?post=2506"}],"version-history":[{"count":0,"href":"https:\/\/distribucionarc.com\/nb\/wp-json\/wp\/v2\/product\/2506\/revisions"}],"wp:featuredmedia":[{"embeddable":true,"href":"https:\/\/distribucionarc.com\/nb\/wp-json\/wp\/v2\/media\/2507"}],"wp:attachment":[{"href":"https:\/\/distribucionarc.com\/nb\/wp-json\/wp\/v2\/media?parent=2506"}],"wp:term":[{"taxonomy":"product_brand","embeddable":true,"href":"https:\/\/distribucionarc.com\/nb\/wp-json\/wp\/v2\/product_brand?post=2506"},{"taxonomy":"product_cat","embeddable":true,"href":"https:\/\/distribucionarc.com\/nb\/wp-json\/wp\/v2\/product_cat?post=2506"},{"taxonomy":"product_tag","embeddable":true,"href":"https:\/\/distribucionarc.com\/nb\/wp-json\/wp\/v2\/product_tag?post=2506"}],"curies":[{"name":"wp","href":"https:\/\/api.w.org\/{rel}","templated":true}]}}