{"id":2636,"date":"2020-08-19T22:50:01","date_gmt":"2020-08-19T22:50:01","guid":{"rendered":"https:\/\/distribucionarc.com\/?post_type=product&#038;p=2636"},"modified":"2023-06-05T10:23:40","modified_gmt":"2023-06-05T10:23:40","slug":"dispenser-for-juice-og-kalde-drikker-4-2","status":"publish","type":"product","link":"https:\/\/distribucionarc.com\/nb\/producto\/dispensador-de-zumo-y-bebidas-frias-4\/","title":{"rendered":"Dispenser for saft og kald drikke 4"},"content":{"rendered":"<h2>Dispenser for saft og kald drikke<\/h2>\n<p>Dette\u00a0<strong>elektrisk dispenser<\/strong>\u00a0av\u00a0<strong><span style=\"color: #ff0000;\">TIL<\/span><span style=\"color: #0000ff;\">R<\/span>c<\/strong>\u00a0passer for begge\u00a0<strong>kalde drikker<\/strong>\u00a0som\u00a0<strong>varm<\/strong>, slik som soyamelk, smoothie, cocktail, yoghurt, kaffe, etc. De<strong>\u00a0dispensermaskin<\/strong>\u00a0Den passer for cateringfirmaer, restaurantkjeder, butikker, hoteller, etc.<\/p>\n<p>Selskapets BPA-frie, slagfaste PC-emballasje av matvarekvalitet\u00a0<strong>juice dispenser<\/strong>\u00a0av\u00a0<strong><span style=\"color: #ff0000;\">TIL<\/span><span style=\"color: #0000ff;\">R<\/span>c<\/strong>\u00a0De skiller seg fra skj\u00f8re ABS\/AS-tanker. Kroppen til kalddrikkedispenseren er laget av 3 lag, noe som hjelper den til \u00e5 bli mer sl\u00e5ende og gir den st\u00f8rre stivhet. Fordamper i rustfritt st\u00e5l for utmerket kj\u00f8leeffekt.<\/p>\n<p><strong>Drikkedispenser<\/strong> med <strong>4 tanker \u00e1 12L hver <\/strong>(per tank, kompakt og samtidig kraftig. Forst\u00f8rrede r\u00f8reverk gir mer effektiv 360\u00b0 omr\u00f8ring. Gummitetninger hjelper til med \u00e5 bevare produktet og forhindrer at det lekker ut.<\/p>\n<p>Han\u00a0<strong>kald drikkedispenser <span style=\"color: #ff0000;\">TIL<\/span><span style=\"color: #0000ff;\">R<\/span>CDZE4<\/strong>. Den bruker full kobberr\u00f8rskj\u00f8lekondensator og h\u00f8yytelseskompressor og sikrer rask kj\u00f8ling og oppvarming. Den kj\u00f8ler mellom 5-12 \u2103 ved bruk av kun 100 W forbruk, med konstant temperaturkontroll. Den raske ytelsen vil ikke bare hjelpe deg med \u00e5 optimalisere produksjonen, men ogs\u00e5<strong>\u00a0<span style=\"color: #008000;\">fremmer lavt energiforbruk<\/span><\/strong>.\u00a0<strong>\u00a0Drikkeautomaten<\/strong>\u00a0Den har separate brytere for uavhengig styring av blanding, kj\u00f8ling og oppvarming. Blandebryteren bidrar til \u00e5 forhindre sediment i bunnen av tanken.<\/p>\n<p>Den har et dryppbrett som enkelt kan demonteres for enkel rengj\u00f8ring; Spesialdesignede fj\u00e6rbelastede drikkeuttak for enkel bruk; Flere lufteventiler for rask varmeavledning.<\/p>\n<p>&nbsp;<\/p>\n<h6><strong>Garanti\u00a0<span style=\"color: #ff0000;\">TIL<\/span><span style=\"color: #0000ff;\">R<\/span>C 2 \u00c5R<\/strong><\/h6>\n<h6><span style=\"color: #008000;\">Effektiv juice- og kalddrikkedispenser, lavt forbruk 400w<\/span><\/h6>\n<h6><strong>teknisk st\u00f8tte inkludert.<\/strong><\/h6>\n<p>&nbsp;<\/p>\n<p>&nbsp;<\/p>\n<table role=\"presentation\" width=\"100%\" cellspacing=\"0\" cellpadding=\"0\">\n<tbody>\n<tr>\n<td class=\"attrLabels\">Temperatur:<\/td>\n<td width=\"50.0%\">Kaldt: 5 \u2013 12 \u00baC<\/td>\n<\/tr>\n<tr>\n<td class=\"attrLabels\">Distribusjonsland:<\/td>\n<td width=\"50.0%\">Spania, Tyskland, USA<\/td>\n<td class=\"attrLabels\">Vekt:<\/td>\n<td width=\"50.0%\">37,6 kg<\/td>\n<\/tr>\n<tr>\n<td class=\"attrLabels\">Merke:<\/td>\n<td width=\"50.0%\">BUE<\/td>\n<td class=\"attrLabels\">H\u00f8yde:<\/td>\n<td width=\"50.0%\">25,6 cm<\/td>\n<\/tr>\n<tr>\n<td class=\"attrLabels\">Farge:<\/td>\n<td width=\"50.0%\">S\u00f8lv<\/td>\n<td class=\"attrLabels\">Lang:<\/td>\n<td width=\"50.0%\">24&quot;<\/td>\n<\/tr>\n<tr>\n<td class=\"attrLabels\">Produkttype:<\/td>\n<td width=\"50.0%\">Drikkedispenser<\/td>\n<td class=\"attrLabels\">Bred:<\/td>\n<td width=\"50.0%\">48,6 cm<\/td>\n<\/tr>\n<tr>\n<td class=\"attrLabels\">Produsentnummer:<\/td>\n<td width=\"50.0%\">ARCDZE4<\/td>\n<td class=\"attrLabels\">Makt:<\/td>\n<td width=\"50.0%\">Kald: 100W<\/p>\n<p>Varmt: 400W<\/td>\n<\/tr>\n<tr>\n<td class=\"attrLabels\">Materiale:<\/td>\n<td width=\"50.0%\">rustfritt st\u00e5l, temperaturkontroll, BPA fri PC<\/td>\n<td class=\"attrLabels\">inngangsspenning<\/td>\n<td width=\"50.0%\">220V \u2013 50Hz<\/td>\n<\/tr>\n<tr>\n<td class=\"attrLabels\">Rom:<\/td>\n<td width=\"50.0%\">\u00a04<\/td>\n<td class=\"attrLabels\">Hyttest\u00f8rrelse:<\/td>\n<td width=\"50.0%\">82 x 33 x 10 cm for hvert niv\u00e5<\/td>\n<\/tr>\n<tr>\n<td class=\"attrLabels\">Installasjonsverkt\u00f8y:<\/td>\n<td width=\"50.0%\">Ja<\/td>\n<td class=\"attrLabels\">Garanti:<\/td>\n<td width=\"50.0%\">2 \u00c5R<\/td>\n<\/tr>\n<\/tbody>\n<\/table>","protected":false},"excerpt":{"rendered":"<h3>Dispenser for saft og kald drikke<\/h3>\n<p>Han\u00a0<strong>Dispensere for varme og kalde drikker<\/strong>\u00a0av\u00a0<strong><span style=\"color: #ff0000;\">TIL<\/span><span style=\"color: #0000ff;\">R<\/span>c<\/strong>, med en kapasitet p\u00e5 <strong>48L<\/strong>\u00a0de\u00a0<strong>kald drikkeautomat<\/strong> Den har 4 tanker p\u00e5 12L hver, den <strong><span style=\"color: #ff0000;\">TIL<\/span><span style=\"color: #0000ff;\">R<\/span>CDZE4<\/strong>\u00a0Den genererer utmerket ytelse, elegant utseende og veldig enkel \u00e5 bruke. Forst\u00f8rret kran for fruktfibre og korn med smak. Ta vare p\u00e5 kundene dine med dette\u00a0<strong>elegant drikkedispenser<\/strong>\u00a0Dens f\u00f8rsteklasses finish og brukervennlighet gj\u00f8r den til et uunnv\u00e6rlig produkt. BPA-fri PC-tank, f\u00f8rsteklasses maskinhus i rustfritt st\u00e5l og rygglakkert forbinding danner et slitesterkt og lett \u00e5 rengj\u00f8re helsevern. En assistent med tilstrekkelig kapasitet til \u00e5 dekke daglige behov.\u00a0<strong>Dispenser\u00a0<span style=\"color: #ff0000;\">TIL<\/span><span style=\"color: #0000ff;\">R<\/span>c<\/strong>\u00a0h\u00f8y kvalitet.<\/p>\n<h6><\/h6>\n<h6><strong>Garanti\u00a0<span style=\"color: #ff0000;\">TIL<\/span><span style=\"color: #0000ff;\">R<\/span>C 2 \u00c5R<\/strong><\/h6>\n<h6><span style=\"color: #008000;\">Effektiv juice- og kalddrikkedispenser, lavt forbruk 400w<\/span><\/h6>\n<h6><strong>teknisk st\u00f8tte inkludert.<\/strong><\/h6>","protected":false},"featured_media":6025,"comment_status":"open","ping_status":"closed","template":"","meta":{"wds_primary_product_brand":0,"wds_primary_product_cat":0},"product_brand":[],"product_cat":[57],"product_tag":[],"class_list":{"0":"post-2636","1":"product","2":"type-product","3":"status-publish","4":"has-post-thumbnail","6":"product_cat-dosificadores-dispensadores","7":"product_shipping_class-hosteleria","9":"first","10":"instock","11":"sale","12":"taxable","13":"shipping-taxable","14":"purchasable","15":"product-type-simple"},"yoast_head":"<!-- This site is optimized with the Yoast SEO Premium plugin v24.9 (Yoast SEO v26.1) - https:\/\/yoast.com\/wordpress\/plugins\/seo\/ -->\n<title>Dispensador de zumo y bebidas fr\u00edas 4 - distribuci\u00f3n ARC<\/title>\n<meta name=\"robots\" content=\"index, follow, max-snippet:-1, max-image-preview:large, max-video-preview:-1\" \/>\n<link rel=\"canonical\" href=\"https:\/\/distribucionarc.com\/nb\/produkter\/dispenser-for-juice-og-kalde-drikker-4-2\/\" \/>\n<meta property=\"og:locale\" content=\"nb_NO\" \/>\n<meta property=\"og:type\" content=\"article\" \/>\n<meta property=\"og:title\" content=\"Dispensador de zumo y bebidas fr\u00edas 4\" \/>\n<meta property=\"og:description\" content=\"Dispensador de zumo y bebidas fr\u00edas El\u00a0Dispensadores para bebidas fr\u00edas y calientes\u00a0de\u00a0ARC, con una capacidad de 48\u00a0L\u00a0la\u00a0m\u00e1quina expendedora de bebidas fr\u00edas cuenta con 4 tanques de 12L cada uno , la ARCDZE4\u00a0genera un excelente rendimiento, de aspecto elegante y muy f\u00e1cil de usar. Grifo agrandado para fibras de frutas y granos saborizados. Cuide a sus clientes con este\u00a0elegante Dispensador para bebidas\u00a0sus acabados de primera\u00a0 y facilidad de uso lo convierten en un producto indispensable. El tanque de PC sin BPA, el cuerpo de la m\u00e1quina de acero inoxidable de primera clase y el ap\u00f3sito pintado hacia atr\u00e1s forman un protector de salud resistente al desgaste y sencillo de limpiar. Un ayudante con capacidad suficiente para cubrir las necesidades diarias.\u00a0Dispensador\u00a0ARC\u00a0de alta calidad.  Garant\u00eda\u00a0ARC 2 A\u00d1OS Dispensador zumos y bebidas fr\u00edas eficiente, bajo consumo 400w soporte t\u00e9cnico incluido.\" \/>\n<meta property=\"og:url\" content=\"https:\/\/distribucionarc.com\/nb\/produkter\/dispenser-for-juice-og-kalde-drikker-4-2\/\" \/>\n<meta property=\"og:site_name\" content=\"distribuci\u00f3n ARC\" \/>\n<meta property=\"article:modified_time\" content=\"2023-06-05T10:23:40+00:00\" \/>\n<meta property=\"og:image\" content=\"https:\/\/distribucionarc.com\/wp-content\/uploads\/2020\/08\/Dispensador-de-zumo-y-bebidas-frias-4.jpg\" \/>\n\t<meta property=\"og:image:width\" content=\"1600\" \/>\n\t<meta property=\"og:image:height\" content=\"1600\" \/>\n\t<meta property=\"og:image:type\" content=\"image\/jpeg\" \/>\n<meta name=\"twitter:card\" content=\"summary_large_image\" \/>\n<meta name=\"twitter:label1\" content=\"Ansl. lesetid\" \/>\n\t<meta name=\"twitter:data1\" content=\"2 minutter\" \/>\n<script type=\"application\/ld+json\" class=\"yoast-schema-graph\">{\"@context\":\"https:\/\/schema.org\",\"@graph\":[{\"@type\":\"WebPage\",\"@id\":\"https:\/\/distribucionarc.com\/nl\/producto\/dispensador-de-zumo-y-bebidas-frias-4\/\",\"url\":\"https:\/\/distribucionarc.com\/nl\/producto\/dispensador-de-zumo-y-bebidas-frias-4\/\",\"name\":\"Dispensador de zumo y bebidas fr\u00edas 4 - distribuci\u00f3n ARC\",\"isPartOf\":{\"@id\":\"https:\/\/distribucionarc.com\/de\/#website\"},\"primaryImageOfPage\":{\"@id\":\"https:\/\/distribucionarc.com\/nl\/producto\/dispensador-de-zumo-y-bebidas-frias-4\/#primaryimage\"},\"image\":{\"@id\":\"https:\/\/distribucionarc.com\/nl\/producto\/dispensador-de-zumo-y-bebidas-frias-4\/#primaryimage\"},\"thumbnailUrl\":\"https:\/\/distribucionarc.com\/wp-content\/uploads\/2020\/08\/Dispensador-de-zumo-y-bebidas-frias-4.jpg\",\"datePublished\":\"2020-08-19T22:50:01+00:00\",\"dateModified\":\"2023-06-05T10:23:40+00:00\",\"breadcrumb\":{\"@id\":\"https:\/\/distribucionarc.com\/nl\/producto\/dispensador-de-zumo-y-bebidas-frias-4\/#breadcrumb\"},\"inLanguage\":\"nb-NO\",\"potentialAction\":[{\"@type\":\"ReadAction\",\"target\":[\"https:\/\/distribucionarc.com\/nl\/producto\/dispensador-de-zumo-y-bebidas-frias-4\/\"]}]},{\"@type\":\"ImageObject\",\"inLanguage\":\"nb-NO\",\"@id\":\"https:\/\/distribucionarc.com\/nl\/producto\/dispensador-de-zumo-y-bebidas-frias-4\/#primaryimage\",\"url\":\"https:\/\/distribucionarc.com\/wp-content\/uploads\/2020\/08\/Dispensador-de-zumo-y-bebidas-frias-4.jpg\",\"contentUrl\":\"https:\/\/distribucionarc.com\/wp-content\/uploads\/2020\/08\/Dispensador-de-zumo-y-bebidas-frias-4.jpg\",\"width\":1600,\"height\":1600},{\"@type\":\"BreadcrumbList\",\"@id\":\"https:\/\/distribucionarc.com\/nl\/producto\/dispensador-de-zumo-y-bebidas-frias-4\/#breadcrumb\",\"itemListElement\":[{\"@type\":\"ListItem\",\"position\":1,\"name\":\"Portada\",\"item\":\"https:\/\/distribucionarc.com\/pl\/\"},{\"@type\":\"ListItem\",\"position\":2,\"name\":\"Produkty\",\"item\":\"https:\/\/distribucionarc.com\/pl\/shop\/\"},{\"@type\":\"ListItem\",\"position\":3,\"name\":\"Dispensador de zumo y bebidas fr\u00edas 4\"}]},{\"@type\":\"WebSite\",\"@id\":\"https:\/\/distribucionarc.com\/de\/#website\",\"url\":\"https:\/\/distribucionarc.com\/de\/\",\"name\":\"distribuci\u00f3n ARC\",\"description\":\"Empresa especializada en la fabricaci\u00f3n y distribuci\u00f3n de maquinaria industrial, selladoras de latas, Maquinas de hacer pastillas, Maquinas de cortar carne...\",\"publisher\":{\"@id\":\"https:\/\/distribucionarc.com\/de\/#organization\"},\"potentialAction\":[{\"@type\":\"SearchAction\",\"target\":{\"@type\":\"EntryPoint\",\"urlTemplate\":\"https:\/\/distribucionarc.com\/de\/?s={search_term_string}\"},\"query-input\":{\"@type\":\"PropertyValueSpecification\",\"valueRequired\":true,\"valueName\":\"search_term_string\"}}],\"inLanguage\":\"nb-NO\"},{\"@type\":\"Organization\",\"@id\":\"https:\/\/distribucionarc.com\/de\/#organization\",\"name\":\"Distribuci\u00f3n ARC\",\"url\":\"https:\/\/distribucionarc.com\/de\/\",\"logo\":{\"@type\":\"ImageObject\",\"inLanguage\":\"nb-NO\",\"@id\":\"https:\/\/distribucionarc.com\/de\/#\/schema\/logo\/image\/\",\"url\":\"https:\/\/distribucionarc.com\/wp-content\/uploads\/2024\/10\/distribucion-ARC-COLOR-SIN-FONDO-e1732295305345.png\",\"contentUrl\":\"https:\/\/distribucionarc.com\/wp-content\/uploads\/2024\/10\/distribucion-ARC-COLOR-SIN-FONDO-e1732295305345.png\",\"width\":1164,\"height\":558,\"caption\":\"Distribuci\u00f3n ARC\"},\"image\":{\"@id\":\"https:\/\/distribucionarc.com\/de\/#\/schema\/logo\/image\/\"},\"description\":\"Empresa especializada en la fabricaci\u00f3n y distribuci\u00f3n de maquinaria industrial para los sectores alimentario y farmac\u00e9utico. Nos especializamos en: M\u00e1quinas de cortar carne Fabricaci\u00f3n de comprimidos Sistemas de transporte industrial L\u00edneas de embotellado Dosificadores Y mucho m\u00e1s... Ofrecemos soluciones innovadoras y personalizadas para optimizar los procesos productivos de tu empresa.\",\"email\":\"Admistracion@distribucionarc.com\",\"telephone\":\"+34 643496664\",\"legalName\":\"ARC TECH SOLUTIONS\",\"foundingDate\":\"2024-04-09\",\"vatID\":\"B55480172\",\"numberOfEmployees\":{\"@type\":\"QuantitativeValue\",\"minValue\":\"1\",\"maxValue\":\"10\"}}]}<\/script>\n<!-- \/ Yoast SEO Premium plugin. -->","yoast_head_json":{"title":"Juice- og kalddrikkedispenser 4 - ARC distribusjon","robots":{"index":"index","follow":"follow","max-snippet":"max-snippet:-1","max-image-preview":"max-image-preview:large","max-video-preview":"max-video-preview:-1"},"canonical":"https:\/\/distribucionarc.com\/nb\/produkter\/dispenser-for-juice-og-kalde-drikker-4-2\/","og_locale":"nb_NO","og_type":"article","og_title":"Dispensador de zumo y bebidas fr\u00edas 4","og_description":"Dispensador de zumo y bebidas fr\u00edas El\u00a0Dispensadores para bebidas fr\u00edas y calientes\u00a0de\u00a0ARC, con una capacidad de 48\u00a0L\u00a0la\u00a0m\u00e1quina expendedora de bebidas fr\u00edas cuenta con 4 tanques de 12L cada uno , la ARCDZE4\u00a0genera un excelente rendimiento, de aspecto elegante y muy f\u00e1cil de usar. Grifo agrandado para fibras de frutas y granos saborizados. Cuide a sus clientes con este\u00a0elegante Dispensador para bebidas\u00a0sus acabados de primera\u00a0 y facilidad de uso lo convierten en un producto indispensable. El tanque de PC sin BPA, el cuerpo de la m\u00e1quina de acero inoxidable de primera clase y el ap\u00f3sito pintado hacia atr\u00e1s forman un protector de salud resistente al desgaste y sencillo de limpiar. Un ayudante con capacidad suficiente para cubrir las necesidades diarias.\u00a0Dispensador\u00a0ARC\u00a0de alta calidad.  Garant\u00eda\u00a0ARC 2 A\u00d1OS Dispensador zumos y bebidas fr\u00edas eficiente, bajo consumo 400w soporte t\u00e9cnico incluido.","og_url":"https:\/\/distribucionarc.com\/nb\/produkter\/dispenser-for-juice-og-kalde-drikker-4-2\/","og_site_name":"distribuci\u00f3n ARC","article_modified_time":"2023-06-05T10:23:40+00:00","og_image":[{"width":1600,"height":1600,"url":"https:\/\/distribucionarc.com\/wp-content\/uploads\/2020\/08\/Dispensador-de-zumo-y-bebidas-frias-4.jpg","type":"image\/jpeg"}],"twitter_card":"summary_large_image","twitter_misc":{"Ansl. lesetid":"2 minutter"},"schema":{"@context":"https:\/\/schema.org","@graph":[{"@type":"WebPage","@id":"https:\/\/distribucionarc.com\/nl\/producto\/dispensador-de-zumo-y-bebidas-frias-4\/","url":"https:\/\/distribucionarc.com\/nl\/producto\/dispensador-de-zumo-y-bebidas-frias-4\/","name":"Juice- og kalddrikkedispenser 4 - ARC distribusjon","isPartOf":{"@id":"https:\/\/distribucionarc.com\/de\/#website"},"primaryImageOfPage":{"@id":"https:\/\/distribucionarc.com\/nl\/producto\/dispensador-de-zumo-y-bebidas-frias-4\/#primaryimage"},"image":{"@id":"https:\/\/distribucionarc.com\/nl\/producto\/dispensador-de-zumo-y-bebidas-frias-4\/#primaryimage"},"thumbnailUrl":"https:\/\/distribucionarc.com\/wp-content\/uploads\/2020\/08\/Dispensador-de-zumo-y-bebidas-frias-4.jpg","datePublished":"2020-08-19T22:50:01+00:00","dateModified":"2023-06-05T10:23:40+00:00","breadcrumb":{"@id":"https:\/\/distribucionarc.com\/nl\/producto\/dispensador-de-zumo-y-bebidas-frias-4\/#breadcrumb"},"inLanguage":"nb-NO","potentialAction":[{"@type":"ReadAction","target":["https:\/\/distribucionarc.com\/nl\/producto\/dispensador-de-zumo-y-bebidas-frias-4\/"]}]},{"@type":"ImageObject","inLanguage":"nb-NO","@id":"https:\/\/distribucionarc.com\/nl\/producto\/dispensador-de-zumo-y-bebidas-frias-4\/#primaryimage","url":"https:\/\/distribucionarc.com\/wp-content\/uploads\/2020\/08\/Dispensador-de-zumo-y-bebidas-frias-4.jpg","contentUrl":"https:\/\/distribucionarc.com\/wp-content\/uploads\/2020\/08\/Dispensador-de-zumo-y-bebidas-frias-4.jpg","width":1600,"height":1600},{"@type":"BreadcrumbList","@id":"https:\/\/distribucionarc.com\/nl\/producto\/dispensador-de-zumo-y-bebidas-frias-4\/#breadcrumb","itemListElement":[{"@type":"ListItem","position":1,"name":"Portada","item":"https:\/\/distribucionarc.com\/pl\/"},{"@type":"ListItem","position":2,"name":"Produkty","item":"https:\/\/distribucionarc.com\/pl\/shop\/"},{"@type":"ListItem","position":3,"name":"Dispensador de zumo y bebidas fr\u00edas 4"}]},{"@type":"WebSite","@id":"https:\/\/distribucionarc.com\/de\/#website","url":"https:\/\/distribucionarc.com\/de\/","name":"ARC distribusjon","description":"Selskapet har spesialisert seg p\u00e5 produksjon og distribusjon av industrimaskiner, hermetikkboksforseglingsmaskiner, tablettmaskiner, kj\u00f8ttskj\u00e6remaskiner og...","publisher":{"@id":"https:\/\/distribucionarc.com\/de\/#organization"},"potentialAction":[{"@type":"SearchAction","target":{"@type":"EntryPoint","urlTemplate":"https:\/\/distribucionarc.com\/de\/?s={search_term_string}"},"query-input":{"@type":"PropertyValueSpecification","valueRequired":true,"valueName":"search_term_string"}}],"inLanguage":"nb-NO"},{"@type":"Organization","@id":"https:\/\/distribucionarc.com\/de\/#organization","name":"ARC distribusjon","url":"https:\/\/distribucionarc.com\/de\/","logo":{"@type":"ImageObject","inLanguage":"nb-NO","@id":"https:\/\/distribucionarc.com\/de\/#\/schema\/logo\/image\/","url":"https:\/\/distribucionarc.com\/wp-content\/uploads\/2024\/10\/distribucion-ARC-COLOR-SIN-FONDO-e1732295305345.png","contentUrl":"https:\/\/distribucionarc.com\/wp-content\/uploads\/2024\/10\/distribucion-ARC-COLOR-SIN-FONDO-e1732295305345.png","width":1164,"height":558,"caption":"Distribuci\u00f3n ARC"},"image":{"@id":"https:\/\/distribucionarc.com\/de\/#\/schema\/logo\/image\/"},"description":"Selskap som har spesialisert seg p\u00e5 produksjon og distribusjon av industrimaskiner til n\u00e6ringsmiddel- og farmasisektoren. Vi er spesialister p\u00e5: Kj\u00f8ttskj\u00e6remaskiner Tablettilvirkning Industrielle transportsystemer Tappelinjer Dispensere Og mye mer... Vi tilbyr innovative og skreddersydde l\u00f8sninger for \u00e5 optimalisere bedriftens produksjonsprosesser.","email":"Admistracion@distribucionarc.com","telephone":"+34 643496664","legalName":"ARC TECH SOLUTIONS","foundingDate":"2024-04-09","vatID":"B55480172","numberOfEmployees":{"@type":"QuantitativeValue","minValue":"1","maxValue":"10"}}]}},"_links":{"self":[{"href":"https:\/\/distribucionarc.com\/nb\/wp-json\/wp\/v2\/product\/2636","targetHints":{"allow":["GET"]}}],"collection":[{"href":"https:\/\/distribucionarc.com\/nb\/wp-json\/wp\/v2\/product"}],"about":[{"href":"https:\/\/distribucionarc.com\/nb\/wp-json\/wp\/v2\/types\/product"}],"replies":[{"embeddable":true,"href":"https:\/\/distribucionarc.com\/nb\/wp-json\/wp\/v2\/comments?post=2636"}],"version-history":[{"count":0,"href":"https:\/\/distribucionarc.com\/nb\/wp-json\/wp\/v2\/product\/2636\/revisions"}],"wp:featuredmedia":[{"embeddable":true,"href":"https:\/\/distribucionarc.com\/nb\/wp-json\/wp\/v2\/media\/6025"}],"wp:attachment":[{"href":"https:\/\/distribucionarc.com\/nb\/wp-json\/wp\/v2\/media?parent=2636"}],"wp:term":[{"taxonomy":"product_brand","embeddable":true,"href":"https:\/\/distribucionarc.com\/nb\/wp-json\/wp\/v2\/product_brand?post=2636"},{"taxonomy":"product_cat","embeddable":true,"href":"https:\/\/distribucionarc.com\/nb\/wp-json\/wp\/v2\/product_cat?post=2636"},{"taxonomy":"product_tag","embeddable":true,"href":"https:\/\/distribucionarc.com\/nb\/wp-json\/wp\/v2\/product_tag?post=2636"}],"curies":[{"name":"wp","href":"https:\/\/api.w.org\/{rel}","templated":true}]}}