{"id":2665,"date":"2020-08-20T10:37:15","date_gmt":"2020-08-20T10:37:15","guid":{"rendered":"https:\/\/distribucionarc.com\/?post_type=product&#038;p=2665"},"modified":"2020-10-08T15:02:12","modified_gmt":"2020-10-08T15:02:12","slug":"polsevisning","status":"publish","type":"product","link":"https:\/\/distribucionarc.com\/nb\/producto\/expositor-para-perritos-calientes\/","title":{"rendered":"P\u00f8lsevisning"},"content":{"rendered":"<h3>P\u00f8lsevisning<\/h3>\n<p>Kroppen til <strong>P\u00f8lsevarmer <span style=\"color: #ff0000;\">TIL<\/span><span style=\"color: #0000ff;\">R<\/span>c<\/strong> Den er laget av matkvalitet 304 rustfritt st\u00e5l, meget motstandsdyktig mot rust, robust og lett \u00e5 rengj\u00f8re. Skuffene og d\u00f8rene er avtagbare for enkel rengj\u00f8ring i vasken eller oppvaskmaskinen.<\/p>\n<p>Plasser til p\u00f8lser og p\u00f8lser i alle st\u00f8rrelser, og bevarer dem p\u00e5 best mulig m\u00e5te for \u00e5 tilfredsstille kundene dine.<\/p>\n<p>De<strong> p\u00f8lsemontre <span style=\"color: #ff0000;\">TIL<\/span><span style=\"color: #0000ff;\">R<\/span>CVCP3<\/strong> Den vil varsle deg med en LED-indikator n\u00e5r vannstanden er lav, <strong>stor isolasjon<\/strong> sikrer lange perioder med arbeid utend\u00f8rs eller innend\u00f8rs.  Dens forsiktige utseende gj\u00f8r den veldig <strong>treffer p\u00e5 flere meters avstand<\/strong>, enkel \u00e5 bruke og behagelig \u00e5 bruke takket v\u00e6re lett tilgjengelige skyved\u00f8rer.<\/p>\n<h6><strong>Garanti\u00a0<span style=\"color: #ff0000;\">TIL<\/span><span style=\"color: #0000ff;\">R<\/span>c<\/strong><strong>\u00a02 \u00c5R<\/strong><\/h6>\n<h6><span style=\"color: #008000;\">Effektiv p\u00f8lsevarmer, lavt forbruk 1350w<\/span><\/h6>\n<h6><strong>teknisk st\u00f8tte inkludert<\/strong><\/h6>\n<p>&nbsp;<\/p>\n<p>&nbsp;<\/p>\n<table width=\"100%\">\n<tbody>\n<tr>\n<td>Merke:<\/td>\n<td width=\"32%\">BUE<\/td>\n<td>Vekt:<\/td>\n<td width=\"30%\">10 kg<\/td>\n<\/tr>\n<tr>\n<td>Distribusjonsland:<\/td>\n<td width=\"32%\">Spania, Tyskland, USA<\/td>\n<td>H\u00f8yde:<\/td>\n<td width=\"30%\">61,3 cm<\/td>\n<\/tr>\n<tr>\n<td>Farge:<\/td>\n<td width=\"32%\">S\u00f8lv<\/td>\n<td>Lang:<\/td>\n<td width=\"30%\">34,7 cm<\/td>\n<\/tr>\n<tr>\n<td>Produkttype:<\/td>\n<td width=\"32%\">P\u00f8lsevarmer<\/td>\n<td>Bred:<\/td>\n<td width=\"30%\">40,8 cm<\/td>\n<\/tr>\n<tr>\n<td>Produsentnummer:<\/td>\n<td width=\"32%\">ARCVCP3<\/td>\n<td>Makt:<\/td>\n<td width=\"30%\">1350W<\/td>\n<\/tr>\n<tr>\n<td>Materiale:<\/td>\n<td width=\"32%\">Rustfritt st\u00e5l, temperaturkontroll, termisk glass<\/td>\n<td>Garanti:<\/td>\n<td width=\"30%\">2 \u00c5R<\/td>\n<\/tr>\n<tr>\n<td>Temperaturomr\u00e5de:<\/td>\n<td width=\"32%\">30 \u2013 110 C\u00ba<\/td>\n<td>Installasjonsverkt\u00f8y:<\/td>\n<td width=\"30%\">Ja<\/td>\n<\/tr>\n<\/tbody>\n<\/table>","protected":false},"excerpt":{"rendered":"<h2>P\u00f8lsevisning<\/h2>\n<p>Dette <strong>P\u00f8lsemontre <span style=\"color: #ff0000;\">TIL<\/span><span style=\"color: #0000ff;\">R<\/span>c <\/strong>Profesjonell for lange tjenester, den er ideell for mange arrangementer og anledninger...messer, kafeer, fester, gatekj\u00f8kken, festivaler og mye mer. Varmer opp maten jevnt og holder maten frisk i lang tid. Varmebestandig herdet glass vil holde maten p\u00e5 riktig temperatur <strong>bevarer glansen og smaken for \u00e5 vekke appetitten til kundene dine.<\/strong> Dens elegante tradisjonelle design gj\u00f8r den synlig p\u00e5 stor avstand, den har <span style=\"color: #008000;\"><strong>en effektiv motor med lavt forbruk.<\/strong><\/span> Krever lite montering for enkel transport<\/p>\n<h6><strong>Garanti\u00a0<span style=\"color: #ff0000;\">TIL<\/span><span style=\"color: #0000ff;\">R<\/span>c<\/strong><strong>\u00a02 \u00c5R<\/strong><\/h6>\n<h6><span style=\"color: #008000;\">Effektiv p\u00f8lsevarmer, lavt forbruk 1350w<\/span><\/h6>\n<h6><strong>teknisk st\u00f8tte inkludert<\/strong><\/h6>","protected":false},"featured_media":2672,"comment_status":"open","ping_status":"closed","template":"","meta":{"wds_primary_product_brand":0,"wds_primary_product_cat":0},"product_brand":[],"product_cat":[56,41],"product_tag":[],"class_list":{"0":"post-2665","1":"product","2":"type-product","3":"status-publish","4":"has-post-thumbnail","6":"product_cat-maquinaria-para-ferias","7":"product_cat-expositor-de-alimentos","8":"product_shipping_class-hosteleria","10":"first","11":"instock","12":"sale","13":"taxable","14":"shipping-taxable","15":"purchasable","16":"product-type-simple"},"yoast_head":"<!-- This site is optimized with the Yoast SEO Premium plugin v24.9 (Yoast SEO v26.1) - https:\/\/yoast.com\/wordpress\/plugins\/seo\/ -->\n<title>Expositor para perritos calientes - distribuci\u00f3n ARC<\/title>\n<meta name=\"robots\" content=\"index, follow, max-snippet:-1, max-image-preview:large, max-video-preview:-1\" \/>\n<link rel=\"canonical\" href=\"https:\/\/www.distribucionarc.com\/en\/producto\/expositor-para-perritos-calientes\/\" \/>\n<meta property=\"og:locale\" content=\"nb_NO\" \/>\n<meta property=\"og:type\" content=\"article\" \/>\n<meta property=\"og:title\" content=\"Expositor para perritos calientes\" \/>\n<meta property=\"og:description\" content=\"Expositor para perritos calientes Este Vitrina para perritos calientes ARC profesional para largos servicios, es ideal para muchos eventos y ocasiones...ferias, cafeter\u00edas, fiestas, restaurantes de comida r\u00e1pida, festivales y mucho m\u00e1s. Calienta los alimentos uniformemente y mantiene el sabor fresco de los alimentos durante mucho tiempo. Los cristales templados resistentes al calor conservar\u00e1n los alimentos a la temperatura adecuada conservando su brillo y sabor para despertar el apetito de sus clientes. Su elegante dise\u00f1o tradicional la hace visible a gran distancia, cuenta con un motor eficiente de bajo consumo. Requiere de poco montaje para facilitar su transporte Garant\u00eda\u00a0ARC\u00a02 A\u00d1OS Calentador de perritos calientes eficiente, bajo consumo 1350w soporte t\u00e9cnico incluido\" \/>\n<meta property=\"og:url\" content=\"https:\/\/www.distribucionarc.com\/en\/producto\/expositor-para-perritos-calientes\/\" \/>\n<meta property=\"og:site_name\" content=\"distribuci\u00f3n ARC\" \/>\n<meta property=\"article:modified_time\" content=\"2020-10-08T15:02:12+00:00\" \/>\n<meta property=\"og:image\" content=\"https:\/\/www.distribucionarc.com\/wp-content\/uploads\/2020\/08\/Expositor-para-perritos-calientes-0.jpg\" \/>\n\t<meta property=\"og:image:width\" content=\"1001\" \/>\n\t<meta property=\"og:image:height\" content=\"1001\" \/>\n\t<meta property=\"og:image:type\" content=\"image\/jpeg\" \/>\n<meta name=\"twitter:card\" content=\"summary_large_image\" \/>\n<meta name=\"twitter:label1\" content=\"Ansl. lesetid\" \/>\n\t<meta name=\"twitter:data1\" content=\"1 minutt\" \/>\n<script type=\"application\/ld+json\" class=\"yoast-schema-graph\">{\"@context\":\"https:\/\/schema.org\",\"@graph\":[{\"@type\":\"WebPage\",\"@id\":\"https:\/\/www.distribucionarc.com\/en\/producto\/expositor-para-perritos-calientes\/\",\"url\":\"https:\/\/www.distribucionarc.com\/en\/producto\/expositor-para-perritos-calientes\/\",\"name\":\"Expositor para perritos calientes - distribuci\u00f3n ARC\",\"isPartOf\":{\"@id\":\"https:\/\/distribucionarc.com\/de\/#website\"},\"primaryImageOfPage\":{\"@id\":\"https:\/\/www.distribucionarc.com\/en\/producto\/expositor-para-perritos-calientes\/#primaryimage\"},\"image\":{\"@id\":\"https:\/\/www.distribucionarc.com\/en\/producto\/expositor-para-perritos-calientes\/#primaryimage\"},\"thumbnailUrl\":\"https:\/\/distribucionarc.com\/wp-content\/uploads\/2020\/08\/Expositor-para-perritos-calientes-0.jpg\",\"datePublished\":\"2020-08-20T10:37:15+00:00\",\"dateModified\":\"2020-10-08T15:02:12+00:00\",\"breadcrumb\":{\"@id\":\"https:\/\/www.distribucionarc.com\/en\/producto\/expositor-para-perritos-calientes\/#breadcrumb\"},\"inLanguage\":\"nb-NO\",\"potentialAction\":[{\"@type\":\"ReadAction\",\"target\":[\"https:\/\/www.distribucionarc.com\/en\/producto\/expositor-para-perritos-calientes\/\"]}]},{\"@type\":\"ImageObject\",\"inLanguage\":\"nb-NO\",\"@id\":\"https:\/\/www.distribucionarc.com\/en\/producto\/expositor-para-perritos-calientes\/#primaryimage\",\"url\":\"https:\/\/distribucionarc.com\/wp-content\/uploads\/2020\/08\/Expositor-para-perritos-calientes-0.jpg\",\"contentUrl\":\"https:\/\/distribucionarc.com\/wp-content\/uploads\/2020\/08\/Expositor-para-perritos-calientes-0.jpg\",\"width\":1001,\"height\":1001,\"caption\":\"Expositor para perritos calientes\"},{\"@type\":\"BreadcrumbList\",\"@id\":\"https:\/\/www.distribucionarc.com\/en\/producto\/expositor-para-perritos-calientes\/#breadcrumb\",\"itemListElement\":[{\"@type\":\"ListItem\",\"position\":1,\"name\":\"Portada\",\"item\":\"https:\/\/distribucionarc.com\/pl\/\"},{\"@type\":\"ListItem\",\"position\":2,\"name\":\"Produkty\",\"item\":\"https:\/\/distribucionarc.com\/pl\/shop\/\"},{\"@type\":\"ListItem\",\"position\":3,\"name\":\"Expositor para perritos calientes\"}]},{\"@type\":\"WebSite\",\"@id\":\"https:\/\/distribucionarc.com\/de\/#website\",\"url\":\"https:\/\/distribucionarc.com\/de\/\",\"name\":\"distribuci\u00f3n ARC\",\"description\":\"Empresa especializada en la fabricaci\u00f3n y distribuci\u00f3n de maquinaria industrial, selladoras de latas, Maquinas de hacer pastillas, Maquinas de cortar carne...\",\"publisher\":{\"@id\":\"https:\/\/distribucionarc.com\/de\/#organization\"},\"potentialAction\":[{\"@type\":\"SearchAction\",\"target\":{\"@type\":\"EntryPoint\",\"urlTemplate\":\"https:\/\/distribucionarc.com\/de\/?s={search_term_string}\"},\"query-input\":{\"@type\":\"PropertyValueSpecification\",\"valueRequired\":true,\"valueName\":\"search_term_string\"}}],\"inLanguage\":\"nb-NO\"},{\"@type\":\"Organization\",\"@id\":\"https:\/\/distribucionarc.com\/de\/#organization\",\"name\":\"Distribuci\u00f3n ARC\",\"url\":\"https:\/\/distribucionarc.com\/de\/\",\"logo\":{\"@type\":\"ImageObject\",\"inLanguage\":\"nb-NO\",\"@id\":\"https:\/\/distribucionarc.com\/de\/#\/schema\/logo\/image\/\",\"url\":\"https:\/\/distribucionarc.com\/wp-content\/uploads\/2024\/10\/distribucion-ARC-COLOR-SIN-FONDO-e1732295305345.png\",\"contentUrl\":\"https:\/\/distribucionarc.com\/wp-content\/uploads\/2024\/10\/distribucion-ARC-COLOR-SIN-FONDO-e1732295305345.png\",\"width\":1164,\"height\":558,\"caption\":\"Distribuci\u00f3n ARC\"},\"image\":{\"@id\":\"https:\/\/distribucionarc.com\/de\/#\/schema\/logo\/image\/\"},\"description\":\"Empresa especializada en la fabricaci\u00f3n y distribuci\u00f3n de maquinaria industrial para los sectores alimentario y farmac\u00e9utico. Nos especializamos en: M\u00e1quinas de cortar carne Fabricaci\u00f3n de comprimidos Sistemas de transporte industrial L\u00edneas de embotellado Dosificadores Y mucho m\u00e1s... Ofrecemos soluciones innovadoras y personalizadas para optimizar los procesos productivos de tu empresa.\",\"email\":\"Admistracion@distribucionarc.com\",\"telephone\":\"+34 643496664\",\"legalName\":\"ARC TECH SOLUTIONS\",\"foundingDate\":\"2024-04-09\",\"vatID\":\"B55480172\",\"numberOfEmployees\":{\"@type\":\"QuantitativeValue\",\"minValue\":\"1\",\"maxValue\":\"10\"}}]}<\/script>\n<!-- \/ Yoast SEO Premium plugin. -->","yoast_head_json":{"title":"P\u00f8lsedisplay - ARC-distribusjon","robots":{"index":"index","follow":"follow","max-snippet":"max-snippet:-1","max-image-preview":"max-image-preview:large","max-video-preview":"max-video-preview:-1"},"canonical":"https:\/\/www.distribucionarc.com\/en\/producto\/expositor-para-perritos-calientes\/","og_locale":"nb_NO","og_type":"article","og_title":"Expositor para perritos calientes","og_description":"Expositor para perritos calientes Este Vitrina para perritos calientes ARC profesional para largos servicios, es ideal para muchos eventos y ocasiones...ferias, cafeter\u00edas, fiestas, restaurantes de comida r\u00e1pida, festivales y mucho m\u00e1s. Calienta los alimentos uniformemente y mantiene el sabor fresco de los alimentos durante mucho tiempo. Los cristales templados resistentes al calor conservar\u00e1n los alimentos a la temperatura adecuada conservando su brillo y sabor para despertar el apetito de sus clientes. Su elegante dise\u00f1o tradicional la hace visible a gran distancia, cuenta con un motor eficiente de bajo consumo. Requiere de poco montaje para facilitar su transporte Garant\u00eda\u00a0ARC\u00a02 A\u00d1OS Calentador de perritos calientes eficiente, bajo consumo 1350w soporte t\u00e9cnico incluido","og_url":"https:\/\/www.distribucionarc.com\/en\/producto\/expositor-para-perritos-calientes\/","og_site_name":"distribuci\u00f3n ARC","article_modified_time":"2020-10-08T15:02:12+00:00","og_image":[{"width":1001,"height":1001,"url":"https:\/\/www.distribucionarc.com\/wp-content\/uploads\/2020\/08\/Expositor-para-perritos-calientes-0.jpg","type":"image\/jpeg"}],"twitter_card":"summary_large_image","twitter_misc":{"Ansl. lesetid":"1 minutt"},"schema":{"@context":"https:\/\/schema.org","@graph":[{"@type":"WebPage","@id":"https:\/\/www.distribucionarc.com\/en\/producto\/expositor-para-perritos-calientes\/","url":"https:\/\/www.distribucionarc.com\/en\/producto\/expositor-para-perritos-calientes\/","name":"P\u00f8lsedisplay - ARC-distribusjon","isPartOf":{"@id":"https:\/\/distribucionarc.com\/de\/#website"},"primaryImageOfPage":{"@id":"https:\/\/www.distribucionarc.com\/en\/producto\/expositor-para-perritos-calientes\/#primaryimage"},"image":{"@id":"https:\/\/www.distribucionarc.com\/en\/producto\/expositor-para-perritos-calientes\/#primaryimage"},"thumbnailUrl":"https:\/\/distribucionarc.com\/wp-content\/uploads\/2020\/08\/Expositor-para-perritos-calientes-0.jpg","datePublished":"2020-08-20T10:37:15+00:00","dateModified":"2020-10-08T15:02:12+00:00","breadcrumb":{"@id":"https:\/\/www.distribucionarc.com\/en\/producto\/expositor-para-perritos-calientes\/#breadcrumb"},"inLanguage":"nb-NO","potentialAction":[{"@type":"ReadAction","target":["https:\/\/www.distribucionarc.com\/en\/producto\/expositor-para-perritos-calientes\/"]}]},{"@type":"ImageObject","inLanguage":"nb-NO","@id":"https:\/\/www.distribucionarc.com\/en\/producto\/expositor-para-perritos-calientes\/#primaryimage","url":"https:\/\/distribucionarc.com\/wp-content\/uploads\/2020\/08\/Expositor-para-perritos-calientes-0.jpg","contentUrl":"https:\/\/distribucionarc.com\/wp-content\/uploads\/2020\/08\/Expositor-para-perritos-calientes-0.jpg","width":1001,"height":1001,"caption":"Expositor para perritos calientes"},{"@type":"BreadcrumbList","@id":"https:\/\/www.distribucionarc.com\/en\/producto\/expositor-para-perritos-calientes\/#breadcrumb","itemListElement":[{"@type":"ListItem","position":1,"name":"Portada","item":"https:\/\/distribucionarc.com\/pl\/"},{"@type":"ListItem","position":2,"name":"Produkty","item":"https:\/\/distribucionarc.com\/pl\/shop\/"},{"@type":"ListItem","position":3,"name":"Expositor para perritos calientes"}]},{"@type":"WebSite","@id":"https:\/\/distribucionarc.com\/de\/#website","url":"https:\/\/distribucionarc.com\/de\/","name":"ARC distribusjon","description":"Selskapet har spesialisert seg p\u00e5 produksjon og distribusjon av industrimaskiner, hermetikkboksforseglingsmaskiner, tablettmaskiner, kj\u00f8ttskj\u00e6remaskiner og...","publisher":{"@id":"https:\/\/distribucionarc.com\/de\/#organization"},"potentialAction":[{"@type":"SearchAction","target":{"@type":"EntryPoint","urlTemplate":"https:\/\/distribucionarc.com\/de\/?s={search_term_string}"},"query-input":{"@type":"PropertyValueSpecification","valueRequired":true,"valueName":"search_term_string"}}],"inLanguage":"nb-NO"},{"@type":"Organization","@id":"https:\/\/distribucionarc.com\/de\/#organization","name":"ARC distribusjon","url":"https:\/\/distribucionarc.com\/de\/","logo":{"@type":"ImageObject","inLanguage":"nb-NO","@id":"https:\/\/distribucionarc.com\/de\/#\/schema\/logo\/image\/","url":"https:\/\/distribucionarc.com\/wp-content\/uploads\/2024\/10\/distribucion-ARC-COLOR-SIN-FONDO-e1732295305345.png","contentUrl":"https:\/\/distribucionarc.com\/wp-content\/uploads\/2024\/10\/distribucion-ARC-COLOR-SIN-FONDO-e1732295305345.png","width":1164,"height":558,"caption":"Distribuci\u00f3n ARC"},"image":{"@id":"https:\/\/distribucionarc.com\/de\/#\/schema\/logo\/image\/"},"description":"Selskap som har spesialisert seg p\u00e5 produksjon og distribusjon av industrimaskiner til n\u00e6ringsmiddel- og farmasisektoren. Vi er spesialister p\u00e5: Kj\u00f8ttskj\u00e6remaskiner Tablettilvirkning Industrielle transportsystemer Tappelinjer Dispensere Og mye mer... Vi tilbyr innovative og skreddersydde l\u00f8sninger for \u00e5 optimalisere bedriftens produksjonsprosesser.","email":"Admistracion@distribucionarc.com","telephone":"+34 643496664","legalName":"ARC TECH SOLUTIONS","foundingDate":"2024-04-09","vatID":"B55480172","numberOfEmployees":{"@type":"QuantitativeValue","minValue":"1","maxValue":"10"}}]}},"_links":{"self":[{"href":"https:\/\/distribucionarc.com\/nb\/wp-json\/wp\/v2\/product\/2665","targetHints":{"allow":["GET"]}}],"collection":[{"href":"https:\/\/distribucionarc.com\/nb\/wp-json\/wp\/v2\/product"}],"about":[{"href":"https:\/\/distribucionarc.com\/nb\/wp-json\/wp\/v2\/types\/product"}],"replies":[{"embeddable":true,"href":"https:\/\/distribucionarc.com\/nb\/wp-json\/wp\/v2\/comments?post=2665"}],"version-history":[{"count":0,"href":"https:\/\/distribucionarc.com\/nb\/wp-json\/wp\/v2\/product\/2665\/revisions"}],"wp:featuredmedia":[{"embeddable":true,"href":"https:\/\/distribucionarc.com\/nb\/wp-json\/wp\/v2\/media\/2672"}],"wp:attachment":[{"href":"https:\/\/distribucionarc.com\/nb\/wp-json\/wp\/v2\/media?parent=2665"}],"wp:term":[{"taxonomy":"product_brand","embeddable":true,"href":"https:\/\/distribucionarc.com\/nb\/wp-json\/wp\/v2\/product_brand?post=2665"},{"taxonomy":"product_cat","embeddable":true,"href":"https:\/\/distribucionarc.com\/nb\/wp-json\/wp\/v2\/product_cat?post=2665"},{"taxonomy":"product_tag","embeddable":true,"href":"https:\/\/distribucionarc.com\/nb\/wp-json\/wp\/v2\/product_tag?post=2665"}],"curies":[{"name":"wp","href":"https:\/\/api.w.org\/{rel}","templated":true}]}}