{"id":2747,"date":"2020-08-21T11:23:47","date_gmt":"2020-08-21T11:23:47","guid":{"rendered":"https:\/\/distribucionarc.com\/?post_type=product&#038;p=2747"},"modified":"2020-10-09T10:45:53","modified_gmt":"2020-10-09T10:45:53","slug":"co2-lasergraverings-og-skjaeremaskin","status":"publish","type":"product","link":"https:\/\/distribucionarc.com\/nb\/producto\/maquina-de-grabado-y-cortado-laser-de-co2\/","title":{"rendered":"CO2 lasergraverings- og skj\u00e6remaskin for snekring 30 x 20"},"content":{"rendered":"<h3><strong>CO2 lasergraverings- og skj\u00e6remaskin for trebearbeiding<\/strong><\/h3>\n<p>Laserhodet med h\u00f8y presisjon\u00a0<strong>merkemaskin<span style=\"color: #ff0000;\">\u00a0TIL<\/span><span style=\"color: #0000ff;\">R<\/span>c<\/strong>, med h\u00f8y kvalitet, p\u00e5litelig ytelse og holdbarhet, forbedrer graveringsn\u00f8yaktigheten og ytelsen. H\u00f8ypresisjonsdempende lagre og belter gj\u00f8r graveringen mer presis, gj\u00f8r ogs\u00e5 den <strong>maskinens holdbarhet<\/strong> sj\u00f8 <strong>to til tre ganger lengre enn en konvensjonell CO2-lasergraver<\/strong><\/p>\n<p>Den har av\/p\u00e5-bryter, laserbryter, testbryter, str\u00f8mregulering og str\u00f8mindikasjon p\u00e5 kontrollkortet, for mer intuitiv og praktisk kontroll av gravering. En r\u00f8ravtrekk, luftventil og vifte er inkludert, som effektivt reduserer temperaturen p\u00e5 alle elektroniske komponenter, og dermed forlenger levetiden.<\/p>\n<p>Den bruker en USB-port for praktisk tilkobling til en PC eller b\u00e6rbar PC, for mer presis og bedre kontroll over gravering. Denne maskinen er kompatibel med alle skriver- og skannermodeller. St\u00f8tte internasjonal standard TIF og BMP\/JPG\/JPEG\/WMF\/EMF\/PLT skrifter. I tillegg har <strong>lasergraver\u00a0<span style=\"color: #ff0000;\">TIL<\/span><span style=\"color: #0000ff;\">R<\/span>CGCLP40 <\/strong>er utstyrt med en\u00a0<strong>trinnmotor<\/strong>\u00a0H\u00f8y presisjon, effektiv og stabil, for \u00e5 oppn\u00e5 mer presis gravering.<\/p>\n<h6><strong>Garanti\u00a0<span style=\"color: #ff0000;\">TIL<\/span><span style=\"color: #0000ff;\">R<\/span>C 2 \u00c5R<\/strong><\/h6>\n<h6><span style=\"color: #008000;\">Effektiv lasergraver, forbruk \u2264280W<\/span><\/h6>\n<h6><strong>teknisk st\u00f8tte inkludert<\/strong><\/h6>\n<p>&nbsp;<\/p>\n<hr \/>\n<ul>\n<li><strong>Lasereffekt: 40W<\/strong><\/li>\n<li><strong>Lasertype: CO2-gass<\/strong><\/li>\n<li><strong>Str\u00f8m: 0 ~ 22mA<\/strong><\/li>\n<li><strong>R\u00f8rutl\u00f8serspenning: 20 kV<\/strong><\/li>\n<li><strong>R\u00f8rarbeidsspenning: 15 kV<\/strong><\/li>\n<li><strong>Graveringsomr\u00e5de: 300 x 200 mm<\/strong><\/li>\n<li><strong>Sertifikater: CE<\/strong><\/li>\n<li><strong>Motortype: trinnmotor<\/strong><\/li>\n<li><strong>Str\u00f8mforbruk: \u2264250W<\/strong><\/li>\n<li><strong>Grensesnitt til datamaskin: USB-port<\/strong><\/li>\n<li><strong>Kj\u00f8lemodus: vannkj\u00f8ling (vannpumpe inkludert)<\/strong><\/li>\n<li><strong>Laserr\u00f8r (levetid): 1000-1300 timer<\/strong><\/li>\n<li><strong>Graveringshastighet: 0 \u2013 500 mm\/s (0-19,68 in\/s)<\/strong><\/li>\n<li><strong>Kuttehastighet: 0-400 mm\/s (0-15,74 in\/s)<\/strong><\/li>\n<li><strong>Oppl\u00f8sningsforhold: (0,026 mm)<\/strong><\/li>\n<li><strong>Tilbakestilling av posisjon: \u2264 0,01 mm<\/strong><\/li>\n<li><strong>St\u00f8ttede grafiske formater: BMP \/ JPG \/ JPEG \/ WMF \/ EMF \/ PLT<\/strong><\/li>\n<li><strong>Produktm\u00e5l: 850x500x300 mm<\/strong><\/li>\n<li><strong>Produktvekt: 30 kg (frakt 38 kg)<\/strong><\/li>\n<\/ul>","protected":false},"excerpt":{"rendered":"<h2><strong>CO2 lasergraverings- og skj\u00e6remaskin for trebearbeiding\u00a0<\/strong><\/h2>\n<p>Dette\u00a0<strong>merkemaskin<\/strong>\u00a0integrerer det nyeste lettmekaniske urverket p\u00e5 markedet, tre-generasjons modal opptaker som vil sikre deg\u00a0<strong>h\u00f8y presisjon og hastighet<\/strong>. Det nye\u00a0<strong>lasergraver<\/strong>\u00a0<strong><span style=\"color: #ff0000;\">TIL<\/span><span style=\"color: #0000ff;\">R<\/span>CGCLP40 <\/strong>Den har lagre og polstrede stropper <strong>h\u00f8y presisjon<\/strong><span style=\"font-size: 16px;\">\u00a0gj\u00f8r graveringen mer presis, gj\u00f8r de ogs\u00e5<\/span><strong style=\"font-size: 16px;\"> Maskinens levetid er to til tre ganger lengre<\/strong><span style=\"font-size: 16px;\"> enn en konvensjonell CO2-lasergraver.<\/span><span style=\"font-size: 16px;\">kontrollpanel av h\u00f8y kvalitet. Den bruker en USB-port for \u00e5 koble til din b\u00e6rbare eller PC. St\u00f8tten til <strong>programvare<\/strong> dette <strong>inkludert, CorelDraw<\/strong>.<\/span><\/p>\n<h6><strong>Garanti\u00a0<span style=\"color: #ff0000;\">TIL<\/span><span style=\"color: #0000ff;\">R<\/span>C 2 \u00c5R<\/strong><\/h6>\n<h6><span style=\"color: #008000;\">Effektiv lasergraver, forbruk \u2264280W<\/span><\/h6>\n<h6><strong>teknisk st\u00f8tte inkludert<\/strong><\/h6>","protected":false},"featured_media":2759,"comment_status":"open","ping_status":"closed","template":"","meta":{"wds_primary_product_brand":0,"wds_primary_product_cat":0},"product_brand":[],"product_cat":[69,70],"product_tag":[],"class_list":{"0":"post-2747","1":"product","2":"type-product","3":"status-publish","4":"has-post-thumbnail","6":"product_cat-maquinas-variadas","7":"product_cat-talladoras-marcadoras-de-metal-grabadoras-laser","8":"product_shipping_class-express","10":"first","11":"instock","12":"sale","13":"taxable","14":"shipping-taxable","15":"purchasable","16":"product-type-simple"},"yoast_head":"<!-- This site is optimized with the Yoast SEO Premium plugin v24.9 (Yoast SEO v26.1) - https:\/\/yoast.com\/wordpress\/plugins\/seo\/ -->\n<title>M\u00e1quina de Grabado y Cortado L\u00e1ser\u00a0de CO2 carpinteria 30 x 20 - distribuci\u00f3n ARC<\/title>\n<meta name=\"robots\" content=\"index, follow, max-snippet:-1, max-image-preview:large, max-video-preview:-1\" \/>\n<link rel=\"canonical\" href=\"https:\/\/www.distribucionarc.com\/producto\/maquina-de-grabado-y-cortado-laser-de-co2\/\" \/>\n<meta property=\"og:locale\" content=\"nb_NO\" \/>\n<meta property=\"og:type\" content=\"article\" \/>\n<meta property=\"og:title\" content=\"M\u00e1quina de Grabado y Cortado L\u00e1ser\u00a0de CO2 carpinteria 30 x 20\" \/>\n<meta property=\"og:description\" content=\"M\u00e1quina de Grabado y Cortado L\u00e1ser de CO2 carpinteria\u00a0 Esta\u00a0m\u00e1quina de marcado\u00a0integra el movimiento mec\u00e1nico de luz m\u00e1s nuevo del mercado, grabador modal de tres generaciones que le asegurara\u00a0alta precisi\u00f3n y velocidad. El nuevo\u00a0grabador l\u00e1ser\u00a0ARCGCLP40 cuenta con rodamientos y correas de acolchado de alta precisi\u00f3n\u00a0hacen que el grabado sea m\u00e1s preciso, tambi\u00e9n consiguen que la durabilidad de la m\u00e1quina sea dos o tres veces m\u00e1s larga que la de un grabador l\u00e1ser de CO2 convencional.panel de control de alta calidad. Emplea un puerto USB para conectarse a su port\u00e1til o PC. El soporte del software est\u00e1 incluido, CorelDraw. Garant\u00eda\u00a0ARC 2 A\u00d1OS Grabador l\u00e1ser eficiente, consumo \u2264280W soporte t\u00e9cnico incluido\" \/>\n<meta property=\"og:url\" content=\"https:\/\/www.distribucionarc.com\/producto\/maquina-de-grabado-y-cortado-laser-de-co2\/\" \/>\n<meta property=\"og:site_name\" content=\"distribuci\u00f3n ARC\" \/>\n<meta property=\"article:modified_time\" content=\"2020-10-09T10:45:53+00:00\" \/>\n<meta property=\"og:image\" content=\"https:\/\/www.distribucionarc.com\/wp-content\/uploads\/2020\/08\/Maquina-de-Grabado-y-Cortado-Laser-de-CO2-5.jpg\" \/>\n\t<meta property=\"og:image:width\" content=\"1600\" \/>\n\t<meta property=\"og:image:height\" content=\"1600\" \/>\n\t<meta property=\"og:image:type\" content=\"image\/jpeg\" \/>\n<meta name=\"twitter:card\" content=\"summary_large_image\" \/>\n<meta name=\"twitter:label1\" content=\"Ansl. lesetid\" \/>\n\t<meta name=\"twitter:data1\" content=\"2 minutter\" \/>\n<script type=\"application\/ld+json\" class=\"yoast-schema-graph\">{\"@context\":\"https:\/\/schema.org\",\"@graph\":[{\"@type\":\"WebPage\",\"@id\":\"https:\/\/www.distribucionarc.com\/producto\/maquina-de-grabado-y-cortado-laser-de-co2\/\",\"url\":\"https:\/\/www.distribucionarc.com\/producto\/maquina-de-grabado-y-cortado-laser-de-co2\/\",\"name\":\"M\u00e1quina de Grabado y Cortado L\u00e1ser\u00a0de CO2 carpinteria 30 x 20 - distribuci\u00f3n ARC\",\"isPartOf\":{\"@id\":\"https:\/\/www.distribucionarc.com\/de\/#website\"},\"primaryImageOfPage\":{\"@id\":\"https:\/\/www.distribucionarc.com\/producto\/maquina-de-grabado-y-cortado-laser-de-co2\/#primaryimage\"},\"image\":{\"@id\":\"https:\/\/www.distribucionarc.com\/producto\/maquina-de-grabado-y-cortado-laser-de-co2\/#primaryimage\"},\"thumbnailUrl\":\"https:\/\/distribucionarc.com\/wp-content\/uploads\/2020\/08\/Maquina-de-Grabado-y-Cortado-Laser-de-CO2-5.jpg\",\"datePublished\":\"2020-08-21T11:23:47+00:00\",\"dateModified\":\"2020-10-09T10:45:53+00:00\",\"breadcrumb\":{\"@id\":\"https:\/\/www.distribucionarc.com\/producto\/maquina-de-grabado-y-cortado-laser-de-co2\/#breadcrumb\"},\"inLanguage\":\"nb-NO\",\"potentialAction\":[{\"@type\":\"ReadAction\",\"target\":[\"https:\/\/www.distribucionarc.com\/producto\/maquina-de-grabado-y-cortado-laser-de-co2\/\"]}]},{\"@type\":\"ImageObject\",\"inLanguage\":\"nb-NO\",\"@id\":\"https:\/\/www.distribucionarc.com\/producto\/maquina-de-grabado-y-cortado-laser-de-co2\/#primaryimage\",\"url\":\"https:\/\/distribucionarc.com\/wp-content\/uploads\/2020\/08\/Maquina-de-Grabado-y-Cortado-Laser-de-CO2-5.jpg\",\"contentUrl\":\"https:\/\/distribucionarc.com\/wp-content\/uploads\/2020\/08\/Maquina-de-Grabado-y-Cortado-Laser-de-CO2-5.jpg\",\"width\":1600,\"height\":1600,\"caption\":\"M\u00e1quina de Grabado y Cortado L\u00e1ser\u00a0de CO2\"},{\"@type\":\"BreadcrumbList\",\"@id\":\"https:\/\/www.distribucionarc.com\/producto\/maquina-de-grabado-y-cortado-laser-de-co2\/#breadcrumb\",\"itemListElement\":[{\"@type\":\"ListItem\",\"position\":1,\"name\":\"Portada\",\"item\":\"https:\/\/www.distribucionarc.com\/en\/\"},{\"@type\":\"ListItem\",\"position\":2,\"name\":\"Products\",\"item\":\"https:\/\/www.distribucionarc.com\/en\/shop\/\"},{\"@type\":\"ListItem\",\"position\":3,\"name\":\"M\u00e1quina de Grabado y Cortado L\u00e1ser\u00a0de CO2 carpinteria 30 x 20\"}]},{\"@type\":\"WebSite\",\"@id\":\"https:\/\/www.distribucionarc.com\/de\/#website\",\"url\":\"https:\/\/www.distribucionarc.com\/de\/\",\"name\":\"distribuci\u00f3n ARC\",\"description\":\"Empresa especializada en la fabricaci\u00f3n y distribuci\u00f3n de maquinaria industrial, selladoras de latas, Maquinas de hacer pastillas, Maquinas de cortar carne...\",\"publisher\":{\"@id\":\"https:\/\/www.distribucionarc.com\/de\/#organization\"},\"potentialAction\":[{\"@type\":\"SearchAction\",\"target\":{\"@type\":\"EntryPoint\",\"urlTemplate\":\"https:\/\/www.distribucionarc.com\/de\/?s={search_term_string}\"},\"query-input\":{\"@type\":\"PropertyValueSpecification\",\"valueRequired\":true,\"valueName\":\"search_term_string\"}}],\"inLanguage\":\"nb-NO\"},{\"@type\":\"Organization\",\"@id\":\"https:\/\/www.distribucionarc.com\/de\/#organization\",\"name\":\"Distribuci\u00f3n ARC\",\"url\":\"https:\/\/www.distribucionarc.com\/de\/\",\"logo\":{\"@type\":\"ImageObject\",\"inLanguage\":\"nb-NO\",\"@id\":\"https:\/\/www.distribucionarc.com\/de\/#\/schema\/logo\/image\/\",\"url\":\"https:\/\/distribucionarc.com\/wp-content\/uploads\/2024\/10\/distribucion-ARC-COLOR-SIN-FONDO-e1732295305345.png\",\"contentUrl\":\"https:\/\/distribucionarc.com\/wp-content\/uploads\/2024\/10\/distribucion-ARC-COLOR-SIN-FONDO-e1732295305345.png\",\"width\":1164,\"height\":558,\"caption\":\"Distribuci\u00f3n ARC\"},\"image\":{\"@id\":\"https:\/\/www.distribucionarc.com\/de\/#\/schema\/logo\/image\/\"},\"description\":\"Empresa especializada en la fabricaci\u00f3n y distribuci\u00f3n de maquinaria industrial para los sectores alimentario y farmac\u00e9utico. Nos especializamos en: M\u00e1quinas de cortar carne Fabricaci\u00f3n de comprimidos Sistemas de transporte industrial L\u00edneas de embotellado Dosificadores Y mucho m\u00e1s... Ofrecemos soluciones innovadoras y personalizadas para optimizar los procesos productivos de tu empresa.\",\"email\":\"Admistracion@distribucionarc.com\",\"telephone\":\"+34 643496664\",\"legalName\":\"ARC TECH SOLUTIONS\",\"foundingDate\":\"2024-04-09\",\"vatID\":\"B55480172\",\"numberOfEmployees\":{\"@type\":\"QuantitativeValue\",\"minValue\":\"1\",\"maxValue\":\"10\"}}]}<\/script>\n<!-- \/ Yoast SEO Premium plugin. -->","yoast_head_json":{"title":"CO2 lasergraverings- og skj\u00e6remaskin for snekker 30 x 20 - ARC-fordeling","robots":{"index":"index","follow":"follow","max-snippet":"max-snippet:-1","max-image-preview":"max-image-preview:large","max-video-preview":"max-video-preview:-1"},"canonical":"https:\/\/www.distribucionarc.com\/producto\/maquina-de-grabado-y-cortado-laser-de-co2\/","og_locale":"nb_NO","og_type":"article","og_title":"M\u00e1quina de Grabado y Cortado L\u00e1ser\u00a0de CO2 carpinteria 30 x 20","og_description":"M\u00e1quina de Grabado y Cortado L\u00e1ser de CO2 carpinteria\u00a0 Esta\u00a0m\u00e1quina de marcado\u00a0integra el movimiento mec\u00e1nico de luz m\u00e1s nuevo del mercado, grabador modal de tres generaciones que le asegurara\u00a0alta precisi\u00f3n y velocidad. El nuevo\u00a0grabador l\u00e1ser\u00a0ARCGCLP40 cuenta con rodamientos y correas de acolchado de alta precisi\u00f3n\u00a0hacen que el grabado sea m\u00e1s preciso, tambi\u00e9n consiguen que la durabilidad de la m\u00e1quina sea dos o tres veces m\u00e1s larga que la de un grabador l\u00e1ser de CO2 convencional.panel de control de alta calidad. Emplea un puerto USB para conectarse a su port\u00e1til o PC. El soporte del software est\u00e1 incluido, CorelDraw. Garant\u00eda\u00a0ARC 2 A\u00d1OS Grabador l\u00e1ser eficiente, consumo \u2264280W soporte t\u00e9cnico incluido","og_url":"https:\/\/www.distribucionarc.com\/producto\/maquina-de-grabado-y-cortado-laser-de-co2\/","og_site_name":"distribuci\u00f3n ARC","article_modified_time":"2020-10-09T10:45:53+00:00","og_image":[{"width":1600,"height":1600,"url":"https:\/\/www.distribucionarc.com\/wp-content\/uploads\/2020\/08\/Maquina-de-Grabado-y-Cortado-Laser-de-CO2-5.jpg","type":"image\/jpeg"}],"twitter_card":"summary_large_image","twitter_misc":{"Ansl. lesetid":"2 minutter"},"schema":{"@context":"https:\/\/schema.org","@graph":[{"@type":"WebPage","@id":"https:\/\/www.distribucionarc.com\/producto\/maquina-de-grabado-y-cortado-laser-de-co2\/","url":"https:\/\/www.distribucionarc.com\/producto\/maquina-de-grabado-y-cortado-laser-de-co2\/","name":"CO2 lasergraverings- og skj\u00e6remaskin for snekker 30 x 20 - ARC-fordeling","isPartOf":{"@id":"https:\/\/www.distribucionarc.com\/de\/#website"},"primaryImageOfPage":{"@id":"https:\/\/www.distribucionarc.com\/producto\/maquina-de-grabado-y-cortado-laser-de-co2\/#primaryimage"},"image":{"@id":"https:\/\/www.distribucionarc.com\/producto\/maquina-de-grabado-y-cortado-laser-de-co2\/#primaryimage"},"thumbnailUrl":"https:\/\/distribucionarc.com\/wp-content\/uploads\/2020\/08\/Maquina-de-Grabado-y-Cortado-Laser-de-CO2-5.jpg","datePublished":"2020-08-21T11:23:47+00:00","dateModified":"2020-10-09T10:45:53+00:00","breadcrumb":{"@id":"https:\/\/www.distribucionarc.com\/producto\/maquina-de-grabado-y-cortado-laser-de-co2\/#breadcrumb"},"inLanguage":"nb-NO","potentialAction":[{"@type":"ReadAction","target":["https:\/\/www.distribucionarc.com\/producto\/maquina-de-grabado-y-cortado-laser-de-co2\/"]}]},{"@type":"ImageObject","inLanguage":"nb-NO","@id":"https:\/\/www.distribucionarc.com\/producto\/maquina-de-grabado-y-cortado-laser-de-co2\/#primaryimage","url":"https:\/\/distribucionarc.com\/wp-content\/uploads\/2020\/08\/Maquina-de-Grabado-y-Cortado-Laser-de-CO2-5.jpg","contentUrl":"https:\/\/distribucionarc.com\/wp-content\/uploads\/2020\/08\/Maquina-de-Grabado-y-Cortado-Laser-de-CO2-5.jpg","width":1600,"height":1600,"caption":"M\u00e1quina de Grabado y Cortado L\u00e1ser\u00a0de CO2"},{"@type":"BreadcrumbList","@id":"https:\/\/www.distribucionarc.com\/producto\/maquina-de-grabado-y-cortado-laser-de-co2\/#breadcrumb","itemListElement":[{"@type":"ListItem","position":1,"name":"Portada","item":"https:\/\/www.distribucionarc.com\/en\/"},{"@type":"ListItem","position":2,"name":"Products","item":"https:\/\/www.distribucionarc.com\/en\/shop\/"},{"@type":"ListItem","position":3,"name":"M\u00e1quina de Grabado y Cortado L\u00e1ser\u00a0de CO2 carpinteria 30 x 20"}]},{"@type":"WebSite","@id":"https:\/\/www.distribucionarc.com\/de\/#website","url":"https:\/\/www.distribucionarc.com\/de\/","name":"ARC distribusjon","description":"Selskapet har spesialisert seg p\u00e5 produksjon og distribusjon av industrimaskiner, hermetikkboksforseglingsmaskiner, tablettmaskiner, kj\u00f8ttskj\u00e6remaskiner og...","publisher":{"@id":"https:\/\/www.distribucionarc.com\/de\/#organization"},"potentialAction":[{"@type":"SearchAction","target":{"@type":"EntryPoint","urlTemplate":"https:\/\/www.distribucionarc.com\/de\/?s={search_term_string}"},"query-input":{"@type":"PropertyValueSpecification","valueRequired":true,"valueName":"search_term_string"}}],"inLanguage":"nb-NO"},{"@type":"Organization","@id":"https:\/\/www.distribucionarc.com\/de\/#organization","name":"ARC distribusjon","url":"https:\/\/www.distribucionarc.com\/de\/","logo":{"@type":"ImageObject","inLanguage":"nb-NO","@id":"https:\/\/www.distribucionarc.com\/de\/#\/schema\/logo\/image\/","url":"https:\/\/distribucionarc.com\/wp-content\/uploads\/2024\/10\/distribucion-ARC-COLOR-SIN-FONDO-e1732295305345.png","contentUrl":"https:\/\/distribucionarc.com\/wp-content\/uploads\/2024\/10\/distribucion-ARC-COLOR-SIN-FONDO-e1732295305345.png","width":1164,"height":558,"caption":"Distribuci\u00f3n ARC"},"image":{"@id":"https:\/\/www.distribucionarc.com\/de\/#\/schema\/logo\/image\/"},"description":"Selskap som har spesialisert seg p\u00e5 produksjon og distribusjon av industrimaskiner til n\u00e6ringsmiddel- og farmasisektoren. Vi er spesialister p\u00e5: Kj\u00f8ttskj\u00e6remaskiner Tablettilvirkning Industrielle transportsystemer Tappelinjer Dispensere Og mye mer... Vi tilbyr innovative og skreddersydde l\u00f8sninger for \u00e5 optimalisere bedriftens produksjonsprosesser.","email":"Admistracion@distribucionarc.com","telephone":"+34 643496664","legalName":"ARC TECH SOLUTIONS","foundingDate":"2024-04-09","vatID":"B55480172","numberOfEmployees":{"@type":"QuantitativeValue","minValue":"1","maxValue":"10"}}]}},"_links":{"self":[{"href":"https:\/\/distribucionarc.com\/nb\/wp-json\/wp\/v2\/product\/2747","targetHints":{"allow":["GET"]}}],"collection":[{"href":"https:\/\/distribucionarc.com\/nb\/wp-json\/wp\/v2\/product"}],"about":[{"href":"https:\/\/distribucionarc.com\/nb\/wp-json\/wp\/v2\/types\/product"}],"replies":[{"embeddable":true,"href":"https:\/\/distribucionarc.com\/nb\/wp-json\/wp\/v2\/comments?post=2747"}],"version-history":[{"count":0,"href":"https:\/\/distribucionarc.com\/nb\/wp-json\/wp\/v2\/product\/2747\/revisions"}],"wp:featuredmedia":[{"embeddable":true,"href":"https:\/\/distribucionarc.com\/nb\/wp-json\/wp\/v2\/media\/2759"}],"wp:attachment":[{"href":"https:\/\/distribucionarc.com\/nb\/wp-json\/wp\/v2\/media?parent=2747"}],"wp:term":[{"taxonomy":"product_brand","embeddable":true,"href":"https:\/\/distribucionarc.com\/nb\/wp-json\/wp\/v2\/product_brand?post=2747"},{"taxonomy":"product_cat","embeddable":true,"href":"https:\/\/distribucionarc.com\/nb\/wp-json\/wp\/v2\/product_cat?post=2747"},{"taxonomy":"product_tag","embeddable":true,"href":"https:\/\/distribucionarc.com\/nb\/wp-json\/wp\/v2\/product_tag?post=2747"}],"curies":[{"name":"wp","href":"https:\/\/api.w.org\/{rel}","templated":true}]}}