{"id":2785,"date":"2020-08-24T08:34:12","date_gmt":"2020-08-24T08:34:12","guid":{"rendered":"https:\/\/distribucionarc.com\/?post_type=product&#038;p=2785"},"modified":"2023-02-14T11:16:29","modified_gmt":"2023-02-14T11:16:29","slug":"lasergraveringsmaskin-co2-cutter-skjaereverktoy-30-x-20-cm","status":"publish","type":"product","link":"https:\/\/distribucionarc.com\/nb\/producto\/maquina-de-grabado-laser-cortador-co2-%e2%80%8bherramienta-de-corte-30-x-20-cm\/","title":{"rendered":"Lasergraveringsmaskin CO2 Cutter Skj\u00e6reverkt\u00f8y 30 x 50 cm"},"content":{"rendered":"<h3>Lasergraveringsmaskin CO2 Cutter Skj\u00e6reverkt\u00f8y 30 x 50 cm<\/h3>\n<p>Laserhodet med h\u00f8y presisjon\u00a0<strong>merkemaskin<span style=\"color: #ff0000;\">\u00a0TIL<\/span><span style=\"color: #0000ff;\">R<\/span>c<\/strong>, med h\u00f8y kvalitet, p\u00e5litelig ytelse og holdbarhet, forbedrer graveringspresisjon og ytelse. Vedta en avansert<strong>\u00a0CO2 laserr\u00f8r<\/strong>\u00a0Tredje generasjon med h\u00f8y kraft og hastighet. Levetiden til dette laserr\u00f8ret er opptil 1000-1300 timer.<\/p>\n<p>Den har et intelligent panel tilgjengelig p\u00e5 flere spr\u00e5k med gjeldende indikasjon p\u00e5 kontrollpanelet, for mer intuitiv og praktisk kontroll av gravering. R\u00f8ravtrekk, luftventil og vifte er inkludert, som effektivt reduserer temperaturen p\u00e5 alle elektroniske komponenter, og dermed forlenger levetiden. <strong>Datastyrt graveringsmaskin<\/strong> Egnet for ulike materialer, som tre, bambus, jade, marmor, pleksiglass, krystall, plast, kl\u00e6r, papir, l\u00e6r, gummi, keramikk, glass, varemerker og andre ikke-metalliske materialer<\/p>\n<p>Den bruker en USB-port for praktisk tilkobling til en PC eller b\u00e6rbar PC, for bedre og mer presis kontroll av gravering. Videre har\u00a0<strong>lasergraver<span style=\"color: #ff0000;\"> TIL<\/span><span style=\"color: #0000ff;\">R<\/span>CGLCO100<\/strong>\u00a0er utstyrt med en\u00a0<strong>trinnmotor<\/strong>\u00a0H\u00f8y presisjon, effektiv og stabil, for \u00e5 oppn\u00e5 mer presis gravering.<\/p>\n<h6><strong>Garanti\u00a0<span style=\"color: #ff0000;\">TIL<\/span><span style=\"color: #0000ff;\">R<\/span>C 2 \u00c5R<\/strong><\/h6>\n<h6><span style=\"color: #008000;\">Effektiv lasergraver, forbruk \u2264 280W<\/span><\/h6>\n<h6><strong>teknisk st\u00f8tte inkludert<\/strong><\/h6>\n<p>&nbsp;<\/p>\n<hr \/>\n<h6>TEKNISKE SPESIFIKASJONER<\/h6>\n<h6><\/h6>\n<h6>\u25cfLasereffekt: 50W<br \/>\n\u25cfLasertype: CO2-gass (CO2-laserr\u00f8r)<br \/>\n\u25cfStr\u00f8mforsyning: 220V 50HZ<br \/>\n\u25cfArbeidsbord: (honeycomb) plattform opp og ned bord<br \/>\n\u25cfH\u00f8yde opp og ned (plattform): 0-15cm<br \/>\n\u25cfOpp og ned metode (plattform): automatisk<br \/>\n\u25cfGraveroverflate: 300 mm x 500 mm (20\u2033*12\u2033)<br \/>\n\u25cfSkj\u00e6reoverflate: 300mmx500mm (20\u2033*12\u2033)<br \/>\n\u25cfMaksimum. Utskj\u00e6ringshastighet: 0-6000 (mm\/min)<br \/>\n\u25cfMaksimum. Kuttehastighet: 0-3600 (mm\/min)<br \/>\n\u25cfPlasseringsn\u00f8yaktighet: &lt;0,001 mm<br \/>\n\u25cfOppl\u00f8sningsforhold: 0,001(0,026 mm)\/(1000 dPI)<br \/>\n\u25cfMin. Tegnst\u00f8rrelse: Tegn: 2x2mm, Letter: 1x1mm<br \/>\n\u25cfN\u00f8yaktighet: 0,00125 mm<br \/>\n\u25cfSkj\u00e6retykkelse: 0-15 mm (avhenger av forskjellige materialer)<br \/>\n\u25cf Drift: R\u00f8dt lysposisjonering, laserpunktposisjonering<br \/>\n\u25cfKontrollkonfigurasjon: DSP-overf\u00f8ringsgrensesnitt<br \/>\n\u25cf Dataoverf\u00f8ringsgrensesnitt: USB<br \/>\n\u25cfSystemmilj\u00f8: windows xp win7\/8<br \/>\n\u25cfSt\u00f8ttet grafikkformat: Filer som CorelDraw, Photoshop, AutoCAD kan identifisere (BMP, GIF, JPEG, PCX, TGA, TIFF, PLT, CDR, DMG, DXF, PAT, CDT, CLK, DEX, CSL, CMX, AI, WPG , WMF, EMF, CGM, SVG, SVGZ, PCT, FMV, GEM, CMX)<br \/>\n\u25cfProgramvare inkluderer: corelLASER<br \/>\n\u25cfKompatibel programvare: CADlaser,LaserDRW,CorelLASER,Photoshop ects (ikke inkludert i pakken)<br \/>\n\u25cfFargeseparasjon: Nei<br \/>\n\u25cfSkr\u00e5gravering: Nei<br \/>\n\u25cfKj\u00f8lingsm\u00e5te: Vannkj\u00f8ling<br \/>\n\u25cfVanntemperatur: 5\u2103-35\u2103<br \/>\n\u25cfBeskyttelse mot avbrudd i vannforsyningen: inkludert<br \/>\n\u25cfMaskindimensjon: 91x64x42cm \/ 36\u2033*25\u2033*16,5\u2033<br \/>\n\u25cfNettovekt: 40 kg<br \/>\n\u25cfGjeldende materiale: Tre, bambusslips, jade, marmor, pleksiglass, krystall, plast, kl\u00e6r, papir, l\u00e6r, gummi, keramikk, glass, varemerker og andre ikke-metallmaterialer<br \/>\n\u25cfLaserr\u00f8r (levetid timer): 1000-1300 timer<br \/>\n\u25cfTilbakestill posisjonering: \u22640,0004 tommer (0,01 mm)<br \/>\n\u25cfMotortype: Trinnmotor<br \/>\n\u25cfStr\u00f8mforbruk: \u2264250W<br \/>\n\u25cfDriftstemperatur: 0-40\u00b0C<br \/>\n\u25cfDriftsfuktighet: 5-95%<\/h6>","protected":false},"excerpt":{"rendered":"<h2>Lasergraveringsmaskin CO2 Cutter Skj\u00e6reverkt\u00f8y 30 x 50 cm<\/h2>\n<p>Dette\u00a0<strong>merkemaskin<\/strong>\u00a0integrerer det nyeste lettmekaniske urverket p\u00e5 markedet, tre-generasjons modal opptaker som vil sikre deg\u00a0<strong>h\u00f8y presisjon og hastighet<\/strong>. Det nye\u00a0<b>CO2 lasergraver og kutter<\/b>\u00a0<strong>ARCGLCO50<\/strong>\u00a0Den er utstyrt med 80W vannkj\u00f8lende laserr\u00f8r, stegmotorer for perfekt presisjon, kontrollpanel av h\u00f8y kvalitet. Den bruker en USB-port for \u00e5 koble til din b\u00e6rbare eller PC. Programvarest\u00f8tte er inkludert, CorelDraw, denne maskinen kan fungere godt med flere grafiske formater inkludert EMF\/JPG\/PLT\/WMF.<\/p>\n<h6><strong>Garanti<span style=\"color: #ff0000;\">\u00a0TIL<\/span><span style=\"color: #0000ff;\">R<\/span>C 2 \u00c5R<\/strong><\/h6>\n<h6><span style=\"color: #008000;\">Effektiv lasergraver, forbruk \u2264 280W<\/span><\/h6>\n<h6><strong>teknisk st\u00f8tte inkludert<\/strong><\/h6>","protected":false},"featured_media":2796,"comment_status":"open","ping_status":"closed","template":"","meta":{"wds_primary_product_brand":0,"wds_primary_product_cat":0},"product_brand":[],"product_cat":[69,70],"product_tag":[],"class_list":{"0":"post-2785","1":"product","2":"type-product","3":"status-publish","4":"has-post-thumbnail","6":"product_cat-maquinas-variadas","7":"product_cat-talladoras-marcadoras-de-metal-grabadoras-laser","8":"product_shipping_class-express","10":"first","11":"instock","12":"taxable","13":"shipping-taxable","14":"purchasable","15":"product-type-simple"},"yoast_head":"<!-- This site is optimized with the Yoast SEO Premium plugin v24.9 (Yoast SEO v26.1) - https:\/\/yoast.com\/wordpress\/plugins\/seo\/ -->\n<title>M\u00e1quina de Grabado L\u00e1ser Cortador CO2 \u200bHerramienta de Corte 30 x 50 cm - distribuci\u00f3n ARC<\/title>\n<meta name=\"robots\" content=\"index, follow, max-snippet:-1, max-image-preview:large, max-video-preview:-1\" \/>\n<link rel=\"canonical\" href=\"https:\/\/distribucionarc.com\/nb\/produkter\/lasergraveringsmaskin-co2-cutter-skjaereverktoy-30-x-20-cm\/\" \/>\n<meta property=\"og:locale\" content=\"nb_NO\" \/>\n<meta property=\"og:type\" content=\"article\" \/>\n<meta property=\"og:title\" content=\"M\u00e1quina de Grabado L\u00e1ser Cortador CO2 \u200bHerramienta de Corte 30 x 50 cm\" \/>\n<meta property=\"og:description\" content=\"M\u00e1quina de Grabado L\u00e1ser Cortador CO2 \u200bHerramienta de Corte 30 x 50 cm Esta\u00a0m\u00e1quina de marcado\u00a0integra el movimiento mec\u00e1nico de luz m\u00e1s nuevo del mercado, grabador modal de tres generaciones que le asegurara\u00a0alta precisi\u00f3n y velocidad. El nuevo\u00a0grabador y cortador l\u00e1ser de CO2\u00a0ARCGLCO50\u00a0est\u00e1 equipado con un tubo l\u00e1ser de refrigeraci\u00f3n por agua de 80 W, motores de ejecuci\u00f3n paso a paso para una precisi\u00f3n perfecta, panel de control de alta calidad. Emplea un puerto USB para conectarse a su port\u00e1til o PC. El soporte del software est\u00e1 incluido, CorelDraw, esta m\u00e1quina puede funcionar bien con m\u00faltiples formatos gr\u00e1ficos, incluidos EMF \/ JPG \/ PLT \/ WMF. Garant\u00eda\u00a0ARC 2 A\u00d1OS Grabador l\u00e1ser eficiente, consumo \u2264 280W soporte t\u00e9cnico incluido\" \/>\n<meta property=\"og:url\" content=\"https:\/\/distribucionarc.com\/nb\/produkter\/lasergraveringsmaskin-co2-cutter-skjaereverktoy-30-x-20-cm\/\" \/>\n<meta property=\"og:site_name\" content=\"distribuci\u00f3n ARC\" \/>\n<meta property=\"article:modified_time\" content=\"2023-02-14T11:16:29+00:00\" \/>\n<meta property=\"og:image\" content=\"https:\/\/distribucionarc.com\/wp-content\/uploads\/2020\/08\/M\u00e1quina-de-Grabado-L\u00e1ser-Cortador-CO2-Herramienta-de-Corte-30-x-20-cm-0.jpg\" \/>\n\t<meta property=\"og:image:width\" content=\"1001\" \/>\n\t<meta property=\"og:image:height\" content=\"1001\" \/>\n\t<meta property=\"og:image:type\" content=\"image\/jpeg\" \/>\n<meta name=\"twitter:card\" content=\"summary_large_image\" \/>\n<meta name=\"twitter:label1\" content=\"Ansl. lesetid\" \/>\n\t<meta name=\"twitter:data1\" content=\"3 minutter\" \/>\n<script type=\"application\/ld+json\" class=\"yoast-schema-graph\">{\"@context\":\"https:\/\/schema.org\",\"@graph\":[{\"@type\":\"WebPage\",\"@id\":\"https:\/\/distribucionarc.com\/producto\/maquina-de-grabado-laser-cortador-co2-%e2%80%8bherramienta-de-corte-30-x-20-cm\/\",\"url\":\"https:\/\/distribucionarc.com\/producto\/maquina-de-grabado-laser-cortador-co2-%e2%80%8bherramienta-de-corte-30-x-20-cm\/\",\"name\":\"M\u00e1quina de Grabado L\u00e1ser Cortador CO2 \u200bHerramienta de Corte 30 x 50 cm - distribuci\u00f3n ARC\",\"isPartOf\":{\"@id\":\"https:\/\/distribucionarc.com\/de\/#website\"},\"primaryImageOfPage\":{\"@id\":\"https:\/\/distribucionarc.com\/producto\/maquina-de-grabado-laser-cortador-co2-%e2%80%8bherramienta-de-corte-30-x-20-cm\/#primaryimage\"},\"image\":{\"@id\":\"https:\/\/distribucionarc.com\/producto\/maquina-de-grabado-laser-cortador-co2-%e2%80%8bherramienta-de-corte-30-x-20-cm\/#primaryimage\"},\"thumbnailUrl\":\"https:\/\/distribucionarc.com\/wp-content\/uploads\/2020\/08\/M\u00e1quina-de-Grabado-L\u00e1ser-Cortador-CO2-Herramienta-de-Corte-30-x-20-cm-0.jpg\",\"datePublished\":\"2020-08-24T08:34:12+00:00\",\"dateModified\":\"2023-02-14T11:16:29+00:00\",\"breadcrumb\":{\"@id\":\"https:\/\/distribucionarc.com\/producto\/maquina-de-grabado-laser-cortador-co2-%e2%80%8bherramienta-de-corte-30-x-20-cm\/#breadcrumb\"},\"inLanguage\":\"nb-NO\",\"potentialAction\":[{\"@type\":\"ReadAction\",\"target\":[\"https:\/\/distribucionarc.com\/producto\/maquina-de-grabado-laser-cortador-co2-%e2%80%8bherramienta-de-corte-30-x-20-cm\/\"]}]},{\"@type\":\"ImageObject\",\"inLanguage\":\"nb-NO\",\"@id\":\"https:\/\/distribucionarc.com\/producto\/maquina-de-grabado-laser-cortador-co2-%e2%80%8bherramienta-de-corte-30-x-20-cm\/#primaryimage\",\"url\":\"https:\/\/distribucionarc.com\/wp-content\/uploads\/2020\/08\/M\u00e1quina-de-Grabado-L\u00e1ser-Cortador-CO2-Herramienta-de-Corte-30-x-20-cm-0.jpg\",\"contentUrl\":\"https:\/\/distribucionarc.com\/wp-content\/uploads\/2020\/08\/M\u00e1quina-de-Grabado-L\u00e1ser-Cortador-CO2-Herramienta-de-Corte-30-x-20-cm-0.jpg\",\"width\":1001,\"height\":1001,\"caption\":\"M\u00e1quina de Grabado L\u00e1ser Cortador CO2 \u200bHerramienta de Corte 30 x 20 cm\"},{\"@type\":\"BreadcrumbList\",\"@id\":\"https:\/\/distribucionarc.com\/producto\/maquina-de-grabado-laser-cortador-co2-%e2%80%8bherramienta-de-corte-30-x-20-cm\/#breadcrumb\",\"itemListElement\":[{\"@type\":\"ListItem\",\"position\":1,\"name\":\"Portada\",\"item\":\"https:\/\/distribucionarc.com\/pl\/\"},{\"@type\":\"ListItem\",\"position\":2,\"name\":\"Produkty\",\"item\":\"https:\/\/distribucionarc.com\/pl\/shop\/\"},{\"@type\":\"ListItem\",\"position\":3,\"name\":\"M\u00e1quina de Grabado L\u00e1ser Cortador CO2 \u200bHerramienta de Corte 30 x 50 cm\"}]},{\"@type\":\"WebSite\",\"@id\":\"https:\/\/distribucionarc.com\/de\/#website\",\"url\":\"https:\/\/distribucionarc.com\/de\/\",\"name\":\"distribuci\u00f3n ARC\",\"description\":\"Empresa especializada en la fabricaci\u00f3n y distribuci\u00f3n de maquinaria industrial, selladoras de latas, Maquinas de hacer pastillas, Maquinas de cortar carne...\",\"publisher\":{\"@id\":\"https:\/\/distribucionarc.com\/de\/#organization\"},\"potentialAction\":[{\"@type\":\"SearchAction\",\"target\":{\"@type\":\"EntryPoint\",\"urlTemplate\":\"https:\/\/distribucionarc.com\/de\/?s={search_term_string}\"},\"query-input\":{\"@type\":\"PropertyValueSpecification\",\"valueRequired\":true,\"valueName\":\"search_term_string\"}}],\"inLanguage\":\"nb-NO\"},{\"@type\":\"Organization\",\"@id\":\"https:\/\/distribucionarc.com\/de\/#organization\",\"name\":\"Distribuci\u00f3n ARC\",\"url\":\"https:\/\/distribucionarc.com\/de\/\",\"logo\":{\"@type\":\"ImageObject\",\"inLanguage\":\"nb-NO\",\"@id\":\"https:\/\/distribucionarc.com\/de\/#\/schema\/logo\/image\/\",\"url\":\"https:\/\/distribucionarc.com\/wp-content\/uploads\/2024\/10\/distribucion-ARC-COLOR-SIN-FONDO-e1732295305345.png\",\"contentUrl\":\"https:\/\/distribucionarc.com\/wp-content\/uploads\/2024\/10\/distribucion-ARC-COLOR-SIN-FONDO-e1732295305345.png\",\"width\":1164,\"height\":558,\"caption\":\"Distribuci\u00f3n ARC\"},\"image\":{\"@id\":\"https:\/\/distribucionarc.com\/de\/#\/schema\/logo\/image\/\"},\"description\":\"Empresa especializada en la fabricaci\u00f3n y distribuci\u00f3n de maquinaria industrial para los sectores alimentario y farmac\u00e9utico. Nos especializamos en: M\u00e1quinas de cortar carne Fabricaci\u00f3n de comprimidos Sistemas de transporte industrial L\u00edneas de embotellado Dosificadores Y mucho m\u00e1s... Ofrecemos soluciones innovadoras y personalizadas para optimizar los procesos productivos de tu empresa.\",\"email\":\"Admistracion@distribucionarc.com\",\"telephone\":\"+34 643496664\",\"legalName\":\"ARC TECH SOLUTIONS\",\"foundingDate\":\"2024-04-09\",\"vatID\":\"B55480172\",\"numberOfEmployees\":{\"@type\":\"QuantitativeValue\",\"minValue\":\"1\",\"maxValue\":\"10\"}}]}<\/script>\n<!-- \/ Yoast SEO Premium plugin. -->","yoast_head_json":{"title":"Lasergraveringsmaskin CO2 Cutter Skj\u00e6reverkt\u00f8y 30 x 50 cm - ARC-fordeling","robots":{"index":"index","follow":"follow","max-snippet":"max-snippet:-1","max-image-preview":"max-image-preview:large","max-video-preview":"max-video-preview:-1"},"canonical":"https:\/\/distribucionarc.com\/nb\/produkter\/lasergraveringsmaskin-co2-cutter-skjaereverktoy-30-x-20-cm\/","og_locale":"nb_NO","og_type":"article","og_title":"M\u00e1quina de Grabado L\u00e1ser Cortador CO2 \u200bHerramienta de Corte 30 x 50 cm","og_description":"M\u00e1quina de Grabado L\u00e1ser Cortador CO2 \u200bHerramienta de Corte 30 x 50 cm Esta\u00a0m\u00e1quina de marcado\u00a0integra el movimiento mec\u00e1nico de luz m\u00e1s nuevo del mercado, grabador modal de tres generaciones que le asegurara\u00a0alta precisi\u00f3n y velocidad. El nuevo\u00a0grabador y cortador l\u00e1ser de CO2\u00a0ARCGLCO50\u00a0est\u00e1 equipado con un tubo l\u00e1ser de refrigeraci\u00f3n por agua de 80 W, motores de ejecuci\u00f3n paso a paso para una precisi\u00f3n perfecta, panel de control de alta calidad. Emplea un puerto USB para conectarse a su port\u00e1til o PC. El soporte del software est\u00e1 incluido, CorelDraw, esta m\u00e1quina puede funcionar bien con m\u00faltiples formatos gr\u00e1ficos, incluidos EMF \/ JPG \/ PLT \/ WMF. Garant\u00eda\u00a0ARC 2 A\u00d1OS Grabador l\u00e1ser eficiente, consumo \u2264 280W soporte t\u00e9cnico incluido","og_url":"https:\/\/distribucionarc.com\/nb\/produkter\/lasergraveringsmaskin-co2-cutter-skjaereverktoy-30-x-20-cm\/","og_site_name":"distribuci\u00f3n ARC","article_modified_time":"2023-02-14T11:16:29+00:00","og_image":[{"width":1001,"height":1001,"url":"https:\/\/distribucionarc.com\/wp-content\/uploads\/2020\/08\/M\u00e1quina-de-Grabado-L\u00e1ser-Cortador-CO2-Herramienta-de-Corte-30-x-20-cm-0.jpg","type":"image\/jpeg"}],"twitter_card":"summary_large_image","twitter_misc":{"Ansl. lesetid":"3 minutter"},"schema":{"@context":"https:\/\/schema.org","@graph":[{"@type":"WebPage","@id":"https:\/\/distribucionarc.com\/producto\/maquina-de-grabado-laser-cortador-co2-%e2%80%8bherramienta-de-corte-30-x-20-cm\/","url":"https:\/\/distribucionarc.com\/producto\/maquina-de-grabado-laser-cortador-co2-%e2%80%8bherramienta-de-corte-30-x-20-cm\/","name":"Lasergraveringsmaskin CO2 Cutter Skj\u00e6reverkt\u00f8y 30 x 50 cm - ARC-fordeling","isPartOf":{"@id":"https:\/\/distribucionarc.com\/de\/#website"},"primaryImageOfPage":{"@id":"https:\/\/distribucionarc.com\/producto\/maquina-de-grabado-laser-cortador-co2-%e2%80%8bherramienta-de-corte-30-x-20-cm\/#primaryimage"},"image":{"@id":"https:\/\/distribucionarc.com\/producto\/maquina-de-grabado-laser-cortador-co2-%e2%80%8bherramienta-de-corte-30-x-20-cm\/#primaryimage"},"thumbnailUrl":"https:\/\/distribucionarc.com\/wp-content\/uploads\/2020\/08\/M\u00e1quina-de-Grabado-L\u00e1ser-Cortador-CO2-Herramienta-de-Corte-30-x-20-cm-0.jpg","datePublished":"2020-08-24T08:34:12+00:00","dateModified":"2023-02-14T11:16:29+00:00","breadcrumb":{"@id":"https:\/\/distribucionarc.com\/producto\/maquina-de-grabado-laser-cortador-co2-%e2%80%8bherramienta-de-corte-30-x-20-cm\/#breadcrumb"},"inLanguage":"nb-NO","potentialAction":[{"@type":"ReadAction","target":["https:\/\/distribucionarc.com\/producto\/maquina-de-grabado-laser-cortador-co2-%e2%80%8bherramienta-de-corte-30-x-20-cm\/"]}]},{"@type":"ImageObject","inLanguage":"nb-NO","@id":"https:\/\/distribucionarc.com\/producto\/maquina-de-grabado-laser-cortador-co2-%e2%80%8bherramienta-de-corte-30-x-20-cm\/#primaryimage","url":"https:\/\/distribucionarc.com\/wp-content\/uploads\/2020\/08\/M\u00e1quina-de-Grabado-L\u00e1ser-Cortador-CO2-Herramienta-de-Corte-30-x-20-cm-0.jpg","contentUrl":"https:\/\/distribucionarc.com\/wp-content\/uploads\/2020\/08\/M\u00e1quina-de-Grabado-L\u00e1ser-Cortador-CO2-Herramienta-de-Corte-30-x-20-cm-0.jpg","width":1001,"height":1001,"caption":"M\u00e1quina de Grabado L\u00e1ser Cortador CO2 \u200bHerramienta de Corte 30 x 20 cm"},{"@type":"BreadcrumbList","@id":"https:\/\/distribucionarc.com\/producto\/maquina-de-grabado-laser-cortador-co2-%e2%80%8bherramienta-de-corte-30-x-20-cm\/#breadcrumb","itemListElement":[{"@type":"ListItem","position":1,"name":"Portada","item":"https:\/\/distribucionarc.com\/pl\/"},{"@type":"ListItem","position":2,"name":"Produkty","item":"https:\/\/distribucionarc.com\/pl\/shop\/"},{"@type":"ListItem","position":3,"name":"M\u00e1quina de Grabado L\u00e1ser Cortador CO2 \u200bHerramienta de Corte 30 x 50 cm"}]},{"@type":"WebSite","@id":"https:\/\/distribucionarc.com\/de\/#website","url":"https:\/\/distribucionarc.com\/de\/","name":"ARC distribusjon","description":"Selskapet har spesialisert seg p\u00e5 produksjon og distribusjon av industrimaskiner, hermetikkboksforseglingsmaskiner, tablettmaskiner, kj\u00f8ttskj\u00e6remaskiner og...","publisher":{"@id":"https:\/\/distribucionarc.com\/de\/#organization"},"potentialAction":[{"@type":"SearchAction","target":{"@type":"EntryPoint","urlTemplate":"https:\/\/distribucionarc.com\/de\/?s={search_term_string}"},"query-input":{"@type":"PropertyValueSpecification","valueRequired":true,"valueName":"search_term_string"}}],"inLanguage":"nb-NO"},{"@type":"Organization","@id":"https:\/\/distribucionarc.com\/de\/#organization","name":"ARC distribusjon","url":"https:\/\/distribucionarc.com\/de\/","logo":{"@type":"ImageObject","inLanguage":"nb-NO","@id":"https:\/\/distribucionarc.com\/de\/#\/schema\/logo\/image\/","url":"https:\/\/distribucionarc.com\/wp-content\/uploads\/2024\/10\/distribucion-ARC-COLOR-SIN-FONDO-e1732295305345.png","contentUrl":"https:\/\/distribucionarc.com\/wp-content\/uploads\/2024\/10\/distribucion-ARC-COLOR-SIN-FONDO-e1732295305345.png","width":1164,"height":558,"caption":"Distribuci\u00f3n ARC"},"image":{"@id":"https:\/\/distribucionarc.com\/de\/#\/schema\/logo\/image\/"},"description":"Selskap som har spesialisert seg p\u00e5 produksjon og distribusjon av industrimaskiner til n\u00e6ringsmiddel- og farmasisektoren. Vi er spesialister p\u00e5: Kj\u00f8ttskj\u00e6remaskiner Tablettilvirkning Industrielle transportsystemer Tappelinjer Dispensere Og mye mer... Vi tilbyr innovative og skreddersydde l\u00f8sninger for \u00e5 optimalisere bedriftens produksjonsprosesser.","email":"Admistracion@distribucionarc.com","telephone":"+34 643496664","legalName":"ARC TECH SOLUTIONS","foundingDate":"2024-04-09","vatID":"B55480172","numberOfEmployees":{"@type":"QuantitativeValue","minValue":"1","maxValue":"10"}}]}},"_links":{"self":[{"href":"https:\/\/distribucionarc.com\/nb\/wp-json\/wp\/v2\/product\/2785","targetHints":{"allow":["GET"]}}],"collection":[{"href":"https:\/\/distribucionarc.com\/nb\/wp-json\/wp\/v2\/product"}],"about":[{"href":"https:\/\/distribucionarc.com\/nb\/wp-json\/wp\/v2\/types\/product"}],"replies":[{"embeddable":true,"href":"https:\/\/distribucionarc.com\/nb\/wp-json\/wp\/v2\/comments?post=2785"}],"version-history":[{"count":0,"href":"https:\/\/distribucionarc.com\/nb\/wp-json\/wp\/v2\/product\/2785\/revisions"}],"wp:featuredmedia":[{"embeddable":true,"href":"https:\/\/distribucionarc.com\/nb\/wp-json\/wp\/v2\/media\/2796"}],"wp:attachment":[{"href":"https:\/\/distribucionarc.com\/nb\/wp-json\/wp\/v2\/media?parent=2785"}],"wp:term":[{"taxonomy":"product_brand","embeddable":true,"href":"https:\/\/distribucionarc.com\/nb\/wp-json\/wp\/v2\/product_brand?post=2785"},{"taxonomy":"product_cat","embeddable":true,"href":"https:\/\/distribucionarc.com\/nb\/wp-json\/wp\/v2\/product_cat?post=2785"},{"taxonomy":"product_tag","embeddable":true,"href":"https:\/\/distribucionarc.com\/nb\/wp-json\/wp\/v2\/product_tag?post=2785"}],"curies":[{"name":"wp","href":"https:\/\/api.w.org\/{rel}","templated":true}]}}