{"id":2894,"date":"2020-08-25T12:35:57","date_gmt":"2020-08-25T12:35:57","guid":{"rendered":"https:\/\/distribucionarc.com\/?post_type=product&#038;p=2894"},"modified":"2020-10-01T11:19:52","modified_gmt":"2020-10-01T11:19:52","slug":"fiberoptisk-sveisemaskin-fiber-fusion-splicer-al-8","status":"publish","type":"product","link":"https:\/\/distribucionarc.com\/nb\/producto\/soldadora-de-fibra-optica-empalmadora-de-fibra-de-fusion-al-8\/","title":{"rendered":"Fiberoptisk sveiser, Al-8 Fiber Fusion Splicer"},"content":{"rendered":"<h3>Fiberoptisk sveiser, Al-8 Fiber Fusion Splicer<\/h3>\n<p>De <strong>fiberoptisk skj\u00f8temaskin <span style=\"color: #ff0000;\">TIL<\/span><span style=\"color: #0000ff;\">R<\/span>c<\/strong> Den er spesielt egnet for fiberoptiske og kabelprosjekter, vitenskapelig forskning og vedlikehold. SM, MM, bar fiber, gummiisolert multifiberkabel. Passende fibre: SM (G.652 og G.657); MM (G.651); DS (G.657); NZDS (G.655). Fullt kvalifisert med FTTH-prosjekt, sikkerhetsoverv\u00e5king og andre fiberkabelskj\u00f8teprosjekter.<\/p>\n<p>Den bruker en 5-tommers 800 Innebygd 7800 mAH litiumbatteri med h\u00f8y kapasitet, ladetid \u2264 3,5 timer, kontinuerlig skj\u00f8ting og oppvarming ca. 200 ganger<\/p>\n<p>Verkt\u00f8ykassen til<strong> fiberskj\u00f8temaskin <span style=\"color: #ff0000;\">TIL<\/span><span style=\"color: #0000ff;\">R<\/span>CSFO8<\/strong> Den kommer med en krakk for \u00e5 gj\u00f8re arbeidet lettere for operat\u00f8rene, den t\u00e5ler 100 kg. Du trenger ikke \u00e5 ta skj\u00f8temaskinen ut av verkt\u00f8ykassen mens du arbeider. Med den multifunksjonelle porten kan du bruke det eksterne LED-lyset om natten for presis drift; Lar deg lade telefonen med ladespenningen p\u00e5 13,5VDC\/4A.<\/p>\n<h6><strong>Garanti <span style=\"color: #ff0000;\">TIL<\/span><\/strong><strong style=\"font-style: normal; font-size: 17.6px;\"><span style=\"color: #0000ff;\">R<\/span><\/strong><strong style=\"font-size: 1.1em;\">C 2 \u00c5R<\/strong><\/h6>\n<h6><strong>teknisk st\u00f8tte inkludert<\/strong><\/h6>\n<p>&nbsp;<\/p>\n<table role=\"presentation\" width=\"100%\" cellspacing=\"0\" cellpadding=\"0\">\n<tbody>\n<tr>\n<td class=\"attrLabels\">Merke:<\/td>\n<td width=\"50.0%\">BUE<\/td>\n<\/tr>\n<tr>\n<td class=\"attrLabels\">Distribusjonsland:<\/td>\n<td width=\"50.0%\">Spania, Tyskland, USA<\/td>\n<td class=\"attrLabels\">Skj\u00f8tetid:<\/td>\n<td width=\"50.0%\">6 sekunder<\/td>\n<\/tr>\n<tr>\n<td class=\"attrLabels\">Produsentnummer:<\/td>\n<td width=\"50.0%\">ARCSFO8<\/td>\n<td class=\"attrLabels\">Oppvarmingstid:<\/td>\n<td width=\"50.0%\">15 sekunder<\/td>\n<\/tr>\n<tr>\n<td class=\"attrLabels\">Farge:<\/td>\n<td width=\"50.0%\">Gr\u00f8nn, s\u00f8lv<\/td>\n<td class=\"attrLabels\">Skj\u00f8tstap:<\/td>\n<td width=\"50.0%\">0,025 dBm (SM) \/ 0,01 dB (MM) \/ 0,04 dB (DS \/ NZDS)<\/td>\n<\/tr>\n<tr>\n<td class=\"attrLabels\">Produkttype:<\/td>\n<td width=\"50.0%\">Fiberoptisk skj\u00f8temaskin<\/td>\n<td class=\"attrLabels\">Gjeldende fibre:<\/td>\n<td width=\"50.0%\">SM (G.652 &amp; G.657) \/ MM (G.651) DS (G.657) \/ NZDS (G.655)<\/td>\n<\/tr>\n<tr>\n<td class=\"attrLabels\">Vekt:<\/td>\n<td width=\"50.0%\">10,2 kg<\/td>\n<td class=\"attrLabels\">Batterikapasitet:<\/td>\n<td width=\"50.0%\">7800mAh<\/td>\n<\/tr>\n<tr>\n<td class=\"attrLabels\">H\u00f8yde:<\/td>\n<td width=\"50.0%\">15<\/td>\n<td class=\"attrLabels\">inngangsspenning<\/td>\n<td width=\"50.0%\">230V \u2013 50Hz<\/td>\n<\/tr>\n<tr>\n<td class=\"attrLabels\">Lang:<\/td>\n<td width=\"50.0%\">\u00a0 17<\/td>\n<td class=\"attrLabels\">Ladetid:<\/td>\n<td width=\"50.0%\">\u22643,5H<\/td>\n<\/tr>\n<tr>\n<td class=\"attrLabels\">Bred:<\/td>\n<td width=\"50.0%\">23<\/td>\n<td class=\"attrLabels\">Inngangsspenning:<\/td>\n<td width=\"50.0%\">AC100-240V 50\/60Hz<\/td>\n<\/tr>\n<\/tbody>\n<\/table>","protected":false},"excerpt":{"rendered":"<h2>Fiberoptisk sveiser, Al-8 Fiber Fusion Splicer<\/h2>\n<p><strong><span style=\"color: #ff0000;\">TIL<\/span><span style=\"color: #0000ff;\">R<\/span>c<\/strong> tilbyr deg <strong>fibersmeltesveiser for Al-8 elektroder<\/strong> Topp med skj\u00f8temodus med 5 tommer 800 X 480 h\u00f8yoppl\u00f8selig skjerm, enkel og intuitiv betjening. Maskinen brukes hovedsakelig til \u00e5 koble til optiske fibre, som i tillegg kan kobles til vanlige fiberoptiske kabler, jumpere og flerskiftede dispersjon, enkeltmodus og multimodus kvartsoptiske fibre.<\/p>\n<h6><strong>Garanti <span style=\"color: #ff0000;\">TIL<\/span><\/strong><strong style=\"font-style: normal; font-size: 17.6px;\"><span style=\"color: #0000ff;\">R<\/span><\/strong><strong style=\"font-size: 1.1em;\">C 2 \u00c5R<\/strong><\/h6>\n<h6><strong>teknisk st\u00f8tte inkludert<\/strong><\/h6>\n<div id=\"gtx-trans\" style=\"position: absolute; left: 173px; top: 116.556px;\">\n<div class=\"gtx-trans-icon\"><\/div>\n<\/div>","protected":false},"featured_media":2901,"comment_status":"open","ping_status":"closed","template":"","meta":{"wds_primary_product_brand":0,"wds_primary_product_cat":0},"product_brand":[],"product_cat":[69],"product_tag":[],"class_list":{"0":"post-2894","1":"product","2":"type-product","3":"status-publish","4":"has-post-thumbnail","6":"product_cat-maquinas-variadas","7":"product_shipping_class-express","9":"first","10":"instock","11":"sale","12":"taxable","13":"shipping-taxable","14":"purchasable","15":"product-type-simple"},"yoast_head":"<!-- This site is optimized with the Yoast SEO Premium plugin v24.9 (Yoast SEO v26.1) - https:\/\/yoast.com\/wordpress\/plugins\/seo\/ -->\n<title>Soldadora de fibra \u00f3ptica, empalmadora de fibra de fusi\u00f3n Al-8 - distribuci\u00f3n ARC<\/title>\n<meta name=\"robots\" content=\"index, follow, max-snippet:-1, max-image-preview:large, max-video-preview:-1\" \/>\n<link rel=\"canonical\" href=\"https:\/\/distribucionarc.com\/nb\/produkter\/fiberoptisk-sveisemaskin-fiber-fusion-splicer-al-8\/\" \/>\n<meta property=\"og:locale\" content=\"nb_NO\" \/>\n<meta property=\"og:type\" content=\"article\" \/>\n<meta property=\"og:title\" content=\"Soldadora de fibra \u00f3ptica, empalmadora de fibra de fusi\u00f3n Al-8\" \/>\n<meta property=\"og:description\" content=\"Soldadora de fibra \u00f3ptica, empalmadora de fibra de fusi\u00f3n Al-8 ARC le ofrece el soldador de fusi\u00f3n de fibra para electrodos Al-8 superior con modo de empalme con pantalla de alta resoluci\u00f3n de 5 pulgadas 800 X 480, funcionamiento simple e intuitivo. La m\u00e1quina se utiliza principalmente para conectar fibras \u00f3pticas, que adem\u00e1s se pueden conectar con cables de fibra \u00f3ptica ordinarios, puentes y m\u00faltiples fibras \u00f3pticas de cuarzo de dispersi\u00f3n desplazada, monomodo y multimodo. Garant\u00eda ARC 2 A\u00d1OS soporte t\u00e9cnico incluido\" \/>\n<meta property=\"og:url\" content=\"https:\/\/distribucionarc.com\/nb\/produkter\/fiberoptisk-sveisemaskin-fiber-fusion-splicer-al-8\/\" \/>\n<meta property=\"og:site_name\" content=\"distribuci\u00f3n ARC\" \/>\n<meta property=\"article:modified_time\" content=\"2020-10-01T11:19:52+00:00\" \/>\n<meta property=\"og:image\" content=\"https:\/\/distribucionarc.com\/wp-content\/uploads\/2020\/08\/Soldadora-de-fibra-\u00f3ptica-empalmadora-de-fibra-de-fusi\u00f3n-Al-8-0.jpg\" \/>\n\t<meta property=\"og:image:width\" content=\"1600\" \/>\n\t<meta property=\"og:image:height\" content=\"1600\" \/>\n\t<meta property=\"og:image:type\" content=\"image\/jpeg\" \/>\n<meta name=\"twitter:card\" content=\"summary_large_image\" \/>\n<meta name=\"twitter:label1\" content=\"Ansl. lesetid\" \/>\n\t<meta name=\"twitter:data1\" content=\"1 minutt\" \/>\n<script type=\"application\/ld+json\" class=\"yoast-schema-graph\">{\"@context\":\"https:\/\/schema.org\",\"@graph\":[{\"@type\":\"WebPage\",\"@id\":\"https:\/\/distribucionarc.com\/ro\/producto\/soldadora-de-fibra-optica-empalmadora-de-fibra-de-fusion-al-8\/\",\"url\":\"https:\/\/distribucionarc.com\/ro\/producto\/soldadora-de-fibra-optica-empalmadora-de-fibra-de-fusion-al-8\/\",\"name\":\"Soldadora de fibra \u00f3ptica, empalmadora de fibra de fusi\u00f3n Al-8 - distribuci\u00f3n ARC\",\"isPartOf\":{\"@id\":\"https:\/\/distribucionarc.com\/ro\/#website\"},\"primaryImageOfPage\":{\"@id\":\"https:\/\/distribucionarc.com\/ro\/producto\/soldadora-de-fibra-optica-empalmadora-de-fibra-de-fusion-al-8\/#primaryimage\"},\"image\":{\"@id\":\"https:\/\/distribucionarc.com\/ro\/producto\/soldadora-de-fibra-optica-empalmadora-de-fibra-de-fusion-al-8\/#primaryimage\"},\"thumbnailUrl\":\"https:\/\/distribucionarc.com\/wp-content\/uploads\/2020\/08\/Soldadora-de-fibra-\u00f3ptica-empalmadora-de-fibra-de-fusi\u00f3n-Al-8-0.jpg\",\"datePublished\":\"2020-08-25T12:35:57+00:00\",\"dateModified\":\"2020-10-01T11:19:52+00:00\",\"breadcrumb\":{\"@id\":\"https:\/\/distribucionarc.com\/ro\/producto\/soldadora-de-fibra-optica-empalmadora-de-fibra-de-fusion-al-8\/#breadcrumb\"},\"inLanguage\":\"nb-NO\",\"potentialAction\":[{\"@type\":\"ReadAction\",\"target\":[\"https:\/\/distribucionarc.com\/ro\/producto\/soldadora-de-fibra-optica-empalmadora-de-fibra-de-fusion-al-8\/\"]}]},{\"@type\":\"ImageObject\",\"inLanguage\":\"nb-NO\",\"@id\":\"https:\/\/distribucionarc.com\/ro\/producto\/soldadora-de-fibra-optica-empalmadora-de-fibra-de-fusion-al-8\/#primaryimage\",\"url\":\"https:\/\/distribucionarc.com\/wp-content\/uploads\/2020\/08\/Soldadora-de-fibra-\u00f3ptica-empalmadora-de-fibra-de-fusi\u00f3n-Al-8-0.jpg\",\"contentUrl\":\"https:\/\/distribucionarc.com\/wp-content\/uploads\/2020\/08\/Soldadora-de-fibra-\u00f3ptica-empalmadora-de-fibra-de-fusi\u00f3n-Al-8-0.jpg\",\"width\":1600,\"height\":1600,\"caption\":\"Soldadora de fibra \u00f3ptica, empalmadora de fibra de fusi\u00f3n Al-8\"},{\"@type\":\"BreadcrumbList\",\"@id\":\"https:\/\/distribucionarc.com\/ro\/producto\/soldadora-de-fibra-optica-empalmadora-de-fibra-de-fusion-al-8\/#breadcrumb\",\"itemListElement\":[{\"@type\":\"ListItem\",\"position\":1,\"name\":\"Portada\",\"item\":\"https:\/\/distribucionarc.com\/ar\/\"},{\"@type\":\"ListItem\",\"position\":2,\"name\":\"Proizvodi\",\"item\":\"https:\/\/www.distribucionarc.com\/hr\/ducan\/\"},{\"@type\":\"ListItem\",\"position\":3,\"name\":\"Soldadora de fibra \u00f3ptica, empalmadora de fibra de fusi\u00f3n Al-8\"}]},{\"@type\":\"WebSite\",\"@id\":\"https:\/\/distribucionarc.com\/ro\/#website\",\"url\":\"https:\/\/distribucionarc.com\/ro\/\",\"name\":\"distribuci\u00f3n ARC\",\"description\":\"Empresa especializada en la fabricaci\u00f3n y distribuci\u00f3n de maquinaria industrial, selladoras de latas, Maquinas de hacer pastillas, Maquinas de cortar carne...\",\"publisher\":{\"@id\":\"https:\/\/distribucionarc.com\/ro\/#organization\"},\"potentialAction\":[{\"@type\":\"SearchAction\",\"target\":{\"@type\":\"EntryPoint\",\"urlTemplate\":\"https:\/\/distribucionarc.com\/ro\/?s={search_term_string}\"},\"query-input\":{\"@type\":\"PropertyValueSpecification\",\"valueRequired\":true,\"valueName\":\"search_term_string\"}}],\"inLanguage\":\"nb-NO\"},{\"@type\":\"Organization\",\"@id\":\"https:\/\/distribucionarc.com\/ro\/#organization\",\"name\":\"Distribuci\u00f3n ARC\",\"url\":\"https:\/\/distribucionarc.com\/ro\/\",\"logo\":{\"@type\":\"ImageObject\",\"inLanguage\":\"nb-NO\",\"@id\":\"https:\/\/distribucionarc.com\/ro\/#\/schema\/logo\/image\/\",\"url\":\"https:\/\/distribucionarc.com\/wp-content\/uploads\/2024\/10\/distribucion-ARC-COLOR-SIN-FONDO-e1732295305345.png\",\"contentUrl\":\"https:\/\/distribucionarc.com\/wp-content\/uploads\/2024\/10\/distribucion-ARC-COLOR-SIN-FONDO-e1732295305345.png\",\"width\":1164,\"height\":558,\"caption\":\"Distribuci\u00f3n ARC\"},\"image\":{\"@id\":\"https:\/\/distribucionarc.com\/ro\/#\/schema\/logo\/image\/\"},\"description\":\"Empresa especializada en la fabricaci\u00f3n y distribuci\u00f3n de maquinaria industrial para los sectores alimentario y farmac\u00e9utico. Nos especializamos en: M\u00e1quinas de cortar carne Fabricaci\u00f3n de comprimidos Sistemas de transporte industrial L\u00edneas de embotellado Dosificadores Y mucho m\u00e1s... Ofrecemos soluciones innovadoras y personalizadas para optimizar los procesos productivos de tu empresa.\",\"email\":\"Admistracion@distribucionarc.com\",\"telephone\":\"+34 643496664\",\"legalName\":\"ARC TECH SOLUTIONS\",\"foundingDate\":\"2024-04-09\",\"vatID\":\"B55480172\",\"numberOfEmployees\":{\"@type\":\"QuantitativeValue\",\"minValue\":\"1\",\"maxValue\":\"10\"}}]}<\/script>\n<!-- \/ Yoast SEO Premium plugin. -->","yoast_head_json":{"title":"Fiberoptisk sveiser, Al-8 Fiber Fusion Splicer - ARC Distribusjon","robots":{"index":"index","follow":"follow","max-snippet":"max-snippet:-1","max-image-preview":"max-image-preview:large","max-video-preview":"max-video-preview:-1"},"canonical":"https:\/\/distribucionarc.com\/nb\/produkter\/fiberoptisk-sveisemaskin-fiber-fusion-splicer-al-8\/","og_locale":"nb_NO","og_type":"article","og_title":"Soldadora de fibra \u00f3ptica, empalmadora de fibra de fusi\u00f3n Al-8","og_description":"Soldadora de fibra \u00f3ptica, empalmadora de fibra de fusi\u00f3n Al-8 ARC le ofrece el soldador de fusi\u00f3n de fibra para electrodos Al-8 superior con modo de empalme con pantalla de alta resoluci\u00f3n de 5 pulgadas 800 X 480, funcionamiento simple e intuitivo. La m\u00e1quina se utiliza principalmente para conectar fibras \u00f3pticas, que adem\u00e1s se pueden conectar con cables de fibra \u00f3ptica ordinarios, puentes y m\u00faltiples fibras \u00f3pticas de cuarzo de dispersi\u00f3n desplazada, monomodo y multimodo. Garant\u00eda ARC 2 A\u00d1OS soporte t\u00e9cnico incluido","og_url":"https:\/\/distribucionarc.com\/nb\/produkter\/fiberoptisk-sveisemaskin-fiber-fusion-splicer-al-8\/","og_site_name":"distribuci\u00f3n ARC","article_modified_time":"2020-10-01T11:19:52+00:00","og_image":[{"width":1600,"height":1600,"url":"https:\/\/distribucionarc.com\/wp-content\/uploads\/2020\/08\/Soldadora-de-fibra-\u00f3ptica-empalmadora-de-fibra-de-fusi\u00f3n-Al-8-0.jpg","type":"image\/jpeg"}],"twitter_card":"summary_large_image","twitter_misc":{"Ansl. lesetid":"1 minutt"},"schema":{"@context":"https:\/\/schema.org","@graph":[{"@type":"WebPage","@id":"https:\/\/distribucionarc.com\/ro\/producto\/soldadora-de-fibra-optica-empalmadora-de-fibra-de-fusion-al-8\/","url":"https:\/\/distribucionarc.com\/ro\/producto\/soldadora-de-fibra-optica-empalmadora-de-fibra-de-fusion-al-8\/","name":"Fiberoptisk sveiser, Al-8 Fiber Fusion Splicer - ARC Distribusjon","isPartOf":{"@id":"https:\/\/distribucionarc.com\/ro\/#website"},"primaryImageOfPage":{"@id":"https:\/\/distribucionarc.com\/ro\/producto\/soldadora-de-fibra-optica-empalmadora-de-fibra-de-fusion-al-8\/#primaryimage"},"image":{"@id":"https:\/\/distribucionarc.com\/ro\/producto\/soldadora-de-fibra-optica-empalmadora-de-fibra-de-fusion-al-8\/#primaryimage"},"thumbnailUrl":"https:\/\/distribucionarc.com\/wp-content\/uploads\/2020\/08\/Soldadora-de-fibra-\u00f3ptica-empalmadora-de-fibra-de-fusi\u00f3n-Al-8-0.jpg","datePublished":"2020-08-25T12:35:57+00:00","dateModified":"2020-10-01T11:19:52+00:00","breadcrumb":{"@id":"https:\/\/distribucionarc.com\/ro\/producto\/soldadora-de-fibra-optica-empalmadora-de-fibra-de-fusion-al-8\/#breadcrumb"},"inLanguage":"nb-NO","potentialAction":[{"@type":"ReadAction","target":["https:\/\/distribucionarc.com\/ro\/producto\/soldadora-de-fibra-optica-empalmadora-de-fibra-de-fusion-al-8\/"]}]},{"@type":"ImageObject","inLanguage":"nb-NO","@id":"https:\/\/distribucionarc.com\/ro\/producto\/soldadora-de-fibra-optica-empalmadora-de-fibra-de-fusion-al-8\/#primaryimage","url":"https:\/\/distribucionarc.com\/wp-content\/uploads\/2020\/08\/Soldadora-de-fibra-\u00f3ptica-empalmadora-de-fibra-de-fusi\u00f3n-Al-8-0.jpg","contentUrl":"https:\/\/distribucionarc.com\/wp-content\/uploads\/2020\/08\/Soldadora-de-fibra-\u00f3ptica-empalmadora-de-fibra-de-fusi\u00f3n-Al-8-0.jpg","width":1600,"height":1600,"caption":"Soldadora de fibra \u00f3ptica, empalmadora de fibra de fusi\u00f3n Al-8"},{"@type":"BreadcrumbList","@id":"https:\/\/distribucionarc.com\/ro\/producto\/soldadora-de-fibra-optica-empalmadora-de-fibra-de-fusion-al-8\/#breadcrumb","itemListElement":[{"@type":"ListItem","position":1,"name":"Portada","item":"https:\/\/distribucionarc.com\/ar\/"},{"@type":"ListItem","position":2,"name":"Proizvodi","item":"https:\/\/www.distribucionarc.com\/hr\/ducan\/"},{"@type":"ListItem","position":3,"name":"Soldadora de fibra \u00f3ptica, empalmadora de fibra de fusi\u00f3n Al-8"}]},{"@type":"WebSite","@id":"https:\/\/distribucionarc.com\/ro\/#website","url":"https:\/\/distribucionarc.com\/ro\/","name":"ARC distribusjon","description":"Selskapet har spesialisert seg p\u00e5 produksjon og distribusjon av industrimaskiner, hermetikkboksforseglingsmaskiner, tablettmaskiner, kj\u00f8ttskj\u00e6remaskiner og...","publisher":{"@id":"https:\/\/distribucionarc.com\/ro\/#organization"},"potentialAction":[{"@type":"SearchAction","target":{"@type":"EntryPoint","urlTemplate":"https:\/\/distribucionarc.com\/ro\/?s={search_term_string}"},"query-input":{"@type":"PropertyValueSpecification","valueRequired":true,"valueName":"search_term_string"}}],"inLanguage":"nb-NO"},{"@type":"Organization","@id":"https:\/\/distribucionarc.com\/ro\/#organization","name":"ARC distribusjon","url":"https:\/\/distribucionarc.com\/ro\/","logo":{"@type":"ImageObject","inLanguage":"nb-NO","@id":"https:\/\/distribucionarc.com\/ro\/#\/schema\/logo\/image\/","url":"https:\/\/distribucionarc.com\/wp-content\/uploads\/2024\/10\/distribucion-ARC-COLOR-SIN-FONDO-e1732295305345.png","contentUrl":"https:\/\/distribucionarc.com\/wp-content\/uploads\/2024\/10\/distribucion-ARC-COLOR-SIN-FONDO-e1732295305345.png","width":1164,"height":558,"caption":"Distribuci\u00f3n ARC"},"image":{"@id":"https:\/\/distribucionarc.com\/ro\/#\/schema\/logo\/image\/"},"description":"Selskap som har spesialisert seg p\u00e5 produksjon og distribusjon av industrimaskiner til n\u00e6ringsmiddel- og farmasisektoren. Vi er spesialister p\u00e5: Kj\u00f8ttskj\u00e6remaskiner Tablettilvirkning Industrielle transportsystemer Tappelinjer Dispensere Og mye mer... Vi tilbyr innovative og skreddersydde l\u00f8sninger for \u00e5 optimalisere bedriftens produksjonsprosesser.","email":"Admistracion@distribucionarc.com","telephone":"+34 643496664","legalName":"ARC TECH SOLUTIONS","foundingDate":"2024-04-09","vatID":"B55480172","numberOfEmployees":{"@type":"QuantitativeValue","minValue":"1","maxValue":"10"}}]}},"_links":{"self":[{"href":"https:\/\/distribucionarc.com\/nb\/wp-json\/wp\/v2\/product\/2894","targetHints":{"allow":["GET"]}}],"collection":[{"href":"https:\/\/distribucionarc.com\/nb\/wp-json\/wp\/v2\/product"}],"about":[{"href":"https:\/\/distribucionarc.com\/nb\/wp-json\/wp\/v2\/types\/product"}],"replies":[{"embeddable":true,"href":"https:\/\/distribucionarc.com\/nb\/wp-json\/wp\/v2\/comments?post=2894"}],"version-history":[{"count":0,"href":"https:\/\/distribucionarc.com\/nb\/wp-json\/wp\/v2\/product\/2894\/revisions"}],"wp:featuredmedia":[{"embeddable":true,"href":"https:\/\/distribucionarc.com\/nb\/wp-json\/wp\/v2\/media\/2901"}],"wp:attachment":[{"href":"https:\/\/distribucionarc.com\/nb\/wp-json\/wp\/v2\/media?parent=2894"}],"wp:term":[{"taxonomy":"product_brand","embeddable":true,"href":"https:\/\/distribucionarc.com\/nb\/wp-json\/wp\/v2\/product_brand?post=2894"},{"taxonomy":"product_cat","embeddable":true,"href":"https:\/\/distribucionarc.com\/nb\/wp-json\/wp\/v2\/product_cat?post=2894"},{"taxonomy":"product_tag","embeddable":true,"href":"https:\/\/distribucionarc.com\/nb\/wp-json\/wp\/v2\/product_tag?post=2894"}],"curies":[{"name":"wp","href":"https:\/\/api.w.org\/{rel}","templated":true}]}}