{"id":2907,"date":"2020-08-25T14:48:58","date_gmt":"2020-08-25T14:48:58","guid":{"rendered":"https:\/\/distribucionarc.com\/?post_type=product&#038;p=2907"},"modified":"2020-10-01T11:24:27","modified_gmt":"2020-10-01T11:24:27","slug":"elektrisk-emballasje-skriver-utskrift-etiketter","status":"publish","type":"product","link":"https:\/\/distribucionarc.com\/nb\/producto\/impresora-para-envases-electrica-etiquetadora-de-impresion\/","title":{"rendered":"Elektrisk emballasjeskriver, utskrift av etiketter"},"content":{"rendered":"<h3>Elektrisk emballasjeskriver, utskrift av etiketter<\/h3>\n<p>Takket v\u00e6re det<strong> batch-skriver<\/strong> Det holder blekket i en tank, det har fordelen av \u00e5 spare og holde blekket rent samt forhindre at blekket t\u00f8rker i bladskrapemodellen. St\u00e5lskraperingen har ekstremt lang levetid.<\/p>\n<p>Datoen eller skiltet er meislet ved kjemisk reaksjon p\u00e5 en st\u00e5ltrykkplate og den magnetiske absorpsjonen mellom kruset og st\u00e5lutskriftspanelet kan perfekt forsegle blekket p\u00e5 kruset. Den fantastiske hastigheten p\u00e5 arbeidet til <strong>emballasjeskriver <span style=\"color: #ff0000;\">TIL<\/span><span style=\"color: #0000ff;\">R<\/span>CILA32M<\/strong> lar deg skrive ut p\u00e5 <strong>3200 containere i timen<\/strong> p\u00e5 den mest presise m\u00e5ten.<\/p>\n<h6><strong>Garanti<span style=\"color: #ff0000;\">\u00a0TIL<\/span><\/strong><span style=\"color: #0000ff;\"><strong>R<\/strong><\/span><strong>C 2 \u00c5R<\/strong><\/h6>\n<h6><strong>teknisk st\u00f8tte inkludert<\/strong><\/h6>\n<p>&nbsp;<\/p>\n<table role=\"presentation\" width=\"100%\" cellspacing=\"0\" cellpadding=\"0\">\n<tbody>\n<tr>\n<td class=\"attrLabels\">Merke:<\/td>\n<td width=\"50.0%\">BUE<\/td>\n<\/tr>\n<tr>\n<td class=\"attrLabels\">Distribusjonsland:<\/td>\n<td width=\"50.0%\">Spania, Tyskland, USA<\/td>\n<td class=\"attrLabels\">Arbeidshastighet:<\/td>\n<td width=\"50.0%\">3200 ganger i timen<\/td>\n<\/tr>\n<tr>\n<td class=\"attrLabels\">Produsentnummer:<\/td>\n<td width=\"50.0%\">ARCILA32M<\/td>\n<td class=\"attrLabels\">Utskriftsh\u00f8yde:<\/td>\n<td width=\"50.0%\">38 cm<\/td>\n<\/tr>\n<tr>\n<td class=\"attrLabels\">Farge:<\/td>\n<td width=\"50.0%\">Bl\u00e5<\/td>\n<td class=\"attrLabels\">Minimum maksimal utskriftsh\u00f8yde:<\/td>\n<td width=\"50.0%\">50 mm \u2013 1,5 mm<\/td>\n<\/tr>\n<tr>\n<td class=\"attrLabels\">Produkttype:<\/td>\n<td width=\"50.0%\">Etikettskriver<\/td>\n<td class=\"attrLabels\">Makt:<\/td>\n<td width=\"50.0%\">100 W<\/td>\n<\/tr>\n<tr>\n<td class=\"attrLabels\">Vekt:<\/td>\n<td width=\"50.0%\">21 kg<\/td>\n<td class=\"attrLabels\">Spenning:<\/td>\n<td width=\"50.0%\">220V\/60 Hz<\/td>\n<\/tr>\n<tr>\n<td class=\"attrLabels\">H\u00f8yde:<\/td>\n<td width=\"50.0%\">56<\/td>\n<td class=\"attrLabels\">Blekkkoppens diameter:<\/td>\n<td width=\"50.0%\">60 mm<\/td>\n<\/tr>\n<tr>\n<td class=\"attrLabels\">Lang:<\/td>\n<td width=\"50.0%\">\u00a0 40,5<\/td>\n<td class=\"attrLabels\">Kontinuerlig brukstid:<\/td>\n<td width=\"50.0%\">10 \u2013 30 timer<\/td>\n<\/tr>\n<tr>\n<td class=\"attrLabels\">Bred:<\/td>\n<td width=\"50.0%\">43,5<\/td>\n<td class=\"attrLabels\">Garanti:<\/td>\n<td width=\"50.0%\">2 \u00e5r<\/td>\n<\/tr>\n<\/tbody>\n<\/table>","protected":false},"excerpt":{"rendered":"<h2>Elektrisk emballasjeskriver, utskrift av etiketter<\/h2>\n<p>De<strong> elektrisk puteskriver <span style=\"color: #ff0000;\">TIL<\/span><span style=\"color: #0000ff;\">R<\/span>c<\/strong> Den brukes til \u00e5 skrive ut varemerker eller utl\u00f8psdatoer, batchnummer, skilt eller logo p\u00e5 flasker, papirer, kopper eller bokser av de fleste typer materialer, som plast eller metall. I tillegg er denne serien med kodeutskriftsmaskiner egnet for utskrift av eksportdato, gyldig dato, unike tall og bilder, med h\u00f8y utskriftshastighet, attraktiv og ren bokstavform.<\/p>\n<h6><strong>Garanti<span style=\"color: #ff0000;\">\u00a0TIL<\/span><\/strong><span style=\"color: #0000ff;\"><strong>R<\/strong><\/span><strong>C 2 \u00c5R<\/strong><\/h6>\n<h6><strong>teknisk st\u00f8tte inkludert<\/strong><\/h6>","protected":false},"featured_media":2908,"comment_status":"open","ping_status":"closed","template":"","meta":{"wds_primary_product_brand":0,"wds_primary_product_cat":0},"product_brand":[],"product_cat":[69],"product_tag":[],"class_list":{"0":"post-2907","1":"product","2":"type-product","3":"status-publish","4":"has-post-thumbnail","6":"product_cat-maquinas-variadas","7":"product_shipping_class-express","9":"first","10":"instock","11":"sale","12":"taxable","13":"shipping-taxable","14":"purchasable","15":"product-type-simple"},"yoast_head":"<!-- This site is optimized with the Yoast SEO Premium plugin v24.9 (Yoast SEO v26.1) - https:\/\/yoast.com\/wordpress\/plugins\/seo\/ -->\n<title>Impresora para envases el\u00e9ctrica, etiquetadora de impresi\u00f3n - distribuci\u00f3n ARC<\/title>\n<meta name=\"robots\" content=\"index, follow, max-snippet:-1, max-image-preview:large, max-video-preview:-1\" \/>\n<link rel=\"canonical\" href=\"https:\/\/distribucionarc.com\/nb\/produkter\/elektrisk-emballasje-skriver-utskrift-etiketter\/\" \/>\n<meta property=\"og:locale\" content=\"nb_NO\" \/>\n<meta property=\"og:type\" content=\"article\" \/>\n<meta property=\"og:title\" content=\"Impresora para envases el\u00e9ctrica, etiquetadora de impresi\u00f3n\" \/>\n<meta property=\"og:description\" content=\"Impresora para envases el\u00e9ctrica, etiquetadora de impresi\u00f3n La impresora de almohadilla el\u00e9ctrica ARC se utiliza para imprimir las marcas comerciales o fechas de vencimiento, n\u00famero de lote, letrero o logotipo en botellas, papeles, vasos o cajas de la mayor\u00eda de los tipos de materiales, como pl\u00e1stico o metal. Adem\u00e1s, esta serie de m\u00e1quinas de impresi\u00f3n de c\u00f3digos es adecuada para imprimir la fecha de exportaci\u00f3n, la fecha v\u00e1lida, n\u00fameros \u00fanicos y fotos, con alta velocidad de impresi\u00f3n, forma de letra atractiva y limpia. Garant\u00eda\u00a0ARC 2 A\u00d1OS soporte t\u00e9cnico incluido\" \/>\n<meta property=\"og:url\" content=\"https:\/\/distribucionarc.com\/nb\/produkter\/elektrisk-emballasje-skriver-utskrift-etiketter\/\" \/>\n<meta property=\"og:site_name\" content=\"distribuci\u00f3n ARC\" \/>\n<meta property=\"article:modified_time\" content=\"2020-10-01T11:24:27+00:00\" \/>\n<meta property=\"og:image\" content=\"https:\/\/distribucionarc.com\/wp-content\/uploads\/2020\/08\/Impresora-para-envases-el\u00e9ctrica-etiquetadora-de-impresi\u00f3n-0.jpg\" \/>\n\t<meta property=\"og:image:width\" content=\"1600\" \/>\n\t<meta property=\"og:image:height\" content=\"1600\" \/>\n\t<meta property=\"og:image:type\" content=\"image\/jpeg\" \/>\n<meta name=\"twitter:card\" content=\"summary_large_image\" \/>\n<meta name=\"twitter:label1\" content=\"Ansl. lesetid\" \/>\n\t<meta name=\"twitter:data1\" content=\"1 minutt\" \/>\n<script type=\"application\/ld+json\" class=\"yoast-schema-graph\">{\"@context\":\"https:\/\/schema.org\",\"@graph\":[{\"@type\":\"WebPage\",\"@id\":\"https:\/\/distribucionarc.com\/nb\/producto\/impresora-para-envases-electrica-etiquetadora-de-impresion\/\",\"url\":\"https:\/\/distribucionarc.com\/nb\/producto\/impresora-para-envases-electrica-etiquetadora-de-impresion\/\",\"name\":\"Impresora para envases el\u00e9ctrica, etiquetadora de impresi\u00f3n - distribuci\u00f3n ARC\",\"isPartOf\":{\"@id\":\"https:\/\/www.distribucionarc.com\/tr\/#website\"},\"primaryImageOfPage\":{\"@id\":\"https:\/\/distribucionarc.com\/nb\/producto\/impresora-para-envases-electrica-etiquetadora-de-impresion\/#primaryimage\"},\"image\":{\"@id\":\"https:\/\/distribucionarc.com\/nb\/producto\/impresora-para-envases-electrica-etiquetadora-de-impresion\/#primaryimage\"},\"thumbnailUrl\":\"https:\/\/distribucionarc.com\/wp-content\/uploads\/2020\/08\/Impresora-para-envases-el\u00e9ctrica-etiquetadora-de-impresi\u00f3n-0.jpg\",\"datePublished\":\"2020-08-25T14:48:58+00:00\",\"dateModified\":\"2020-10-01T11:24:27+00:00\",\"breadcrumb\":{\"@id\":\"https:\/\/distribucionarc.com\/nb\/producto\/impresora-para-envases-electrica-etiquetadora-de-impresion\/#breadcrumb\"},\"inLanguage\":\"nb-NO\",\"potentialAction\":[{\"@type\":\"ReadAction\",\"target\":[\"https:\/\/distribucionarc.com\/nb\/producto\/impresora-para-envases-electrica-etiquetadora-de-impresion\/\"]}]},{\"@type\":\"ImageObject\",\"inLanguage\":\"nb-NO\",\"@id\":\"https:\/\/distribucionarc.com\/nb\/producto\/impresora-para-envases-electrica-etiquetadora-de-impresion\/#primaryimage\",\"url\":\"https:\/\/distribucionarc.com\/wp-content\/uploads\/2020\/08\/Impresora-para-envases-el\u00e9ctrica-etiquetadora-de-impresi\u00f3n-0.jpg\",\"contentUrl\":\"https:\/\/distribucionarc.com\/wp-content\/uploads\/2020\/08\/Impresora-para-envases-el\u00e9ctrica-etiquetadora-de-impresi\u00f3n-0.jpg\",\"width\":1600,\"height\":1600,\"caption\":\"Impresora para envases el\u00e9ctrica, etiquetadora de impresi\u00f3n\"},{\"@type\":\"BreadcrumbList\",\"@id\":\"https:\/\/distribucionarc.com\/nb\/producto\/impresora-para-envases-electrica-etiquetadora-de-impresion\/#breadcrumb\",\"itemListElement\":[{\"@type\":\"ListItem\",\"position\":1,\"name\":\"Portada\",\"item\":\"https:\/\/www.distribucionarc.com\/tr\/\"},{\"@type\":\"ListItem\",\"position\":2,\"name\":\"Produktai\",\"item\":\"https:\/\/distribucionarc.com\/lt\/parduotuve\/\"},{\"@type\":\"ListItem\",\"position\":3,\"name\":\"Impresora para envases el\u00e9ctrica, etiquetadora de impresi\u00f3n\"}]},{\"@type\":\"WebSite\",\"@id\":\"https:\/\/www.distribucionarc.com\/tr\/#website\",\"url\":\"https:\/\/www.distribucionarc.com\/tr\/\",\"name\":\"distribuci\u00f3n ARC\",\"description\":\"Empresa especializada en la fabricaci\u00f3n y distribuci\u00f3n de maquinaria industrial, selladoras de latas, Maquinas de hacer pastillas, Maquinas de cortar carne...\",\"publisher\":{\"@id\":\"https:\/\/www.distribucionarc.com\/tr\/#organization\"},\"potentialAction\":[{\"@type\":\"SearchAction\",\"target\":{\"@type\":\"EntryPoint\",\"urlTemplate\":\"https:\/\/www.distribucionarc.com\/tr\/?s={search_term_string}\"},\"query-input\":{\"@type\":\"PropertyValueSpecification\",\"valueRequired\":true,\"valueName\":\"search_term_string\"}}],\"inLanguage\":\"nb-NO\"},{\"@type\":\"Organization\",\"@id\":\"https:\/\/www.distribucionarc.com\/tr\/#organization\",\"name\":\"Distribuci\u00f3n ARC\",\"url\":\"https:\/\/www.distribucionarc.com\/tr\/\",\"logo\":{\"@type\":\"ImageObject\",\"inLanguage\":\"nb-NO\",\"@id\":\"https:\/\/www.distribucionarc.com\/tr\/#\/schema\/logo\/image\/\",\"url\":\"https:\/\/distribucionarc.com\/wp-content\/uploads\/2024\/10\/distribucion-ARC-COLOR-SIN-FONDO-e1732295305345.png\",\"contentUrl\":\"https:\/\/distribucionarc.com\/wp-content\/uploads\/2024\/10\/distribucion-ARC-COLOR-SIN-FONDO-e1732295305345.png\",\"width\":1164,\"height\":558,\"caption\":\"Distribuci\u00f3n ARC\"},\"image\":{\"@id\":\"https:\/\/www.distribucionarc.com\/tr\/#\/schema\/logo\/image\/\"},\"description\":\"Empresa especializada en la fabricaci\u00f3n y distribuci\u00f3n de maquinaria industrial para los sectores alimentario y farmac\u00e9utico. Nos especializamos en: M\u00e1quinas de cortar carne Fabricaci\u00f3n de comprimidos Sistemas de transporte industrial L\u00edneas de embotellado Dosificadores Y mucho m\u00e1s... Ofrecemos soluciones innovadoras y personalizadas para optimizar los procesos productivos de tu empresa.\",\"email\":\"Admistracion@distribucionarc.com\",\"telephone\":\"+34 643496664\",\"legalName\":\"ARC TECH SOLUTIONS\",\"foundingDate\":\"2024-04-09\",\"vatID\":\"B55480172\",\"numberOfEmployees\":{\"@type\":\"QuantitativeValue\",\"minValue\":\"1\",\"maxValue\":\"10\"}}]}<\/script>\n<!-- \/ Yoast SEO Premium plugin. -->","yoast_head_json":{"title":"Elektrisk emballasjeskriver, utskriftsetikett - ARC distribusjon","robots":{"index":"index","follow":"follow","max-snippet":"max-snippet:-1","max-image-preview":"max-image-preview:large","max-video-preview":"max-video-preview:-1"},"canonical":"https:\/\/distribucionarc.com\/nb\/produkter\/elektrisk-emballasje-skriver-utskrift-etiketter\/","og_locale":"nb_NO","og_type":"article","og_title":"Impresora para envases el\u00e9ctrica, etiquetadora de impresi\u00f3n","og_description":"Impresora para envases el\u00e9ctrica, etiquetadora de impresi\u00f3n La impresora de almohadilla el\u00e9ctrica ARC se utiliza para imprimir las marcas comerciales o fechas de vencimiento, n\u00famero de lote, letrero o logotipo en botellas, papeles, vasos o cajas de la mayor\u00eda de los tipos de materiales, como pl\u00e1stico o metal. Adem\u00e1s, esta serie de m\u00e1quinas de impresi\u00f3n de c\u00f3digos es adecuada para imprimir la fecha de exportaci\u00f3n, la fecha v\u00e1lida, n\u00fameros \u00fanicos y fotos, con alta velocidad de impresi\u00f3n, forma de letra atractiva y limpia. Garant\u00eda\u00a0ARC 2 A\u00d1OS soporte t\u00e9cnico incluido","og_url":"https:\/\/distribucionarc.com\/nb\/produkter\/elektrisk-emballasje-skriver-utskrift-etiketter\/","og_site_name":"distribuci\u00f3n ARC","article_modified_time":"2020-10-01T11:24:27+00:00","og_image":[{"width":1600,"height":1600,"url":"https:\/\/distribucionarc.com\/wp-content\/uploads\/2020\/08\/Impresora-para-envases-el\u00e9ctrica-etiquetadora-de-impresi\u00f3n-0.jpg","type":"image\/jpeg"}],"twitter_card":"summary_large_image","twitter_misc":{"Ansl. lesetid":"1 minutt"},"schema":{"@context":"https:\/\/schema.org","@graph":[{"@type":"WebPage","@id":"https:\/\/distribucionarc.com\/nb\/producto\/impresora-para-envases-electrica-etiquetadora-de-impresion\/","url":"https:\/\/distribucionarc.com\/nb\/producto\/impresora-para-envases-electrica-etiquetadora-de-impresion\/","name":"Elektrisk emballasjeskriver, utskriftsetikett - ARC distribusjon","isPartOf":{"@id":"https:\/\/www.distribucionarc.com\/tr\/#website"},"primaryImageOfPage":{"@id":"https:\/\/distribucionarc.com\/nb\/producto\/impresora-para-envases-electrica-etiquetadora-de-impresion\/#primaryimage"},"image":{"@id":"https:\/\/distribucionarc.com\/nb\/producto\/impresora-para-envases-electrica-etiquetadora-de-impresion\/#primaryimage"},"thumbnailUrl":"https:\/\/distribucionarc.com\/wp-content\/uploads\/2020\/08\/Impresora-para-envases-el\u00e9ctrica-etiquetadora-de-impresi\u00f3n-0.jpg","datePublished":"2020-08-25T14:48:58+00:00","dateModified":"2020-10-01T11:24:27+00:00","breadcrumb":{"@id":"https:\/\/distribucionarc.com\/nb\/producto\/impresora-para-envases-electrica-etiquetadora-de-impresion\/#breadcrumb"},"inLanguage":"nb-NO","potentialAction":[{"@type":"ReadAction","target":["https:\/\/distribucionarc.com\/nb\/producto\/impresora-para-envases-electrica-etiquetadora-de-impresion\/"]}]},{"@type":"ImageObject","inLanguage":"nb-NO","@id":"https:\/\/distribucionarc.com\/nb\/producto\/impresora-para-envases-electrica-etiquetadora-de-impresion\/#primaryimage","url":"https:\/\/distribucionarc.com\/wp-content\/uploads\/2020\/08\/Impresora-para-envases-el\u00e9ctrica-etiquetadora-de-impresi\u00f3n-0.jpg","contentUrl":"https:\/\/distribucionarc.com\/wp-content\/uploads\/2020\/08\/Impresora-para-envases-el\u00e9ctrica-etiquetadora-de-impresi\u00f3n-0.jpg","width":1600,"height":1600,"caption":"Impresora para envases el\u00e9ctrica, etiquetadora de impresi\u00f3n"},{"@type":"BreadcrumbList","@id":"https:\/\/distribucionarc.com\/nb\/producto\/impresora-para-envases-electrica-etiquetadora-de-impresion\/#breadcrumb","itemListElement":[{"@type":"ListItem","position":1,"name":"Portada","item":"https:\/\/www.distribucionarc.com\/tr\/"},{"@type":"ListItem","position":2,"name":"Produktai","item":"https:\/\/distribucionarc.com\/lt\/parduotuve\/"},{"@type":"ListItem","position":3,"name":"Impresora para envases el\u00e9ctrica, etiquetadora de impresi\u00f3n"}]},{"@type":"WebSite","@id":"https:\/\/www.distribucionarc.com\/tr\/#website","url":"https:\/\/www.distribucionarc.com\/tr\/","name":"ARC distribusjon","description":"Selskapet har spesialisert seg p\u00e5 produksjon og distribusjon av industrimaskiner, hermetikkboksforseglingsmaskiner, tablettmaskiner, kj\u00f8ttskj\u00e6remaskiner og...","publisher":{"@id":"https:\/\/www.distribucionarc.com\/tr\/#organization"},"potentialAction":[{"@type":"SearchAction","target":{"@type":"EntryPoint","urlTemplate":"https:\/\/www.distribucionarc.com\/tr\/?s={search_term_string}"},"query-input":{"@type":"PropertyValueSpecification","valueRequired":true,"valueName":"search_term_string"}}],"inLanguage":"nb-NO"},{"@type":"Organization","@id":"https:\/\/www.distribucionarc.com\/tr\/#organization","name":"ARC distribusjon","url":"https:\/\/www.distribucionarc.com\/tr\/","logo":{"@type":"ImageObject","inLanguage":"nb-NO","@id":"https:\/\/www.distribucionarc.com\/tr\/#\/schema\/logo\/image\/","url":"https:\/\/distribucionarc.com\/wp-content\/uploads\/2024\/10\/distribucion-ARC-COLOR-SIN-FONDO-e1732295305345.png","contentUrl":"https:\/\/distribucionarc.com\/wp-content\/uploads\/2024\/10\/distribucion-ARC-COLOR-SIN-FONDO-e1732295305345.png","width":1164,"height":558,"caption":"Distribuci\u00f3n ARC"},"image":{"@id":"https:\/\/www.distribucionarc.com\/tr\/#\/schema\/logo\/image\/"},"description":"Selskap som har spesialisert seg p\u00e5 produksjon og distribusjon av industrimaskiner til n\u00e6ringsmiddel- og farmasisektoren. Vi er spesialister p\u00e5: Kj\u00f8ttskj\u00e6remaskiner Tablettilvirkning Industrielle transportsystemer Tappelinjer Dispensere Og mye mer... Vi tilbyr innovative og skreddersydde l\u00f8sninger for \u00e5 optimalisere bedriftens produksjonsprosesser.","email":"Admistracion@distribucionarc.com","telephone":"+34 643496664","legalName":"ARC TECH SOLUTIONS","foundingDate":"2024-04-09","vatID":"B55480172","numberOfEmployees":{"@type":"QuantitativeValue","minValue":"1","maxValue":"10"}}]}},"_links":{"self":[{"href":"https:\/\/distribucionarc.com\/nb\/wp-json\/wp\/v2\/product\/2907","targetHints":{"allow":["GET"]}}],"collection":[{"href":"https:\/\/distribucionarc.com\/nb\/wp-json\/wp\/v2\/product"}],"about":[{"href":"https:\/\/distribucionarc.com\/nb\/wp-json\/wp\/v2\/types\/product"}],"replies":[{"embeddable":true,"href":"https:\/\/distribucionarc.com\/nb\/wp-json\/wp\/v2\/comments?post=2907"}],"version-history":[{"count":0,"href":"https:\/\/distribucionarc.com\/nb\/wp-json\/wp\/v2\/product\/2907\/revisions"}],"wp:featuredmedia":[{"embeddable":true,"href":"https:\/\/distribucionarc.com\/nb\/wp-json\/wp\/v2\/media\/2908"}],"wp:attachment":[{"href":"https:\/\/distribucionarc.com\/nb\/wp-json\/wp\/v2\/media?parent=2907"}],"wp:term":[{"taxonomy":"product_brand","embeddable":true,"href":"https:\/\/distribucionarc.com\/nb\/wp-json\/wp\/v2\/product_brand?post=2907"},{"taxonomy":"product_cat","embeddable":true,"href":"https:\/\/distribucionarc.com\/nb\/wp-json\/wp\/v2\/product_cat?post=2907"},{"taxonomy":"product_tag","embeddable":true,"href":"https:\/\/distribucionarc.com\/nb\/wp-json\/wp\/v2\/product_tag?post=2907"}],"curies":[{"name":"wp","href":"https:\/\/api.w.org\/{rel}","templated":true}]}}