{"id":3070,"date":"2020-09-21T12:14:29","date_gmt":"2020-09-21T12:14:29","guid":{"rendered":"https:\/\/distribucionarc.com\/?post_type=product&#038;p=3070"},"modified":"2020-10-01T13:48:45","modified_gmt":"2020-10-01T13:48:45","slug":"tallerkenvarmer-med-8-brett","status":"publish","type":"product","link":"https:\/\/distribucionarc.com\/nb\/producto\/calentador-de-platos-de-8-bandejas\/","title":{"rendered":"8 brett tallerkenvarmer"},"content":{"rendered":"<h3>8 brett tallerkenvarmer<\/h3>\n<p>Dette <strong>bain-marie varmeapparat til mat<\/strong> er laget av de beste<strong>matkvalitet rustfritt st\u00e5l null<\/strong>, som sikrer et holdbart produkt som overholder helseforskriftene. Tykkelsen p\u00e5 arkene n\u00e5r opp til 0,7 mm. Det 304 rustfritt st\u00e5l U-formede varmeelementet tar i bruk tredimensjonal oppvarming, med h\u00f8y temperatursirkulasjon og st\u00f8rre oppvarmingsomr\u00e5de som sikrer deg mer effektivitet.<\/p>\n<p>Dette <strong>suppe varmere <span style=\"color: #ff0000;\">TIL<\/span><span style=\"color: #0000ff;\">R<\/span>c<\/strong> Spesiell for buffet, den har en avtagbar 8 mm tykk herdet glassbeskytter. Takket v\u00e6re glassskjoldet kan kundene dine direkte observere oppvasken deres, samtidig som de s\u00f8rger for mathygiene.<\/p>\n<p>Dette <strong>brett for \u00e5 holde maten varm <span style=\"color: #ff0000;\">TIL<\/span><span style=\"color: #0000ff;\">R<\/span>CBBM8<\/strong> Den leveres med \u00e5tte uttakbare kasseroller med stor kapasitet, som er laget av rustfritt st\u00e5l av matvarekvalitet. Dimensjonen til hver <strong>brett<\/strong> er fra <strong>1\/2 universell st\u00f8rrelse<\/strong>\u00a0(32,5\u00d726,5\u00d715 cm) selv om disse er opptil 5 cm dypere enn andre, og oppn\u00e5r en ekstra kapasitet p\u00e5 50%. Hvert matbrett har et lokk i rustfritt st\u00e5l for \u00e5 hindre at st\u00f8v kommer inn i maten.<\/p>\n<p>Du kan enkelt justere temperaturen fra 30\u2103 til 85\u2103 med dreieknappen. Et termometer viser deg temperaturen i sanntid. Den er utstyrt med en avl\u00f8pskran for enkelt \u00e5 t\u00f8mme overfl\u00f8dig vann.<\/p>\n<h6><strong>Garanti\u00a0<span style=\"color: #ff0000;\">TIL<\/span><span style=\"color: #0000ff;\">R<\/span>C 2 \u00c5R<\/strong><\/h6>\n<h6><span style=\"color: #008000;\">Effektiv matvarmer, lavt forbruk 1350w<\/span><\/h6>\n<h6><strong>teknisk st\u00f8tte inkludert<\/strong><\/h6>\n<p>&nbsp;<\/p>\n<table role=\"presentation\" width=\"100%\" cellspacing=\"0\" cellpadding=\"0\">\n<tbody>\n<tr>\n<td class=\"attrLabels\">Merke:<\/td>\n<td width=\"50.0%\">BUE<\/td>\n<\/tr>\n<tr>\n<td class=\"attrLabels\">Distribusjonsland:<\/td>\n<td width=\"50.0%\">Spania, Tyskland, USA<\/td>\n<td class=\"attrLabels\">Vekt:<\/td>\n<td width=\"50.0%\">28 kg<\/td>\n<\/tr>\n<tr>\n<td class=\"attrLabels\">Merke:<\/td>\n<td width=\"50.0%\">BUE<\/td>\n<td class=\"attrLabels\">H\u00f8yde:<\/td>\n<td width=\"50.0%\">40 cm<\/td>\n<\/tr>\n<tr>\n<td class=\"attrLabels\">Farge:<\/td>\n<td width=\"50.0%\">S\u00f8lv<\/td>\n<td class=\"attrLabels\">Lang:<\/td>\n<td width=\"50.0%\">147 cm<\/td>\n<\/tr>\n<tr>\n<td class=\"attrLabels\">Produkttype:<\/td>\n<td width=\"50.0%\">Matoppvarmingsbrett<\/td>\n<td class=\"attrLabels\">Bred:<\/td>\n<td width=\"50.0%\">57,9 cm<\/td>\n<\/tr>\n<tr>\n<td class=\"attrLabels\">Produsentnummer:<\/td>\n<td width=\"50.0%\">ARCBBM8<\/td>\n<td class=\"attrLabels\">Makt:<\/td>\n<td width=\"50.0%\">1350W<\/td>\n<\/tr>\n<tr>\n<td class=\"attrLabels\">Materiale:<\/td>\n<td width=\"50.0%\">rustfritt st\u00e5l, temperaturkontroll<\/td>\n<td class=\"attrLabels\">inngangsspenning<\/td>\n<td width=\"50.0%\">230V \u2013 50Hz<\/td>\n<\/tr>\n<tr>\n<td class=\"attrLabels\">Garanti:<\/td>\n<td width=\"50.0%\">\u00a0 2 \u00e5r<\/td>\n<td class=\"attrLabels\">Temperatur:<\/td>\n<td width=\"50.0%\">30\u00ba \u2013 85\u00ba C<\/td>\n<\/tr>\n<tr>\n<td class=\"attrLabels\">Installasjonsverkt\u00f8y:<\/td>\n<td width=\"50.0%\">Ja<\/td>\n<td class=\"attrLabels\">Beholdere:<\/td>\n<td width=\"50.0%\">\u00a08 GN 1\/2 (32,5\u00d726,5\u00d715 cm)<\/td>\n<\/tr>\n<\/tbody>\n<\/table>","protected":false},"excerpt":{"rendered":"<h2>8 brett tallerkenvarmer<\/h2>\n<p>De<strong> tallerkenvarmere <span style=\"color: #ff0000;\">TIL<\/span><span style=\"color: #0000ff;\">R<\/span>c<\/strong> holder ferdigkokt mat p\u00e5 den perfekte temperaturen slik at den beholder all sin smak og tekstur i lange perioder. De er laget av rustfritt st\u00e5l av beste matkvalitet, enkle \u00e5 rengj\u00f8re, hygieniske og endrer ikke smaken til produktet. Bare fyll den angitte vannstanden og juster de 8 brettene p\u00e5 benken. Den har herdet glass for \u00e5 sikre st\u00f8rre hygiene og lette synlighet av maten. Du kan justere temperaturen mellom 30 \u2103 og 85 \u2103 med dreieknappen for \u00e5 holde maten varm uten \u00e5 feste seg, brenne eller t\u00f8rke ut. Disse <strong>doble varmeovner<\/strong> De er ideelle for buffeer, restauranter, barer, gatekj\u00f8kken, hoteller, etc.<\/p>\n<h6><strong>Garanti\u00a0<span style=\"color: #ff0000;\">TIL<\/span><span style=\"color: #0000ff;\">R<\/span>C 2 \u00c5R<\/strong><\/h6>\n<h6><span style=\"color: #008000;\">Effektiv matvarmer, lavt forbruk 1350w<\/span><\/h6>\n<h6><strong>teknisk st\u00f8tte inkludert<\/strong><\/h6>","protected":false},"featured_media":3076,"comment_status":"open","ping_status":"closed","template":"","meta":{"wds_primary_product_brand":0,"wds_primary_product_cat":0},"product_brand":[],"product_cat":[41],"product_tag":[],"class_list":{"0":"post-3070","1":"product","2":"type-product","3":"status-publish","4":"has-post-thumbnail","6":"product_cat-expositor-de-alimentos","7":"product_shipping_class-express","9":"first","10":"instock","11":"sale","12":"taxable","13":"shipping-taxable","14":"purchasable","15":"product-type-simple"},"yoast_head":"<!-- This site is optimized with the Yoast SEO Premium plugin v24.9 (Yoast SEO v26.1) - https:\/\/yoast.com\/wordpress\/plugins\/seo\/ -->\n<title>Calentador de platos de 8 bandejas - distribuci\u00f3n ARC<\/title>\n<meta name=\"robots\" content=\"index, follow, max-snippet:-1, max-image-preview:large, max-video-preview:-1\" \/>\n<link rel=\"canonical\" href=\"https:\/\/www.distribucionarc.com\/nb\/producto\/calentador-de-platos-de-8-bandejas\/\" \/>\n<meta property=\"og:locale\" content=\"nb_NO\" \/>\n<meta property=\"og:type\" content=\"article\" \/>\n<meta property=\"og:title\" content=\"Calentador de platos de 8 bandejas\" \/>\n<meta property=\"og:description\" content=\"Calentador de platos de 8 bandejas Los calentadores de platos ARC mantiene la comida precocinada a la temperatura perfecta para que conserven todo el sabor y textura durante largos periodos de tiempo. Est\u00e1n fabricados del mejor acero inoxidable para alimentos f\u00e1cil de limpiar, higi\u00e9nico y no alteran el sabor del producto. Tan solo llene el nivel de agua indicado y ajuste las 8 bandejas en el mostrador, cuenta con vidrio de cristal templado para asegurar mayor higiene y facilitar la visibilidad de los alimentos. Puede ajustar la temperatura entre 30\u2103 y 85\u2103 con el bot\u00f3n giratorio, para mantener la comida caliente sin que se pegue, queme o se seque. Estos calentadores de ba\u00f1o mar\u00eda son ideales para buffets, restaurantes, bares, restaurantes de comida r\u00e1pida, hoteles, etc. Garant\u00eda\u00a0ARC 2 A\u00d1OS Calentador de alimentos eficiente, bajo consumo 1350w soporte t\u00e9cnico incluido\" \/>\n<meta property=\"og:url\" content=\"https:\/\/www.distribucionarc.com\/nb\/producto\/calentador-de-platos-de-8-bandejas\/\" \/>\n<meta property=\"og:site_name\" content=\"distribuci\u00f3n ARC\" \/>\n<meta property=\"article:modified_time\" content=\"2020-10-01T13:48:45+00:00\" \/>\n<meta property=\"og:image\" content=\"https:\/\/www.distribucionarc.com\/wp-content\/uploads\/2020\/09\/Calentador-de-platos-de-8-bandejas-10.jpg\" \/>\n\t<meta property=\"og:image:width\" content=\"1600\" \/>\n\t<meta property=\"og:image:height\" content=\"1600\" \/>\n\t<meta property=\"og:image:type\" content=\"image\/jpeg\" \/>\n<meta name=\"twitter:card\" content=\"summary_large_image\" \/>\n<meta name=\"twitter:label1\" content=\"Ansl. lesetid\" \/>\n\t<meta name=\"twitter:data1\" content=\"2 minutter\" \/>\n<script type=\"application\/ld+json\" class=\"yoast-schema-graph\">{\"@context\":\"https:\/\/schema.org\",\"@graph\":[{\"@type\":\"WebPage\",\"@id\":\"https:\/\/www.distribucionarc.com\/nb\/producto\/calentador-de-platos-de-8-bandejas\/\",\"url\":\"https:\/\/www.distribucionarc.com\/nb\/producto\/calentador-de-platos-de-8-bandejas\/\",\"name\":\"Calentador de platos de 8 bandejas - distribuci\u00f3n ARC\",\"isPartOf\":{\"@id\":\"https:\/\/www.distribucionarc.com\/de\/#website\"},\"primaryImageOfPage\":{\"@id\":\"https:\/\/www.distribucionarc.com\/nb\/producto\/calentador-de-platos-de-8-bandejas\/#primaryimage\"},\"image\":{\"@id\":\"https:\/\/www.distribucionarc.com\/nb\/producto\/calentador-de-platos-de-8-bandejas\/#primaryimage\"},\"thumbnailUrl\":\"https:\/\/distribucionarc.com\/wp-content\/uploads\/2020\/09\/Calentador-de-platos-de-8-bandejas-10.jpg\",\"datePublished\":\"2020-09-21T12:14:29+00:00\",\"dateModified\":\"2020-10-01T13:48:45+00:00\",\"breadcrumb\":{\"@id\":\"https:\/\/www.distribucionarc.com\/nb\/producto\/calentador-de-platos-de-8-bandejas\/#breadcrumb\"},\"inLanguage\":\"nb-NO\",\"potentialAction\":[{\"@type\":\"ReadAction\",\"target\":[\"https:\/\/www.distribucionarc.com\/nb\/producto\/calentador-de-platos-de-8-bandejas\/\"]}]},{\"@type\":\"ImageObject\",\"inLanguage\":\"nb-NO\",\"@id\":\"https:\/\/www.distribucionarc.com\/nb\/producto\/calentador-de-platos-de-8-bandejas\/#primaryimage\",\"url\":\"https:\/\/distribucionarc.com\/wp-content\/uploads\/2020\/09\/Calentador-de-platos-de-8-bandejas-10.jpg\",\"contentUrl\":\"https:\/\/distribucionarc.com\/wp-content\/uploads\/2020\/09\/Calentador-de-platos-de-8-bandejas-10.jpg\",\"width\":1600,\"height\":1600,\"caption\":\"Calentador de platos de 8 bandejas\"},{\"@type\":\"BreadcrumbList\",\"@id\":\"https:\/\/www.distribucionarc.com\/nb\/producto\/calentador-de-platos-de-8-bandejas\/#breadcrumb\",\"itemListElement\":[{\"@type\":\"ListItem\",\"position\":1,\"name\":\"Portada\",\"item\":\"https:\/\/www.distribucionarc.com\/en\/\"},{\"@type\":\"ListItem\",\"position\":2,\"name\":\"Products\",\"item\":\"https:\/\/www.distribucionarc.com\/en\/shop\/\"},{\"@type\":\"ListItem\",\"position\":3,\"name\":\"Calentador de platos de 8 bandejas\"}]},{\"@type\":\"WebSite\",\"@id\":\"https:\/\/www.distribucionarc.com\/de\/#website\",\"url\":\"https:\/\/www.distribucionarc.com\/de\/\",\"name\":\"distribuci\u00f3n ARC\",\"description\":\"Empresa especializada en la fabricaci\u00f3n y distribuci\u00f3n de maquinaria industrial, selladoras de latas, Maquinas de hacer pastillas, Maquinas de cortar carne...\",\"publisher\":{\"@id\":\"https:\/\/www.distribucionarc.com\/de\/#organization\"},\"potentialAction\":[{\"@type\":\"SearchAction\",\"target\":{\"@type\":\"EntryPoint\",\"urlTemplate\":\"https:\/\/www.distribucionarc.com\/de\/?s={search_term_string}\"},\"query-input\":{\"@type\":\"PropertyValueSpecification\",\"valueRequired\":true,\"valueName\":\"search_term_string\"}}],\"inLanguage\":\"nb-NO\"},{\"@type\":\"Organization\",\"@id\":\"https:\/\/www.distribucionarc.com\/de\/#organization\",\"name\":\"Distribuci\u00f3n ARC\",\"url\":\"https:\/\/www.distribucionarc.com\/de\/\",\"logo\":{\"@type\":\"ImageObject\",\"inLanguage\":\"nb-NO\",\"@id\":\"https:\/\/www.distribucionarc.com\/de\/#\/schema\/logo\/image\/\",\"url\":\"https:\/\/distribucionarc.com\/wp-content\/uploads\/2024\/10\/distribucion-ARC-COLOR-SIN-FONDO-e1732295305345.png\",\"contentUrl\":\"https:\/\/distribucionarc.com\/wp-content\/uploads\/2024\/10\/distribucion-ARC-COLOR-SIN-FONDO-e1732295305345.png\",\"width\":1164,\"height\":558,\"caption\":\"Distribuci\u00f3n ARC\"},\"image\":{\"@id\":\"https:\/\/www.distribucionarc.com\/de\/#\/schema\/logo\/image\/\"},\"description\":\"Empresa especializada en la fabricaci\u00f3n y distribuci\u00f3n de maquinaria industrial para los sectores alimentario y farmac\u00e9utico. Nos especializamos en: M\u00e1quinas de cortar carne Fabricaci\u00f3n de comprimidos Sistemas de transporte industrial L\u00edneas de embotellado Dosificadores Y mucho m\u00e1s... Ofrecemos soluciones innovadoras y personalizadas para optimizar los procesos productivos de tu empresa.\",\"email\":\"Admistracion@distribucionarc.com\",\"telephone\":\"+34 643496664\",\"legalName\":\"ARC TECH SOLUTIONS\",\"foundingDate\":\"2024-04-09\",\"vatID\":\"B55480172\",\"numberOfEmployees\":{\"@type\":\"QuantitativeValue\",\"minValue\":\"1\",\"maxValue\":\"10\"}}]}<\/script>\n<!-- \/ Yoast SEO Premium plugin. -->","yoast_head_json":{"title":"8-bretts oppvaskvarmer - ARC-fordeling","robots":{"index":"index","follow":"follow","max-snippet":"max-snippet:-1","max-image-preview":"max-image-preview:large","max-video-preview":"max-video-preview:-1"},"canonical":"https:\/\/www.distribucionarc.com\/nb\/producto\/calentador-de-platos-de-8-bandejas\/","og_locale":"nb_NO","og_type":"article","og_title":"Calentador de platos de 8 bandejas","og_description":"Calentador de platos de 8 bandejas Los calentadores de platos ARC mantiene la comida precocinada a la temperatura perfecta para que conserven todo el sabor y textura durante largos periodos de tiempo. Est\u00e1n fabricados del mejor acero inoxidable para alimentos f\u00e1cil de limpiar, higi\u00e9nico y no alteran el sabor del producto. Tan solo llene el nivel de agua indicado y ajuste las 8 bandejas en el mostrador, cuenta con vidrio de cristal templado para asegurar mayor higiene y facilitar la visibilidad de los alimentos. Puede ajustar la temperatura entre 30\u2103 y 85\u2103 con el bot\u00f3n giratorio, para mantener la comida caliente sin que se pegue, queme o se seque. Estos calentadores de ba\u00f1o mar\u00eda son ideales para buffets, restaurantes, bares, restaurantes de comida r\u00e1pida, hoteles, etc. Garant\u00eda\u00a0ARC 2 A\u00d1OS Calentador de alimentos eficiente, bajo consumo 1350w soporte t\u00e9cnico incluido","og_url":"https:\/\/www.distribucionarc.com\/nb\/producto\/calentador-de-platos-de-8-bandejas\/","og_site_name":"distribuci\u00f3n ARC","article_modified_time":"2020-10-01T13:48:45+00:00","og_image":[{"width":1600,"height":1600,"url":"https:\/\/www.distribucionarc.com\/wp-content\/uploads\/2020\/09\/Calentador-de-platos-de-8-bandejas-10.jpg","type":"image\/jpeg"}],"twitter_card":"summary_large_image","twitter_misc":{"Ansl. lesetid":"2 minutter"},"schema":{"@context":"https:\/\/schema.org","@graph":[{"@type":"WebPage","@id":"https:\/\/www.distribucionarc.com\/nb\/producto\/calentador-de-platos-de-8-bandejas\/","url":"https:\/\/www.distribucionarc.com\/nb\/producto\/calentador-de-platos-de-8-bandejas\/","name":"8-bretts oppvaskvarmer - ARC-fordeling","isPartOf":{"@id":"https:\/\/www.distribucionarc.com\/de\/#website"},"primaryImageOfPage":{"@id":"https:\/\/www.distribucionarc.com\/nb\/producto\/calentador-de-platos-de-8-bandejas\/#primaryimage"},"image":{"@id":"https:\/\/www.distribucionarc.com\/nb\/producto\/calentador-de-platos-de-8-bandejas\/#primaryimage"},"thumbnailUrl":"https:\/\/distribucionarc.com\/wp-content\/uploads\/2020\/09\/Calentador-de-platos-de-8-bandejas-10.jpg","datePublished":"2020-09-21T12:14:29+00:00","dateModified":"2020-10-01T13:48:45+00:00","breadcrumb":{"@id":"https:\/\/www.distribucionarc.com\/nb\/producto\/calentador-de-platos-de-8-bandejas\/#breadcrumb"},"inLanguage":"nb-NO","potentialAction":[{"@type":"ReadAction","target":["https:\/\/www.distribucionarc.com\/nb\/producto\/calentador-de-platos-de-8-bandejas\/"]}]},{"@type":"ImageObject","inLanguage":"nb-NO","@id":"https:\/\/www.distribucionarc.com\/nb\/producto\/calentador-de-platos-de-8-bandejas\/#primaryimage","url":"https:\/\/distribucionarc.com\/wp-content\/uploads\/2020\/09\/Calentador-de-platos-de-8-bandejas-10.jpg","contentUrl":"https:\/\/distribucionarc.com\/wp-content\/uploads\/2020\/09\/Calentador-de-platos-de-8-bandejas-10.jpg","width":1600,"height":1600,"caption":"Calentador de platos de 8 bandejas"},{"@type":"BreadcrumbList","@id":"https:\/\/www.distribucionarc.com\/nb\/producto\/calentador-de-platos-de-8-bandejas\/#breadcrumb","itemListElement":[{"@type":"ListItem","position":1,"name":"Portada","item":"https:\/\/www.distribucionarc.com\/en\/"},{"@type":"ListItem","position":2,"name":"Products","item":"https:\/\/www.distribucionarc.com\/en\/shop\/"},{"@type":"ListItem","position":3,"name":"Calentador de platos de 8 bandejas"}]},{"@type":"WebSite","@id":"https:\/\/www.distribucionarc.com\/de\/#website","url":"https:\/\/www.distribucionarc.com\/de\/","name":"ARC distribusjon","description":"Selskapet har spesialisert seg p\u00e5 produksjon og distribusjon av industrimaskiner, hermetikkboksforseglingsmaskiner, tablettmaskiner, kj\u00f8ttskj\u00e6remaskiner og...","publisher":{"@id":"https:\/\/www.distribucionarc.com\/de\/#organization"},"potentialAction":[{"@type":"SearchAction","target":{"@type":"EntryPoint","urlTemplate":"https:\/\/www.distribucionarc.com\/de\/?s={search_term_string}"},"query-input":{"@type":"PropertyValueSpecification","valueRequired":true,"valueName":"search_term_string"}}],"inLanguage":"nb-NO"},{"@type":"Organization","@id":"https:\/\/www.distribucionarc.com\/de\/#organization","name":"ARC distribusjon","url":"https:\/\/www.distribucionarc.com\/de\/","logo":{"@type":"ImageObject","inLanguage":"nb-NO","@id":"https:\/\/www.distribucionarc.com\/de\/#\/schema\/logo\/image\/","url":"https:\/\/distribucionarc.com\/wp-content\/uploads\/2024\/10\/distribucion-ARC-COLOR-SIN-FONDO-e1732295305345.png","contentUrl":"https:\/\/distribucionarc.com\/wp-content\/uploads\/2024\/10\/distribucion-ARC-COLOR-SIN-FONDO-e1732295305345.png","width":1164,"height":558,"caption":"Distribuci\u00f3n ARC"},"image":{"@id":"https:\/\/www.distribucionarc.com\/de\/#\/schema\/logo\/image\/"},"description":"Selskap som har spesialisert seg p\u00e5 produksjon og distribusjon av industrimaskiner til n\u00e6ringsmiddel- og farmasisektoren. Vi er spesialister p\u00e5: Kj\u00f8ttskj\u00e6remaskiner Tablettilvirkning Industrielle transportsystemer Tappelinjer Dispensere Og mye mer... Vi tilbyr innovative og skreddersydde l\u00f8sninger for \u00e5 optimalisere bedriftens produksjonsprosesser.","email":"Admistracion@distribucionarc.com","telephone":"+34 643496664","legalName":"ARC TECH SOLUTIONS","foundingDate":"2024-04-09","vatID":"B55480172","numberOfEmployees":{"@type":"QuantitativeValue","minValue":"1","maxValue":"10"}}]}},"_links":{"self":[{"href":"https:\/\/distribucionarc.com\/nb\/wp-json\/wp\/v2\/product\/3070","targetHints":{"allow":["GET"]}}],"collection":[{"href":"https:\/\/distribucionarc.com\/nb\/wp-json\/wp\/v2\/product"}],"about":[{"href":"https:\/\/distribucionarc.com\/nb\/wp-json\/wp\/v2\/types\/product"}],"replies":[{"embeddable":true,"href":"https:\/\/distribucionarc.com\/nb\/wp-json\/wp\/v2\/comments?post=3070"}],"version-history":[{"count":0,"href":"https:\/\/distribucionarc.com\/nb\/wp-json\/wp\/v2\/product\/3070\/revisions"}],"wp:featuredmedia":[{"embeddable":true,"href":"https:\/\/distribucionarc.com\/nb\/wp-json\/wp\/v2\/media\/3076"}],"wp:attachment":[{"href":"https:\/\/distribucionarc.com\/nb\/wp-json\/wp\/v2\/media?parent=3070"}],"wp:term":[{"taxonomy":"product_brand","embeddable":true,"href":"https:\/\/distribucionarc.com\/nb\/wp-json\/wp\/v2\/product_brand?post=3070"},{"taxonomy":"product_cat","embeddable":true,"href":"https:\/\/distribucionarc.com\/nb\/wp-json\/wp\/v2\/product_cat?post=3070"},{"taxonomy":"product_tag","embeddable":true,"href":"https:\/\/distribucionarc.com\/nb\/wp-json\/wp\/v2\/product_tag?post=3070"}],"curies":[{"name":"wp","href":"https:\/\/api.w.org\/{rel}","templated":true}]}}