{"id":3091,"date":"2020-09-21T14:37:20","date_gmt":"2020-09-21T14:37:20","guid":{"rendered":"https:\/\/distribucionarc.com\/?post_type=product&#038;p=3091"},"modified":"2023-05-04T11:34:07","modified_gmt":"2023-05-04T11:34:07","slug":"elektrisk-juicer-for-sukkerror","status":"publish","type":"product","link":"https:\/\/distribucionarc.com\/nb\/producto\/exprimidor-electrico-para-cana-de-azucar\/","title":{"rendered":"Elektrisk juicepresse for sukkerr\u00f8r"},"content":{"rendered":"<h3>Elektrisk juicepresse for sukkerr\u00f8r<\/h3>\n<p>Det ytre dekselet, alle innganger og utganger til <strong>industriell sukkerr\u00f8r juicer <span style=\"color: #ff0000;\">TIL<\/span><span style=\"color: #0000ff;\">R<\/span>c<\/strong> Bruk matkvalitet 304 rustfritt st\u00e5l, mer holdbart og hygienisk, de 4 indre rullene er laget av solid rustfritt st\u00e5l, stabil og holdbar. Disse gj\u00f8r det enkelt \u00e5 skille juice og rester fra sukkerr\u00f8ret. Ved \u00e5 trykke to ganger oppn\u00e5s en mer fullstendig separasjon ogs\u00e5 <strong>st\u00f8rre mengde juice.<\/strong><\/p>\n<p>Passende st\u00f8rrelse og dybde p\u00e5 inngangsomr\u00e5det gj\u00f8r det lettere for deg \u00e5 g\u00e5 inn i sukkerr\u00f8ret. Den har et avfallsutl\u00f8p med stor diameter for effektivt \u00e5 slippe ut avfallet; Saftutl\u00f8pet har en rimelig helningsvinkel for \u00e5 sikre jevn juiceflyt. Den har en gjennomsiktig akryld\u00f8r som lar deg observere hele prosedyren.<\/p>\n<p>De <strong>sukkerr\u00f8rekstraktor <span style=\"color: #ff0000;\">TIL<\/span><span style=\"color: #0000ff;\">R<\/span>CECA4<\/strong> Den har god ventilasjon som effektivt reduserer varmen som genereres av komponentene og bidrar til \u00e5 forlenge levetiden til maskinen. Den har en sikkerhetsbryter for \u00e5 endre retningen p\u00e5 rullene i tilfelle den setter seg fast.<\/p>\n<h6><strong>Garanti\u00a0<span style=\"color: #ff0000;\">TIL<\/span><span style=\"color: #0000ff;\">R<\/span>C 2 \u00c5R<\/strong><\/h6>\n<h6><span style=\"color: #008000;\">Effektiv sukkerr\u00f8r juicer, lavt forbruk 700w<\/span><\/h6>\n<h6><strong>teknisk st\u00f8tte inkludert<\/strong><\/h6>\n<p>&nbsp;<\/p>\n<table role=\"presentation\" width=\"100%\" cellspacing=\"0\" cellpadding=\"0\">\n<tbody>\n<tr>\n<td class=\"attrLabels\">Merke:<\/td>\n<td width=\"50.0%\">BUE<\/td>\n<\/tr>\n<tr>\n<td class=\"attrLabels\">Distribusjonsland:<\/td>\n<td width=\"50.0%\">Spania, Tyskland, USA<\/td>\n<td class=\"attrLabels\">Vekt:<\/td>\n<td width=\"50.0%\">68 kg<\/td>\n<\/tr>\n<tr>\n<td class=\"attrLabels\">Garanti:<\/td>\n<td width=\"50.0%\">2 \u00e5r<\/td>\n<td class=\"attrLabels\">H\u00f8yde:<\/td>\n<td width=\"50.0%\">46,8 cm<\/td>\n<\/tr>\n<tr>\n<td class=\"attrLabels\">Farge:<\/td>\n<td width=\"50.0%\">S\u00f8lv<\/td>\n<td class=\"attrLabels\">Lang:<\/td>\n<td width=\"50.0%\">36,8 cm<\/td>\n<\/tr>\n<tr>\n<td class=\"attrLabels\">Produkttype:<\/td>\n<td width=\"50.0%\">Sukkerr\u00f8r juicer<\/td>\n<td class=\"attrLabels\">Bred:<\/td>\n<td width=\"50.0%\">31,7 cm<\/td>\n<\/tr>\n<tr>\n<td class=\"attrLabels\">Produsentnummer:<\/td>\n<td width=\"50.0%\">ARCECA4<\/td>\n<td class=\"attrLabels\">Antall og st\u00f8rrelse p\u00e5 ruller:<\/td>\n<td width=\"50.0%\">4 av 7 x 10 cm<\/td>\n<\/tr>\n<tr>\n<td class=\"attrLabels\">Materiale:<\/td>\n<td width=\"50.0%\">rustfritt st\u00e5l, effektiv motor<\/td>\n<td class=\"attrLabels\">Inngangsspenning:<\/td>\n<td width=\"50.0%\">220V \u2013 50Hz<\/td>\n<\/tr>\n<tr>\n<td class=\"attrLabels\">Makt:<\/td>\n<td width=\"50.0%\">\u00a0 700W<\/td>\n<td class=\"attrLabels\">Tiltale:<\/td>\n<td width=\"50.0%\">250 kg i timen<\/td>\n<\/tr>\n<tr>\n<td class=\"attrLabels\">Inngangsspenning:<\/td>\n<td width=\"50.0%\">220V \u2013 50Hz<\/td>\n<td class=\"attrLabels\">Rotasjonshastighet:<\/td>\n<td width=\"50.0%\">15 rpm<\/td>\n<\/tr>\n<\/tbody>\n<\/table>","protected":false},"excerpt":{"rendered":"<h2>Elektrisk juicepresse for sukkerr\u00f8r<\/h2>\n<p>Dette <strong>elektrisk juicepresse for sukkerr\u00f8r <span style=\"color: #ff0000;\">TIL<\/span><span style=\"color: #0000ff;\">R<\/span>c<\/strong> Den er laget av sterkt og stabilt matkvalitets rustfritt st\u00e5l. Den bruker 4 helt solide rustfrie st\u00e5lruller for enkelt \u00e5 skille juice og rester fra sukkerr\u00f8ret, dette er <strong>klem to ganger<\/strong> \u00e5 sikre en <strong>mer fullstendig separasjon<\/strong> og dermed ta ut <strong>maksimal nytte<\/strong> av hver sukkerr\u00f8r. Den er enkel \u00e5 betjene og er spesielt egnet for hoteller, fruktbutikker, kalddrikkebutikker, skoler osv.<\/p>\n<h6><strong>Garanti\u00a0<span style=\"color: #ff0000;\">TIL<\/span><span style=\"color: #0000ff;\">R<\/span>C 2 \u00c5R<\/strong><\/h6>\n<h6><span style=\"color: #008000;\">Effektiv sukkerr\u00f8r juicer, lavt forbruk 700w<\/span><\/h6>\n<h6><strong>teknisk st\u00f8tte inkludert<\/strong><\/h6>","protected":false},"featured_media":3098,"comment_status":"open","ping_status":"closed","template":"","meta":{"wds_primary_product_brand":0,"wds_primary_product_cat":0},"product_brand":[],"product_cat":[30,65],"product_tag":[],"class_list":{"0":"post-3091","1":"product","2":"type-product","3":"status-publish","4":"has-post-thumbnail","6":"product_cat-maquinaria-apicola","7":"product_cat-maquinaria-industrial-para-procesar-fruta-verdura-panales","8":"product_shipping_class-express","10":"first","11":"instock","12":"taxable","13":"shipping-taxable","14":"purchasable","15":"product-type-simple"},"yoast_head":"<!-- This site is optimized with the Yoast SEO Premium plugin v24.9 (Yoast SEO v26.1) - https:\/\/yoast.com\/wordpress\/plugins\/seo\/ -->\n<title>Exprimidor el\u00e9ctrico para ca\u00f1a de az\u00facar - distribuci\u00f3n ARC<\/title>\n<meta name=\"robots\" content=\"index, follow, max-snippet:-1, max-image-preview:large, max-video-preview:-1\" \/>\n<link rel=\"canonical\" href=\"https:\/\/www.distribucionarc.com\/pl\/producto\/exprimidor-electrico-para-cana-de-azucar\/\" \/>\n<meta property=\"og:locale\" content=\"nb_NO\" \/>\n<meta property=\"og:type\" content=\"article\" \/>\n<meta property=\"og:title\" content=\"Exprimidor el\u00e9ctrico para ca\u00f1a de az\u00facar\" \/>\n<meta property=\"og:description\" content=\"Exprimidor el\u00e9ctrico para ca\u00f1a de az\u00facar Este extractor de zumo de ca\u00f1a el\u00e9ctrico ARC est\u00e1 hecho de acero inoxidable alimenticio fuerte y estable. Utiliza 4 rodillos de acero inoxidable totalmente s\u00f3lidos para separar f\u00e1cil el jugo y los residuos de la ca\u00f1a de az\u00facar, esta se exprime dos veces para asegurar una separaci\u00f3n m\u00e1s completa y as\u00ed sacar el m\u00e1ximo provecho de cada ca\u00f1a de az\u00facar. Es f\u00e1cil de operar y es especialmente adecuado para hoteles, fruter\u00edas, tiendas de bebidas fr\u00edas, escuelas, etc. Garant\u00eda\u00a0ARC 2 A\u00d1OS Exprimidor para ca\u00f1a de az\u00facar eficiente, bajo consumo 700w soporte t\u00e9cnico incluido\" \/>\n<meta property=\"og:url\" content=\"https:\/\/www.distribucionarc.com\/pl\/producto\/exprimidor-electrico-para-cana-de-azucar\/\" \/>\n<meta property=\"og:site_name\" content=\"distribuci\u00f3n ARC\" \/>\n<meta property=\"article:modified_time\" content=\"2023-05-04T11:34:07+00:00\" \/>\n<meta property=\"og:image\" content=\"https:\/\/distribucionarc.com\/wp-content\/uploads\/2020\/09\/Exprimidor-el\u00e9ctrico-para-ca\u00f1a-de-az\u00facar-0.jpg\" \/>\n\t<meta property=\"og:image:width\" content=\"1600\" \/>\n\t<meta property=\"og:image:height\" content=\"1600\" \/>\n\t<meta property=\"og:image:type\" content=\"image\/jpeg\" \/>\n<meta name=\"twitter:card\" content=\"summary_large_image\" \/>\n<meta name=\"twitter:label1\" content=\"Ansl. lesetid\" \/>\n\t<meta name=\"twitter:data1\" content=\"2 minutter\" \/>\n<script type=\"application\/ld+json\" class=\"yoast-schema-graph\">{\"@context\":\"https:\/\/schema.org\",\"@graph\":[{\"@type\":\"WebPage\",\"@id\":\"https:\/\/www.distribucionarc.com\/pl\/producto\/exprimidor-electrico-para-cana-de-azucar\/\",\"url\":\"https:\/\/www.distribucionarc.com\/pl\/producto\/exprimidor-electrico-para-cana-de-azucar\/\",\"name\":\"Exprimidor el\u00e9ctrico para ca\u00f1a de az\u00facar - distribuci\u00f3n ARC\",\"isPartOf\":{\"@id\":\"https:\/\/www.distribucionarc.com\/tr\/#website\"},\"primaryImageOfPage\":{\"@id\":\"https:\/\/www.distribucionarc.com\/pl\/producto\/exprimidor-electrico-para-cana-de-azucar\/#primaryimage\"},\"image\":{\"@id\":\"https:\/\/www.distribucionarc.com\/pl\/producto\/exprimidor-electrico-para-cana-de-azucar\/#primaryimage\"},\"thumbnailUrl\":\"https:\/\/distribucionarc.com\/wp-content\/uploads\/2020\/09\/Exprimidor-el\u00e9ctrico-para-ca\u00f1a-de-az\u00facar-0.jpg\",\"datePublished\":\"2020-09-21T14:37:20+00:00\",\"dateModified\":\"2023-05-04T11:34:07+00:00\",\"breadcrumb\":{\"@id\":\"https:\/\/www.distribucionarc.com\/pl\/producto\/exprimidor-electrico-para-cana-de-azucar\/#breadcrumb\"},\"inLanguage\":\"nb-NO\",\"potentialAction\":[{\"@type\":\"ReadAction\",\"target\":[\"https:\/\/www.distribucionarc.com\/pl\/producto\/exprimidor-electrico-para-cana-de-azucar\/\"]}]},{\"@type\":\"ImageObject\",\"inLanguage\":\"nb-NO\",\"@id\":\"https:\/\/www.distribucionarc.com\/pl\/producto\/exprimidor-electrico-para-cana-de-azucar\/#primaryimage\",\"url\":\"https:\/\/distribucionarc.com\/wp-content\/uploads\/2020\/09\/Exprimidor-el\u00e9ctrico-para-ca\u00f1a-de-az\u00facar-0.jpg\",\"contentUrl\":\"https:\/\/distribucionarc.com\/wp-content\/uploads\/2020\/09\/Exprimidor-el\u00e9ctrico-para-ca\u00f1a-de-az\u00facar-0.jpg\",\"width\":1600,\"height\":1600,\"caption\":\"Exprimidor el\u00e9ctrico para ca\u00f1a de az\u00facar\"},{\"@type\":\"BreadcrumbList\",\"@id\":\"https:\/\/www.distribucionarc.com\/pl\/producto\/exprimidor-electrico-para-cana-de-azucar\/#breadcrumb\",\"itemListElement\":[{\"@type\":\"ListItem\",\"position\":1,\"name\":\"Portada\",\"item\":\"https:\/\/www.distribucionarc.com\/tr\/\"},{\"@type\":\"ListItem\",\"position\":2,\"name\":\"Produktai\",\"item\":\"https:\/\/distribucionarc.com\/lt\/parduotuve\/\"},{\"@type\":\"ListItem\",\"position\":3,\"name\":\"Exprimidor el\u00e9ctrico para ca\u00f1a de az\u00facar\"}]},{\"@type\":\"WebSite\",\"@id\":\"https:\/\/www.distribucionarc.com\/tr\/#website\",\"url\":\"https:\/\/www.distribucionarc.com\/tr\/\",\"name\":\"distribuci\u00f3n ARC\",\"description\":\"Empresa especializada en la fabricaci\u00f3n y distribuci\u00f3n de maquinaria industrial, selladoras de latas, Maquinas de hacer pastillas, Maquinas de cortar carne...\",\"publisher\":{\"@id\":\"https:\/\/www.distribucionarc.com\/tr\/#organization\"},\"potentialAction\":[{\"@type\":\"SearchAction\",\"target\":{\"@type\":\"EntryPoint\",\"urlTemplate\":\"https:\/\/www.distribucionarc.com\/tr\/?s={search_term_string}\"},\"query-input\":{\"@type\":\"PropertyValueSpecification\",\"valueRequired\":true,\"valueName\":\"search_term_string\"}}],\"inLanguage\":\"nb-NO\"},{\"@type\":\"Organization\",\"@id\":\"https:\/\/www.distribucionarc.com\/tr\/#organization\",\"name\":\"Distribuci\u00f3n ARC\",\"url\":\"https:\/\/www.distribucionarc.com\/tr\/\",\"logo\":{\"@type\":\"ImageObject\",\"inLanguage\":\"nb-NO\",\"@id\":\"https:\/\/www.distribucionarc.com\/tr\/#\/schema\/logo\/image\/\",\"url\":\"https:\/\/distribucionarc.com\/wp-content\/uploads\/2024\/10\/distribucion-ARC-COLOR-SIN-FONDO-e1732295305345.png\",\"contentUrl\":\"https:\/\/distribucionarc.com\/wp-content\/uploads\/2024\/10\/distribucion-ARC-COLOR-SIN-FONDO-e1732295305345.png\",\"width\":1164,\"height\":558,\"caption\":\"Distribuci\u00f3n ARC\"},\"image\":{\"@id\":\"https:\/\/www.distribucionarc.com\/tr\/#\/schema\/logo\/image\/\"},\"description\":\"Empresa especializada en la fabricaci\u00f3n y distribuci\u00f3n de maquinaria industrial para los sectores alimentario y farmac\u00e9utico. Nos especializamos en: M\u00e1quinas de cortar carne Fabricaci\u00f3n de comprimidos Sistemas de transporte industrial L\u00edneas de embotellado Dosificadores Y mucho m\u00e1s... Ofrecemos soluciones innovadoras y personalizadas para optimizar los procesos productivos de tu empresa.\",\"email\":\"Admistracion@distribucionarc.com\",\"telephone\":\"+34 643496664\",\"legalName\":\"ARC TECH SOLUTIONS\",\"foundingDate\":\"2024-04-09\",\"vatID\":\"B55480172\",\"numberOfEmployees\":{\"@type\":\"QuantitativeValue\",\"minValue\":\"1\",\"maxValue\":\"10\"}}]}<\/script>\n<!-- \/ Yoast SEO Premium plugin. -->","yoast_head_json":{"title":"Elektrisk juicer for sukkerr\u00f8r - ARC distribusjon","robots":{"index":"index","follow":"follow","max-snippet":"max-snippet:-1","max-image-preview":"max-image-preview:large","max-video-preview":"max-video-preview:-1"},"canonical":"https:\/\/www.distribucionarc.com\/pl\/producto\/exprimidor-electrico-para-cana-de-azucar\/","og_locale":"nb_NO","og_type":"article","og_title":"Exprimidor el\u00e9ctrico para ca\u00f1a de az\u00facar","og_description":"Exprimidor el\u00e9ctrico para ca\u00f1a de az\u00facar Este extractor de zumo de ca\u00f1a el\u00e9ctrico ARC est\u00e1 hecho de acero inoxidable alimenticio fuerte y estable. Utiliza 4 rodillos de acero inoxidable totalmente s\u00f3lidos para separar f\u00e1cil el jugo y los residuos de la ca\u00f1a de az\u00facar, esta se exprime dos veces para asegurar una separaci\u00f3n m\u00e1s completa y as\u00ed sacar el m\u00e1ximo provecho de cada ca\u00f1a de az\u00facar. Es f\u00e1cil de operar y es especialmente adecuado para hoteles, fruter\u00edas, tiendas de bebidas fr\u00edas, escuelas, etc. Garant\u00eda\u00a0ARC 2 A\u00d1OS Exprimidor para ca\u00f1a de az\u00facar eficiente, bajo consumo 700w soporte t\u00e9cnico incluido","og_url":"https:\/\/www.distribucionarc.com\/pl\/producto\/exprimidor-electrico-para-cana-de-azucar\/","og_site_name":"distribuci\u00f3n ARC","article_modified_time":"2023-05-04T11:34:07+00:00","og_image":[{"width":1600,"height":1600,"url":"https:\/\/distribucionarc.com\/wp-content\/uploads\/2020\/09\/Exprimidor-el\u00e9ctrico-para-ca\u00f1a-de-az\u00facar-0.jpg","type":"image\/jpeg"}],"twitter_card":"summary_large_image","twitter_misc":{"Ansl. lesetid":"2 minutter"},"schema":{"@context":"https:\/\/schema.org","@graph":[{"@type":"WebPage","@id":"https:\/\/www.distribucionarc.com\/pl\/producto\/exprimidor-electrico-para-cana-de-azucar\/","url":"https:\/\/www.distribucionarc.com\/pl\/producto\/exprimidor-electrico-para-cana-de-azucar\/","name":"Elektrisk juicer for sukkerr\u00f8r - ARC distribusjon","isPartOf":{"@id":"https:\/\/www.distribucionarc.com\/tr\/#website"},"primaryImageOfPage":{"@id":"https:\/\/www.distribucionarc.com\/pl\/producto\/exprimidor-electrico-para-cana-de-azucar\/#primaryimage"},"image":{"@id":"https:\/\/www.distribucionarc.com\/pl\/producto\/exprimidor-electrico-para-cana-de-azucar\/#primaryimage"},"thumbnailUrl":"https:\/\/distribucionarc.com\/wp-content\/uploads\/2020\/09\/Exprimidor-el\u00e9ctrico-para-ca\u00f1a-de-az\u00facar-0.jpg","datePublished":"2020-09-21T14:37:20+00:00","dateModified":"2023-05-04T11:34:07+00:00","breadcrumb":{"@id":"https:\/\/www.distribucionarc.com\/pl\/producto\/exprimidor-electrico-para-cana-de-azucar\/#breadcrumb"},"inLanguage":"nb-NO","potentialAction":[{"@type":"ReadAction","target":["https:\/\/www.distribucionarc.com\/pl\/producto\/exprimidor-electrico-para-cana-de-azucar\/"]}]},{"@type":"ImageObject","inLanguage":"nb-NO","@id":"https:\/\/www.distribucionarc.com\/pl\/producto\/exprimidor-electrico-para-cana-de-azucar\/#primaryimage","url":"https:\/\/distribucionarc.com\/wp-content\/uploads\/2020\/09\/Exprimidor-el\u00e9ctrico-para-ca\u00f1a-de-az\u00facar-0.jpg","contentUrl":"https:\/\/distribucionarc.com\/wp-content\/uploads\/2020\/09\/Exprimidor-el\u00e9ctrico-para-ca\u00f1a-de-az\u00facar-0.jpg","width":1600,"height":1600,"caption":"Exprimidor el\u00e9ctrico para ca\u00f1a de az\u00facar"},{"@type":"BreadcrumbList","@id":"https:\/\/www.distribucionarc.com\/pl\/producto\/exprimidor-electrico-para-cana-de-azucar\/#breadcrumb","itemListElement":[{"@type":"ListItem","position":1,"name":"Portada","item":"https:\/\/www.distribucionarc.com\/tr\/"},{"@type":"ListItem","position":2,"name":"Produktai","item":"https:\/\/distribucionarc.com\/lt\/parduotuve\/"},{"@type":"ListItem","position":3,"name":"Exprimidor el\u00e9ctrico para ca\u00f1a de az\u00facar"}]},{"@type":"WebSite","@id":"https:\/\/www.distribucionarc.com\/tr\/#website","url":"https:\/\/www.distribucionarc.com\/tr\/","name":"ARC distribusjon","description":"Selskapet har spesialisert seg p\u00e5 produksjon og distribusjon av industrimaskiner, hermetikkboksforseglingsmaskiner, tablettmaskiner, kj\u00f8ttskj\u00e6remaskiner og...","publisher":{"@id":"https:\/\/www.distribucionarc.com\/tr\/#organization"},"potentialAction":[{"@type":"SearchAction","target":{"@type":"EntryPoint","urlTemplate":"https:\/\/www.distribucionarc.com\/tr\/?s={search_term_string}"},"query-input":{"@type":"PropertyValueSpecification","valueRequired":true,"valueName":"search_term_string"}}],"inLanguage":"nb-NO"},{"@type":"Organization","@id":"https:\/\/www.distribucionarc.com\/tr\/#organization","name":"ARC distribusjon","url":"https:\/\/www.distribucionarc.com\/tr\/","logo":{"@type":"ImageObject","inLanguage":"nb-NO","@id":"https:\/\/www.distribucionarc.com\/tr\/#\/schema\/logo\/image\/","url":"https:\/\/distribucionarc.com\/wp-content\/uploads\/2024\/10\/distribucion-ARC-COLOR-SIN-FONDO-e1732295305345.png","contentUrl":"https:\/\/distribucionarc.com\/wp-content\/uploads\/2024\/10\/distribucion-ARC-COLOR-SIN-FONDO-e1732295305345.png","width":1164,"height":558,"caption":"Distribuci\u00f3n ARC"},"image":{"@id":"https:\/\/www.distribucionarc.com\/tr\/#\/schema\/logo\/image\/"},"description":"Selskap som har spesialisert seg p\u00e5 produksjon og distribusjon av industrimaskiner til n\u00e6ringsmiddel- og farmasisektoren. Vi er spesialister p\u00e5: Kj\u00f8ttskj\u00e6remaskiner Tablettilvirkning Industrielle transportsystemer Tappelinjer Dispensere Og mye mer... Vi tilbyr innovative og skreddersydde l\u00f8sninger for \u00e5 optimalisere bedriftens produksjonsprosesser.","email":"Admistracion@distribucionarc.com","telephone":"+34 643496664","legalName":"ARC TECH SOLUTIONS","foundingDate":"2024-04-09","vatID":"B55480172","numberOfEmployees":{"@type":"QuantitativeValue","minValue":"1","maxValue":"10"}}]}},"_links":{"self":[{"href":"https:\/\/distribucionarc.com\/nb\/wp-json\/wp\/v2\/product\/3091","targetHints":{"allow":["GET"]}}],"collection":[{"href":"https:\/\/distribucionarc.com\/nb\/wp-json\/wp\/v2\/product"}],"about":[{"href":"https:\/\/distribucionarc.com\/nb\/wp-json\/wp\/v2\/types\/product"}],"replies":[{"embeddable":true,"href":"https:\/\/distribucionarc.com\/nb\/wp-json\/wp\/v2\/comments?post=3091"}],"version-history":[{"count":0,"href":"https:\/\/distribucionarc.com\/nb\/wp-json\/wp\/v2\/product\/3091\/revisions"}],"wp:featuredmedia":[{"embeddable":true,"href":"https:\/\/distribucionarc.com\/nb\/wp-json\/wp\/v2\/media\/3098"}],"wp:attachment":[{"href":"https:\/\/distribucionarc.com\/nb\/wp-json\/wp\/v2\/media?parent=3091"}],"wp:term":[{"taxonomy":"product_brand","embeddable":true,"href":"https:\/\/distribucionarc.com\/nb\/wp-json\/wp\/v2\/product_brand?post=3091"},{"taxonomy":"product_cat","embeddable":true,"href":"https:\/\/distribucionarc.com\/nb\/wp-json\/wp\/v2\/product_cat?post=3091"},{"taxonomy":"product_tag","embeddable":true,"href":"https:\/\/distribucionarc.com\/nb\/wp-json\/wp\/v2\/product_tag?post=3091"}],"curies":[{"name":"wp","href":"https:\/\/api.w.org\/{rel}","templated":true}]}}