{"id":3105,"date":"2020-09-21T16:13:03","date_gmt":"2020-09-21T16:13:03","guid":{"rendered":"https:\/\/distribucionarc.com\/?post_type=product&#038;p=3105"},"modified":"2020-10-01T13:58:18","modified_gmt":"2020-10-01T13:58:18","slug":"hoyhastighets-profesjonell-blendermikser","status":"publish","type":"product","link":"https:\/\/distribucionarc.com\/nb\/producto\/batidora-licuadora-profesional-de-altas-revoluciones\/","title":{"rendered":"Blender, profesjonell h\u00f8yhastighets blender\u00a0"},"content":{"rendered":"<h3>Blender, profesjonell h\u00f8yhastighets blender<\/h3>\n<p>Dette <strong>stilleg\u00e5ende mikser <span style=\"color: #ff0000;\">TIL<\/span><span style=\"color: #0000ff;\">R<\/span>c<\/strong> bruker et spesialisert akustisk skjold, som lar deg betjene din <strong>kommersiell mikser<\/strong> ved et sv\u00e6rt lavt volum p\u00e5 mellom 75-95 dB. Den har et sikkerhetssystem som bare fungerer n\u00e5r den er lukket.<\/p>\n<p>Blandeglasset til <strong>stilleg\u00e5ende blender<\/strong> <strong><span style=\"color: #ff0000;\">TIL<\/span><span style=\"color: #0000ff;\">R<\/span>CLBS15<\/strong> Den har en stor kapasitet p\u00e5 1,5L og er laget av PC-materiale av matkvalitet. Utstyrt med fire tredimensjonale blader av matvarekvalitet (innerblad + ytre blad). Den kan lett knuse frossen fruktkj\u00f8tt, is, hard frukt, frokostblandinger. Et ekstra par blader er inkludert.<\/p>\n<p>Kontroller <strong>stilleg\u00e5ende mikser<\/strong> med fire forskjellige tidsinnstillinger og fleksibel hastighetsjustering.  Det separate beholderlokket er praktisk for mating og forhindrer overl\u00f8p. Den kraftige rene kobbermotoren s\u00f8rger for en <strong>h\u00f8y rotasjonshastighet<\/strong> 4400-20000 RPM, med lavt st\u00f8yniv\u00e5. Gj\u00f8r et str\u00f8mforbruk p\u00e5 kun 1350 watt.<\/p>\n<h6><strong>Garanti\u00a0<span style=\"color: #ff0000;\">TIL<\/span><span style=\"color: #0000ff;\">R<\/span>C 2 \u00c5R<\/strong><\/h6>\n<h6><span style=\"color: #008000;\">Effektiv elektrisk kvern, lavt forbruk 1350w<\/span><\/h6>\n<h6><strong>teknisk st\u00f8tte inkludert<\/strong><\/h6>\n<p>&nbsp;<\/p>\n<p>&nbsp;<\/p>\n<table role=\"presentation\" width=\"100%\" cellspacing=\"0\" cellpadding=\"0\">\n<tbody>\n<tr>\n<td class=\"attrLabels\">Merke:<\/td>\n<td width=\"50.0%\">BUE<\/td>\n<\/tr>\n<tr>\n<td class=\"attrLabels\">Distribusjonsland:<\/td>\n<td width=\"50.0%\">Spania, Tyskland, USA<\/td>\n<td class=\"attrLabels\">Vekt:<\/td>\n<td width=\"50.0%\">8 kg<\/td>\n<\/tr>\n<tr>\n<td class=\"attrLabels\">Merke:<\/td>\n<td width=\"50.0%\">BUE<\/td>\n<td class=\"attrLabels\">H\u00f8yde:<\/td>\n<td width=\"50.0%\">48,2 cm<\/td>\n<\/tr>\n<tr>\n<td class=\"attrLabels\">Farge:<\/td>\n<td width=\"50.0%\">s\u00f8lv, svart<\/td>\n<td class=\"attrLabels\">Lang:<\/td>\n<td width=\"50.0%\">22,8 cm<\/td>\n<\/tr>\n<tr>\n<td class=\"attrLabels\">Produkttype:<\/td>\n<td width=\"50.0%\">Profesjonell blender<\/td>\n<td class=\"attrLabels\">Bred:<\/td>\n<td width=\"50.0%\">25,4 cm<\/td>\n<\/tr>\n<tr>\n<td class=\"attrLabels\">Produsentnummer:<\/td>\n<td width=\"50.0%\">ARCLSB15<\/td>\n<td class=\"attrLabels\">Makt:<\/td>\n<td width=\"50.0%\">1350 W<\/td>\n<\/tr>\n<tr>\n<td class=\"attrLabels\">Materiale:<\/td>\n<td width=\"50.0%\">Rustfritt st\u00e5l, effektiv kobbermotor, PC blandekopp, L\u00e5s med lav desibel<\/td>\n<td class=\"attrLabels\">inngangsspenning<\/td>\n<td width=\"50.0%\">230V \u2013 50Hz<\/td>\n<\/tr>\n<tr>\n<td class=\"attrLabels\">Garanti:<\/td>\n<td width=\"50.0%\">2 \u00e5r<\/td>\n<td class=\"attrLabels\">Motorhastighet:<\/td>\n<td width=\"50.0%\">\u00a0fra 4400 til 20 000 rpm<\/td>\n<\/tr>\n<tr>\n<td class=\"attrLabels\">Kapasitet blandekopp:<\/td>\n<td width=\"50.0%\">1,5 liter<\/td>\n<td class=\"attrLabels\">Hastigheter<\/td>\n<td width=\"50.0%\">4 m\u00e5ter fra mindre til mer<\/td>\n<\/tr>\n<\/tbody>\n<\/table>","protected":false},"excerpt":{"rendered":"<h2>Blender, profesjonell h\u00f8yhastighets blender<\/h2>\n<p>Dette <strong>profesjonell blender <span style=\"color: #ff0000;\">TIL<\/span><span style=\"color: #0000ff;\">R<\/span>c<\/strong> Den er multifunksjonell og kan lage enkle shakes og juicer eller til og med smoothies med frossen fruktkj\u00f8tt eller en stor mengde is, uavhengig av hardheten til produktet. Vedtar den nyeste blandingsteknologien som enkelt kan knuse harde frukter, frossen fruktkj\u00f8tt, is, frokostblandinger. <strong>Blanderen<\/strong> Den har en digital skjerm for \u00e5 kontrollere prosessen og velge den modusen som passer best for ditt produkt, den er mer stilleg\u00e5ende enn en <strong>mikser<\/strong> tradisjonell takket v\u00e6re en beskyttende skjerm som ogs\u00e5 s\u00f8rger for sikkerhet i tilfelle blandeglasset svikter. Den kraftige kobbermotoren p\u00e5 1350 watt sikrer h\u00f8y blandeeffektivitet.<\/p>\n<h6><strong>Garanti\u00a0<span style=\"color: #ff0000;\">TIL<\/span><span style=\"color: #0000ff;\">R<\/span>C 2 \u00c5R<\/strong><\/h6>\n<h6><span style=\"color: #008000;\">Effektiv elektrisk kvern, lavt forbruk 1350w<\/span><\/h6>\n<h6><strong>teknisk st\u00f8tte inkludert<\/strong><\/h6>","protected":false},"featured_media":3114,"comment_status":"open","ping_status":"closed","template":"","meta":{"wds_primary_product_brand":0,"wds_primary_product_cat":0},"product_brand":[],"product_cat":[43,65,59,68],"product_tag":[],"class_list":{"0":"post-3105","1":"product","2":"type-product","3":"status-publish","4":"has-post-thumbnail","6":"product_cat-cortadoras-de-alimentos","7":"product_cat-maquinaria-industrial-para-procesar-fruta-verdura-panales","8":"product_cat-hielo","9":"product_cat-trituradoras-picadoras-de-frutas-y-verduras","10":"product_shipping_class-hosteleria","12":"first","13":"instock","14":"sale","15":"taxable","16":"shipping-taxable","17":"purchasable","18":"product-type-simple"},"yoast_head":"<!-- This site is optimized with the Yoast SEO Premium plugin v24.9 (Yoast SEO v26.1) - https:\/\/yoast.com\/wordpress\/plugins\/seo\/ -->\n<title>Batidora, licuadora profesional de altas revoluciones\u00a0 - distribuci\u00f3n ARC<\/title>\n<meta name=\"robots\" content=\"index, follow, max-snippet:-1, max-image-preview:large, max-video-preview:-1\" \/>\n<link rel=\"canonical\" href=\"https:\/\/www.distribucionarc.com\/producto\/batidora-licuadora-profesional-de-altas-revoluciones\/\" \/>\n<meta property=\"og:locale\" content=\"nb_NO\" \/>\n<meta property=\"og:type\" content=\"article\" \/>\n<meta property=\"og:title\" content=\"Batidora, licuadora profesional de altas revoluciones\u00a0\" \/>\n<meta property=\"og:description\" content=\"Batidora, licuadora profesional de altas revoluciones Esta licuadora profesional ARC es multifuncional puede realizar batidos y zumos sencillos o incluso smoothies con pulpas congeladas o gran cantidad de hielo sin importar la dureza del producto. Adopta la tecnolog\u00eda m\u00e1s reciente de mezcla capaz de triturar con facilidad frutas duras, pulpas congeladas, hielo, cereales. La batidora cuenta con una pantalla digital para controlar el proceso y escoger la modalidad que m\u00e1s de adapte a su producto, es m\u00e1s silenciosa que una mezcladora tradicional gracias a una pantalla protectora que a su vez le asegura seguridad en caso de que el vaso mezclador seda. El motor de cobre de alta potencia de 1350 vatios garantiza una alta eficiencia de mezcla. Garant\u00eda\u00a0ARC 2 A\u00d1OS Molinillo el\u00e9ctrico eficiente, bajo consumo 1350w soporte t\u00e9cnico incluido\" \/>\n<meta property=\"og:url\" content=\"https:\/\/www.distribucionarc.com\/producto\/batidora-licuadora-profesional-de-altas-revoluciones\/\" \/>\n<meta property=\"og:site_name\" content=\"distribuci\u00f3n ARC\" \/>\n<meta property=\"article:modified_time\" content=\"2020-10-01T13:58:18+00:00\" \/>\n<meta property=\"og:image\" content=\"https:\/\/www.distribucionarc.com\/wp-content\/uploads\/2020\/09\/Batidora-licuadora-profesional-de-altas-revoluciones-0.jpg\" \/>\n\t<meta property=\"og:image:width\" content=\"1600\" \/>\n\t<meta property=\"og:image:height\" content=\"1600\" \/>\n\t<meta property=\"og:image:type\" content=\"image\/jpeg\" \/>\n<meta name=\"twitter:card\" content=\"summary_large_image\" \/>\n<meta name=\"twitter:label1\" content=\"Ansl. lesetid\" \/>\n\t<meta name=\"twitter:data1\" content=\"1 minutt\" \/>\n<script type=\"application\/ld+json\" class=\"yoast-schema-graph\">{\"@context\":\"https:\/\/schema.org\",\"@graph\":[{\"@type\":\"WebPage\",\"@id\":\"https:\/\/www.distribucionarc.com\/producto\/batidora-licuadora-profesional-de-altas-revoluciones\/\",\"url\":\"https:\/\/www.distribucionarc.com\/producto\/batidora-licuadora-profesional-de-altas-revoluciones\/\",\"name\":\"Batidora, licuadora profesional de altas revoluciones\u00a0 - distribuci\u00f3n ARC\",\"isPartOf\":{\"@id\":\"https:\/\/distribucionarc.com\/ro\/#website\"},\"primaryImageOfPage\":{\"@id\":\"https:\/\/www.distribucionarc.com\/producto\/batidora-licuadora-profesional-de-altas-revoluciones\/#primaryimage\"},\"image\":{\"@id\":\"https:\/\/www.distribucionarc.com\/producto\/batidora-licuadora-profesional-de-altas-revoluciones\/#primaryimage\"},\"thumbnailUrl\":\"https:\/\/distribucionarc.com\/wp-content\/uploads\/2020\/09\/Batidora-licuadora-profesional-de-altas-revoluciones-0.jpg\",\"datePublished\":\"2020-09-21T16:13:03+00:00\",\"dateModified\":\"2020-10-01T13:58:18+00:00\",\"breadcrumb\":{\"@id\":\"https:\/\/www.distribucionarc.com\/producto\/batidora-licuadora-profesional-de-altas-revoluciones\/#breadcrumb\"},\"inLanguage\":\"nb-NO\",\"potentialAction\":[{\"@type\":\"ReadAction\",\"target\":[\"https:\/\/www.distribucionarc.com\/producto\/batidora-licuadora-profesional-de-altas-revoluciones\/\"]}]},{\"@type\":\"ImageObject\",\"inLanguage\":\"nb-NO\",\"@id\":\"https:\/\/www.distribucionarc.com\/producto\/batidora-licuadora-profesional-de-altas-revoluciones\/#primaryimage\",\"url\":\"https:\/\/distribucionarc.com\/wp-content\/uploads\/2020\/09\/Batidora-licuadora-profesional-de-altas-revoluciones-0.jpg\",\"contentUrl\":\"https:\/\/distribucionarc.com\/wp-content\/uploads\/2020\/09\/Batidora-licuadora-profesional-de-altas-revoluciones-0.jpg\",\"width\":1600,\"height\":1600,\"caption\":\"Batidora, licuadora profesional de altas revoluciones\u00a0\"},{\"@type\":\"BreadcrumbList\",\"@id\":\"https:\/\/www.distribucionarc.com\/producto\/batidora-licuadora-profesional-de-altas-revoluciones\/#breadcrumb\",\"itemListElement\":[{\"@type\":\"ListItem\",\"position\":1,\"name\":\"Portada\",\"item\":\"https:\/\/distribucionarc.com\/ar\/\"},{\"@type\":\"ListItem\",\"position\":2,\"name\":\"Proizvodi\",\"item\":\"https:\/\/www.distribucionarc.com\/hr\/ducan\/\"},{\"@type\":\"ListItem\",\"position\":3,\"name\":\"Batidora, licuadora profesional de altas revoluciones\u00a0\"}]},{\"@type\":\"WebSite\",\"@id\":\"https:\/\/distribucionarc.com\/ro\/#website\",\"url\":\"https:\/\/distribucionarc.com\/ro\/\",\"name\":\"distribuci\u00f3n ARC\",\"description\":\"Empresa especializada en la fabricaci\u00f3n y distribuci\u00f3n de maquinaria industrial, selladoras de latas, Maquinas de hacer pastillas, Maquinas de cortar carne...\",\"publisher\":{\"@id\":\"https:\/\/distribucionarc.com\/ro\/#organization\"},\"potentialAction\":[{\"@type\":\"SearchAction\",\"target\":{\"@type\":\"EntryPoint\",\"urlTemplate\":\"https:\/\/distribucionarc.com\/ro\/?s={search_term_string}\"},\"query-input\":{\"@type\":\"PropertyValueSpecification\",\"valueRequired\":true,\"valueName\":\"search_term_string\"}}],\"inLanguage\":\"nb-NO\"},{\"@type\":\"Organization\",\"@id\":\"https:\/\/distribucionarc.com\/ro\/#organization\",\"name\":\"Distribuci\u00f3n ARC\",\"url\":\"https:\/\/distribucionarc.com\/ro\/\",\"logo\":{\"@type\":\"ImageObject\",\"inLanguage\":\"nb-NO\",\"@id\":\"https:\/\/distribucionarc.com\/ro\/#\/schema\/logo\/image\/\",\"url\":\"https:\/\/distribucionarc.com\/wp-content\/uploads\/2024\/10\/distribucion-ARC-COLOR-SIN-FONDO-e1732295305345.png\",\"contentUrl\":\"https:\/\/distribucionarc.com\/wp-content\/uploads\/2024\/10\/distribucion-ARC-COLOR-SIN-FONDO-e1732295305345.png\",\"width\":1164,\"height\":558,\"caption\":\"Distribuci\u00f3n ARC\"},\"image\":{\"@id\":\"https:\/\/distribucionarc.com\/ro\/#\/schema\/logo\/image\/\"},\"description\":\"Empresa especializada en la fabricaci\u00f3n y distribuci\u00f3n de maquinaria industrial para los sectores alimentario y farmac\u00e9utico. Nos especializamos en: M\u00e1quinas de cortar carne Fabricaci\u00f3n de comprimidos Sistemas de transporte industrial L\u00edneas de embotellado Dosificadores Y mucho m\u00e1s... Ofrecemos soluciones innovadoras y personalizadas para optimizar los procesos productivos de tu empresa.\",\"email\":\"Admistracion@distribucionarc.com\",\"telephone\":\"+34 643496664\",\"legalName\":\"ARC TECH SOLUTIONS\",\"foundingDate\":\"2024-04-09\",\"vatID\":\"B55480172\",\"numberOfEmployees\":{\"@type\":\"QuantitativeValue\",\"minValue\":\"1\",\"maxValue\":\"10\"}}]}<\/script>\n<!-- \/ Yoast SEO Premium plugin. -->","yoast_head_json":{"title":"Profesjonell h\u00f8yhastighets blender, mikser - ARC distribusjon","robots":{"index":"index","follow":"follow","max-snippet":"max-snippet:-1","max-image-preview":"max-image-preview:large","max-video-preview":"max-video-preview:-1"},"canonical":"https:\/\/www.distribucionarc.com\/producto\/batidora-licuadora-profesional-de-altas-revoluciones\/","og_locale":"nb_NO","og_type":"article","og_title":"Batidora, licuadora profesional de altas revoluciones\u00a0","og_description":"Batidora, licuadora profesional de altas revoluciones Esta licuadora profesional ARC es multifuncional puede realizar batidos y zumos sencillos o incluso smoothies con pulpas congeladas o gran cantidad de hielo sin importar la dureza del producto. Adopta la tecnolog\u00eda m\u00e1s reciente de mezcla capaz de triturar con facilidad frutas duras, pulpas congeladas, hielo, cereales. La batidora cuenta con una pantalla digital para controlar el proceso y escoger la modalidad que m\u00e1s de adapte a su producto, es m\u00e1s silenciosa que una mezcladora tradicional gracias a una pantalla protectora que a su vez le asegura seguridad en caso de que el vaso mezclador seda. El motor de cobre de alta potencia de 1350 vatios garantiza una alta eficiencia de mezcla. Garant\u00eda\u00a0ARC 2 A\u00d1OS Molinillo el\u00e9ctrico eficiente, bajo consumo 1350w soporte t\u00e9cnico incluido","og_url":"https:\/\/www.distribucionarc.com\/producto\/batidora-licuadora-profesional-de-altas-revoluciones\/","og_site_name":"distribuci\u00f3n ARC","article_modified_time":"2020-10-01T13:58:18+00:00","og_image":[{"width":1600,"height":1600,"url":"https:\/\/www.distribucionarc.com\/wp-content\/uploads\/2020\/09\/Batidora-licuadora-profesional-de-altas-revoluciones-0.jpg","type":"image\/jpeg"}],"twitter_card":"summary_large_image","twitter_misc":{"Ansl. lesetid":"1 minutt"},"schema":{"@context":"https:\/\/schema.org","@graph":[{"@type":"WebPage","@id":"https:\/\/www.distribucionarc.com\/producto\/batidora-licuadora-profesional-de-altas-revoluciones\/","url":"https:\/\/www.distribucionarc.com\/producto\/batidora-licuadora-profesional-de-altas-revoluciones\/","name":"Profesjonell h\u00f8yhastighets blender, mikser - ARC distribusjon","isPartOf":{"@id":"https:\/\/distribucionarc.com\/ro\/#website"},"primaryImageOfPage":{"@id":"https:\/\/www.distribucionarc.com\/producto\/batidora-licuadora-profesional-de-altas-revoluciones\/#primaryimage"},"image":{"@id":"https:\/\/www.distribucionarc.com\/producto\/batidora-licuadora-profesional-de-altas-revoluciones\/#primaryimage"},"thumbnailUrl":"https:\/\/distribucionarc.com\/wp-content\/uploads\/2020\/09\/Batidora-licuadora-profesional-de-altas-revoluciones-0.jpg","datePublished":"2020-09-21T16:13:03+00:00","dateModified":"2020-10-01T13:58:18+00:00","breadcrumb":{"@id":"https:\/\/www.distribucionarc.com\/producto\/batidora-licuadora-profesional-de-altas-revoluciones\/#breadcrumb"},"inLanguage":"nb-NO","potentialAction":[{"@type":"ReadAction","target":["https:\/\/www.distribucionarc.com\/producto\/batidora-licuadora-profesional-de-altas-revoluciones\/"]}]},{"@type":"ImageObject","inLanguage":"nb-NO","@id":"https:\/\/www.distribucionarc.com\/producto\/batidora-licuadora-profesional-de-altas-revoluciones\/#primaryimage","url":"https:\/\/distribucionarc.com\/wp-content\/uploads\/2020\/09\/Batidora-licuadora-profesional-de-altas-revoluciones-0.jpg","contentUrl":"https:\/\/distribucionarc.com\/wp-content\/uploads\/2020\/09\/Batidora-licuadora-profesional-de-altas-revoluciones-0.jpg","width":1600,"height":1600,"caption":"Batidora, licuadora profesional de altas revoluciones\u00a0"},{"@type":"BreadcrumbList","@id":"https:\/\/www.distribucionarc.com\/producto\/batidora-licuadora-profesional-de-altas-revoluciones\/#breadcrumb","itemListElement":[{"@type":"ListItem","position":1,"name":"Portada","item":"https:\/\/distribucionarc.com\/ar\/"},{"@type":"ListItem","position":2,"name":"Proizvodi","item":"https:\/\/www.distribucionarc.com\/hr\/ducan\/"},{"@type":"ListItem","position":3,"name":"Batidora, licuadora profesional de altas revoluciones\u00a0"}]},{"@type":"WebSite","@id":"https:\/\/distribucionarc.com\/ro\/#website","url":"https:\/\/distribucionarc.com\/ro\/","name":"ARC distribusjon","description":"Selskapet har spesialisert seg p\u00e5 produksjon og distribusjon av industrimaskiner, hermetikkboksforseglingsmaskiner, tablettmaskiner, kj\u00f8ttskj\u00e6remaskiner og...","publisher":{"@id":"https:\/\/distribucionarc.com\/ro\/#organization"},"potentialAction":[{"@type":"SearchAction","target":{"@type":"EntryPoint","urlTemplate":"https:\/\/distribucionarc.com\/ro\/?s={search_term_string}"},"query-input":{"@type":"PropertyValueSpecification","valueRequired":true,"valueName":"search_term_string"}}],"inLanguage":"nb-NO"},{"@type":"Organization","@id":"https:\/\/distribucionarc.com\/ro\/#organization","name":"ARC distribusjon","url":"https:\/\/distribucionarc.com\/ro\/","logo":{"@type":"ImageObject","inLanguage":"nb-NO","@id":"https:\/\/distribucionarc.com\/ro\/#\/schema\/logo\/image\/","url":"https:\/\/distribucionarc.com\/wp-content\/uploads\/2024\/10\/distribucion-ARC-COLOR-SIN-FONDO-e1732295305345.png","contentUrl":"https:\/\/distribucionarc.com\/wp-content\/uploads\/2024\/10\/distribucion-ARC-COLOR-SIN-FONDO-e1732295305345.png","width":1164,"height":558,"caption":"Distribuci\u00f3n ARC"},"image":{"@id":"https:\/\/distribucionarc.com\/ro\/#\/schema\/logo\/image\/"},"description":"Selskap som har spesialisert seg p\u00e5 produksjon og distribusjon av industrimaskiner til n\u00e6ringsmiddel- og farmasisektoren. Vi er spesialister p\u00e5: Kj\u00f8ttskj\u00e6remaskiner Tablettilvirkning Industrielle transportsystemer Tappelinjer Dispensere Og mye mer... Vi tilbyr innovative og skreddersydde l\u00f8sninger for \u00e5 optimalisere bedriftens produksjonsprosesser.","email":"Admistracion@distribucionarc.com","telephone":"+34 643496664","legalName":"ARC TECH SOLUTIONS","foundingDate":"2024-04-09","vatID":"B55480172","numberOfEmployees":{"@type":"QuantitativeValue","minValue":"1","maxValue":"10"}}]}},"_links":{"self":[{"href":"https:\/\/distribucionarc.com\/nb\/wp-json\/wp\/v2\/product\/3105","targetHints":{"allow":["GET"]}}],"collection":[{"href":"https:\/\/distribucionarc.com\/nb\/wp-json\/wp\/v2\/product"}],"about":[{"href":"https:\/\/distribucionarc.com\/nb\/wp-json\/wp\/v2\/types\/product"}],"replies":[{"embeddable":true,"href":"https:\/\/distribucionarc.com\/nb\/wp-json\/wp\/v2\/comments?post=3105"}],"version-history":[{"count":0,"href":"https:\/\/distribucionarc.com\/nb\/wp-json\/wp\/v2\/product\/3105\/revisions"}],"wp:featuredmedia":[{"embeddable":true,"href":"https:\/\/distribucionarc.com\/nb\/wp-json\/wp\/v2\/media\/3114"}],"wp:attachment":[{"href":"https:\/\/distribucionarc.com\/nb\/wp-json\/wp\/v2\/media?parent=3105"}],"wp:term":[{"taxonomy":"product_brand","embeddable":true,"href":"https:\/\/distribucionarc.com\/nb\/wp-json\/wp\/v2\/product_brand?post=3105"},{"taxonomy":"product_cat","embeddable":true,"href":"https:\/\/distribucionarc.com\/nb\/wp-json\/wp\/v2\/product_cat?post=3105"},{"taxonomy":"product_tag","embeddable":true,"href":"https:\/\/distribucionarc.com\/nb\/wp-json\/wp\/v2\/product_tag?post=3105"}],"curies":[{"name":"wp","href":"https:\/\/api.w.org\/{rel}","templated":true}]}}