{"id":3120,"date":"2020-09-23T14:17:23","date_gmt":"2020-09-23T14:17:23","guid":{"rendered":"https:\/\/distribucionarc.com\/?post_type=product&#038;p=3120"},"modified":"2024-08-17T11:39:49","modified_gmt":"2024-08-17T11:39:49","slug":"fyllemaskin-for-kapsler-piller-tabletter-400-hull","status":"publish","type":"product","link":"https:\/\/distribucionarc.com\/nb\/producto\/maquina-llenadora-para-capsulas-pildoras-pastillas-400-agujeros\/","title":{"rendered":"Fyllemaskin for kapsler, piller, tabletter 400 hull"},"content":{"rendered":"<h3>Fyllemaskin for kapsler, piller, tabletter 400 hull<\/h3>\n<p>Enkelheten av dosering og moderat styrke gj\u00f8r dette <strong>fyllstoff <span style=\"color: #ff0000;\">TIL<\/span><span style=\"color: #0000ff;\">R<\/span>c<\/strong> er ideell for:<strong> Innkapslingsoperasjoner<\/strong> av stor variasjon og lavt volum.<\/p>\n<p>Med dette <strong>innkapslingsmaskin <span style=\"color: #ff0000;\">TIL<\/span><span style=\"color: #0000ff;\">R<\/span>CLLC400<\/strong>, er det lett \u00e5 konvertere pulver til kapsler som er lett \u00e5 svelge. Fyll kapslene dine med pulveriserte urter, kosttilskudd, vitaminer, oljer eller dine egne tilpassede formler.<\/p>\n<p>Dette <strong>pilledispenser<\/strong> Den er laget av GMP hard silikon som overholder sikkerhets- og hygieneforskrifter. Den har 400 innkapslingshull \u00e5 lage partier av<strong> 400 piller<\/strong> i l\u00f8pet av f\u00e5 minutter avhengig av operat\u00f8rens dyktighet.<\/p>\n<div style=\"width: 640px;\" class=\"wp-video\"><video class=\"wp-video-shortcode\" id=\"video-3120-1\" width=\"640\" height=\"352\" preload=\"metadata\" controls=\"controls\"><source type=\"video\/mp4\" src=\"https:\/\/distribucionarc.com\/wp-content\/uploads\/2020\/09\/Encapsuladora-de-pastillas-manual.mp4?_=1\" \/><a href=\"https:\/\/distribucionarc.com\/wp-content\/uploads\/2020\/09\/Encapsuladora-de-pastillas-manual.mp4\">https:\/\/distribucionarc.com\/wp-content\/uploads\/2020\/09\/Encapsuladora-de-pastillas-manual.mp4<\/a><\/video><\/div>\n<h6><strong>Garanti\u00a0<\/strong><span style=\"color: #0000ff;\"><span style=\"color: #ff0000;\"><strong>TIL<\/strong><\/span><strong>R<\/strong><\/span><strong>C 2 \u00c5R<\/strong><\/h6>\n<h6><strong>teknisk st\u00f8tte inkludert<\/strong><\/h6>\n<p>&nbsp;<\/p>\n<table width=\"100%\">\n<tbody>\n<tr>\n<td>fyr:<\/td>\n<td width=\"50%\">H\u00e5ndbok<\/td>\n<td colspan=\"2\" width=\"327\"><\/td>\n<\/tr>\n<tr>\n<td>Distribusjonsland:<\/td>\n<td width=\"50%\">Spania, Tyskland, USA<\/td>\n<td>Vekt:<\/td>\n<td width=\"50%\">4,5 kg<\/td>\n<\/tr>\n<tr>\n<td>Merke:<\/td>\n<td width=\"50%\">BUE<\/td>\n<td>H\u00f8yde:<\/td>\n<td width=\"50%\">16 cm<\/td>\n<\/tr>\n<tr>\n<td>Farge:<\/td>\n<td width=\"50%\">S\u00f8lv<\/td>\n<td>Lang:<\/td>\n<td width=\"50%\">45 cm<\/td>\n<\/tr>\n<tr>\n<td>Produkttype:<\/td>\n<td width=\"50%\">Hamburger maker<\/td>\n<td>Bred:<\/td>\n<td width=\"50%\">31 cm<\/td>\n<\/tr>\n<tr>\n<td>Produsentnummer:<\/td>\n<td width=\"50%\">ARCLLC400<\/td>\n<td>Produksjon:<\/td>\n<td width=\"50%\">400 stykker<\/td>\n<\/tr>\n<tr>\n<td>Materiale:<\/td>\n<td width=\"50%\">GMP hard silikon<\/td>\n<td>Produksjonstiln\u00e6rming:<\/td>\n<td width=\"50%\">3000-4000 stykker i timen i henhold til den ansattes dyktighet<\/td>\n<\/tr>\n<tr>\n<td>Garanti:<\/td>\n<td width=\"50%\">2 \u00e5r<\/td>\n<td>Kvalifisert pris:<\/td>\n<td width=\"50%\">&gt;99%<\/td>\n<\/tr>\n<tr>\n<td>Installasjonsverkt\u00f8y:<\/td>\n<td width=\"50%\">Ja<\/td>\n<td>Presisjon:<\/td>\n<td width=\"50%\">R 0,05 mm<\/td>\n<\/tr>\n<\/tbody>\n<\/table>","protected":false},"excerpt":{"rendered":"<h2>Fyllemaskin for kapsler, piller, tabletter 400 hull<\/h2>\n<p>Dette <strong>kapseldoseringsmaskin<\/strong> Den er laget av GMP hard silikon og har 400 hull. Det er <strong>fyllstoff<\/strong> mest brukt i sitt slag i <strong>farmas\u00f8ytisk industri<\/strong>. Prosessen er rask og effektiv, garantert av de mange forbedringene som er gjort gjennom \u00e5rene og dens brede og varierte anvendelse i bransjen. Med denne kapselmaskinen er det enkelt \u00e5 konvertere pulver til kapsler som er enkle \u00e5 svelge. Fyll kapslene dine med pulveriserte urter, kosttilskudd, vitaminer, oljer eller dine egne tilpassede formler<\/p>\n<h6><strong>Garanti\u00a0<\/strong><span style=\"color: #0000ff;\"><span style=\"color: #ff0000;\"><strong>TIL<\/strong><\/span><strong>R<\/strong><\/span><strong>C 2 \u00c5R<\/strong><\/h6>\n<h6><strong>teknisk st\u00f8tte inkludert<\/strong><\/h6>","protected":false},"featured_media":3121,"comment_status":"open","ping_status":"closed","template":"","meta":{"wds_primary_product_brand":0,"wds_primary_product_cat":0},"product_brand":[],"product_cat":[29,84],"product_tag":[],"class_list":{"0":"post-3120","1":"product","2":"type-product","3":"status-publish","4":"has-post-thumbnail","6":"product_cat-maquinas-industria-quimica","7":"product_cat-maquinas-para-hacer-pastillas","8":"product_shipping_class-hosteleria","10":"first","11":"instock","12":"taxable","13":"shipping-taxable","14":"purchasable","15":"product-type-simple"},"yoast_head":"<!-- This site is optimized with the Yoast SEO Premium plugin v24.9 (Yoast SEO v26.1) - https:\/\/yoast.com\/wordpress\/plugins\/seo\/ -->\n<title>Maquina llenadora para c\u00e1psulas, p\u00edldoras, pastillas 400 agujeros - distribuci\u00f3n ARC<\/title>\n<meta name=\"robots\" content=\"index, follow, max-snippet:-1, max-image-preview:large, max-video-preview:-1\" \/>\n<link rel=\"canonical\" href=\"https:\/\/www.distribucionarc.com\/sl\/producto\/maquina-llenadora-para-capsulas-pildoras-pastillas-400-agujeros\/\" \/>\n<meta property=\"og:locale\" content=\"nb_NO\" \/>\n<meta property=\"og:type\" content=\"article\" \/>\n<meta property=\"og:title\" content=\"Maquina llenadora para c\u00e1psulas, p\u00edldoras, pastillas 400 agujeros\" \/>\n<meta property=\"og:description\" content=\"Maquina llenadora para c\u00e1psulas, p\u00edldoras, pastillas 400 agujeros Esta dosificadora de c\u00e1psulas est\u00e1 fabricada de silicona dura GMP cuenta con 400 orificios. Es la llenadora m\u00e1s utilizada de su tipo en la industria farmac\u00e9utica. El proceso es r\u00e1pido y eficiente est\u00e1n garantizado por las muchas mejoras realizadas a lo largo de los a\u00f1os en su amplia y variada aplicaci\u00f3n en la industria. Con esta m\u00e1quina de c\u00e1psulas, es f\u00e1cil convertir los polvos en c\u00e1psulas f\u00e1ciles de tragar. Llene sus c\u00e1psulas con hierbas en polvo, suplementos diet\u00e9ticos, vitaminas, aceites o sus propias f\u00f3rmulas personalizadas Garant\u00eda\u00a0ARC 2 A\u00d1OS soporte t\u00e9cnico\u00a0incluido\" \/>\n<meta property=\"og:url\" content=\"https:\/\/www.distribucionarc.com\/sl\/producto\/maquina-llenadora-para-capsulas-pildoras-pastillas-400-agujeros\/\" \/>\n<meta property=\"og:site_name\" content=\"distribuci\u00f3n ARC\" \/>\n<meta property=\"article:modified_time\" content=\"2024-08-17T11:39:49+00:00\" \/>\n<meta property=\"og:image\" content=\"https:\/\/distribucionarc.com\/wp-content\/uploads\/2020\/09\/M\u00e1quina-llenadora-para-c\u00e1psulas-p\u00edldoras-pastillas-400-agujeros-0.jpg\" \/>\n\t<meta property=\"og:image:width\" content=\"1600\" \/>\n\t<meta property=\"og:image:height\" content=\"1600\" \/>\n\t<meta property=\"og:image:type\" content=\"image\/jpeg\" \/>\n<meta name=\"twitter:card\" content=\"summary_large_image\" \/>\n<meta name=\"twitter:label1\" content=\"Ansl. lesetid\" \/>\n\t<meta name=\"twitter:data1\" content=\"1 minutt\" \/>\n<script type=\"application\/ld+json\" class=\"yoast-schema-graph\">{\"@context\":\"https:\/\/schema.org\",\"@graph\":[{\"@type\":\"WebPage\",\"@id\":\"https:\/\/www.distribucionarc.com\/sl\/producto\/maquina-llenadora-para-capsulas-pildoras-pastillas-400-agujeros\/\",\"url\":\"https:\/\/www.distribucionarc.com\/sl\/producto\/maquina-llenadora-para-capsulas-pildoras-pastillas-400-agujeros\/\",\"name\":\"Maquina llenadora para c\u00e1psulas, p\u00edldoras, pastillas 400 agujeros - distribuci\u00f3n ARC\",\"isPartOf\":{\"@id\":\"https:\/\/www.distribucionarc.com\/de\/#website\"},\"primaryImageOfPage\":{\"@id\":\"https:\/\/www.distribucionarc.com\/sl\/producto\/maquina-llenadora-para-capsulas-pildoras-pastillas-400-agujeros\/#primaryimage\"},\"image\":{\"@id\":\"https:\/\/www.distribucionarc.com\/sl\/producto\/maquina-llenadora-para-capsulas-pildoras-pastillas-400-agujeros\/#primaryimage\"},\"thumbnailUrl\":\"https:\/\/distribucionarc.com\/wp-content\/uploads\/2020\/09\/M\u00e1quina-llenadora-para-c\u00e1psulas-p\u00edldoras-pastillas-400-agujeros-0.jpg\",\"datePublished\":\"2020-09-23T14:17:23+00:00\",\"dateModified\":\"2024-08-17T11:39:49+00:00\",\"breadcrumb\":{\"@id\":\"https:\/\/www.distribucionarc.com\/sl\/producto\/maquina-llenadora-para-capsulas-pildoras-pastillas-400-agujeros\/#breadcrumb\"},\"inLanguage\":\"nb-NO\",\"potentialAction\":[{\"@type\":\"ReadAction\",\"target\":[\"https:\/\/www.distribucionarc.com\/sl\/producto\/maquina-llenadora-para-capsulas-pildoras-pastillas-400-agujeros\/\"]}]},{\"@type\":\"ImageObject\",\"inLanguage\":\"nb-NO\",\"@id\":\"https:\/\/www.distribucionarc.com\/sl\/producto\/maquina-llenadora-para-capsulas-pildoras-pastillas-400-agujeros\/#primaryimage\",\"url\":\"https:\/\/distribucionarc.com\/wp-content\/uploads\/2020\/09\/M\u00e1quina-llenadora-para-c\u00e1psulas-p\u00edldoras-pastillas-400-agujeros-0.jpg\",\"contentUrl\":\"https:\/\/distribucionarc.com\/wp-content\/uploads\/2020\/09\/M\u00e1quina-llenadora-para-c\u00e1psulas-p\u00edldoras-pastillas-400-agujeros-0.jpg\",\"width\":1600,\"height\":1600,\"caption\":\"Maquina llenadora para c\u00e1psulas, p\u00edldoras, pastillas 400 agujeros\"},{\"@type\":\"BreadcrumbList\",\"@id\":\"https:\/\/www.distribucionarc.com\/sl\/producto\/maquina-llenadora-para-capsulas-pildoras-pastillas-400-agujeros\/#breadcrumb\",\"itemListElement\":[{\"@type\":\"ListItem\",\"position\":1,\"name\":\"Portada\",\"item\":\"https:\/\/www.distribucionarc.com\/en\/\"},{\"@type\":\"ListItem\",\"position\":2,\"name\":\"Products\",\"item\":\"https:\/\/www.distribucionarc.com\/en\/shop\/\"},{\"@type\":\"ListItem\",\"position\":3,\"name\":\"Maquina llenadora para c\u00e1psulas, p\u00edldoras, pastillas 400 agujeros\"}]},{\"@type\":\"WebSite\",\"@id\":\"https:\/\/www.distribucionarc.com\/de\/#website\",\"url\":\"https:\/\/www.distribucionarc.com\/de\/\",\"name\":\"distribuci\u00f3n ARC\",\"description\":\"Empresa especializada en la fabricaci\u00f3n y distribuci\u00f3n de maquinaria industrial, selladoras de latas, Maquinas de hacer pastillas, Maquinas de cortar carne...\",\"publisher\":{\"@id\":\"https:\/\/www.distribucionarc.com\/de\/#organization\"},\"potentialAction\":[{\"@type\":\"SearchAction\",\"target\":{\"@type\":\"EntryPoint\",\"urlTemplate\":\"https:\/\/www.distribucionarc.com\/de\/?s={search_term_string}\"},\"query-input\":{\"@type\":\"PropertyValueSpecification\",\"valueRequired\":true,\"valueName\":\"search_term_string\"}}],\"inLanguage\":\"nb-NO\"},{\"@type\":\"Organization\",\"@id\":\"https:\/\/www.distribucionarc.com\/de\/#organization\",\"name\":\"Distribuci\u00f3n ARC\",\"url\":\"https:\/\/www.distribucionarc.com\/de\/\",\"logo\":{\"@type\":\"ImageObject\",\"inLanguage\":\"nb-NO\",\"@id\":\"https:\/\/www.distribucionarc.com\/de\/#\/schema\/logo\/image\/\",\"url\":\"https:\/\/distribucionarc.com\/wp-content\/uploads\/2024\/10\/distribucion-ARC-COLOR-SIN-FONDO-e1732295305345.png\",\"contentUrl\":\"https:\/\/distribucionarc.com\/wp-content\/uploads\/2024\/10\/distribucion-ARC-COLOR-SIN-FONDO-e1732295305345.png\",\"width\":1164,\"height\":558,\"caption\":\"Distribuci\u00f3n ARC\"},\"image\":{\"@id\":\"https:\/\/www.distribucionarc.com\/de\/#\/schema\/logo\/image\/\"},\"description\":\"Empresa especializada en la fabricaci\u00f3n y distribuci\u00f3n de maquinaria industrial para los sectores alimentario y farmac\u00e9utico. Nos especializamos en: M\u00e1quinas de cortar carne Fabricaci\u00f3n de comprimidos Sistemas de transporte industrial L\u00edneas de embotellado Dosificadores Y mucho m\u00e1s... Ofrecemos soluciones innovadoras y personalizadas para optimizar los procesos productivos de tu empresa.\",\"email\":\"Admistracion@distribucionarc.com\",\"telephone\":\"+34 643496664\",\"legalName\":\"ARC TECH SOLUTIONS\",\"foundingDate\":\"2024-04-09\",\"vatID\":\"B55480172\",\"numberOfEmployees\":{\"@type\":\"QuantitativeValue\",\"minValue\":\"1\",\"maxValue\":\"10\"}}]}<\/script>\n<!-- \/ Yoast SEO Premium plugin. -->","yoast_head_json":{"title":"Fyllemaskin for kapsler, piller, tabletter 400 hull - ARC distribusjon","robots":{"index":"index","follow":"follow","max-snippet":"max-snippet:-1","max-image-preview":"max-image-preview:large","max-video-preview":"max-video-preview:-1"},"canonical":"https:\/\/www.distribucionarc.com\/sl\/producto\/maquina-llenadora-para-capsulas-pildoras-pastillas-400-agujeros\/","og_locale":"nb_NO","og_type":"article","og_title":"Maquina llenadora para c\u00e1psulas, p\u00edldoras, pastillas 400 agujeros","og_description":"Maquina llenadora para c\u00e1psulas, p\u00edldoras, pastillas 400 agujeros Esta dosificadora de c\u00e1psulas est\u00e1 fabricada de silicona dura GMP cuenta con 400 orificios. Es la llenadora m\u00e1s utilizada de su tipo en la industria farmac\u00e9utica. El proceso es r\u00e1pido y eficiente est\u00e1n garantizado por las muchas mejoras realizadas a lo largo de los a\u00f1os en su amplia y variada aplicaci\u00f3n en la industria. Con esta m\u00e1quina de c\u00e1psulas, es f\u00e1cil convertir los polvos en c\u00e1psulas f\u00e1ciles de tragar. Llene sus c\u00e1psulas con hierbas en polvo, suplementos diet\u00e9ticos, vitaminas, aceites o sus propias f\u00f3rmulas personalizadas Garant\u00eda\u00a0ARC 2 A\u00d1OS soporte t\u00e9cnico\u00a0incluido","og_url":"https:\/\/www.distribucionarc.com\/sl\/producto\/maquina-llenadora-para-capsulas-pildoras-pastillas-400-agujeros\/","og_site_name":"distribuci\u00f3n ARC","article_modified_time":"2024-08-17T11:39:49+00:00","og_image":[{"width":1600,"height":1600,"url":"https:\/\/distribucionarc.com\/wp-content\/uploads\/2020\/09\/M\u00e1quina-llenadora-para-c\u00e1psulas-p\u00edldoras-pastillas-400-agujeros-0.jpg","type":"image\/jpeg"}],"twitter_card":"summary_large_image","twitter_misc":{"Ansl. lesetid":"1 minutt"},"schema":{"@context":"https:\/\/schema.org","@graph":[{"@type":"WebPage","@id":"https:\/\/www.distribucionarc.com\/sl\/producto\/maquina-llenadora-para-capsulas-pildoras-pastillas-400-agujeros\/","url":"https:\/\/www.distribucionarc.com\/sl\/producto\/maquina-llenadora-para-capsulas-pildoras-pastillas-400-agujeros\/","name":"Fyllemaskin for kapsler, piller, tabletter 400 hull - ARC distribusjon","isPartOf":{"@id":"https:\/\/www.distribucionarc.com\/de\/#website"},"primaryImageOfPage":{"@id":"https:\/\/www.distribucionarc.com\/sl\/producto\/maquina-llenadora-para-capsulas-pildoras-pastillas-400-agujeros\/#primaryimage"},"image":{"@id":"https:\/\/www.distribucionarc.com\/sl\/producto\/maquina-llenadora-para-capsulas-pildoras-pastillas-400-agujeros\/#primaryimage"},"thumbnailUrl":"https:\/\/distribucionarc.com\/wp-content\/uploads\/2020\/09\/M\u00e1quina-llenadora-para-c\u00e1psulas-p\u00edldoras-pastillas-400-agujeros-0.jpg","datePublished":"2020-09-23T14:17:23+00:00","dateModified":"2024-08-17T11:39:49+00:00","breadcrumb":{"@id":"https:\/\/www.distribucionarc.com\/sl\/producto\/maquina-llenadora-para-capsulas-pildoras-pastillas-400-agujeros\/#breadcrumb"},"inLanguage":"nb-NO","potentialAction":[{"@type":"ReadAction","target":["https:\/\/www.distribucionarc.com\/sl\/producto\/maquina-llenadora-para-capsulas-pildoras-pastillas-400-agujeros\/"]}]},{"@type":"ImageObject","inLanguage":"nb-NO","@id":"https:\/\/www.distribucionarc.com\/sl\/producto\/maquina-llenadora-para-capsulas-pildoras-pastillas-400-agujeros\/#primaryimage","url":"https:\/\/distribucionarc.com\/wp-content\/uploads\/2020\/09\/M\u00e1quina-llenadora-para-c\u00e1psulas-p\u00edldoras-pastillas-400-agujeros-0.jpg","contentUrl":"https:\/\/distribucionarc.com\/wp-content\/uploads\/2020\/09\/M\u00e1quina-llenadora-para-c\u00e1psulas-p\u00edldoras-pastillas-400-agujeros-0.jpg","width":1600,"height":1600,"caption":"Maquina llenadora para c\u00e1psulas, p\u00edldoras, pastillas 400 agujeros"},{"@type":"BreadcrumbList","@id":"https:\/\/www.distribucionarc.com\/sl\/producto\/maquina-llenadora-para-capsulas-pildoras-pastillas-400-agujeros\/#breadcrumb","itemListElement":[{"@type":"ListItem","position":1,"name":"Portada","item":"https:\/\/www.distribucionarc.com\/en\/"},{"@type":"ListItem","position":2,"name":"Products","item":"https:\/\/www.distribucionarc.com\/en\/shop\/"},{"@type":"ListItem","position":3,"name":"Maquina llenadora para c\u00e1psulas, p\u00edldoras, pastillas 400 agujeros"}]},{"@type":"WebSite","@id":"https:\/\/www.distribucionarc.com\/de\/#website","url":"https:\/\/www.distribucionarc.com\/de\/","name":"ARC distribusjon","description":"Selskapet har spesialisert seg p\u00e5 produksjon og distribusjon av industrimaskiner, hermetikkboksforseglingsmaskiner, tablettmaskiner, kj\u00f8ttskj\u00e6remaskiner og...","publisher":{"@id":"https:\/\/www.distribucionarc.com\/de\/#organization"},"potentialAction":[{"@type":"SearchAction","target":{"@type":"EntryPoint","urlTemplate":"https:\/\/www.distribucionarc.com\/de\/?s={search_term_string}"},"query-input":{"@type":"PropertyValueSpecification","valueRequired":true,"valueName":"search_term_string"}}],"inLanguage":"nb-NO"},{"@type":"Organization","@id":"https:\/\/www.distribucionarc.com\/de\/#organization","name":"ARC distribusjon","url":"https:\/\/www.distribucionarc.com\/de\/","logo":{"@type":"ImageObject","inLanguage":"nb-NO","@id":"https:\/\/www.distribucionarc.com\/de\/#\/schema\/logo\/image\/","url":"https:\/\/distribucionarc.com\/wp-content\/uploads\/2024\/10\/distribucion-ARC-COLOR-SIN-FONDO-e1732295305345.png","contentUrl":"https:\/\/distribucionarc.com\/wp-content\/uploads\/2024\/10\/distribucion-ARC-COLOR-SIN-FONDO-e1732295305345.png","width":1164,"height":558,"caption":"Distribuci\u00f3n ARC"},"image":{"@id":"https:\/\/www.distribucionarc.com\/de\/#\/schema\/logo\/image\/"},"description":"Selskap som har spesialisert seg p\u00e5 produksjon og distribusjon av industrimaskiner til n\u00e6ringsmiddel- og farmasisektoren. Vi er spesialister p\u00e5: Kj\u00f8ttskj\u00e6remaskiner Tablettilvirkning Industrielle transportsystemer Tappelinjer Dispensere Og mye mer... Vi tilbyr innovative og skreddersydde l\u00f8sninger for \u00e5 optimalisere bedriftens produksjonsprosesser.","email":"Admistracion@distribucionarc.com","telephone":"+34 643496664","legalName":"ARC TECH SOLUTIONS","foundingDate":"2024-04-09","vatID":"B55480172","numberOfEmployees":{"@type":"QuantitativeValue","minValue":"1","maxValue":"10"}}]}},"_links":{"self":[{"href":"https:\/\/distribucionarc.com\/nb\/wp-json\/wp\/v2\/product\/3120","targetHints":{"allow":["GET"]}}],"collection":[{"href":"https:\/\/distribucionarc.com\/nb\/wp-json\/wp\/v2\/product"}],"about":[{"href":"https:\/\/distribucionarc.com\/nb\/wp-json\/wp\/v2\/types\/product"}],"replies":[{"embeddable":true,"href":"https:\/\/distribucionarc.com\/nb\/wp-json\/wp\/v2\/comments?post=3120"}],"version-history":[{"count":0,"href":"https:\/\/distribucionarc.com\/nb\/wp-json\/wp\/v2\/product\/3120\/revisions"}],"wp:featuredmedia":[{"embeddable":true,"href":"https:\/\/distribucionarc.com\/nb\/wp-json\/wp\/v2\/media\/3121"}],"wp:attachment":[{"href":"https:\/\/distribucionarc.com\/nb\/wp-json\/wp\/v2\/media?parent=3120"}],"wp:term":[{"taxonomy":"product_brand","embeddable":true,"href":"https:\/\/distribucionarc.com\/nb\/wp-json\/wp\/v2\/product_brand?post=3120"},{"taxonomy":"product_cat","embeddable":true,"href":"https:\/\/distribucionarc.com\/nb\/wp-json\/wp\/v2\/product_cat?post=3120"},{"taxonomy":"product_tag","embeddable":true,"href":"https:\/\/distribucionarc.com\/nb\/wp-json\/wp\/v2\/product_tag?post=3120"}],"curies":[{"name":"wp","href":"https:\/\/api.w.org\/{rel}","templated":true}]}}