{"id":3456,"date":"2020-10-02T15:43:08","date_gmt":"2020-10-02T15:43:08","guid":{"rendered":"https:\/\/distribucionarc.com\/?post_type=product&#038;p=3456"},"modified":"2020-10-08T15:05:18","modified_gmt":"2020-10-08T15:05:18","slug":"elektrostatisk-pulverlakkeringssystem","status":"publish","type":"product","link":"https:\/\/distribucionarc.com\/nb\/producto\/sistema-de-pintado-en-polvo-electrostatico\/","title":{"rendered":"Elektrostatisk pulverlakkeringssystem"},"content":{"rendered":"<h3>Elektrostatisk pulverlakkeringssystem<\/h3>\n<p>Dette <strong>pulverlakkeringsmaskin<span style=\"color: #ff0000;\"> TIL<\/span><span style=\"color: #0000ff;\">R<\/span>c<\/strong> Den har et lite volum, men sikrer stor brukervennlighet, grepsh\u00e5ndtakets design reduserer brukertretthet, dens h\u00f8ye fortykningsmotstand unng\u00e5r vedlikehold.<\/p>\n<p>Kretsbeskyttelse lar deg justere spenningsniv\u00e5et for \u00e5 sikre at du f\u00e5r en perfekt spr\u00f8yteeffekt. P\u00e5 sin side kan h\u00f8yspentmodulen n\u00e6r dysen endres til en h\u00f8yere eller lavere spenning for \u00e5 lette vedlikeholdet.<\/p>\n<p>Han <strong>elektrostatisk malingssystem<span style=\"color: #ff0000;\"> TIL<\/span><span style=\"color: #0000ff;\">R<\/span>CSPP40<\/strong> Den har to sentrale gassdesign for \u00e5 forbedre utl\u00f8pseffekten, slik at n\u00e5len ikke lenger er n\u00e5lestyrt v\u00e6skepulver. Atomisert luftstr\u00f8m forbedrer beleggkvaliteten betraktelig. Bruken av pneumatiske komponenter konverterer lufttrykket til en mindre effekt for \u00e5 \u00f8ke sprayeffekten betraktelig.<\/p>\n<h6><strong>Garanti\u00a0<span style=\"color: #ff0000;\">TIL<\/span><span style=\"color: #0000ff;\">R<\/span>C 2 \u00c5R<\/strong><\/h6>\n<h6><span style=\"color: #008000;\">Pulverlakkeringsmaskin, lavt forbruk 30w<\/span><\/h6>\n<h6><strong>teknisk st\u00f8tte inkludert<\/strong><\/h6>\n<p>&nbsp;<\/p>\n<p>&nbsp;<\/p>\n<table role=\"presentation\" width=\"100%\" cellspacing=\"0\" cellpadding=\"0\">\n<tbody>\n<tr>\n<td class=\"attrLabels\">Temperatur:<\/td>\n<td width=\"50.0%\">Kaldt: 5 \u2013 12 \u00baCot: 50 \u2013 58 \u00baC<\/td>\n<\/tr>\n<tr>\n<td class=\"attrLabels\">Distribusjonsland:<\/td>\n<td width=\"50.0%\">Spania, Tyskland, USA<\/td>\n<td class=\"attrLabels\">Vekt:<\/td>\n<td width=\"50.0%\">25,4 kg<\/td>\n<\/tr>\n<tr>\n<td class=\"attrLabels\">Merke:<\/td>\n<td width=\"50.0%\">BUE<\/td>\n<td class=\"attrLabels\">H\u00f8yde:<\/td>\n<td width=\"50.0%\">60 cm<\/td>\n<\/tr>\n<tr>\n<td class=\"attrLabels\">Farge:<\/td>\n<td width=\"50.0%\">S\u00f8lv, gul<\/td>\n<td class=\"attrLabels\">Lang:<\/td>\n<td width=\"50.0%\">48 cm<\/td>\n<\/tr>\n<tr>\n<td class=\"attrLabels\">Produkttype:<\/td>\n<td width=\"50.0%\">Elektrostatisk malingssystem<\/td>\n<td class=\"attrLabels\">Bred:<\/td>\n<td width=\"50.0%\">\u00a048 cm<\/td>\n<\/tr>\n<tr>\n<td class=\"attrLabels\">Produsentnummer:<\/td>\n<td width=\"50.0%\">ARCSPP40<\/td>\n<td class=\"attrLabels\">Makt:<\/td>\n<td width=\"50.0%\">30 W<\/td>\n<\/tr>\n<tr>\n<td class=\"attrLabels\">Materiale:<\/td>\n<td width=\"50.0%\">rustfritt st\u00e5l<\/td>\n<td class=\"attrLabels\">inngangsspenning<\/td>\n<td width=\"50.0%\">220V \u2013 50\/60Hz<\/td>\n<\/tr>\n<tr>\n<td class=\"attrLabels\">Garanti:<\/td>\n<td width=\"50.0%\">2 \u00c5R<\/td>\n<td class=\"attrLabels\">Fatvekt:<\/td>\n<td width=\"50.0%\">480 g<\/td>\n<\/tr>\n<tr>\n<td class=\"attrLabels\">Installasjonsverkt\u00f8y:<\/td>\n<td width=\"50.0%\">Ja<\/td>\n<td class=\"attrLabels\">Beholderkapasitet:<\/td>\n<td width=\"50.0%\">40 liter<\/td>\n<\/tr>\n<\/tbody>\n<\/table>","protected":false},"excerpt":{"rendered":"<h2>Elektrostatisk pulverlakkeringssystem<\/h2>\n<p>Dette <strong>elektrostatisk pulverlakkeringsmaskin<\/strong> Det er en t\u00f8rr etterbehandlingsprosess som bruker finmalte partikler av pigment og harpiks som vanligvis er elektrostatisk ladet og sprayet p\u00e5 elektrisk jordede deler. De ladede pulverpartiklene fester seg til delene og forblir der til de er smeltet og smeltet sammen til et glatt belegg i en herdeovn.<\/p>\n<h6><strong>Garanti\u00a0<span style=\"color: #ff0000;\">TIL<\/span><span style=\"color: #0000ff;\">R<\/span>C 2 \u00c5R<\/strong><\/h6>\n<h6><span style=\"color: #008000;\">Pulverlakkeringsmaskin, lavt forbruk 30w<\/span><\/h6>\n<h6><strong>teknisk st\u00f8tte inkludert<\/strong><\/h6>","protected":false},"featured_media":3464,"comment_status":"open","ping_status":"closed","template":"","meta":{"wds_primary_product_brand":0,"wds_primary_product_cat":0},"product_brand":[],"product_cat":[71,69],"product_tag":[],"class_list":{"0":"post-3456","1":"product","2":"type-product","3":"status-publish","4":"has-post-thumbnail","6":"product_cat-maquinas-para-pintar","7":"product_cat-maquinas-variadas","8":"product_shipping_class-express","10":"first","11":"instock","12":"sale","13":"taxable","14":"shipping-taxable","15":"purchasable","16":"product-type-simple"},"yoast_head":"<!-- This site is optimized with the Yoast SEO Premium plugin v24.9 (Yoast SEO v26.1) - https:\/\/yoast.com\/wordpress\/plugins\/seo\/ -->\n<title>Sistema de pintado en polvo electrost\u00e1tico - distribuci\u00f3n ARC<\/title>\n<meta name=\"robots\" content=\"index, follow, max-snippet:-1, max-image-preview:large, max-video-preview:-1\" \/>\n<link rel=\"canonical\" href=\"https:\/\/distribucionarc.com\/nb\/produkter\/elektrostatisk-pulverlakkeringssystem\/\" \/>\n<meta property=\"og:locale\" content=\"nb_NO\" \/>\n<meta property=\"og:type\" content=\"article\" \/>\n<meta property=\"og:title\" content=\"Sistema de pintado en polvo electrost\u00e1tico\" \/>\n<meta property=\"og:description\" content=\"Sistema de pintado en polvo electrost\u00e1tico Esta m\u00e1quina de recubrimiento en polvo electrost\u00e1tico es un proceso de acabado en seco, que utiliza part\u00edculas finamente molidas de pigmento y resina que generalmente se cargan electrost\u00e1ticamente y se pulverizan sobre piezas el\u00e9ctricamente puestas a tierra. Las part\u00edculas de polvo cargadas se adhieren a las piezas y se mantienen all\u00ed hasta que se derriten y se fusionan en un recubrimiento liso en un horno de curado. Garant\u00eda\u00a0ARC 2 A\u00d1OS M\u00e1quina de recubrimiento en polvo, bajo consumo 30w soporte t\u00e9cnico incluido\" \/>\n<meta property=\"og:url\" content=\"https:\/\/distribucionarc.com\/nb\/produkter\/elektrostatisk-pulverlakkeringssystem\/\" \/>\n<meta property=\"og:site_name\" content=\"distribuci\u00f3n ARC\" \/>\n<meta property=\"article:modified_time\" content=\"2020-10-08T15:05:18+00:00\" \/>\n<meta property=\"og:image\" content=\"https:\/\/distribucionarc.com\/wp-content\/uploads\/2020\/10\/Sistema-de-pintado-en-polvo-electrost\u00e1tico-0.jpg\" \/>\n\t<meta property=\"og:image:width\" content=\"1001\" \/>\n\t<meta property=\"og:image:height\" content=\"1001\" \/>\n\t<meta property=\"og:image:type\" content=\"image\/jpeg\" \/>\n<meta name=\"twitter:card\" content=\"summary_large_image\" \/>\n<meta name=\"twitter:label1\" content=\"Ansl. lesetid\" \/>\n\t<meta name=\"twitter:data1\" content=\"1 minutt\" \/>\n<script type=\"application\/ld+json\" class=\"yoast-schema-graph\">{\"@context\":\"https:\/\/schema.org\",\"@graph\":[{\"@type\":\"WebPage\",\"@id\":\"https:\/\/distribucionarc.com\/producto\/sistema-de-pintado-en-polvo-electrostatico\/\",\"url\":\"https:\/\/distribucionarc.com\/producto\/sistema-de-pintado-en-polvo-electrostatico\/\",\"name\":\"Sistema de pintado en polvo electrost\u00e1tico - distribuci\u00f3n ARC\",\"isPartOf\":{\"@id\":\"https:\/\/www.distribucionarc.com\/sl\/#website\"},\"primaryImageOfPage\":{\"@id\":\"https:\/\/distribucionarc.com\/producto\/sistema-de-pintado-en-polvo-electrostatico\/#primaryimage\"},\"image\":{\"@id\":\"https:\/\/distribucionarc.com\/producto\/sistema-de-pintado-en-polvo-electrostatico\/#primaryimage\"},\"thumbnailUrl\":\"https:\/\/distribucionarc.com\/wp-content\/uploads\/2020\/10\/Sistema-de-pintado-en-polvo-electrost\u00e1tico-0.jpg\",\"datePublished\":\"2020-10-02T15:43:08+00:00\",\"dateModified\":\"2020-10-08T15:05:18+00:00\",\"breadcrumb\":{\"@id\":\"https:\/\/distribucionarc.com\/producto\/sistema-de-pintado-en-polvo-electrostatico\/#breadcrumb\"},\"inLanguage\":\"nb-NO\",\"potentialAction\":[{\"@type\":\"ReadAction\",\"target\":[\"https:\/\/distribucionarc.com\/producto\/sistema-de-pintado-en-polvo-electrostatico\/\"]}]},{\"@type\":\"ImageObject\",\"inLanguage\":\"nb-NO\",\"@id\":\"https:\/\/distribucionarc.com\/producto\/sistema-de-pintado-en-polvo-electrostatico\/#primaryimage\",\"url\":\"https:\/\/distribucionarc.com\/wp-content\/uploads\/2020\/10\/Sistema-de-pintado-en-polvo-electrost\u00e1tico-0.jpg\",\"contentUrl\":\"https:\/\/distribucionarc.com\/wp-content\/uploads\/2020\/10\/Sistema-de-pintado-en-polvo-electrost\u00e1tico-0.jpg\",\"width\":1001,\"height\":1001,\"caption\":\"Sistema de pintado en polvo electrost\u00e1tico\"},{\"@type\":\"BreadcrumbList\",\"@id\":\"https:\/\/distribucionarc.com\/producto\/sistema-de-pintado-en-polvo-electrostatico\/#breadcrumb\",\"itemListElement\":[{\"@type\":\"ListItem\",\"position\":1,\"name\":\"Portada\",\"item\":\"https:\/\/www.distribucionarc.com\/\"},{\"@type\":\"ListItem\",\"position\":2,\"name\":\"\u00dcr\u00fcnler\",\"item\":\"https:\/\/www.distribucionarc.com\/tr\/magaza\/\"},{\"@type\":\"ListItem\",\"position\":3,\"name\":\"Sistema de pintado en polvo electrost\u00e1tico\"}]},{\"@type\":\"WebSite\",\"@id\":\"https:\/\/www.distribucionarc.com\/sl\/#website\",\"url\":\"https:\/\/www.distribucionarc.com\/sl\/\",\"name\":\"distribuci\u00f3n ARC\",\"description\":\"Empresa especializada en la fabricaci\u00f3n y distribuci\u00f3n de maquinaria industrial, selladoras de latas, Maquinas de hacer pastillas, Maquinas de cortar carne...\",\"publisher\":{\"@id\":\"https:\/\/www.distribucionarc.com\/sl\/#organization\"},\"potentialAction\":[{\"@type\":\"SearchAction\",\"target\":{\"@type\":\"EntryPoint\",\"urlTemplate\":\"https:\/\/www.distribucionarc.com\/sl\/?s={search_term_string}\"},\"query-input\":{\"@type\":\"PropertyValueSpecification\",\"valueRequired\":true,\"valueName\":\"search_term_string\"}}],\"inLanguage\":\"nb-NO\"},{\"@type\":\"Organization\",\"@id\":\"https:\/\/www.distribucionarc.com\/sl\/#organization\",\"name\":\"Distribuci\u00f3n ARC\",\"url\":\"https:\/\/www.distribucionarc.com\/sl\/\",\"logo\":{\"@type\":\"ImageObject\",\"inLanguage\":\"nb-NO\",\"@id\":\"https:\/\/www.distribucionarc.com\/sl\/#\/schema\/logo\/image\/\",\"url\":\"https:\/\/distribucionarc.com\/wp-content\/uploads\/2024\/10\/distribucion-ARC-COLOR-SIN-FONDO-e1732295305345.png\",\"contentUrl\":\"https:\/\/distribucionarc.com\/wp-content\/uploads\/2024\/10\/distribucion-ARC-COLOR-SIN-FONDO-e1732295305345.png\",\"width\":1164,\"height\":558,\"caption\":\"Distribuci\u00f3n ARC\"},\"image\":{\"@id\":\"https:\/\/www.distribucionarc.com\/sl\/#\/schema\/logo\/image\/\"},\"description\":\"Empresa especializada en la fabricaci\u00f3n y distribuci\u00f3n de maquinaria industrial para los sectores alimentario y farmac\u00e9utico. Nos especializamos en: M\u00e1quinas de cortar carne Fabricaci\u00f3n de comprimidos Sistemas de transporte industrial L\u00edneas de embotellado Dosificadores Y mucho m\u00e1s... Ofrecemos soluciones innovadoras y personalizadas para optimizar los procesos productivos de tu empresa.\",\"email\":\"Admistracion@distribucionarc.com\",\"telephone\":\"+34 643496664\",\"legalName\":\"ARC TECH SOLUTIONS\",\"foundingDate\":\"2024-04-09\",\"vatID\":\"B55480172\",\"numberOfEmployees\":{\"@type\":\"QuantitativeValue\",\"minValue\":\"1\",\"maxValue\":\"10\"}}]}<\/script>\n<!-- \/ Yoast SEO Premium plugin. -->","yoast_head_json":{"title":"Elektrostatisk pulverlakkeringssystem - ARC-fordeling","robots":{"index":"index","follow":"follow","max-snippet":"max-snippet:-1","max-image-preview":"max-image-preview:large","max-video-preview":"max-video-preview:-1"},"canonical":"https:\/\/distribucionarc.com\/nb\/produkter\/elektrostatisk-pulverlakkeringssystem\/","og_locale":"nb_NO","og_type":"article","og_title":"Sistema de pintado en polvo electrost\u00e1tico","og_description":"Sistema de pintado en polvo electrost\u00e1tico Esta m\u00e1quina de recubrimiento en polvo electrost\u00e1tico es un proceso de acabado en seco, que utiliza part\u00edculas finamente molidas de pigmento y resina que generalmente se cargan electrost\u00e1ticamente y se pulverizan sobre piezas el\u00e9ctricamente puestas a tierra. Las part\u00edculas de polvo cargadas se adhieren a las piezas y se mantienen all\u00ed hasta que se derriten y se fusionan en un recubrimiento liso en un horno de curado. Garant\u00eda\u00a0ARC 2 A\u00d1OS M\u00e1quina de recubrimiento en polvo, bajo consumo 30w soporte t\u00e9cnico incluido","og_url":"https:\/\/distribucionarc.com\/nb\/produkter\/elektrostatisk-pulverlakkeringssystem\/","og_site_name":"distribuci\u00f3n ARC","article_modified_time":"2020-10-08T15:05:18+00:00","og_image":[{"width":1001,"height":1001,"url":"https:\/\/distribucionarc.com\/wp-content\/uploads\/2020\/10\/Sistema-de-pintado-en-polvo-electrost\u00e1tico-0.jpg","type":"image\/jpeg"}],"twitter_card":"summary_large_image","twitter_misc":{"Ansl. lesetid":"1 minutt"},"schema":{"@context":"https:\/\/schema.org","@graph":[{"@type":"WebPage","@id":"https:\/\/distribucionarc.com\/producto\/sistema-de-pintado-en-polvo-electrostatico\/","url":"https:\/\/distribucionarc.com\/producto\/sistema-de-pintado-en-polvo-electrostatico\/","name":"Elektrostatisk pulverlakkeringssystem - ARC-fordeling","isPartOf":{"@id":"https:\/\/www.distribucionarc.com\/sl\/#website"},"primaryImageOfPage":{"@id":"https:\/\/distribucionarc.com\/producto\/sistema-de-pintado-en-polvo-electrostatico\/#primaryimage"},"image":{"@id":"https:\/\/distribucionarc.com\/producto\/sistema-de-pintado-en-polvo-electrostatico\/#primaryimage"},"thumbnailUrl":"https:\/\/distribucionarc.com\/wp-content\/uploads\/2020\/10\/Sistema-de-pintado-en-polvo-electrost\u00e1tico-0.jpg","datePublished":"2020-10-02T15:43:08+00:00","dateModified":"2020-10-08T15:05:18+00:00","breadcrumb":{"@id":"https:\/\/distribucionarc.com\/producto\/sistema-de-pintado-en-polvo-electrostatico\/#breadcrumb"},"inLanguage":"nb-NO","potentialAction":[{"@type":"ReadAction","target":["https:\/\/distribucionarc.com\/producto\/sistema-de-pintado-en-polvo-electrostatico\/"]}]},{"@type":"ImageObject","inLanguage":"nb-NO","@id":"https:\/\/distribucionarc.com\/producto\/sistema-de-pintado-en-polvo-electrostatico\/#primaryimage","url":"https:\/\/distribucionarc.com\/wp-content\/uploads\/2020\/10\/Sistema-de-pintado-en-polvo-electrost\u00e1tico-0.jpg","contentUrl":"https:\/\/distribucionarc.com\/wp-content\/uploads\/2020\/10\/Sistema-de-pintado-en-polvo-electrost\u00e1tico-0.jpg","width":1001,"height":1001,"caption":"Sistema de pintado en polvo electrost\u00e1tico"},{"@type":"BreadcrumbList","@id":"https:\/\/distribucionarc.com\/producto\/sistema-de-pintado-en-polvo-electrostatico\/#breadcrumb","itemListElement":[{"@type":"ListItem","position":1,"name":"Portada","item":"https:\/\/www.distribucionarc.com\/"},{"@type":"ListItem","position":2,"name":"\u00dcr\u00fcnler","item":"https:\/\/www.distribucionarc.com\/tr\/magaza\/"},{"@type":"ListItem","position":3,"name":"Sistema de pintado en polvo electrost\u00e1tico"}]},{"@type":"WebSite","@id":"https:\/\/www.distribucionarc.com\/sl\/#website","url":"https:\/\/www.distribucionarc.com\/sl\/","name":"ARC distribusjon","description":"Selskapet har spesialisert seg p\u00e5 produksjon og distribusjon av industrimaskiner, hermetikkboksforseglingsmaskiner, tablettmaskiner, kj\u00f8ttskj\u00e6remaskiner og...","publisher":{"@id":"https:\/\/www.distribucionarc.com\/sl\/#organization"},"potentialAction":[{"@type":"SearchAction","target":{"@type":"EntryPoint","urlTemplate":"https:\/\/www.distribucionarc.com\/sl\/?s={search_term_string}"},"query-input":{"@type":"PropertyValueSpecification","valueRequired":true,"valueName":"search_term_string"}}],"inLanguage":"nb-NO"},{"@type":"Organization","@id":"https:\/\/www.distribucionarc.com\/sl\/#organization","name":"ARC distribusjon","url":"https:\/\/www.distribucionarc.com\/sl\/","logo":{"@type":"ImageObject","inLanguage":"nb-NO","@id":"https:\/\/www.distribucionarc.com\/sl\/#\/schema\/logo\/image\/","url":"https:\/\/distribucionarc.com\/wp-content\/uploads\/2024\/10\/distribucion-ARC-COLOR-SIN-FONDO-e1732295305345.png","contentUrl":"https:\/\/distribucionarc.com\/wp-content\/uploads\/2024\/10\/distribucion-ARC-COLOR-SIN-FONDO-e1732295305345.png","width":1164,"height":558,"caption":"Distribuci\u00f3n ARC"},"image":{"@id":"https:\/\/www.distribucionarc.com\/sl\/#\/schema\/logo\/image\/"},"description":"Selskap som har spesialisert seg p\u00e5 produksjon og distribusjon av industrimaskiner til n\u00e6ringsmiddel- og farmasisektoren. Vi er spesialister p\u00e5: Kj\u00f8ttskj\u00e6remaskiner Tablettilvirkning Industrielle transportsystemer Tappelinjer Dispensere Og mye mer... Vi tilbyr innovative og skreddersydde l\u00f8sninger for \u00e5 optimalisere bedriftens produksjonsprosesser.","email":"Admistracion@distribucionarc.com","telephone":"+34 643496664","legalName":"ARC TECH SOLUTIONS","foundingDate":"2024-04-09","vatID":"B55480172","numberOfEmployees":{"@type":"QuantitativeValue","minValue":"1","maxValue":"10"}}]}},"_links":{"self":[{"href":"https:\/\/distribucionarc.com\/nb\/wp-json\/wp\/v2\/product\/3456","targetHints":{"allow":["GET"]}}],"collection":[{"href":"https:\/\/distribucionarc.com\/nb\/wp-json\/wp\/v2\/product"}],"about":[{"href":"https:\/\/distribucionarc.com\/nb\/wp-json\/wp\/v2\/types\/product"}],"replies":[{"embeddable":true,"href":"https:\/\/distribucionarc.com\/nb\/wp-json\/wp\/v2\/comments?post=3456"}],"version-history":[{"count":0,"href":"https:\/\/distribucionarc.com\/nb\/wp-json\/wp\/v2\/product\/3456\/revisions"}],"wp:featuredmedia":[{"embeddable":true,"href":"https:\/\/distribucionarc.com\/nb\/wp-json\/wp\/v2\/media\/3464"}],"wp:attachment":[{"href":"https:\/\/distribucionarc.com\/nb\/wp-json\/wp\/v2\/media?parent=3456"}],"wp:term":[{"taxonomy":"product_brand","embeddable":true,"href":"https:\/\/distribucionarc.com\/nb\/wp-json\/wp\/v2\/product_brand?post=3456"},{"taxonomy":"product_cat","embeddable":true,"href":"https:\/\/distribucionarc.com\/nb\/wp-json\/wp\/v2\/product_cat?post=3456"},{"taxonomy":"product_tag","embeddable":true,"href":"https:\/\/distribucionarc.com\/nb\/wp-json\/wp\/v2\/product_tag?post=3456"}],"curies":[{"name":"wp","href":"https:\/\/api.w.org\/{rel}","templated":true}]}}