{"id":3514,"date":"2020-10-03T16:57:14","date_gmt":"2020-10-03T16:57:14","guid":{"rendered":"https:\/\/distribucionarc.com\/?post_type=product&#038;p=3514"},"modified":"2023-05-04T08:09:29","modified_gmt":"2023-05-04T08:09:29","slug":"varmstemplingsmaskin","status":"publish","type":"product","link":"https:\/\/distribucionarc.com\/nb\/producto\/maquina-de-estampado-en-caliente\/","title":{"rendered":"varmstemplingsmaskin"},"content":{"rendered":"<h3>varmstemplingsmaskin<\/h3>\n<p>Dette<strong> stemplingsmaskin <span style=\"color: #ff0000;\">TIL<\/span><span style=\"color: #0000ff;\">R<\/span>C i skinn<\/strong> Den er utstyrt med et digitalt display for \u00e5 realisere n\u00f8yaktig temperaturkontroll, den kan justere temperaturen fra 0-350\u00baC. Utstyrt med malt aluminiumslegering, vanntett og rustsikkert.<\/p>\n<p>Bronseringspapiret kan plasseres direkte p\u00e5 holderen til <strong>Stamper <span style=\"color: #ff0000;\">TIL<\/span><span style=\"color: #0000ff;\">R<\/span>CMEC1<\/strong>, noe som gj\u00f8r hele stemplingsprosessen raskere. Den kan p\u00e5f\u00f8res st\u00f8rre produktst\u00f8rrelser og har en bredere varmestempling.<\/p>\n<p>Sideh\u00e5ndtaket er laget av rustfritt st\u00e5l, slitesterkt som ikke lett deformeres, effektivt mot sklir, for en mer presis og sikrere prosess.<\/p>\n<p>De vertikale og horisontale skalaene til stemplingsbordet kan v\u00e6re n\u00f8yaktige til 1 mm. Posisjoneringsglideren er laget av syntetisk plast, h\u00f8ytemperaturbestandig, ripefri, for mer praktisk plassering. Samt h\u00f8yden som trykket p\u00e5f\u00f8res med en maksimal h\u00f8yde p\u00e5 22 cm<\/p>\n<h6><strong>Garanti\u00a0<span style=\"color: #ff0000;\">TIL<\/span><span style=\"color: #0000ff;\">R<\/span>C 2 \u00c5R<\/strong><\/h6>\n<h6><span style=\"color: #008000;\">Effektiv varmstemplingsmaskin, lavt forbruk 300W<\/span><\/h6>\n<h6><strong>teknisk st\u00f8tte inkludert<\/strong><\/h6>\n<p>&nbsp;<\/p>\n<table role=\"presentation\" width=\"100%\" cellspacing=\"0\" cellpadding=\"0\">\n<tbody>\n<tr>\n<td class=\"attrLabels\">Temperatur:<\/td>\n<td width=\"50.0%\">0-350\u00baC<\/td>\n<\/tr>\n<tr>\n<td class=\"attrLabels\">Distribusjonsland:<\/td>\n<td width=\"50.0%\">Spania, Tyskland, USA<\/td>\n<td class=\"attrLabels\">Vekt:<\/td>\n<td width=\"50.0%\">5,36 kg<\/td>\n<\/tr>\n<tr>\n<td class=\"attrLabels\">Merke:<\/td>\n<td width=\"50.0%\">BUE<\/td>\n<td class=\"attrLabels\">H\u00f8yde:<\/td>\n<td width=\"50.0%\">38 cm<\/td>\n<\/tr>\n<tr>\n<td class=\"attrLabels\">Farge:<\/td>\n<td width=\"50.0%\">Hvit<\/td>\n<td class=\"attrLabels\">Lang:<\/td>\n<td width=\"50.0%\">20,8 cm<\/td>\n<\/tr>\n<tr>\n<td class=\"attrLabels\">Produkttype:<\/td>\n<td width=\"50.0%\">varmstemplingsmaskin<\/td>\n<td class=\"attrLabels\">Bred:<\/td>\n<td width=\"50.0%\">18 cm<\/td>\n<\/tr>\n<tr>\n<td class=\"attrLabels\">Produsentnummer:<\/td>\n<td width=\"50.0%\">ARCMEC1<\/td>\n<td class=\"attrLabels\">Makt:<\/td>\n<td width=\"50.0%\">300W<\/td>\n<\/tr>\n<tr>\n<td class=\"attrLabels\">Materiale:<\/td>\n<td width=\"50.0%\">rustfritt st\u00e5l, forsterket syntetisk plast, digitalt display<\/td>\n<td class=\"attrLabels\">inngangsspenning<\/td>\n<td width=\"50.0%\">220V \u2013 60Hz<\/td>\n<\/tr>\n<tr>\n<td class=\"attrLabels\">Installasjonsverkt\u00f8y:<\/td>\n<td width=\"50.0%\">Ja<\/td>\n<td class=\"attrLabels\">Arbeidsh\u00f8yde:<\/td>\n<td width=\"50.0%\">Justerbar &lt; 22cm<\/td>\n<\/tr>\n<tr>\n<td class=\"attrLabels\">Makt:<\/td>\n<td width=\"50.0%\">300W<\/td>\n<td class=\"attrLabels\">Egnet for:<\/td>\n<td width=\"50.0%\">Skinn, myk PVC, hardplast<\/td>\n<\/tr>\n<\/tbody>\n<\/table>","protected":false},"excerpt":{"rendered":"<h2>varmstemplingsmaskin<\/h2>\n<p>De <strong>varmstemplingsmaskin <span style=\"color: #ff0000;\">TIL<\/span><span style=\"color: #0000ff;\">R<\/span>c<\/strong> Den er laget av rustfritt st\u00e5l og aluminiumslegering. Den har papirst\u00f8tte, digitalt panel, bunnplate med skala og posisjoneringsglider. Varmpresseplaten er 8 x 10 cm, kan justere h\u00f8yden opp til maks 22 cm, holder konstant temperatur justerbar fra 0-350\u00baC.<\/p>\n<h6><strong>Garanti\u00a0<span style=\"color: #ff0000;\">TIL<\/span><span style=\"color: #0000ff;\">R<\/span>C 2 \u00c5R<\/strong><\/h6>\n<h6><span style=\"color: #008000;\">Effektiv varmstemplingsmaskin, lavt forbruk 300W<\/span><\/h6>\n<h6><strong>teknisk st\u00f8tte inkludert<\/strong><\/h6>","protected":false},"featured_media":3521,"comment_status":"open","ping_status":"closed","template":"","meta":{"wds_primary_product_brand":0,"wds_primary_product_cat":0},"product_brand":[],"product_cat":[69],"product_tag":[],"class_list":{"0":"post-3514","1":"product","2":"type-product","3":"status-publish","4":"has-post-thumbnail","6":"product_cat-maquinas-variadas","7":"product_shipping_class-hosteleria","9":"first","10":"instock","11":"sale","12":"taxable","13":"shipping-taxable","14":"purchasable","15":"product-type-simple"},"yoast_head":"<!-- This site is optimized with the Yoast SEO Premium plugin v24.9 (Yoast SEO v26.1) - https:\/\/yoast.com\/wordpress\/plugins\/seo\/ -->\n<title>Maquina de estampado en caliente - distribuci\u00f3n ARC<\/title>\n<meta name=\"robots\" content=\"index, follow, max-snippet:-1, max-image-preview:large, max-video-preview:-1\" \/>\n<link rel=\"canonical\" href=\"https:\/\/distribucionarc.com\/nb\/produkter\/varmstemplingsmaskin\/\" \/>\n<meta property=\"og:locale\" content=\"nb_NO\" \/>\n<meta property=\"og:type\" content=\"article\" \/>\n<meta property=\"og:title\" content=\"Maquina de estampado en caliente\" \/>\n<meta property=\"og:description\" content=\"Maquina de estampado en caliente La m\u00e1quina de estampado en caliente ARC est\u00e1 fabricada de acero inoxidable y aleaci\u00f3n de aluminio. Cuenta con soporte para el papel, panel digital, placa base con escala y control deslizante de posicionamiento. La placa de prensado caliente es de 8 x 10 cm puede ajustar la altura hasta un m\u00e1ximo de 22 cm, conserva la temperatura constante ajustable de 0-350\u00baC. Garant\u00eda\u00a0ARC 2 A\u00d1OS Maquina estampado caliente eficiente, bajo consumo 300W soporte t\u00e9cnico incluido\" \/>\n<meta property=\"og:url\" content=\"https:\/\/distribucionarc.com\/nb\/produkter\/varmstemplingsmaskin\/\" \/>\n<meta property=\"og:site_name\" content=\"distribuci\u00f3n ARC\" \/>\n<meta property=\"article:modified_time\" content=\"2023-05-04T08:09:29+00:00\" \/>\n<meta property=\"og:image\" content=\"https:\/\/distribucionarc.com\/wp-content\/uploads\/2020\/10\/M\u00e1quina-de-estampado-en-caliente-0.jpg\" \/>\n\t<meta property=\"og:image:width\" content=\"1600\" \/>\n\t<meta property=\"og:image:height\" content=\"1600\" \/>\n\t<meta property=\"og:image:type\" content=\"image\/jpeg\" \/>\n<meta name=\"twitter:card\" content=\"summary_large_image\" \/>\n<meta name=\"twitter:label1\" content=\"Ansl. lesetid\" \/>\n\t<meta name=\"twitter:data1\" content=\"1 minutt\" \/>\n<script type=\"application\/ld+json\" class=\"yoast-schema-graph\">{\"@context\":\"https:\/\/schema.org\",\"@graph\":[{\"@type\":\"WebPage\",\"@id\":\"https:\/\/distribucionarc.com\/nl\/producto\/maquina-de-estampado-en-caliente\/\",\"url\":\"https:\/\/distribucionarc.com\/nl\/producto\/maquina-de-estampado-en-caliente\/\",\"name\":\"Maquina de estampado en caliente - distribuci\u00f3n ARC\",\"isPartOf\":{\"@id\":\"https:\/\/distribucionarc.com\/pl\/#website\"},\"primaryImageOfPage\":{\"@id\":\"https:\/\/distribucionarc.com\/nl\/producto\/maquina-de-estampado-en-caliente\/#primaryimage\"},\"image\":{\"@id\":\"https:\/\/distribucionarc.com\/nl\/producto\/maquina-de-estampado-en-caliente\/#primaryimage\"},\"thumbnailUrl\":\"https:\/\/distribucionarc.com\/wp-content\/uploads\/2020\/10\/M\u00e1quina-de-estampado-en-caliente-0.jpg\",\"datePublished\":\"2020-10-03T16:57:14+00:00\",\"dateModified\":\"2023-05-04T08:09:29+00:00\",\"breadcrumb\":{\"@id\":\"https:\/\/distribucionarc.com\/nl\/producto\/maquina-de-estampado-en-caliente\/#breadcrumb\"},\"inLanguage\":\"nb-NO\",\"potentialAction\":[{\"@type\":\"ReadAction\",\"target\":[\"https:\/\/distribucionarc.com\/nl\/producto\/maquina-de-estampado-en-caliente\/\"]}]},{\"@type\":\"ImageObject\",\"inLanguage\":\"nb-NO\",\"@id\":\"https:\/\/distribucionarc.com\/nl\/producto\/maquina-de-estampado-en-caliente\/#primaryimage\",\"url\":\"https:\/\/distribucionarc.com\/wp-content\/uploads\/2020\/10\/M\u00e1quina-de-estampado-en-caliente-0.jpg\",\"contentUrl\":\"https:\/\/distribucionarc.com\/wp-content\/uploads\/2020\/10\/M\u00e1quina-de-estampado-en-caliente-0.jpg\",\"width\":1600,\"height\":1600,\"caption\":\"Maquina de estampado en caliente\"},{\"@type\":\"BreadcrumbList\",\"@id\":\"https:\/\/distribucionarc.com\/nl\/producto\/maquina-de-estampado-en-caliente\/#breadcrumb\",\"itemListElement\":[{\"@type\":\"ListItem\",\"position\":1,\"name\":\"Portada\",\"item\":\"https:\/\/www.distribucionarc.com\/tr\/\"},{\"@type\":\"ListItem\",\"position\":2,\"name\":\"Izdelki\",\"item\":\"https:\/\/www.distribucionarc.com\/sl\/trgovina\/\"},{\"@type\":\"ListItem\",\"position\":3,\"name\":\"Maquina de estampado en caliente\"}]},{\"@type\":\"WebSite\",\"@id\":\"https:\/\/distribucionarc.com\/pl\/#website\",\"url\":\"https:\/\/distribucionarc.com\/pl\/\",\"name\":\"distribuci\u00f3n ARC\",\"description\":\"Empresa especializada en la fabricaci\u00f3n y distribuci\u00f3n de maquinaria industrial, selladoras de latas, Maquinas de hacer pastillas, Maquinas de cortar carne...\",\"publisher\":{\"@id\":\"https:\/\/distribucionarc.com\/pl\/#organization\"},\"potentialAction\":[{\"@type\":\"SearchAction\",\"target\":{\"@type\":\"EntryPoint\",\"urlTemplate\":\"https:\/\/distribucionarc.com\/pl\/?s={search_term_string}\"},\"query-input\":{\"@type\":\"PropertyValueSpecification\",\"valueRequired\":true,\"valueName\":\"search_term_string\"}}],\"inLanguage\":\"nb-NO\"},{\"@type\":\"Organization\",\"@id\":\"https:\/\/distribucionarc.com\/pl\/#organization\",\"name\":\"Distribuci\u00f3n ARC\",\"url\":\"https:\/\/distribucionarc.com\/pl\/\",\"logo\":{\"@type\":\"ImageObject\",\"inLanguage\":\"nb-NO\",\"@id\":\"https:\/\/distribucionarc.com\/pl\/#\/schema\/logo\/image\/\",\"url\":\"https:\/\/distribucionarc.com\/wp-content\/uploads\/2024\/10\/distribucion-ARC-COLOR-SIN-FONDO-e1732295305345.png\",\"contentUrl\":\"https:\/\/distribucionarc.com\/wp-content\/uploads\/2024\/10\/distribucion-ARC-COLOR-SIN-FONDO-e1732295305345.png\",\"width\":1164,\"height\":558,\"caption\":\"Distribuci\u00f3n ARC\"},\"image\":{\"@id\":\"https:\/\/distribucionarc.com\/pl\/#\/schema\/logo\/image\/\"},\"description\":\"Empresa especializada en la fabricaci\u00f3n y distribuci\u00f3n de maquinaria industrial para los sectores alimentario y farmac\u00e9utico. Nos especializamos en: M\u00e1quinas de cortar carne Fabricaci\u00f3n de comprimidos Sistemas de transporte industrial L\u00edneas de embotellado Dosificadores Y mucho m\u00e1s... Ofrecemos soluciones innovadoras y personalizadas para optimizar los procesos productivos de tu empresa.\",\"email\":\"Admistracion@distribucionarc.com\",\"telephone\":\"+34 643496664\",\"legalName\":\"ARC TECH SOLUTIONS\",\"foundingDate\":\"2024-04-09\",\"vatID\":\"B55480172\",\"numberOfEmployees\":{\"@type\":\"QuantitativeValue\",\"minValue\":\"1\",\"maxValue\":\"10\"}}]}<\/script>\n<!-- \/ Yoast SEO Premium plugin. -->","yoast_head_json":{"title":"Varmstemplingsmaskin - ARC distribusjon","robots":{"index":"index","follow":"follow","max-snippet":"max-snippet:-1","max-image-preview":"max-image-preview:large","max-video-preview":"max-video-preview:-1"},"canonical":"https:\/\/distribucionarc.com\/nb\/produkter\/varmstemplingsmaskin\/","og_locale":"nb_NO","og_type":"article","og_title":"Maquina de estampado en caliente","og_description":"Maquina de estampado en caliente La m\u00e1quina de estampado en caliente ARC est\u00e1 fabricada de acero inoxidable y aleaci\u00f3n de aluminio. Cuenta con soporte para el papel, panel digital, placa base con escala y control deslizante de posicionamiento. La placa de prensado caliente es de 8 x 10 cm puede ajustar la altura hasta un m\u00e1ximo de 22 cm, conserva la temperatura constante ajustable de 0-350\u00baC. Garant\u00eda\u00a0ARC 2 A\u00d1OS Maquina estampado caliente eficiente, bajo consumo 300W soporte t\u00e9cnico incluido","og_url":"https:\/\/distribucionarc.com\/nb\/produkter\/varmstemplingsmaskin\/","og_site_name":"distribuci\u00f3n ARC","article_modified_time":"2023-05-04T08:09:29+00:00","og_image":[{"width":1600,"height":1600,"url":"https:\/\/distribucionarc.com\/wp-content\/uploads\/2020\/10\/M\u00e1quina-de-estampado-en-caliente-0.jpg","type":"image\/jpeg"}],"twitter_card":"summary_large_image","twitter_misc":{"Ansl. lesetid":"1 minutt"},"schema":{"@context":"https:\/\/schema.org","@graph":[{"@type":"WebPage","@id":"https:\/\/distribucionarc.com\/nl\/producto\/maquina-de-estampado-en-caliente\/","url":"https:\/\/distribucionarc.com\/nl\/producto\/maquina-de-estampado-en-caliente\/","name":"Varmstemplingsmaskin - ARC distribusjon","isPartOf":{"@id":"https:\/\/distribucionarc.com\/pl\/#website"},"primaryImageOfPage":{"@id":"https:\/\/distribucionarc.com\/nl\/producto\/maquina-de-estampado-en-caliente\/#primaryimage"},"image":{"@id":"https:\/\/distribucionarc.com\/nl\/producto\/maquina-de-estampado-en-caliente\/#primaryimage"},"thumbnailUrl":"https:\/\/distribucionarc.com\/wp-content\/uploads\/2020\/10\/M\u00e1quina-de-estampado-en-caliente-0.jpg","datePublished":"2020-10-03T16:57:14+00:00","dateModified":"2023-05-04T08:09:29+00:00","breadcrumb":{"@id":"https:\/\/distribucionarc.com\/nl\/producto\/maquina-de-estampado-en-caliente\/#breadcrumb"},"inLanguage":"nb-NO","potentialAction":[{"@type":"ReadAction","target":["https:\/\/distribucionarc.com\/nl\/producto\/maquina-de-estampado-en-caliente\/"]}]},{"@type":"ImageObject","inLanguage":"nb-NO","@id":"https:\/\/distribucionarc.com\/nl\/producto\/maquina-de-estampado-en-caliente\/#primaryimage","url":"https:\/\/distribucionarc.com\/wp-content\/uploads\/2020\/10\/M\u00e1quina-de-estampado-en-caliente-0.jpg","contentUrl":"https:\/\/distribucionarc.com\/wp-content\/uploads\/2020\/10\/M\u00e1quina-de-estampado-en-caliente-0.jpg","width":1600,"height":1600,"caption":"Maquina de estampado en caliente"},{"@type":"BreadcrumbList","@id":"https:\/\/distribucionarc.com\/nl\/producto\/maquina-de-estampado-en-caliente\/#breadcrumb","itemListElement":[{"@type":"ListItem","position":1,"name":"Portada","item":"https:\/\/www.distribucionarc.com\/tr\/"},{"@type":"ListItem","position":2,"name":"Izdelki","item":"https:\/\/www.distribucionarc.com\/sl\/trgovina\/"},{"@type":"ListItem","position":3,"name":"Maquina de estampado en caliente"}]},{"@type":"WebSite","@id":"https:\/\/distribucionarc.com\/pl\/#website","url":"https:\/\/distribucionarc.com\/pl\/","name":"ARC distribusjon","description":"Selskapet har spesialisert seg p\u00e5 produksjon og distribusjon av industrimaskiner, hermetikkboksforseglingsmaskiner, tablettmaskiner, kj\u00f8ttskj\u00e6remaskiner og...","publisher":{"@id":"https:\/\/distribucionarc.com\/pl\/#organization"},"potentialAction":[{"@type":"SearchAction","target":{"@type":"EntryPoint","urlTemplate":"https:\/\/distribucionarc.com\/pl\/?s={search_term_string}"},"query-input":{"@type":"PropertyValueSpecification","valueRequired":true,"valueName":"search_term_string"}}],"inLanguage":"nb-NO"},{"@type":"Organization","@id":"https:\/\/distribucionarc.com\/pl\/#organization","name":"ARC distribusjon","url":"https:\/\/distribucionarc.com\/pl\/","logo":{"@type":"ImageObject","inLanguage":"nb-NO","@id":"https:\/\/distribucionarc.com\/pl\/#\/schema\/logo\/image\/","url":"https:\/\/distribucionarc.com\/wp-content\/uploads\/2024\/10\/distribucion-ARC-COLOR-SIN-FONDO-e1732295305345.png","contentUrl":"https:\/\/distribucionarc.com\/wp-content\/uploads\/2024\/10\/distribucion-ARC-COLOR-SIN-FONDO-e1732295305345.png","width":1164,"height":558,"caption":"Distribuci\u00f3n ARC"},"image":{"@id":"https:\/\/distribucionarc.com\/pl\/#\/schema\/logo\/image\/"},"description":"Selskap som har spesialisert seg p\u00e5 produksjon og distribusjon av industrimaskiner til n\u00e6ringsmiddel- og farmasisektoren. Vi er spesialister p\u00e5: Kj\u00f8ttskj\u00e6remaskiner Tablettilvirkning Industrielle transportsystemer Tappelinjer Dispensere Og mye mer... Vi tilbyr innovative og skreddersydde l\u00f8sninger for \u00e5 optimalisere bedriftens produksjonsprosesser.","email":"Admistracion@distribucionarc.com","telephone":"+34 643496664","legalName":"ARC TECH SOLUTIONS","foundingDate":"2024-04-09","vatID":"B55480172","numberOfEmployees":{"@type":"QuantitativeValue","minValue":"1","maxValue":"10"}}]}},"_links":{"self":[{"href":"https:\/\/distribucionarc.com\/nb\/wp-json\/wp\/v2\/product\/3514","targetHints":{"allow":["GET"]}}],"collection":[{"href":"https:\/\/distribucionarc.com\/nb\/wp-json\/wp\/v2\/product"}],"about":[{"href":"https:\/\/distribucionarc.com\/nb\/wp-json\/wp\/v2\/types\/product"}],"replies":[{"embeddable":true,"href":"https:\/\/distribucionarc.com\/nb\/wp-json\/wp\/v2\/comments?post=3514"}],"version-history":[{"count":0,"href":"https:\/\/distribucionarc.com\/nb\/wp-json\/wp\/v2\/product\/3514\/revisions"}],"wp:featuredmedia":[{"embeddable":true,"href":"https:\/\/distribucionarc.com\/nb\/wp-json\/wp\/v2\/media\/3521"}],"wp:attachment":[{"href":"https:\/\/distribucionarc.com\/nb\/wp-json\/wp\/v2\/media?parent=3514"}],"wp:term":[{"taxonomy":"product_brand","embeddable":true,"href":"https:\/\/distribucionarc.com\/nb\/wp-json\/wp\/v2\/product_brand?post=3514"},{"taxonomy":"product_cat","embeddable":true,"href":"https:\/\/distribucionarc.com\/nb\/wp-json\/wp\/v2\/product_cat?post=3514"},{"taxonomy":"product_tag","embeddable":true,"href":"https:\/\/distribucionarc.com\/nb\/wp-json\/wp\/v2\/product_tag?post=3514"}],"curies":[{"name":"wp","href":"https:\/\/api.w.org\/{rel}","templated":true}]}}