{"id":3631,"date":"2020-10-05T14:55:53","date_gmt":"2020-10-05T14:55:53","guid":{"rendered":"https:\/\/distribucionarc.com\/?post_type=product&#038;p=3631"},"modified":"2025-05-08T22:48:16","modified_gmt":"2025-05-08T20:48:16","slug":"viskos-flytende-tappemaskin-for-vaskemiddelolje-500-til-5000ml","status":"publish","type":"product","link":"https:\/\/distribucionarc.com\/nb\/producto\/embotelladora-liquidos-viscosos-aceite-detergente-500-a-5000ml\/","title":{"rendered":"Tappemaskin for visk\u00f8se v\u00e6sker, olje, vaskemiddel, 500 til 5000 ml"},"content":{"rendered":"<h2 data-start=\"438\" data-end=\"518\">\ud83e\uddfc Doserings- og tappemaskin for rengj\u00f8ringsprodukter \u2013 500 ml til 5000 ml<\/h2>\n<p data-start=\"520\" data-end=\"870\">De <strong data-start=\"523\" data-end=\"573\">doserings- og tappemaskin med h\u00f8y kapasitet<\/strong> Det er en maskin som er spesielt utviklet for \u00e5 fylle kjemikalier og rengj\u00f8ringsprodukter i store beholdere, for eksempel 3- til 5-liters kanner eller 1-liters flasker. Takket v\u00e6re systemet sitt med <strong data-start=\"761\" data-end=\"803\">pneumatisk stempel med rotasjonsventil<\/strong>, tilbyr presis og ren dosering, uten drypp eller svinn.<\/p>\n<p data-start=\"872\" data-end=\"1197\">Den er ideell for produkter <strong data-start=\"896\" data-end=\"912\">ikke-kullerende<\/strong>, ettersom den fylles fra toppen av beholderen. For produkter som genererer skum under fylling (som noen skummende s\u00e5per eller skummende vaskemidler), anbefales en annen maskintype. <strong data-start=\"1114\" data-end=\"1137\">nedsenkbar dyse<\/strong> stige gradvis for \u00e5 unng\u00e5 dannelse av bobler.<\/p>\n<p data-start=\"1199\" data-end=\"1483\">Denne maskinen <strong data-start=\"1212\" data-end=\"1234\">inkluderer ikke visp<\/strong>, men tillater to alternativer for produktmating: manuell fylling av beholderen (50 l) eller direkte tilkobling ved hjelp av <strong data-start=\"1354\" data-end=\"1388\">slange til en ekstern tank<\/strong>, som en <strong data-start=\"1398\" data-end=\"1444\">1000-liters IBC-er eller 200-liters fat<\/strong>, ideell for industriell produksjon.<\/p>\n<p data-start=\"1485\" data-end=\"1527\">Noen eksempler p\u00e5 kompatible produkter:<\/p>\n<ul data-start=\"1529\" data-end=\"1835\">\n<li data-start=\"1529\" data-end=\"1563\">\n<p data-start=\"1531\" data-end=\"1563\">\ud83e\uddfc <strong data-start=\"1534\" data-end=\"1563\">Ikke-skummende flytende s\u00e5pe<\/strong><\/p>\n<\/li>\n<li data-start=\"1564\" data-end=\"1596\">\n<p data-start=\"1566\" data-end=\"1596\">\ud83e\uddfd <strong data-start=\"1569\" data-end=\"1596\">Gulvvaskemidler<\/strong><\/p>\n<\/li>\n<li data-start=\"1597\" data-end=\"1629\">\n<p data-start=\"1599\" data-end=\"1629\">\ud83e\uddf4 <strong data-start=\"1602\" data-end=\"1629\">Flytende desinfeksjonsmidler<\/strong><\/p>\n<\/li>\n<li data-start=\"1630\" data-end=\"1670\">\n<p data-start=\"1632\" data-end=\"1670\">\ud83e\uddea <strong data-start=\"1635\" data-end=\"1670\">Industrielle kjemikalier<\/strong><\/p>\n<\/li>\n<li data-start=\"1671\" data-end=\"1733\">\n<p data-start=\"1673\" data-end=\"1733\">\ud83d\udee2\ufe0f <strong data-start=\"1677\" data-end=\"1733\">Flytende voks, poleringsmidler, universalrengj\u00f8ringsmidler<\/strong><\/p>\n<\/li>\n<li data-start=\"1734\" data-end=\"1785\">\n<p data-start=\"1736\" data-end=\"1785\">\u2744\ufe0f <strong data-start=\"1739\" data-end=\"1785\">Frostv\u00e6ske og bilv\u00e6sker<\/strong><\/p>\n<\/li>\n<li data-start=\"1786\" data-end=\"1835\">\n<p data-start=\"1788\" data-end=\"1835\">\ud83e\uddf4 <strong data-start=\"1791\" data-end=\"1835\">Myknere eller tykke tekniske l\u00f8sninger<\/strong><\/p>\n<\/li>\n<\/ul>\n<p data-start=\"1837\" data-end=\"2162\">Denne maskinen er laget av rustfritt st\u00e5l 304\/316, og lar deg regulere b\u00e5de volum og fyllehastighet, og n\u00e5r opptil <strong data-start=\"1969\" data-end=\"1994\">30 beholdere per minutt<\/strong>, og kan fungere i modus <strong data-start=\"2021\" data-end=\"2052\">automatisk eller halvautomatisk<\/strong>. Den modul\u00e6re designen muliggj\u00f8r raskt vedlikehold, noe som gj\u00f8r det enkelt \u00e5 bytte ut deler ved havari.<\/p>\n<p data-start=\"2164\" data-end=\"2251\">Inkluderer <strong data-start=\"2172\" data-end=\"2192\">CE-sertifisering<\/strong>, <strong data-start=\"2194\" data-end=\"2216\">2 \u00e5rs garanti<\/strong> og <strong data-start=\"2219\" data-end=\"2250\">profesjonell teknisk st\u00f8tte<\/strong>.<\/p>\n<hr data-start=\"2253\" data-end=\"2256\" \/>\n<h3 data-start=\"2258\" data-end=\"2287\">Tekniske spesifikasjoner<\/h3>\n<div class=\"_tableContainer_16hzy_1\">\n<div class=\"_tableWrapper_16hzy_14 group flex w-fit flex-col-reverse\" tabindex=\"-1\">\n<table class=\"w-fit min-w-(--thread-content-width)\" data-start=\"2289\" data-end=\"4035\">\n<thead data-start=\"2289\" data-end=\"2364\">\n<tr data-start=\"2289\" data-end=\"2364\">\n<th data-start=\"2289\" data-end=\"2323\" data-col-size=\"sm\">Trekk<\/th>\n<th data-start=\"2323\" data-end=\"2364\" data-col-size=\"md\">Detalj<\/th>\n<\/tr>\n<\/thead>\n<tbody data-start=\"2441\" data-end=\"4035\">\n<tr data-start=\"2441\" data-end=\"2531\">\n<td data-start=\"2441\" data-end=\"2475\" data-col-size=\"sm\">Maskintype<\/td>\n<td data-col-size=\"md\" data-start=\"2475\" data-end=\"2531\">Tappe- og doseringsmaskin for rengj\u00f8ring av v\u00e6sker<\/td>\n<\/tr>\n<tr data-start=\"2532\" data-end=\"2607\">\n<td data-start=\"2532\" data-end=\"2566\" data-col-size=\"sm\">Type produkter<\/td>\n<td data-col-size=\"md\" data-start=\"2566\" data-end=\"2607\">Ikke-skummende visk\u00f8se v\u00e6sker<\/td>\n<\/tr>\n<tr data-start=\"2608\" data-end=\"2685\">\n<td data-start=\"2608\" data-end=\"2642\" data-col-size=\"sm\">Bruksomr\u00e5der<\/td>\n<td data-col-size=\"md\" data-start=\"2642\" data-end=\"2685\">Kjemisk industri, rengj\u00f8ringsindustri og bilindustri<\/td>\n<\/tr>\n<tr data-start=\"2686\" data-end=\"2797\">\n<td data-start=\"2686\" data-end=\"2720\" data-col-size=\"sm\">Kompatible produkter<\/td>\n<td data-col-size=\"md\" data-start=\"2720\" data-end=\"2797\">Flytende s\u00e5pe, vaskemidler, desinfeksjonsmidler, flytende voks, frostv\u00e6ske<\/td>\n<\/tr>\n<tr data-start=\"2798\" data-end=\"2874\">\n<td data-start=\"2798\" data-end=\"2832\" data-col-size=\"sm\">Fyllingssystem<\/td>\n<td data-col-size=\"md\" data-start=\"2832\" data-end=\"2874\">Pneumatisk stempel med rotasjonsventil<\/td>\n<\/tr>\n<tr data-start=\"2875\" data-end=\"2950\">\n<td data-start=\"2875\" data-end=\"2909\" data-col-size=\"sm\">Fyllingsn\u00f8yaktighet<\/td>\n<td data-col-size=\"md\" data-start=\"2909\" data-end=\"2950\">\u00b11%<\/td>\n<\/tr>\n<tr data-start=\"2951\" data-end=\"3027\">\n<td data-start=\"2951\" data-end=\"2985\" data-col-size=\"sm\">Fyllingsomr\u00e5de<\/td>\n<td data-col-size=\"md\" data-start=\"2985\" data-end=\"3027\">500 ml \u2013 5000 ml<\/td>\n<\/tr>\n<tr data-start=\"3028\" data-end=\"3107\">\n<td data-start=\"3028\" data-end=\"3061\" data-col-size=\"sm\">Beholderkapasitet<\/td>\n<td data-col-size=\"md\" data-start=\"3061\" data-end=\"3107\">50 liter (eller mating fra IBC\/fat)<\/td>\n<\/tr>\n<tr data-start=\"3108\" data-end=\"3183\">\n<td data-start=\"3108\" data-end=\"3142\" data-col-size=\"sm\">Produksjonshastighet<\/td>\n<td data-col-size=\"md\" data-start=\"3142\" data-end=\"3183\">Opptil 30 beholdere per minutt<\/td>\n<\/tr>\n<tr data-start=\"3184\" data-end=\"3263\">\n<td data-start=\"3184\" data-end=\"3218\" data-col-size=\"sm\">Fyllhode<\/td>\n<td data-col-size=\"md\" data-start=\"3218\" data-end=\"3263\">Individuell dyse med dryppbeskyttelsessystem<\/td>\n<\/tr>\n<tr data-start=\"3264\" data-end=\"3340\">\n<td data-start=\"3264\" data-end=\"3298\" data-col-size=\"sm\">Str\u00f8mforsyning<\/td>\n<td data-col-size=\"md\" data-start=\"3298\" data-end=\"3340\">220 V<\/td>\n<\/tr>\n<tr data-start=\"3341\" data-end=\"3417\">\n<td data-start=\"3341\" data-end=\"3375\" data-col-size=\"sm\">Arbeidspress<\/td>\n<td data-col-size=\"md\" data-start=\"3375\" data-end=\"3417\">0,4\u20130,9 MPa<\/td>\n<\/tr>\n<tr data-start=\"3418\" data-end=\"3493\">\n<td data-start=\"3418\" data-end=\"3452\" data-col-size=\"sm\">Materiale i kontakt<\/td>\n<td data-col-size=\"md\" data-start=\"3452\" data-end=\"3493\">N\u00e6ringsmiddelgodkjent rustfritt st\u00e5l<\/td>\n<\/tr>\n<tr data-start=\"3494\" data-end=\"3569\">\n<td data-start=\"3494\" data-end=\"3528\" data-col-size=\"sm\">Generelt materiale<\/td>\n<td data-col-size=\"md\" data-start=\"3528\" data-end=\"3569\">Rustfritt st\u00e5l 304\/316<\/td>\n<\/tr>\n<tr data-start=\"3570\" data-end=\"3645\">\n<td data-start=\"3570\" data-end=\"3604\" data-col-size=\"sm\">Driftsmoduser<\/td>\n<td data-col-size=\"md\" data-start=\"3604\" data-end=\"3645\">Halvautomatisk \/ Automatisk<\/td>\n<\/tr>\n<tr data-start=\"3646\" data-end=\"3728\">\n<td data-start=\"3646\" data-end=\"3680\" data-col-size=\"sm\">Indikatorer og kontroller<\/td>\n<td data-col-size=\"md\" data-start=\"3680\" data-end=\"3728\">Trykkm\u00e5ler, volum- og hastighetsregulering<\/td>\n<\/tr>\n<tr data-start=\"3729\" data-end=\"3804\">\n<td data-start=\"3729\" data-end=\"3763\" data-col-size=\"sm\">Rengj\u00f8ring og vedlikehold<\/td>\n<td data-col-size=\"md\" data-start=\"3763\" data-end=\"3804\">Enkel demontering og rengj\u00f8ring<\/td>\n<\/tr>\n<tr data-start=\"3805\" data-end=\"3881\">\n<td data-start=\"3805\" data-end=\"3839\" data-col-size=\"sm\">Sertifisering<\/td>\n<td data-col-size=\"md\" data-start=\"3839\" data-end=\"3881\">EC<\/td>\n<\/tr>\n<tr data-start=\"3882\" data-end=\"3958\">\n<td data-start=\"3882\" data-end=\"3916\" data-col-size=\"sm\">Garanti<\/td>\n<td data-col-size=\"md\" data-start=\"3916\" data-end=\"3958\">2 \u00e5r<\/td>\n<\/tr>\n<tr data-start=\"3959\" data-end=\"4035\">\n<td data-start=\"3959\" data-end=\"3993\" data-col-size=\"sm\">Teknisk st\u00f8tte<\/td>\n<td data-col-size=\"md\" data-start=\"3993\" data-end=\"4035\">Inkludert<\/td>\n<\/tr>\n<\/tbody>\n<\/table>\n<div class=\"sticky end-(--thread-content-margin) h-0 self-end select-none\">\n<div class=\"absolute end-0 flex items-end\"><\/div>\n<\/div>\n<\/div>\n<\/div>\n<p>&nbsp;<\/p>","protected":false},"excerpt":{"rendered":"<h2>Dispenser, tapping, fyllstoff med visp 500 ml? 5000 ml<\/h2>\n<p><b>Maskin for fylling av vaskemiddel, kjemikalier, syltet\u00f8y<\/b>\u00a0sv\u00e6rt tyktflytende halvautomatisk, drevet av et pneumatisk stempel, produsert med materialer av topp kvalitet. Utstyrt med fem ventiler som styrer flyten av produkter. Struktur med overlegen design og alle modeller er enkle \u00e5 betjene. De pneumatiske komponentene som brukes er laget i Tyskland og Taiwan. Alle kontaktmaterialer som brukes er 316 rustfritt st\u00e5l i henhold til GMP-krav. Volummengde og fyllingshastighet kan reguleres med stor presisjon.<\/p>","protected":false},"featured_media":3632,"comment_status":"open","ping_status":"closed","template":"","meta":{"wds_primary_product_brand":0,"wds_primary_product_cat":0},"product_brand":[],"product_cat":[18,19,321,21],"product_tag":[],"class_list":{"0":"post-3631","1":"product","2":"type-product","3":"status-publish","4":"has-post-thumbnail","6":"product_cat-dosificadoras","7":"product_cat-dosificadoras-de-liquidos","8":"product_cat-llenadoras-de-piston","9":"product_cat-maquinas-llenadoras","10":"product_shipping_class-express","12":"first","13":"instock","14":"sale","15":"taxable","16":"shipping-taxable","17":"purchasable","18":"product-type-simple"},"yoast_head":"<!-- This site is optimized with the Yoast SEO Premium plugin v24.9 (Yoast SEO v26.1) - https:\/\/yoast.com\/wordpress\/plugins\/seo\/ -->\n<title>Embotelladora l\u00edquidos viscosos, aceite, detergente, 500 a 5000ml - distribuci\u00f3n ARC<\/title>\n<meta name=\"robots\" content=\"index, follow, max-snippet:-1, max-image-preview:large, max-video-preview:-1\" \/>\n<link rel=\"canonical\" href=\"https:\/\/distribucionarc.com\/nb\/produkter\/viskos-flytende-tappemaskin-for-vaskemiddelolje-500-til-5000ml\/\" \/>\n<meta property=\"og:locale\" content=\"nb_NO\" \/>\n<meta property=\"og:type\" content=\"article\" \/>\n<meta property=\"og:title\" content=\"Embotelladora l\u00edquidos viscosos, aceite, detergente, 500 a 5000ml\" \/>\n<meta property=\"og:description\" content=\"Dosificadora, Embotelladora, Llenadora con Batidor 500 ml ? 5000 ml M\u00e1quina para llenado detergente, qu\u00edmicos, mermeladas\u00a0muy viscosos semiautom\u00e1tica, impulsada por un pist\u00f3n neum\u00e1tico, fabricada con materiales de primera calidad. Equipada con cinco v\u00e1lvulas que controlan el flujo de los productos. Estructura con dise\u00f1o superior y todos los modelos son f\u00e1ciles de operar. Los componentes neum\u00e1ticos utilizados son hechos en Alemania y Taiwan. Todos los materiales de contacto utilizados, son de acero inoxidable 316 de acuerdo con los requisitos de GMP. La cantidad de volumen y la velocidad de llenado pueden ser regulados con una gran precisi\u00f3n.\" \/>\n<meta property=\"og:url\" content=\"https:\/\/distribucionarc.com\/nb\/produkter\/viskos-flytende-tappemaskin-for-vaskemiddelolje-500-til-5000ml\/\" \/>\n<meta property=\"og:site_name\" content=\"distribuci\u00f3n ARC\" \/>\n<meta property=\"article:modified_time\" content=\"2025-05-08T20:48:16+00:00\" \/>\n<meta property=\"og:image\" content=\"https:\/\/distribucionarc.com\/wp-content\/uploads\/2020\/10\/Dosificadora-Embotelladora-Llenadora-con-Batidor-500-ml-3000-ml-0.jpg\" \/>\n\t<meta property=\"og:image:width\" content=\"1600\" \/>\n\t<meta property=\"og:image:height\" content=\"1600\" \/>\n\t<meta property=\"og:image:type\" content=\"image\/jpeg\" \/>\n<meta name=\"twitter:card\" content=\"summary_large_image\" \/>\n<meta name=\"twitter:label1\" content=\"Ansl. lesetid\" \/>\n\t<meta name=\"twitter:data1\" content=\"2 minutter\" \/>\n<script type=\"application\/ld+json\" class=\"yoast-schema-graph\">{\"@context\":\"https:\/\/schema.org\",\"@graph\":[{\"@type\":\"WebPage\",\"@id\":\"https:\/\/distribucionarc.com\/bg\/producto\/embotelladora-liquidos-viscosos-aceite-detergente-500-a-5000ml\/\",\"url\":\"https:\/\/distribucionarc.com\/bg\/producto\/embotelladora-liquidos-viscosos-aceite-detergente-500-a-5000ml\/\",\"name\":\"Embotelladora l\u00edquidos viscosos, aceite, detergente, 500 a 5000ml - distribuci\u00f3n ARC\",\"isPartOf\":{\"@id\":\"https:\/\/www.distribucionarc.com\/sl\/#website\"},\"primaryImageOfPage\":{\"@id\":\"https:\/\/distribucionarc.com\/bg\/producto\/embotelladora-liquidos-viscosos-aceite-detergente-500-a-5000ml\/#primaryimage\"},\"image\":{\"@id\":\"https:\/\/distribucionarc.com\/bg\/producto\/embotelladora-liquidos-viscosos-aceite-detergente-500-a-5000ml\/#primaryimage\"},\"thumbnailUrl\":\"https:\/\/distribucionarc.com\/wp-content\/uploads\/2020\/10\/Dosificadora-Embotelladora-Llenadora-con-Batidor-500-ml-3000-ml-0.jpg\",\"datePublished\":\"2020-10-05T14:55:53+00:00\",\"dateModified\":\"2025-05-08T20:48:16+00:00\",\"breadcrumb\":{\"@id\":\"https:\/\/distribucionarc.com\/bg\/producto\/embotelladora-liquidos-viscosos-aceite-detergente-500-a-5000ml\/#breadcrumb\"},\"inLanguage\":\"nb-NO\",\"potentialAction\":[{\"@type\":\"ReadAction\",\"target\":[\"https:\/\/distribucionarc.com\/bg\/producto\/embotelladora-liquidos-viscosos-aceite-detergente-500-a-5000ml\/\"]}]},{\"@type\":\"ImageObject\",\"inLanguage\":\"nb-NO\",\"@id\":\"https:\/\/distribucionarc.com\/bg\/producto\/embotelladora-liquidos-viscosos-aceite-detergente-500-a-5000ml\/#primaryimage\",\"url\":\"https:\/\/distribucionarc.com\/wp-content\/uploads\/2020\/10\/Dosificadora-Embotelladora-Llenadora-con-Batidor-500-ml-3000-ml-0.jpg\",\"contentUrl\":\"https:\/\/distribucionarc.com\/wp-content\/uploads\/2020\/10\/Dosificadora-Embotelladora-Llenadora-con-Batidor-500-ml-3000-ml-0.jpg\",\"width\":1600,\"height\":1600,\"caption\":\"Dosificadora, Embotelladora, Llenadora con Batidor 500 ml 3000 ml\"},{\"@type\":\"BreadcrumbList\",\"@id\":\"https:\/\/distribucionarc.com\/bg\/producto\/embotelladora-liquidos-viscosos-aceite-detergente-500-a-5000ml\/#breadcrumb\",\"itemListElement\":[{\"@type\":\"ListItem\",\"position\":1,\"name\":\"Portada\",\"item\":\"https:\/\/www.distribucionarc.com\/\"},{\"@type\":\"ListItem\",\"position\":2,\"name\":\"\u00dcr\u00fcnler\",\"item\":\"https:\/\/www.distribucionarc.com\/tr\/magaza\/\"},{\"@type\":\"ListItem\",\"position\":3,\"name\":\"Embotelladora l\u00edquidos viscosos, aceite, detergente, 500 a 5000ml\"}]},{\"@type\":\"WebSite\",\"@id\":\"https:\/\/www.distribucionarc.com\/sl\/#website\",\"url\":\"https:\/\/www.distribucionarc.com\/sl\/\",\"name\":\"distribuci\u00f3n ARC\",\"description\":\"Empresa especializada en la fabricaci\u00f3n y distribuci\u00f3n de maquinaria industrial, selladoras de latas, Maquinas de hacer pastillas, Maquinas de cortar carne...\",\"publisher\":{\"@id\":\"https:\/\/www.distribucionarc.com\/sl\/#organization\"},\"potentialAction\":[{\"@type\":\"SearchAction\",\"target\":{\"@type\":\"EntryPoint\",\"urlTemplate\":\"https:\/\/www.distribucionarc.com\/sl\/?s={search_term_string}\"},\"query-input\":{\"@type\":\"PropertyValueSpecification\",\"valueRequired\":true,\"valueName\":\"search_term_string\"}}],\"inLanguage\":\"nb-NO\"},{\"@type\":\"Organization\",\"@id\":\"https:\/\/www.distribucionarc.com\/sl\/#organization\",\"name\":\"Distribuci\u00f3n ARC\",\"url\":\"https:\/\/www.distribucionarc.com\/sl\/\",\"logo\":{\"@type\":\"ImageObject\",\"inLanguage\":\"nb-NO\",\"@id\":\"https:\/\/www.distribucionarc.com\/sl\/#\/schema\/logo\/image\/\",\"url\":\"https:\/\/distribucionarc.com\/wp-content\/uploads\/2024\/10\/distribucion-ARC-COLOR-SIN-FONDO-e1732295305345.png\",\"contentUrl\":\"https:\/\/distribucionarc.com\/wp-content\/uploads\/2024\/10\/distribucion-ARC-COLOR-SIN-FONDO-e1732295305345.png\",\"width\":1164,\"height\":558,\"caption\":\"Distribuci\u00f3n ARC\"},\"image\":{\"@id\":\"https:\/\/www.distribucionarc.com\/sl\/#\/schema\/logo\/image\/\"},\"description\":\"Empresa especializada en la fabricaci\u00f3n y distribuci\u00f3n de maquinaria industrial para los sectores alimentario y farmac\u00e9utico. Nos especializamos en: M\u00e1quinas de cortar carne Fabricaci\u00f3n de comprimidos Sistemas de transporte industrial L\u00edneas de embotellado Dosificadores Y mucho m\u00e1s... Ofrecemos soluciones innovadoras y personalizadas para optimizar los procesos productivos de tu empresa.\",\"email\":\"Admistracion@distribucionarc.com\",\"telephone\":\"+34 643496664\",\"legalName\":\"ARC TECH SOLUTIONS\",\"foundingDate\":\"2024-04-09\",\"vatID\":\"B55480172\",\"numberOfEmployees\":{\"@type\":\"QuantitativeValue\",\"minValue\":\"1\",\"maxValue\":\"10\"}}]}<\/script>\n<!-- \/ Yoast SEO Premium plugin. -->","yoast_head_json":{"title":"Tapping av visk\u00f8se v\u00e6sker, olje, vaskemiddel, 500 til 5000 ml - ARC-fordeling","robots":{"index":"index","follow":"follow","max-snippet":"max-snippet:-1","max-image-preview":"max-image-preview:large","max-video-preview":"max-video-preview:-1"},"canonical":"https:\/\/distribucionarc.com\/nb\/produkter\/viskos-flytende-tappemaskin-for-vaskemiddelolje-500-til-5000ml\/","og_locale":"nb_NO","og_type":"article","og_title":"Embotelladora l\u00edquidos viscosos, aceite, detergente, 500 a 5000ml","og_description":"Dosificadora, Embotelladora, Llenadora con Batidor 500 ml ? 5000 ml M\u00e1quina para llenado detergente, qu\u00edmicos, mermeladas\u00a0muy viscosos semiautom\u00e1tica, impulsada por un pist\u00f3n neum\u00e1tico, fabricada con materiales de primera calidad. Equipada con cinco v\u00e1lvulas que controlan el flujo de los productos. Estructura con dise\u00f1o superior y todos los modelos son f\u00e1ciles de operar. Los componentes neum\u00e1ticos utilizados son hechos en Alemania y Taiwan. Todos los materiales de contacto utilizados, son de acero inoxidable 316 de acuerdo con los requisitos de GMP. La cantidad de volumen y la velocidad de llenado pueden ser regulados con una gran precisi\u00f3n.","og_url":"https:\/\/distribucionarc.com\/nb\/produkter\/viskos-flytende-tappemaskin-for-vaskemiddelolje-500-til-5000ml\/","og_site_name":"distribuci\u00f3n ARC","article_modified_time":"2025-05-08T20:48:16+00:00","og_image":[{"width":1600,"height":1600,"url":"https:\/\/distribucionarc.com\/wp-content\/uploads\/2020\/10\/Dosificadora-Embotelladora-Llenadora-con-Batidor-500-ml-3000-ml-0.jpg","type":"image\/jpeg"}],"twitter_card":"summary_large_image","twitter_misc":{"Ansl. lesetid":"2 minutter"},"schema":{"@context":"https:\/\/schema.org","@graph":[{"@type":"WebPage","@id":"https:\/\/distribucionarc.com\/bg\/producto\/embotelladora-liquidos-viscosos-aceite-detergente-500-a-5000ml\/","url":"https:\/\/distribucionarc.com\/bg\/producto\/embotelladora-liquidos-viscosos-aceite-detergente-500-a-5000ml\/","name":"Tapping av visk\u00f8se v\u00e6sker, olje, vaskemiddel, 500 til 5000 ml - ARC-fordeling","isPartOf":{"@id":"https:\/\/www.distribucionarc.com\/sl\/#website"},"primaryImageOfPage":{"@id":"https:\/\/distribucionarc.com\/bg\/producto\/embotelladora-liquidos-viscosos-aceite-detergente-500-a-5000ml\/#primaryimage"},"image":{"@id":"https:\/\/distribucionarc.com\/bg\/producto\/embotelladora-liquidos-viscosos-aceite-detergente-500-a-5000ml\/#primaryimage"},"thumbnailUrl":"https:\/\/distribucionarc.com\/wp-content\/uploads\/2020\/10\/Dosificadora-Embotelladora-Llenadora-con-Batidor-500-ml-3000-ml-0.jpg","datePublished":"2020-10-05T14:55:53+00:00","dateModified":"2025-05-08T20:48:16+00:00","breadcrumb":{"@id":"https:\/\/distribucionarc.com\/bg\/producto\/embotelladora-liquidos-viscosos-aceite-detergente-500-a-5000ml\/#breadcrumb"},"inLanguage":"nb-NO","potentialAction":[{"@type":"ReadAction","target":["https:\/\/distribucionarc.com\/bg\/producto\/embotelladora-liquidos-viscosos-aceite-detergente-500-a-5000ml\/"]}]},{"@type":"ImageObject","inLanguage":"nb-NO","@id":"https:\/\/distribucionarc.com\/bg\/producto\/embotelladora-liquidos-viscosos-aceite-detergente-500-a-5000ml\/#primaryimage","url":"https:\/\/distribucionarc.com\/wp-content\/uploads\/2020\/10\/Dosificadora-Embotelladora-Llenadora-con-Batidor-500-ml-3000-ml-0.jpg","contentUrl":"https:\/\/distribucionarc.com\/wp-content\/uploads\/2020\/10\/Dosificadora-Embotelladora-Llenadora-con-Batidor-500-ml-3000-ml-0.jpg","width":1600,"height":1600,"caption":"Dosificadora, Embotelladora, Llenadora con Batidor 500 ml 3000 ml"},{"@type":"BreadcrumbList","@id":"https:\/\/distribucionarc.com\/bg\/producto\/embotelladora-liquidos-viscosos-aceite-detergente-500-a-5000ml\/#breadcrumb","itemListElement":[{"@type":"ListItem","position":1,"name":"Portada","item":"https:\/\/www.distribucionarc.com\/"},{"@type":"ListItem","position":2,"name":"\u00dcr\u00fcnler","item":"https:\/\/www.distribucionarc.com\/tr\/magaza\/"},{"@type":"ListItem","position":3,"name":"Embotelladora l\u00edquidos viscosos, aceite, detergente, 500 a 5000ml"}]},{"@type":"WebSite","@id":"https:\/\/www.distribucionarc.com\/sl\/#website","url":"https:\/\/www.distribucionarc.com\/sl\/","name":"ARC distribusjon","description":"Selskapet har spesialisert seg p\u00e5 produksjon og distribusjon av industrimaskiner, hermetikkboksforseglingsmaskiner, tablettmaskiner, kj\u00f8ttskj\u00e6remaskiner og...","publisher":{"@id":"https:\/\/www.distribucionarc.com\/sl\/#organization"},"potentialAction":[{"@type":"SearchAction","target":{"@type":"EntryPoint","urlTemplate":"https:\/\/www.distribucionarc.com\/sl\/?s={search_term_string}"},"query-input":{"@type":"PropertyValueSpecification","valueRequired":true,"valueName":"search_term_string"}}],"inLanguage":"nb-NO"},{"@type":"Organization","@id":"https:\/\/www.distribucionarc.com\/sl\/#organization","name":"ARC distribusjon","url":"https:\/\/www.distribucionarc.com\/sl\/","logo":{"@type":"ImageObject","inLanguage":"nb-NO","@id":"https:\/\/www.distribucionarc.com\/sl\/#\/schema\/logo\/image\/","url":"https:\/\/distribucionarc.com\/wp-content\/uploads\/2024\/10\/distribucion-ARC-COLOR-SIN-FONDO-e1732295305345.png","contentUrl":"https:\/\/distribucionarc.com\/wp-content\/uploads\/2024\/10\/distribucion-ARC-COLOR-SIN-FONDO-e1732295305345.png","width":1164,"height":558,"caption":"Distribuci\u00f3n ARC"},"image":{"@id":"https:\/\/www.distribucionarc.com\/sl\/#\/schema\/logo\/image\/"},"description":"Selskap som har spesialisert seg p\u00e5 produksjon og distribusjon av industrimaskiner til n\u00e6ringsmiddel- og farmasisektoren. Vi er spesialister p\u00e5: Kj\u00f8ttskj\u00e6remaskiner Tablettilvirkning Industrielle transportsystemer Tappelinjer Dispensere Og mye mer... Vi tilbyr innovative og skreddersydde l\u00f8sninger for \u00e5 optimalisere bedriftens produksjonsprosesser.","email":"Admistracion@distribucionarc.com","telephone":"+34 643496664","legalName":"ARC TECH SOLUTIONS","foundingDate":"2024-04-09","vatID":"B55480172","numberOfEmployees":{"@type":"QuantitativeValue","minValue":"1","maxValue":"10"}}]}},"_links":{"self":[{"href":"https:\/\/distribucionarc.com\/nb\/wp-json\/wp\/v2\/product\/3631","targetHints":{"allow":["GET"]}}],"collection":[{"href":"https:\/\/distribucionarc.com\/nb\/wp-json\/wp\/v2\/product"}],"about":[{"href":"https:\/\/distribucionarc.com\/nb\/wp-json\/wp\/v2\/types\/product"}],"replies":[{"embeddable":true,"href":"https:\/\/distribucionarc.com\/nb\/wp-json\/wp\/v2\/comments?post=3631"}],"version-history":[{"count":2,"href":"https:\/\/distribucionarc.com\/nb\/wp-json\/wp\/v2\/product\/3631\/revisions"}],"predecessor-version":[{"id":17469,"href":"https:\/\/distribucionarc.com\/nb\/wp-json\/wp\/v2\/product\/3631\/revisions\/17469"}],"wp:featuredmedia":[{"embeddable":true,"href":"https:\/\/distribucionarc.com\/nb\/wp-json\/wp\/v2\/media\/3632"}],"wp:attachment":[{"href":"https:\/\/distribucionarc.com\/nb\/wp-json\/wp\/v2\/media?parent=3631"}],"wp:term":[{"taxonomy":"product_brand","embeddable":true,"href":"https:\/\/distribucionarc.com\/nb\/wp-json\/wp\/v2\/product_brand?post=3631"},{"taxonomy":"product_cat","embeddable":true,"href":"https:\/\/distribucionarc.com\/nb\/wp-json\/wp\/v2\/product_cat?post=3631"},{"taxonomy":"product_tag","embeddable":true,"href":"https:\/\/distribucionarc.com\/nb\/wp-json\/wp\/v2\/product_tag?post=3631"}],"curies":[{"name":"wp","href":"https:\/\/api.w.org\/{rel}","templated":true}]}}