{"id":3644,"date":"2020-10-05T15:31:50","date_gmt":"2020-10-05T15:31:50","guid":{"rendered":"https:\/\/distribucionarc.com\/?post_type=product&#038;p=3644"},"modified":"2025-05-08T22:52:56","modified_gmt":"2025-05-08T20:52:56","slug":"vanntappemaskin-flytende-blekemiddelreagenser-juice-1000-5000ml","status":"publish","type":"product","link":"https:\/\/distribucionarc.com\/nb\/producto\/embotelladora-de-agua-liquidos-lejia-reactivos-zumo-1000-5000ml\/","title":{"rendered":"Tappemaskin for vann, v\u00e6sker, blekemiddel, reagenser, juice 1000-5000ml"},"content":{"rendered":"<h2 data-start=\"380\" data-end=\"461\">\ud83e\uddf4 Pneumatisk sugefyller for flytende matvarer \u2013 1000 til 5000 ml<\/h2>\n<p data-start=\"463\" data-end=\"882\">De <strong data-start=\"466\" data-end=\"512\">sugefyller med pneumatisk stempel<\/strong> Det er en maskin som er designet for <strong data-start=\"545\" data-end=\"618\">Fylling av flytende matvarer og produkter med middels lav viskositet<\/strong>, uten sediment. Den er ideell for emballasje av store volumer, som 1-liters flasker, 3-liters karafler eller beholdere p\u00e5 opptil 5 liter, og tillater <strong data-start=\"769\" data-end=\"817\">koble direkte til eksterne arkiver<\/strong> med slange, eller integrert i line\u00e6re fyllesystemer.<\/p>\n<p data-start=\"884\" data-end=\"1215\">Takket v\u00e6re strukturen i <strong data-start=\"911\" data-end=\"967\">Matgodkjent polert rustfritt st\u00e5l (SS304)<\/strong>Dette fyllstoffet oppfyller GMP-standarder og er korrosjonsbestandig, lett \u00e5 rengj\u00f8re og vedlikeholde. Det h\u00f8ypresisjons pneumatiske stempelet tillater justering av b\u00e5de <strong data-start=\"1138\" data-end=\"1178\">volum som fyllingshastighet<\/strong> i henhold til produksjonsbehov.<\/p>\n<p data-start=\"1217\" data-end=\"1472\">Det anbefales for produkter <strong data-start=\"1246\" data-end=\"1282\">uten partikler eller faste spor<\/strong>, siden suge- og rotasjonsventilsystemet er optimalisert for homogene v\u00e6sker. Denne maskinen er ikke egnet for produkter med h\u00f8y viskositet eller produkter som kan for\u00e5rsake tilstopping.<\/p>\n<h3 data-start=\"1474\" data-end=\"1508\">Eksempler p\u00e5 ideelle produkter:<\/h3>\n<ul data-start=\"1510\" data-end=\"1805\">\n<li data-start=\"1510\" data-end=\"1534\">\n<p data-start=\"1512\" data-end=\"1534\">\ud83e\udd64 <strong data-start=\"1515\" data-end=\"1534\">Fruktfri juice<\/strong><\/p>\n<\/li>\n<li data-start=\"1535\" data-end=\"1585\">\n<p data-start=\"1537\" data-end=\"1585\">\ud83e\udd5b <strong data-start=\"1540\" data-end=\"1585\">Gr\u00f8nnsaksdrikker (soya, havre, mandel)<\/strong><\/p>\n<\/li>\n<li data-start=\"1586\" data-end=\"1618\">\n<p data-start=\"1588\" data-end=\"1618\">\ud83c\udf76 <strong data-start=\"1591\" data-end=\"1618\">Raffinert vegetabilsk olje<\/strong><\/p>\n<\/li>\n<li data-start=\"1619\" data-end=\"1651\">\n<p data-start=\"1621\" data-end=\"1651\">\ud83e\uddc3 <strong data-start=\"1624\" data-end=\"1651\">Klare flytende siruper<\/strong><\/p>\n<\/li>\n<li data-start=\"1652\" data-end=\"1686\">\n<p data-start=\"1654\" data-end=\"1686\">\ud83d\udca7 <strong data-start=\"1657\" data-end=\"1686\">Smaksatt vann eller mineralvann<\/strong><\/p>\n<\/li>\n<li data-start=\"1687\" data-end=\"1715\">\n<p data-start=\"1689\" data-end=\"1715\">\ud83e\uddf4 <strong data-start=\"1692\" data-end=\"1715\">Hydroalkoholisk gel<\/strong><\/p>\n<\/li>\n<li data-start=\"1716\" data-end=\"1747\">\n<p data-start=\"1718\" data-end=\"1747\">\ud83c\udf77 <strong data-start=\"1721\" data-end=\"1747\">Viner og brus<\/strong><\/p>\n<\/li>\n<li data-start=\"1748\" data-end=\"1805\">\n<p data-start=\"1750\" data-end=\"1805\">\ud83e\uddea <strong data-start=\"1753\" data-end=\"1805\">Flytende mat- og farmas\u00f8ytiske l\u00f8sninger<\/strong><\/p>\n<\/li>\n<\/ul>\n<h3 data-start=\"1807\" data-end=\"1836\">Eksempler p\u00e5 praktisk bruk:<\/h3>\n<ul data-start=\"1838\" data-end=\"2098\">\n<li data-start=\"1838\" data-end=\"1923\">\n<p data-start=\"1840\" data-end=\"1923\">Fylling av <strong data-start=\"1851\" data-end=\"1878\">1 liters PET-flasker<\/strong> p\u00e5 en halvautomatisk tappelinje<\/p>\n<\/li>\n<li data-start=\"1924\" data-end=\"2021\">\n<p data-start=\"1926\" data-end=\"2021\">Dosering av <strong data-start=\"1940\" data-end=\"1959\">raffinert olje<\/strong> fra en 1000 liters IBC-tank koblet til med slange<\/p>\n<\/li>\n<li data-start=\"2022\" data-end=\"2098\">\n<p data-start=\"2024\" data-end=\"2098\">Emballasje av <strong data-start=\"2036\" data-end=\"2068\">sirup eller flytende ekstrakter<\/strong> i 3 til 5 liters flasker<\/p>\n<\/li>\n<\/ul>\n<p data-start=\"2100\" data-end=\"2293\">Takket v\u00e6re den lette vekten (25 kg) og de kompakte m\u00e5lene er denne maskinen ideell for bedrifter som trenger en fleksibel, \u00f8konomisk og presis l\u00f8sning for fylling av v\u00e6sker i store volumer.<\/p>\n<p data-start=\"2295\" data-end=\"2519\">Inkluderer <strong data-start=\"2303\" data-end=\"2336\">justerbart dysehode<\/strong>, dryppsikkert system, lufttrykksregulering, og kan fungere i modus <strong data-start=\"2413\" data-end=\"2444\">automatisk eller halvautomatisk<\/strong>. Sertifisering <strong data-start=\"2460\" data-end=\"2466\">EC<\/strong>, 2 \u00e5rs garanti og personlig teknisk st\u00f8tte.<\/p>\n<hr data-start=\"2521\" data-end=\"2524\" \/>\n<h3 data-start=\"2526\" data-end=\"2555\">Tekniske spesifikasjoner<\/h3>\n<div class=\"_tableContainer_16hzy_1\">\n<div class=\"_tableWrapper_16hzy_14 group flex w-fit flex-col-reverse\" tabindex=\"-1\">\n<table class=\"w-fit min-w-(--thread-content-width)\" data-start=\"2557\" data-end=\"4281\">\n<thead data-start=\"2557\" data-end=\"2632\">\n<tr data-start=\"2557\" data-end=\"2632\">\n<th data-start=\"2557\" data-end=\"2591\" data-col-size=\"sm\">Trekk<\/th>\n<th data-start=\"2591\" data-end=\"2632\" data-col-size=\"md\">Detalj<\/th>\n<\/tr>\n<\/thead>\n<tbody data-start=\"2709\" data-end=\"4281\">\n<tr data-start=\"2709\" data-end=\"2785\">\n<td data-start=\"2709\" data-end=\"2743\" data-col-size=\"sm\">Maskintype<\/td>\n<td data-col-size=\"md\" data-start=\"2743\" data-end=\"2785\">Pneumatisk sugefyller<\/td>\n<\/tr>\n<tr data-start=\"2786\" data-end=\"2862\">\n<td data-start=\"2786\" data-end=\"2820\" data-col-size=\"sm\">Type produkter<\/td>\n<td data-col-size=\"md\" data-start=\"2820\" data-end=\"2862\">Matv\u00e6sker uten sediment<\/td>\n<\/tr>\n<tr data-start=\"2863\" data-end=\"2940\">\n<td data-start=\"2863\" data-end=\"2897\" data-col-size=\"sm\">Bruksomr\u00e5der<\/td>\n<td data-col-size=\"md\" data-start=\"2897\" data-end=\"2940\">Mat, drikkevarer, legemidler<\/td>\n<\/tr>\n<tr data-start=\"2941\" data-end=\"3039\">\n<td data-start=\"2941\" data-end=\"2975\" data-col-size=\"sm\">Kompatible produkter<\/td>\n<td data-col-size=\"md\" data-start=\"2975\" data-end=\"3039\">Juice, gr\u00f8nnsaksdrikker, sirup, vann, hydroalkoholisk gel<\/td>\n<\/tr>\n<tr data-start=\"3040\" data-end=\"3116\">\n<td data-start=\"3040\" data-end=\"3074\" data-col-size=\"sm\">Fyllingssystem<\/td>\n<td data-col-size=\"md\" data-start=\"3074\" data-end=\"3116\">Pneumatisk stempel med rotasjonsventil<\/td>\n<\/tr>\n<tr data-start=\"3117\" data-end=\"3192\">\n<td data-start=\"3117\" data-end=\"3151\" data-col-size=\"sm\">Fyllingsn\u00f8yaktighet<\/td>\n<td data-col-size=\"md\" data-start=\"3151\" data-end=\"3192\">\u00b11%<\/td>\n<\/tr>\n<tr data-start=\"3193\" data-end=\"3269\">\n<td data-start=\"3193\" data-end=\"3227\" data-col-size=\"sm\">Fyllingsomr\u00e5de<\/td>\n<td data-col-size=\"md\" data-start=\"3227\" data-end=\"3269\">1000 ml \u2013 5000 ml<\/td>\n<\/tr>\n<tr data-start=\"3270\" data-end=\"3345\">\n<td data-start=\"3270\" data-end=\"3304\" data-col-size=\"sm\">Produksjonshastighet<\/td>\n<td data-col-size=\"md\" data-start=\"3304\" data-end=\"3345\">Opptil 40 beholdere per minutt<\/td>\n<\/tr>\n<tr data-start=\"3346\" data-end=\"3425\">\n<td data-start=\"3346\" data-end=\"3380\" data-col-size=\"sm\">Fyllhode<\/td>\n<td data-col-size=\"md\" data-start=\"3380\" data-end=\"3425\">1 enhet, justerbar med dryppsikringssystem<\/td>\n<\/tr>\n<tr data-start=\"3426\" data-end=\"3502\">\n<td data-start=\"3426\" data-end=\"3460\" data-col-size=\"sm\">Str\u00f8mforsyning<\/td>\n<td data-col-size=\"md\" data-start=\"3460\" data-end=\"3502\">220 V<\/td>\n<\/tr>\n<tr data-start=\"3503\" data-end=\"3579\">\n<td data-start=\"3503\" data-end=\"3537\" data-col-size=\"sm\">Arbeidspress<\/td>\n<td data-col-size=\"md\" data-start=\"3537\" data-end=\"3579\">0,4\u20130,9 MPa<\/td>\n<\/tr>\n<tr data-start=\"3580\" data-end=\"3655\">\n<td data-start=\"3580\" data-end=\"3614\" data-col-size=\"sm\">Materiale i kontakt<\/td>\n<td data-col-size=\"md\" data-start=\"3614\" data-end=\"3655\">Polert rustfritt st\u00e5l (SS304)<\/td>\n<\/tr>\n<tr data-start=\"3656\" data-end=\"3739\">\n<td data-start=\"3656\" data-end=\"3690\" data-col-size=\"sm\">Innvendig overflate<\/td>\n<td data-col-size=\"md\" data-start=\"3690\" data-end=\"3739\">Ruhet Ra \u2264 0,2\u20130,4 \u03bcm (GMP-sertifisering)<\/td>\n<\/tr>\n<tr data-start=\"3740\" data-end=\"3815\">\n<td data-start=\"3740\" data-end=\"3774\" data-col-size=\"sm\">Driftsmoduser<\/td>\n<td data-col-size=\"md\" data-start=\"3774\" data-end=\"3815\">Halvautomatisk \/ Automatisk<\/td>\n<\/tr>\n<tr data-start=\"3816\" data-end=\"3896\">\n<td data-start=\"3816\" data-end=\"3850\" data-col-size=\"sm\">Produktinndata<\/td>\n<td data-col-size=\"md\" data-start=\"3850\" data-end=\"3896\">Beholder eller direkte tilkobling via slange<\/td>\n<\/tr>\n<tr data-start=\"3897\" data-end=\"3973\">\n<td data-start=\"3897\" data-end=\"3931\" data-col-size=\"sm\">Maskindimensjoner<\/td>\n<td data-col-size=\"md\" data-start=\"3931\" data-end=\"3973\">1260 \u00d7 370 \u00d7 550 mm<\/td>\n<\/tr>\n<tr data-start=\"3974\" data-end=\"4050\">\n<td data-start=\"3974\" data-end=\"4008\" data-col-size=\"sm\">Vekt<\/td>\n<td data-col-size=\"md\" data-start=\"4008\" data-end=\"4050\">25 kg<\/td>\n<\/tr>\n<tr data-start=\"4051\" data-end=\"4127\">\n<td data-start=\"4051\" data-end=\"4085\" data-col-size=\"sm\">Sertifisering<\/td>\n<td data-col-size=\"md\" data-start=\"4085\" data-end=\"4127\">EC<\/td>\n<\/tr>\n<tr data-start=\"4128\" data-end=\"4204\">\n<td data-start=\"4128\" data-end=\"4162\" data-col-size=\"sm\">Garanti<\/td>\n<td data-col-size=\"md\" data-start=\"4162\" data-end=\"4204\">2 \u00e5r<\/td>\n<\/tr>\n<tr data-start=\"4205\" data-end=\"4281\">\n<td data-start=\"4205\" data-end=\"4239\" data-col-size=\"sm\">Teknisk st\u00f8tte<\/td>\n<td data-col-size=\"md\" data-start=\"4239\" data-end=\"4281\">Inkludert<\/td>\n<\/tr>\n<\/tbody>\n<\/table>\n<\/div>\n<\/div>","protected":false},"excerpt":{"rendered":"<h2>Pneumatisk stempel v\u00e6skefyller ved sugeflaske, dosering 1000-5000 ml?<\/h2>\n<p>Pneumatisk tappeenhet 1000ML \u27a1\ufe0f 5000ML fyllemaskin for sjampo, olje, vann, parfyme<\/p>\n<p>halvautomatisk flaskefyller<\/p>\n<p>PNEUMATISK V\u00c6SKE-FYLLEMASKIN FOR SHAMPOO, OLJE, PARFUME VANNGEL<\/p>\n<p>1000 ML \u27a1\ufe0f 5000 ML<\/p>\n<p>Du kan dispensere ulike typer v\u00e6sker som sjampo, olje, vann, parfyme og kjemisk gel. Du kan dosere forskjellige mengder produkt fra 1000 ml \u27a1\ufe0f5000 ml<\/p>","protected":false},"featured_media":3645,"comment_status":"open","ping_status":"closed","template":"","meta":{"wds_primary_product_brand":0,"wds_primary_product_cat":0},"product_brand":[],"product_cat":[18,19,321,21],"product_tag":[],"class_list":{"0":"post-3644","1":"product","2":"type-product","3":"status-publish","4":"has-post-thumbnail","6":"product_cat-dosificadoras","7":"product_cat-dosificadoras-de-liquidos","8":"product_cat-llenadoras-de-piston","9":"product_cat-maquinas-llenadoras","10":"product_shipping_class-express","12":"first","13":"instock","14":"sale","15":"taxable","16":"shipping-taxable","17":"purchasable","18":"product-type-simple"},"yoast_head":"<!-- This site is optimized with the Yoast SEO Premium plugin v24.9 (Yoast SEO v26.1) - https:\/\/yoast.com\/wordpress\/plugins\/seo\/ -->\n<title>Embotelladora de agua, l\u00edquidos, lej\u00eda, reactivos, zumo 1000-5000ml - distribuci\u00f3n ARC<\/title>\n<meta name=\"robots\" content=\"index, follow, max-snippet:-1, max-image-preview:large, max-video-preview:-1\" \/>\n<link rel=\"canonical\" href=\"https:\/\/distribucionarc.com\/nb\/produkter\/vanntappemaskin-flytende-blekemiddelreagenser-juice-1000-5000ml\/\" \/>\n<meta property=\"og:locale\" content=\"nb_NO\" \/>\n<meta property=\"og:type\" content=\"article\" \/>\n<meta property=\"og:title\" content=\"Embotelladora de agua, l\u00edquidos, lej\u00eda, reactivos, zumo 1000-5000ml\" \/>\n<meta property=\"og:description\" content=\"Llenadora de L\u00edquidos Pist\u00f3n Neum\u00e1tico por Succi\u00f3n Embotelladora, Dosificadora 1000-5000 ml? Dispositivo de embotellado neum\u00e1tico 1000ML \u27a1\ufe0f 5000ML m\u00e1quina de rellenar para el champ\u00fa, aceite, agua, perfume  llenadora de botellas semiautom\u00e1tica  MAQUINA DE LLENADO DE LIQUIDO NEUMATICA PARA CHAMPU, ACEITE, PERFUME DE AGUA GEL  1000 ML \u27a1\ufe0f 5000 ML  Usted puede dosificar diversas clases de l\u00edquidos como champ\u00fa, aceite, agua, perfume, y gel el producto qu\u00edmico. Puede dosificar diferentes cantidades de producto que van desde los 1000 Ml \u27a1\ufe0f5000 Ml\" \/>\n<meta property=\"og:url\" content=\"https:\/\/distribucionarc.com\/nb\/produkter\/vanntappemaskin-flytende-blekemiddelreagenser-juice-1000-5000ml\/\" \/>\n<meta property=\"og:site_name\" content=\"distribuci\u00f3n ARC\" \/>\n<meta property=\"article:modified_time\" content=\"2025-05-08T20:52:56+00:00\" \/>\n<meta property=\"og:image\" content=\"https:\/\/distribucionarc.com\/wp-content\/uploads\/2020\/10\/Llenadora-de-L\u00edquidos-Pist\u00f3n-Neum\u00e1tico-por-Succi\u00f3n-Embotelladora-Dosificadora-1000-5000-ml-0.jpg\" \/>\n\t<meta property=\"og:image:width\" content=\"1600\" \/>\n\t<meta property=\"og:image:height\" content=\"1600\" \/>\n\t<meta property=\"og:image:type\" content=\"image\/jpeg\" \/>\n<meta name=\"twitter:card\" content=\"summary_large_image\" \/>\n<meta name=\"twitter:label1\" content=\"Ansl. lesetid\" \/>\n\t<meta name=\"twitter:data1\" content=\"3 minutter\" \/>\n<script type=\"application\/ld+json\" class=\"yoast-schema-graph\">{\"@context\":\"https:\/\/schema.org\",\"@graph\":[{\"@type\":\"WebPage\",\"@id\":\"https:\/\/distribucionarc.com\/pl\/producto\/embotelladora-de-agua-liquidos-lejia-reactivos-zumo-1000-5000ml\/\",\"url\":\"https:\/\/distribucionarc.com\/pl\/producto\/embotelladora-de-agua-liquidos-lejia-reactivos-zumo-1000-5000ml\/\",\"name\":\"Embotelladora de agua, l\u00edquidos, lej\u00eda, reactivos, zumo 1000-5000ml - distribuci\u00f3n ARC\",\"isPartOf\":{\"@id\":\"https:\/\/distribucionarc.com\/pl\/#website\"},\"primaryImageOfPage\":{\"@id\":\"https:\/\/distribucionarc.com\/pl\/producto\/embotelladora-de-agua-liquidos-lejia-reactivos-zumo-1000-5000ml\/#primaryimage\"},\"image\":{\"@id\":\"https:\/\/distribucionarc.com\/pl\/producto\/embotelladora-de-agua-liquidos-lejia-reactivos-zumo-1000-5000ml\/#primaryimage\"},\"thumbnailUrl\":\"https:\/\/distribucionarc.com\/wp-content\/uploads\/2020\/10\/Llenadora-de-L\u00edquidos-Pist\u00f3n-Neum\u00e1tico-por-Succi\u00f3n-Embotelladora-Dosificadora-1000-5000-ml-0.jpg\",\"datePublished\":\"2020-10-05T15:31:50+00:00\",\"dateModified\":\"2025-05-08T20:52:56+00:00\",\"breadcrumb\":{\"@id\":\"https:\/\/distribucionarc.com\/pl\/producto\/embotelladora-de-agua-liquidos-lejia-reactivos-zumo-1000-5000ml\/#breadcrumb\"},\"inLanguage\":\"nb-NO\",\"potentialAction\":[{\"@type\":\"ReadAction\",\"target\":[\"https:\/\/distribucionarc.com\/pl\/producto\/embotelladora-de-agua-liquidos-lejia-reactivos-zumo-1000-5000ml\/\"]}]},{\"@type\":\"ImageObject\",\"inLanguage\":\"nb-NO\",\"@id\":\"https:\/\/distribucionarc.com\/pl\/producto\/embotelladora-de-agua-liquidos-lejia-reactivos-zumo-1000-5000ml\/#primaryimage\",\"url\":\"https:\/\/distribucionarc.com\/wp-content\/uploads\/2020\/10\/Llenadora-de-L\u00edquidos-Pist\u00f3n-Neum\u00e1tico-por-Succi\u00f3n-Embotelladora-Dosificadora-1000-5000-ml-0.jpg\",\"contentUrl\":\"https:\/\/distribucionarc.com\/wp-content\/uploads\/2020\/10\/Llenadora-de-L\u00edquidos-Pist\u00f3n-Neum\u00e1tico-por-Succi\u00f3n-Embotelladora-Dosificadora-1000-5000-ml-0.jpg\",\"width\":1600,\"height\":1600,\"caption\":\"liquid filling machine liquid filling machine automatic manual liquid filling machine pneumatic machine filling machine for liquid filling machine bottle filling machine filling machine rotary filling machine 50-500ml cream filling machine\"},{\"@type\":\"BreadcrumbList\",\"@id\":\"https:\/\/distribucionarc.com\/pl\/producto\/embotelladora-de-agua-liquidos-lejia-reactivos-zumo-1000-5000ml\/#breadcrumb\",\"itemListElement\":[{\"@type\":\"ListItem\",\"position\":1,\"name\":\"Portada\",\"item\":\"https:\/\/www.distribucionarc.com\/tr\/\"},{\"@type\":\"ListItem\",\"position\":2,\"name\":\"Izdelki\",\"item\":\"https:\/\/www.distribucionarc.com\/sl\/trgovina\/\"},{\"@type\":\"ListItem\",\"position\":3,\"name\":\"Embotelladora de agua, l\u00edquidos, lej\u00eda, reactivos, zumo 1000-5000ml\"}]},{\"@type\":\"WebSite\",\"@id\":\"https:\/\/distribucionarc.com\/pl\/#website\",\"url\":\"https:\/\/distribucionarc.com\/pl\/\",\"name\":\"distribuci\u00f3n ARC\",\"description\":\"Empresa especializada en la fabricaci\u00f3n y distribuci\u00f3n de maquinaria industrial, selladoras de latas, Maquinas de hacer pastillas, Maquinas de cortar carne...\",\"publisher\":{\"@id\":\"https:\/\/distribucionarc.com\/pl\/#organization\"},\"potentialAction\":[{\"@type\":\"SearchAction\",\"target\":{\"@type\":\"EntryPoint\",\"urlTemplate\":\"https:\/\/distribucionarc.com\/pl\/?s={search_term_string}\"},\"query-input\":{\"@type\":\"PropertyValueSpecification\",\"valueRequired\":true,\"valueName\":\"search_term_string\"}}],\"inLanguage\":\"nb-NO\"},{\"@type\":\"Organization\",\"@id\":\"https:\/\/distribucionarc.com\/pl\/#organization\",\"name\":\"Distribuci\u00f3n ARC\",\"url\":\"https:\/\/distribucionarc.com\/pl\/\",\"logo\":{\"@type\":\"ImageObject\",\"inLanguage\":\"nb-NO\",\"@id\":\"https:\/\/distribucionarc.com\/pl\/#\/schema\/logo\/image\/\",\"url\":\"https:\/\/distribucionarc.com\/wp-content\/uploads\/2024\/10\/distribucion-ARC-COLOR-SIN-FONDO-e1732295305345.png\",\"contentUrl\":\"https:\/\/distribucionarc.com\/wp-content\/uploads\/2024\/10\/distribucion-ARC-COLOR-SIN-FONDO-e1732295305345.png\",\"width\":1164,\"height\":558,\"caption\":\"Distribuci\u00f3n ARC\"},\"image\":{\"@id\":\"https:\/\/distribucionarc.com\/pl\/#\/schema\/logo\/image\/\"},\"description\":\"Empresa especializada en la fabricaci\u00f3n y distribuci\u00f3n de maquinaria industrial para los sectores alimentario y farmac\u00e9utico. Nos especializamos en: M\u00e1quinas de cortar carne Fabricaci\u00f3n de comprimidos Sistemas de transporte industrial L\u00edneas de embotellado Dosificadores Y mucho m\u00e1s... Ofrecemos soluciones innovadoras y personalizadas para optimizar los procesos productivos de tu empresa.\",\"email\":\"Admistracion@distribucionarc.com\",\"telephone\":\"+34 643496664\",\"legalName\":\"ARC TECH SOLUTIONS\",\"foundingDate\":\"2024-04-09\",\"vatID\":\"B55480172\",\"numberOfEmployees\":{\"@type\":\"QuantitativeValue\",\"minValue\":\"1\",\"maxValue\":\"10\"}}]}<\/script>\n<!-- \/ Yoast SEO Premium plugin. -->","yoast_head_json":{"title":"Tapping av vann, v\u00e6sker, blekemiddel, reagenser, juice 1000-5000ml - ARC distribusjon","robots":{"index":"index","follow":"follow","max-snippet":"max-snippet:-1","max-image-preview":"max-image-preview:large","max-video-preview":"max-video-preview:-1"},"canonical":"https:\/\/distribucionarc.com\/nb\/produkter\/vanntappemaskin-flytende-blekemiddelreagenser-juice-1000-5000ml\/","og_locale":"nb_NO","og_type":"article","og_title":"Embotelladora de agua, l\u00edquidos, lej\u00eda, reactivos, zumo 1000-5000ml","og_description":"Llenadora de L\u00edquidos Pist\u00f3n Neum\u00e1tico por Succi\u00f3n Embotelladora, Dosificadora 1000-5000 ml? Dispositivo de embotellado neum\u00e1tico 1000ML \u27a1\ufe0f 5000ML m\u00e1quina de rellenar para el champ\u00fa, aceite, agua, perfume  llenadora de botellas semiautom\u00e1tica  MAQUINA DE LLENADO DE LIQUIDO NEUMATICA PARA CHAMPU, ACEITE, PERFUME DE AGUA GEL  1000 ML \u27a1\ufe0f 5000 ML  Usted puede dosificar diversas clases de l\u00edquidos como champ\u00fa, aceite, agua, perfume, y gel el producto qu\u00edmico. Puede dosificar diferentes cantidades de producto que van desde los 1000 Ml \u27a1\ufe0f5000 Ml","og_url":"https:\/\/distribucionarc.com\/nb\/produkter\/vanntappemaskin-flytende-blekemiddelreagenser-juice-1000-5000ml\/","og_site_name":"distribuci\u00f3n ARC","article_modified_time":"2025-05-08T20:52:56+00:00","og_image":[{"width":1600,"height":1600,"url":"https:\/\/distribucionarc.com\/wp-content\/uploads\/2020\/10\/Llenadora-de-L\u00edquidos-Pist\u00f3n-Neum\u00e1tico-por-Succi\u00f3n-Embotelladora-Dosificadora-1000-5000-ml-0.jpg","type":"image\/jpeg"}],"twitter_card":"summary_large_image","twitter_misc":{"Ansl. lesetid":"3 minutter"},"schema":{"@context":"https:\/\/schema.org","@graph":[{"@type":"WebPage","@id":"https:\/\/distribucionarc.com\/pl\/producto\/embotelladora-de-agua-liquidos-lejia-reactivos-zumo-1000-5000ml\/","url":"https:\/\/distribucionarc.com\/pl\/producto\/embotelladora-de-agua-liquidos-lejia-reactivos-zumo-1000-5000ml\/","name":"Tapping av vann, v\u00e6sker, blekemiddel, reagenser, juice 1000-5000ml - ARC distribusjon","isPartOf":{"@id":"https:\/\/distribucionarc.com\/pl\/#website"},"primaryImageOfPage":{"@id":"https:\/\/distribucionarc.com\/pl\/producto\/embotelladora-de-agua-liquidos-lejia-reactivos-zumo-1000-5000ml\/#primaryimage"},"image":{"@id":"https:\/\/distribucionarc.com\/pl\/producto\/embotelladora-de-agua-liquidos-lejia-reactivos-zumo-1000-5000ml\/#primaryimage"},"thumbnailUrl":"https:\/\/distribucionarc.com\/wp-content\/uploads\/2020\/10\/Llenadora-de-L\u00edquidos-Pist\u00f3n-Neum\u00e1tico-por-Succi\u00f3n-Embotelladora-Dosificadora-1000-5000-ml-0.jpg","datePublished":"2020-10-05T15:31:50+00:00","dateModified":"2025-05-08T20:52:56+00:00","breadcrumb":{"@id":"https:\/\/distribucionarc.com\/pl\/producto\/embotelladora-de-agua-liquidos-lejia-reactivos-zumo-1000-5000ml\/#breadcrumb"},"inLanguage":"nb-NO","potentialAction":[{"@type":"ReadAction","target":["https:\/\/distribucionarc.com\/pl\/producto\/embotelladora-de-agua-liquidos-lejia-reactivos-zumo-1000-5000ml\/"]}]},{"@type":"ImageObject","inLanguage":"nb-NO","@id":"https:\/\/distribucionarc.com\/pl\/producto\/embotelladora-de-agua-liquidos-lejia-reactivos-zumo-1000-5000ml\/#primaryimage","url":"https:\/\/distribucionarc.com\/wp-content\/uploads\/2020\/10\/Llenadora-de-L\u00edquidos-Pist\u00f3n-Neum\u00e1tico-por-Succi\u00f3n-Embotelladora-Dosificadora-1000-5000-ml-0.jpg","contentUrl":"https:\/\/distribucionarc.com\/wp-content\/uploads\/2020\/10\/Llenadora-de-L\u00edquidos-Pist\u00f3n-Neum\u00e1tico-por-Succi\u00f3n-Embotelladora-Dosificadora-1000-5000-ml-0.jpg","width":1600,"height":1600,"caption":"liquid filling machine liquid filling machine automatic manual liquid filling machine pneumatic machine filling machine for liquid filling machine bottle filling machine filling machine rotary filling machine 50-500ml cream filling machine"},{"@type":"BreadcrumbList","@id":"https:\/\/distribucionarc.com\/pl\/producto\/embotelladora-de-agua-liquidos-lejia-reactivos-zumo-1000-5000ml\/#breadcrumb","itemListElement":[{"@type":"ListItem","position":1,"name":"Portada","item":"https:\/\/www.distribucionarc.com\/tr\/"},{"@type":"ListItem","position":2,"name":"Izdelki","item":"https:\/\/www.distribucionarc.com\/sl\/trgovina\/"},{"@type":"ListItem","position":3,"name":"Embotelladora de agua, l\u00edquidos, lej\u00eda, reactivos, zumo 1000-5000ml"}]},{"@type":"WebSite","@id":"https:\/\/distribucionarc.com\/pl\/#website","url":"https:\/\/distribucionarc.com\/pl\/","name":"ARC distribusjon","description":"Selskapet har spesialisert seg p\u00e5 produksjon og distribusjon av industrimaskiner, hermetikkboksforseglingsmaskiner, tablettmaskiner, kj\u00f8ttskj\u00e6remaskiner og...","publisher":{"@id":"https:\/\/distribucionarc.com\/pl\/#organization"},"potentialAction":[{"@type":"SearchAction","target":{"@type":"EntryPoint","urlTemplate":"https:\/\/distribucionarc.com\/pl\/?s={search_term_string}"},"query-input":{"@type":"PropertyValueSpecification","valueRequired":true,"valueName":"search_term_string"}}],"inLanguage":"nb-NO"},{"@type":"Organization","@id":"https:\/\/distribucionarc.com\/pl\/#organization","name":"ARC distribusjon","url":"https:\/\/distribucionarc.com\/pl\/","logo":{"@type":"ImageObject","inLanguage":"nb-NO","@id":"https:\/\/distribucionarc.com\/pl\/#\/schema\/logo\/image\/","url":"https:\/\/distribucionarc.com\/wp-content\/uploads\/2024\/10\/distribucion-ARC-COLOR-SIN-FONDO-e1732295305345.png","contentUrl":"https:\/\/distribucionarc.com\/wp-content\/uploads\/2024\/10\/distribucion-ARC-COLOR-SIN-FONDO-e1732295305345.png","width":1164,"height":558,"caption":"Distribuci\u00f3n ARC"},"image":{"@id":"https:\/\/distribucionarc.com\/pl\/#\/schema\/logo\/image\/"},"description":"Selskap som har spesialisert seg p\u00e5 produksjon og distribusjon av industrimaskiner til n\u00e6ringsmiddel- og farmasisektoren. Vi er spesialister p\u00e5: Kj\u00f8ttskj\u00e6remaskiner Tablettilvirkning Industrielle transportsystemer Tappelinjer Dispensere Og mye mer... Vi tilbyr innovative og skreddersydde l\u00f8sninger for \u00e5 optimalisere bedriftens produksjonsprosesser.","email":"Admistracion@distribucionarc.com","telephone":"+34 643496664","legalName":"ARC TECH SOLUTIONS","foundingDate":"2024-04-09","vatID":"B55480172","numberOfEmployees":{"@type":"QuantitativeValue","minValue":"1","maxValue":"10"}}]}},"_links":{"self":[{"href":"https:\/\/distribucionarc.com\/nb\/wp-json\/wp\/v2\/product\/3644","targetHints":{"allow":["GET"]}}],"collection":[{"href":"https:\/\/distribucionarc.com\/nb\/wp-json\/wp\/v2\/product"}],"about":[{"href":"https:\/\/distribucionarc.com\/nb\/wp-json\/wp\/v2\/types\/product"}],"replies":[{"embeddable":true,"href":"https:\/\/distribucionarc.com\/nb\/wp-json\/wp\/v2\/comments?post=3644"}],"version-history":[{"count":2,"href":"https:\/\/distribucionarc.com\/nb\/wp-json\/wp\/v2\/product\/3644\/revisions"}],"predecessor-version":[{"id":17471,"href":"https:\/\/distribucionarc.com\/nb\/wp-json\/wp\/v2\/product\/3644\/revisions\/17471"}],"wp:featuredmedia":[{"embeddable":true,"href":"https:\/\/distribucionarc.com\/nb\/wp-json\/wp\/v2\/media\/3645"}],"wp:attachment":[{"href":"https:\/\/distribucionarc.com\/nb\/wp-json\/wp\/v2\/media?parent=3644"}],"wp:term":[{"taxonomy":"product_brand","embeddable":true,"href":"https:\/\/distribucionarc.com\/nb\/wp-json\/wp\/v2\/product_brand?post=3644"},{"taxonomy":"product_cat","embeddable":true,"href":"https:\/\/distribucionarc.com\/nb\/wp-json\/wp\/v2\/product_cat?post=3644"},{"taxonomy":"product_tag","embeddable":true,"href":"https:\/\/distribucionarc.com\/nb\/wp-json\/wp\/v2\/product_tag?post=3644"}],"curies":[{"name":"wp","href":"https:\/\/api.w.org\/{rel}","templated":true}]}}