{"id":371,"date":"2020-04-18T13:03:20","date_gmt":"2020-04-18T13:03:20","guid":{"rendered":"https:\/\/distribucionarc.com\/?post_type=product&#038;p=371"},"modified":"2025-05-08T22:12:23","modified_gmt":"2025-05-08T20:12:23","slug":"dobbeltstempel-pneumatisk-vaeskefyller-ved-sugeflaskedosering-1000ml-%f0%9f%a7%b4","status":"publish","type":"product","link":"https:\/\/distribucionarc.com\/nb\/producto\/llenadora-de-liquidos-doble-piston-neumatico-por-succion-embotelladora-dosificadora-1000ml-%f0%9f%a7%b4\/","title":{"rendered":"Flytende fyllstoff, dobbeltstempel pneumatisk sug, tapping, dispensering 1000 ml ?"},"content":{"rendered":"<h2>\ud83e\uddf4 Halvautomatisk dobbeltstempelfyller for v\u00e6sker og halvv\u00e6sker<\/h2>\n<p>De <strong>halvautomatisk dobbeltstempelfyller<\/strong> Det er en allsidig og presis l\u00f8sning for emballering av flytende og halvflytende produkter med lav viskositet. Takket v\u00e6re det pneumatiske stempelsystemet og rotasjonsventilene muliggj\u00f8r den jevn og effektiv fylling, tilpasset behovene til sm\u00e5 og mellomstore produksjonslinjer.<\/p>\n<p>Denne maskinen er laget av rustfritt st\u00e5l og er ideell for milj\u00f8er der hygiene og holdbarhet er avgj\u00f8rende. Designet gj\u00f8r det enkelt \u00e5 demontere, noe som gj\u00f8r rengj\u00f8ring og daglig vedlikehold enklere \ud83e\uddfc.<\/p>\n<p>Noen av de vanligste produktene den kan behandle inkluderer:<\/p>\n<ul>\n<li>\ud83e\uddf4 <strong>Hydroalkoholisk gel<\/strong>, kremer og essensielle oljer<\/li>\n<li>\ud83c\udf6f <strong>Flytende honning<\/strong>, sirup, flytende sauser, vinaigretter<\/li>\n<li>\ud83d\udc8a <strong>Orale siruper<\/strong>, farmas\u00f8ytiske l\u00f8sninger og tonika<\/li>\n<li>\ud83e\uddea <strong>Isopropylalkohol<\/strong>, flytende rengj\u00f8ringsmidler, vaskemidler<\/li>\n<li>\ud83e\udd64 <strong>Juice<\/strong>, flytende konsentrater, isotoniske drikker<\/li>\n<\/ul>\n<p>Denne maskinen lar deg justere volumet og fyllehastigheten med en <strong>n\u00f8yaktighet p\u00e5 \u00b11%<\/strong>, tilpasser seg et bredt utvalg av emballasje. Det justerbare hodet og betjeningsalternativet <strong>halvautomatisk eller automatisk<\/strong> De tilbyr fleksibilitet i alle typer prosesser.<\/p>\n<p>Kort sagt, et p\u00e5litelig verkt\u00f8y for \u00e5 forbedre produktiviteten, minimere svinn og sikre konsistente resultater hver gang. \u2714\ufe0f<\/p>\n<h3>Tekniske spesifikasjoner<\/h3>\n<table>\n<thead>\n<tr>\n<th>Trekk<\/th>\n<th>Detalj<\/th>\n<\/tr>\n<\/thead>\n<tbody>\n<tr>\n<td>Maskintype<\/td>\n<td>Halvautomatisk dobbeltstempelfyller<\/td>\n<\/tr>\n<tr>\n<td>Type produkter<\/td>\n<td>Lavvisk\u00f8se v\u00e6sker og halvv\u00e6sker<\/td>\n<\/tr>\n<tr>\n<td>Bruksomr\u00e5der<\/td>\n<td>Kosmetikk, mat, kjemikalier, legemidler, drikkevarer<\/td>\n<\/tr>\n<tr>\n<td>Kompatible produkter<\/td>\n<td>Hydroalkoholisk gel, honning, sirup, sauser, kremer, oljer, desinfeksjonsmidler<\/td>\n<\/tr>\n<tr>\n<td>Fyllingssystem<\/td>\n<td>Pneumatisk stempel med rotasjonsventil<\/td>\n<\/tr>\n<tr>\n<td>Fyllingsn\u00f8yaktighet<\/td>\n<td>\u00b11%<\/td>\n<\/tr>\n<tr>\n<td>Fyllingsomr\u00e5de<\/td>\n<td>90 ml \u2013 1000 ml<\/td>\n<\/tr>\n<tr>\n<td>Arbeidspress<\/td>\n<td>0,4\u20130,9 MPa<\/td>\n<\/tr>\n<tr>\n<td>Produksjonshastighet<\/td>\n<td>Opptil 40 flasker per minutt<\/td>\n<\/tr>\n<tr>\n<td>Str\u00f8mforsyning<\/td>\n<td>220 V<\/td>\n<\/tr>\n<tr>\n<td>Antall hoder<\/td>\n<td>1<\/td>\n<\/tr>\n<tr>\n<td>Dimensjoner<\/td>\n<td>1000 \u00d7 350 \u00d7 355 mm<\/td>\n<\/tr>\n<tr>\n<td>Vekt<\/td>\n<td>40 kg<\/td>\n<\/tr>\n<tr>\n<td>Produksjonsmateriale<\/td>\n<td>Rustfritt st\u00e5l<\/td>\n<\/tr>\n<tr>\n<td>Driftsmoduser<\/td>\n<td>Halvautomatisk \/ Automatisk<\/td>\n<\/tr>\n<tr>\n<td>Rengj\u00f8ring og vedlikehold<\/td>\n<td>Enkel demontering og rengj\u00f8ring<\/td>\n<\/tr>\n<\/tbody>\n<\/table>","protected":false},"excerpt":{"rendered":"<p>Pneumatisk tappeenhet 90ML \u27a1\ufe0f1000ML fyllemaskin for sjampo, olje, vann, parfyme<\/p>\n<p>Halvautomatisk flaskefyller<\/p>\n<p>PNEUMATISK V\u00c6SKE-FYLLEMASKIN FOR SHAMPOO, OLJE, PARFUME VANNGEL<\/p>\n<p>90ML \u27a1\ufe0f 1000ML<\/p>\n<p>Du kan dosere forskjellige typer v\u00e6sker som sjampo, olje, vann, parfyme og gelkjemikalier. Du kan dosere forskjellige mengder produkt fra 90ML \u27a1\ufe0f1000ML.<\/p>","protected":false},"featured_media":378,"comment_status":"open","ping_status":"closed","template":"","meta":{"wds_primary_product_brand":0,"wds_primary_product_cat":0},"product_brand":[],"product_cat":[18,19,321,21],"product_tag":[],"class_list":{"0":"post-371","1":"product","2":"type-product","3":"status-publish","4":"has-post-thumbnail","6":"product_cat-dosificadoras","7":"product_cat-dosificadoras-de-liquidos","8":"product_cat-llenadoras-de-piston","9":"product_cat-maquinas-llenadoras","11":"first","12":"instock","13":"taxable","14":"shipping-taxable","15":"purchasable","16":"product-type-simple"},"yoast_head":"<!-- This site is optimized with the Yoast SEO Premium plugin v24.9 (Yoast SEO v26.1) - https:\/\/yoast.com\/wordpress\/plugins\/seo\/ -->\n<title>Llenadora de l\u00edquidos, Doble Pist\u00f3n Neum\u00e1tico por Succi\u00f3n, Embotelladora, Dosificadora 1000 ml ? - distribuci\u00f3n ARC<\/title>\n<meta name=\"robots\" content=\"index, follow, max-snippet:-1, max-image-preview:large, max-video-preview:-1\" \/>\n<link rel=\"canonical\" href=\"https:\/\/distribucionarc.com\/nb\/produkter\/dobbeltstempel-pneumatisk-vaeskefyller-ved-sugeflaskedosering-1000ml-\ud83e\uddf4\/\" \/>\n<meta property=\"og:locale\" content=\"nb_NO\" \/>\n<meta property=\"og:type\" content=\"article\" \/>\n<meta property=\"og:title\" content=\"Llenadora de l\u00edquidos, Doble Pist\u00f3n Neum\u00e1tico por Succi\u00f3n, Embotelladora, Dosificadora 1000 ml ?\" \/>\n<meta property=\"og:description\" content=\"Dispositivo de embotellado neum\u00e1tico 90ML \u27a1\ufe0f 1000ML m\u00e1quina de rellenar para el champ\u00fa, aceite, agua, perfume  Llenadora de botellas semiautom\u00e1tica  MAQUINA DE LLENADO DE L\u00cdQUIDO NEUMATICA PARA CHAMPU, ACEITE, PERFUME DE AGUA GEL  90ML \u27a1\ufe0f 1000ML  Usted puede dosificar diversa clase de l\u00edquidos como champ\u00fa, aceite, agua, perfume y gel el productos qu\u00edmicos. Puede dosificar diferentes cantidades de producto que van desde los 90ML \u27a1\ufe0f1000ML.\" \/>\n<meta property=\"og:url\" content=\"https:\/\/distribucionarc.com\/nb\/produkter\/dobbeltstempel-pneumatisk-vaeskefyller-ved-sugeflaskedosering-1000ml-\ud83e\uddf4\/\" \/>\n<meta property=\"og:site_name\" content=\"distribuci\u00f3n ARC\" \/>\n<meta property=\"article:modified_time\" content=\"2025-05-08T20:12:23+00:00\" \/>\n<meta property=\"og:image\" content=\"https:\/\/distribucionarc.com\/wp-content\/uploads\/2020\/04\/llenadora_de_liquidos_doble_piston_neumatico_por_succi\u00f3n_embotelladora_dosificadora_1000ml_0.jpeg\" \/>\n\t<meta property=\"og:image:width\" content=\"960\" \/>\n\t<meta property=\"og:image:height\" content=\"960\" \/>\n\t<meta property=\"og:image:type\" content=\"image\/jpeg\" \/>\n<meta name=\"twitter:card\" content=\"summary_large_image\" \/>\n<meta name=\"twitter:label1\" content=\"Ansl. lesetid\" \/>\n\t<meta name=\"twitter:data1\" content=\"2 minutter\" \/>\n<script type=\"application\/ld+json\" class=\"yoast-schema-graph\">{\"@context\":\"https:\/\/schema.org\",\"@graph\":[{\"@type\":\"WebPage\",\"@id\":\"https:\/\/distribucionarc.com\/en\/producto\/llenadora-de-liquidos-doble-piston-neumatico-por-succion-embotelladora-dosificadora-1000ml-%f0%9f%a7%b4\/\",\"url\":\"https:\/\/distribucionarc.com\/en\/producto\/llenadora-de-liquidos-doble-piston-neumatico-por-succion-embotelladora-dosificadora-1000ml-%f0%9f%a7%b4\/\",\"name\":\"Llenadora de l\u00edquidos, Doble Pist\u00f3n Neum\u00e1tico por Succi\u00f3n, Embotelladora, Dosificadora 1000 ml ? - distribuci\u00f3n ARC\",\"isPartOf\":{\"@id\":\"https:\/\/www.distribucionarc.com\/sl\/#website\"},\"primaryImageOfPage\":{\"@id\":\"https:\/\/distribucionarc.com\/en\/producto\/llenadora-de-liquidos-doble-piston-neumatico-por-succion-embotelladora-dosificadora-1000ml-%f0%9f%a7%b4\/#primaryimage\"},\"image\":{\"@id\":\"https:\/\/distribucionarc.com\/en\/producto\/llenadora-de-liquidos-doble-piston-neumatico-por-succion-embotelladora-dosificadora-1000ml-%f0%9f%a7%b4\/#primaryimage\"},\"thumbnailUrl\":\"https:\/\/distribucionarc.com\/wp-content\/uploads\/2020\/04\/llenadora_de_liquidos_doble_piston_neumatico_por_succi\u00f3n_embotelladora_dosificadora_1000ml_0.jpeg\",\"datePublished\":\"2020-04-18T13:03:20+00:00\",\"dateModified\":\"2025-05-08T20:12:23+00:00\",\"breadcrumb\":{\"@id\":\"https:\/\/distribucionarc.com\/en\/producto\/llenadora-de-liquidos-doble-piston-neumatico-por-succion-embotelladora-dosificadora-1000ml-%f0%9f%a7%b4\/#breadcrumb\"},\"inLanguage\":\"nb-NO\",\"potentialAction\":[{\"@type\":\"ReadAction\",\"target\":[\"https:\/\/distribucionarc.com\/en\/producto\/llenadora-de-liquidos-doble-piston-neumatico-por-succion-embotelladora-dosificadora-1000ml-%f0%9f%a7%b4\/\"]}]},{\"@type\":\"ImageObject\",\"inLanguage\":\"nb-NO\",\"@id\":\"https:\/\/distribucionarc.com\/en\/producto\/llenadora-de-liquidos-doble-piston-neumatico-por-succion-embotelladora-dosificadora-1000ml-%f0%9f%a7%b4\/#primaryimage\",\"url\":\"https:\/\/distribucionarc.com\/wp-content\/uploads\/2020\/04\/llenadora_de_liquidos_doble_piston_neumatico_por_succi\u00f3n_embotelladora_dosificadora_1000ml_0.jpeg\",\"contentUrl\":\"https:\/\/distribucionarc.com\/wp-content\/uploads\/2020\/04\/llenadora_de_liquidos_doble_piston_neumatico_por_succi\u00f3n_embotelladora_dosificadora_1000ml_0.jpeg\",\"width\":960,\"height\":960},{\"@type\":\"BreadcrumbList\",\"@id\":\"https:\/\/distribucionarc.com\/en\/producto\/llenadora-de-liquidos-doble-piston-neumatico-por-succion-embotelladora-dosificadora-1000ml-%f0%9f%a7%b4\/#breadcrumb\",\"itemListElement\":[{\"@type\":\"ListItem\",\"position\":1,\"name\":\"Portada\",\"item\":\"https:\/\/www.distribucionarc.com\/\"},{\"@type\":\"ListItem\",\"position\":2,\"name\":\"\u00dcr\u00fcnler\",\"item\":\"https:\/\/www.distribucionarc.com\/tr\/magaza\/\"},{\"@type\":\"ListItem\",\"position\":3,\"name\":\"Llenadora de l\u00edquidos, Doble Pist\u00f3n Neum\u00e1tico por Succi\u00f3n, Embotelladora, Dosificadora 1000 ml ?\"}]},{\"@type\":\"WebSite\",\"@id\":\"https:\/\/www.distribucionarc.com\/sl\/#website\",\"url\":\"https:\/\/www.distribucionarc.com\/sl\/\",\"name\":\"distribuci\u00f3n ARC\",\"description\":\"Empresa especializada en la fabricaci\u00f3n y distribuci\u00f3n de maquinaria industrial, selladoras de latas, Maquinas de hacer pastillas, Maquinas de cortar carne...\",\"publisher\":{\"@id\":\"https:\/\/www.distribucionarc.com\/sl\/#organization\"},\"potentialAction\":[{\"@type\":\"SearchAction\",\"target\":{\"@type\":\"EntryPoint\",\"urlTemplate\":\"https:\/\/www.distribucionarc.com\/sl\/?s={search_term_string}\"},\"query-input\":{\"@type\":\"PropertyValueSpecification\",\"valueRequired\":true,\"valueName\":\"search_term_string\"}}],\"inLanguage\":\"nb-NO\"},{\"@type\":\"Organization\",\"@id\":\"https:\/\/www.distribucionarc.com\/sl\/#organization\",\"name\":\"Distribuci\u00f3n ARC\",\"url\":\"https:\/\/www.distribucionarc.com\/sl\/\",\"logo\":{\"@type\":\"ImageObject\",\"inLanguage\":\"nb-NO\",\"@id\":\"https:\/\/www.distribucionarc.com\/sl\/#\/schema\/logo\/image\/\",\"url\":\"https:\/\/distribucionarc.com\/wp-content\/uploads\/2024\/10\/distribucion-ARC-COLOR-SIN-FONDO-e1732295305345.png\",\"contentUrl\":\"https:\/\/distribucionarc.com\/wp-content\/uploads\/2024\/10\/distribucion-ARC-COLOR-SIN-FONDO-e1732295305345.png\",\"width\":1164,\"height\":558,\"caption\":\"Distribuci\u00f3n ARC\"},\"image\":{\"@id\":\"https:\/\/www.distribucionarc.com\/sl\/#\/schema\/logo\/image\/\"},\"description\":\"Empresa especializada en la fabricaci\u00f3n y distribuci\u00f3n de maquinaria industrial para los sectores alimentario y farmac\u00e9utico. Nos especializamos en: M\u00e1quinas de cortar carne Fabricaci\u00f3n de comprimidos Sistemas de transporte industrial L\u00edneas de embotellado Dosificadores Y mucho m\u00e1s... Ofrecemos soluciones innovadoras y personalizadas para optimizar los procesos productivos de tu empresa.\",\"email\":\"Admistracion@distribucionarc.com\",\"telephone\":\"+34 643496664\",\"legalName\":\"ARC TECH SOLUTIONS\",\"foundingDate\":\"2024-04-09\",\"vatID\":\"B55480172\",\"numberOfEmployees\":{\"@type\":\"QuantitativeValue\",\"minValue\":\"1\",\"maxValue\":\"10\"}}]}<\/script>\n<!-- \/ Yoast SEO Premium plugin. -->","yoast_head_json":{"title":"Flytende fyllstoff, dobbeltstempel pneumatisk sug, tapping, dispensering 1000 ml ? - ARC distribusjon","robots":{"index":"index","follow":"follow","max-snippet":"max-snippet:-1","max-image-preview":"max-image-preview:large","max-video-preview":"max-video-preview:-1"},"canonical":"https:\/\/distribucionarc.com\/nb\/produkter\/dobbeltstempel-pneumatisk-vaeskefyller-ved-sugeflaskedosering-1000ml-\ud83e\uddf4\/","og_locale":"nb_NO","og_type":"article","og_title":"Llenadora de l\u00edquidos, Doble Pist\u00f3n Neum\u00e1tico por Succi\u00f3n, Embotelladora, Dosificadora 1000 ml ?","og_description":"Dispositivo de embotellado neum\u00e1tico 90ML \u27a1\ufe0f 1000ML m\u00e1quina de rellenar para el champ\u00fa, aceite, agua, perfume  Llenadora de botellas semiautom\u00e1tica  MAQUINA DE LLENADO DE L\u00cdQUIDO NEUMATICA PARA CHAMPU, ACEITE, PERFUME DE AGUA GEL  90ML \u27a1\ufe0f 1000ML  Usted puede dosificar diversa clase de l\u00edquidos como champ\u00fa, aceite, agua, perfume y gel el productos qu\u00edmicos. Puede dosificar diferentes cantidades de producto que van desde los 90ML \u27a1\ufe0f1000ML.","og_url":"https:\/\/distribucionarc.com\/nb\/produkter\/dobbeltstempel-pneumatisk-vaeskefyller-ved-sugeflaskedosering-1000ml-\ud83e\uddf4\/","og_site_name":"distribuci\u00f3n ARC","article_modified_time":"2025-05-08T20:12:23+00:00","og_image":[{"width":960,"height":960,"url":"https:\/\/distribucionarc.com\/wp-content\/uploads\/2020\/04\/llenadora_de_liquidos_doble_piston_neumatico_por_succi\u00f3n_embotelladora_dosificadora_1000ml_0.jpeg","type":"image\/jpeg"}],"twitter_card":"summary_large_image","twitter_misc":{"Ansl. lesetid":"2 minutter"},"schema":{"@context":"https:\/\/schema.org","@graph":[{"@type":"WebPage","@id":"https:\/\/distribucionarc.com\/en\/producto\/llenadora-de-liquidos-doble-piston-neumatico-por-succion-embotelladora-dosificadora-1000ml-%f0%9f%a7%b4\/","url":"https:\/\/distribucionarc.com\/en\/producto\/llenadora-de-liquidos-doble-piston-neumatico-por-succion-embotelladora-dosificadora-1000ml-%f0%9f%a7%b4\/","name":"Flytende fyllstoff, dobbeltstempel pneumatisk sug, tapping, dispensering 1000 ml ? - ARC distribusjon","isPartOf":{"@id":"https:\/\/www.distribucionarc.com\/sl\/#website"},"primaryImageOfPage":{"@id":"https:\/\/distribucionarc.com\/en\/producto\/llenadora-de-liquidos-doble-piston-neumatico-por-succion-embotelladora-dosificadora-1000ml-%f0%9f%a7%b4\/#primaryimage"},"image":{"@id":"https:\/\/distribucionarc.com\/en\/producto\/llenadora-de-liquidos-doble-piston-neumatico-por-succion-embotelladora-dosificadora-1000ml-%f0%9f%a7%b4\/#primaryimage"},"thumbnailUrl":"https:\/\/distribucionarc.com\/wp-content\/uploads\/2020\/04\/llenadora_de_liquidos_doble_piston_neumatico_por_succi\u00f3n_embotelladora_dosificadora_1000ml_0.jpeg","datePublished":"2020-04-18T13:03:20+00:00","dateModified":"2025-05-08T20:12:23+00:00","breadcrumb":{"@id":"https:\/\/distribucionarc.com\/en\/producto\/llenadora-de-liquidos-doble-piston-neumatico-por-succion-embotelladora-dosificadora-1000ml-%f0%9f%a7%b4\/#breadcrumb"},"inLanguage":"nb-NO","potentialAction":[{"@type":"ReadAction","target":["https:\/\/distribucionarc.com\/en\/producto\/llenadora-de-liquidos-doble-piston-neumatico-por-succion-embotelladora-dosificadora-1000ml-%f0%9f%a7%b4\/"]}]},{"@type":"ImageObject","inLanguage":"nb-NO","@id":"https:\/\/distribucionarc.com\/en\/producto\/llenadora-de-liquidos-doble-piston-neumatico-por-succion-embotelladora-dosificadora-1000ml-%f0%9f%a7%b4\/#primaryimage","url":"https:\/\/distribucionarc.com\/wp-content\/uploads\/2020\/04\/llenadora_de_liquidos_doble_piston_neumatico_por_succi\u00f3n_embotelladora_dosificadora_1000ml_0.jpeg","contentUrl":"https:\/\/distribucionarc.com\/wp-content\/uploads\/2020\/04\/llenadora_de_liquidos_doble_piston_neumatico_por_succi\u00f3n_embotelladora_dosificadora_1000ml_0.jpeg","width":960,"height":960},{"@type":"BreadcrumbList","@id":"https:\/\/distribucionarc.com\/en\/producto\/llenadora-de-liquidos-doble-piston-neumatico-por-succion-embotelladora-dosificadora-1000ml-%f0%9f%a7%b4\/#breadcrumb","itemListElement":[{"@type":"ListItem","position":1,"name":"Portada","item":"https:\/\/www.distribucionarc.com\/"},{"@type":"ListItem","position":2,"name":"\u00dcr\u00fcnler","item":"https:\/\/www.distribucionarc.com\/tr\/magaza\/"},{"@type":"ListItem","position":3,"name":"Llenadora de l\u00edquidos, Doble Pist\u00f3n Neum\u00e1tico por Succi\u00f3n, Embotelladora, Dosificadora 1000 ml ?"}]},{"@type":"WebSite","@id":"https:\/\/www.distribucionarc.com\/sl\/#website","url":"https:\/\/www.distribucionarc.com\/sl\/","name":"ARC distribusjon","description":"Selskapet har spesialisert seg p\u00e5 produksjon og distribusjon av industrimaskiner, hermetikkboksforseglingsmaskiner, tablettmaskiner, kj\u00f8ttskj\u00e6remaskiner og...","publisher":{"@id":"https:\/\/www.distribucionarc.com\/sl\/#organization"},"potentialAction":[{"@type":"SearchAction","target":{"@type":"EntryPoint","urlTemplate":"https:\/\/www.distribucionarc.com\/sl\/?s={search_term_string}"},"query-input":{"@type":"PropertyValueSpecification","valueRequired":true,"valueName":"search_term_string"}}],"inLanguage":"nb-NO"},{"@type":"Organization","@id":"https:\/\/www.distribucionarc.com\/sl\/#organization","name":"ARC distribusjon","url":"https:\/\/www.distribucionarc.com\/sl\/","logo":{"@type":"ImageObject","inLanguage":"nb-NO","@id":"https:\/\/www.distribucionarc.com\/sl\/#\/schema\/logo\/image\/","url":"https:\/\/distribucionarc.com\/wp-content\/uploads\/2024\/10\/distribucion-ARC-COLOR-SIN-FONDO-e1732295305345.png","contentUrl":"https:\/\/distribucionarc.com\/wp-content\/uploads\/2024\/10\/distribucion-ARC-COLOR-SIN-FONDO-e1732295305345.png","width":1164,"height":558,"caption":"Distribuci\u00f3n ARC"},"image":{"@id":"https:\/\/www.distribucionarc.com\/sl\/#\/schema\/logo\/image\/"},"description":"Selskap som har spesialisert seg p\u00e5 produksjon og distribusjon av industrimaskiner til n\u00e6ringsmiddel- og farmasisektoren. Vi er spesialister p\u00e5: Kj\u00f8ttskj\u00e6remaskiner Tablettilvirkning Industrielle transportsystemer Tappelinjer Dispensere Og mye mer... Vi tilbyr innovative og skreddersydde l\u00f8sninger for \u00e5 optimalisere bedriftens produksjonsprosesser.","email":"Admistracion@distribucionarc.com","telephone":"+34 643496664","legalName":"ARC TECH SOLUTIONS","foundingDate":"2024-04-09","vatID":"B55480172","numberOfEmployees":{"@type":"QuantitativeValue","minValue":"1","maxValue":"10"}}]}},"_links":{"self":[{"href":"https:\/\/distribucionarc.com\/nb\/wp-json\/wp\/v2\/product\/371","targetHints":{"allow":["GET"]}}],"collection":[{"href":"https:\/\/distribucionarc.com\/nb\/wp-json\/wp\/v2\/product"}],"about":[{"href":"https:\/\/distribucionarc.com\/nb\/wp-json\/wp\/v2\/types\/product"}],"replies":[{"embeddable":true,"href":"https:\/\/distribucionarc.com\/nb\/wp-json\/wp\/v2\/comments?post=371"}],"version-history":[{"count":3,"href":"https:\/\/distribucionarc.com\/nb\/wp-json\/wp\/v2\/product\/371\/revisions"}],"predecessor-version":[{"id":17465,"href":"https:\/\/distribucionarc.com\/nb\/wp-json\/wp\/v2\/product\/371\/revisions\/17465"}],"wp:featuredmedia":[{"embeddable":true,"href":"https:\/\/distribucionarc.com\/nb\/wp-json\/wp\/v2\/media\/378"}],"wp:attachment":[{"href":"https:\/\/distribucionarc.com\/nb\/wp-json\/wp\/v2\/media?parent=371"}],"wp:term":[{"taxonomy":"product_brand","embeddable":true,"href":"https:\/\/distribucionarc.com\/nb\/wp-json\/wp\/v2\/product_brand?post=371"},{"taxonomy":"product_cat","embeddable":true,"href":"https:\/\/distribucionarc.com\/nb\/wp-json\/wp\/v2\/product_cat?post=371"},{"taxonomy":"product_tag","embeddable":true,"href":"https:\/\/distribucionarc.com\/nb\/wp-json\/wp\/v2\/product_tag?post=371"}],"curies":[{"name":"wp","href":"https:\/\/api.w.org\/{rel}","templated":true}]}}