{"id":3887,"date":"2020-10-10T14:02:33","date_gmt":"2020-10-10T14:02:33","guid":{"rendered":"https:\/\/distribucionarc.com\/?post_type=product&#038;p=3887"},"modified":"2020-10-10T14:13:37","modified_gmt":"2020-10-10T14:13:37","slug":"42mm-polsebindemaskin","status":"publish","type":"product","link":"https:\/\/distribucionarc.com\/nb\/producto\/atadora-embutidos-42mm\/","title":{"rendered":"P\u00f8lseperm 42mm"},"content":{"rendered":"<h3>P\u00f8lseperm 42mm<\/h3>\n<p>Dette\u00a0<strong>Maskin designet for \u00e5 binde p\u00f8lser\u00a0<span style=\"color: #ff0000;\">TIL<\/span><span style=\"color: #0000ff;\">R<\/span>c<\/strong>\u00a0Den er laget av h\u00f8ykvalitets 304 rustfritt st\u00e5l, rustsikker, slitesterk, lett \u00e5 rengj\u00f8re og overholder helse- og hygieneforskrifter. Du kan justere lengden p\u00e5 p\u00f8lsene, godtar en\u00a0<strong>diameter 0 \u2013 42 mm<\/strong>.<\/p>\n<p>Den har et ergonomisk h\u00e5ndtak og presisjonsgir, for en rask og presis prosess. Denne manuelle maskinen slapper enkelt av uten anstrengelse og sparer energi sammenlignet med andre bindemaskiner. Borddesignet sparer plass og sikrer en stabil prosess under bruk. Dette<strong> p\u00f8lsesnekker <span style=\"color: #ff0000;\">TIL<\/span><span style=\"color: #0000ff;\">R<\/span>CAS42<\/strong>\u00a0bruker et sirkul\u00e6rt banesystem i stedet for \u00e5 kutte gjengene for h\u00e5nd. For \u00e5 forbedre produksjonshastigheten for sm\u00e5 prosessindustriprodukter. Takket v\u00e6re dette systemet er det i stand til \u00e5 produsere<strong>\u00a050 \u2013 60 stykker per minutt<\/strong>, i tillegg til \u00e5 spare kostnadene for materiell og fysisk innsats.<\/p>\n<h6><strong>Garanti\u00a0<span style=\"color: #ff0000;\">TIL<\/span><span style=\"color: #0000ff;\">R<\/span>C 2 \u00c5R<\/strong><\/h6>\n<h6><strong>teknisk st\u00f8tte inkludert<\/strong><\/h6>\n<p>&nbsp;<\/p>\n<table width=\"100%\">\n<tbody>\n<tr>\n<td>Merke:<\/td>\n<td width=\"32%\">BUE<\/td>\n<td>Vekt:<\/td>\n<td width=\"30%\">5,5 kg<\/td>\n<\/tr>\n<tr>\n<td>Distribusjonsland:<\/td>\n<td width=\"32%\">Spania, Tyskland, USA<\/td>\n<td>H\u00f8yde:<\/td>\n<td width=\"30%\">18,7 cm<\/td>\n<\/tr>\n<tr>\n<td>Farge:<\/td>\n<td width=\"32%\">S\u00f8lv<\/td>\n<td>Lang:<\/td>\n<td width=\"30%\">35,5 cm<\/td>\n<\/tr>\n<tr>\n<td>Produkttype:<\/td>\n<td width=\"32%\">Nitro kaffetrakter dispenser<\/td>\n<td>Bred:<\/td>\n<td width=\"30%\">16,7 cm<\/td>\n<\/tr>\n<tr>\n<td>Produsentnummer:<\/td>\n<td width=\"32%\">ARCAS42<\/td>\n<td>Diameter p\u00e5 p\u00f8lser:<\/td>\n<td width=\"30%\">42 mm<\/td>\n<\/tr>\n<tr>\n<td>Materiale:<\/td>\n<td width=\"32%\">304 rustfritt st\u00e5l<\/td>\n<td>Produksjon:<\/td>\n<td width=\"30%\">50 \u2013 60 stykker<\/td>\n<\/tr>\n<tr>\n<td>fyr:<\/td>\n<td width=\"32%\">h\u00e5ndbok<\/td>\n<td>\u00a0Garanti:<\/td>\n<td width=\"30%\">2 \u00c5R<\/td>\n<\/tr>\n<\/tbody>\n<\/table>","protected":false},"excerpt":{"rendered":"<h2>P\u00f8lseperm 42mm<\/h2>\n<p>Dette<strong>\u00a0Manuell maskin for binding av p\u00f8lser og p\u00e5legg\u00a0<span style=\"color: #ff0000;\">TIL<\/span><span style=\"color: #0000ff;\">R<\/span>c<\/strong>\u00a0Den er laget av materialer av h\u00f8y kvalitet; 304 rustfritt st\u00e5l Takket v\u00e6re dette\u00a0<strong>p\u00f8lsebindemaskin<\/strong>\u00a0kan forbedre produksjonen av produktene dine. Dens kompakte og lille design lar deg spare kostnader ved \u00e5 redusere un\u00f8dvendige problemer med store enheter. Den er designet for \u00e5 binde p\u00f8lser i en sirkul\u00e6r form uten \u00e5 m\u00e5tte kutte tr\u00e5der, noe som fremskynder prosessen og gir produktet et h\u00e5ndlaget design.<\/p>\n<h6><strong>Garanti\u00a0<span style=\"color: #ff0000;\">TIL<\/span><span style=\"color: #0000ff;\">R<\/span>C 2 \u00c5R<\/strong><\/h6>\n<h6><strong>teknisk st\u00f8tte inkludert<\/strong><\/h6>","protected":false},"featured_media":3884,"comment_status":"open","ping_status":"closed","template":"","meta":{"wds_primary_product_brand":0,"wds_primary_product_cat":0},"product_brand":[],"product_cat":[50],"product_tag":[],"class_list":{"0":"post-3887","1":"product","2":"type-product","3":"status-publish","4":"has-post-thumbnail","6":"product_cat-elaboradoras-de-croquetas-y-albondigas","7":"product_shipping_class-hosteleria","9":"first","10":"instock","11":"sale","12":"taxable","13":"shipping-taxable","14":"purchasable","15":"product-type-simple"},"yoast_head":"<!-- This site is optimized with the Yoast SEO Premium plugin v24.9 (Yoast SEO v26.1) - https:\/\/yoast.com\/wordpress\/plugins\/seo\/ -->\n<title>Atadora embutidos 42mm - distribuci\u00f3n ARC<\/title>\n<meta name=\"robots\" content=\"index, follow, max-snippet:-1, max-image-preview:large, max-video-preview:-1\" \/>\n<link rel=\"canonical\" href=\"https:\/\/distribucionarc.com\/nb\/produkter\/42mm-polsebindemaskin\/\" \/>\n<meta property=\"og:locale\" content=\"nb_NO\" \/>\n<meta property=\"og:type\" content=\"article\" \/>\n<meta property=\"og:title\" content=\"Atadora embutidos 42mm\" \/>\n<meta property=\"og:description\" content=\"Atadora embutidos 42mm Esta\u00a0m\u00e1quina manual para el atado de salchichas y embutidos\u00a0ARC\u00a0est\u00e1 fabricada con materiales de alta calidad; acero inoxidable 304. Gracias a esta\u00a0atadora de salchichas\u00a0puede mejorar la producci\u00f3n de sus productos. Su dise\u00f1o compacto y peque\u00f1o le permite ahorrar as\u00ed costes reduciendo problemas innecesarios con dispositivos grandes. Est\u00e1 dise\u00f1ada para atar los embutidos de forma circular sin necesidad de cortar hilos, acelerando el proceso d\u00e1ndole a su producto un dise\u00f1o artesanal. Garant\u00eda\u00a0ARC 2 A\u00d1OS soporte t\u00e9cnico incluido\" \/>\n<meta property=\"og:url\" content=\"https:\/\/distribucionarc.com\/nb\/produkter\/42mm-polsebindemaskin\/\" \/>\n<meta property=\"og:site_name\" content=\"distribuci\u00f3n ARC\" \/>\n<meta property=\"article:modified_time\" content=\"2020-10-10T14:13:37+00:00\" \/>\n<meta property=\"og:image\" content=\"https:\/\/distribucionarc.com\/wp-content\/uploads\/2020\/10\/Atadora-de-embutidos-manual-32mm-2.jpg\" \/>\n\t<meta property=\"og:image:width\" content=\"1600\" \/>\n\t<meta property=\"og:image:height\" content=\"1600\" \/>\n\t<meta property=\"og:image:type\" content=\"image\/jpeg\" \/>\n<meta name=\"twitter:card\" content=\"summary_large_image\" \/>\n<meta name=\"twitter:label1\" content=\"Ansl. lesetid\" \/>\n\t<meta name=\"twitter:data1\" content=\"1 minutt\" \/>\n<script type=\"application\/ld+json\" class=\"yoast-schema-graph\">{\"@context\":\"https:\/\/schema.org\",\"@graph\":[{\"@type\":\"WebPage\",\"@id\":\"https:\/\/distribucionarc.com\/it\/producto\/atadora-embutidos-42mm\/\",\"url\":\"https:\/\/distribucionarc.com\/it\/producto\/atadora-embutidos-42mm\/\",\"name\":\"Atadora embutidos 42mm - distribuci\u00f3n ARC\",\"isPartOf\":{\"@id\":\"https:\/\/distribucionarc.com\/de\/#website\"},\"primaryImageOfPage\":{\"@id\":\"https:\/\/distribucionarc.com\/it\/producto\/atadora-embutidos-42mm\/#primaryimage\"},\"image\":{\"@id\":\"https:\/\/distribucionarc.com\/it\/producto\/atadora-embutidos-42mm\/#primaryimage\"},\"thumbnailUrl\":\"https:\/\/distribucionarc.com\/wp-content\/uploads\/2020\/10\/Atadora-de-embutidos-manual-32mm-2.jpg\",\"datePublished\":\"2020-10-10T14:02:33+00:00\",\"dateModified\":\"2020-10-10T14:13:37+00:00\",\"breadcrumb\":{\"@id\":\"https:\/\/distribucionarc.com\/it\/producto\/atadora-embutidos-42mm\/#breadcrumb\"},\"inLanguage\":\"nb-NO\",\"potentialAction\":[{\"@type\":\"ReadAction\",\"target\":[\"https:\/\/distribucionarc.com\/it\/producto\/atadora-embutidos-42mm\/\"]}]},{\"@type\":\"ImageObject\",\"inLanguage\":\"nb-NO\",\"@id\":\"https:\/\/distribucionarc.com\/it\/producto\/atadora-embutidos-42mm\/#primaryimage\",\"url\":\"https:\/\/distribucionarc.com\/wp-content\/uploads\/2020\/10\/Atadora-de-embutidos-manual-32mm-2.jpg\",\"contentUrl\":\"https:\/\/distribucionarc.com\/wp-content\/uploads\/2020\/10\/Atadora-de-embutidos-manual-32mm-2.jpg\",\"width\":1600,\"height\":1600,\"caption\":\"Atadora embutidos 42mm\"},{\"@type\":\"BreadcrumbList\",\"@id\":\"https:\/\/distribucionarc.com\/it\/producto\/atadora-embutidos-42mm\/#breadcrumb\",\"itemListElement\":[{\"@type\":\"ListItem\",\"position\":1,\"name\":\"Portada\",\"item\":\"https:\/\/distribucionarc.com\/pl\/\"},{\"@type\":\"ListItem\",\"position\":2,\"name\":\"Produkty\",\"item\":\"https:\/\/distribucionarc.com\/pl\/shop\/\"},{\"@type\":\"ListItem\",\"position\":3,\"name\":\"Atadora embutidos 42mm\"}]},{\"@type\":\"WebSite\",\"@id\":\"https:\/\/distribucionarc.com\/de\/#website\",\"url\":\"https:\/\/distribucionarc.com\/de\/\",\"name\":\"distribuci\u00f3n ARC\",\"description\":\"Empresa especializada en la fabricaci\u00f3n y distribuci\u00f3n de maquinaria industrial, selladoras de latas, Maquinas de hacer pastillas, Maquinas de cortar carne...\",\"publisher\":{\"@id\":\"https:\/\/distribucionarc.com\/de\/#organization\"},\"potentialAction\":[{\"@type\":\"SearchAction\",\"target\":{\"@type\":\"EntryPoint\",\"urlTemplate\":\"https:\/\/distribucionarc.com\/de\/?s={search_term_string}\"},\"query-input\":{\"@type\":\"PropertyValueSpecification\",\"valueRequired\":true,\"valueName\":\"search_term_string\"}}],\"inLanguage\":\"nb-NO\"},{\"@type\":\"Organization\",\"@id\":\"https:\/\/distribucionarc.com\/de\/#organization\",\"name\":\"Distribuci\u00f3n ARC\",\"url\":\"https:\/\/distribucionarc.com\/de\/\",\"logo\":{\"@type\":\"ImageObject\",\"inLanguage\":\"nb-NO\",\"@id\":\"https:\/\/distribucionarc.com\/de\/#\/schema\/logo\/image\/\",\"url\":\"https:\/\/distribucionarc.com\/wp-content\/uploads\/2024\/10\/distribucion-ARC-COLOR-SIN-FONDO-e1732295305345.png\",\"contentUrl\":\"https:\/\/distribucionarc.com\/wp-content\/uploads\/2024\/10\/distribucion-ARC-COLOR-SIN-FONDO-e1732295305345.png\",\"width\":1164,\"height\":558,\"caption\":\"Distribuci\u00f3n ARC\"},\"image\":{\"@id\":\"https:\/\/distribucionarc.com\/de\/#\/schema\/logo\/image\/\"},\"description\":\"Empresa especializada en la fabricaci\u00f3n y distribuci\u00f3n de maquinaria industrial para los sectores alimentario y farmac\u00e9utico. Nos especializamos en: M\u00e1quinas de cortar carne Fabricaci\u00f3n de comprimidos Sistemas de transporte industrial L\u00edneas de embotellado Dosificadores Y mucho m\u00e1s... Ofrecemos soluciones innovadoras y personalizadas para optimizar los procesos productivos de tu empresa.\",\"email\":\"Admistracion@distribucionarc.com\",\"telephone\":\"+34 643496664\",\"legalName\":\"ARC TECH SOLUTIONS\",\"foundingDate\":\"2024-04-09\",\"vatID\":\"B55480172\",\"numberOfEmployees\":{\"@type\":\"QuantitativeValue\",\"minValue\":\"1\",\"maxValue\":\"10\"}}]}<\/script>\n<!-- \/ Yoast SEO Premium plugin. -->","yoast_head_json":{"title":"42mm p\u00f8lsebindemaskin - ARC-fordeling","robots":{"index":"index","follow":"follow","max-snippet":"max-snippet:-1","max-image-preview":"max-image-preview:large","max-video-preview":"max-video-preview:-1"},"canonical":"https:\/\/distribucionarc.com\/nb\/produkter\/42mm-polsebindemaskin\/","og_locale":"nb_NO","og_type":"article","og_title":"Atadora embutidos 42mm","og_description":"Atadora embutidos 42mm Esta\u00a0m\u00e1quina manual para el atado de salchichas y embutidos\u00a0ARC\u00a0est\u00e1 fabricada con materiales de alta calidad; acero inoxidable 304. Gracias a esta\u00a0atadora de salchichas\u00a0puede mejorar la producci\u00f3n de sus productos. Su dise\u00f1o compacto y peque\u00f1o le permite ahorrar as\u00ed costes reduciendo problemas innecesarios con dispositivos grandes. Est\u00e1 dise\u00f1ada para atar los embutidos de forma circular sin necesidad de cortar hilos, acelerando el proceso d\u00e1ndole a su producto un dise\u00f1o artesanal. Garant\u00eda\u00a0ARC 2 A\u00d1OS soporte t\u00e9cnico incluido","og_url":"https:\/\/distribucionarc.com\/nb\/produkter\/42mm-polsebindemaskin\/","og_site_name":"distribuci\u00f3n ARC","article_modified_time":"2020-10-10T14:13:37+00:00","og_image":[{"width":1600,"height":1600,"url":"https:\/\/distribucionarc.com\/wp-content\/uploads\/2020\/10\/Atadora-de-embutidos-manual-32mm-2.jpg","type":"image\/jpeg"}],"twitter_card":"summary_large_image","twitter_misc":{"Ansl. lesetid":"1 minutt"},"schema":{"@context":"https:\/\/schema.org","@graph":[{"@type":"WebPage","@id":"https:\/\/distribucionarc.com\/it\/producto\/atadora-embutidos-42mm\/","url":"https:\/\/distribucionarc.com\/it\/producto\/atadora-embutidos-42mm\/","name":"42mm p\u00f8lsebindemaskin - ARC-fordeling","isPartOf":{"@id":"https:\/\/distribucionarc.com\/de\/#website"},"primaryImageOfPage":{"@id":"https:\/\/distribucionarc.com\/it\/producto\/atadora-embutidos-42mm\/#primaryimage"},"image":{"@id":"https:\/\/distribucionarc.com\/it\/producto\/atadora-embutidos-42mm\/#primaryimage"},"thumbnailUrl":"https:\/\/distribucionarc.com\/wp-content\/uploads\/2020\/10\/Atadora-de-embutidos-manual-32mm-2.jpg","datePublished":"2020-10-10T14:02:33+00:00","dateModified":"2020-10-10T14:13:37+00:00","breadcrumb":{"@id":"https:\/\/distribucionarc.com\/it\/producto\/atadora-embutidos-42mm\/#breadcrumb"},"inLanguage":"nb-NO","potentialAction":[{"@type":"ReadAction","target":["https:\/\/distribucionarc.com\/it\/producto\/atadora-embutidos-42mm\/"]}]},{"@type":"ImageObject","inLanguage":"nb-NO","@id":"https:\/\/distribucionarc.com\/it\/producto\/atadora-embutidos-42mm\/#primaryimage","url":"https:\/\/distribucionarc.com\/wp-content\/uploads\/2020\/10\/Atadora-de-embutidos-manual-32mm-2.jpg","contentUrl":"https:\/\/distribucionarc.com\/wp-content\/uploads\/2020\/10\/Atadora-de-embutidos-manual-32mm-2.jpg","width":1600,"height":1600,"caption":"Atadora embutidos 42mm"},{"@type":"BreadcrumbList","@id":"https:\/\/distribucionarc.com\/it\/producto\/atadora-embutidos-42mm\/#breadcrumb","itemListElement":[{"@type":"ListItem","position":1,"name":"Portada","item":"https:\/\/distribucionarc.com\/pl\/"},{"@type":"ListItem","position":2,"name":"Produkty","item":"https:\/\/distribucionarc.com\/pl\/shop\/"},{"@type":"ListItem","position":3,"name":"Atadora embutidos 42mm"}]},{"@type":"WebSite","@id":"https:\/\/distribucionarc.com\/de\/#website","url":"https:\/\/distribucionarc.com\/de\/","name":"ARC distribusjon","description":"Selskapet har spesialisert seg p\u00e5 produksjon og distribusjon av industrimaskiner, hermetikkboksforseglingsmaskiner, tablettmaskiner, kj\u00f8ttskj\u00e6remaskiner og...","publisher":{"@id":"https:\/\/distribucionarc.com\/de\/#organization"},"potentialAction":[{"@type":"SearchAction","target":{"@type":"EntryPoint","urlTemplate":"https:\/\/distribucionarc.com\/de\/?s={search_term_string}"},"query-input":{"@type":"PropertyValueSpecification","valueRequired":true,"valueName":"search_term_string"}}],"inLanguage":"nb-NO"},{"@type":"Organization","@id":"https:\/\/distribucionarc.com\/de\/#organization","name":"ARC distribusjon","url":"https:\/\/distribucionarc.com\/de\/","logo":{"@type":"ImageObject","inLanguage":"nb-NO","@id":"https:\/\/distribucionarc.com\/de\/#\/schema\/logo\/image\/","url":"https:\/\/distribucionarc.com\/wp-content\/uploads\/2024\/10\/distribucion-ARC-COLOR-SIN-FONDO-e1732295305345.png","contentUrl":"https:\/\/distribucionarc.com\/wp-content\/uploads\/2024\/10\/distribucion-ARC-COLOR-SIN-FONDO-e1732295305345.png","width":1164,"height":558,"caption":"Distribuci\u00f3n ARC"},"image":{"@id":"https:\/\/distribucionarc.com\/de\/#\/schema\/logo\/image\/"},"description":"Selskap som har spesialisert seg p\u00e5 produksjon og distribusjon av industrimaskiner til n\u00e6ringsmiddel- og farmasisektoren. Vi er spesialister p\u00e5: Kj\u00f8ttskj\u00e6remaskiner Tablettilvirkning Industrielle transportsystemer Tappelinjer Dispensere Og mye mer... Vi tilbyr innovative og skreddersydde l\u00f8sninger for \u00e5 optimalisere bedriftens produksjonsprosesser.","email":"Admistracion@distribucionarc.com","telephone":"+34 643496664","legalName":"ARC TECH SOLUTIONS","foundingDate":"2024-04-09","vatID":"B55480172","numberOfEmployees":{"@type":"QuantitativeValue","minValue":"1","maxValue":"10"}}]}},"_links":{"self":[{"href":"https:\/\/distribucionarc.com\/nb\/wp-json\/wp\/v2\/product\/3887","targetHints":{"allow":["GET"]}}],"collection":[{"href":"https:\/\/distribucionarc.com\/nb\/wp-json\/wp\/v2\/product"}],"about":[{"href":"https:\/\/distribucionarc.com\/nb\/wp-json\/wp\/v2\/types\/product"}],"replies":[{"embeddable":true,"href":"https:\/\/distribucionarc.com\/nb\/wp-json\/wp\/v2\/comments?post=3887"}],"version-history":[{"count":0,"href":"https:\/\/distribucionarc.com\/nb\/wp-json\/wp\/v2\/product\/3887\/revisions"}],"wp:featuredmedia":[{"embeddable":true,"href":"https:\/\/distribucionarc.com\/nb\/wp-json\/wp\/v2\/media\/3884"}],"wp:attachment":[{"href":"https:\/\/distribucionarc.com\/nb\/wp-json\/wp\/v2\/media?parent=3887"}],"wp:term":[{"taxonomy":"product_brand","embeddable":true,"href":"https:\/\/distribucionarc.com\/nb\/wp-json\/wp\/v2\/product_brand?post=3887"},{"taxonomy":"product_cat","embeddable":true,"href":"https:\/\/distribucionarc.com\/nb\/wp-json\/wp\/v2\/product_cat?post=3887"},{"taxonomy":"product_tag","embeddable":true,"href":"https:\/\/distribucionarc.com\/nb\/wp-json\/wp\/v2\/product_tag?post=3887"}],"curies":[{"name":"wp","href":"https:\/\/api.w.org\/{rel}","templated":true}]}}