{"id":4026,"date":"2020-10-15T14:18:55","date_gmt":"2020-10-15T14:18:55","guid":{"rendered":"https:\/\/distribucionarc.com\/?post_type=product&#038;p=4026"},"modified":"2020-10-15T14:18:55","modified_gmt":"2020-10-15T14:18:55","slug":"elektrisk-pastamaskin","status":"publish","type":"product","link":"https:\/\/distribucionarc.com\/nb\/producto\/maquina-electrica-para-hacer-pasta\/","title":{"rendered":"Elektrisk pastamaskin\u00a0"},"content":{"rendered":"<h2>Elektrisk pastamaskin<\/h2>\n<p>Dette <strong>pasta maskin <span style=\"color: #ff0000;\">TIL<\/span><span style=\"color: #0000ff;\">R<\/span>c<\/strong> Den er laget av matkvalitets rustfritt st\u00e5l, fast og slitesterk. Maskinens skuffeinngang gj\u00f8r operasjonen enklere og sikrere. Den kraftige 400W motoren er i stand til \u00e5 produsere <strong>15 til 20 kg pasta <\/strong>hjemmelaget<strong>.<\/strong><\/p>\n<p>Med rulleknappen kan du justere forskjellig tykkelse p\u00e5 deigen mellom 0,1 mm til 20 mm for ulike typer pasta. Akkurat som du kan justere tykkelsen p\u00e5 nudlene fra 3 mm til 9 mm. Driften av denne <strong>pasta maskin <span style=\"color: #ff0000;\">TIL<\/span><span style=\"color: #0000ff;\">R<\/span>CMP20<\/strong> Det er enkelt takket v\u00e6re justerbare knotter og knappebetjening.<\/p>\n<h6><strong>Garanti\u00a0<span style=\"color: #ff0000;\">TIL<\/span><span style=\"color: #0000ff;\">R<\/span>c<\/strong><strong>\u00a02 \u00c5R<\/strong><\/h6>\n<h6><span style=\"color: #008000;\">Effektiv pastamaskin, lavt forbruk 350 \u2013 550w<\/span><\/h6>\n<h6><strong>teknisk st\u00f8tte inkludert<\/strong><\/h6>\n<p>&nbsp;<\/p>\n<table role=\"presentation\" width=\"100%\" cellspacing=\"0\" cellpadding=\"0\">\n<tbody>\n<tr>\n<td class=\"attrLabels\">Merke:<\/td>\n<td width=\"50.0%\">BUE<\/td>\n<\/tr>\n<tr>\n<td class=\"attrLabels\">Garanti:<\/td>\n<td width=\"50.0%\">2 \u00e5r<\/td>\n<td class=\"attrLabels\">Vekt:<\/td>\n<td width=\"50.0%\">20 kg<\/td>\n<\/tr>\n<tr>\n<td class=\"attrLabels\">Distribusjonsland:<\/td>\n<td width=\"50.0%\">Spania, Tyskland, USA<\/td>\n<td class=\"attrLabels\">H\u00f8yde:<\/td>\n<td width=\"50.0%\">48,1 cm<\/td>\n<\/tr>\n<tr>\n<td class=\"attrLabels\">Farge:<\/td>\n<td width=\"50.0%\">S\u00f8lv<\/td>\n<td class=\"attrLabels\">Lang:<\/td>\n<td width=\"50.0%\">23,6 cm<\/td>\n<\/tr>\n<tr>\n<td class=\"attrLabels\">Produkttype:<\/td>\n<td width=\"50.0%\">pasta maskin<\/td>\n<td class=\"attrLabels\">Bred:<\/td>\n<td width=\"50.0%\">34 cm<\/td>\n<\/tr>\n<tr>\n<td class=\"attrLabels\">Produsentnummer:<\/td>\n<td width=\"50.0%\">ARCMP20<\/td>\n<td class=\"attrLabels\">Lengde p\u00e5 deigkniven:<\/td>\n<td width=\"50.0%\">18 cm<\/td>\n<\/tr>\n<tr>\n<td class=\"attrLabels\">Materiale:<\/td>\n<td width=\"50.0%\">304 mat rustfritt st\u00e5l<\/td>\n<td class=\"attrLabels\">Nudler tykkelse:<\/td>\n<td width=\"50.0%\">3 mm \u2013 9 mm<\/td>\n<\/tr>\n<tr>\n<td class=\"attrLabels\">Operasjon:<\/td>\n<td width=\"50.0%\">Energisk<\/td>\n<td class=\"attrLabels\">Masse tykkelse:<\/td>\n<td width=\"50.0%\">0,1 mm \u2013 20 mm<\/td>\n<\/tr>\n<tr>\n<td class=\"attrLabels\">Elektrisk forbruk:<\/td>\n<td width=\"50.0%\">350W \u2013 550W<\/td>\n<td class=\"attrLabels\">Spenning:<\/td>\n<td width=\"50.0%\">220V 50Hz<\/td>\n<\/tr>\n<\/tbody>\n<\/table>","protected":false},"excerpt":{"rendered":"<h2>Elektrisk pastamaskin<\/h2>\n<p>Dette<strong> elektrisk pastamaskin <span style=\"color: #ff0000;\">TIL<\/span><span style=\"color: #0000ff;\">R<\/span>c<\/strong> Den egner seg for \u00e5 lage din egen hjemmelagde pasta, sv\u00e6rt etterspurt i n\u00e6ringsmiddelindustrien s\u00e5 vel som p\u00e5 restauranter, hoteller, buffeer, etc. Du kan justere tykkelsen p\u00e5 pastaen etter dine behov, la den st\u00e5 til \u00e5 sette inn deigen og trykke p\u00e5 knappen for \u00e5 f\u00e5 deilig tagliatelle, spaghetti eller vermicelli. Den kraftige motoren s\u00f8rger for rikelig med ytelse. <strong>15 \u2013 20 kg pasta i timen.<\/strong><\/p>","protected":false},"featured_media":4028,"comment_status":"open","ping_status":"closed","template":"","meta":{"wds_primary_product_brand":0,"wds_primary_product_cat":0},"product_brand":[],"product_cat":[266],"product_tag":[],"class_list":{"0":"post-4026","1":"product","2":"type-product","3":"status-publish","4":"has-post-thumbnail","6":"product_cat-accessories","7":"product_shipping_class-hosteleria","9":"first","10":"instock","11":"sale","12":"taxable","13":"shipping-taxable","14":"purchasable","15":"product-type-simple"},"yoast_head":"<!-- This site is optimized with the Yoast SEO Premium plugin v24.9 (Yoast SEO v26.1) - https:\/\/yoast.com\/wordpress\/plugins\/seo\/ -->\n<title>M\u00e1quina el\u00e9ctrica\u00a0para hacer pasta\u00a0 - distribuci\u00f3n ARC<\/title>\n<meta name=\"robots\" content=\"index, follow, max-snippet:-1, max-image-preview:large, max-video-preview:-1\" \/>\n<link rel=\"canonical\" href=\"https:\/\/www.distribucionarc.com\/nb\/producto\/maquina-electrica-para-hacer-pasta\/\" \/>\n<meta property=\"og:locale\" content=\"nb_NO\" \/>\n<meta property=\"og:type\" content=\"article\" \/>\n<meta property=\"og:title\" content=\"M\u00e1quina el\u00e9ctrica\u00a0para hacer pasta\u00a0\" \/>\n<meta property=\"og:description\" content=\"M\u00e1quina el\u00e9ctrica para hacer pasta Esta m\u00e1quina para pasta el\u00e9ctrica ARC es la adecuada para elaborar su propia pasta casera muy demandada en industria alimentaria al igual que en restaurantes, hoteles, buf\u00e9s, etc. Puede ajustar el grosor de las pastas seg\u00fan sus necesidades, dejarla configurada para simplemente introducir la masa y accionar el bot\u00f3n para obtener deliciosos tallarines, espaguetis o fideos. El potente motor le asegura bastante rendimiento de 15 \u2013 20 Kg de pasta por hora.\" \/>\n<meta property=\"og:url\" content=\"https:\/\/www.distribucionarc.com\/nb\/producto\/maquina-electrica-para-hacer-pasta\/\" \/>\n<meta property=\"og:site_name\" content=\"distribuci\u00f3n ARC\" \/>\n<meta property=\"og:image\" content=\"https:\/\/distribucionarc.com\/wp-content\/uploads\/2020\/10\/M\u00e1quina-el\u00e9ctrica-para-hacer-pasta-1.jpg\" \/>\n\t<meta property=\"og:image:width\" content=\"1001\" \/>\n\t<meta property=\"og:image:height\" content=\"1001\" \/>\n\t<meta property=\"og:image:type\" content=\"image\/jpeg\" \/>\n<meta name=\"twitter:card\" content=\"summary_large_image\" \/>\n<meta name=\"twitter:label1\" content=\"Ansl. lesetid\" \/>\n\t<meta name=\"twitter:data1\" content=\"1 minutt\" \/>\n<script type=\"application\/ld+json\" class=\"yoast-schema-graph\">{\"@context\":\"https:\/\/schema.org\",\"@graph\":[{\"@type\":\"WebPage\",\"@id\":\"https:\/\/www.distribucionarc.com\/nb\/producto\/maquina-electrica-para-hacer-pasta\/\",\"url\":\"https:\/\/www.distribucionarc.com\/nb\/producto\/maquina-electrica-para-hacer-pasta\/\",\"name\":\"M\u00e1quina el\u00e9ctrica\u00a0para hacer pasta\u00a0 - distribuci\u00f3n ARC\",\"isPartOf\":{\"@id\":\"https:\/\/www.distribucionarc.com\/sl\/#website\"},\"primaryImageOfPage\":{\"@id\":\"https:\/\/www.distribucionarc.com\/nb\/producto\/maquina-electrica-para-hacer-pasta\/#primaryimage\"},\"image\":{\"@id\":\"https:\/\/www.distribucionarc.com\/nb\/producto\/maquina-electrica-para-hacer-pasta\/#primaryimage\"},\"thumbnailUrl\":\"https:\/\/distribucionarc.com\/wp-content\/uploads\/2020\/10\/M\u00e1quina-el\u00e9ctrica-para-hacer-pasta-1.jpg\",\"datePublished\":\"2020-10-15T14:18:55+00:00\",\"breadcrumb\":{\"@id\":\"https:\/\/www.distribucionarc.com\/nb\/producto\/maquina-electrica-para-hacer-pasta\/#breadcrumb\"},\"inLanguage\":\"nb-NO\",\"potentialAction\":[{\"@type\":\"ReadAction\",\"target\":[\"https:\/\/www.distribucionarc.com\/nb\/producto\/maquina-electrica-para-hacer-pasta\/\"]}]},{\"@type\":\"ImageObject\",\"inLanguage\":\"nb-NO\",\"@id\":\"https:\/\/www.distribucionarc.com\/nb\/producto\/maquina-electrica-para-hacer-pasta\/#primaryimage\",\"url\":\"https:\/\/distribucionarc.com\/wp-content\/uploads\/2020\/10\/M\u00e1quina-el\u00e9ctrica-para-hacer-pasta-1.jpg\",\"contentUrl\":\"https:\/\/distribucionarc.com\/wp-content\/uploads\/2020\/10\/M\u00e1quina-el\u00e9ctrica-para-hacer-pasta-1.jpg\",\"width\":1001,\"height\":1001,\"caption\":\"M\u00e1quina el\u00e9ctrica\u00a0para hacer pasta\u00a0\"},{\"@type\":\"BreadcrumbList\",\"@id\":\"https:\/\/www.distribucionarc.com\/nb\/producto\/maquina-electrica-para-hacer-pasta\/#breadcrumb\",\"itemListElement\":[{\"@type\":\"ListItem\",\"position\":1,\"name\":\"Portada\",\"item\":\"https:\/\/www.distribucionarc.com\/\"},{\"@type\":\"ListItem\",\"position\":2,\"name\":\"\u00dcr\u00fcnler\",\"item\":\"https:\/\/www.distribucionarc.com\/tr\/magaza\/\"},{\"@type\":\"ListItem\",\"position\":3,\"name\":\"M\u00e1quina el\u00e9ctrica\u00a0para hacer pasta\u00a0\"}]},{\"@type\":\"WebSite\",\"@id\":\"https:\/\/www.distribucionarc.com\/sl\/#website\",\"url\":\"https:\/\/www.distribucionarc.com\/sl\/\",\"name\":\"distribuci\u00f3n ARC\",\"description\":\"Empresa especializada en la fabricaci\u00f3n y distribuci\u00f3n de maquinaria industrial, selladoras de latas, Maquinas de hacer pastillas, Maquinas de cortar carne...\",\"publisher\":{\"@id\":\"https:\/\/www.distribucionarc.com\/sl\/#organization\"},\"potentialAction\":[{\"@type\":\"SearchAction\",\"target\":{\"@type\":\"EntryPoint\",\"urlTemplate\":\"https:\/\/www.distribucionarc.com\/sl\/?s={search_term_string}\"},\"query-input\":{\"@type\":\"PropertyValueSpecification\",\"valueRequired\":true,\"valueName\":\"search_term_string\"}}],\"inLanguage\":\"nb-NO\"},{\"@type\":\"Organization\",\"@id\":\"https:\/\/www.distribucionarc.com\/sl\/#organization\",\"name\":\"Distribuci\u00f3n ARC\",\"url\":\"https:\/\/www.distribucionarc.com\/sl\/\",\"logo\":{\"@type\":\"ImageObject\",\"inLanguage\":\"nb-NO\",\"@id\":\"https:\/\/www.distribucionarc.com\/sl\/#\/schema\/logo\/image\/\",\"url\":\"https:\/\/distribucionarc.com\/wp-content\/uploads\/2024\/10\/distribucion-ARC-COLOR-SIN-FONDO-e1732295305345.png\",\"contentUrl\":\"https:\/\/distribucionarc.com\/wp-content\/uploads\/2024\/10\/distribucion-ARC-COLOR-SIN-FONDO-e1732295305345.png\",\"width\":1164,\"height\":558,\"caption\":\"Distribuci\u00f3n ARC\"},\"image\":{\"@id\":\"https:\/\/www.distribucionarc.com\/sl\/#\/schema\/logo\/image\/\"},\"description\":\"Empresa especializada en la fabricaci\u00f3n y distribuci\u00f3n de maquinaria industrial para los sectores alimentario y farmac\u00e9utico. Nos especializamos en: M\u00e1quinas de cortar carne Fabricaci\u00f3n de comprimidos Sistemas de transporte industrial L\u00edneas de embotellado Dosificadores Y mucho m\u00e1s... Ofrecemos soluciones innovadoras y personalizadas para optimizar los procesos productivos de tu empresa.\",\"email\":\"Admistracion@distribucionarc.com\",\"telephone\":\"+34 643496664\",\"legalName\":\"ARC TECH SOLUTIONS\",\"foundingDate\":\"2024-04-09\",\"vatID\":\"B55480172\",\"numberOfEmployees\":{\"@type\":\"QuantitativeValue\",\"minValue\":\"1\",\"maxValue\":\"10\"}}]}<\/script>\n<!-- \/ Yoast SEO Premium plugin. -->","yoast_head_json":{"title":"Elektrisk pastamaskin - ARC-distribusjon","robots":{"index":"index","follow":"follow","max-snippet":"max-snippet:-1","max-image-preview":"max-image-preview:large","max-video-preview":"max-video-preview:-1"},"canonical":"https:\/\/www.distribucionarc.com\/nb\/producto\/maquina-electrica-para-hacer-pasta\/","og_locale":"nb_NO","og_type":"article","og_title":"M\u00e1quina el\u00e9ctrica\u00a0para hacer pasta\u00a0","og_description":"M\u00e1quina el\u00e9ctrica para hacer pasta Esta m\u00e1quina para pasta el\u00e9ctrica ARC es la adecuada para elaborar su propia pasta casera muy demandada en industria alimentaria al igual que en restaurantes, hoteles, buf\u00e9s, etc. Puede ajustar el grosor de las pastas seg\u00fan sus necesidades, dejarla configurada para simplemente introducir la masa y accionar el bot\u00f3n para obtener deliciosos tallarines, espaguetis o fideos. El potente motor le asegura bastante rendimiento de 15 \u2013 20 Kg de pasta por hora.","og_url":"https:\/\/www.distribucionarc.com\/nb\/producto\/maquina-electrica-para-hacer-pasta\/","og_site_name":"distribuci\u00f3n ARC","og_image":[{"width":1001,"height":1001,"url":"https:\/\/distribucionarc.com\/wp-content\/uploads\/2020\/10\/M\u00e1quina-el\u00e9ctrica-para-hacer-pasta-1.jpg","type":"image\/jpeg"}],"twitter_card":"summary_large_image","twitter_misc":{"Ansl. lesetid":"1 minutt"},"schema":{"@context":"https:\/\/schema.org","@graph":[{"@type":"WebPage","@id":"https:\/\/www.distribucionarc.com\/nb\/producto\/maquina-electrica-para-hacer-pasta\/","url":"https:\/\/www.distribucionarc.com\/nb\/producto\/maquina-electrica-para-hacer-pasta\/","name":"Elektrisk pastamaskin - ARC-distribusjon","isPartOf":{"@id":"https:\/\/www.distribucionarc.com\/sl\/#website"},"primaryImageOfPage":{"@id":"https:\/\/www.distribucionarc.com\/nb\/producto\/maquina-electrica-para-hacer-pasta\/#primaryimage"},"image":{"@id":"https:\/\/www.distribucionarc.com\/nb\/producto\/maquina-electrica-para-hacer-pasta\/#primaryimage"},"thumbnailUrl":"https:\/\/distribucionarc.com\/wp-content\/uploads\/2020\/10\/M\u00e1quina-el\u00e9ctrica-para-hacer-pasta-1.jpg","datePublished":"2020-10-15T14:18:55+00:00","breadcrumb":{"@id":"https:\/\/www.distribucionarc.com\/nb\/producto\/maquina-electrica-para-hacer-pasta\/#breadcrumb"},"inLanguage":"nb-NO","potentialAction":[{"@type":"ReadAction","target":["https:\/\/www.distribucionarc.com\/nb\/producto\/maquina-electrica-para-hacer-pasta\/"]}]},{"@type":"ImageObject","inLanguage":"nb-NO","@id":"https:\/\/www.distribucionarc.com\/nb\/producto\/maquina-electrica-para-hacer-pasta\/#primaryimage","url":"https:\/\/distribucionarc.com\/wp-content\/uploads\/2020\/10\/M\u00e1quina-el\u00e9ctrica-para-hacer-pasta-1.jpg","contentUrl":"https:\/\/distribucionarc.com\/wp-content\/uploads\/2020\/10\/M\u00e1quina-el\u00e9ctrica-para-hacer-pasta-1.jpg","width":1001,"height":1001,"caption":"M\u00e1quina el\u00e9ctrica\u00a0para hacer pasta\u00a0"},{"@type":"BreadcrumbList","@id":"https:\/\/www.distribucionarc.com\/nb\/producto\/maquina-electrica-para-hacer-pasta\/#breadcrumb","itemListElement":[{"@type":"ListItem","position":1,"name":"Portada","item":"https:\/\/www.distribucionarc.com\/"},{"@type":"ListItem","position":2,"name":"\u00dcr\u00fcnler","item":"https:\/\/www.distribucionarc.com\/tr\/magaza\/"},{"@type":"ListItem","position":3,"name":"M\u00e1quina el\u00e9ctrica\u00a0para hacer pasta\u00a0"}]},{"@type":"WebSite","@id":"https:\/\/www.distribucionarc.com\/sl\/#website","url":"https:\/\/www.distribucionarc.com\/sl\/","name":"ARC distribusjon","description":"Selskapet har spesialisert seg p\u00e5 produksjon og distribusjon av industrimaskiner, hermetikkboksforseglingsmaskiner, tablettmaskiner, kj\u00f8ttskj\u00e6remaskiner og...","publisher":{"@id":"https:\/\/www.distribucionarc.com\/sl\/#organization"},"potentialAction":[{"@type":"SearchAction","target":{"@type":"EntryPoint","urlTemplate":"https:\/\/www.distribucionarc.com\/sl\/?s={search_term_string}"},"query-input":{"@type":"PropertyValueSpecification","valueRequired":true,"valueName":"search_term_string"}}],"inLanguage":"nb-NO"},{"@type":"Organization","@id":"https:\/\/www.distribucionarc.com\/sl\/#organization","name":"ARC distribusjon","url":"https:\/\/www.distribucionarc.com\/sl\/","logo":{"@type":"ImageObject","inLanguage":"nb-NO","@id":"https:\/\/www.distribucionarc.com\/sl\/#\/schema\/logo\/image\/","url":"https:\/\/distribucionarc.com\/wp-content\/uploads\/2024\/10\/distribucion-ARC-COLOR-SIN-FONDO-e1732295305345.png","contentUrl":"https:\/\/distribucionarc.com\/wp-content\/uploads\/2024\/10\/distribucion-ARC-COLOR-SIN-FONDO-e1732295305345.png","width":1164,"height":558,"caption":"Distribuci\u00f3n ARC"},"image":{"@id":"https:\/\/www.distribucionarc.com\/sl\/#\/schema\/logo\/image\/"},"description":"Selskap som har spesialisert seg p\u00e5 produksjon og distribusjon av industrimaskiner til n\u00e6ringsmiddel- og farmasisektoren. Vi er spesialister p\u00e5: Kj\u00f8ttskj\u00e6remaskiner Tablettilvirkning Industrielle transportsystemer Tappelinjer Dispensere Og mye mer... Vi tilbyr innovative og skreddersydde l\u00f8sninger for \u00e5 optimalisere bedriftens produksjonsprosesser.","email":"Admistracion@distribucionarc.com","telephone":"+34 643496664","legalName":"ARC TECH SOLUTIONS","foundingDate":"2024-04-09","vatID":"B55480172","numberOfEmployees":{"@type":"QuantitativeValue","minValue":"1","maxValue":"10"}}]}},"_links":{"self":[{"href":"https:\/\/distribucionarc.com\/nb\/wp-json\/wp\/v2\/product\/4026","targetHints":{"allow":["GET"]}}],"collection":[{"href":"https:\/\/distribucionarc.com\/nb\/wp-json\/wp\/v2\/product"}],"about":[{"href":"https:\/\/distribucionarc.com\/nb\/wp-json\/wp\/v2\/types\/product"}],"replies":[{"embeddable":true,"href":"https:\/\/distribucionarc.com\/nb\/wp-json\/wp\/v2\/comments?post=4026"}],"version-history":[{"count":0,"href":"https:\/\/distribucionarc.com\/nb\/wp-json\/wp\/v2\/product\/4026\/revisions"}],"wp:featuredmedia":[{"embeddable":true,"href":"https:\/\/distribucionarc.com\/nb\/wp-json\/wp\/v2\/media\/4028"}],"wp:attachment":[{"href":"https:\/\/distribucionarc.com\/nb\/wp-json\/wp\/v2\/media?parent=4026"}],"wp:term":[{"taxonomy":"product_brand","embeddable":true,"href":"https:\/\/distribucionarc.com\/nb\/wp-json\/wp\/v2\/product_brand?post=4026"},{"taxonomy":"product_cat","embeddable":true,"href":"https:\/\/distribucionarc.com\/nb\/wp-json\/wp\/v2\/product_cat?post=4026"},{"taxonomy":"product_tag","embeddable":true,"href":"https:\/\/distribucionarc.com\/nb\/wp-json\/wp\/v2\/product_tag?post=4026"}],"curies":[{"name":"wp","href":"https:\/\/api.w.org\/{rel}","templated":true}]}}