{"id":4099,"date":"2020-11-18T13:53:14","date_gmt":"2020-11-18T13:53:14","guid":{"rendered":"https:\/\/distribucionarc.com\/?post_type=product&#038;p=4099"},"modified":"2021-01-26T09:22:51","modified_gmt":"2021-01-26T09:22:51","slug":"cnc-lasergraver","status":"publish","type":"product","link":"https:\/\/distribucionarc.com\/nb\/producto\/grabador-laser-cnc\/","title":{"rendered":"CNC lasergraver"},"content":{"rendered":"<h3>CNC Laser Marker Engraver for tre, PVC, PCB, metall<\/h3>\n<p>Han\u00a0<b>lasermark\u00f8r\u00a0<span style=\"color: #ff0000;\">TIL<\/span><span style=\"color: #0000ff;\">R<\/span>c<\/b>\u00a0Det er en maskin som inneholder den nyeste teknologien og de beste materialene laget av aluminium og akryl, den inkluderer enkel, brukervennlig programvare med gratis oppdateringer for alltid.<\/p>\n<p>Graveringsh\u00f8yden er ubegrenset og kan plasseres direkte p\u00e5 toppen for \u00e5 jobbe n\u00e6rmere metallet\u00a0<strong>graveringsmaskin\u00a0<span style=\"color: #ff0000;\">TIL<\/span><span style=\"color: #0000ff;\">R<\/span>CMGLA1<\/strong>\u00a0Den er multifunksjonell med en rekke metaller og st\u00e5l.<\/p>\n<p>Hvis du har en lidenskap for kunst, vil denne maskinen tilby deg en flott m\u00e5te \u00e5 gjenta prosesser og gj\u00f8re ting som ingen h\u00e5ndverkt\u00f8y noen gang har tillatt deg \u00e5 gj\u00f8re.<\/p>\n<h6><strong>Garanti\u00a0<span style=\"color: #ff0000;\">TIL<\/span><span style=\"color: #0000ff;\">R<\/span>C 2 \u00c5R<\/strong><\/h6>\n<h6><span style=\"color: #008000;\">Effektiv lasergraver, 12V 5A str\u00f8mforsyning<\/span><\/h6>\n<h6><strong>teknisk st\u00f8tte inkludert<\/strong><\/h6>\n<p>&nbsp;<\/p>\n<p>&nbsp;<\/p>\n<hr \/>\n<p>Arbeidsomr\u00e5de: 30x18x4,5cm.<\/p>\n<p>Rammest\u00f8rrelse: 33x40x24CM<\/p>\n<p>Spindel: 775 spindelmotor (12-36V) 24V: 10000r\/min<\/p>\n<p>Spindelhylse: ER11<\/p>\n<p>Trinnmotor: Nema17 Trinn, dreiemoment 0,3N\/M, 1,3A<\/p>\n<p>Str\u00f8mforsyning: AC110-240V<\/p>\n<p>Programvare: GRBL-kontroller<\/p>\n<p>St\u00f8ttesystem: Windows XP \/ Win 7 \/ Win 8 \/ Win 10<\/p>\n<p>Bor: 0,1 mm spiss, 20 grader, diameter 3,175 mm.<\/p>\n<p>Laser: st\u00f8tte 500mw 405nm, 12v \/ 2500mw 450nm, 12v \/ 5500mw 450nm, 12v.<\/p>","protected":false},"excerpt":{"rendered":"<h2>CNC Laser Marker Engraver for tre, PVC, PCB, metall<\/h2>\n<p>Denne maskinen av<strong> lasermerking\u00a0<span style=\"color: #ff0000;\">TIL<\/span><span style=\"color: #0000ff;\">R<\/span>c<\/strong> For gj\u00f8r-det-selv er den ideell for bruk med lasergravering med gr\u00e5toneutskrift, posisjonering i lite lys og frihetsposisjoneringsfunksjoner. Denne minimaskinen er perfekt for kunstnere, profesjonelle og h\u00e5ndverkere. Du trenger bare \u00e5 koble den til datamaskinen, og s\u00e5 kan du skrive ut hvilke bilder du vil med din egen kreativitet.<\/p>\n<h6><strong>Garanti\u00a0<span style=\"color: #ff0000;\">TIL<\/span><span style=\"color: #0000ff;\">R<\/span>C 2 \u00c5R<\/strong><\/h6>\n<h6><span style=\"color: #008000;\">Effektiv lasergraver, 12V 5A str\u00f8mforsyning<\/span><\/h6>\n<h6><strong>teknisk st\u00f8tte inkludert<\/strong><\/h6>\n<p>&nbsp;<\/p>","protected":false},"featured_media":4106,"comment_status":"open","ping_status":"closed","template":"","meta":{"wds_primary_product_brand":0,"wds_primary_product_cat":0},"product_brand":[],"product_cat":[69,70],"product_tag":[],"class_list":{"0":"post-4099","1":"product","2":"type-product","3":"status-publish","4":"has-post-thumbnail","6":"product_cat-maquinas-variadas","7":"product_cat-talladoras-marcadoras-de-metal-grabadoras-laser","8":"product_shipping_class-hosteleria","10":"first","11":"instock","12":"sale","13":"taxable","14":"shipping-taxable","15":"purchasable","16":"product-type-simple"},"yoast_head":"<!-- This site is optimized with the Yoast SEO Premium plugin v24.9 (Yoast SEO v26.1) - https:\/\/yoast.com\/wordpress\/plugins\/seo\/ -->\n<title>Grabador l\u00e1ser CNC - distribuci\u00f3n ARC<\/title>\n<meta name=\"robots\" content=\"index, follow, max-snippet:-1, max-image-preview:large, max-video-preview:-1\" \/>\n<link rel=\"canonical\" href=\"https:\/\/distribucionarc.com\/nb\/produkter\/cnc-lasergraver\/\" \/>\n<meta property=\"og:locale\" content=\"nb_NO\" \/>\n<meta property=\"og:type\" content=\"article\" \/>\n<meta property=\"og:title\" content=\"Grabador l\u00e1ser CNC\" \/>\n<meta property=\"og:description\" content=\"Grabador, marcador l\u00e1ser CNC para madera, PVC, PCB, metal Esta\u00a0m\u00e1quina de marcado l\u00e1ser\u00a0ARC para bricolaje es ideal para el uso de grabado l\u00e1ser con funciones de impresi\u00f3n en escala de grises, posicionamiento con poca luz y posicionamiento de libertad. Esta mini m\u00e1quina es perfecta para artistas, profesionales y artesanos. Solo necesita conectarlo al ordenador, y luego puede imprimir cualquier imagen que desee con su propia creatividad. Garant\u00eda\u00a0ARC 2 A\u00d1OS Grabador l\u00e1ser eficiente, fuente alimentacion\u00a0 12V 5A soporte t\u00e9cnico incluido &nbsp;\" \/>\n<meta property=\"og:url\" content=\"https:\/\/distribucionarc.com\/nb\/produkter\/cnc-lasergraver\/\" \/>\n<meta property=\"og:site_name\" content=\"distribuci\u00f3n ARC\" \/>\n<meta property=\"article:modified_time\" content=\"2021-01-26T09:22:51+00:00\" \/>\n<meta property=\"og:image\" content=\"https:\/\/distribucionarc.com\/wp-content\/uploads\/2020\/11\/Grabador-l\u00e1ser-CNC-5.jpg\" \/>\n\t<meta property=\"og:image:width\" content=\"980\" \/>\n\t<meta property=\"og:image:height\" content=\"964\" \/>\n\t<meta property=\"og:image:type\" content=\"image\/jpeg\" \/>\n<meta name=\"twitter:card\" content=\"summary_large_image\" \/>\n<meta name=\"twitter:label1\" content=\"Ansl. lesetid\" \/>\n\t<meta name=\"twitter:data1\" content=\"1 minutt\" \/>\n<script type=\"application\/ld+json\" class=\"yoast-schema-graph\">{\"@context\":\"https:\/\/schema.org\",\"@graph\":[{\"@type\":\"WebPage\",\"@id\":\"https:\/\/distribucionarc.com\/lt\/producto\/grabador-laser-cnc\/\",\"url\":\"https:\/\/distribucionarc.com\/lt\/producto\/grabador-laser-cnc\/\",\"name\":\"Grabador l\u00e1ser CNC - distribuci\u00f3n ARC\",\"isPartOf\":{\"@id\":\"https:\/\/distribucionarc.com\/de\/#website\"},\"primaryImageOfPage\":{\"@id\":\"https:\/\/distribucionarc.com\/lt\/producto\/grabador-laser-cnc\/#primaryimage\"},\"image\":{\"@id\":\"https:\/\/distribucionarc.com\/lt\/producto\/grabador-laser-cnc\/#primaryimage\"},\"thumbnailUrl\":\"https:\/\/distribucionarc.com\/wp-content\/uploads\/2020\/11\/Grabador-l\u00e1ser-CNC-5.jpg\",\"datePublished\":\"2020-11-18T13:53:14+00:00\",\"dateModified\":\"2021-01-26T09:22:51+00:00\",\"breadcrumb\":{\"@id\":\"https:\/\/distribucionarc.com\/lt\/producto\/grabador-laser-cnc\/#breadcrumb\"},\"inLanguage\":\"nb-NO\",\"potentialAction\":[{\"@type\":\"ReadAction\",\"target\":[\"https:\/\/distribucionarc.com\/lt\/producto\/grabador-laser-cnc\/\"]}]},{\"@type\":\"ImageObject\",\"inLanguage\":\"nb-NO\",\"@id\":\"https:\/\/distribucionarc.com\/lt\/producto\/grabador-laser-cnc\/#primaryimage\",\"url\":\"https:\/\/distribucionarc.com\/wp-content\/uploads\/2020\/11\/Grabador-l\u00e1ser-CNC-5.jpg\",\"contentUrl\":\"https:\/\/distribucionarc.com\/wp-content\/uploads\/2020\/11\/Grabador-l\u00e1ser-CNC-5.jpg\",\"width\":980,\"height\":964,\"caption\":\"Grabador l\u00e1ser CNC\"},{\"@type\":\"BreadcrumbList\",\"@id\":\"https:\/\/distribucionarc.com\/lt\/producto\/grabador-laser-cnc\/#breadcrumb\",\"itemListElement\":[{\"@type\":\"ListItem\",\"position\":1,\"name\":\"Portada\",\"item\":\"https:\/\/distribucionarc.com\/pl\/\"},{\"@type\":\"ListItem\",\"position\":2,\"name\":\"Produkty\",\"item\":\"https:\/\/distribucionarc.com\/pl\/shop\/\"},{\"@type\":\"ListItem\",\"position\":3,\"name\":\"Grabador l\u00e1ser CNC\"}]},{\"@type\":\"WebSite\",\"@id\":\"https:\/\/distribucionarc.com\/de\/#website\",\"url\":\"https:\/\/distribucionarc.com\/de\/\",\"name\":\"distribuci\u00f3n ARC\",\"description\":\"Empresa especializada en la fabricaci\u00f3n y distribuci\u00f3n de maquinaria industrial, selladoras de latas, Maquinas de hacer pastillas, Maquinas de cortar carne...\",\"publisher\":{\"@id\":\"https:\/\/distribucionarc.com\/de\/#organization\"},\"potentialAction\":[{\"@type\":\"SearchAction\",\"target\":{\"@type\":\"EntryPoint\",\"urlTemplate\":\"https:\/\/distribucionarc.com\/de\/?s={search_term_string}\"},\"query-input\":{\"@type\":\"PropertyValueSpecification\",\"valueRequired\":true,\"valueName\":\"search_term_string\"}}],\"inLanguage\":\"nb-NO\"},{\"@type\":\"Organization\",\"@id\":\"https:\/\/distribucionarc.com\/de\/#organization\",\"name\":\"Distribuci\u00f3n ARC\",\"url\":\"https:\/\/distribucionarc.com\/de\/\",\"logo\":{\"@type\":\"ImageObject\",\"inLanguage\":\"nb-NO\",\"@id\":\"https:\/\/distribucionarc.com\/de\/#\/schema\/logo\/image\/\",\"url\":\"https:\/\/distribucionarc.com\/wp-content\/uploads\/2024\/10\/distribucion-ARC-COLOR-SIN-FONDO-e1732295305345.png\",\"contentUrl\":\"https:\/\/distribucionarc.com\/wp-content\/uploads\/2024\/10\/distribucion-ARC-COLOR-SIN-FONDO-e1732295305345.png\",\"width\":1164,\"height\":558,\"caption\":\"Distribuci\u00f3n ARC\"},\"image\":{\"@id\":\"https:\/\/distribucionarc.com\/de\/#\/schema\/logo\/image\/\"},\"description\":\"Empresa especializada en la fabricaci\u00f3n y distribuci\u00f3n de maquinaria industrial para los sectores alimentario y farmac\u00e9utico. Nos especializamos en: M\u00e1quinas de cortar carne Fabricaci\u00f3n de comprimidos Sistemas de transporte industrial L\u00edneas de embotellado Dosificadores Y mucho m\u00e1s... Ofrecemos soluciones innovadoras y personalizadas para optimizar los procesos productivos de tu empresa.\",\"email\":\"Admistracion@distribucionarc.com\",\"telephone\":\"+34 643496664\",\"legalName\":\"ARC TECH SOLUTIONS\",\"foundingDate\":\"2024-04-09\",\"vatID\":\"B55480172\",\"numberOfEmployees\":{\"@type\":\"QuantitativeValue\",\"minValue\":\"1\",\"maxValue\":\"10\"}}]}<\/script>\n<!-- \/ Yoast SEO Premium plugin. -->","yoast_head_json":{"title":"CNC Laser Engraver - ARC Distribusjon","robots":{"index":"index","follow":"follow","max-snippet":"max-snippet:-1","max-image-preview":"max-image-preview:large","max-video-preview":"max-video-preview:-1"},"canonical":"https:\/\/distribucionarc.com\/nb\/produkter\/cnc-lasergraver\/","og_locale":"nb_NO","og_type":"article","og_title":"Grabador l\u00e1ser CNC","og_description":"Grabador, marcador l\u00e1ser CNC para madera, PVC, PCB, metal Esta\u00a0m\u00e1quina de marcado l\u00e1ser\u00a0ARC para bricolaje es ideal para el uso de grabado l\u00e1ser con funciones de impresi\u00f3n en escala de grises, posicionamiento con poca luz y posicionamiento de libertad. Esta mini m\u00e1quina es perfecta para artistas, profesionales y artesanos. Solo necesita conectarlo al ordenador, y luego puede imprimir cualquier imagen que desee con su propia creatividad. Garant\u00eda\u00a0ARC 2 A\u00d1OS Grabador l\u00e1ser eficiente, fuente alimentacion\u00a0 12V 5A soporte t\u00e9cnico incluido &nbsp;","og_url":"https:\/\/distribucionarc.com\/nb\/produkter\/cnc-lasergraver\/","og_site_name":"distribuci\u00f3n ARC","article_modified_time":"2021-01-26T09:22:51+00:00","og_image":[{"width":980,"height":964,"url":"https:\/\/distribucionarc.com\/wp-content\/uploads\/2020\/11\/Grabador-l\u00e1ser-CNC-5.jpg","type":"image\/jpeg"}],"twitter_card":"summary_large_image","twitter_misc":{"Ansl. lesetid":"1 minutt"},"schema":{"@context":"https:\/\/schema.org","@graph":[{"@type":"WebPage","@id":"https:\/\/distribucionarc.com\/lt\/producto\/grabador-laser-cnc\/","url":"https:\/\/distribucionarc.com\/lt\/producto\/grabador-laser-cnc\/","name":"CNC Laser Engraver - ARC Distribusjon","isPartOf":{"@id":"https:\/\/distribucionarc.com\/de\/#website"},"primaryImageOfPage":{"@id":"https:\/\/distribucionarc.com\/lt\/producto\/grabador-laser-cnc\/#primaryimage"},"image":{"@id":"https:\/\/distribucionarc.com\/lt\/producto\/grabador-laser-cnc\/#primaryimage"},"thumbnailUrl":"https:\/\/distribucionarc.com\/wp-content\/uploads\/2020\/11\/Grabador-l\u00e1ser-CNC-5.jpg","datePublished":"2020-11-18T13:53:14+00:00","dateModified":"2021-01-26T09:22:51+00:00","breadcrumb":{"@id":"https:\/\/distribucionarc.com\/lt\/producto\/grabador-laser-cnc\/#breadcrumb"},"inLanguage":"nb-NO","potentialAction":[{"@type":"ReadAction","target":["https:\/\/distribucionarc.com\/lt\/producto\/grabador-laser-cnc\/"]}]},{"@type":"ImageObject","inLanguage":"nb-NO","@id":"https:\/\/distribucionarc.com\/lt\/producto\/grabador-laser-cnc\/#primaryimage","url":"https:\/\/distribucionarc.com\/wp-content\/uploads\/2020\/11\/Grabador-l\u00e1ser-CNC-5.jpg","contentUrl":"https:\/\/distribucionarc.com\/wp-content\/uploads\/2020\/11\/Grabador-l\u00e1ser-CNC-5.jpg","width":980,"height":964,"caption":"Grabador l\u00e1ser CNC"},{"@type":"BreadcrumbList","@id":"https:\/\/distribucionarc.com\/lt\/producto\/grabador-laser-cnc\/#breadcrumb","itemListElement":[{"@type":"ListItem","position":1,"name":"Portada","item":"https:\/\/distribucionarc.com\/pl\/"},{"@type":"ListItem","position":2,"name":"Produkty","item":"https:\/\/distribucionarc.com\/pl\/shop\/"},{"@type":"ListItem","position":3,"name":"Grabador l\u00e1ser CNC"}]},{"@type":"WebSite","@id":"https:\/\/distribucionarc.com\/de\/#website","url":"https:\/\/distribucionarc.com\/de\/","name":"ARC distribusjon","description":"Selskapet har spesialisert seg p\u00e5 produksjon og distribusjon av industrimaskiner, hermetikkboksforseglingsmaskiner, tablettmaskiner, kj\u00f8ttskj\u00e6remaskiner og...","publisher":{"@id":"https:\/\/distribucionarc.com\/de\/#organization"},"potentialAction":[{"@type":"SearchAction","target":{"@type":"EntryPoint","urlTemplate":"https:\/\/distribucionarc.com\/de\/?s={search_term_string}"},"query-input":{"@type":"PropertyValueSpecification","valueRequired":true,"valueName":"search_term_string"}}],"inLanguage":"nb-NO"},{"@type":"Organization","@id":"https:\/\/distribucionarc.com\/de\/#organization","name":"ARC distribusjon","url":"https:\/\/distribucionarc.com\/de\/","logo":{"@type":"ImageObject","inLanguage":"nb-NO","@id":"https:\/\/distribucionarc.com\/de\/#\/schema\/logo\/image\/","url":"https:\/\/distribucionarc.com\/wp-content\/uploads\/2024\/10\/distribucion-ARC-COLOR-SIN-FONDO-e1732295305345.png","contentUrl":"https:\/\/distribucionarc.com\/wp-content\/uploads\/2024\/10\/distribucion-ARC-COLOR-SIN-FONDO-e1732295305345.png","width":1164,"height":558,"caption":"Distribuci\u00f3n ARC"},"image":{"@id":"https:\/\/distribucionarc.com\/de\/#\/schema\/logo\/image\/"},"description":"Selskap som har spesialisert seg p\u00e5 produksjon og distribusjon av industrimaskiner til n\u00e6ringsmiddel- og farmasisektoren. Vi er spesialister p\u00e5: Kj\u00f8ttskj\u00e6remaskiner Tablettilvirkning Industrielle transportsystemer Tappelinjer Dispensere Og mye mer... Vi tilbyr innovative og skreddersydde l\u00f8sninger for \u00e5 optimalisere bedriftens produksjonsprosesser.","email":"Admistracion@distribucionarc.com","telephone":"+34 643496664","legalName":"ARC TECH SOLUTIONS","foundingDate":"2024-04-09","vatID":"B55480172","numberOfEmployees":{"@type":"QuantitativeValue","minValue":"1","maxValue":"10"}}]}},"_links":{"self":[{"href":"https:\/\/distribucionarc.com\/nb\/wp-json\/wp\/v2\/product\/4099","targetHints":{"allow":["GET"]}}],"collection":[{"href":"https:\/\/distribucionarc.com\/nb\/wp-json\/wp\/v2\/product"}],"about":[{"href":"https:\/\/distribucionarc.com\/nb\/wp-json\/wp\/v2\/types\/product"}],"replies":[{"embeddable":true,"href":"https:\/\/distribucionarc.com\/nb\/wp-json\/wp\/v2\/comments?post=4099"}],"version-history":[{"count":0,"href":"https:\/\/distribucionarc.com\/nb\/wp-json\/wp\/v2\/product\/4099\/revisions"}],"wp:featuredmedia":[{"embeddable":true,"href":"https:\/\/distribucionarc.com\/nb\/wp-json\/wp\/v2\/media\/4106"}],"wp:attachment":[{"href":"https:\/\/distribucionarc.com\/nb\/wp-json\/wp\/v2\/media?parent=4099"}],"wp:term":[{"taxonomy":"product_brand","embeddable":true,"href":"https:\/\/distribucionarc.com\/nb\/wp-json\/wp\/v2\/product_brand?post=4099"},{"taxonomy":"product_cat","embeddable":true,"href":"https:\/\/distribucionarc.com\/nb\/wp-json\/wp\/v2\/product_cat?post=4099"},{"taxonomy":"product_tag","embeddable":true,"href":"https:\/\/distribucionarc.com\/nb\/wp-json\/wp\/v2\/product_tag?post=4099"}],"curies":[{"name":"wp","href":"https:\/\/api.w.org\/{rel}","templated":true}]}}