{"id":425,"date":"2020-04-18T16:38:10","date_gmt":"2020-04-18T16:38:10","guid":{"rendered":"https:\/\/distribucionarc.com\/?post_type=product&#038;p=425"},"modified":"2023-04-02T10:06:45","modified_gmt":"2023-04-02T10:06:45","slug":"limdoseringsmaskin-halvautomatisk-pneumatisk-fyller","status":"publish","type":"product","link":"https:\/\/distribucionarc.com\/nb\/producto\/dosificadora-de-adesivos-llenadora-neumatica-semiautomatica\/","title":{"rendered":"Limdispenser Pneumatisk eller halvautomatisk fyller"},"content":{"rendered":"<h3>Dispenser for flytende lim, pneumatisk og halvautomatisk fyllstoff<\/h3>\n<p>&nbsp;<\/p>\n<p>Maskin for \u00e5 dosere lim manuelt eller automatisk med en timer, den har en pedal, med denne maskinen kan du f\u00e5 mer presise resultater, bedre finish i bitene dine og \u00f8kt produksjon, brukstiden til denne maskinen er opp til ? \u00e5r har et anti-drypp system. Designet for et bredt spekter av bruksomr\u00e5der som EFD, I&amp;J Fisnar.<\/p>\n<p>Komplett med tilbeh\u00f8rsdoseringssett.<\/p>\n<p>Timermodus doseringstid 0,01-99,99 sekunder.<\/p>\n<p>Tidsurmodus syklustid 0,1-9,9 sekunder.<\/p>\n<p>Manuell modus, materialer kan dispenseres kontinuerlig til operat\u00f8ren slipper pedalen.<\/p>\n<p>Dette <strong>lim dispenser<\/strong> m\u00e5 kobles til luftkompressor (1,5 HK eller h\u00f8yere).<\/p>\n<p>Han <strong>lim dispenser<\/strong>\u00a0<b>Profesjonell,<\/b>\u00a0Precise tar i bruk det nyeste digitale kontrollsystemet,<\/p>\n<p>1. Dispenseringstype: Gratis \u00e5 stille inn 16 typer former, med dispenseringstidsvisning<\/p>\n<p>2. Automatisk timerdosering: 00.01S-99.99S<\/p>\n<p>3. Manuell timing dosering: Du kan dispensere belegget, eller i kontinuerlig linje<\/p>\n<p>4. Minimum limdosering: 0,0001 ml<\/p>\n<p>5. Doseringstidsomr\u00e5de: 0,1-9,9S (automatisk timingfunksjon)<\/p>\n<p>6. Inngangsspenning: 220V -10% 50Hz \/ 110V -10% 60Hz (220V for Europa; 110V for Amerika, etc.)<\/p>\n<p>7. Intern spenning: 12V DC \/ 24V DC<\/p>\n<p>8. Innl\u00f8pslufttrykk: 10-100pSi<\/p>\n<p>9. Utgangslufttrykk: 1-80pSi<\/p>\n<p>10. Totaldimensjon: 235*225*63mm<\/p>\n<p>11. Egenvekt: 2,2 Kg<\/p>\n<p>1. Str\u00f8mbryter: plasseringslyset viser &quot;P\u00e5&quot;, av-lyset viser &quot;Av&quot;<\/p>\n<p>2. Visning av dispenseringstid: Stille inn tid p\u00e5 skjermen<\/p>\n<p>3. Innl\u00f8pslufttrykkregulator: Trekk f\u00f8rst ut, reversering er lavere trykk, ventilasjon er h\u00f8yere trykk<\/p>\n<p>4. Barometer: Visningsomr\u00e5de: 0-100pSi<\/p>\n<p>5. Vakuumkontrollenhet: Reversering er h\u00f8yvakuumpumpe, hastighet er lavvakuumpumpe<\/p>\n<p>6. Testknapp: Under testing kan du bytte ut fotbryteren<\/p>\n<p>7. Dispenseringstidsnummerkodeknapp: Vis innstillingstiden, bruker formen for \u00e5 legge til og trekke fra 00.01S-99.99S<\/p>\n<p>8. Oppringingskodeknapp for tidsintervallinnstilling: Vis innstillingstid, bruker addisjons- og subtraheringsskjema 0.1S-9.9S<\/p>\n<p>9. Doseringsutgangsgrensesnitt: Koble til dispenseringsn\u00e5len.<\/p>\n<p>10. Inngangsgrensesnitt for lufttrykk: Koble til ren h\u00f8ytrykkskilde (kompressor)<\/p>\n<p>11. Dispenseringsmetode: 16 typer gratis<\/p>\n<p>12. Fotkontrollgrensesnitt: Koble til fotbryteren<\/p>\n<p>13. Str\u00f8minntak<\/p>\n<p>14. Rifleholder<\/p>\n<p><strong>INNHOLD:<\/strong><\/p>\n<p>1 <strong>lim dispenser maskin<\/strong><\/p>\n<p>1 fotbryter<\/p>\n<p>1 H\u00e5ndbryter<\/p>\n<p>1 dispenserholder<\/p>\n<p>2 30 cc flytende spr\u00f8yter<\/p>\n<p>1 luftslange til spr\u00f8yte<\/p>\n<p>1 Luftslange til luftkilde<\/p>\n<p>1 n\u00e5lesett i st\u00e5l og plast<\/p>\n<p>1 Str\u00f8mkabel<\/p>\n<p><strong>I denne videoen kan du se driften av maskinen<\/strong><\/p>\n<p><iframe loading=\"lazy\" src=\"https:\/\/www.youtube.com\/embed\/XuHbrKqcgD8\" width=\"560\" height=\"315\" frameborder=\"0\" allowfullscreen=\"allowfullscreen\"><\/iframe><\/p>","protected":false},"excerpt":{"rendered":"<p>Limdoseringsmaskin brukes i forskjellige bransjer, elektronikk, luftfart, optikk, kjemisk, bil, medisinsk behandling, petroleum, emballasje,<\/p>\n<p>Smykke- og maskinindustri.<\/p>\n<p>Maskinene v\u00e5re gjennomg\u00e5r en streng kvalitetskontroll, og garanterer dermed 2\ufe0f\u20e3 \u00e5rs garanti og teknisk st\u00f8tte i tilfelle havari.<\/p>","protected":false},"featured_media":426,"comment_status":"open","ping_status":"closed","template":"","meta":{"wds_primary_product_brand":0,"wds_primary_product_cat":0},"product_brand":[],"product_cat":[18,19,20],"product_tag":[],"class_list":{"0":"post-425","1":"product","2":"type-product","3":"status-publish","4":"has-post-thumbnail","6":"product_cat-dosificadoras","7":"product_cat-dosificadoras-de-liquidos","8":"product_cat-dosificadoras-de-pastosos","10":"first","11":"instock","12":"taxable","13":"shipping-taxable","14":"purchasable","15":"product-type-simple"},"yoast_head":"<!-- This site is optimized with the Yoast SEO Premium plugin v24.9 (Yoast SEO v26.1) - https:\/\/yoast.com\/wordpress\/plugins\/seo\/ -->\n<title>Dosificadora de adhesivo Llenadora Neum\u00e1tica o Semiautom\u00e1tica - distribuci\u00f3n ARC<\/title>\n<meta name=\"robots\" content=\"index, follow, max-snippet:-1, max-image-preview:large, max-video-preview:-1\" \/>\n<link rel=\"canonical\" href=\"https:\/\/distribucionarc.com\/nb\/produkter\/limdoseringsmaskin-halvautomatisk-pneumatisk-fyller\/\" \/>\n<meta property=\"og:locale\" content=\"nb_NO\" \/>\n<meta property=\"og:type\" content=\"article\" \/>\n<meta property=\"og:title\" content=\"Dosificadora de adhesivo Llenadora Neum\u00e1tica o Semiautom\u00e1tica\" \/>\n<meta property=\"og:description\" content=\"M\u00e1quina dosificadora de adhesivo se utilizada en diferentes campos de la industrias, electr\u00f3nica, aviaci\u00f3n, \u00f3ptica, qu\u00edmica, autom\u00f3vil, tratamiento m\u00e9dico, petr\u00f3leo, embalaje,  Industria de joyer\u00eda y maquinaria.  Nuestras m\u00e1quinas pasan un exigente control de calidad de esta forma garantizamos 2\ufe0f\u20e3 a\u00f1os de garant\u00eda y soporte t\u00e9cnico en caso de aver\u00eda\" \/>\n<meta property=\"og:url\" content=\"https:\/\/distribucionarc.com\/nb\/produkter\/limdoseringsmaskin-halvautomatisk-pneumatisk-fyller\/\" \/>\n<meta property=\"og:site_name\" content=\"distribuci\u00f3n ARC\" \/>\n<meta property=\"article:modified_time\" content=\"2023-04-02T10:06:45+00:00\" \/>\n<meta property=\"og:image\" content=\"https:\/\/distribucionarc.com\/wp-content\/uploads\/2020\/04\/dosificadora_de_adesivos_llenadora_neumatica_0.jpg\" \/>\n\t<meta property=\"og:image:width\" content=\"800\" \/>\n\t<meta property=\"og:image:height\" content=\"800\" \/>\n\t<meta property=\"og:image:type\" content=\"image\/jpeg\" \/>\n<meta name=\"twitter:card\" content=\"summary_large_image\" \/>\n<meta name=\"twitter:label1\" content=\"Ansl. lesetid\" \/>\n\t<meta name=\"twitter:data1\" content=\"3 minutter\" \/>\n<script type=\"application\/ld+json\" class=\"yoast-schema-graph\">{\"@context\":\"https:\/\/schema.org\",\"@graph\":[{\"@type\":\"WebPage\",\"@id\":\"https:\/\/distribucionarc.com\/tr\/producto\/dosificadora-de-adesivos-llenadora-neumatica-semiautomatica\/\",\"url\":\"https:\/\/distribucionarc.com\/tr\/producto\/dosificadora-de-adesivos-llenadora-neumatica-semiautomatica\/\",\"name\":\"Dosificadora de adhesivo Llenadora Neum\u00e1tica o Semiautom\u00e1tica - distribuci\u00f3n ARC\",\"isPartOf\":{\"@id\":\"https:\/\/www.distribucionarc.com\/de\/#website\"},\"primaryImageOfPage\":{\"@id\":\"https:\/\/distribucionarc.com\/tr\/producto\/dosificadora-de-adesivos-llenadora-neumatica-semiautomatica\/#primaryimage\"},\"image\":{\"@id\":\"https:\/\/distribucionarc.com\/tr\/producto\/dosificadora-de-adesivos-llenadora-neumatica-semiautomatica\/#primaryimage\"},\"thumbnailUrl\":\"https:\/\/distribucionarc.com\/wp-content\/uploads\/2020\/04\/dosificadora_de_adesivos_llenadora_neumatica_0.jpg\",\"datePublished\":\"2020-04-18T16:38:10+00:00\",\"dateModified\":\"2023-04-02T10:06:45+00:00\",\"breadcrumb\":{\"@id\":\"https:\/\/distribucionarc.com\/tr\/producto\/dosificadora-de-adesivos-llenadora-neumatica-semiautomatica\/#breadcrumb\"},\"inLanguage\":\"nb-NO\",\"potentialAction\":[{\"@type\":\"ReadAction\",\"target\":[\"https:\/\/distribucionarc.com\/tr\/producto\/dosificadora-de-adesivos-llenadora-neumatica-semiautomatica\/\"]}]},{\"@type\":\"ImageObject\",\"inLanguage\":\"nb-NO\",\"@id\":\"https:\/\/distribucionarc.com\/tr\/producto\/dosificadora-de-adesivos-llenadora-neumatica-semiautomatica\/#primaryimage\",\"url\":\"https:\/\/distribucionarc.com\/wp-content\/uploads\/2020\/04\/dosificadora_de_adesivos_llenadora_neumatica_0.jpg\",\"contentUrl\":\"https:\/\/distribucionarc.com\/wp-content\/uploads\/2020\/04\/dosificadora_de_adesivos_llenadora_neumatica_0.jpg\",\"width\":800,\"height\":800},{\"@type\":\"BreadcrumbList\",\"@id\":\"https:\/\/distribucionarc.com\/tr\/producto\/dosificadora-de-adesivos-llenadora-neumatica-semiautomatica\/#breadcrumb\",\"itemListElement\":[{\"@type\":\"ListItem\",\"position\":1,\"name\":\"Portada\",\"item\":\"https:\/\/www.distribucionarc.com\/en\/\"},{\"@type\":\"ListItem\",\"position\":2,\"name\":\"Products\",\"item\":\"https:\/\/www.distribucionarc.com\/en\/shop\/\"},{\"@type\":\"ListItem\",\"position\":3,\"name\":\"Dosificadora de adhesivo Llenadora Neum\u00e1tica o Semiautom\u00e1tica\"}]},{\"@type\":\"WebSite\",\"@id\":\"https:\/\/www.distribucionarc.com\/de\/#website\",\"url\":\"https:\/\/www.distribucionarc.com\/de\/\",\"name\":\"distribuci\u00f3n ARC\",\"description\":\"Empresa especializada en la fabricaci\u00f3n y distribuci\u00f3n de maquinaria industrial, selladoras de latas, Maquinas de hacer pastillas, Maquinas de cortar carne...\",\"publisher\":{\"@id\":\"https:\/\/www.distribucionarc.com\/de\/#organization\"},\"potentialAction\":[{\"@type\":\"SearchAction\",\"target\":{\"@type\":\"EntryPoint\",\"urlTemplate\":\"https:\/\/www.distribucionarc.com\/de\/?s={search_term_string}\"},\"query-input\":{\"@type\":\"PropertyValueSpecification\",\"valueRequired\":true,\"valueName\":\"search_term_string\"}}],\"inLanguage\":\"nb-NO\"},{\"@type\":\"Organization\",\"@id\":\"https:\/\/www.distribucionarc.com\/de\/#organization\",\"name\":\"Distribuci\u00f3n ARC\",\"url\":\"https:\/\/www.distribucionarc.com\/de\/\",\"logo\":{\"@type\":\"ImageObject\",\"inLanguage\":\"nb-NO\",\"@id\":\"https:\/\/www.distribucionarc.com\/de\/#\/schema\/logo\/image\/\",\"url\":\"https:\/\/distribucionarc.com\/wp-content\/uploads\/2024\/10\/distribucion-ARC-COLOR-SIN-FONDO-e1732295305345.png\",\"contentUrl\":\"https:\/\/distribucionarc.com\/wp-content\/uploads\/2024\/10\/distribucion-ARC-COLOR-SIN-FONDO-e1732295305345.png\",\"width\":1164,\"height\":558,\"caption\":\"Distribuci\u00f3n ARC\"},\"image\":{\"@id\":\"https:\/\/www.distribucionarc.com\/de\/#\/schema\/logo\/image\/\"},\"description\":\"Empresa especializada en la fabricaci\u00f3n y distribuci\u00f3n de maquinaria industrial para los sectores alimentario y farmac\u00e9utico. Nos especializamos en: M\u00e1quinas de cortar carne Fabricaci\u00f3n de comprimidos Sistemas de transporte industrial L\u00edneas de embotellado Dosificadores Y mucho m\u00e1s... Ofrecemos soluciones innovadoras y personalizadas para optimizar los procesos productivos de tu empresa.\",\"email\":\"Admistracion@distribucionarc.com\",\"telephone\":\"+34 643496664\",\"legalName\":\"ARC TECH SOLUTIONS\",\"foundingDate\":\"2024-04-09\",\"vatID\":\"B55480172\",\"numberOfEmployees\":{\"@type\":\"QuantitativeValue\",\"minValue\":\"1\",\"maxValue\":\"10\"}}]}<\/script>\n<!-- \/ Yoast SEO Premium plugin. -->","yoast_head_json":{"title":"Limdispenser Pneumatisk eller halvautomatisk fyller - ARC-fordeling","robots":{"index":"index","follow":"follow","max-snippet":"max-snippet:-1","max-image-preview":"max-image-preview:large","max-video-preview":"max-video-preview:-1"},"canonical":"https:\/\/distribucionarc.com\/nb\/produkter\/limdoseringsmaskin-halvautomatisk-pneumatisk-fyller\/","og_locale":"nb_NO","og_type":"article","og_title":"Dosificadora de adhesivo Llenadora Neum\u00e1tica o Semiautom\u00e1tica","og_description":"M\u00e1quina dosificadora de adhesivo se utilizada en diferentes campos de la industrias, electr\u00f3nica, aviaci\u00f3n, \u00f3ptica, qu\u00edmica, autom\u00f3vil, tratamiento m\u00e9dico, petr\u00f3leo, embalaje,  Industria de joyer\u00eda y maquinaria.  Nuestras m\u00e1quinas pasan un exigente control de calidad de esta forma garantizamos 2\ufe0f\u20e3 a\u00f1os de garant\u00eda y soporte t\u00e9cnico en caso de aver\u00eda","og_url":"https:\/\/distribucionarc.com\/nb\/produkter\/limdoseringsmaskin-halvautomatisk-pneumatisk-fyller\/","og_site_name":"distribuci\u00f3n ARC","article_modified_time":"2023-04-02T10:06:45+00:00","og_image":[{"width":800,"height":800,"url":"https:\/\/distribucionarc.com\/wp-content\/uploads\/2020\/04\/dosificadora_de_adesivos_llenadora_neumatica_0.jpg","type":"image\/jpeg"}],"twitter_card":"summary_large_image","twitter_misc":{"Ansl. lesetid":"3 minutter"},"schema":{"@context":"https:\/\/schema.org","@graph":[{"@type":"WebPage","@id":"https:\/\/distribucionarc.com\/tr\/producto\/dosificadora-de-adesivos-llenadora-neumatica-semiautomatica\/","url":"https:\/\/distribucionarc.com\/tr\/producto\/dosificadora-de-adesivos-llenadora-neumatica-semiautomatica\/","name":"Limdispenser Pneumatisk eller halvautomatisk fyller - ARC-fordeling","isPartOf":{"@id":"https:\/\/www.distribucionarc.com\/de\/#website"},"primaryImageOfPage":{"@id":"https:\/\/distribucionarc.com\/tr\/producto\/dosificadora-de-adesivos-llenadora-neumatica-semiautomatica\/#primaryimage"},"image":{"@id":"https:\/\/distribucionarc.com\/tr\/producto\/dosificadora-de-adesivos-llenadora-neumatica-semiautomatica\/#primaryimage"},"thumbnailUrl":"https:\/\/distribucionarc.com\/wp-content\/uploads\/2020\/04\/dosificadora_de_adesivos_llenadora_neumatica_0.jpg","datePublished":"2020-04-18T16:38:10+00:00","dateModified":"2023-04-02T10:06:45+00:00","breadcrumb":{"@id":"https:\/\/distribucionarc.com\/tr\/producto\/dosificadora-de-adesivos-llenadora-neumatica-semiautomatica\/#breadcrumb"},"inLanguage":"nb-NO","potentialAction":[{"@type":"ReadAction","target":["https:\/\/distribucionarc.com\/tr\/producto\/dosificadora-de-adesivos-llenadora-neumatica-semiautomatica\/"]}]},{"@type":"ImageObject","inLanguage":"nb-NO","@id":"https:\/\/distribucionarc.com\/tr\/producto\/dosificadora-de-adesivos-llenadora-neumatica-semiautomatica\/#primaryimage","url":"https:\/\/distribucionarc.com\/wp-content\/uploads\/2020\/04\/dosificadora_de_adesivos_llenadora_neumatica_0.jpg","contentUrl":"https:\/\/distribucionarc.com\/wp-content\/uploads\/2020\/04\/dosificadora_de_adesivos_llenadora_neumatica_0.jpg","width":800,"height":800},{"@type":"BreadcrumbList","@id":"https:\/\/distribucionarc.com\/tr\/producto\/dosificadora-de-adesivos-llenadora-neumatica-semiautomatica\/#breadcrumb","itemListElement":[{"@type":"ListItem","position":1,"name":"Portada","item":"https:\/\/www.distribucionarc.com\/en\/"},{"@type":"ListItem","position":2,"name":"Products","item":"https:\/\/www.distribucionarc.com\/en\/shop\/"},{"@type":"ListItem","position":3,"name":"Dosificadora de adhesivo Llenadora Neum\u00e1tica o Semiautom\u00e1tica"}]},{"@type":"WebSite","@id":"https:\/\/www.distribucionarc.com\/de\/#website","url":"https:\/\/www.distribucionarc.com\/de\/","name":"ARC distribusjon","description":"Selskapet har spesialisert seg p\u00e5 produksjon og distribusjon av industrimaskiner, hermetikkboksforseglingsmaskiner, tablettmaskiner, kj\u00f8ttskj\u00e6remaskiner og...","publisher":{"@id":"https:\/\/www.distribucionarc.com\/de\/#organization"},"potentialAction":[{"@type":"SearchAction","target":{"@type":"EntryPoint","urlTemplate":"https:\/\/www.distribucionarc.com\/de\/?s={search_term_string}"},"query-input":{"@type":"PropertyValueSpecification","valueRequired":true,"valueName":"search_term_string"}}],"inLanguage":"nb-NO"},{"@type":"Organization","@id":"https:\/\/www.distribucionarc.com\/de\/#organization","name":"ARC distribusjon","url":"https:\/\/www.distribucionarc.com\/de\/","logo":{"@type":"ImageObject","inLanguage":"nb-NO","@id":"https:\/\/www.distribucionarc.com\/de\/#\/schema\/logo\/image\/","url":"https:\/\/distribucionarc.com\/wp-content\/uploads\/2024\/10\/distribucion-ARC-COLOR-SIN-FONDO-e1732295305345.png","contentUrl":"https:\/\/distribucionarc.com\/wp-content\/uploads\/2024\/10\/distribucion-ARC-COLOR-SIN-FONDO-e1732295305345.png","width":1164,"height":558,"caption":"Distribuci\u00f3n ARC"},"image":{"@id":"https:\/\/www.distribucionarc.com\/de\/#\/schema\/logo\/image\/"},"description":"Selskap som har spesialisert seg p\u00e5 produksjon og distribusjon av industrimaskiner til n\u00e6ringsmiddel- og farmasisektoren. Vi er spesialister p\u00e5: Kj\u00f8ttskj\u00e6remaskiner Tablettilvirkning Industrielle transportsystemer Tappelinjer Dispensere Og mye mer... Vi tilbyr innovative og skreddersydde l\u00f8sninger for \u00e5 optimalisere bedriftens produksjonsprosesser.","email":"Admistracion@distribucionarc.com","telephone":"+34 643496664","legalName":"ARC TECH SOLUTIONS","foundingDate":"2024-04-09","vatID":"B55480172","numberOfEmployees":{"@type":"QuantitativeValue","minValue":"1","maxValue":"10"}}]}},"_links":{"self":[{"href":"https:\/\/distribucionarc.com\/nb\/wp-json\/wp\/v2\/product\/425","targetHints":{"allow":["GET"]}}],"collection":[{"href":"https:\/\/distribucionarc.com\/nb\/wp-json\/wp\/v2\/product"}],"about":[{"href":"https:\/\/distribucionarc.com\/nb\/wp-json\/wp\/v2\/types\/product"}],"replies":[{"embeddable":true,"href":"https:\/\/distribucionarc.com\/nb\/wp-json\/wp\/v2\/comments?post=425"}],"version-history":[{"count":0,"href":"https:\/\/distribucionarc.com\/nb\/wp-json\/wp\/v2\/product\/425\/revisions"}],"wp:featuredmedia":[{"embeddable":true,"href":"https:\/\/distribucionarc.com\/nb\/wp-json\/wp\/v2\/media\/426"}],"wp:attachment":[{"href":"https:\/\/distribucionarc.com\/nb\/wp-json\/wp\/v2\/media?parent=425"}],"wp:term":[{"taxonomy":"product_brand","embeddable":true,"href":"https:\/\/distribucionarc.com\/nb\/wp-json\/wp\/v2\/product_brand?post=425"},{"taxonomy":"product_cat","embeddable":true,"href":"https:\/\/distribucionarc.com\/nb\/wp-json\/wp\/v2\/product_cat?post=425"},{"taxonomy":"product_tag","embeddable":true,"href":"https:\/\/distribucionarc.com\/nb\/wp-json\/wp\/v2\/product_tag?post=425"}],"curies":[{"name":"wp","href":"https:\/\/api.w.org\/{rel}","templated":true}]}}