{"id":4250,"date":"2021-01-26T11:00:28","date_gmt":"2021-01-26T11:00:28","guid":{"rendered":"https:\/\/distribucionarc.com\/?post_type=product&#038;p=4250"},"modified":"2021-01-26T11:00:28","modified_gmt":"2021-01-26T11:00:28","slug":"matvarmekonserveringslampe","status":"publish","type":"product","link":"https:\/\/distribucionarc.com\/nb\/producto\/lampara-conservadora-de-calor-para-alimentos\/","title":{"rendered":"Lampe for konservering av matvarme"},"content":{"rendered":"<h2>Lampe for konservering av matvarme<\/h2>\n<p>V\u00e5r <strong>kommersiell varmelampe <span style=\"color: #ff0000;\">TIL<\/span><span style=\"color: #0000ff;\">R<\/span>CLCA60<\/strong> Den er laget av h\u00f8yfaste rustfrie st\u00e5lmaterialer, med b\u00f8rstet finish, helsveiset for god holdbarhet. Den er tilgjengelig fra tre sider. De <strong>varm lampe til mat <\/strong>Den er utstyrt med et perforert flatt avl\u00f8p og dryppbrett for \u00e5 drenere overfl\u00f8dig olje fra stekt mat; Avtakbar for rask og enkel rengj\u00f8ring. De <strong>stekt kyllingvarmerbunn<\/strong> Den har et brett i rustfritt st\u00e5l for en rekke matvarer; med dimensjoner p\u00e5 525 x 325 x 65 mm. i tillegg,. Alle deler er avtagbare for enkel rengj\u00f8ring.<\/p>\n<p>Elementene<strong> infrar\u00f8de varmeovner<\/strong> U-formede g\u00e5r de gjennom hele den \u00f8vre delen av <strong>varmeeffektlampe<span style=\"color: #ff0000;\"> TIL<\/span><span style=\"color: #0000ff;\">R<\/span>CLCA60<\/strong>, slik at de avgir mer jevn varmefordeling, ogs\u00e5 for \u00e5 oppn\u00e5 rask oppvarming og h\u00f8y effektivitet.<\/p>\n<p>Dette<strong> Pommes frites brett<\/strong> En termostabil p\u00e6re med varmt lys er festet p\u00e5 toppen, og lyser opp matomr\u00e5det slik at du kan se maten tydelig mens du lar den stekte maten utstr\u00e5le en attraktiv farge. Dette <strong>stek varmere varmelampe<\/strong> Den er perfekt for \u00e5 holde pommes frites, l\u00f8kringer, stekt kylling, pizza, ostefingre og mer ved en passende temperatur, fra 30 \u2103 til 85 \u2103. Bidrar til \u00e5 holde maten varm, smakfull og spr\u00f8.<\/p>\n<h6>Garanti<strong>\u00a0<span style=\"color: #ff0000;\">TIL<\/span><span style=\"color: #0000ff;\">R<\/span>C 2 \u00c5R<\/strong><\/h6>\n<h6><span style=\"color: #008000;\">Matkonserveringslampe, effektiv lavt forbruk 800w<\/span><\/h6>\n<h6>teknisk st\u00f8tte inkludert<\/h6>\n<p>&nbsp;<\/p>\n<p>&nbsp;<\/p>\n<table role=\"presentation\" width=\"100%\" cellspacing=\"0\" cellpadding=\"0\">\n<tbody>\n<tr>\n<td class=\"attrLabels\">Merke:<\/td>\n<td width=\"50.0%\">BUE<\/td>\n<\/tr>\n<tr>\n<td class=\"attrLabels\">Garanti:<\/td>\n<td width=\"50.0%\">2 \u00e5r<\/td>\n<td class=\"attrLabels\">Vekt:<\/td>\n<td width=\"50.0%\">6 kg<\/td>\n<\/tr>\n<tr>\n<td class=\"attrLabels\">Distribusjonsland:<\/td>\n<td width=\"50.0%\">Spania, Tyskland, USA<\/td>\n<td class=\"attrLabels\">H\u00f8yde:<\/td>\n<td width=\"50.0%\">60,5 cm<\/td>\n<\/tr>\n<tr>\n<td class=\"attrLabels\">Farge:<\/td>\n<td width=\"50.0%\">S\u00f8lv<\/td>\n<td class=\"attrLabels\">Lang:<\/td>\n<td width=\"50.0%\">55 cm<\/td>\n<\/tr>\n<tr>\n<td class=\"attrLabels\">Produkttype:<\/td>\n<td width=\"50.0%\">Oppvarmet matbrett<\/td>\n<td class=\"attrLabels\">Bred:<\/td>\n<td width=\"50.0%\">\u00a034,2 cm<\/td>\n<\/tr>\n<tr>\n<td class=\"attrLabels\">Produsentnummer:<\/td>\n<td width=\"50.0%\">ARCLCA60<\/td>\n<td class=\"attrLabels\">Oppvarmet brett:<\/td>\n<td width=\"50.0%\">52,5 x 32,5 x 6,5 cm<\/td>\n<\/tr>\n<tr>\n<td class=\"attrLabels\">Materiale:<\/td>\n<td width=\"50.0%\">rustfritt st\u00e5l, infrar\u00f8d lampe, infrar\u00f8d U-varmer, dryppbrett<\/td>\n<td class=\"attrLabels\">Temperaturomr\u00e5de:<\/td>\n<td width=\"50.0%\">30\u00baC \u2013 85\u00baC<\/td>\n<\/tr>\n<tr>\n<td class=\"attrLabels\">Makt:<\/td>\n<td width=\"50.0%\">800W<\/td>\n<td class=\"attrLabels\">Verkt\u00f8y:<\/td>\n<td width=\"50.0%\">Ja<\/td>\n<\/tr>\n<tr>\n<td class=\"attrLabels\">Spenning:<\/td>\n<td width=\"50.0%\">220V 50Hz til 60Hz<\/td>\n<td class=\"attrLabels\"><\/td>\n<td width=\"50.0%\"><\/td>\n<\/tr>\n<\/tbody>\n<\/table>","protected":false},"excerpt":{"rendered":"<h2>Lampe for konservering av matvarme<\/h2>\n<p>V\u00e5r <strong>infrar\u00f8d lampe for poteter <span style=\"color: #ff0000;\">TIL<\/span><span style=\"color: #0000ff;\">R<\/span>c<\/strong> Den er konstruert av rustfritt st\u00e5l med h\u00f8y motstand med utmerket holdbarhet og hygiene. Dette <strong>varmekonserveringsmiddel for stekt mat<\/strong> Hjelper deg med enkel tilgang til mat fra tre sider. Grunnlaget for dette <strong>infrar\u00f8d varmeovn<\/strong> <strong><span style=\"color: #ff0000;\">TIL<\/span><span style=\"color: #0000ff;\">R<\/span>CLCA60<\/strong> Leveres med et avtakbart matbrett med perforert avl\u00f8psbrett for drenering av overfl\u00f8dig fett. Elementene<strong> infrar\u00f8de varmeovner<\/strong> U-formet leverer varme for \u00e5 holde stekt mat varm og spr\u00f8. Dette <strong>varmebevarende lampe<\/strong> Den er perfekt for konservering av pommes frites, l\u00f8kringer, stekt kylling, etc. Med all sin smak og tekstur.<\/p>\n<h6>Garanti<strong>\u00a0<span style=\"color: #ff0000;\">TIL<\/span><span style=\"color: #0000ff;\">R<\/span>C 2 \u00c5R<\/strong><\/h6>\n<h6><span style=\"color: #008000;\">Matkonserveringslampe, effektiv lavt forbruk 800w<\/span><\/h6>\n<h6>teknisk st\u00f8tte inkludert.<\/h6>","protected":false},"featured_media":4251,"comment_status":"open","ping_status":"closed","template":"","meta":{"wds_primary_product_brand":0,"wds_primary_product_cat":0},"product_brand":[],"product_cat":[41],"product_tag":[],"class_list":{"0":"post-4250","1":"product","2":"type-product","3":"status-publish","4":"has-post-thumbnail","6":"product_cat-expositor-de-alimentos","7":"product_shipping_class-hosteleria","9":"first","10":"instock","11":"sale","12":"taxable","13":"shipping-taxable","14":"purchasable","15":"product-type-simple"},"yoast_head":"<!-- This site is optimized with the Yoast SEO Premium plugin v24.9 (Yoast SEO v26.1) - https:\/\/yoast.com\/wordpress\/plugins\/seo\/ -->\n<title>L\u00e1mpara conservadora de calor para alimentos - distribuci\u00f3n ARC<\/title>\n<meta name=\"robots\" content=\"index, follow, max-snippet:-1, max-image-preview:large, max-video-preview:-1\" \/>\n<link rel=\"canonical\" href=\"https:\/\/distribucionarc.com\/nb\/produkter\/matvarmekonserveringslampe\/\" \/>\n<meta property=\"og:locale\" content=\"nb_NO\" \/>\n<meta property=\"og:type\" content=\"article\" \/>\n<meta property=\"og:title\" content=\"L\u00e1mpara conservadora de calor para alimentos\" \/>\n<meta property=\"og:description\" content=\"L\u00e1mpara conservadora de calor para alimentos Nuestra l\u00e1mpara infrarroja para patatas ARC est\u00e1 construida en acero inoxidable de alta resistencia con una excelente durabilidad e higiene. Este conservador de calor para fritos le ayuda a realizar un f\u00e1cil acceso a la comida desde los tres lados. La base de esta Calentador de infrarrojos ARCLCA60 viene con una bandeja de comida desmontable con una tabla de drenaje perforada para el drenaje del exceso de grasa. Los elementos calefactores infrarrojos en forma de U entregan el calor para mantener los alimentos fritos calientes y crujientes. Esta l\u00e1mpara conservadora de calor es perfecto para conservar las patatas fritas, aros de cebolla, pollo frito, etc. Con todo su sabor y textura. Garant\u00eda\u00a0ARC 2 A\u00d1OS L\u00e1mpara conservadora de alimentos, eficiente bajo consumo 800w soporte t\u00e9cnico\u00a0incluido.\" \/>\n<meta property=\"og:url\" content=\"https:\/\/distribucionarc.com\/nb\/produkter\/matvarmekonserveringslampe\/\" \/>\n<meta property=\"og:site_name\" content=\"distribuci\u00f3n ARC\" \/>\n<meta property=\"og:image\" content=\"https:\/\/distribucionarc.com\/wp-content\/uploads\/2021\/01\/Lampara-conservadora-de-calor-para-alimentos-0.jpg\" \/>\n\t<meta property=\"og:image:width\" content=\"1469\" \/>\n\t<meta property=\"og:image:height\" content=\"1500\" \/>\n\t<meta property=\"og:image:type\" content=\"image\/jpeg\" \/>\n<meta name=\"twitter:card\" content=\"summary_large_image\" \/>\n<meta name=\"twitter:label1\" content=\"Ansl. lesetid\" \/>\n\t<meta name=\"twitter:data1\" content=\"2 minutter\" \/>\n<script type=\"application\/ld+json\" class=\"yoast-schema-graph\">{\"@context\":\"https:\/\/schema.org\",\"@graph\":[{\"@type\":\"WebPage\",\"@id\":\"https:\/\/distribucionarc.com\/nb\/producto\/lampara-conservadora-de-calor-para-alimentos\/\",\"url\":\"https:\/\/distribucionarc.com\/nb\/producto\/lampara-conservadora-de-calor-para-alimentos\/\",\"name\":\"L\u00e1mpara conservadora de calor para alimentos - distribuci\u00f3n ARC\",\"isPartOf\":{\"@id\":\"https:\/\/distribucionarc.com\/ro\/#website\"},\"primaryImageOfPage\":{\"@id\":\"https:\/\/distribucionarc.com\/nb\/producto\/lampara-conservadora-de-calor-para-alimentos\/#primaryimage\"},\"image\":{\"@id\":\"https:\/\/distribucionarc.com\/nb\/producto\/lampara-conservadora-de-calor-para-alimentos\/#primaryimage\"},\"thumbnailUrl\":\"https:\/\/distribucionarc.com\/wp-content\/uploads\/2021\/01\/Lampara-conservadora-de-calor-para-alimentos-0.jpg\",\"datePublished\":\"2021-01-26T11:00:28+00:00\",\"breadcrumb\":{\"@id\":\"https:\/\/distribucionarc.com\/nb\/producto\/lampara-conservadora-de-calor-para-alimentos\/#breadcrumb\"},\"inLanguage\":\"nb-NO\",\"potentialAction\":[{\"@type\":\"ReadAction\",\"target\":[\"https:\/\/distribucionarc.com\/nb\/producto\/lampara-conservadora-de-calor-para-alimentos\/\"]}]},{\"@type\":\"ImageObject\",\"inLanguage\":\"nb-NO\",\"@id\":\"https:\/\/distribucionarc.com\/nb\/producto\/lampara-conservadora-de-calor-para-alimentos\/#primaryimage\",\"url\":\"https:\/\/distribucionarc.com\/wp-content\/uploads\/2021\/01\/Lampara-conservadora-de-calor-para-alimentos-0.jpg\",\"contentUrl\":\"https:\/\/distribucionarc.com\/wp-content\/uploads\/2021\/01\/Lampara-conservadora-de-calor-para-alimentos-0.jpg\",\"width\":1469,\"height\":1500,\"caption\":\"L\u00e1mpara conservadora de calor para alimentos\"},{\"@type\":\"BreadcrumbList\",\"@id\":\"https:\/\/distribucionarc.com\/nb\/producto\/lampara-conservadora-de-calor-para-alimentos\/#breadcrumb\",\"itemListElement\":[{\"@type\":\"ListItem\",\"position\":1,\"name\":\"Portada\",\"item\":\"https:\/\/distribucionarc.com\/ar\/\"},{\"@type\":\"ListItem\",\"position\":2,\"name\":\"Proizvodi\",\"item\":\"https:\/\/www.distribucionarc.com\/hr\/ducan\/\"},{\"@type\":\"ListItem\",\"position\":3,\"name\":\"L\u00e1mpara conservadora de calor para alimentos\"}]},{\"@type\":\"WebSite\",\"@id\":\"https:\/\/distribucionarc.com\/ro\/#website\",\"url\":\"https:\/\/distribucionarc.com\/ro\/\",\"name\":\"distribuci\u00f3n ARC\",\"description\":\"Empresa especializada en la fabricaci\u00f3n y distribuci\u00f3n de maquinaria industrial, selladoras de latas, Maquinas de hacer pastillas, Maquinas de cortar carne...\",\"publisher\":{\"@id\":\"https:\/\/distribucionarc.com\/ro\/#organization\"},\"potentialAction\":[{\"@type\":\"SearchAction\",\"target\":{\"@type\":\"EntryPoint\",\"urlTemplate\":\"https:\/\/distribucionarc.com\/ro\/?s={search_term_string}\"},\"query-input\":{\"@type\":\"PropertyValueSpecification\",\"valueRequired\":true,\"valueName\":\"search_term_string\"}}],\"inLanguage\":\"nb-NO\"},{\"@type\":\"Organization\",\"@id\":\"https:\/\/distribucionarc.com\/ro\/#organization\",\"name\":\"Distribuci\u00f3n ARC\",\"url\":\"https:\/\/distribucionarc.com\/ro\/\",\"logo\":{\"@type\":\"ImageObject\",\"inLanguage\":\"nb-NO\",\"@id\":\"https:\/\/distribucionarc.com\/ro\/#\/schema\/logo\/image\/\",\"url\":\"https:\/\/distribucionarc.com\/wp-content\/uploads\/2024\/10\/distribucion-ARC-COLOR-SIN-FONDO-e1732295305345.png\",\"contentUrl\":\"https:\/\/distribucionarc.com\/wp-content\/uploads\/2024\/10\/distribucion-ARC-COLOR-SIN-FONDO-e1732295305345.png\",\"width\":1164,\"height\":558,\"caption\":\"Distribuci\u00f3n ARC\"},\"image\":{\"@id\":\"https:\/\/distribucionarc.com\/ro\/#\/schema\/logo\/image\/\"},\"description\":\"Empresa especializada en la fabricaci\u00f3n y distribuci\u00f3n de maquinaria industrial para los sectores alimentario y farmac\u00e9utico. Nos especializamos en: M\u00e1quinas de cortar carne Fabricaci\u00f3n de comprimidos Sistemas de transporte industrial L\u00edneas de embotellado Dosificadores Y mucho m\u00e1s... Ofrecemos soluciones innovadoras y personalizadas para optimizar los procesos productivos de tu empresa.\",\"email\":\"Admistracion@distribucionarc.com\",\"telephone\":\"+34 643496664\",\"legalName\":\"ARC TECH SOLUTIONS\",\"foundingDate\":\"2024-04-09\",\"vatID\":\"B55480172\",\"numberOfEmployees\":{\"@type\":\"QuantitativeValue\",\"minValue\":\"1\",\"maxValue\":\"10\"}}]}<\/script>\n<!-- \/ Yoast SEO Premium plugin. -->","yoast_head_json":{"title":"Matvarmekonserveringslampe - ARC-fordeling","robots":{"index":"index","follow":"follow","max-snippet":"max-snippet:-1","max-image-preview":"max-image-preview:large","max-video-preview":"max-video-preview:-1"},"canonical":"https:\/\/distribucionarc.com\/nb\/produkter\/matvarmekonserveringslampe\/","og_locale":"nb_NO","og_type":"article","og_title":"L\u00e1mpara conservadora de calor para alimentos","og_description":"L\u00e1mpara conservadora de calor para alimentos Nuestra l\u00e1mpara infrarroja para patatas ARC est\u00e1 construida en acero inoxidable de alta resistencia con una excelente durabilidad e higiene. Este conservador de calor para fritos le ayuda a realizar un f\u00e1cil acceso a la comida desde los tres lados. La base de esta Calentador de infrarrojos ARCLCA60 viene con una bandeja de comida desmontable con una tabla de drenaje perforada para el drenaje del exceso de grasa. Los elementos calefactores infrarrojos en forma de U entregan el calor para mantener los alimentos fritos calientes y crujientes. Esta l\u00e1mpara conservadora de calor es perfecto para conservar las patatas fritas, aros de cebolla, pollo frito, etc. Con todo su sabor y textura. Garant\u00eda\u00a0ARC 2 A\u00d1OS L\u00e1mpara conservadora de alimentos, eficiente bajo consumo 800w soporte t\u00e9cnico\u00a0incluido.","og_url":"https:\/\/distribucionarc.com\/nb\/produkter\/matvarmekonserveringslampe\/","og_site_name":"distribuci\u00f3n ARC","og_image":[{"width":1469,"height":1500,"url":"https:\/\/distribucionarc.com\/wp-content\/uploads\/2021\/01\/Lampara-conservadora-de-calor-para-alimentos-0.jpg","type":"image\/jpeg"}],"twitter_card":"summary_large_image","twitter_misc":{"Ansl. lesetid":"2 minutter"},"schema":{"@context":"https:\/\/schema.org","@graph":[{"@type":"WebPage","@id":"https:\/\/distribucionarc.com\/nb\/producto\/lampara-conservadora-de-calor-para-alimentos\/","url":"https:\/\/distribucionarc.com\/nb\/producto\/lampara-conservadora-de-calor-para-alimentos\/","name":"Matvarmekonserveringslampe - ARC-fordeling","isPartOf":{"@id":"https:\/\/distribucionarc.com\/ro\/#website"},"primaryImageOfPage":{"@id":"https:\/\/distribucionarc.com\/nb\/producto\/lampara-conservadora-de-calor-para-alimentos\/#primaryimage"},"image":{"@id":"https:\/\/distribucionarc.com\/nb\/producto\/lampara-conservadora-de-calor-para-alimentos\/#primaryimage"},"thumbnailUrl":"https:\/\/distribucionarc.com\/wp-content\/uploads\/2021\/01\/Lampara-conservadora-de-calor-para-alimentos-0.jpg","datePublished":"2021-01-26T11:00:28+00:00","breadcrumb":{"@id":"https:\/\/distribucionarc.com\/nb\/producto\/lampara-conservadora-de-calor-para-alimentos\/#breadcrumb"},"inLanguage":"nb-NO","potentialAction":[{"@type":"ReadAction","target":["https:\/\/distribucionarc.com\/nb\/producto\/lampara-conservadora-de-calor-para-alimentos\/"]}]},{"@type":"ImageObject","inLanguage":"nb-NO","@id":"https:\/\/distribucionarc.com\/nb\/producto\/lampara-conservadora-de-calor-para-alimentos\/#primaryimage","url":"https:\/\/distribucionarc.com\/wp-content\/uploads\/2021\/01\/Lampara-conservadora-de-calor-para-alimentos-0.jpg","contentUrl":"https:\/\/distribucionarc.com\/wp-content\/uploads\/2021\/01\/Lampara-conservadora-de-calor-para-alimentos-0.jpg","width":1469,"height":1500,"caption":"L\u00e1mpara conservadora de calor para alimentos"},{"@type":"BreadcrumbList","@id":"https:\/\/distribucionarc.com\/nb\/producto\/lampara-conservadora-de-calor-para-alimentos\/#breadcrumb","itemListElement":[{"@type":"ListItem","position":1,"name":"Portada","item":"https:\/\/distribucionarc.com\/ar\/"},{"@type":"ListItem","position":2,"name":"Proizvodi","item":"https:\/\/www.distribucionarc.com\/hr\/ducan\/"},{"@type":"ListItem","position":3,"name":"L\u00e1mpara conservadora de calor para alimentos"}]},{"@type":"WebSite","@id":"https:\/\/distribucionarc.com\/ro\/#website","url":"https:\/\/distribucionarc.com\/ro\/","name":"ARC distribusjon","description":"Selskapet har spesialisert seg p\u00e5 produksjon og distribusjon av industrimaskiner, hermetikkboksforseglingsmaskiner, tablettmaskiner, kj\u00f8ttskj\u00e6remaskiner og...","publisher":{"@id":"https:\/\/distribucionarc.com\/ro\/#organization"},"potentialAction":[{"@type":"SearchAction","target":{"@type":"EntryPoint","urlTemplate":"https:\/\/distribucionarc.com\/ro\/?s={search_term_string}"},"query-input":{"@type":"PropertyValueSpecification","valueRequired":true,"valueName":"search_term_string"}}],"inLanguage":"nb-NO"},{"@type":"Organization","@id":"https:\/\/distribucionarc.com\/ro\/#organization","name":"ARC distribusjon","url":"https:\/\/distribucionarc.com\/ro\/","logo":{"@type":"ImageObject","inLanguage":"nb-NO","@id":"https:\/\/distribucionarc.com\/ro\/#\/schema\/logo\/image\/","url":"https:\/\/distribucionarc.com\/wp-content\/uploads\/2024\/10\/distribucion-ARC-COLOR-SIN-FONDO-e1732295305345.png","contentUrl":"https:\/\/distribucionarc.com\/wp-content\/uploads\/2024\/10\/distribucion-ARC-COLOR-SIN-FONDO-e1732295305345.png","width":1164,"height":558,"caption":"Distribuci\u00f3n ARC"},"image":{"@id":"https:\/\/distribucionarc.com\/ro\/#\/schema\/logo\/image\/"},"description":"Selskap som har spesialisert seg p\u00e5 produksjon og distribusjon av industrimaskiner til n\u00e6ringsmiddel- og farmasisektoren. Vi er spesialister p\u00e5: Kj\u00f8ttskj\u00e6remaskiner Tablettilvirkning Industrielle transportsystemer Tappelinjer Dispensere Og mye mer... Vi tilbyr innovative og skreddersydde l\u00f8sninger for \u00e5 optimalisere bedriftens produksjonsprosesser.","email":"Admistracion@distribucionarc.com","telephone":"+34 643496664","legalName":"ARC TECH SOLUTIONS","foundingDate":"2024-04-09","vatID":"B55480172","numberOfEmployees":{"@type":"QuantitativeValue","minValue":"1","maxValue":"10"}}]}},"_links":{"self":[{"href":"https:\/\/distribucionarc.com\/nb\/wp-json\/wp\/v2\/product\/4250","targetHints":{"allow":["GET"]}}],"collection":[{"href":"https:\/\/distribucionarc.com\/nb\/wp-json\/wp\/v2\/product"}],"about":[{"href":"https:\/\/distribucionarc.com\/nb\/wp-json\/wp\/v2\/types\/product"}],"replies":[{"embeddable":true,"href":"https:\/\/distribucionarc.com\/nb\/wp-json\/wp\/v2\/comments?post=4250"}],"version-history":[{"count":0,"href":"https:\/\/distribucionarc.com\/nb\/wp-json\/wp\/v2\/product\/4250\/revisions"}],"wp:featuredmedia":[{"embeddable":true,"href":"https:\/\/distribucionarc.com\/nb\/wp-json\/wp\/v2\/media\/4251"}],"wp:attachment":[{"href":"https:\/\/distribucionarc.com\/nb\/wp-json\/wp\/v2\/media?parent=4250"}],"wp:term":[{"taxonomy":"product_brand","embeddable":true,"href":"https:\/\/distribucionarc.com\/nb\/wp-json\/wp\/v2\/product_brand?post=4250"},{"taxonomy":"product_cat","embeddable":true,"href":"https:\/\/distribucionarc.com\/nb\/wp-json\/wp\/v2\/product_cat?post=4250"},{"taxonomy":"product_tag","embeddable":true,"href":"https:\/\/distribucionarc.com\/nb\/wp-json\/wp\/v2\/product_tag?post=4250"}],"curies":[{"name":"wp","href":"https:\/\/api.w.org\/{rel}","templated":true}]}}