{"id":4260,"date":"2021-01-27T09:18:15","date_gmt":"2021-01-27T09:18:15","guid":{"rendered":"https:\/\/distribucionarc.com\/?post_type=product&#038;p=4260"},"modified":"2023-02-24T11:02:56","modified_gmt":"2023-02-24T11:02:56","slug":"doseringsfyller-med-automatisk-forsegling-for-konvolutter","status":"publish","type":"product","link":"https:\/\/distribucionarc.com\/nb\/producto\/llenadora-dosificador-con-sellado-automatico-para-sobres\/","title":{"rendered":"Fyller, dispenser med automatisk forsegling for konvolutter"},"content":{"rendered":"<h3>Fyller, dispenser med automatisk forsegling for konvolutter<\/h3>\n<p>De <strong>automatisk fyller med tetning for v\u00e6sker <span style=\"color: #ff0000;\">TIL<\/span><span style=\"color: #0000ff;\">R<\/span>c<\/strong> Den inneholder alt som er n\u00f8dvendig for \u00e5 utf\u00f8re en kjedeprosess med dosering, forsegling og kutting av poser fra 3 til 100 g. Dette <strong>posepakkemaskin<\/strong> inneholder: en spesialisert selvsugende pumpe for \u00e5 sikre hygienen og kvaliteten p\u00e5 produktet ditt. Omr\u00f8ring for \u00e5 unng\u00e5 luftlommer i produktet, automatisk fylling, forsegling og skj\u00e6ring som lar deg jobbe uanstrengt.<\/p>\n<p>Dette<strong> forseglingsdispenser <span style=\"color: #ff0000;\">TIL<\/span><span style=\"color: #0000ff;\">R<\/span>CDS3-100<\/strong> Den er laget av slitesterkt rustfritt st\u00e5lmateriale. Alle materialer som kommer i kontakt med produktet er anti-korrosive og motstandsdyktige mot oksidasjon, i tillegg til \u00e5 v\u00e6re regulatoriske for emballasje i farmas\u00f8ytisk, mat, kjemisk, etc. industri. Takket v\u00e6re materialene i denne <strong>millimeter konvoluttpresse<\/strong> De gj\u00f8r det ekstremt enkelt \u00e5 rengj\u00f8re og vedlikeholde for dosering av forskjellige produkter.<\/p>\n<p>Sammenlignet med andre, v\u00e5r <strong>tetningsfyllstoff <span style=\"color: #ff0000;\">TIL<\/span><span style=\"color: #0000ff;\">R<\/span>CDS3-100<\/strong> Den har elektrisk krymping, i stand til \u00e5 forsegle flere poser med ulike typer lukking med fyllomr\u00e5der p\u00e5 3-100g, i tillegg til \u00e5 kunne forsegle med en raskere hastighet p\u00e5 20-40 poser\/min. Avansert importert mikrodatamaskinkontrollteknologi brukes p\u00e5 dette <strong>forseglingspakkemaskin<\/strong> \u00e5 skille og pakke n\u00f8yaktig og automatisk. Du kan kontrollere hele denne prosessen gjennom kontrollpanelet til den termisk lukkede dispenseren for \u00e5 endre hastigheten, fylleomr\u00e5det og typen lukking.<\/p>\n<ul>\n<li>Konvoluttomr\u00e5de: 1-200g<\/li>\n<li>Pakkehastighet: 20-40 poser\/min<\/li>\n<li>Filmbredde: 12,5 cm<\/li>\n<li>Veskelengde: 0-15 cm (justerbar)<\/li>\n<\/ul>\n<h6><strong>Garanti\u00a0<span style=\"color: #ff0000;\">TIL<\/span><span style=\"color: #0000ff;\">R<\/span>C 2 \u00c5R<\/strong><\/h6>\n<h6><span style=\"color: #008000;\">Effektiv line\u00e6r konvoluttfyller, lavt forbruk 300W<\/span><\/h6>\n<h6><strong>teknisk st\u00f8tte inkludert<\/strong><\/h6>\n<p>&nbsp;<\/p>\n<table role=\"presentation\" width=\"100%\" cellspacing=\"0\" cellpadding=\"0\">\n<tbody>\n<tr>\n<td class=\"attrLabels\">Merke:<\/td>\n<td width=\"50.0%\">BUE<\/td>\n<\/tr>\n<tr>\n<td class=\"attrLabels\">Garanti:<\/td>\n<td width=\"50.0%\">2 \u00e5r<\/td>\n<td class=\"attrLabels\">Vekt:<\/td>\n<td width=\"50.0%\">36 kg<\/td>\n<\/tr>\n<tr>\n<td class=\"attrLabels\">Distribusjonsland:<\/td>\n<td width=\"50.0%\">Spania, Tyskland, USA<\/td>\n<td class=\"attrLabels\">H\u00f8yde:<\/td>\n<td width=\"50.0%\">95 cm<\/td>\n<\/tr>\n<tr>\n<td class=\"attrLabels\">Farge:<\/td>\n<td width=\"50.0%\">S\u00f8lv<\/td>\n<td class=\"attrLabels\">Lang:<\/td>\n<td width=\"50.0%\">53 cm<\/td>\n<\/tr>\n<tr>\n<td class=\"attrLabels\">Produkttype:<\/td>\n<td width=\"50.0%\">Dispenser med varmeforsegler<\/td>\n<td class=\"attrLabels\">Bred:<\/td>\n<td width=\"50.0%\">42 cm<\/td>\n<\/tr>\n<tr>\n<td class=\"attrLabels\">Produsentnummer:<\/td>\n<td width=\"50.0%\">ARCDS3-100<\/td>\n<td class=\"attrLabels\">Fyllingsomr\u00e5de:<\/td>\n<td width=\"50.0%\">1 \u2013 200 g<\/td>\n<\/tr>\n<tr>\n<td class=\"attrLabels\">Materiale:<\/td>\n<td width=\"50.0%\">304 mat rustfritt st\u00e5l<\/td>\n<td class=\"attrLabels\">Fyllingshastighet:<\/td>\n<td width=\"50.0%\">20 \u2013 40 poser\/min<\/td>\n<\/tr>\n<tr>\n<td class=\"attrLabels\">Operasjon:<\/td>\n<td width=\"50.0%\">Energisk<\/td>\n<td class=\"attrLabels\">Veskelengde:<\/td>\n<td width=\"50.0%\">0-15 cm justerbar<\/td>\n<\/tr>\n<tr>\n<td class=\"attrLabels\">Elektrisk forbruk:<\/td>\n<td width=\"50.0%\">300W<\/td>\n<td class=\"attrLabels\">Spenning:<\/td>\n<td width=\"50.0%\">220V 50Hz<\/td>\n<\/tr>\n<\/tbody>\n<\/table>","protected":false},"excerpt":{"rendered":"<h2>Fyller, dispenser med automatisk forsegling for konvolutter<\/h2>\n<p>Dette <strong>Konvoluttdispenser <span style=\"color: #ff0000;\">TIL<\/span><span style=\"color: #0000ff;\">R<\/span>c<\/strong> Den er egnet for millimeterpakking av v\u00e6sker eller sauser som olje, ketchup, syltet\u00f8y, honning, salatdressing, eddik, meieridrikk, kondensert melk, honning.<\/p>\n<p>Dette<strong> krem fyllstoff<\/strong> Det letter den line\u00e6re prosessen for \u00e5 \u00f8ke produksjonen og komforten din siden den tar i bruk et automatisk kontrollsystem med mikrodatamaskiner som sikrer en presis og h\u00f8yhastighets fyllingsprosess, i tillegg til \u00e5 lage et presist kutt for \u00e5 bevare kjedeprosessen og prosessen opp til <strong>40 poser per minutt<\/strong>. Dette <strong>automatisk forseglingspakkemaskin <span style=\"color: #ff0000;\">TIL<\/span><span style=\"color: #0000ff;\">R<\/span>c<\/strong> Den kan tilpasse seg forskjellige tettheter og produkter for \u00e5 lette fylling og forsegling av forskjellige sauser, kremer, syltet\u00f8y, sm\u00f8r, oljer, pastaer, etc.<\/p>\n<h6><strong>Garanti\u00a0<span style=\"color: #ff0000;\">TIL<\/span><span style=\"color: #0000ff;\">R<\/span>C 2 \u00c5R<\/strong><\/h6>\n<h6><span style=\"color: #008000;\">Effektiv line\u00e6r konvoluttfyller, lavt forbruk 300W<\/span><\/h6>\n<h6><strong>teknisk st\u00f8tte inkludert<\/strong><\/h6>\n<p>&nbsp;<\/p>","protected":false},"featured_media":4262,"comment_status":"open","ping_status":"closed","template":"","meta":{"wds_primary_product_brand":0,"wds_primary_product_cat":0},"product_brand":[],"product_cat":[18,19,20,15,27],"product_tag":[],"class_list":{"0":"post-4260","1":"product","2":"type-product","3":"status-publish","4":"has-post-thumbnail","6":"product_cat-dosificadoras","7":"product_cat-dosificadoras-de-liquidos","8":"product_cat-dosificadoras-de-pastosos","9":"product_cat-llenadoras-y-selladoras-automaticas-flow-pack-sachet","10":"product_cat-selladoras-de-bolsas","11":"product_shipping_class-express","13":"first","14":"instock","15":"sale","16":"taxable","17":"shipping-taxable","18":"purchasable","19":"product-type-simple"},"yoast_head":"<!-- This site is optimized with the Yoast SEO Premium plugin v24.9 (Yoast SEO v26.1) - https:\/\/yoast.com\/wordpress\/plugins\/seo\/ -->\n<title>Llenadora, dosificador con sellado autom\u00e1tico para sobres - distribuci\u00f3n ARC<\/title>\n<meta name=\"robots\" content=\"index, follow, max-snippet:-1, max-image-preview:large, max-video-preview:-1\" \/>\n<link rel=\"canonical\" href=\"https:\/\/www.distribucionarc.com\/sl\/producto\/llenadora-dosificador-con-sellado-automatico-para-sobres\/\" \/>\n<meta property=\"og:locale\" content=\"nb_NO\" \/>\n<meta property=\"og:type\" content=\"article\" \/>\n<meta property=\"og:title\" content=\"Llenadora, dosificador con sellado autom\u00e1tico para sobres\" \/>\n<meta property=\"og:description\" content=\"Llenadora, dosificador con sellado autom\u00e1tico para sobres Esta Dosificadora de sobres ARC es adecuada para el envasado milim\u00e9trico de l\u00edquidos o salsas como aceite, k\u00e9tchup, mermelada, miel, aderezo para ensaladas, vinagre, bebida l\u00e1ctea, leche condensada, miel.  Esta llenadora de cremas le facilita el proceso lineal para aumentar su producci\u00f3n y comodidad ya que adopta un sistema de control autom\u00e1tico con microordenadores que le aseguran un proceso de llenado preciso y de alta velocidad, adem\u00e1s, de realizar un corte preciso para conservar el proceso en cadena y procesar hasta 40 bolsas por minuto. Esta envasadora con sellado autom\u00e1tico ARC puede adaptarse a diferentes densidades y productos para facilitar el llenado y sellado de diferentes salsas, cremas, mermeladas, mantequillas, aceites, pastas, etc. Garant\u00eda\u00a0ARC 2 A\u00d1OS Llenadora lineal para sobres eficiente, bajo consumo\u00a0 300W soporte t\u00e9cnico incluido &nbsp;\" \/>\n<meta property=\"og:url\" content=\"https:\/\/www.distribucionarc.com\/sl\/producto\/llenadora-dosificador-con-sellado-automatico-para-sobres\/\" \/>\n<meta property=\"og:site_name\" content=\"distribuci\u00f3n ARC\" \/>\n<meta property=\"article:modified_time\" content=\"2023-02-24T11:02:56+00:00\" \/>\n<meta property=\"og:image\" content=\"https:\/\/www.distribucionarc.com\/wp-content\/uploads\/2021\/01\/Llenadora-dosificador-con-sellado-automatico-para-sobres-0.jpg\" \/>\n\t<meta property=\"og:image:width\" content=\"1600\" \/>\n\t<meta property=\"og:image:height\" content=\"1600\" \/>\n\t<meta property=\"og:image:type\" content=\"image\/jpeg\" \/>\n<meta name=\"twitter:card\" content=\"summary_large_image\" \/>\n<meta name=\"twitter:label1\" content=\"Ansl. lesetid\" \/>\n\t<meta name=\"twitter:data1\" content=\"2 minutter\" \/>\n<script type=\"application\/ld+json\" class=\"yoast-schema-graph\">{\"@context\":\"https:\/\/schema.org\",\"@graph\":[{\"@type\":\"WebPage\",\"@id\":\"https:\/\/www.distribucionarc.com\/sl\/producto\/llenadora-dosificador-con-sellado-automatico-para-sobres\/\",\"url\":\"https:\/\/www.distribucionarc.com\/sl\/producto\/llenadora-dosificador-con-sellado-automatico-para-sobres\/\",\"name\":\"Llenadora, dosificador con sellado autom\u00e1tico para sobres - distribuci\u00f3n ARC\",\"isPartOf\":{\"@id\":\"https:\/\/distribucionarc.com\/ro\/#website\"},\"primaryImageOfPage\":{\"@id\":\"https:\/\/www.distribucionarc.com\/sl\/producto\/llenadora-dosificador-con-sellado-automatico-para-sobres\/#primaryimage\"},\"image\":{\"@id\":\"https:\/\/www.distribucionarc.com\/sl\/producto\/llenadora-dosificador-con-sellado-automatico-para-sobres\/#primaryimage\"},\"thumbnailUrl\":\"https:\/\/distribucionarc.com\/wp-content\/uploads\/2021\/01\/Llenadora-dosificador-con-sellado-automatico-para-sobres-0.jpg\",\"datePublished\":\"2021-01-27T09:18:15+00:00\",\"dateModified\":\"2023-02-24T11:02:56+00:00\",\"breadcrumb\":{\"@id\":\"https:\/\/www.distribucionarc.com\/sl\/producto\/llenadora-dosificador-con-sellado-automatico-para-sobres\/#breadcrumb\"},\"inLanguage\":\"nb-NO\",\"potentialAction\":[{\"@type\":\"ReadAction\",\"target\":[\"https:\/\/www.distribucionarc.com\/sl\/producto\/llenadora-dosificador-con-sellado-automatico-para-sobres\/\"]}]},{\"@type\":\"ImageObject\",\"inLanguage\":\"nb-NO\",\"@id\":\"https:\/\/www.distribucionarc.com\/sl\/producto\/llenadora-dosificador-con-sellado-automatico-para-sobres\/#primaryimage\",\"url\":\"https:\/\/distribucionarc.com\/wp-content\/uploads\/2021\/01\/Llenadora-dosificador-con-sellado-automatico-para-sobres-0.jpg\",\"contentUrl\":\"https:\/\/distribucionarc.com\/wp-content\/uploads\/2021\/01\/Llenadora-dosificador-con-sellado-automatico-para-sobres-0.jpg\",\"width\":1600,\"height\":1600,\"caption\":\"automatic liquid sealing machine liquid quantitative dispenser automatic liquid quantitative packaging sealing machine 5ml liquid filling machine sauce packing machine liquid filling machine packing sealing machine liquid filling machine automatic\"},{\"@type\":\"BreadcrumbList\",\"@id\":\"https:\/\/www.distribucionarc.com\/sl\/producto\/llenadora-dosificador-con-sellado-automatico-para-sobres\/#breadcrumb\",\"itemListElement\":[{\"@type\":\"ListItem\",\"position\":1,\"name\":\"Portada\",\"item\":\"https:\/\/distribucionarc.com\/ar\/\"},{\"@type\":\"ListItem\",\"position\":2,\"name\":\"Proizvodi\",\"item\":\"https:\/\/www.distribucionarc.com\/hr\/ducan\/\"},{\"@type\":\"ListItem\",\"position\":3,\"name\":\"Llenadora, dosificador con sellado autom\u00e1tico para sobres\"}]},{\"@type\":\"WebSite\",\"@id\":\"https:\/\/distribucionarc.com\/ro\/#website\",\"url\":\"https:\/\/distribucionarc.com\/ro\/\",\"name\":\"distribuci\u00f3n ARC\",\"description\":\"Empresa especializada en la fabricaci\u00f3n y distribuci\u00f3n de maquinaria industrial, selladoras de latas, Maquinas de hacer pastillas, Maquinas de cortar carne...\",\"publisher\":{\"@id\":\"https:\/\/distribucionarc.com\/ro\/#organization\"},\"potentialAction\":[{\"@type\":\"SearchAction\",\"target\":{\"@type\":\"EntryPoint\",\"urlTemplate\":\"https:\/\/distribucionarc.com\/ro\/?s={search_term_string}\"},\"query-input\":{\"@type\":\"PropertyValueSpecification\",\"valueRequired\":true,\"valueName\":\"search_term_string\"}}],\"inLanguage\":\"nb-NO\"},{\"@type\":\"Organization\",\"@id\":\"https:\/\/distribucionarc.com\/ro\/#organization\",\"name\":\"Distribuci\u00f3n ARC\",\"url\":\"https:\/\/distribucionarc.com\/ro\/\",\"logo\":{\"@type\":\"ImageObject\",\"inLanguage\":\"nb-NO\",\"@id\":\"https:\/\/distribucionarc.com\/ro\/#\/schema\/logo\/image\/\",\"url\":\"https:\/\/distribucionarc.com\/wp-content\/uploads\/2024\/10\/distribucion-ARC-COLOR-SIN-FONDO-e1732295305345.png\",\"contentUrl\":\"https:\/\/distribucionarc.com\/wp-content\/uploads\/2024\/10\/distribucion-ARC-COLOR-SIN-FONDO-e1732295305345.png\",\"width\":1164,\"height\":558,\"caption\":\"Distribuci\u00f3n ARC\"},\"image\":{\"@id\":\"https:\/\/distribucionarc.com\/ro\/#\/schema\/logo\/image\/\"},\"description\":\"Empresa especializada en la fabricaci\u00f3n y distribuci\u00f3n de maquinaria industrial para los sectores alimentario y farmac\u00e9utico. Nos especializamos en: M\u00e1quinas de cortar carne Fabricaci\u00f3n de comprimidos Sistemas de transporte industrial L\u00edneas de embotellado Dosificadores Y mucho m\u00e1s... Ofrecemos soluciones innovadoras y personalizadas para optimizar los procesos productivos de tu empresa.\",\"email\":\"Admistracion@distribucionarc.com\",\"telephone\":\"+34 643496664\",\"legalName\":\"ARC TECH SOLUTIONS\",\"foundingDate\":\"2024-04-09\",\"vatID\":\"B55480172\",\"numberOfEmployees\":{\"@type\":\"QuantitativeValue\",\"minValue\":\"1\",\"maxValue\":\"10\"}}]}<\/script>\n<!-- \/ Yoast SEO Premium plugin. -->","yoast_head_json":{"title":"Fyller, dispenser med automatisk forsegling for konvolutter - ARC distribusjon","robots":{"index":"index","follow":"follow","max-snippet":"max-snippet:-1","max-image-preview":"max-image-preview:large","max-video-preview":"max-video-preview:-1"},"canonical":"https:\/\/www.distribucionarc.com\/sl\/producto\/llenadora-dosificador-con-sellado-automatico-para-sobres\/","og_locale":"nb_NO","og_type":"article","og_title":"Llenadora, dosificador con sellado autom\u00e1tico para sobres","og_description":"Llenadora, dosificador con sellado autom\u00e1tico para sobres Esta Dosificadora de sobres ARC es adecuada para el envasado milim\u00e9trico de l\u00edquidos o salsas como aceite, k\u00e9tchup, mermelada, miel, aderezo para ensaladas, vinagre, bebida l\u00e1ctea, leche condensada, miel.  Esta llenadora de cremas le facilita el proceso lineal para aumentar su producci\u00f3n y comodidad ya que adopta un sistema de control autom\u00e1tico con microordenadores que le aseguran un proceso de llenado preciso y de alta velocidad, adem\u00e1s, de realizar un corte preciso para conservar el proceso en cadena y procesar hasta 40 bolsas por minuto. Esta envasadora con sellado autom\u00e1tico ARC puede adaptarse a diferentes densidades y productos para facilitar el llenado y sellado de diferentes salsas, cremas, mermeladas, mantequillas, aceites, pastas, etc. Garant\u00eda\u00a0ARC 2 A\u00d1OS Llenadora lineal para sobres eficiente, bajo consumo\u00a0 300W soporte t\u00e9cnico incluido &nbsp;","og_url":"https:\/\/www.distribucionarc.com\/sl\/producto\/llenadora-dosificador-con-sellado-automatico-para-sobres\/","og_site_name":"distribuci\u00f3n ARC","article_modified_time":"2023-02-24T11:02:56+00:00","og_image":[{"width":1600,"height":1600,"url":"https:\/\/www.distribucionarc.com\/wp-content\/uploads\/2021\/01\/Llenadora-dosificador-con-sellado-automatico-para-sobres-0.jpg","type":"image\/jpeg"}],"twitter_card":"summary_large_image","twitter_misc":{"Ansl. lesetid":"2 minutter"},"schema":{"@context":"https:\/\/schema.org","@graph":[{"@type":"WebPage","@id":"https:\/\/www.distribucionarc.com\/sl\/producto\/llenadora-dosificador-con-sellado-automatico-para-sobres\/","url":"https:\/\/www.distribucionarc.com\/sl\/producto\/llenadora-dosificador-con-sellado-automatico-para-sobres\/","name":"Fyller, dispenser med automatisk forsegling for konvolutter - ARC distribusjon","isPartOf":{"@id":"https:\/\/distribucionarc.com\/ro\/#website"},"primaryImageOfPage":{"@id":"https:\/\/www.distribucionarc.com\/sl\/producto\/llenadora-dosificador-con-sellado-automatico-para-sobres\/#primaryimage"},"image":{"@id":"https:\/\/www.distribucionarc.com\/sl\/producto\/llenadora-dosificador-con-sellado-automatico-para-sobres\/#primaryimage"},"thumbnailUrl":"https:\/\/distribucionarc.com\/wp-content\/uploads\/2021\/01\/Llenadora-dosificador-con-sellado-automatico-para-sobres-0.jpg","datePublished":"2021-01-27T09:18:15+00:00","dateModified":"2023-02-24T11:02:56+00:00","breadcrumb":{"@id":"https:\/\/www.distribucionarc.com\/sl\/producto\/llenadora-dosificador-con-sellado-automatico-para-sobres\/#breadcrumb"},"inLanguage":"nb-NO","potentialAction":[{"@type":"ReadAction","target":["https:\/\/www.distribucionarc.com\/sl\/producto\/llenadora-dosificador-con-sellado-automatico-para-sobres\/"]}]},{"@type":"ImageObject","inLanguage":"nb-NO","@id":"https:\/\/www.distribucionarc.com\/sl\/producto\/llenadora-dosificador-con-sellado-automatico-para-sobres\/#primaryimage","url":"https:\/\/distribucionarc.com\/wp-content\/uploads\/2021\/01\/Llenadora-dosificador-con-sellado-automatico-para-sobres-0.jpg","contentUrl":"https:\/\/distribucionarc.com\/wp-content\/uploads\/2021\/01\/Llenadora-dosificador-con-sellado-automatico-para-sobres-0.jpg","width":1600,"height":1600,"caption":"automatic liquid sealing machine liquid quantitative dispenser automatic liquid quantitative packaging sealing machine 5ml liquid filling machine sauce packing machine liquid filling machine packing sealing machine liquid filling machine automatic"},{"@type":"BreadcrumbList","@id":"https:\/\/www.distribucionarc.com\/sl\/producto\/llenadora-dosificador-con-sellado-automatico-para-sobres\/#breadcrumb","itemListElement":[{"@type":"ListItem","position":1,"name":"Portada","item":"https:\/\/distribucionarc.com\/ar\/"},{"@type":"ListItem","position":2,"name":"Proizvodi","item":"https:\/\/www.distribucionarc.com\/hr\/ducan\/"},{"@type":"ListItem","position":3,"name":"Llenadora, dosificador con sellado autom\u00e1tico para sobres"}]},{"@type":"WebSite","@id":"https:\/\/distribucionarc.com\/ro\/#website","url":"https:\/\/distribucionarc.com\/ro\/","name":"ARC distribusjon","description":"Selskapet har spesialisert seg p\u00e5 produksjon og distribusjon av industrimaskiner, hermetikkboksforseglingsmaskiner, tablettmaskiner, kj\u00f8ttskj\u00e6remaskiner og...","publisher":{"@id":"https:\/\/distribucionarc.com\/ro\/#organization"},"potentialAction":[{"@type":"SearchAction","target":{"@type":"EntryPoint","urlTemplate":"https:\/\/distribucionarc.com\/ro\/?s={search_term_string}"},"query-input":{"@type":"PropertyValueSpecification","valueRequired":true,"valueName":"search_term_string"}}],"inLanguage":"nb-NO"},{"@type":"Organization","@id":"https:\/\/distribucionarc.com\/ro\/#organization","name":"ARC distribusjon","url":"https:\/\/distribucionarc.com\/ro\/","logo":{"@type":"ImageObject","inLanguage":"nb-NO","@id":"https:\/\/distribucionarc.com\/ro\/#\/schema\/logo\/image\/","url":"https:\/\/distribucionarc.com\/wp-content\/uploads\/2024\/10\/distribucion-ARC-COLOR-SIN-FONDO-e1732295305345.png","contentUrl":"https:\/\/distribucionarc.com\/wp-content\/uploads\/2024\/10\/distribucion-ARC-COLOR-SIN-FONDO-e1732295305345.png","width":1164,"height":558,"caption":"Distribuci\u00f3n ARC"},"image":{"@id":"https:\/\/distribucionarc.com\/ro\/#\/schema\/logo\/image\/"},"description":"Selskap som har spesialisert seg p\u00e5 produksjon og distribusjon av industrimaskiner til n\u00e6ringsmiddel- og farmasisektoren. Vi er spesialister p\u00e5: Kj\u00f8ttskj\u00e6remaskiner Tablettilvirkning Industrielle transportsystemer Tappelinjer Dispensere Og mye mer... Vi tilbyr innovative og skreddersydde l\u00f8sninger for \u00e5 optimalisere bedriftens produksjonsprosesser.","email":"Admistracion@distribucionarc.com","telephone":"+34 643496664","legalName":"ARC TECH SOLUTIONS","foundingDate":"2024-04-09","vatID":"B55480172","numberOfEmployees":{"@type":"QuantitativeValue","minValue":"1","maxValue":"10"}}]}},"_links":{"self":[{"href":"https:\/\/distribucionarc.com\/nb\/wp-json\/wp\/v2\/product\/4260","targetHints":{"allow":["GET"]}}],"collection":[{"href":"https:\/\/distribucionarc.com\/nb\/wp-json\/wp\/v2\/product"}],"about":[{"href":"https:\/\/distribucionarc.com\/nb\/wp-json\/wp\/v2\/types\/product"}],"replies":[{"embeddable":true,"href":"https:\/\/distribucionarc.com\/nb\/wp-json\/wp\/v2\/comments?post=4260"}],"version-history":[{"count":0,"href":"https:\/\/distribucionarc.com\/nb\/wp-json\/wp\/v2\/product\/4260\/revisions"}],"wp:featuredmedia":[{"embeddable":true,"href":"https:\/\/distribucionarc.com\/nb\/wp-json\/wp\/v2\/media\/4262"}],"wp:attachment":[{"href":"https:\/\/distribucionarc.com\/nb\/wp-json\/wp\/v2\/media?parent=4260"}],"wp:term":[{"taxonomy":"product_brand","embeddable":true,"href":"https:\/\/distribucionarc.com\/nb\/wp-json\/wp\/v2\/product_brand?post=4260"},{"taxonomy":"product_cat","embeddable":true,"href":"https:\/\/distribucionarc.com\/nb\/wp-json\/wp\/v2\/product_cat?post=4260"},{"taxonomy":"product_tag","embeddable":true,"href":"https:\/\/distribucionarc.com\/nb\/wp-json\/wp\/v2\/product_tag?post=4260"}],"curies":[{"name":"wp","href":"https:\/\/api.w.org\/{rel}","templated":true}]}}