{"id":4274,"date":"2021-01-27T11:36:14","date_gmt":"2021-01-27T11:36:14","guid":{"rendered":"https:\/\/distribucionarc.com\/?post_type=product&#038;p=4274"},"modified":"2021-01-27T11:36:14","modified_gmt":"2021-01-27T11:36:14","slug":"automatisk-hvitloksskreller","status":"publish","type":"product","link":"https:\/\/distribucionarc.com\/nb\/producto\/peladora-de-ajos-automatica\/","title":{"rendered":"Automatisk hvitl\u00f8ksskreller"},"content":{"rendered":"<h3>Automatisk hvitl\u00f8ksskreller<\/h3>\n<p>De<strong> elektrisk peeling maskin <span style=\"color: #ff0000;\">TIL<\/span><span style=\"color: #0000ff;\">R<\/span>c<\/strong> Den er laget av h\u00f8ykvalitets tykt rustfritt st\u00e5l; samt \u00e5 sikre bruken i n\u00e6ringsmiddelindustrien. Den er ogs\u00e5 slitesterk og korrosjonsbestandig for \u00e5 sikre langvarig bruk.<\/p>\n<p>Dette <strong>hvitl\u00f8ksskreller <span style=\"color: #ff0000;\">TIL<\/span><span style=\"color: #0000ff;\">R<\/span>CPA25<\/strong> Den har en f\u00f8rsteklasses motor med 175 W effekt, den h\u00f8ye hastigheten p\u00e5 rotasjonspeeling klarer \u00e5 skrelle 35 kg hvitl\u00f8k hvert 30. minutt i timen. Skrellehastigheten kan v\u00e6re rundt 95%, n\u00e5r hvitl\u00f8ksskallet er t\u00f8rrere, favoriserer det<strong> automatisk hvitl\u00f8ksrens<span style=\"color: #ff0000;\"> TIL<\/span><span style=\"color: #0000ff;\">R<\/span>CPA25<\/strong> utf\u00f8re en raskere og mer effektiv peeling.<\/p>\n<p>\u00c5pne <strong>skrellet hvitl\u00f8ksmaskin<\/strong> og tilsett hvitl\u00f8ksfeddene. Hvitl\u00f8kskallet og frukten skilles automatisk. Den skallede fyren med dette<strong> hvitl\u00f8ksskreller<\/strong> Det er veldig raskt. \u00c5 v\u00e6re utstyrt med en korsformet separator laget av spesiell silikon; Dette forbedrer peelingseffektiviteten og reduserer skade, oppkutting eller kutting av hvitl\u00f8k. De <strong>automatisk peeling maskin<\/strong> forbedrer den monotone skilleren for hvitl\u00f8ksskreller.<\/p>\n<p>De <strong>hvitl\u00f8ksrensemaskin<\/strong> Den er lett \u00e5 flytte med de to sideh\u00e5ndtakene, for \u00e5 lette transporten der det er n\u00f8dvendig. Den har en fortykket fyllende munn og en rustfri st\u00e5lpropp, denne kan brukes til \u00e5 skrelle hvitl\u00f8k i forskjellige st\u00f8rrelser.  Dette <strong>skrelle enhet for hvitl\u00f8k<\/strong> Den er perfekt for restauranter, griller, sausmakere, hoteller, matindustri etc.<\/p>\n<p>&nbsp;<\/p>\n<h6><strong>Garanti\u00a0<span style=\"color: #ff0000;\">TIL<\/span><span style=\"color: #0000ff;\">R<\/span>C 2 \u00c5R<\/strong><\/h6>\n<h6><span style=\"color: #008000;\">Effektiv hvitl\u00f8ksskreller, lavt forbruk 175W<\/span><\/h6>\n<h6><strong>teknisk st\u00f8tte inkludert<\/strong><\/h6>\n<p>&nbsp;<\/p>\n<table role=\"presentation\" width=\"100%\" cellspacing=\"0\" cellpadding=\"0\">\n<tbody>\n<tr>\n<td class=\"attrLabels\">Merke:<\/td>\n<td width=\"50.0%\">BUE<\/td>\n<\/tr>\n<tr>\n<td class=\"attrLabels\">Garanti:<\/td>\n<td width=\"50.0%\">2 \u00e5r<\/td>\n<td class=\"attrLabels\">Vekt:<\/td>\n<td width=\"50.0%\">9 kg<\/td>\n<\/tr>\n<tr>\n<td class=\"attrLabels\">Distribusjonsland:<\/td>\n<td width=\"50.0%\">Spania, Tyskland, USA<\/td>\n<td class=\"attrLabels\">H\u00f8yde:<\/td>\n<td width=\"50.0%\">52,1 cm<\/td>\n<\/tr>\n<tr>\n<td class=\"attrLabels\">Farge:<\/td>\n<td width=\"50.0%\">S\u00f8lv<\/td>\n<td class=\"attrLabels\">Lang:<\/td>\n<td width=\"50.0%\">20,3 cm<\/td>\n<\/tr>\n<tr>\n<td class=\"attrLabels\">Produkttype:<\/td>\n<td width=\"50.0%\">Automatisk hvitl\u00f8ksrens<\/td>\n<td class=\"attrLabels\">Bred:<\/td>\n<td width=\"50.0%\">20,3 cm<\/td>\n<\/tr>\n<tr>\n<td class=\"attrLabels\">Produsentnummer:<\/td>\n<td width=\"50.0%\">ARCPA25<\/td>\n<td class=\"attrLabels\">Beholderkapasitet:<\/td>\n<td width=\"50.0%\">25 kg<\/td>\n<\/tr>\n<tr>\n<td class=\"attrLabels\">Materiale:<\/td>\n<td width=\"50.0%\">304 mat rustfritt st\u00e5l<\/td>\n<td class=\"attrLabels\">Peeling hastighet:<\/td>\n<td width=\"50.0%\">35 kg i timen<\/td>\n<\/tr>\n<tr>\n<td class=\"attrLabels\">Operasjon:<\/td>\n<td width=\"50.0%\">Energisk<\/td>\n<td class=\"attrLabels\">Peeling rate:<\/td>\n<td width=\"50.0%\">95%<\/td>\n<\/tr>\n<tr>\n<td class=\"attrLabels\">Elektrisk forbruk:<\/td>\n<td width=\"50.0%\">175W<\/td>\n<td class=\"attrLabels\">Spenning:<\/td>\n<td width=\"50.0%\">220V 50Hz<\/td>\n<\/tr>\n<\/tbody>\n<\/table>\n<p>&nbsp;<\/p>\n<p>&nbsp;<\/p>","protected":false},"excerpt":{"rendered":"<h2>Automatisk hvitl\u00f8ksskreller<\/h2>\n<p>Dette <strong>hvitl\u00f8ksskreller <span style=\"color: #ff0000;\">TIL<\/span><span style=\"color: #0000ff;\">R<\/span>c<\/strong> Den er preget av h\u00f8y strekk- og korrosjonsbestandighet. Laget av rustfritt st\u00e5l, slitesterk, slitesterk og av spesifikk kvalitet for bruk i n\u00e6ringsmiddelindustrien. De <strong>industriell hvitl\u00f8ksskrellermaskin <span style=\"color: #ff0000;\">TIL<\/span><span style=\"color: #0000ff;\">R<\/span>c<\/strong> Den har en f\u00f8rsteklasses motor med 175 W effekt. Takket v\u00e6re dette gir denne profesjonelle hvitl\u00f8ksskrelleren deg en h\u00f8y hastighet p\u00e5 skrell ved rotasjon, og kan skrelle opptil 35 kg hvitl\u00f8k. Dette <strong>hvitl\u00f8ksrens<\/strong> Det vil bidra til \u00e5 fremskynde produksjonen for \u00e5 lage sauser, oljer, kremer, sm\u00f8r, etc. Takket v\u00e6re det kompakte og enkle designet gj\u00f8r det rengj\u00f8ring og vedlikehold enkelt.<strong> automatisk peeling maskin<\/strong>.<\/p>\n<h6><strong>Garanti\u00a0<span style=\"color: #ff0000;\">TIL<\/span><span style=\"color: #0000ff;\">R<\/span>C 2 \u00c5R<\/strong><\/h6>\n<h6><span style=\"color: #008000;\">Effektiv hvitl\u00f8ksskreller, lavt forbruk 175W<\/span><\/h6>\n<h6><strong>teknisk st\u00f8tte inkludert<\/strong><\/h6>\n<p>&nbsp;<\/p>","protected":false},"featured_media":4275,"comment_status":"open","ping_status":"closed","template":"","meta":{"wds_primary_product_brand":0,"wds_primary_product_cat":0},"product_brand":[],"product_cat":[43,61],"product_tag":[],"class_list":{"0":"post-4274","1":"product","2":"type-product","3":"status-publish","4":"has-post-thumbnail","6":"product_cat-cortadoras-de-alimentos","7":"product_cat-peladoras-de-alimentos","8":"product_shipping_class-hosteleria","10":"first","11":"instock","12":"sale","13":"taxable","14":"shipping-taxable","15":"purchasable","16":"product-type-simple"},"yoast_head":"<!-- This site is optimized with the Yoast SEO Premium plugin v24.9 (Yoast SEO v26.1) - https:\/\/yoast.com\/wordpress\/plugins\/seo\/ -->\n<title>Peladora de ajos autom\u00e1tica - distribuci\u00f3n ARC<\/title>\n<meta name=\"robots\" content=\"index, follow, max-snippet:-1, max-image-preview:large, max-video-preview:-1\" \/>\n<link rel=\"canonical\" href=\"https:\/\/distribucionarc.com\/nb\/produkter\/automatisk-hvitloksskreller\/\" \/>\n<meta property=\"og:locale\" content=\"nb_NO\" \/>\n<meta property=\"og:type\" content=\"article\" \/>\n<meta property=\"og:title\" content=\"Peladora de ajos autom\u00e1tica\" \/>\n<meta property=\"og:description\" content=\"Peladora de ajos autom\u00e1tica Esta peladora de ajos ARC se caracteriza por una alta resistencia a la tracci\u00f3n y a la corrosi\u00f3n. Hecha de acero inoxidable, duradero, resistente al desgaste y de calidad espec\u00edfica para el uso en la industria alimentaria. La m\u00e1quina industrial para pelar ajos ARC cuenta con un motor premium con 175 W de potencia. Gracias a esto esta peladora profesional de ajos le proporciona una alta velocidad de pelado por rotaci\u00f3n siendo capaz de pelar hasta 35kg de ajos. Esta limpiadora de ajos le favorecer\u00e1 a acelerar la producci\u00f3n para elaborar salsas, aceites, cremas, mantequillas, etc. Gracias a su dise\u00f1o compacto y sencillo le facilita la limpieza y mantenimiento de la peladora autom\u00e1tica. Garant\u00eda\u00a0ARC 2 A\u00d1OS Peladora de ajos eficiente, bajo consumo\u00a0 175W soporte t\u00e9cnico incluido &nbsp;\" \/>\n<meta property=\"og:url\" content=\"https:\/\/distribucionarc.com\/nb\/produkter\/automatisk-hvitloksskreller\/\" \/>\n<meta property=\"og:site_name\" content=\"distribuci\u00f3n ARC\" \/>\n<meta property=\"og:image\" content=\"https:\/\/distribucionarc.com\/wp-content\/uploads\/2021\/01\/Peladora-de-ajos-automatica-0.jpg\" \/>\n\t<meta property=\"og:image:width\" content=\"1600\" \/>\n\t<meta property=\"og:image:height\" content=\"1600\" \/>\n\t<meta property=\"og:image:type\" content=\"image\/jpeg\" \/>\n<meta name=\"twitter:card\" content=\"summary_large_image\" \/>\n<meta name=\"twitter:label1\" content=\"Ansl. lesetid\" \/>\n\t<meta name=\"twitter:data1\" content=\"2 minutter\" \/>\n<script type=\"application\/ld+json\" class=\"yoast-schema-graph\">{\"@context\":\"https:\/\/schema.org\",\"@graph\":[{\"@type\":\"WebPage\",\"@id\":\"https:\/\/distribucionarc.com\/nb\/producto\/peladora-de-ajos-automatica\/\",\"url\":\"https:\/\/distribucionarc.com\/nb\/producto\/peladora-de-ajos-automatica\/\",\"name\":\"Peladora de ajos autom\u00e1tica - distribuci\u00f3n ARC\",\"isPartOf\":{\"@id\":\"https:\/\/distribucionarc.com\/de\/#website\"},\"primaryImageOfPage\":{\"@id\":\"https:\/\/distribucionarc.com\/nb\/producto\/peladora-de-ajos-automatica\/#primaryimage\"},\"image\":{\"@id\":\"https:\/\/distribucionarc.com\/nb\/producto\/peladora-de-ajos-automatica\/#primaryimage\"},\"thumbnailUrl\":\"https:\/\/distribucionarc.com\/wp-content\/uploads\/2021\/01\/Peladora-de-ajos-automatica-0.jpg\",\"datePublished\":\"2021-01-27T11:36:14+00:00\",\"breadcrumb\":{\"@id\":\"https:\/\/distribucionarc.com\/nb\/producto\/peladora-de-ajos-automatica\/#breadcrumb\"},\"inLanguage\":\"nb-NO\",\"potentialAction\":[{\"@type\":\"ReadAction\",\"target\":[\"https:\/\/distribucionarc.com\/nb\/producto\/peladora-de-ajos-automatica\/\"]}]},{\"@type\":\"ImageObject\",\"inLanguage\":\"nb-NO\",\"@id\":\"https:\/\/distribucionarc.com\/nb\/producto\/peladora-de-ajos-automatica\/#primaryimage\",\"url\":\"https:\/\/distribucionarc.com\/wp-content\/uploads\/2021\/01\/Peladora-de-ajos-automatica-0.jpg\",\"contentUrl\":\"https:\/\/distribucionarc.com\/wp-content\/uploads\/2021\/01\/Peladora-de-ajos-automatica-0.jpg\",\"width\":1600,\"height\":1600,\"caption\":\"Peladora de ajos autom\u00e1tica\"},{\"@type\":\"BreadcrumbList\",\"@id\":\"https:\/\/distribucionarc.com\/nb\/producto\/peladora-de-ajos-automatica\/#breadcrumb\",\"itemListElement\":[{\"@type\":\"ListItem\",\"position\":1,\"name\":\"Portada\",\"item\":\"https:\/\/distribucionarc.com\/pl\/\"},{\"@type\":\"ListItem\",\"position\":2,\"name\":\"Produkty\",\"item\":\"https:\/\/distribucionarc.com\/pl\/shop\/\"},{\"@type\":\"ListItem\",\"position\":3,\"name\":\"Peladora de ajos autom\u00e1tica\"}]},{\"@type\":\"WebSite\",\"@id\":\"https:\/\/distribucionarc.com\/de\/#website\",\"url\":\"https:\/\/distribucionarc.com\/de\/\",\"name\":\"distribuci\u00f3n ARC\",\"description\":\"Empresa especializada en la fabricaci\u00f3n y distribuci\u00f3n de maquinaria industrial, selladoras de latas, Maquinas de hacer pastillas, Maquinas de cortar carne...\",\"publisher\":{\"@id\":\"https:\/\/distribucionarc.com\/de\/#organization\"},\"potentialAction\":[{\"@type\":\"SearchAction\",\"target\":{\"@type\":\"EntryPoint\",\"urlTemplate\":\"https:\/\/distribucionarc.com\/de\/?s={search_term_string}\"},\"query-input\":{\"@type\":\"PropertyValueSpecification\",\"valueRequired\":true,\"valueName\":\"search_term_string\"}}],\"inLanguage\":\"nb-NO\"},{\"@type\":\"Organization\",\"@id\":\"https:\/\/distribucionarc.com\/de\/#organization\",\"name\":\"Distribuci\u00f3n ARC\",\"url\":\"https:\/\/distribucionarc.com\/de\/\",\"logo\":{\"@type\":\"ImageObject\",\"inLanguage\":\"nb-NO\",\"@id\":\"https:\/\/distribucionarc.com\/de\/#\/schema\/logo\/image\/\",\"url\":\"https:\/\/distribucionarc.com\/wp-content\/uploads\/2024\/10\/distribucion-ARC-COLOR-SIN-FONDO-e1732295305345.png\",\"contentUrl\":\"https:\/\/distribucionarc.com\/wp-content\/uploads\/2024\/10\/distribucion-ARC-COLOR-SIN-FONDO-e1732295305345.png\",\"width\":1164,\"height\":558,\"caption\":\"Distribuci\u00f3n ARC\"},\"image\":{\"@id\":\"https:\/\/distribucionarc.com\/de\/#\/schema\/logo\/image\/\"},\"description\":\"Empresa especializada en la fabricaci\u00f3n y distribuci\u00f3n de maquinaria industrial para los sectores alimentario y farmac\u00e9utico. Nos especializamos en: M\u00e1quinas de cortar carne Fabricaci\u00f3n de comprimidos Sistemas de transporte industrial L\u00edneas de embotellado Dosificadores Y mucho m\u00e1s... Ofrecemos soluciones innovadoras y personalizadas para optimizar los procesos productivos de tu empresa.\",\"email\":\"Admistracion@distribucionarc.com\",\"telephone\":\"+34 643496664\",\"legalName\":\"ARC TECH SOLUTIONS\",\"foundingDate\":\"2024-04-09\",\"vatID\":\"B55480172\",\"numberOfEmployees\":{\"@type\":\"QuantitativeValue\",\"minValue\":\"1\",\"maxValue\":\"10\"}}]}<\/script>\n<!-- \/ Yoast SEO Premium plugin. -->","yoast_head_json":{"title":"Automatisk hvitl\u00f8ksskreller - ARC distribusjon","robots":{"index":"index","follow":"follow","max-snippet":"max-snippet:-1","max-image-preview":"max-image-preview:large","max-video-preview":"max-video-preview:-1"},"canonical":"https:\/\/distribucionarc.com\/nb\/produkter\/automatisk-hvitloksskreller\/","og_locale":"nb_NO","og_type":"article","og_title":"Peladora de ajos autom\u00e1tica","og_description":"Peladora de ajos autom\u00e1tica Esta peladora de ajos ARC se caracteriza por una alta resistencia a la tracci\u00f3n y a la corrosi\u00f3n. Hecha de acero inoxidable, duradero, resistente al desgaste y de calidad espec\u00edfica para el uso en la industria alimentaria. La m\u00e1quina industrial para pelar ajos ARC cuenta con un motor premium con 175 W de potencia. Gracias a esto esta peladora profesional de ajos le proporciona una alta velocidad de pelado por rotaci\u00f3n siendo capaz de pelar hasta 35kg de ajos. Esta limpiadora de ajos le favorecer\u00e1 a acelerar la producci\u00f3n para elaborar salsas, aceites, cremas, mantequillas, etc. Gracias a su dise\u00f1o compacto y sencillo le facilita la limpieza y mantenimiento de la peladora autom\u00e1tica. Garant\u00eda\u00a0ARC 2 A\u00d1OS Peladora de ajos eficiente, bajo consumo\u00a0 175W soporte t\u00e9cnico incluido &nbsp;","og_url":"https:\/\/distribucionarc.com\/nb\/produkter\/automatisk-hvitloksskreller\/","og_site_name":"distribuci\u00f3n ARC","og_image":[{"width":1600,"height":1600,"url":"https:\/\/distribucionarc.com\/wp-content\/uploads\/2021\/01\/Peladora-de-ajos-automatica-0.jpg","type":"image\/jpeg"}],"twitter_card":"summary_large_image","twitter_misc":{"Ansl. lesetid":"2 minutter"},"schema":{"@context":"https:\/\/schema.org","@graph":[{"@type":"WebPage","@id":"https:\/\/distribucionarc.com\/nb\/producto\/peladora-de-ajos-automatica\/","url":"https:\/\/distribucionarc.com\/nb\/producto\/peladora-de-ajos-automatica\/","name":"Automatisk hvitl\u00f8ksskreller - ARC distribusjon","isPartOf":{"@id":"https:\/\/distribucionarc.com\/de\/#website"},"primaryImageOfPage":{"@id":"https:\/\/distribucionarc.com\/nb\/producto\/peladora-de-ajos-automatica\/#primaryimage"},"image":{"@id":"https:\/\/distribucionarc.com\/nb\/producto\/peladora-de-ajos-automatica\/#primaryimage"},"thumbnailUrl":"https:\/\/distribucionarc.com\/wp-content\/uploads\/2021\/01\/Peladora-de-ajos-automatica-0.jpg","datePublished":"2021-01-27T11:36:14+00:00","breadcrumb":{"@id":"https:\/\/distribucionarc.com\/nb\/producto\/peladora-de-ajos-automatica\/#breadcrumb"},"inLanguage":"nb-NO","potentialAction":[{"@type":"ReadAction","target":["https:\/\/distribucionarc.com\/nb\/producto\/peladora-de-ajos-automatica\/"]}]},{"@type":"ImageObject","inLanguage":"nb-NO","@id":"https:\/\/distribucionarc.com\/nb\/producto\/peladora-de-ajos-automatica\/#primaryimage","url":"https:\/\/distribucionarc.com\/wp-content\/uploads\/2021\/01\/Peladora-de-ajos-automatica-0.jpg","contentUrl":"https:\/\/distribucionarc.com\/wp-content\/uploads\/2021\/01\/Peladora-de-ajos-automatica-0.jpg","width":1600,"height":1600,"caption":"Peladora de ajos autom\u00e1tica"},{"@type":"BreadcrumbList","@id":"https:\/\/distribucionarc.com\/nb\/producto\/peladora-de-ajos-automatica\/#breadcrumb","itemListElement":[{"@type":"ListItem","position":1,"name":"Portada","item":"https:\/\/distribucionarc.com\/pl\/"},{"@type":"ListItem","position":2,"name":"Produkty","item":"https:\/\/distribucionarc.com\/pl\/shop\/"},{"@type":"ListItem","position":3,"name":"Peladora de ajos autom\u00e1tica"}]},{"@type":"WebSite","@id":"https:\/\/distribucionarc.com\/de\/#website","url":"https:\/\/distribucionarc.com\/de\/","name":"ARC distribusjon","description":"Selskapet har spesialisert seg p\u00e5 produksjon og distribusjon av industrimaskiner, hermetikkboksforseglingsmaskiner, tablettmaskiner, kj\u00f8ttskj\u00e6remaskiner og...","publisher":{"@id":"https:\/\/distribucionarc.com\/de\/#organization"},"potentialAction":[{"@type":"SearchAction","target":{"@type":"EntryPoint","urlTemplate":"https:\/\/distribucionarc.com\/de\/?s={search_term_string}"},"query-input":{"@type":"PropertyValueSpecification","valueRequired":true,"valueName":"search_term_string"}}],"inLanguage":"nb-NO"},{"@type":"Organization","@id":"https:\/\/distribucionarc.com\/de\/#organization","name":"ARC distribusjon","url":"https:\/\/distribucionarc.com\/de\/","logo":{"@type":"ImageObject","inLanguage":"nb-NO","@id":"https:\/\/distribucionarc.com\/de\/#\/schema\/logo\/image\/","url":"https:\/\/distribucionarc.com\/wp-content\/uploads\/2024\/10\/distribucion-ARC-COLOR-SIN-FONDO-e1732295305345.png","contentUrl":"https:\/\/distribucionarc.com\/wp-content\/uploads\/2024\/10\/distribucion-ARC-COLOR-SIN-FONDO-e1732295305345.png","width":1164,"height":558,"caption":"Distribuci\u00f3n ARC"},"image":{"@id":"https:\/\/distribucionarc.com\/de\/#\/schema\/logo\/image\/"},"description":"Selskap som har spesialisert seg p\u00e5 produksjon og distribusjon av industrimaskiner til n\u00e6ringsmiddel- og farmasisektoren. Vi er spesialister p\u00e5: Kj\u00f8ttskj\u00e6remaskiner Tablettilvirkning Industrielle transportsystemer Tappelinjer Dispensere Og mye mer... Vi tilbyr innovative og skreddersydde l\u00f8sninger for \u00e5 optimalisere bedriftens produksjonsprosesser.","email":"Admistracion@distribucionarc.com","telephone":"+34 643496664","legalName":"ARC TECH SOLUTIONS","foundingDate":"2024-04-09","vatID":"B55480172","numberOfEmployees":{"@type":"QuantitativeValue","minValue":"1","maxValue":"10"}}]}},"_links":{"self":[{"href":"https:\/\/distribucionarc.com\/nb\/wp-json\/wp\/v2\/product\/4274","targetHints":{"allow":["GET"]}}],"collection":[{"href":"https:\/\/distribucionarc.com\/nb\/wp-json\/wp\/v2\/product"}],"about":[{"href":"https:\/\/distribucionarc.com\/nb\/wp-json\/wp\/v2\/types\/product"}],"replies":[{"embeddable":true,"href":"https:\/\/distribucionarc.com\/nb\/wp-json\/wp\/v2\/comments?post=4274"}],"version-history":[{"count":0,"href":"https:\/\/distribucionarc.com\/nb\/wp-json\/wp\/v2\/product\/4274\/revisions"}],"wp:featuredmedia":[{"embeddable":true,"href":"https:\/\/distribucionarc.com\/nb\/wp-json\/wp\/v2\/media\/4275"}],"wp:attachment":[{"href":"https:\/\/distribucionarc.com\/nb\/wp-json\/wp\/v2\/media?parent=4274"}],"wp:term":[{"taxonomy":"product_brand","embeddable":true,"href":"https:\/\/distribucionarc.com\/nb\/wp-json\/wp\/v2\/product_brand?post=4274"},{"taxonomy":"product_cat","embeddable":true,"href":"https:\/\/distribucionarc.com\/nb\/wp-json\/wp\/v2\/product_cat?post=4274"},{"taxonomy":"product_tag","embeddable":true,"href":"https:\/\/distribucionarc.com\/nb\/wp-json\/wp\/v2\/product_tag?post=4274"}],"curies":[{"name":"wp","href":"https:\/\/api.w.org\/{rel}","templated":true}]}}