{"id":4318,"date":"2021-01-28T14:12:22","date_gmt":"2021-01-28T14:12:22","guid":{"rendered":"https:\/\/distribucionarc.com\/?post_type=product&#038;p=4318"},"modified":"2021-01-28T14:12:22","modified_gmt":"2021-01-28T14:12:22","slug":"automatisk-tapekutter","status":"publish","type":"product","link":"https:\/\/distribucionarc.com\/nb\/producto\/cortadora-de-cinta-automatica\/","title":{"rendered":"Automatisk tapekutter\u00a0"},"content":{"rendered":"<h3>Automatisk tapekutter<\/h3>\n<p>De <strong>kutter av\u00a0<\/strong><b>kald<\/b>\u00a0Den er laget av rustfritt st\u00e5l og h\u00f8ykvalitets plast og er preget av h\u00f8y kvalitet og holdbarhet. Av sikkerhetsmessige \u00e5rsaker, dette <strong>b\u00e5ndskj\u00e6remaskin <span style=\"color: #ff0000;\">TIL<\/span><span style=\"color: #0000ff;\">R<\/span>CCCA175<\/strong> Den er utstyrt med jordingsplugger og ulike varmeavlednings\u00e5pninger.<\/p>\n<p>Dette <strong>maskin for \u00e5 kutte b\u00e5nd<\/strong> Den er utstyrt med en mikrodatamaskinkontroll, den <strong>b\u00e5ndkutter <span style=\"color: #ff0000;\">TIL<\/span><span style=\"color: #0000ff;\">R<\/span>c<\/strong> det er helt automatisk. Gjennomsiktig kontrollpanel gj\u00f8r betjeningen enkel og praktisk. <strong>Millimeterkutter<\/strong> for \u00e5 utf\u00f8re synkronisert skj\u00e6ring av strimler med en skj\u00e6rebredde p\u00e5 100 mm. Kutte- og matehastigheter er justerbare. Det hvite st\u00e5lsveisebladet har en flott skj\u00e6reeffekt.<\/p>\n<p>Takket v\u00e6re h\u00f8ypresisjonsinduksjon, dette <strong>kaldskj\u00e6remaskin <span style=\"color: #ff0000;\">TIL<\/span><span style=\"color: #0000ff;\">R<\/span>CCCA175<\/strong> stopper automatisk n\u00e5r kuttingen er ferdig. Spar energi og str\u00f8m. Samtidig er sikkerheten garantert. Klemmen av denne <strong>Millimeter elektrisk kutter<\/strong> st\u00f8tter to ruller med tape som kan fungere samtidig. Avstanden mellom platene er justerbar. Hvis stroppene l\u00f8sner eller snittet ikke er glatt, stram stroppene. Dette<strong> beltekappeanordning<\/strong> Den er egnet for forskjellige webbing, som strikkede stoffer, borrel\u00e5sstropper, l\u00e6r, b\u00e5nd, ryggsekkbelter, skolisser, plast, elastiske b\u00e5nd, glidel\u00e5ser, etc.<\/p>\n<h6><strong>Garanti\u00a0<span style=\"color: #ff0000;\">TIL<\/span><span style=\"color: #0000ff;\">R<\/span>C 2 \u00c5R<\/strong><\/h6>\n<h6><span style=\"color: #008000;\">Effektiv automatisk tapekutter, lavt forbruk 225w<\/span><\/h6>\n<h6><strong>teknisk st\u00f8tte inkludert<\/strong><\/h6>\n<p>&nbsp;<\/p>\n<table role=\"presentation\" width=\"100%\" cellspacing=\"0\" cellpadding=\"0\">\n<tbody>\n<tr>\n<td class=\"attrLabels\">Merke:<\/td>\n<td width=\"50.0%\">BUE<\/td>\n<\/tr>\n<tr>\n<td class=\"attrLabels\">Garanti:<\/td>\n<td width=\"50.0%\">2 \u00e5r<\/td>\n<td class=\"attrLabels\">Vekt:<\/td>\n<td width=\"50.0%\">22,5 kg<\/td>\n<\/tr>\n<tr>\n<td class=\"attrLabels\">Distribusjonsland:<\/td>\n<td width=\"50.0%\">Spania, Tyskland, USA<\/td>\n<td class=\"attrLabels\">H\u00f8yde:<\/td>\n<td width=\"50.0%\">42,5 cm<\/td>\n<\/tr>\n<tr>\n<td class=\"attrLabels\">Farge:<\/td>\n<td width=\"50.0%\">S\u00f8lv<\/td>\n<td class=\"attrLabels\">Lang:<\/td>\n<td width=\"50.0%\">96 cm<\/td>\n<\/tr>\n<tr>\n<td class=\"attrLabels\">Produkttype:<\/td>\n<td width=\"50.0%\">Tapekutter<\/td>\n<td class=\"attrLabels\">Bred:<\/td>\n<td width=\"50.0%\">31,5 cm<\/td>\n<\/tr>\n<tr>\n<td class=\"attrLabels\">Produsentnummer:<\/td>\n<td width=\"50.0%\">ARCCCA175<\/td>\n<td class=\"attrLabels\">Klippelengde:<\/td>\n<td width=\"50.0%\">1-99999 mm<\/td>\n<\/tr>\n<tr>\n<td class=\"attrLabels\">Materiale:<\/td>\n<td width=\"50.0%\">rustfritt st\u00e5l, mikrodatamaskin<\/td>\n<td class=\"attrLabels\">Kuttehastighet:<\/td>\n<td width=\"50.0%\">110 strimler per minutt (lengde 50 mm)<\/td>\n<\/tr>\n<tr>\n<td class=\"attrLabels\">Makt:<\/td>\n<td width=\"50.0%\">225W<\/td>\n<td class=\"attrLabels\">Klippebredde:<\/td>\n<td width=\"50.0%\">100 mm<\/td>\n<\/tr>\n<tr>\n<td class=\"attrLabels\">Spenning:<\/td>\n<td width=\"50.0%\">220V 50Hz til 60Hz<\/td>\n<td class=\"attrLabels\">Skj\u00e6retykkelse:<\/td>\n<td width=\"50.0%\">2 mm<\/td>\n<\/tr>\n<\/tbody>\n<\/table>","protected":false},"excerpt":{"rendered":"<h2>Automatisk tapekutter<\/h2>\n<p>Dette <strong>beltekutter <span style=\"color: #ff0000;\">TIL<\/span><span style=\"color: #0000ff;\">R<\/span>c<\/strong> med kaldskj\u00e6refunksjon. Den styres av et mikrodatamaskinkontrollsystem. Hele kutteprosessen er automatisk, enkel og sikker. De <strong>b\u00e5ndkutter<\/strong> Kan brukes til mange forskjellige lengder, som borrel\u00e5s, nylonstropper, etc. De <strong>b\u00e5ndskj\u00e6remaskin <span style=\"color: #ff0000;\">TIL<\/span><span style=\"color: #0000ff;\">R<\/span>c<\/strong> Den har kaldskj\u00e6ringsfunksjon, den er enkel og praktisk \u00e5 bruke. Dette <strong>elektrisk b\u00e5ndskj\u00e6remaskin<\/strong> Den er preget av utmerket skj\u00e6reeffekt, effektivitet og gradfri bearbeiding. Lengden p\u00e5 b\u00e5ndet kan v\u00e6re 50 mm, denne millimeterkutteren kan kutte opptil 110 stykker per minutt.<\/p>\n<h6><strong>Garanti\u00a0<span style=\"color: #ff0000;\">TIL<\/span><span style=\"color: #0000ff;\">R<\/span>C 2 \u00c5R<\/strong><\/h6>\n<h6><span style=\"color: #008000;\">Effektiv automatisk tapekutter, lavt forbruk 225w<\/span><\/h6>\n<h6><strong>teknisk st\u00f8tte inkludert<\/strong><\/h6>","protected":false},"featured_media":4319,"comment_status":"open","ping_status":"closed","template":"","meta":{"wds_primary_product_brand":0,"wds_primary_product_cat":0},"product_brand":[],"product_cat":[69],"product_tag":[],"class_list":{"0":"post-4318","1":"product","2":"type-product","3":"status-publish","4":"has-post-thumbnail","6":"product_cat-maquinas-variadas","7":"product_shipping_class-express","9":"first","10":"instock","11":"sale","12":"taxable","13":"shipping-taxable","14":"purchasable","15":"product-type-simple"},"yoast_head":"<!-- This site is optimized with the Yoast SEO Premium plugin v24.9 (Yoast SEO v26.1) - https:\/\/yoast.com\/wordpress\/plugins\/seo\/ -->\n<title>Cortadora de cinta autom\u00e1tica\u00a0 - distribuci\u00f3n ARC<\/title>\n<meta name=\"robots\" content=\"index, follow, max-snippet:-1, max-image-preview:large, max-video-preview:-1\" \/>\n<link rel=\"canonical\" href=\"https:\/\/distribucionarc.com\/nb\/produkter\/automatisk-tapekutter\/\" \/>\n<meta property=\"og:locale\" content=\"nb_NO\" \/>\n<meta property=\"og:type\" content=\"article\" \/>\n<meta property=\"og:title\" content=\"Cortadora de cinta autom\u00e1tica\u00a0\" \/>\n<meta property=\"og:description\" content=\"Cortadora de cinta autom\u00e1tica Esta cortadora de correas ARC con funci\u00f3n de corte en fr\u00edo. Est\u00e1 controlado por un sistema de control por microordenador. Todo el proceso de corte es autom\u00e1tico, sencillo y seguro. La cortadora de cintas se puede utilizar para muchas correas de diferentes longitudes, tales como correas de velcro, correas de nailon, etc. La m\u00e1quina para corte de cintas ARC cuenta con funci\u00f3n de corte en fr\u00edo, es f\u00e1cil y c\u00f3modo de usar. Esta cortadora el\u00e9ctrica de correas se caracteriza por su excelente efecto de corte, eficiencia y procesamiento sin rebabas. La longitud de la cinta puede ser de 50 mm, esta cortadora milim\u00e9trica puede cortar hasta 110 piezas por minuto. Garant\u00eda\u00a0ARC 2 A\u00d1OS Cortador de cinta autom\u00e1tico eficiente, bajo consumo 225w soporte t\u00e9cnico incluido\" \/>\n<meta property=\"og:url\" content=\"https:\/\/distribucionarc.com\/nb\/produkter\/automatisk-tapekutter\/\" \/>\n<meta property=\"og:site_name\" content=\"distribuci\u00f3n ARC\" \/>\n<meta property=\"og:image\" content=\"https:\/\/distribucionarc.com\/wp-content\/uploads\/2021\/01\/Cortadora-de-cinta-automatica-0.jpg\" \/>\n\t<meta property=\"og:image:width\" content=\"1600\" \/>\n\t<meta property=\"og:image:height\" content=\"1600\" \/>\n\t<meta property=\"og:image:type\" content=\"image\/jpeg\" \/>\n<meta name=\"twitter:card\" content=\"summary_large_image\" \/>\n<meta name=\"twitter:label1\" content=\"Ansl. lesetid\" \/>\n\t<meta name=\"twitter:data1\" content=\"2 minutter\" \/>\n<script type=\"application\/ld+json\" class=\"yoast-schema-graph\">{\"@context\":\"https:\/\/schema.org\",\"@graph\":[{\"@type\":\"WebPage\",\"@id\":\"https:\/\/distribucionarc.com\/pl\/producto\/cortadora-de-cinta-automatica\/\",\"url\":\"https:\/\/distribucionarc.com\/pl\/producto\/cortadora-de-cinta-automatica\/\",\"name\":\"Cortadora de cinta autom\u00e1tica\u00a0 - distribuci\u00f3n ARC\",\"isPartOf\":{\"@id\":\"https:\/\/distribucionarc.com\/de\/#website\"},\"primaryImageOfPage\":{\"@id\":\"https:\/\/distribucionarc.com\/pl\/producto\/cortadora-de-cinta-automatica\/#primaryimage\"},\"image\":{\"@id\":\"https:\/\/distribucionarc.com\/pl\/producto\/cortadora-de-cinta-automatica\/#primaryimage\"},\"thumbnailUrl\":\"https:\/\/distribucionarc.com\/wp-content\/uploads\/2021\/01\/Cortadora-de-cinta-automatica-0.jpg\",\"datePublished\":\"2021-01-28T14:12:22+00:00\",\"breadcrumb\":{\"@id\":\"https:\/\/distribucionarc.com\/pl\/producto\/cortadora-de-cinta-automatica\/#breadcrumb\"},\"inLanguage\":\"nb-NO\",\"potentialAction\":[{\"@type\":\"ReadAction\",\"target\":[\"https:\/\/distribucionarc.com\/pl\/producto\/cortadora-de-cinta-automatica\/\"]}]},{\"@type\":\"ImageObject\",\"inLanguage\":\"nb-NO\",\"@id\":\"https:\/\/distribucionarc.com\/pl\/producto\/cortadora-de-cinta-automatica\/#primaryimage\",\"url\":\"https:\/\/distribucionarc.com\/wp-content\/uploads\/2021\/01\/Cortadora-de-cinta-automatica-0.jpg\",\"contentUrl\":\"https:\/\/distribucionarc.com\/wp-content\/uploads\/2021\/01\/Cortadora-de-cinta-automatica-0.jpg\",\"width\":1600,\"height\":1600,\"caption\":\"Cortadora de cinta autom\u00e1tica\u00a0\"},{\"@type\":\"BreadcrumbList\",\"@id\":\"https:\/\/distribucionarc.com\/pl\/producto\/cortadora-de-cinta-automatica\/#breadcrumb\",\"itemListElement\":[{\"@type\":\"ListItem\",\"position\":1,\"name\":\"Portada\",\"item\":\"https:\/\/distribucionarc.com\/pl\/\"},{\"@type\":\"ListItem\",\"position\":2,\"name\":\"Produkty\",\"item\":\"https:\/\/distribucionarc.com\/pl\/shop\/\"},{\"@type\":\"ListItem\",\"position\":3,\"name\":\"Cortadora de cinta autom\u00e1tica\u00a0\"}]},{\"@type\":\"WebSite\",\"@id\":\"https:\/\/distribucionarc.com\/de\/#website\",\"url\":\"https:\/\/distribucionarc.com\/de\/\",\"name\":\"distribuci\u00f3n ARC\",\"description\":\"Empresa especializada en la fabricaci\u00f3n y distribuci\u00f3n de maquinaria industrial, selladoras de latas, Maquinas de hacer pastillas, Maquinas de cortar carne...\",\"publisher\":{\"@id\":\"https:\/\/distribucionarc.com\/de\/#organization\"},\"potentialAction\":[{\"@type\":\"SearchAction\",\"target\":{\"@type\":\"EntryPoint\",\"urlTemplate\":\"https:\/\/distribucionarc.com\/de\/?s={search_term_string}\"},\"query-input\":{\"@type\":\"PropertyValueSpecification\",\"valueRequired\":true,\"valueName\":\"search_term_string\"}}],\"inLanguage\":\"nb-NO\"},{\"@type\":\"Organization\",\"@id\":\"https:\/\/distribucionarc.com\/de\/#organization\",\"name\":\"Distribuci\u00f3n ARC\",\"url\":\"https:\/\/distribucionarc.com\/de\/\",\"logo\":{\"@type\":\"ImageObject\",\"inLanguage\":\"nb-NO\",\"@id\":\"https:\/\/distribucionarc.com\/de\/#\/schema\/logo\/image\/\",\"url\":\"https:\/\/distribucionarc.com\/wp-content\/uploads\/2024\/10\/distribucion-ARC-COLOR-SIN-FONDO-e1732295305345.png\",\"contentUrl\":\"https:\/\/distribucionarc.com\/wp-content\/uploads\/2024\/10\/distribucion-ARC-COLOR-SIN-FONDO-e1732295305345.png\",\"width\":1164,\"height\":558,\"caption\":\"Distribuci\u00f3n ARC\"},\"image\":{\"@id\":\"https:\/\/distribucionarc.com\/de\/#\/schema\/logo\/image\/\"},\"description\":\"Empresa especializada en la fabricaci\u00f3n y distribuci\u00f3n de maquinaria industrial para los sectores alimentario y farmac\u00e9utico. Nos especializamos en: M\u00e1quinas de cortar carne Fabricaci\u00f3n de comprimidos Sistemas de transporte industrial L\u00edneas de embotellado Dosificadores Y mucho m\u00e1s... Ofrecemos soluciones innovadoras y personalizadas para optimizar los procesos productivos de tu empresa.\",\"email\":\"Admistracion@distribucionarc.com\",\"telephone\":\"+34 643496664\",\"legalName\":\"ARC TECH SOLUTIONS\",\"foundingDate\":\"2024-04-09\",\"vatID\":\"B55480172\",\"numberOfEmployees\":{\"@type\":\"QuantitativeValue\",\"minValue\":\"1\",\"maxValue\":\"10\"}}]}<\/script>\n<!-- \/ Yoast SEO Premium plugin. -->","yoast_head_json":{"title":"Automatisk tapekutter - ARC-fordeling","robots":{"index":"index","follow":"follow","max-snippet":"max-snippet:-1","max-image-preview":"max-image-preview:large","max-video-preview":"max-video-preview:-1"},"canonical":"https:\/\/distribucionarc.com\/nb\/produkter\/automatisk-tapekutter\/","og_locale":"nb_NO","og_type":"article","og_title":"Cortadora de cinta autom\u00e1tica\u00a0","og_description":"Cortadora de cinta autom\u00e1tica Esta cortadora de correas ARC con funci\u00f3n de corte en fr\u00edo. Est\u00e1 controlado por un sistema de control por microordenador. Todo el proceso de corte es autom\u00e1tico, sencillo y seguro. La cortadora de cintas se puede utilizar para muchas correas de diferentes longitudes, tales como correas de velcro, correas de nailon, etc. La m\u00e1quina para corte de cintas ARC cuenta con funci\u00f3n de corte en fr\u00edo, es f\u00e1cil y c\u00f3modo de usar. Esta cortadora el\u00e9ctrica de correas se caracteriza por su excelente efecto de corte, eficiencia y procesamiento sin rebabas. La longitud de la cinta puede ser de 50 mm, esta cortadora milim\u00e9trica puede cortar hasta 110 piezas por minuto. Garant\u00eda\u00a0ARC 2 A\u00d1OS Cortador de cinta autom\u00e1tico eficiente, bajo consumo 225w soporte t\u00e9cnico incluido","og_url":"https:\/\/distribucionarc.com\/nb\/produkter\/automatisk-tapekutter\/","og_site_name":"distribuci\u00f3n ARC","og_image":[{"width":1600,"height":1600,"url":"https:\/\/distribucionarc.com\/wp-content\/uploads\/2021\/01\/Cortadora-de-cinta-automatica-0.jpg","type":"image\/jpeg"}],"twitter_card":"summary_large_image","twitter_misc":{"Ansl. lesetid":"2 minutter"},"schema":{"@context":"https:\/\/schema.org","@graph":[{"@type":"WebPage","@id":"https:\/\/distribucionarc.com\/pl\/producto\/cortadora-de-cinta-automatica\/","url":"https:\/\/distribucionarc.com\/pl\/producto\/cortadora-de-cinta-automatica\/","name":"Automatisk tapekutter - ARC-fordeling","isPartOf":{"@id":"https:\/\/distribucionarc.com\/de\/#website"},"primaryImageOfPage":{"@id":"https:\/\/distribucionarc.com\/pl\/producto\/cortadora-de-cinta-automatica\/#primaryimage"},"image":{"@id":"https:\/\/distribucionarc.com\/pl\/producto\/cortadora-de-cinta-automatica\/#primaryimage"},"thumbnailUrl":"https:\/\/distribucionarc.com\/wp-content\/uploads\/2021\/01\/Cortadora-de-cinta-automatica-0.jpg","datePublished":"2021-01-28T14:12:22+00:00","breadcrumb":{"@id":"https:\/\/distribucionarc.com\/pl\/producto\/cortadora-de-cinta-automatica\/#breadcrumb"},"inLanguage":"nb-NO","potentialAction":[{"@type":"ReadAction","target":["https:\/\/distribucionarc.com\/pl\/producto\/cortadora-de-cinta-automatica\/"]}]},{"@type":"ImageObject","inLanguage":"nb-NO","@id":"https:\/\/distribucionarc.com\/pl\/producto\/cortadora-de-cinta-automatica\/#primaryimage","url":"https:\/\/distribucionarc.com\/wp-content\/uploads\/2021\/01\/Cortadora-de-cinta-automatica-0.jpg","contentUrl":"https:\/\/distribucionarc.com\/wp-content\/uploads\/2021\/01\/Cortadora-de-cinta-automatica-0.jpg","width":1600,"height":1600,"caption":"Cortadora de cinta autom\u00e1tica\u00a0"},{"@type":"BreadcrumbList","@id":"https:\/\/distribucionarc.com\/pl\/producto\/cortadora-de-cinta-automatica\/#breadcrumb","itemListElement":[{"@type":"ListItem","position":1,"name":"Portada","item":"https:\/\/distribucionarc.com\/pl\/"},{"@type":"ListItem","position":2,"name":"Produkty","item":"https:\/\/distribucionarc.com\/pl\/shop\/"},{"@type":"ListItem","position":3,"name":"Cortadora de cinta autom\u00e1tica\u00a0"}]},{"@type":"WebSite","@id":"https:\/\/distribucionarc.com\/de\/#website","url":"https:\/\/distribucionarc.com\/de\/","name":"ARC distribusjon","description":"Selskapet har spesialisert seg p\u00e5 produksjon og distribusjon av industrimaskiner, hermetikkboksforseglingsmaskiner, tablettmaskiner, kj\u00f8ttskj\u00e6remaskiner og...","publisher":{"@id":"https:\/\/distribucionarc.com\/de\/#organization"},"potentialAction":[{"@type":"SearchAction","target":{"@type":"EntryPoint","urlTemplate":"https:\/\/distribucionarc.com\/de\/?s={search_term_string}"},"query-input":{"@type":"PropertyValueSpecification","valueRequired":true,"valueName":"search_term_string"}}],"inLanguage":"nb-NO"},{"@type":"Organization","@id":"https:\/\/distribucionarc.com\/de\/#organization","name":"ARC distribusjon","url":"https:\/\/distribucionarc.com\/de\/","logo":{"@type":"ImageObject","inLanguage":"nb-NO","@id":"https:\/\/distribucionarc.com\/de\/#\/schema\/logo\/image\/","url":"https:\/\/distribucionarc.com\/wp-content\/uploads\/2024\/10\/distribucion-ARC-COLOR-SIN-FONDO-e1732295305345.png","contentUrl":"https:\/\/distribucionarc.com\/wp-content\/uploads\/2024\/10\/distribucion-ARC-COLOR-SIN-FONDO-e1732295305345.png","width":1164,"height":558,"caption":"Distribuci\u00f3n ARC"},"image":{"@id":"https:\/\/distribucionarc.com\/de\/#\/schema\/logo\/image\/"},"description":"Selskap som har spesialisert seg p\u00e5 produksjon og distribusjon av industrimaskiner til n\u00e6ringsmiddel- og farmasisektoren. Vi er spesialister p\u00e5: Kj\u00f8ttskj\u00e6remaskiner Tablettilvirkning Industrielle transportsystemer Tappelinjer Dispensere Og mye mer... Vi tilbyr innovative og skreddersydde l\u00f8sninger for \u00e5 optimalisere bedriftens produksjonsprosesser.","email":"Admistracion@distribucionarc.com","telephone":"+34 643496664","legalName":"ARC TECH SOLUTIONS","foundingDate":"2024-04-09","vatID":"B55480172","numberOfEmployees":{"@type":"QuantitativeValue","minValue":"1","maxValue":"10"}}]}},"_links":{"self":[{"href":"https:\/\/distribucionarc.com\/nb\/wp-json\/wp\/v2\/product\/4318","targetHints":{"allow":["GET"]}}],"collection":[{"href":"https:\/\/distribucionarc.com\/nb\/wp-json\/wp\/v2\/product"}],"about":[{"href":"https:\/\/distribucionarc.com\/nb\/wp-json\/wp\/v2\/types\/product"}],"replies":[{"embeddable":true,"href":"https:\/\/distribucionarc.com\/nb\/wp-json\/wp\/v2\/comments?post=4318"}],"version-history":[{"count":0,"href":"https:\/\/distribucionarc.com\/nb\/wp-json\/wp\/v2\/product\/4318\/revisions"}],"wp:featuredmedia":[{"embeddable":true,"href":"https:\/\/distribucionarc.com\/nb\/wp-json\/wp\/v2\/media\/4319"}],"wp:attachment":[{"href":"https:\/\/distribucionarc.com\/nb\/wp-json\/wp\/v2\/media?parent=4318"}],"wp:term":[{"taxonomy":"product_brand","embeddable":true,"href":"https:\/\/distribucionarc.com\/nb\/wp-json\/wp\/v2\/product_brand?post=4318"},{"taxonomy":"product_cat","embeddable":true,"href":"https:\/\/distribucionarc.com\/nb\/wp-json\/wp\/v2\/product_cat?post=4318"},{"taxonomy":"product_tag","embeddable":true,"href":"https:\/\/distribucionarc.com\/nb\/wp-json\/wp\/v2\/product_tag?post=4318"}],"curies":[{"name":"wp","href":"https:\/\/api.w.org\/{rel}","templated":true}]}}