{"id":4366,"date":"2021-01-29T12:46:54","date_gmt":"2021-01-29T12:46:54","guid":{"rendered":"https:\/\/distribucionarc.com\/?post_type=product&#038;p=4366"},"modified":"2022-11-03T23:48:20","modified_gmt":"2022-11-03T23:48:20","slug":"umiddelbar-fersk-drikkeforsegler","status":"publish","type":"product","link":"https:\/\/distribucionarc.com\/nb\/producto\/selladora-de-bebidas-frescas-instantanea\/","title":{"rendered":"Instant Fresh Beverage Sealer"},"content":{"rendered":"<h3>Instant Fresh Beverage Sealer<\/h3>\n<p>Med\u00a0<strong>beholderlokk\u00a0<span style=\"color: #ff0000;\">TIL<\/span><span style=\"color: #0000ff;\">R<\/span>c<\/strong> Kundene dine vil ikke vente lenge med \u00e5 nyte produktet ditt anbefalt for naturlig juice, shaker, smoothies, kaffe, te med perler, drinker med smaksperler, etc. Dette <strong>Varmeforsegler<\/strong> Det beste alternativet for kundene dine \u00e5 kj\u00f8le seg ned hvor som helst. I tillegg til \u00e5 bevare all smaken og n\u00e6ringsstoffene til produktet, er det <strong>anti drypp tetning<\/strong>\u00a0vil sikre produktet i enhver situasjon.<\/p>\n<p>Prosessen med\u00a0<strong>smoothie-forsegleren\u00a0 <span style=\"color: #ff0000;\">TIL<\/span><span style=\"color: #0000ff;\">R<\/span>CSES225<\/strong> Den er helt automatisk og intelligent, legg til forseglingsrullen du \u00f8nsker for \u00e5 klargj\u00f8re kapningsmaskinen, juster st\u00f8rrelsen og temperaturen du \u00f8nsker, plasser beholderen og trykk p\u00e5 kj\u00f8r-knappen. Dette\u00a0<strong>forseglingsmaskin<\/strong>\u00a0Den er designet for \u00e5 forbli operativ n\u00e5r den er n\u00f8dvendig, og sparer energi n\u00e5r funksjonen ikke er n\u00f8dvendig.<\/p>\n<p>De <strong>termisk kapper for juice<\/strong> Den er laget av rustfritt st\u00e5l for \u00e5 sikre holdbarheten og stabiliteten, den har ventilasjonsgitter for \u00e5 forhindre overoppheting av motoren samt tetningsforseglingen. Han\u00a0 <span style=\"color: #008000;\"><strong>effektiv motor av denne <span style=\"color: #000000;\">Emballasje termoforsegler<\/span> bidrar til lavt energiforbruk<\/strong><\/span>.<\/p>\n<h6>Garanti<strong>\u00a0<\/strong><span style=\"color: #ff0000;\"><strong>TIL<\/strong><\/span><span style=\"color: #0000ff;\"><strong>R<\/strong><\/span><strong>C 2 \u00c5R<\/strong><\/h6>\n<h6><span style=\"color: #008000;\">Effektiv varmeforsegler, lavt forbruk 225W<\/span><\/h6>\n<h6>teknisk st\u00f8tte inkludert<\/h6>\n<p>&nbsp;<\/p>\n<hr \/>\n<ul>\n<li>Temperaturkontrollomr\u00e5de: 0\u00baC-250\u00baC<\/li>\n<li>Inngangsspenning: AC220V<\/li>\n<li>Bruttovekt: 14 kg<\/li>\n<li>Passende koppdiameter: 9,5 cm<\/li>\n<li>Egnet kopph\u00f8yde: mindre enn 17 cm<\/li>\n<\/ul>\n<p>&nbsp;<\/p>\n<table role=\"presentation\" width=\"100%\" cellspacing=\"0\" cellpadding=\"0\">\n<tbody>\n<tr>\n<td class=\"attrLabels\">Garanti:<\/td>\n<td width=\"50.0%\">2 \u00c5R<\/td>\n<\/tr>\n<tr>\n<td class=\"attrLabels\">Farge:<\/td>\n<td width=\"50.0%\">S\u00f8lv<\/td>\n<td class=\"attrLabels\">H\u00f8yde:<\/td>\n<td width=\"50.0%\">65 cm<\/td>\n<\/tr>\n<tr>\n<td class=\"attrLabels\">Distribusjonsland:<\/td>\n<td width=\"50.0%\">Spania, Tyskland, USA<\/td>\n<td class=\"attrLabels\">Lang:<\/td>\n<td width=\"50.0%\">27 cm<\/td>\n<\/tr>\n<tr>\n<td class=\"attrLabels\">Merke:<\/td>\n<td width=\"50.0%\">BUE<\/td>\n<td class=\"attrLabels\">Bred:<\/td>\n<td width=\"50.0%\">\u00a027 cm<\/td>\n<\/tr>\n<tr>\n<td class=\"attrLabels\">Produkttype:<\/td>\n<td width=\"50.0%\">Profesjonell drikkeforsegler<\/td>\n<td class=\"attrLabels\">Makt:<\/td>\n<td width=\"50.0%\">225W<\/td>\n<\/tr>\n<tr>\n<td class=\"attrLabels\">Produsentnummer:<\/td>\n<td width=\"50.0%\">ARCSES225<\/td>\n<td class=\"attrLabels\">Spenning:<\/td>\n<td width=\"50.0%\">220V 50Hz<\/td>\n<\/tr>\n<tr>\n<td class=\"attrLabels\">Materiale:<\/td>\n<td width=\"50.0%\">304 rustfritt st\u00e5l, effektiv motor, temperaturkontroll<\/td>\n<td class=\"attrLabels\">Kopp diameter:<\/td>\n<td width=\"50.0%\">\u00a09,5 cm<\/td>\n<\/tr>\n<tr>\n<td class=\"attrLabels\">Installasjonsverkt\u00f8y:<\/td>\n<td width=\"50.0%\">Ja<\/td>\n<td class=\"attrLabels\">Forseglingshastighet:<\/td>\n<td width=\"50.0%\">10 \u2013 20 per minutt (avhenger av operat\u00f8ren)<\/td>\n<\/tr>\n<tr>\n<td class=\"attrLabels\">Vekt:<\/td>\n<td width=\"50.0%\">14 kg<\/td>\n<td class=\"attrLabels\">Temperaturomr\u00e5der:<\/td>\n<td width=\"50.0%\">50\u00baC \u2013 250\u00baC<\/td>\n<\/tr>\n<\/tbody>\n<\/table>\n<p>&nbsp;<\/p>","protected":false},"excerpt":{"rendered":"<h2>Instant Fresh Beverage Sealer<\/h2>\n<p>Hvis du vil at kundene dine skal beholde alle egenskapene til juice, smoothies, te med p\u00e5legg osv. De\u00a0<strong>halvautomatisk forsegler <span style=\"color: #ff0000;\">TIL<\/span><span style=\"color: #0000ff;\">R<\/span>c<\/strong> Det vil hjelpe deg takket v\u00e6re hastigheten. Prosessen med dette <strong>Smoothies\u00f8mmer<\/strong> semi-automatisk forseglingssystem er kun avhengig av en knapp for \u00e5 aktivere <strong>beholderlokk.<\/strong> Den termoplastiske driften av denne <strong>\u00d8yeblikkelig forsegler for drikkebrett<\/strong> Det er ideelt for kundene dine \u00e5 nyte deres naturlige juice, smoothies osv. n\u00e5r som helst.<\/p>\n<h6>Garanti<strong>\u00a0<\/strong><span style=\"color: #ff0000;\"><strong>TIL<\/strong><\/span><span style=\"color: #0000ff;\"><strong>R<\/strong><\/span><strong>C 2 \u00c5R<\/strong><\/h6>\n<h6><span style=\"color: #008000;\">Effektiv varmeforsegler, lavt forbruk 225W<\/span><\/h6>\n<h6>teknisk st\u00f8tte inkludert<\/h6>","protected":false},"featured_media":4367,"comment_status":"open","ping_status":"closed","template":"","meta":{"wds_primary_product_brand":0,"wds_primary_product_cat":0},"product_brand":[],"product_cat":[45,28],"product_tag":[],"class_list":{"0":"post-4366","1":"product","2":"type-product","3":"status-publish","4":"has-post-thumbnail","6":"product_cat-selladoras-de-induccion","7":"product_cat-tapadoras","8":"product_shipping_class-express","10":"first","11":"instock","12":"sale","13":"taxable","14":"shipping-taxable","15":"purchasable","16":"product-type-simple"},"yoast_head":"<!-- This site is optimized with the Yoast SEO Premium plugin v24.9 (Yoast SEO v26.1) - https:\/\/yoast.com\/wordpress\/plugins\/seo\/ -->\n<title>Selladora de bebidas frescas instant\u00e1nea - distribuci\u00f3n ARC<\/title>\n<meta name=\"robots\" content=\"index, follow, max-snippet:-1, max-image-preview:large, max-video-preview:-1\" \/>\n<link rel=\"canonical\" href=\"https:\/\/distribucionarc.com\/nb\/produkter\/umiddelbar-fersk-drikkeforsegler\/\" \/>\n<meta property=\"og:locale\" content=\"nb_NO\" \/>\n<meta property=\"og:type\" content=\"article\" \/>\n<meta property=\"og:title\" content=\"Selladora de bebidas frescas instant\u00e1nea\" \/>\n<meta property=\"og:description\" content=\"Selladora de bebidas frescas instant\u00e1nea Si quiere que sus clientes conserven todas las propiedades de sus zumos, batidos, t\u00e9 con toppings, etc. La\u00a0selladora semiautom\u00e1tica ARC le ayudar\u00e1 gracias a su velocidad. El proceso con esta Cerradora de batidos de sellado semiautom\u00e1tico solo depende de un bot\u00f3n para accionar la tapadora de envases. El accionamiento termopl\u00e1stico de esta Termoselladora\u00a0de bebidas instant\u00e1nea es ideal para que sus clientes disfruten de sus zumos naturales, batidos, etc, en cualquier momento. Garant\u00eda\u00a0ARC 2 A\u00d1OS Selladora t\u00e9rmica eficiente, bajo consumo 225W soporte t\u00e9cnico\u00a0incluido\" \/>\n<meta property=\"og:url\" content=\"https:\/\/distribucionarc.com\/nb\/produkter\/umiddelbar-fersk-drikkeforsegler\/\" \/>\n<meta property=\"og:site_name\" content=\"distribuci\u00f3n ARC\" \/>\n<meta property=\"article:modified_time\" content=\"2022-11-03T23:48:20+00:00\" \/>\n<meta property=\"og:image\" content=\"https:\/\/distribucionarc.com\/wp-content\/uploads\/2021\/01\/Selladora-de-bebidas-frescas-instantanea-0.jpg\" \/>\n\t<meta property=\"og:image:width\" content=\"500\" \/>\n\t<meta property=\"og:image:height\" content=\"500\" \/>\n\t<meta property=\"og:image:type\" content=\"image\/jpeg\" \/>\n<meta name=\"twitter:card\" content=\"summary_large_image\" \/>\n<meta name=\"twitter:label1\" content=\"Ansl. lesetid\" \/>\n\t<meta name=\"twitter:data1\" content=\"2 minutter\" \/>\n<script type=\"application\/ld+json\" class=\"yoast-schema-graph\">{\"@context\":\"https:\/\/schema.org\",\"@graph\":[{\"@type\":\"WebPage\",\"@id\":\"https:\/\/distribucionarc.com\/it\/producto\/selladora-de-bebidas-frescas-instantanea\/\",\"url\":\"https:\/\/distribucionarc.com\/it\/producto\/selladora-de-bebidas-frescas-instantanea\/\",\"name\":\"Selladora de bebidas frescas instant\u00e1nea - distribuci\u00f3n ARC\",\"isPartOf\":{\"@id\":\"https:\/\/distribucionarc.com\/de\/#website\"},\"primaryImageOfPage\":{\"@id\":\"https:\/\/distribucionarc.com\/it\/producto\/selladora-de-bebidas-frescas-instantanea\/#primaryimage\"},\"image\":{\"@id\":\"https:\/\/distribucionarc.com\/it\/producto\/selladora-de-bebidas-frescas-instantanea\/#primaryimage\"},\"thumbnailUrl\":\"https:\/\/distribucionarc.com\/wp-content\/uploads\/2021\/01\/Selladora-de-bebidas-frescas-instantanea-0.jpg\",\"datePublished\":\"2021-01-29T12:46:54+00:00\",\"dateModified\":\"2022-11-03T23:48:20+00:00\",\"breadcrumb\":{\"@id\":\"https:\/\/distribucionarc.com\/it\/producto\/selladora-de-bebidas-frescas-instantanea\/#breadcrumb\"},\"inLanguage\":\"nb-NO\",\"potentialAction\":[{\"@type\":\"ReadAction\",\"target\":[\"https:\/\/distribucionarc.com\/it\/producto\/selladora-de-bebidas-frescas-instantanea\/\"]}]},{\"@type\":\"ImageObject\",\"inLanguage\":\"nb-NO\",\"@id\":\"https:\/\/distribucionarc.com\/it\/producto\/selladora-de-bebidas-frescas-instantanea\/#primaryimage\",\"url\":\"https:\/\/distribucionarc.com\/wp-content\/uploads\/2021\/01\/Selladora-de-bebidas-frescas-instantanea-0.jpg\",\"contentUrl\":\"https:\/\/distribucionarc.com\/wp-content\/uploads\/2021\/01\/Selladora-de-bebidas-frescas-instantanea-0.jpg\",\"width\":500,\"height\":500,\"caption\":\"Selladora de bebidas frescas instant\u00e1nea\"},{\"@type\":\"BreadcrumbList\",\"@id\":\"https:\/\/distribucionarc.com\/it\/producto\/selladora-de-bebidas-frescas-instantanea\/#breadcrumb\",\"itemListElement\":[{\"@type\":\"ListItem\",\"position\":1,\"name\":\"Portada\",\"item\":\"https:\/\/distribucionarc.com\/pl\/\"},{\"@type\":\"ListItem\",\"position\":2,\"name\":\"Produkty\",\"item\":\"https:\/\/distribucionarc.com\/pl\/shop\/\"},{\"@type\":\"ListItem\",\"position\":3,\"name\":\"Selladora de bebidas frescas instant\u00e1nea\"}]},{\"@type\":\"WebSite\",\"@id\":\"https:\/\/distribucionarc.com\/de\/#website\",\"url\":\"https:\/\/distribucionarc.com\/de\/\",\"name\":\"distribuci\u00f3n ARC\",\"description\":\"Empresa especializada en la fabricaci\u00f3n y distribuci\u00f3n de maquinaria industrial, selladoras de latas, Maquinas de hacer pastillas, Maquinas de cortar carne...\",\"publisher\":{\"@id\":\"https:\/\/distribucionarc.com\/de\/#organization\"},\"potentialAction\":[{\"@type\":\"SearchAction\",\"target\":{\"@type\":\"EntryPoint\",\"urlTemplate\":\"https:\/\/distribucionarc.com\/de\/?s={search_term_string}\"},\"query-input\":{\"@type\":\"PropertyValueSpecification\",\"valueRequired\":true,\"valueName\":\"search_term_string\"}}],\"inLanguage\":\"nb-NO\"},{\"@type\":\"Organization\",\"@id\":\"https:\/\/distribucionarc.com\/de\/#organization\",\"name\":\"Distribuci\u00f3n ARC\",\"url\":\"https:\/\/distribucionarc.com\/de\/\",\"logo\":{\"@type\":\"ImageObject\",\"inLanguage\":\"nb-NO\",\"@id\":\"https:\/\/distribucionarc.com\/de\/#\/schema\/logo\/image\/\",\"url\":\"https:\/\/distribucionarc.com\/wp-content\/uploads\/2024\/10\/distribucion-ARC-COLOR-SIN-FONDO-e1732295305345.png\",\"contentUrl\":\"https:\/\/distribucionarc.com\/wp-content\/uploads\/2024\/10\/distribucion-ARC-COLOR-SIN-FONDO-e1732295305345.png\",\"width\":1164,\"height\":558,\"caption\":\"Distribuci\u00f3n ARC\"},\"image\":{\"@id\":\"https:\/\/distribucionarc.com\/de\/#\/schema\/logo\/image\/\"},\"description\":\"Empresa especializada en la fabricaci\u00f3n y distribuci\u00f3n de maquinaria industrial para los sectores alimentario y farmac\u00e9utico. Nos especializamos en: M\u00e1quinas de cortar carne Fabricaci\u00f3n de comprimidos Sistemas de transporte industrial L\u00edneas de embotellado Dosificadores Y mucho m\u00e1s... Ofrecemos soluciones innovadoras y personalizadas para optimizar los procesos productivos de tu empresa.\",\"email\":\"Admistracion@distribucionarc.com\",\"telephone\":\"+34 643496664\",\"legalName\":\"ARC TECH SOLUTIONS\",\"foundingDate\":\"2024-04-09\",\"vatID\":\"B55480172\",\"numberOfEmployees\":{\"@type\":\"QuantitativeValue\",\"minValue\":\"1\",\"maxValue\":\"10\"}}]}<\/script>\n<!-- \/ Yoast SEO Premium plugin. -->","yoast_head_json":{"title":"Instant fresh beverage sealer - ARC distribusjon","robots":{"index":"index","follow":"follow","max-snippet":"max-snippet:-1","max-image-preview":"max-image-preview:large","max-video-preview":"max-video-preview:-1"},"canonical":"https:\/\/distribucionarc.com\/nb\/produkter\/umiddelbar-fersk-drikkeforsegler\/","og_locale":"nb_NO","og_type":"article","og_title":"Selladora de bebidas frescas instant\u00e1nea","og_description":"Selladora de bebidas frescas instant\u00e1nea Si quiere que sus clientes conserven todas las propiedades de sus zumos, batidos, t\u00e9 con toppings, etc. La\u00a0selladora semiautom\u00e1tica ARC le ayudar\u00e1 gracias a su velocidad. El proceso con esta Cerradora de batidos de sellado semiautom\u00e1tico solo depende de un bot\u00f3n para accionar la tapadora de envases. El accionamiento termopl\u00e1stico de esta Termoselladora\u00a0de bebidas instant\u00e1nea es ideal para que sus clientes disfruten de sus zumos naturales, batidos, etc, en cualquier momento. Garant\u00eda\u00a0ARC 2 A\u00d1OS Selladora t\u00e9rmica eficiente, bajo consumo 225W soporte t\u00e9cnico\u00a0incluido","og_url":"https:\/\/distribucionarc.com\/nb\/produkter\/umiddelbar-fersk-drikkeforsegler\/","og_site_name":"distribuci\u00f3n ARC","article_modified_time":"2022-11-03T23:48:20+00:00","og_image":[{"width":500,"height":500,"url":"https:\/\/distribucionarc.com\/wp-content\/uploads\/2021\/01\/Selladora-de-bebidas-frescas-instantanea-0.jpg","type":"image\/jpeg"}],"twitter_card":"summary_large_image","twitter_misc":{"Ansl. lesetid":"2 minutter"},"schema":{"@context":"https:\/\/schema.org","@graph":[{"@type":"WebPage","@id":"https:\/\/distribucionarc.com\/it\/producto\/selladora-de-bebidas-frescas-instantanea\/","url":"https:\/\/distribucionarc.com\/it\/producto\/selladora-de-bebidas-frescas-instantanea\/","name":"Instant fresh beverage sealer - ARC distribusjon","isPartOf":{"@id":"https:\/\/distribucionarc.com\/de\/#website"},"primaryImageOfPage":{"@id":"https:\/\/distribucionarc.com\/it\/producto\/selladora-de-bebidas-frescas-instantanea\/#primaryimage"},"image":{"@id":"https:\/\/distribucionarc.com\/it\/producto\/selladora-de-bebidas-frescas-instantanea\/#primaryimage"},"thumbnailUrl":"https:\/\/distribucionarc.com\/wp-content\/uploads\/2021\/01\/Selladora-de-bebidas-frescas-instantanea-0.jpg","datePublished":"2021-01-29T12:46:54+00:00","dateModified":"2022-11-03T23:48:20+00:00","breadcrumb":{"@id":"https:\/\/distribucionarc.com\/it\/producto\/selladora-de-bebidas-frescas-instantanea\/#breadcrumb"},"inLanguage":"nb-NO","potentialAction":[{"@type":"ReadAction","target":["https:\/\/distribucionarc.com\/it\/producto\/selladora-de-bebidas-frescas-instantanea\/"]}]},{"@type":"ImageObject","inLanguage":"nb-NO","@id":"https:\/\/distribucionarc.com\/it\/producto\/selladora-de-bebidas-frescas-instantanea\/#primaryimage","url":"https:\/\/distribucionarc.com\/wp-content\/uploads\/2021\/01\/Selladora-de-bebidas-frescas-instantanea-0.jpg","contentUrl":"https:\/\/distribucionarc.com\/wp-content\/uploads\/2021\/01\/Selladora-de-bebidas-frescas-instantanea-0.jpg","width":500,"height":500,"caption":"Selladora de bebidas frescas instant\u00e1nea"},{"@type":"BreadcrumbList","@id":"https:\/\/distribucionarc.com\/it\/producto\/selladora-de-bebidas-frescas-instantanea\/#breadcrumb","itemListElement":[{"@type":"ListItem","position":1,"name":"Portada","item":"https:\/\/distribucionarc.com\/pl\/"},{"@type":"ListItem","position":2,"name":"Produkty","item":"https:\/\/distribucionarc.com\/pl\/shop\/"},{"@type":"ListItem","position":3,"name":"Selladora de bebidas frescas instant\u00e1nea"}]},{"@type":"WebSite","@id":"https:\/\/distribucionarc.com\/de\/#website","url":"https:\/\/distribucionarc.com\/de\/","name":"ARC distribusjon","description":"Selskapet har spesialisert seg p\u00e5 produksjon og distribusjon av industrimaskiner, hermetikkboksforseglingsmaskiner, tablettmaskiner, kj\u00f8ttskj\u00e6remaskiner og...","publisher":{"@id":"https:\/\/distribucionarc.com\/de\/#organization"},"potentialAction":[{"@type":"SearchAction","target":{"@type":"EntryPoint","urlTemplate":"https:\/\/distribucionarc.com\/de\/?s={search_term_string}"},"query-input":{"@type":"PropertyValueSpecification","valueRequired":true,"valueName":"search_term_string"}}],"inLanguage":"nb-NO"},{"@type":"Organization","@id":"https:\/\/distribucionarc.com\/de\/#organization","name":"ARC distribusjon","url":"https:\/\/distribucionarc.com\/de\/","logo":{"@type":"ImageObject","inLanguage":"nb-NO","@id":"https:\/\/distribucionarc.com\/de\/#\/schema\/logo\/image\/","url":"https:\/\/distribucionarc.com\/wp-content\/uploads\/2024\/10\/distribucion-ARC-COLOR-SIN-FONDO-e1732295305345.png","contentUrl":"https:\/\/distribucionarc.com\/wp-content\/uploads\/2024\/10\/distribucion-ARC-COLOR-SIN-FONDO-e1732295305345.png","width":1164,"height":558,"caption":"Distribuci\u00f3n ARC"},"image":{"@id":"https:\/\/distribucionarc.com\/de\/#\/schema\/logo\/image\/"},"description":"Selskap som har spesialisert seg p\u00e5 produksjon og distribusjon av industrimaskiner til n\u00e6ringsmiddel- og farmasisektoren. Vi er spesialister p\u00e5: Kj\u00f8ttskj\u00e6remaskiner Tablettilvirkning Industrielle transportsystemer Tappelinjer Dispensere Og mye mer... Vi tilbyr innovative og skreddersydde l\u00f8sninger for \u00e5 optimalisere bedriftens produksjonsprosesser.","email":"Admistracion@distribucionarc.com","telephone":"+34 643496664","legalName":"ARC TECH SOLUTIONS","foundingDate":"2024-04-09","vatID":"B55480172","numberOfEmployees":{"@type":"QuantitativeValue","minValue":"1","maxValue":"10"}}]}},"_links":{"self":[{"href":"https:\/\/distribucionarc.com\/nb\/wp-json\/wp\/v2\/product\/4366","targetHints":{"allow":["GET"]}}],"collection":[{"href":"https:\/\/distribucionarc.com\/nb\/wp-json\/wp\/v2\/product"}],"about":[{"href":"https:\/\/distribucionarc.com\/nb\/wp-json\/wp\/v2\/types\/product"}],"replies":[{"embeddable":true,"href":"https:\/\/distribucionarc.com\/nb\/wp-json\/wp\/v2\/comments?post=4366"}],"version-history":[{"count":0,"href":"https:\/\/distribucionarc.com\/nb\/wp-json\/wp\/v2\/product\/4366\/revisions"}],"wp:featuredmedia":[{"embeddable":true,"href":"https:\/\/distribucionarc.com\/nb\/wp-json\/wp\/v2\/media\/4367"}],"wp:attachment":[{"href":"https:\/\/distribucionarc.com\/nb\/wp-json\/wp\/v2\/media?parent=4366"}],"wp:term":[{"taxonomy":"product_brand","embeddable":true,"href":"https:\/\/distribucionarc.com\/nb\/wp-json\/wp\/v2\/product_brand?post=4366"},{"taxonomy":"product_cat","embeddable":true,"href":"https:\/\/distribucionarc.com\/nb\/wp-json\/wp\/v2\/product_cat?post=4366"},{"taxonomy":"product_tag","embeddable":true,"href":"https:\/\/distribucionarc.com\/nb\/wp-json\/wp\/v2\/product_tag?post=4366"}],"curies":[{"name":"wp","href":"https:\/\/api.w.org\/{rel}","templated":true}]}}