{"id":437,"date":"2020-04-18T19:36:10","date_gmt":"2020-04-18T19:36:10","guid":{"rendered":"https:\/\/distribucionarc.com\/?post_type=product&#038;p=437"},"modified":"2022-03-01T16:32:24","modified_gmt":"2022-03-01T16:32:24","slug":"posefylling-pakkemaskin-doseringsmaskin-for-pulver-linser-belgfrukter","status":"publish","type":"product","link":"https:\/\/distribucionarc.com\/nb\/producto\/empaquetadora-llenadora-de-bolsas-dosificadora-para-polvo-lentejas-legumbres\/","title":{"rendered":"Ballepresse, pakkemaskin, posefyller, dispenser for pulver, linser og belgfrukter?"},"content":{"rendered":"<h3 class=\"LC20lb DKV0Md\">Posemaskin, ballepresse, pakkemaskin, posefyller, dispenser for pulver, linser og belgfrukter?<\/h3>\n<p>&nbsp;<\/p>\n<p>Pakkemaskin 10g\u27961000g<\/p>\n<p>Med v\u00e5r pakkemaskin kan du ha en effektiv og kvalitetsl\u00f8sning p\u00e5 opptil 5000 poser per dag. Denne maskinen er perfekt produkt.<\/p>\n<p>Pakkesystemet er enkelt, det er et vibrasjonssystem, det setter produktet p\u00e5 toppen. Du kan programmere maskinen med 3 niv\u00e5er: myk\/middels\/rask. Noen produkter fungerer bedre med et eller annet niv\u00e5 som passer best for ditt produkt. beholderen som har en vibrator inni slik at produktet faller ned i den andre beholderen, som vil veie produktet til det n\u00e5r fyllemerket etablert av operat\u00f8ren, det vil stoppe og \u00e5pne porten for \u00e5 dosere det inn i posen<\/p>\n<p>304 rustfritt st\u00e5l finish<\/p>\n<p>Pakkemaskinen v\u00e5r er designet av moduler, hvis den har noen feil m\u00e5 du bare bytte ut modulen, vi har 2 \u00e5rs garanti, maskinene v\u00e5re passerer streng kvalitetskontroll<\/p>\n<p>Spesifikasjoner:<br \/>\nType: MG-999g smart panel pulverfyllingsmaskin<br \/>\nDriftsspenning: kun 220V<br \/>\nEffekt: 180W<br \/>\nHastighet: 10 til 15 poser\/minutt<br \/>\nRekkevidde: 10 \u2796 999 g (kan justeres fritt)<br \/>\nSt\u00f8rrelse: (30 \u2716\ufe0f 50 \u2716\ufe0f 125cm) 11,8&quot; \u2716\ufe0f 19,68&quot; \u2716\ufe0f 48&quot;<br \/>\nN\u00f8yaktighet: 2g (avhengig av materialet du fyller)<br \/>\nMaskinmateriale: Rustfritt st\u00e5l<br \/>\nEgenvekt: 26Kg<br \/>\nPakkevekt: 38 kg (standard treboks)<br \/>\nKvalitetsgaranti: 2 \u00e5r<\/p>\n<p>CE-sertifikat<\/p>\n<p>Her legger vi igjen videoen av maskinen i drift<\/p>\n<p><iframe loading=\"lazy\" src=\"https:\/\/www.youtube.com\/embed\/G3fXjF5u1L4\" width=\"560\" height=\"315\" frameborder=\"0\" allowfullscreen=\"allowfullscreen\"><\/iframe><\/p>","protected":false},"excerpt":{"rendered":"<p>Pakkemaskin 10g\u27961000g<\/p>\n<p>Kvalitet med 2\ufe0f\u20e3 \u00e5rs garanti<\/p>\n<p>Teknisk st\u00f8tte i tilfelle havari<\/p>\n<p>Med v\u00e5r pakkemaskin kan du ha en effektiv og kvalitetsl\u00f8sning opp til 5000 poser per dag, denne maskinen er perfekt, den st\u00f8rste st\u00f8rrelsen som kan dosere uskrellede pean\u00f8tter, dette gir oss en rekke muligheter til \u00e5 dosere alle typer belgfrukter eller annen type produkter.<\/p>","protected":false},"featured_media":445,"comment_status":"open","ping_status":"closed","template":"","meta":{"wds_primary_product_brand":0,"wds_primary_product_cat":0},"product_brand":[],"product_cat":[22,21],"product_tag":[],"class_list":{"0":"post-437","1":"product","2":"type-product","3":"status-publish","4":"has-post-thumbnail","6":"product_cat-llenadora-de-bolsas-granos-y-polvo","7":"product_cat-maquinas-llenadoras","9":"first","10":"instock","11":"sale","12":"taxable","13":"shipping-taxable","14":"purchasable","15":"product-type-simple"},"yoast_head":"<!-- This site is optimized with the Yoast SEO Premium plugin v24.9 (Yoast SEO v26.1) - https:\/\/yoast.com\/wordpress\/plugins\/seo\/ -->\n<title>Empacadora, Empaquetadora, Llenadora de Bolsas, Dosificadora para polvo, Lentejas y Legumbres? - distribuci\u00f3n ARC<\/title>\n<meta name=\"robots\" content=\"index, follow, max-snippet:-1, max-image-preview:large, max-video-preview:-1\" \/>\n<link rel=\"canonical\" href=\"https:\/\/www.distribucionarc.com\/tr\/producto\/empaquetadora-llenadora-de-bolsas-dosificadora-para-polvo-lentejas-legumbres\/\" \/>\n<meta property=\"og:locale\" content=\"nb_NO\" \/>\n<meta property=\"og:type\" content=\"article\" \/>\n<meta property=\"og:title\" content=\"Empacadora, Empaquetadora, Llenadora de Bolsas, Dosificadora para polvo, Lentejas y Legumbres?\" \/>\n<meta property=\"og:description\" content=\"Empaquetadora 10g\u27961000g  Calidad con 2\ufe0f\u20e3 a\u00f1os de garant\u00eda  Soporte t\u00e9cnico en caso de aver\u00eda  Con nuestra m\u00e1quina empaquetadora podr\u00e1 tener un soluci\u00f3n eficaz y de calidad hasta\u00a0 5000 bolsas diarias \u00e9sta m\u00e1quina es perfecta el tama\u00f1o m\u00e1s grande que puede dosificar con cacahuetes sin pelar, esto nos da un abanico de posibilidades para dosificar cualquier tipo de legumbre u otro tipo de productos.\" \/>\n<meta property=\"og:url\" content=\"https:\/\/www.distribucionarc.com\/tr\/producto\/empaquetadora-llenadora-de-bolsas-dosificadora-para-polvo-lentejas-legumbres\/\" \/>\n<meta property=\"og:site_name\" content=\"distribuci\u00f3n ARC\" \/>\n<meta property=\"article:modified_time\" content=\"2022-03-01T16:32:24+00:00\" \/>\n<meta property=\"og:image\" content=\"https:\/\/www.distribucionarc.com\/wp-content\/uploads\/2020\/04\/llenadora_dosificadora_polvos_granos_automatica_0.jpg\" \/>\n\t<meta property=\"og:image:width\" content=\"800\" \/>\n\t<meta property=\"og:image:height\" content=\"800\" \/>\n\t<meta property=\"og:image:type\" content=\"image\/jpeg\" \/>\n<meta name=\"twitter:card\" content=\"summary_large_image\" \/>\n<meta name=\"twitter:label1\" content=\"Ansl. lesetid\" \/>\n\t<meta name=\"twitter:data1\" content=\"1 minutt\" \/>\n<script type=\"application\/ld+json\" class=\"yoast-schema-graph\">{\"@context\":\"https:\/\/schema.org\",\"@graph\":[{\"@type\":\"WebPage\",\"@id\":\"https:\/\/www.distribucionarc.com\/tr\/producto\/empaquetadora-llenadora-de-bolsas-dosificadora-para-polvo-lentejas-legumbres\/\",\"url\":\"https:\/\/www.distribucionarc.com\/tr\/producto\/empaquetadora-llenadora-de-bolsas-dosificadora-para-polvo-lentejas-legumbres\/\",\"name\":\"Empacadora, Empaquetadora, Llenadora de Bolsas, Dosificadora para polvo, Lentejas y Legumbres? - distribuci\u00f3n ARC\",\"isPartOf\":{\"@id\":\"https:\/\/www.distribucionarc.com\/sl\/#website\"},\"primaryImageOfPage\":{\"@id\":\"https:\/\/www.distribucionarc.com\/tr\/producto\/empaquetadora-llenadora-de-bolsas-dosificadora-para-polvo-lentejas-legumbres\/#primaryimage\"},\"image\":{\"@id\":\"https:\/\/www.distribucionarc.com\/tr\/producto\/empaquetadora-llenadora-de-bolsas-dosificadora-para-polvo-lentejas-legumbres\/#primaryimage\"},\"thumbnailUrl\":\"https:\/\/distribucionarc.com\/wp-content\/uploads\/2020\/04\/llenadora_dosificadora_polvos_granos_automatica_0.jpg\",\"datePublished\":\"2020-04-18T19:36:10+00:00\",\"dateModified\":\"2022-03-01T16:32:24+00:00\",\"breadcrumb\":{\"@id\":\"https:\/\/www.distribucionarc.com\/tr\/producto\/empaquetadora-llenadora-de-bolsas-dosificadora-para-polvo-lentejas-legumbres\/#breadcrumb\"},\"inLanguage\":\"nb-NO\",\"potentialAction\":[{\"@type\":\"ReadAction\",\"target\":[\"https:\/\/www.distribucionarc.com\/tr\/producto\/empaquetadora-llenadora-de-bolsas-dosificadora-para-polvo-lentejas-legumbres\/\"]}]},{\"@type\":\"ImageObject\",\"inLanguage\":\"nb-NO\",\"@id\":\"https:\/\/www.distribucionarc.com\/tr\/producto\/empaquetadora-llenadora-de-bolsas-dosificadora-para-polvo-lentejas-legumbres\/#primaryimage\",\"url\":\"https:\/\/distribucionarc.com\/wp-content\/uploads\/2020\/04\/llenadora_dosificadora_polvos_granos_automatica_0.jpg\",\"contentUrl\":\"https:\/\/distribucionarc.com\/wp-content\/uploads\/2020\/04\/llenadora_dosificadora_polvos_granos_automatica_0.jpg\",\"width\":800,\"height\":800},{\"@type\":\"BreadcrumbList\",\"@id\":\"https:\/\/www.distribucionarc.com\/tr\/producto\/empaquetadora-llenadora-de-bolsas-dosificadora-para-polvo-lentejas-legumbres\/#breadcrumb\",\"itemListElement\":[{\"@type\":\"ListItem\",\"position\":1,\"name\":\"Portada\",\"item\":\"https:\/\/www.distribucionarc.com\/\"},{\"@type\":\"ListItem\",\"position\":2,\"name\":\"\u00dcr\u00fcnler\",\"item\":\"https:\/\/www.distribucionarc.com\/tr\/magaza\/\"},{\"@type\":\"ListItem\",\"position\":3,\"name\":\"Empacadora, Empaquetadora, Llenadora de Bolsas, Dosificadora para polvo, Lentejas y Legumbres?\"}]},{\"@type\":\"WebSite\",\"@id\":\"https:\/\/www.distribucionarc.com\/sl\/#website\",\"url\":\"https:\/\/www.distribucionarc.com\/sl\/\",\"name\":\"distribuci\u00f3n ARC\",\"description\":\"Empresa especializada en la fabricaci\u00f3n y distribuci\u00f3n de maquinaria industrial, selladoras de latas, Maquinas de hacer pastillas, Maquinas de cortar carne...\",\"publisher\":{\"@id\":\"https:\/\/www.distribucionarc.com\/sl\/#organization\"},\"potentialAction\":[{\"@type\":\"SearchAction\",\"target\":{\"@type\":\"EntryPoint\",\"urlTemplate\":\"https:\/\/www.distribucionarc.com\/sl\/?s={search_term_string}\"},\"query-input\":{\"@type\":\"PropertyValueSpecification\",\"valueRequired\":true,\"valueName\":\"search_term_string\"}}],\"inLanguage\":\"nb-NO\"},{\"@type\":\"Organization\",\"@id\":\"https:\/\/www.distribucionarc.com\/sl\/#organization\",\"name\":\"Distribuci\u00f3n ARC\",\"url\":\"https:\/\/www.distribucionarc.com\/sl\/\",\"logo\":{\"@type\":\"ImageObject\",\"inLanguage\":\"nb-NO\",\"@id\":\"https:\/\/www.distribucionarc.com\/sl\/#\/schema\/logo\/image\/\",\"url\":\"https:\/\/distribucionarc.com\/wp-content\/uploads\/2024\/10\/distribucion-ARC-COLOR-SIN-FONDO-e1732295305345.png\",\"contentUrl\":\"https:\/\/distribucionarc.com\/wp-content\/uploads\/2024\/10\/distribucion-ARC-COLOR-SIN-FONDO-e1732295305345.png\",\"width\":1164,\"height\":558,\"caption\":\"Distribuci\u00f3n ARC\"},\"image\":{\"@id\":\"https:\/\/www.distribucionarc.com\/sl\/#\/schema\/logo\/image\/\"},\"description\":\"Empresa especializada en la fabricaci\u00f3n y distribuci\u00f3n de maquinaria industrial para los sectores alimentario y farmac\u00e9utico. Nos especializamos en: M\u00e1quinas de cortar carne Fabricaci\u00f3n de comprimidos Sistemas de transporte industrial L\u00edneas de embotellado Dosificadores Y mucho m\u00e1s... Ofrecemos soluciones innovadoras y personalizadas para optimizar los procesos productivos de tu empresa.\",\"email\":\"Admistracion@distribucionarc.com\",\"telephone\":\"+34 643496664\",\"legalName\":\"ARC TECH SOLUTIONS\",\"foundingDate\":\"2024-04-09\",\"vatID\":\"B55480172\",\"numberOfEmployees\":{\"@type\":\"QuantitativeValue\",\"minValue\":\"1\",\"maxValue\":\"10\"}}]}<\/script>\n<!-- \/ Yoast SEO Premium plugin. -->","yoast_head_json":{"title":"Ballepresse, pakkemaskin, posefyller, dispenser for pulver, linser og belgfrukter? - ARC distribusjon","robots":{"index":"index","follow":"follow","max-snippet":"max-snippet:-1","max-image-preview":"max-image-preview:large","max-video-preview":"max-video-preview:-1"},"canonical":"https:\/\/www.distribucionarc.com\/tr\/producto\/empaquetadora-llenadora-de-bolsas-dosificadora-para-polvo-lentejas-legumbres\/","og_locale":"nb_NO","og_type":"article","og_title":"Empacadora, Empaquetadora, Llenadora de Bolsas, Dosificadora para polvo, Lentejas y Legumbres?","og_description":"Empaquetadora 10g\u27961000g  Calidad con 2\ufe0f\u20e3 a\u00f1os de garant\u00eda  Soporte t\u00e9cnico en caso de aver\u00eda  Con nuestra m\u00e1quina empaquetadora podr\u00e1 tener un soluci\u00f3n eficaz y de calidad hasta\u00a0 5000 bolsas diarias \u00e9sta m\u00e1quina es perfecta el tama\u00f1o m\u00e1s grande que puede dosificar con cacahuetes sin pelar, esto nos da un abanico de posibilidades para dosificar cualquier tipo de legumbre u otro tipo de productos.","og_url":"https:\/\/www.distribucionarc.com\/tr\/producto\/empaquetadora-llenadora-de-bolsas-dosificadora-para-polvo-lentejas-legumbres\/","og_site_name":"distribuci\u00f3n ARC","article_modified_time":"2022-03-01T16:32:24+00:00","og_image":[{"width":800,"height":800,"url":"https:\/\/www.distribucionarc.com\/wp-content\/uploads\/2020\/04\/llenadora_dosificadora_polvos_granos_automatica_0.jpg","type":"image\/jpeg"}],"twitter_card":"summary_large_image","twitter_misc":{"Ansl. lesetid":"1 minutt"},"schema":{"@context":"https:\/\/schema.org","@graph":[{"@type":"WebPage","@id":"https:\/\/www.distribucionarc.com\/tr\/producto\/empaquetadora-llenadora-de-bolsas-dosificadora-para-polvo-lentejas-legumbres\/","url":"https:\/\/www.distribucionarc.com\/tr\/producto\/empaquetadora-llenadora-de-bolsas-dosificadora-para-polvo-lentejas-legumbres\/","name":"Ballepresse, pakkemaskin, posefyller, dispenser for pulver, linser og belgfrukter? - ARC distribusjon","isPartOf":{"@id":"https:\/\/www.distribucionarc.com\/sl\/#website"},"primaryImageOfPage":{"@id":"https:\/\/www.distribucionarc.com\/tr\/producto\/empaquetadora-llenadora-de-bolsas-dosificadora-para-polvo-lentejas-legumbres\/#primaryimage"},"image":{"@id":"https:\/\/www.distribucionarc.com\/tr\/producto\/empaquetadora-llenadora-de-bolsas-dosificadora-para-polvo-lentejas-legumbres\/#primaryimage"},"thumbnailUrl":"https:\/\/distribucionarc.com\/wp-content\/uploads\/2020\/04\/llenadora_dosificadora_polvos_granos_automatica_0.jpg","datePublished":"2020-04-18T19:36:10+00:00","dateModified":"2022-03-01T16:32:24+00:00","breadcrumb":{"@id":"https:\/\/www.distribucionarc.com\/tr\/producto\/empaquetadora-llenadora-de-bolsas-dosificadora-para-polvo-lentejas-legumbres\/#breadcrumb"},"inLanguage":"nb-NO","potentialAction":[{"@type":"ReadAction","target":["https:\/\/www.distribucionarc.com\/tr\/producto\/empaquetadora-llenadora-de-bolsas-dosificadora-para-polvo-lentejas-legumbres\/"]}]},{"@type":"ImageObject","inLanguage":"nb-NO","@id":"https:\/\/www.distribucionarc.com\/tr\/producto\/empaquetadora-llenadora-de-bolsas-dosificadora-para-polvo-lentejas-legumbres\/#primaryimage","url":"https:\/\/distribucionarc.com\/wp-content\/uploads\/2020\/04\/llenadora_dosificadora_polvos_granos_automatica_0.jpg","contentUrl":"https:\/\/distribucionarc.com\/wp-content\/uploads\/2020\/04\/llenadora_dosificadora_polvos_granos_automatica_0.jpg","width":800,"height":800},{"@type":"BreadcrumbList","@id":"https:\/\/www.distribucionarc.com\/tr\/producto\/empaquetadora-llenadora-de-bolsas-dosificadora-para-polvo-lentejas-legumbres\/#breadcrumb","itemListElement":[{"@type":"ListItem","position":1,"name":"Portada","item":"https:\/\/www.distribucionarc.com\/"},{"@type":"ListItem","position":2,"name":"\u00dcr\u00fcnler","item":"https:\/\/www.distribucionarc.com\/tr\/magaza\/"},{"@type":"ListItem","position":3,"name":"Empacadora, Empaquetadora, Llenadora de Bolsas, Dosificadora para polvo, Lentejas y Legumbres?"}]},{"@type":"WebSite","@id":"https:\/\/www.distribucionarc.com\/sl\/#website","url":"https:\/\/www.distribucionarc.com\/sl\/","name":"ARC distribusjon","description":"Selskapet har spesialisert seg p\u00e5 produksjon og distribusjon av industrimaskiner, hermetikkboksforseglingsmaskiner, tablettmaskiner, kj\u00f8ttskj\u00e6remaskiner og...","publisher":{"@id":"https:\/\/www.distribucionarc.com\/sl\/#organization"},"potentialAction":[{"@type":"SearchAction","target":{"@type":"EntryPoint","urlTemplate":"https:\/\/www.distribucionarc.com\/sl\/?s={search_term_string}"},"query-input":{"@type":"PropertyValueSpecification","valueRequired":true,"valueName":"search_term_string"}}],"inLanguage":"nb-NO"},{"@type":"Organization","@id":"https:\/\/www.distribucionarc.com\/sl\/#organization","name":"ARC distribusjon","url":"https:\/\/www.distribucionarc.com\/sl\/","logo":{"@type":"ImageObject","inLanguage":"nb-NO","@id":"https:\/\/www.distribucionarc.com\/sl\/#\/schema\/logo\/image\/","url":"https:\/\/distribucionarc.com\/wp-content\/uploads\/2024\/10\/distribucion-ARC-COLOR-SIN-FONDO-e1732295305345.png","contentUrl":"https:\/\/distribucionarc.com\/wp-content\/uploads\/2024\/10\/distribucion-ARC-COLOR-SIN-FONDO-e1732295305345.png","width":1164,"height":558,"caption":"Distribuci\u00f3n ARC"},"image":{"@id":"https:\/\/www.distribucionarc.com\/sl\/#\/schema\/logo\/image\/"},"description":"Selskap som har spesialisert seg p\u00e5 produksjon og distribusjon av industrimaskiner til n\u00e6ringsmiddel- og farmasisektoren. Vi er spesialister p\u00e5: Kj\u00f8ttskj\u00e6remaskiner Tablettilvirkning Industrielle transportsystemer Tappelinjer Dispensere Og mye mer... Vi tilbyr innovative og skreddersydde l\u00f8sninger for \u00e5 optimalisere bedriftens produksjonsprosesser.","email":"Admistracion@distribucionarc.com","telephone":"+34 643496664","legalName":"ARC TECH SOLUTIONS","foundingDate":"2024-04-09","vatID":"B55480172","numberOfEmployees":{"@type":"QuantitativeValue","minValue":"1","maxValue":"10"}}]}},"_links":{"self":[{"href":"https:\/\/distribucionarc.com\/nb\/wp-json\/wp\/v2\/product\/437","targetHints":{"allow":["GET"]}}],"collection":[{"href":"https:\/\/distribucionarc.com\/nb\/wp-json\/wp\/v2\/product"}],"about":[{"href":"https:\/\/distribucionarc.com\/nb\/wp-json\/wp\/v2\/types\/product"}],"replies":[{"embeddable":true,"href":"https:\/\/distribucionarc.com\/nb\/wp-json\/wp\/v2\/comments?post=437"}],"version-history":[{"count":0,"href":"https:\/\/distribucionarc.com\/nb\/wp-json\/wp\/v2\/product\/437\/revisions"}],"wp:featuredmedia":[{"embeddable":true,"href":"https:\/\/distribucionarc.com\/nb\/wp-json\/wp\/v2\/media\/445"}],"wp:attachment":[{"href":"https:\/\/distribucionarc.com\/nb\/wp-json\/wp\/v2\/media?parent=437"}],"wp:term":[{"taxonomy":"product_brand","embeddable":true,"href":"https:\/\/distribucionarc.com\/nb\/wp-json\/wp\/v2\/product_brand?post=437"},{"taxonomy":"product_cat","embeddable":true,"href":"https:\/\/distribucionarc.com\/nb\/wp-json\/wp\/v2\/product_cat?post=437"},{"taxonomy":"product_tag","embeddable":true,"href":"https:\/\/distribucionarc.com\/nb\/wp-json\/wp\/v2\/product_tag?post=437"}],"curies":[{"name":"wp","href":"https:\/\/api.w.org\/{rel}","templated":true}]}}