{"id":450,"date":"2020-04-18T22:50:14","date_gmt":"2020-04-18T22:50:14","guid":{"rendered":"https:\/\/distribucionarc.com\/?post_type=product&#038;p=450"},"modified":"2020-11-17T07:04:34","modified_gmt":"2020-11-17T07:04:34","slug":"pakkemaskin-posefyllingsdosemaskin-for-pulverlinser-belgfrukter%f0%9f%a5%9c","status":"publish","type":"product","link":"https:\/\/distribucionarc.com\/nb\/producto\/empacadora-empaquetadora-llenadora-de-bolsas-dosificadora-para-polvo-lentejas-legumbres%f0%9f%a5%9c\/","title":{"rendered":"Ballepresse, pakkemaskin, posefyller, dispenser for pulver, linser, belgfrukter?"},"content":{"rendered":"<h3 class=\"LC20lb DKV0Md\">Posemaskin, ballepresse, pakkemaskin, posefyller, dispenser for pulver, linser og belgfrukter?<\/h3>\n<p>&nbsp;<\/p>\n<p>Pakkemaskin 2g\u2796200g<\/p>\n<p>Med v\u00e5r pakkemaskin kan du ha en effektiv og kvalitetsl\u00f8sning p\u00e5 opptil 5000 poser per dag. Denne maskinen er perfekt, den st\u00f8rste st\u00f8rrelsen som kan dispensere med skrellede pean\u00f8tter type produkt.<\/p>\n<p>Pakkesystemet er enkelt, det er et vibrasjonssystem, det setter produktet p\u00e5 toppen, du kan programmere maskinen med tre niv\u00e5er myk\/middels\/rask, noen produkter fungerer bedre med niv\u00e5 eller andre, du m\u00e5 velge det som passer produktet ditt. Beholderen inni vil vibrere slik at produktet faller ned i den andre beholderen som vil veie produktet n\u00e5r det n\u00e5r det etablerte fyllemerket. Den stopper og n\u00e5r posen n\u00e6rmer seg, vil sensoren oppdage den og \u00e5pne d\u00f8ren automatisk eller manuelt pedalen.<\/p>\n<ul>\n<li>Halvautomatisk maskin designet av utmerkede ingeni\u00f8rer som n\u00f8ye studerer bruken av mikrodatamaskinkontroll med optisk teknologi, h\u00f8y presisjon, rask og god kvalitet for \u00e5 l\u00f8se den kjedelige pakkingsprosessen til tradisjonelle.<\/li>\n<li>Komponentene er egnet for: mat, fr\u00f8, frukt, kjemikalier i form av korn og legemidler, ikke-klebrig mikro og sm\u00e5 faste materialer.<\/li>\n<li>Anbefalte materialer: Mel, melkepulver, kjemiske pulvere, spiselige pulvere, kaffepulver, fr\u00f8, b\u00f8nner, ris, granulat, urter, korn, salt, sukker, krydder, kjemiske forbindelser, elektroniske komponenter, maskinvarekomponenter, etc.<\/li>\n<\/ul>\n<p>304 rustfritt st\u00e5l finish<\/p>\n<p>V\u00e5r emballasjemaskin er designet av moduler, hvis den har noen feil trenger du bare \u00e5 bytte ut modulen, vi har 2 \u00e5rs garanti p\u00e5 v\u00e5re maskiner, og passerer en streng kvalitetskontroll f\u00f8r den selges.<\/p>\n<ul>\n<li>Mikrodatamaskin med selv-energikontroll, slik at dispenseringen er mye mer presis og n\u00f8yaktig.<\/li>\n<li>Dispenseringsprosessen er rask og helautomatisert.<\/li>\n<li>Alle kontaktdeler er laget av rustfritt st\u00e5l, s\u00e5 intet materiale er forurenset.<\/li>\n<li>Dobbel sjokkstruktur slik at maskinen g\u00e5r jevnt med lavt st\u00f8yniv\u00e5.<\/li>\n<li>Den er liten i st\u00f8rrelse og lett i vekt.<\/li>\n<li>Bruker minimalt med energi.<\/li>\n<li>Skr\u00e5kastf\u00f4r som ikke klemmer eller skader materialer.<\/li>\n<li>Viser vekt og antall pakker.<\/li>\n<li>Justerbar p\u00e5fyllingshastighet.<\/li>\n<li>Du kan stille inn en alarm for overvekt.<\/li>\n<li>Kapasitet: 2\u2796 200g per nedlasting.<\/li>\n<li>Gjennomsnittlig hastighet: opptil 15 nedlastinger per minutt.<\/li>\n<li>Beholderm\u00e5l: 20 cm diameter x 16 cm h\u00f8yde.<\/li>\n<li>Inngangsspenning: 220V\/110V<\/li>\n<\/ul>\n<p>Kvalitetsgaranti: 2 \u00e5r<\/p>\n<p>CE-sertifikat<\/p>\n<p>Her legger vi igjen videoen av maskinen i drift<\/p>\n<p><iframe loading=\"lazy\" src=\"https:\/\/www.youtube.com\/embed\/hWMSdtFaN28\" width=\"560\" height=\"315\" frameborder=\"0\" allowfullscreen=\"allowfullscreen\"><\/iframe><\/p>","protected":false},"excerpt":{"rendered":"<p>Pakkemaskin 2g\u2796200g<\/p>\n<p>Kvalitet med 2\ufe0f\u20e3 \u00e5rs garanti<\/p>\n<p>Teknisk st\u00f8tte i tilfelle havari<\/p>\n<p>Med v\u00e5r pakkemaskin kan du ha en effektiv og kvalitetsl\u00f8sning p\u00e5 opptil 5000 poser per dag. Denne maskinen er perfekt. Den st\u00f8rste st\u00f8rrelsen den kan ta ut er skrellede pean\u00f8tter type produkt.<\/p>","protected":false},"featured_media":458,"comment_status":"open","ping_status":"closed","template":"","meta":{"wds_primary_product_brand":0,"wds_primary_product_cat":0},"product_brand":[],"product_cat":[22,21],"product_tag":[],"class_list":{"0":"post-450","1":"product","2":"type-product","3":"status-publish","4":"has-post-thumbnail","6":"product_cat-llenadora-de-bolsas-granos-y-polvo","7":"product_cat-maquinas-llenadoras","9":"first","10":"instock","11":"sale","12":"taxable","13":"shipping-taxable","14":"purchasable","15":"product-type-simple"},"yoast_head":"<!-- This site is optimized with the Yoast SEO Premium plugin v24.9 (Yoast SEO v26.1) - https:\/\/yoast.com\/wordpress\/plugins\/seo\/ -->\n<title>Empacadora, Empaquetadora, Llenadora de Bolsas, Dosificadora para Polvo, Lentejas, Legumbres? - distribuci\u00f3n ARC<\/title>\n<meta name=\"robots\" content=\"index, follow, max-snippet:-1, max-image-preview:large, max-video-preview:-1\" \/>\n<link rel=\"canonical\" href=\"https:\/\/distribucionarc.com\/nb\/produkter\/pakkemaskin-posefyllingsdosemaskin-for-pulverlinser-belgfrukter\ud83e\udd5c\/\" \/>\n<meta property=\"og:locale\" content=\"nb_NO\" \/>\n<meta property=\"og:type\" content=\"article\" \/>\n<meta property=\"og:title\" content=\"Empacadora, Empaquetadora, Llenadora de Bolsas, Dosificadora para Polvo, Lentejas, Legumbres?\" \/>\n<meta property=\"og:description\" content=\"Empaquetadora 2g\u2796200g  Calidad con 2\ufe0f\u20e3 a\u00f1os de garant\u00eda  Soporte t\u00e9cnico en caso de aver\u00eda  Con nuestra m\u00e1quina empaquetadora podr\u00e1 tener un soluci\u00f3n eficaz y de calidad hasta\u00a0 5000 bolsas diarias Esta m\u00e1quina es perfecta el tama\u00f1o mas grande que puede dosificar son cacahuetes pelados\u00a0 esto nos da un abanico de posibilidades para dosificar cualquier tipo de legumbre u otro tipo de productos.\" \/>\n<meta property=\"og:url\" content=\"https:\/\/distribucionarc.com\/nb\/produkter\/pakkemaskin-posefyllingsdosemaskin-for-pulverlinser-belgfrukter\ud83e\udd5c\/\" \/>\n<meta property=\"og:site_name\" content=\"distribuci\u00f3n ARC\" \/>\n<meta property=\"article:modified_time\" content=\"2020-11-17T07:04:34+00:00\" \/>\n<meta property=\"og:image\" content=\"https:\/\/distribucionarc.com\/wp-content\/uploads\/2020\/04\/empaquetadora_llenadora_de_bolsas_dosificadora_para_polvo_0.jpg\" \/>\n\t<meta property=\"og:image:width\" content=\"1600\" \/>\n\t<meta property=\"og:image:height\" content=\"1600\" \/>\n\t<meta property=\"og:image:type\" content=\"image\/jpeg\" \/>\n<meta name=\"twitter:card\" content=\"summary_large_image\" \/>\n<meta name=\"twitter:label1\" content=\"Ansl. lesetid\" \/>\n\t<meta name=\"twitter:data1\" content=\"2 minutter\" \/>\n<script type=\"application\/ld+json\" class=\"yoast-schema-graph\">{\"@context\":\"https:\/\/schema.org\",\"@graph\":[{\"@type\":\"WebPage\",\"@id\":\"https:\/\/distribucionarc.com\/en\/producto\/empacadora-empaquetadora-llenadora-de-bolsas-dosificadora-para-polvo-lentejas-legumbres%f0%9f%a5%9c\/\",\"url\":\"https:\/\/distribucionarc.com\/en\/producto\/empacadora-empaquetadora-llenadora-de-bolsas-dosificadora-para-polvo-lentejas-legumbres%f0%9f%a5%9c\/\",\"name\":\"Empacadora, Empaquetadora, Llenadora de Bolsas, Dosificadora para Polvo, Lentejas, Legumbres? - distribuci\u00f3n ARC\",\"isPartOf\":{\"@id\":\"https:\/\/distribucionarc.com\/de\/#website\"},\"primaryImageOfPage\":{\"@id\":\"https:\/\/distribucionarc.com\/en\/producto\/empacadora-empaquetadora-llenadora-de-bolsas-dosificadora-para-polvo-lentejas-legumbres%f0%9f%a5%9c\/#primaryimage\"},\"image\":{\"@id\":\"https:\/\/distribucionarc.com\/en\/producto\/empacadora-empaquetadora-llenadora-de-bolsas-dosificadora-para-polvo-lentejas-legumbres%f0%9f%a5%9c\/#primaryimage\"},\"thumbnailUrl\":\"https:\/\/distribucionarc.com\/wp-content\/uploads\/2020\/04\/empaquetadora_llenadora_de_bolsas_dosificadora_para_polvo_0.jpg\",\"datePublished\":\"2020-04-18T22:50:14+00:00\",\"dateModified\":\"2020-11-17T07:04:34+00:00\",\"breadcrumb\":{\"@id\":\"https:\/\/distribucionarc.com\/en\/producto\/empacadora-empaquetadora-llenadora-de-bolsas-dosificadora-para-polvo-lentejas-legumbres%f0%9f%a5%9c\/#breadcrumb\"},\"inLanguage\":\"nb-NO\",\"potentialAction\":[{\"@type\":\"ReadAction\",\"target\":[\"https:\/\/distribucionarc.com\/en\/producto\/empacadora-empaquetadora-llenadora-de-bolsas-dosificadora-para-polvo-lentejas-legumbres%f0%9f%a5%9c\/\"]}]},{\"@type\":\"ImageObject\",\"inLanguage\":\"nb-NO\",\"@id\":\"https:\/\/distribucionarc.com\/en\/producto\/empacadora-empaquetadora-llenadora-de-bolsas-dosificadora-para-polvo-lentejas-legumbres%f0%9f%a5%9c\/#primaryimage\",\"url\":\"https:\/\/distribucionarc.com\/wp-content\/uploads\/2020\/04\/empaquetadora_llenadora_de_bolsas_dosificadora_para_polvo_0.jpg\",\"contentUrl\":\"https:\/\/distribucionarc.com\/wp-content\/uploads\/2020\/04\/empaquetadora_llenadora_de_bolsas_dosificadora_para_polvo_0.jpg\",\"width\":1600,\"height\":1600},{\"@type\":\"BreadcrumbList\",\"@id\":\"https:\/\/distribucionarc.com\/en\/producto\/empacadora-empaquetadora-llenadora-de-bolsas-dosificadora-para-polvo-lentejas-legumbres%f0%9f%a5%9c\/#breadcrumb\",\"itemListElement\":[{\"@type\":\"ListItem\",\"position\":1,\"name\":\"Portada\",\"item\":\"https:\/\/distribucionarc.com\/pl\/\"},{\"@type\":\"ListItem\",\"position\":2,\"name\":\"Produkty\",\"item\":\"https:\/\/distribucionarc.com\/pl\/shop\/\"},{\"@type\":\"ListItem\",\"position\":3,\"name\":\"Empacadora, Empaquetadora, Llenadora de Bolsas, Dosificadora para Polvo, Lentejas, Legumbres?\"}]},{\"@type\":\"WebSite\",\"@id\":\"https:\/\/distribucionarc.com\/de\/#website\",\"url\":\"https:\/\/distribucionarc.com\/de\/\",\"name\":\"distribuci\u00f3n ARC\",\"description\":\"Empresa especializada en la fabricaci\u00f3n y distribuci\u00f3n de maquinaria industrial, selladoras de latas, Maquinas de hacer pastillas, Maquinas de cortar carne...\",\"publisher\":{\"@id\":\"https:\/\/distribucionarc.com\/de\/#organization\"},\"potentialAction\":[{\"@type\":\"SearchAction\",\"target\":{\"@type\":\"EntryPoint\",\"urlTemplate\":\"https:\/\/distribucionarc.com\/de\/?s={search_term_string}\"},\"query-input\":{\"@type\":\"PropertyValueSpecification\",\"valueRequired\":true,\"valueName\":\"search_term_string\"}}],\"inLanguage\":\"nb-NO\"},{\"@type\":\"Organization\",\"@id\":\"https:\/\/distribucionarc.com\/de\/#organization\",\"name\":\"Distribuci\u00f3n ARC\",\"url\":\"https:\/\/distribucionarc.com\/de\/\",\"logo\":{\"@type\":\"ImageObject\",\"inLanguage\":\"nb-NO\",\"@id\":\"https:\/\/distribucionarc.com\/de\/#\/schema\/logo\/image\/\",\"url\":\"https:\/\/distribucionarc.com\/wp-content\/uploads\/2024\/10\/distribucion-ARC-COLOR-SIN-FONDO-e1732295305345.png\",\"contentUrl\":\"https:\/\/distribucionarc.com\/wp-content\/uploads\/2024\/10\/distribucion-ARC-COLOR-SIN-FONDO-e1732295305345.png\",\"width\":1164,\"height\":558,\"caption\":\"Distribuci\u00f3n ARC\"},\"image\":{\"@id\":\"https:\/\/distribucionarc.com\/de\/#\/schema\/logo\/image\/\"},\"description\":\"Empresa especializada en la fabricaci\u00f3n y distribuci\u00f3n de maquinaria industrial para los sectores alimentario y farmac\u00e9utico. Nos especializamos en: M\u00e1quinas de cortar carne Fabricaci\u00f3n de comprimidos Sistemas de transporte industrial L\u00edneas de embotellado Dosificadores Y mucho m\u00e1s... Ofrecemos soluciones innovadoras y personalizadas para optimizar los procesos productivos de tu empresa.\",\"email\":\"Admistracion@distribucionarc.com\",\"telephone\":\"+34 643496664\",\"legalName\":\"ARC TECH SOLUTIONS\",\"foundingDate\":\"2024-04-09\",\"vatID\":\"B55480172\",\"numberOfEmployees\":{\"@type\":\"QuantitativeValue\",\"minValue\":\"1\",\"maxValue\":\"10\"}}]}<\/script>\n<!-- \/ Yoast SEO Premium plugin. -->","yoast_head_json":{"title":"Ballepresse, pakkemaskin, posefyller, dispenser for pulver, linser, belgfrukter? - ARC distribusjon","robots":{"index":"index","follow":"follow","max-snippet":"max-snippet:-1","max-image-preview":"max-image-preview:large","max-video-preview":"max-video-preview:-1"},"canonical":"https:\/\/distribucionarc.com\/nb\/produkter\/pakkemaskin-posefyllingsdosemaskin-for-pulverlinser-belgfrukter\ud83e\udd5c\/","og_locale":"nb_NO","og_type":"article","og_title":"Empacadora, Empaquetadora, Llenadora de Bolsas, Dosificadora para Polvo, Lentejas, Legumbres?","og_description":"Empaquetadora 2g\u2796200g  Calidad con 2\ufe0f\u20e3 a\u00f1os de garant\u00eda  Soporte t\u00e9cnico en caso de aver\u00eda  Con nuestra m\u00e1quina empaquetadora podr\u00e1 tener un soluci\u00f3n eficaz y de calidad hasta\u00a0 5000 bolsas diarias Esta m\u00e1quina es perfecta el tama\u00f1o mas grande que puede dosificar son cacahuetes pelados\u00a0 esto nos da un abanico de posibilidades para dosificar cualquier tipo de legumbre u otro tipo de productos.","og_url":"https:\/\/distribucionarc.com\/nb\/produkter\/pakkemaskin-posefyllingsdosemaskin-for-pulverlinser-belgfrukter\ud83e\udd5c\/","og_site_name":"distribuci\u00f3n ARC","article_modified_time":"2020-11-17T07:04:34+00:00","og_image":[{"width":1600,"height":1600,"url":"https:\/\/distribucionarc.com\/wp-content\/uploads\/2020\/04\/empaquetadora_llenadora_de_bolsas_dosificadora_para_polvo_0.jpg","type":"image\/jpeg"}],"twitter_card":"summary_large_image","twitter_misc":{"Ansl. lesetid":"2 minutter"},"schema":{"@context":"https:\/\/schema.org","@graph":[{"@type":"WebPage","@id":"https:\/\/distribucionarc.com\/en\/producto\/empacadora-empaquetadora-llenadora-de-bolsas-dosificadora-para-polvo-lentejas-legumbres%f0%9f%a5%9c\/","url":"https:\/\/distribucionarc.com\/en\/producto\/empacadora-empaquetadora-llenadora-de-bolsas-dosificadora-para-polvo-lentejas-legumbres%f0%9f%a5%9c\/","name":"Ballepresse, pakkemaskin, posefyller, dispenser for pulver, linser, belgfrukter? - ARC distribusjon","isPartOf":{"@id":"https:\/\/distribucionarc.com\/de\/#website"},"primaryImageOfPage":{"@id":"https:\/\/distribucionarc.com\/en\/producto\/empacadora-empaquetadora-llenadora-de-bolsas-dosificadora-para-polvo-lentejas-legumbres%f0%9f%a5%9c\/#primaryimage"},"image":{"@id":"https:\/\/distribucionarc.com\/en\/producto\/empacadora-empaquetadora-llenadora-de-bolsas-dosificadora-para-polvo-lentejas-legumbres%f0%9f%a5%9c\/#primaryimage"},"thumbnailUrl":"https:\/\/distribucionarc.com\/wp-content\/uploads\/2020\/04\/empaquetadora_llenadora_de_bolsas_dosificadora_para_polvo_0.jpg","datePublished":"2020-04-18T22:50:14+00:00","dateModified":"2020-11-17T07:04:34+00:00","breadcrumb":{"@id":"https:\/\/distribucionarc.com\/en\/producto\/empacadora-empaquetadora-llenadora-de-bolsas-dosificadora-para-polvo-lentejas-legumbres%f0%9f%a5%9c\/#breadcrumb"},"inLanguage":"nb-NO","potentialAction":[{"@type":"ReadAction","target":["https:\/\/distribucionarc.com\/en\/producto\/empacadora-empaquetadora-llenadora-de-bolsas-dosificadora-para-polvo-lentejas-legumbres%f0%9f%a5%9c\/"]}]},{"@type":"ImageObject","inLanguage":"nb-NO","@id":"https:\/\/distribucionarc.com\/en\/producto\/empacadora-empaquetadora-llenadora-de-bolsas-dosificadora-para-polvo-lentejas-legumbres%f0%9f%a5%9c\/#primaryimage","url":"https:\/\/distribucionarc.com\/wp-content\/uploads\/2020\/04\/empaquetadora_llenadora_de_bolsas_dosificadora_para_polvo_0.jpg","contentUrl":"https:\/\/distribucionarc.com\/wp-content\/uploads\/2020\/04\/empaquetadora_llenadora_de_bolsas_dosificadora_para_polvo_0.jpg","width":1600,"height":1600},{"@type":"BreadcrumbList","@id":"https:\/\/distribucionarc.com\/en\/producto\/empacadora-empaquetadora-llenadora-de-bolsas-dosificadora-para-polvo-lentejas-legumbres%f0%9f%a5%9c\/#breadcrumb","itemListElement":[{"@type":"ListItem","position":1,"name":"Portada","item":"https:\/\/distribucionarc.com\/pl\/"},{"@type":"ListItem","position":2,"name":"Produkty","item":"https:\/\/distribucionarc.com\/pl\/shop\/"},{"@type":"ListItem","position":3,"name":"Empacadora, Empaquetadora, Llenadora de Bolsas, Dosificadora para Polvo, Lentejas, Legumbres?"}]},{"@type":"WebSite","@id":"https:\/\/distribucionarc.com\/de\/#website","url":"https:\/\/distribucionarc.com\/de\/","name":"ARC distribusjon","description":"Selskapet har spesialisert seg p\u00e5 produksjon og distribusjon av industrimaskiner, hermetikkboksforseglingsmaskiner, tablettmaskiner, kj\u00f8ttskj\u00e6remaskiner og...","publisher":{"@id":"https:\/\/distribucionarc.com\/de\/#organization"},"potentialAction":[{"@type":"SearchAction","target":{"@type":"EntryPoint","urlTemplate":"https:\/\/distribucionarc.com\/de\/?s={search_term_string}"},"query-input":{"@type":"PropertyValueSpecification","valueRequired":true,"valueName":"search_term_string"}}],"inLanguage":"nb-NO"},{"@type":"Organization","@id":"https:\/\/distribucionarc.com\/de\/#organization","name":"ARC distribusjon","url":"https:\/\/distribucionarc.com\/de\/","logo":{"@type":"ImageObject","inLanguage":"nb-NO","@id":"https:\/\/distribucionarc.com\/de\/#\/schema\/logo\/image\/","url":"https:\/\/distribucionarc.com\/wp-content\/uploads\/2024\/10\/distribucion-ARC-COLOR-SIN-FONDO-e1732295305345.png","contentUrl":"https:\/\/distribucionarc.com\/wp-content\/uploads\/2024\/10\/distribucion-ARC-COLOR-SIN-FONDO-e1732295305345.png","width":1164,"height":558,"caption":"Distribuci\u00f3n ARC"},"image":{"@id":"https:\/\/distribucionarc.com\/de\/#\/schema\/logo\/image\/"},"description":"Selskap som har spesialisert seg p\u00e5 produksjon og distribusjon av industrimaskiner til n\u00e6ringsmiddel- og farmasisektoren. Vi er spesialister p\u00e5: Kj\u00f8ttskj\u00e6remaskiner Tablettilvirkning Industrielle transportsystemer Tappelinjer Dispensere Og mye mer... Vi tilbyr innovative og skreddersydde l\u00f8sninger for \u00e5 optimalisere bedriftens produksjonsprosesser.","email":"Admistracion@distribucionarc.com","telephone":"+34 643496664","legalName":"ARC TECH SOLUTIONS","foundingDate":"2024-04-09","vatID":"B55480172","numberOfEmployees":{"@type":"QuantitativeValue","minValue":"1","maxValue":"10"}}]}},"_links":{"self":[{"href":"https:\/\/distribucionarc.com\/nb\/wp-json\/wp\/v2\/product\/450","targetHints":{"allow":["GET"]}}],"collection":[{"href":"https:\/\/distribucionarc.com\/nb\/wp-json\/wp\/v2\/product"}],"about":[{"href":"https:\/\/distribucionarc.com\/nb\/wp-json\/wp\/v2\/types\/product"}],"replies":[{"embeddable":true,"href":"https:\/\/distribucionarc.com\/nb\/wp-json\/wp\/v2\/comments?post=450"}],"version-history":[{"count":0,"href":"https:\/\/distribucionarc.com\/nb\/wp-json\/wp\/v2\/product\/450\/revisions"}],"wp:featuredmedia":[{"embeddable":true,"href":"https:\/\/distribucionarc.com\/nb\/wp-json\/wp\/v2\/media\/458"}],"wp:attachment":[{"href":"https:\/\/distribucionarc.com\/nb\/wp-json\/wp\/v2\/media?parent=450"}],"wp:term":[{"taxonomy":"product_brand","embeddable":true,"href":"https:\/\/distribucionarc.com\/nb\/wp-json\/wp\/v2\/product_brand?post=450"},{"taxonomy":"product_cat","embeddable":true,"href":"https:\/\/distribucionarc.com\/nb\/wp-json\/wp\/v2\/product_cat?post=450"},{"taxonomy":"product_tag","embeddable":true,"href":"https:\/\/distribucionarc.com\/nb\/wp-json\/wp\/v2\/product_tag?post=450"}],"curies":[{"name":"wp","href":"https:\/\/api.w.org\/{rel}","templated":true}]}}