{"id":4586,"date":"2021-05-04T09:34:24","date_gmt":"2021-05-04T09:34:24","guid":{"rendered":"https:\/\/distribucionarc.com\/?post_type=product&#038;p=4586"},"modified":"2023-06-05T11:10:16","modified_gmt":"2023-06-05T11:10:16","slug":"industriell-iskremmaskin","status":"publish","type":"product","link":"https:\/\/distribucionarc.com\/nb\/producto\/maquina-de-helados-industrial\/","title":{"rendered":"industriell iskremmaskin"},"content":{"rendered":"<h3>industriell iskremmaskin<\/h3>\n<p><strong>en iskremmaskin<\/strong>\u00a0av\u00a0<strong><span style=\"color: #ff0000;\">TIL<\/span><span style=\"color: #0000ff;\">R<\/span>c<\/strong>\u00a0Det er mye brukt i restauranter, kafeer, isbarer, resten. hurtigmat. Uten kompliserte trinn kan du\u00a0<strong>raskt tilberede iskrem<\/strong>,\u00a0<strong>yoghurt<\/strong>\u00a0heller\u00a0<strong>sorbet. <\/strong>De\u00a0<strong><span style=\"color: #ff0000;\">TIL<\/span><span style=\"color: #0000ff;\">R<\/span>CMH400<\/strong> Den er utstyrt med en h\u00f8yytelses kompressor som s\u00f8rger for umiddelbar kj\u00f8ling, samtidig som den favoriserer energiforbruk og st\u00f8yforurensning, den inkluderer to 6L beholdere i rustfritt st\u00e5l, en h\u00f8yenergiradiator og R410a kj\u00f8lemiddel, med en forkj\u00f8lingsfunksjon for \u00e5 akselerere iskremproduksjon og produksjon fra 25 L\/H til 35 L\/H.<\/p>\n<p>De\u00a0<strong>iskremmaskin<\/strong>\u00a0Den har to innebygde beholdere i rustfritt st\u00e5l, dette\u00a0<strong>iskremmaskin<\/strong>\u00a0av\u00a0<strong><span style=\"color: #ff0000;\">TIL<\/span><span style=\"color: #0000ff;\">R<\/span>c<\/strong> Den kan brukes til \u00e5 lage tre smaker av iskrem, inkludert to enkle smaker og en blandingssmak, for en rekke smaker. Tid, temperatur, hardhet og mengde iskrem kan vises p\u00e5 LCD-ber\u00f8ringsskjermen for konstant observasjon. Du kan fritt modulere etter din smak. I tillegg gir en-knapps rengj\u00f8ring rask og automatisk rengj\u00f8ring av iskremmaskinen.<\/p>\n<p>Ingrediensene til\u00a0<strong>iskremmaskin<\/strong>\u00a0De kan forh\u00e5ndskj\u00f8les slik at isen kan v\u00e6re\u00a0<strong>forberede seg raskt<\/strong> etter \u00e5 ha startet maskinen og bidratt til \u00e5 spare materialer. Oppbevaringsfunksjonen over natten reduserer rengj\u00f8ringsfrekvensen og sparer ingredienser. Den forbedrede kjegleholderen er plassert p\u00e5 utsiden av<strong>\u00a0iskremmaskin<\/strong>, slik at iskremene ikke lett blir v\u00e5te og smaken til konglene kan opprettholdes.<\/p>\n<h6><\/h6>\n<h6><strong>Garanti\u00a0<span style=\"color: #ff0000;\">TIL<\/span><span style=\"color: #0000ff;\">R<\/span>C 2 \u00c5R<\/strong><\/h6>\n<h6><span style=\"color: #008000;\">Effektiv iskremmaskin, lavt forbruk 2150w<\/span><\/h6>\n<h6><strong>teknisk st\u00f8tte inkludert<\/strong><\/h6>\n<p>&nbsp;<\/p>\n<table role=\"presentation\" width=\"100%\" cellspacing=\"0\" cellpadding=\"0\">\n<tbody>\n<tr>\n<td class=\"attrLabels\">Kj\u00f8lemiddel:<\/td>\n<td width=\"50.0%\">R410a<\/td>\n<\/tr>\n<tr>\n<td class=\"attrLabels\">Distribusjonsland:<\/td>\n<td width=\"50.0%\">Spania, Tyskland, USA<\/td>\n<td class=\"attrLabels\">Vekt:<\/td>\n<td width=\"50.0%\">133 kg<\/td>\n<\/tr>\n<tr>\n<td class=\"attrLabels\">Merke:<\/td>\n<td width=\"50.0%\">BUE<\/td>\n<td class=\"attrLabels\">H\u00f8yde:<\/td>\n<td width=\"50.0%\">136 cm<\/td>\n<\/tr>\n<tr>\n<td class=\"attrLabels\">Farge:<\/td>\n<td width=\"50.0%\">S\u00f8lv<\/td>\n<td class=\"attrLabels\">Lang:<\/td>\n<td width=\"50.0%\">54 cm<\/td>\n<\/tr>\n<tr>\n<td class=\"attrLabels\">Produkttype:<\/td>\n<td width=\"50.0%\">Iskremmaskin<\/td>\n<td class=\"attrLabels\">Bred:<\/td>\n<td width=\"50.0%\">\u00a067,6 cm<\/td>\n<\/tr>\n<tr>\n<td class=\"attrLabels\">Produsentnummer:<\/td>\n<td width=\"50.0%\">ARCMH400<\/td>\n<td class=\"attrLabels\">Makt:<\/td>\n<td width=\"50.0%\">2150 W<\/td>\n<\/tr>\n<tr>\n<td class=\"attrLabels\">Materiale:<\/td>\n<td width=\"50.0%\">Rustfritt st\u00e5l, intelligent kontroll, touch LCD-panel, h\u00f8yytelses industriell kompressor<\/td>\n<td class=\"attrLabels\">inngangsspenning<\/td>\n<td width=\"50.0%\">220V \u2013 60Hz<\/td>\n<\/tr>\n<tr>\n<td class=\"attrLabels\">Evne:<\/td>\n<td width=\"50.0%\">\u00a025 \u2013 35 L\/time<\/td>\n<td class=\"attrLabels\">St\u00f8rrelse:<\/td>\n<td width=\"50.0%\">6 L x 1<\/td>\n<\/tr>\n<tr>\n<td class=\"attrLabels\">Installasjonsverkt\u00f8y:<\/td>\n<td width=\"50.0%\">Ja<\/td>\n<td class=\"attrLabels\">Garanti:<\/td>\n<td width=\"50.0%\">2 \u00c5R<\/td>\n<\/tr>\n<\/tbody>\n<\/table>","protected":false},"excerpt":{"rendered":"<h2>industriell iskremmaskin<\/h2>\n<p>I\u00a0<strong><span style=\"color: #ff0000;\">TIL<\/span><span style=\"color: #0000ff;\">R<\/span>c<\/strong>\u00a0du vil alltid finne\u00a0<strong>iskremmaskineri<\/strong>\u00a0til bruk\u00a0<strong>profesjonell reklame<\/strong>\u00a0mest innovative p\u00e5 markedet for sine elegante detaljer, sin omsorg for \u00e5 favorisere produksjon og i sin tur kvaliteten p\u00e5 produktet, i tillegg til \u00e5 hjelpe til med energiforbruk med<strong>\u00a0<span style=\"color: #008000;\">energieffektive iskremmaskiner<\/span><\/strong>.<\/p>\n<p>Dette\u00a0<strong>yoghurt iskrem maskin<\/strong> med vertikal struktur er i stand til \u00e5 produsere<span style=\"color: #ff6600;\"> <strong>3 smaker<\/strong><\/span> iskrem, utnytter sin tredje dyse for \u00e5 lage en blandet iskrem p\u00e5 enkleste m\u00e5te, med en forkj\u00f8lings- og rensefunksjon. Iskremmaskinen <strong><span style=\"color: #ff0000;\">TIL<\/span><span style=\"color: #0000ff;\">R<\/span>CMH400<\/strong>\u00a0Den leveres med doble kompressorer, to 6L tanker i rustfritt st\u00e5l, en ekstern fuktighetskegleholder og en<strong>\u00a0LCD ber\u00f8ringsskjerm<\/strong>\u00a0\u00e5 direkte observere driften av<strong>\u00a0iskremmaskin<\/strong>, som gj\u00f8r det\u00a0<strong>iskremmaskinen<\/strong>\u00a0av\u00a0<strong><span style=\"color: #ff0000;\">TIL<\/span><span style=\"color: #0000ff;\">R<\/span>c<\/strong> et ideelt verkt\u00f8y for steder med h\u00f8y ettersp\u00f8rsel takket v\u00e6re mulig produksjon av <span style=\"color: #ff0000;\"><strong>400 kjegler i minuttet.<\/strong><\/span> Den har hjul med bremser som gj\u00f8r maskinen enkel \u00e5 ta med dit du vil.<\/p>\n<h6><strong>Garanti<span style=\"color: #ff0000;\">\u00a0TIL<\/span><span style=\"color: #0000ff;\">R<\/span>C 2 \u00c5R<\/strong><\/h6>\n<h6><span style=\"color: #008000;\">Effektiv iskremmaskin, lavt forbruk 2150w<\/span><\/h6>\n<h6><strong>teknisk st\u00f8tte inkludert<\/strong><\/h6>","protected":false},"featured_media":6059,"comment_status":"open","ping_status":"closed","template":"","meta":{"wds_primary_product_brand":0,"wds_primary_product_cat":0},"product_brand":[],"product_cat":[58],"product_tag":[],"class_list":{"0":"post-4586","1":"product","2":"type-product","3":"status-publish","4":"has-post-thumbnail","6":"product_cat-maquinaria-para-heladerias-profesionales","7":"product_shipping_class-express","9":"first","10":"instock","11":"sale","12":"taxable","13":"shipping-taxable","14":"purchasable","15":"product-type-simple"},"yoast_head":"<!-- This site is optimized with the Yoast SEO Premium plugin v24.9 (Yoast SEO v26.1) - https:\/\/yoast.com\/wordpress\/plugins\/seo\/ -->\n<title>M\u00e1quina de helados industrial - distribuci\u00f3n ARC<\/title>\n<meta name=\"robots\" content=\"index, follow, max-snippet:-1, max-image-preview:large, max-video-preview:-1\" \/>\n<link rel=\"canonical\" href=\"https:\/\/www.distribucionarc.com\/ro\/producto\/maquina-de-helados-industrial\/\" \/>\n<meta property=\"og:locale\" content=\"nb_NO\" \/>\n<meta property=\"og:type\" content=\"article\" \/>\n<meta property=\"og:title\" content=\"M\u00e1quina de helados industrial\" \/>\n<meta property=\"og:description\" content=\"M\u00e1quina de helados industrial En\u00a0ARC\u00a0siempre encontrar\u00e1s la\u00a0maquinaria para helados\u00a0para uso\u00a0comercial profesional\u00a0m\u00e1s innovadora del mercado por sus detalles elegantes, su cuidado en favorecer la producci\u00f3n y a su vez la calidad del producto, adem\u00e1s de ayudar en el consumo energ\u00e9tico con\u00a0m\u00e1quinas de helado de\u00a0bajo consumo energ\u00e9tico.  Esta\u00a0m\u00e1quina para helado yogurt con estructura vertical es capaz de producir 3 sabores de helado aprovechando su tercera boquilla para elaborar uno mixto de la formas mas sencilla, con una funci\u00f3n de pre enfriamiento y limpieza. La m\u00e1quina de helados ARCMH400\u00a0Viene con compresores duales, dos dep\u00f3sitos de acero inoxidable de 6L, un soporte de cono de humedad externo y una\u00a0pantalla LCD t\u00e1ctil\u00a0para observar directamente el funcionamiento de la\u00a0m\u00e1quina heladera, lo que convierte a\u00a0la m\u00e1quina de helados\u00a0de\u00a0ARC en una herramienta ideal para ubicaciones de alta demanda gracias a su posible producci\u00f3n de 400 conos por minuto. Dispone de ruedas con frenos lo que hace que la m\u00e1quina sea f\u00e1cil de llevar a donde quiera. Garant\u00eda\u00a0ARC 2 A\u00d1OS Maquina para hacer helados eficiente, bajo consumo 2150w soporte t\u00e9cnico incluido\" \/>\n<meta property=\"og:url\" content=\"https:\/\/www.distribucionarc.com\/ro\/producto\/maquina-de-helados-industrial\/\" \/>\n<meta property=\"og:site_name\" content=\"distribuci\u00f3n ARC\" \/>\n<meta property=\"article:modified_time\" content=\"2023-06-05T11:10:16+00:00\" \/>\n<meta property=\"og:image\" content=\"https:\/\/www.distribucionarc.com\/wp-content\/uploads\/2021\/05\/Maquina-helados-cremosos-400xmin-.jpg\" \/>\n\t<meta property=\"og:image:width\" content=\"1600\" \/>\n\t<meta property=\"og:image:height\" content=\"1600\" \/>\n\t<meta property=\"og:image:type\" content=\"image\/jpeg\" \/>\n<meta name=\"twitter:card\" content=\"summary_large_image\" \/>\n<meta name=\"twitter:label1\" content=\"Ansl. lesetid\" \/>\n\t<meta name=\"twitter:data1\" content=\"2 minutter\" \/>\n<script type=\"application\/ld+json\" class=\"yoast-schema-graph\">{\"@context\":\"https:\/\/schema.org\",\"@graph\":[{\"@type\":\"WebPage\",\"@id\":\"https:\/\/www.distribucionarc.com\/ro\/producto\/maquina-de-helados-industrial\/\",\"url\":\"https:\/\/www.distribucionarc.com\/ro\/producto\/maquina-de-helados-industrial\/\",\"name\":\"M\u00e1quina de helados industrial - distribuci\u00f3n ARC\",\"isPartOf\":{\"@id\":\"https:\/\/distribucionarc.com\/ro\/#website\"},\"primaryImageOfPage\":{\"@id\":\"https:\/\/www.distribucionarc.com\/ro\/producto\/maquina-de-helados-industrial\/#primaryimage\"},\"image\":{\"@id\":\"https:\/\/www.distribucionarc.com\/ro\/producto\/maquina-de-helados-industrial\/#primaryimage\"},\"thumbnailUrl\":\"https:\/\/distribucionarc.com\/wp-content\/uploads\/2021\/05\/Maquina-helados-cremosos-400xmin-.jpg\",\"datePublished\":\"2021-05-04T09:34:24+00:00\",\"dateModified\":\"2023-06-05T11:10:16+00:00\",\"breadcrumb\":{\"@id\":\"https:\/\/www.distribucionarc.com\/ro\/producto\/maquina-de-helados-industrial\/#breadcrumb\"},\"inLanguage\":\"nb-NO\",\"potentialAction\":[{\"@type\":\"ReadAction\",\"target\":[\"https:\/\/www.distribucionarc.com\/ro\/producto\/maquina-de-helados-industrial\/\"]}]},{\"@type\":\"ImageObject\",\"inLanguage\":\"nb-NO\",\"@id\":\"https:\/\/www.distribucionarc.com\/ro\/producto\/maquina-de-helados-industrial\/#primaryimage\",\"url\":\"https:\/\/distribucionarc.com\/wp-content\/uploads\/2021\/05\/Maquina-helados-cremosos-400xmin-.jpg\",\"contentUrl\":\"https:\/\/distribucionarc.com\/wp-content\/uploads\/2021\/05\/Maquina-helados-cremosos-400xmin-.jpg\",\"width\":1600,\"height\":1600},{\"@type\":\"BreadcrumbList\",\"@id\":\"https:\/\/www.distribucionarc.com\/ro\/producto\/maquina-de-helados-industrial\/#breadcrumb\",\"itemListElement\":[{\"@type\":\"ListItem\",\"position\":1,\"name\":\"Portada\",\"item\":\"https:\/\/distribucionarc.com\/ar\/\"},{\"@type\":\"ListItem\",\"position\":2,\"name\":\"Proizvodi\",\"item\":\"https:\/\/www.distribucionarc.com\/hr\/ducan\/\"},{\"@type\":\"ListItem\",\"position\":3,\"name\":\"M\u00e1quina de helados industrial\"}]},{\"@type\":\"WebSite\",\"@id\":\"https:\/\/distribucionarc.com\/ro\/#website\",\"url\":\"https:\/\/distribucionarc.com\/ro\/\",\"name\":\"distribuci\u00f3n ARC\",\"description\":\"Empresa especializada en la fabricaci\u00f3n y distribuci\u00f3n de maquinaria industrial, selladoras de latas, Maquinas de hacer pastillas, Maquinas de cortar carne...\",\"publisher\":{\"@id\":\"https:\/\/distribucionarc.com\/ro\/#organization\"},\"potentialAction\":[{\"@type\":\"SearchAction\",\"target\":{\"@type\":\"EntryPoint\",\"urlTemplate\":\"https:\/\/distribucionarc.com\/ro\/?s={search_term_string}\"},\"query-input\":{\"@type\":\"PropertyValueSpecification\",\"valueRequired\":true,\"valueName\":\"search_term_string\"}}],\"inLanguage\":\"nb-NO\"},{\"@type\":\"Organization\",\"@id\":\"https:\/\/distribucionarc.com\/ro\/#organization\",\"name\":\"Distribuci\u00f3n ARC\",\"url\":\"https:\/\/distribucionarc.com\/ro\/\",\"logo\":{\"@type\":\"ImageObject\",\"inLanguage\":\"nb-NO\",\"@id\":\"https:\/\/distribucionarc.com\/ro\/#\/schema\/logo\/image\/\",\"url\":\"https:\/\/distribucionarc.com\/wp-content\/uploads\/2024\/10\/distribucion-ARC-COLOR-SIN-FONDO-e1732295305345.png\",\"contentUrl\":\"https:\/\/distribucionarc.com\/wp-content\/uploads\/2024\/10\/distribucion-ARC-COLOR-SIN-FONDO-e1732295305345.png\",\"width\":1164,\"height\":558,\"caption\":\"Distribuci\u00f3n ARC\"},\"image\":{\"@id\":\"https:\/\/distribucionarc.com\/ro\/#\/schema\/logo\/image\/\"},\"description\":\"Empresa especializada en la fabricaci\u00f3n y distribuci\u00f3n de maquinaria industrial para los sectores alimentario y farmac\u00e9utico. Nos especializamos en: M\u00e1quinas de cortar carne Fabricaci\u00f3n de comprimidos Sistemas de transporte industrial L\u00edneas de embotellado Dosificadores Y mucho m\u00e1s... Ofrecemos soluciones innovadoras y personalizadas para optimizar los procesos productivos de tu empresa.\",\"email\":\"Admistracion@distribucionarc.com\",\"telephone\":\"+34 643496664\",\"legalName\":\"ARC TECH SOLUTIONS\",\"foundingDate\":\"2024-04-09\",\"vatID\":\"B55480172\",\"numberOfEmployees\":{\"@type\":\"QuantitativeValue\",\"minValue\":\"1\",\"maxValue\":\"10\"}}]}<\/script>\n<!-- \/ Yoast SEO Premium plugin. -->","yoast_head_json":{"title":"Industriell iskremmaskin - ARC distribusjon","robots":{"index":"index","follow":"follow","max-snippet":"max-snippet:-1","max-image-preview":"max-image-preview:large","max-video-preview":"max-video-preview:-1"},"canonical":"https:\/\/www.distribucionarc.com\/ro\/producto\/maquina-de-helados-industrial\/","og_locale":"nb_NO","og_type":"article","og_title":"M\u00e1quina de helados industrial","og_description":"M\u00e1quina de helados industrial En\u00a0ARC\u00a0siempre encontrar\u00e1s la\u00a0maquinaria para helados\u00a0para uso\u00a0comercial profesional\u00a0m\u00e1s innovadora del mercado por sus detalles elegantes, su cuidado en favorecer la producci\u00f3n y a su vez la calidad del producto, adem\u00e1s de ayudar en el consumo energ\u00e9tico con\u00a0m\u00e1quinas de helado de\u00a0bajo consumo energ\u00e9tico.  Esta\u00a0m\u00e1quina para helado yogurt con estructura vertical es capaz de producir 3 sabores de helado aprovechando su tercera boquilla para elaborar uno mixto de la formas mas sencilla, con una funci\u00f3n de pre enfriamiento y limpieza. La m\u00e1quina de helados ARCMH400\u00a0Viene con compresores duales, dos dep\u00f3sitos de acero inoxidable de 6L, un soporte de cono de humedad externo y una\u00a0pantalla LCD t\u00e1ctil\u00a0para observar directamente el funcionamiento de la\u00a0m\u00e1quina heladera, lo que convierte a\u00a0la m\u00e1quina de helados\u00a0de\u00a0ARC en una herramienta ideal para ubicaciones de alta demanda gracias a su posible producci\u00f3n de 400 conos por minuto. Dispone de ruedas con frenos lo que hace que la m\u00e1quina sea f\u00e1cil de llevar a donde quiera. Garant\u00eda\u00a0ARC 2 A\u00d1OS Maquina para hacer helados eficiente, bajo consumo 2150w soporte t\u00e9cnico incluido","og_url":"https:\/\/www.distribucionarc.com\/ro\/producto\/maquina-de-helados-industrial\/","og_site_name":"distribuci\u00f3n ARC","article_modified_time":"2023-06-05T11:10:16+00:00","og_image":[{"width":1600,"height":1600,"url":"https:\/\/www.distribucionarc.com\/wp-content\/uploads\/2021\/05\/Maquina-helados-cremosos-400xmin-.jpg","type":"image\/jpeg"}],"twitter_card":"summary_large_image","twitter_misc":{"Ansl. lesetid":"2 minutter"},"schema":{"@context":"https:\/\/schema.org","@graph":[{"@type":"WebPage","@id":"https:\/\/www.distribucionarc.com\/ro\/producto\/maquina-de-helados-industrial\/","url":"https:\/\/www.distribucionarc.com\/ro\/producto\/maquina-de-helados-industrial\/","name":"Industriell iskremmaskin - ARC distribusjon","isPartOf":{"@id":"https:\/\/distribucionarc.com\/ro\/#website"},"primaryImageOfPage":{"@id":"https:\/\/www.distribucionarc.com\/ro\/producto\/maquina-de-helados-industrial\/#primaryimage"},"image":{"@id":"https:\/\/www.distribucionarc.com\/ro\/producto\/maquina-de-helados-industrial\/#primaryimage"},"thumbnailUrl":"https:\/\/distribucionarc.com\/wp-content\/uploads\/2021\/05\/Maquina-helados-cremosos-400xmin-.jpg","datePublished":"2021-05-04T09:34:24+00:00","dateModified":"2023-06-05T11:10:16+00:00","breadcrumb":{"@id":"https:\/\/www.distribucionarc.com\/ro\/producto\/maquina-de-helados-industrial\/#breadcrumb"},"inLanguage":"nb-NO","potentialAction":[{"@type":"ReadAction","target":["https:\/\/www.distribucionarc.com\/ro\/producto\/maquina-de-helados-industrial\/"]}]},{"@type":"ImageObject","inLanguage":"nb-NO","@id":"https:\/\/www.distribucionarc.com\/ro\/producto\/maquina-de-helados-industrial\/#primaryimage","url":"https:\/\/distribucionarc.com\/wp-content\/uploads\/2021\/05\/Maquina-helados-cremosos-400xmin-.jpg","contentUrl":"https:\/\/distribucionarc.com\/wp-content\/uploads\/2021\/05\/Maquina-helados-cremosos-400xmin-.jpg","width":1600,"height":1600},{"@type":"BreadcrumbList","@id":"https:\/\/www.distribucionarc.com\/ro\/producto\/maquina-de-helados-industrial\/#breadcrumb","itemListElement":[{"@type":"ListItem","position":1,"name":"Portada","item":"https:\/\/distribucionarc.com\/ar\/"},{"@type":"ListItem","position":2,"name":"Proizvodi","item":"https:\/\/www.distribucionarc.com\/hr\/ducan\/"},{"@type":"ListItem","position":3,"name":"M\u00e1quina de helados industrial"}]},{"@type":"WebSite","@id":"https:\/\/distribucionarc.com\/ro\/#website","url":"https:\/\/distribucionarc.com\/ro\/","name":"ARC distribusjon","description":"Selskapet har spesialisert seg p\u00e5 produksjon og distribusjon av industrimaskiner, hermetikkboksforseglingsmaskiner, tablettmaskiner, kj\u00f8ttskj\u00e6remaskiner og...","publisher":{"@id":"https:\/\/distribucionarc.com\/ro\/#organization"},"potentialAction":[{"@type":"SearchAction","target":{"@type":"EntryPoint","urlTemplate":"https:\/\/distribucionarc.com\/ro\/?s={search_term_string}"},"query-input":{"@type":"PropertyValueSpecification","valueRequired":true,"valueName":"search_term_string"}}],"inLanguage":"nb-NO"},{"@type":"Organization","@id":"https:\/\/distribucionarc.com\/ro\/#organization","name":"ARC distribusjon","url":"https:\/\/distribucionarc.com\/ro\/","logo":{"@type":"ImageObject","inLanguage":"nb-NO","@id":"https:\/\/distribucionarc.com\/ro\/#\/schema\/logo\/image\/","url":"https:\/\/distribucionarc.com\/wp-content\/uploads\/2024\/10\/distribucion-ARC-COLOR-SIN-FONDO-e1732295305345.png","contentUrl":"https:\/\/distribucionarc.com\/wp-content\/uploads\/2024\/10\/distribucion-ARC-COLOR-SIN-FONDO-e1732295305345.png","width":1164,"height":558,"caption":"Distribuci\u00f3n ARC"},"image":{"@id":"https:\/\/distribucionarc.com\/ro\/#\/schema\/logo\/image\/"},"description":"Selskap som har spesialisert seg p\u00e5 produksjon og distribusjon av industrimaskiner til n\u00e6ringsmiddel- og farmasisektoren. Vi er spesialister p\u00e5: Kj\u00f8ttskj\u00e6remaskiner Tablettilvirkning Industrielle transportsystemer Tappelinjer Dispensere Og mye mer... Vi tilbyr innovative og skreddersydde l\u00f8sninger for \u00e5 optimalisere bedriftens produksjonsprosesser.","email":"Admistracion@distribucionarc.com","telephone":"+34 643496664","legalName":"ARC TECH SOLUTIONS","foundingDate":"2024-04-09","vatID":"B55480172","numberOfEmployees":{"@type":"QuantitativeValue","minValue":"1","maxValue":"10"}}]}},"_links":{"self":[{"href":"https:\/\/distribucionarc.com\/nb\/wp-json\/wp\/v2\/product\/4586","targetHints":{"allow":["GET"]}}],"collection":[{"href":"https:\/\/distribucionarc.com\/nb\/wp-json\/wp\/v2\/product"}],"about":[{"href":"https:\/\/distribucionarc.com\/nb\/wp-json\/wp\/v2\/types\/product"}],"replies":[{"embeddable":true,"href":"https:\/\/distribucionarc.com\/nb\/wp-json\/wp\/v2\/comments?post=4586"}],"version-history":[{"count":0,"href":"https:\/\/distribucionarc.com\/nb\/wp-json\/wp\/v2\/product\/4586\/revisions"}],"wp:featuredmedia":[{"embeddable":true,"href":"https:\/\/distribucionarc.com\/nb\/wp-json\/wp\/v2\/media\/6059"}],"wp:attachment":[{"href":"https:\/\/distribucionarc.com\/nb\/wp-json\/wp\/v2\/media?parent=4586"}],"wp:term":[{"taxonomy":"product_brand","embeddable":true,"href":"https:\/\/distribucionarc.com\/nb\/wp-json\/wp\/v2\/product_brand?post=4586"},{"taxonomy":"product_cat","embeddable":true,"href":"https:\/\/distribucionarc.com\/nb\/wp-json\/wp\/v2\/product_cat?post=4586"},{"taxonomy":"product_tag","embeddable":true,"href":"https:\/\/distribucionarc.com\/nb\/wp-json\/wp\/v2\/product_tag?post=4586"}],"curies":[{"name":"wp","href":"https:\/\/api.w.org\/{rel}","templated":true}]}}