{"id":4916,"date":"2022-10-29T18:11:21","date_gmt":"2022-10-29T18:11:21","guid":{"rendered":"https:\/\/distribucionarc.com\/?post_type=product&#038;p=4916"},"modified":"2023-03-08T11:48:12","modified_gmt":"2023-03-08T11:48:12","slug":"automatisk-karforseglingsmaskin-for-iskremsaus","status":"publish","type":"product","link":"https:\/\/distribucionarc.com\/nb\/producto\/selladora-de-botes-tarrinas-automatica-helados-salsas\/","title":{"rendered":"krukkeforsegling, automatiske kar, iskrem, sauser,"},"content":{"rendered":"<table width=\"647\">\n<tbody>\n<tr>\n<td><strong>Modell N.<\/strong><\/td>\n<td>HARY1030<\/td>\n<\/tr>\n<tr>\n<td><strong>Maskinmateriale<\/strong><\/td>\n<td>304 rustfri<\/td>\n<\/tr>\n<tr>\n<td><strong>Maksimal diameter bredde<\/strong><\/td>\n<td>50 mm<\/td>\n<\/tr>\n<tr>\n<td><strong>Forseglingshastighet<\/strong><\/td>\n<td>3-4 minutter\/brett<\/td>\n<\/tr>\n<tr>\n<td><strong>Brettkapasitet\/time<\/strong><\/td>\n<td>800-1100 skuffer<\/td>\n<\/tr>\n<tr>\n<td><strong>Maskinst\u00f8rrelse<\/strong><\/td>\n<td>600*600*1300mm<\/td>\n<\/tr>\n<tr>\n<td><strong>Pakningsst\u00f8rrelse<\/strong><\/td>\n<td>400*550*680 mm<\/td>\n<\/tr>\n<tr>\n<td><strong>NORDVEST<\/strong><\/td>\n<td>100 kg<\/td>\n<\/tr>\n<tr>\n<td><strong>G\/W<\/strong><\/td>\n<td>120 kg<\/td>\n<\/tr>\n<tr>\n<td><strong>Elektrisk krav<\/strong><\/td>\n<td>220V\/50HZ eller tilpasset<\/td>\n<\/tr>\n<tr>\n<td><strong>Str\u00f8mforbruk<\/strong><\/td>\n<td>0,8kw<\/td>\n<\/tr>\n<tr>\n<td><b>Formproduksjonstid<\/b><\/td>\n<td>20-30 dager<\/td>\n<\/tr>\n<tr>\n<td colspan=\"2\"><strong>drift med trykkluft n\u00f8dvendig kompressor<\/strong><\/td>\n<\/tr>\n<\/tbody>\n<\/table>","protected":false},"excerpt":{"rendered":"<div style=\"width: 500px;\" class=\"wp-video\"><video class=\"wp-video-shortcode\" id=\"video-4916-1\" width=\"500\" height=\"500\" preload=\"metadata\" controls=\"controls\"><source type=\"video\/mp4\" src=\"https:\/\/distribucionarc.com\/wp-content\/uploads\/2022\/10\/selladora-de-botes-tarrinas-automatica-helados-salsas-video.mp4?_=1\" \/><a href=\"https:\/\/distribucionarc.com\/wp-content\/uploads\/2022\/10\/selladora-de-botes-tarrinas-automatica-helados-salsas-video.mp4\">https:\/\/distribucionarc.com\/wp-content\/uploads\/2022\/10\/selladora-de-botes-tarrinas-automatica-helados-salsas-video.mp4<\/a><\/video><\/div>","protected":false},"featured_media":4922,"comment_status":"open","ping_status":"closed","template":"","meta":{"wds_primary_product_brand":0,"wds_primary_product_cat":0},"product_brand":[],"product_cat":[77,28],"product_tag":[],"class_list":{"0":"post-4916","1":"product","2":"type-product","3":"status-publish","4":"has-post-thumbnail","6":"product_cat-selladoras-termicas-laminas-de-aluminio-sin-tapa","7":"product_cat-tapadoras","8":"product_shipping_class-express","10":"first","11":"instock","12":"taxable","13":"shipping-taxable","14":"purchasable","15":"product-type-simple"},"yoast_head":"<!-- This site is optimized with the Yoast SEO Premium plugin v24.9 (Yoast SEO v26.1) - https:\/\/yoast.com\/wordpress\/plugins\/seo\/ -->\n<title>selladora de botes, tarrinas autom\u00e1tica, helados, salsas, - distribuci\u00f3n ARC<\/title>\n<meta name=\"robots\" content=\"index, follow, max-snippet:-1, max-image-preview:large, max-video-preview:-1\" \/>\n<link rel=\"canonical\" href=\"https:\/\/distribucionarc.com\/nb\/produkter\/automatisk-karforseglingsmaskin-for-iskremsaus\/\" \/>\n<meta property=\"og:locale\" content=\"nb_NO\" \/>\n<meta property=\"og:type\" content=\"article\" \/>\n<meta property=\"og:title\" content=\"selladora de botes, tarrinas autom\u00e1tica, helados, salsas,\" \/>\n<meta property=\"og:url\" content=\"https:\/\/distribucionarc.com\/nb\/produkter\/automatisk-karforseglingsmaskin-for-iskremsaus\/\" \/>\n<meta property=\"og:site_name\" content=\"distribuci\u00f3n ARC\" \/>\n<meta property=\"article:modified_time\" content=\"2023-03-08T11:48:12+00:00\" \/>\n<meta property=\"og:image\" content=\"https:\/\/distribucionarc.com\/wp-content\/uploads\/2022\/10\/selladora-de-botes-tarrinas-automatica-helados-salsas-1.jpg\" \/>\n\t<meta property=\"og:image:width\" content=\"750\" \/>\n\t<meta property=\"og:image:height\" content=\"595\" \/>\n\t<meta property=\"og:image:type\" content=\"image\/jpeg\" \/>\n<meta name=\"twitter:card\" content=\"summary_large_image\" \/>\n<meta name=\"twitter:description\" content=\"[video width=&quot;500&quot; height=&quot;500&quot; mp4=&quot;https:\/\/distribucionarc.com\/wp-content\/uploads\/2022\/10\/selladora-de-botes-tarrinas-automatica-helados-salsas-video.mp4&quot;][\/video]\" \/>\n<script type=\"application\/ld+json\" class=\"yoast-schema-graph\">{\"@context\":\"https:\/\/schema.org\",\"@graph\":[{\"@type\":\"WebPage\",\"@id\":\"https:\/\/distribucionarc.com\/pt\/producto\/selladora-de-botes-tarrinas-automatica-helados-salsas\/\",\"url\":\"https:\/\/distribucionarc.com\/pt\/producto\/selladora-de-botes-tarrinas-automatica-helados-salsas\/\",\"name\":\"selladora de botes, tarrinas autom\u00e1tica, helados, salsas, - distribuci\u00f3n ARC\",\"isPartOf\":{\"@id\":\"https:\/\/www.distribucionarc.com\/tr\/#website\"},\"primaryImageOfPage\":{\"@id\":\"https:\/\/distribucionarc.com\/pt\/producto\/selladora-de-botes-tarrinas-automatica-helados-salsas\/#primaryimage\"},\"image\":{\"@id\":\"https:\/\/distribucionarc.com\/pt\/producto\/selladora-de-botes-tarrinas-automatica-helados-salsas\/#primaryimage\"},\"thumbnailUrl\":\"https:\/\/distribucionarc.com\/wp-content\/uploads\/2022\/10\/selladora-de-botes-tarrinas-automatica-helados-salsas-1.jpg\",\"datePublished\":\"2022-10-29T18:11:21+00:00\",\"dateModified\":\"2023-03-08T11:48:12+00:00\",\"breadcrumb\":{\"@id\":\"https:\/\/distribucionarc.com\/pt\/producto\/selladora-de-botes-tarrinas-automatica-helados-salsas\/#breadcrumb\"},\"inLanguage\":\"nb-NO\",\"potentialAction\":[{\"@type\":\"ReadAction\",\"target\":[\"https:\/\/distribucionarc.com\/pt\/producto\/selladora-de-botes-tarrinas-automatica-helados-salsas\/\"]}]},{\"@type\":\"ImageObject\",\"inLanguage\":\"nb-NO\",\"@id\":\"https:\/\/distribucionarc.com\/pt\/producto\/selladora-de-botes-tarrinas-automatica-helados-salsas\/#primaryimage\",\"url\":\"https:\/\/distribucionarc.com\/wp-content\/uploads\/2022\/10\/selladora-de-botes-tarrinas-automatica-helados-salsas-1.jpg\",\"contentUrl\":\"https:\/\/distribucionarc.com\/wp-content\/uploads\/2022\/10\/selladora-de-botes-tarrinas-automatica-helados-salsas-1.jpg\",\"width\":750,\"height\":595},{\"@type\":\"BreadcrumbList\",\"@id\":\"https:\/\/distribucionarc.com\/pt\/producto\/selladora-de-botes-tarrinas-automatica-helados-salsas\/#breadcrumb\",\"itemListElement\":[{\"@type\":\"ListItem\",\"position\":1,\"name\":\"Portada\",\"item\":\"https:\/\/www.distribucionarc.com\/tr\/\"},{\"@type\":\"ListItem\",\"position\":2,\"name\":\"Produktai\",\"item\":\"https:\/\/distribucionarc.com\/lt\/parduotuve\/\"},{\"@type\":\"ListItem\",\"position\":3,\"name\":\"selladora de botes, tarrinas autom\u00e1tica, helados, salsas,\"}]},{\"@type\":\"WebSite\",\"@id\":\"https:\/\/www.distribucionarc.com\/tr\/#website\",\"url\":\"https:\/\/www.distribucionarc.com\/tr\/\",\"name\":\"distribuci\u00f3n ARC\",\"description\":\"Empresa especializada en la fabricaci\u00f3n y distribuci\u00f3n de maquinaria industrial, selladoras de latas, Maquinas de hacer pastillas, Maquinas de cortar carne...\",\"publisher\":{\"@id\":\"https:\/\/www.distribucionarc.com\/tr\/#organization\"},\"potentialAction\":[{\"@type\":\"SearchAction\",\"target\":{\"@type\":\"EntryPoint\",\"urlTemplate\":\"https:\/\/www.distribucionarc.com\/tr\/?s={search_term_string}\"},\"query-input\":{\"@type\":\"PropertyValueSpecification\",\"valueRequired\":true,\"valueName\":\"search_term_string\"}}],\"inLanguage\":\"nb-NO\"},{\"@type\":\"Organization\",\"@id\":\"https:\/\/www.distribucionarc.com\/tr\/#organization\",\"name\":\"Distribuci\u00f3n ARC\",\"url\":\"https:\/\/www.distribucionarc.com\/tr\/\",\"logo\":{\"@type\":\"ImageObject\",\"inLanguage\":\"nb-NO\",\"@id\":\"https:\/\/www.distribucionarc.com\/tr\/#\/schema\/logo\/image\/\",\"url\":\"https:\/\/distribucionarc.com\/wp-content\/uploads\/2024\/10\/distribucion-ARC-COLOR-SIN-FONDO-e1732295305345.png\",\"contentUrl\":\"https:\/\/distribucionarc.com\/wp-content\/uploads\/2024\/10\/distribucion-ARC-COLOR-SIN-FONDO-e1732295305345.png\",\"width\":1164,\"height\":558,\"caption\":\"Distribuci\u00f3n ARC\"},\"image\":{\"@id\":\"https:\/\/www.distribucionarc.com\/tr\/#\/schema\/logo\/image\/\"},\"description\":\"Empresa especializada en la fabricaci\u00f3n y distribuci\u00f3n de maquinaria industrial para los sectores alimentario y farmac\u00e9utico. Nos especializamos en: M\u00e1quinas de cortar carne Fabricaci\u00f3n de comprimidos Sistemas de transporte industrial L\u00edneas de embotellado Dosificadores Y mucho m\u00e1s... Ofrecemos soluciones innovadoras y personalizadas para optimizar los procesos productivos de tu empresa.\",\"email\":\"Admistracion@distribucionarc.com\",\"telephone\":\"+34 643496664\",\"legalName\":\"ARC TECH SOLUTIONS\",\"foundingDate\":\"2024-04-09\",\"vatID\":\"B55480172\",\"numberOfEmployees\":{\"@type\":\"QuantitativeValue\",\"minValue\":\"1\",\"maxValue\":\"10\"}}]}<\/script>\n<!-- \/ Yoast SEO Premium plugin. -->","yoast_head_json":{"title":"krukkeforsegling, automatiske kar, iskrem, sauser, - ARC distribusjon","robots":{"index":"index","follow":"follow","max-snippet":"max-snippet:-1","max-image-preview":"max-image-preview:large","max-video-preview":"max-video-preview:-1"},"canonical":"https:\/\/distribucionarc.com\/nb\/produkter\/automatisk-karforseglingsmaskin-for-iskremsaus\/","og_locale":"nb_NO","og_type":"article","og_title":"selladora de botes, tarrinas autom\u00e1tica, helados, salsas,","og_url":"https:\/\/distribucionarc.com\/nb\/produkter\/automatisk-karforseglingsmaskin-for-iskremsaus\/","og_site_name":"distribuci\u00f3n ARC","article_modified_time":"2023-03-08T11:48:12+00:00","og_image":[{"width":750,"height":595,"url":"https:\/\/distribucionarc.com\/wp-content\/uploads\/2022\/10\/selladora-de-botes-tarrinas-automatica-helados-salsas-1.jpg","type":"image\/jpeg"}],"twitter_card":"summary_large_image","twitter_description":"[video width=\"500\" height=\"500\" mp4=\"https:\/\/distribucionarc.com\/wp-content\/uploads\/2022\/10\/selladora-de-botes-tarrinas-automatica-helados-salsas-video.mp4\"][\/video]","schema":{"@context":"https:\/\/schema.org","@graph":[{"@type":"WebPage","@id":"https:\/\/distribucionarc.com\/pt\/producto\/selladora-de-botes-tarrinas-automatica-helados-salsas\/","url":"https:\/\/distribucionarc.com\/pt\/producto\/selladora-de-botes-tarrinas-automatica-helados-salsas\/","name":"krukkeforsegling, automatiske kar, iskrem, sauser, - ARC distribusjon","isPartOf":{"@id":"https:\/\/www.distribucionarc.com\/tr\/#website"},"primaryImageOfPage":{"@id":"https:\/\/distribucionarc.com\/pt\/producto\/selladora-de-botes-tarrinas-automatica-helados-salsas\/#primaryimage"},"image":{"@id":"https:\/\/distribucionarc.com\/pt\/producto\/selladora-de-botes-tarrinas-automatica-helados-salsas\/#primaryimage"},"thumbnailUrl":"https:\/\/distribucionarc.com\/wp-content\/uploads\/2022\/10\/selladora-de-botes-tarrinas-automatica-helados-salsas-1.jpg","datePublished":"2022-10-29T18:11:21+00:00","dateModified":"2023-03-08T11:48:12+00:00","breadcrumb":{"@id":"https:\/\/distribucionarc.com\/pt\/producto\/selladora-de-botes-tarrinas-automatica-helados-salsas\/#breadcrumb"},"inLanguage":"nb-NO","potentialAction":[{"@type":"ReadAction","target":["https:\/\/distribucionarc.com\/pt\/producto\/selladora-de-botes-tarrinas-automatica-helados-salsas\/"]}]},{"@type":"ImageObject","inLanguage":"nb-NO","@id":"https:\/\/distribucionarc.com\/pt\/producto\/selladora-de-botes-tarrinas-automatica-helados-salsas\/#primaryimage","url":"https:\/\/distribucionarc.com\/wp-content\/uploads\/2022\/10\/selladora-de-botes-tarrinas-automatica-helados-salsas-1.jpg","contentUrl":"https:\/\/distribucionarc.com\/wp-content\/uploads\/2022\/10\/selladora-de-botes-tarrinas-automatica-helados-salsas-1.jpg","width":750,"height":595},{"@type":"BreadcrumbList","@id":"https:\/\/distribucionarc.com\/pt\/producto\/selladora-de-botes-tarrinas-automatica-helados-salsas\/#breadcrumb","itemListElement":[{"@type":"ListItem","position":1,"name":"Portada","item":"https:\/\/www.distribucionarc.com\/tr\/"},{"@type":"ListItem","position":2,"name":"Produktai","item":"https:\/\/distribucionarc.com\/lt\/parduotuve\/"},{"@type":"ListItem","position":3,"name":"selladora de botes, tarrinas autom\u00e1tica, helados, salsas,"}]},{"@type":"WebSite","@id":"https:\/\/www.distribucionarc.com\/tr\/#website","url":"https:\/\/www.distribucionarc.com\/tr\/","name":"ARC distribusjon","description":"Selskapet har spesialisert seg p\u00e5 produksjon og distribusjon av industrimaskiner, hermetikkboksforseglingsmaskiner, tablettmaskiner, kj\u00f8ttskj\u00e6remaskiner og...","publisher":{"@id":"https:\/\/www.distribucionarc.com\/tr\/#organization"},"potentialAction":[{"@type":"SearchAction","target":{"@type":"EntryPoint","urlTemplate":"https:\/\/www.distribucionarc.com\/tr\/?s={search_term_string}"},"query-input":{"@type":"PropertyValueSpecification","valueRequired":true,"valueName":"search_term_string"}}],"inLanguage":"nb-NO"},{"@type":"Organization","@id":"https:\/\/www.distribucionarc.com\/tr\/#organization","name":"ARC distribusjon","url":"https:\/\/www.distribucionarc.com\/tr\/","logo":{"@type":"ImageObject","inLanguage":"nb-NO","@id":"https:\/\/www.distribucionarc.com\/tr\/#\/schema\/logo\/image\/","url":"https:\/\/distribucionarc.com\/wp-content\/uploads\/2024\/10\/distribucion-ARC-COLOR-SIN-FONDO-e1732295305345.png","contentUrl":"https:\/\/distribucionarc.com\/wp-content\/uploads\/2024\/10\/distribucion-ARC-COLOR-SIN-FONDO-e1732295305345.png","width":1164,"height":558,"caption":"Distribuci\u00f3n ARC"},"image":{"@id":"https:\/\/www.distribucionarc.com\/tr\/#\/schema\/logo\/image\/"},"description":"Selskap som har spesialisert seg p\u00e5 produksjon og distribusjon av industrimaskiner til n\u00e6ringsmiddel- og farmasisektoren. Vi er spesialister p\u00e5: Kj\u00f8ttskj\u00e6remaskiner Tablettilvirkning Industrielle transportsystemer Tappelinjer Dispensere Og mye mer... Vi tilbyr innovative og skreddersydde l\u00f8sninger for \u00e5 optimalisere bedriftens produksjonsprosesser.","email":"Admistracion@distribucionarc.com","telephone":"+34 643496664","legalName":"ARC TECH SOLUTIONS","foundingDate":"2024-04-09","vatID":"B55480172","numberOfEmployees":{"@type":"QuantitativeValue","minValue":"1","maxValue":"10"}}]}},"_links":{"self":[{"href":"https:\/\/distribucionarc.com\/nb\/wp-json\/wp\/v2\/product\/4916","targetHints":{"allow":["GET"]}}],"collection":[{"href":"https:\/\/distribucionarc.com\/nb\/wp-json\/wp\/v2\/product"}],"about":[{"href":"https:\/\/distribucionarc.com\/nb\/wp-json\/wp\/v2\/types\/product"}],"replies":[{"embeddable":true,"href":"https:\/\/distribucionarc.com\/nb\/wp-json\/wp\/v2\/comments?post=4916"}],"version-history":[{"count":0,"href":"https:\/\/distribucionarc.com\/nb\/wp-json\/wp\/v2\/product\/4916\/revisions"}],"wp:featuredmedia":[{"embeddable":true,"href":"https:\/\/distribucionarc.com\/nb\/wp-json\/wp\/v2\/media\/4922"}],"wp:attachment":[{"href":"https:\/\/distribucionarc.com\/nb\/wp-json\/wp\/v2\/media?parent=4916"}],"wp:term":[{"taxonomy":"product_brand","embeddable":true,"href":"https:\/\/distribucionarc.com\/nb\/wp-json\/wp\/v2\/product_brand?post=4916"},{"taxonomy":"product_cat","embeddable":true,"href":"https:\/\/distribucionarc.com\/nb\/wp-json\/wp\/v2\/product_cat?post=4916"},{"taxonomy":"product_tag","embeddable":true,"href":"https:\/\/distribucionarc.com\/nb\/wp-json\/wp\/v2\/product_tag?post=4916"}],"curies":[{"name":"wp","href":"https:\/\/api.w.org\/{rel}","templated":true}]}}