{"id":502,"date":"2020-04-19T15:15:10","date_gmt":"2020-04-19T15:15:10","guid":{"rendered":"https:\/\/distribucionarc.com\/?post_type=product&#038;p=502"},"modified":"2023-03-31T07:42:33","modified_gmt":"2023-03-31T07:42:33","slug":"profesjonell-flaskemerkingsmaskin-%f0%9f%a7%b4-batchnummermerking-2","status":"publish","type":"product","link":"https:\/\/distribucionarc.com\/nb\/producto\/maquina-etiquetadora-de-botellas-profesional-%f0%9f%a7%b4-etiquetado-numero-de-lote\/","title":{"rendered":"Profesjonell flaskemerkingsmaskin? Lottnummermerking\u00a0"},"content":{"rendered":"<h2>Profesjonell flaskemerkingsmaskin?<strong>\u00a0 Lottnummermerking\u00a0<\/strong><\/h2>\n<p>&nbsp;<\/p>\n<p>Halvautomatisk maskin egnet for ulike st\u00f8rrelser p\u00e5 selvklebende etiketter samt for alle typer runde flasker Den har ogs\u00e5 h\u00f8y presisjon og hastighet til \u00e5 dispensere og merke automatisk. Den kan brukes p\u00e5 PET-flasker, plastflasker, glassflasker, metallflasker, etc.<\/p>\n<ul class=\"_1V4Ij\" data-hook=\"collapse-info-section\">\n<li class=\"_2knBS undefined\" data-hook=\"collapse-info-item\">\n<div class=\"rah-static rah-static--height-auto\" aria-hidden=\"false\">\n<div class=\"_1yvxJ cell\">\n<div class=\"WncCi\" data-hook=\"info-section-description\">\n<ul>\n<li>Praktisk for merking av runde flasker i forskjellige st\u00f8rrelser.<\/li>\n<li>Justerbar merking i henhold til arbeidsstykkets behov.<\/li>\n<li>Merkeeffektiviteten er sv\u00e6rt h\u00f8y.<\/li>\n<li>Bare legg flasken manuelt i \u00f8nsket retning<\/li>\n<li>Perfekt merking, uten folder, rynker eller bobler, \u00f8ker konkurranseevnen til produktet.<\/li>\n<li>Sensorene og elektroniske komponentene styres av PLS-en, noe som gj\u00f8r ytelsen mer stabil.<\/li>\n<li>Vedlikehold og reparasjoner er lave kostnader.<\/li>\n<li>Den er veldig enkel \u00e5 bruke.<\/li>\n<\/ul>\n<p><strong>Spesifikasjon<\/strong><\/p>\n<p>SL130 halvautomatisk merkemaskin for runde flasker med kodeskriverfunksjon<br \/>\nDenne maskinen merker 1 rund flaske med 2 etiketter, s\u00e5 lenge lengden p\u00e5 de 2 etikettene er den samme.<br \/>\nDenne merkemaskinen brukes til merking og koding p\u00e5 ulike runde flasker, koding, som: glassflasker, plastflasker, bokser, krystall, etc.<\/p>\n<p>Denne maskinen er konfigurert med kodefunksjon. Ved merking kan du skrive ut produksjonsbatchnummer og dato samtidig, noe som forenkler produksjonsprosessen og forbedrer effektiviteten.<\/p>\n<p>Vi bruker det elektromagnetiske systemet, som forbedrer presisjonen. P\u00e5 maskinen er h\u00f8yklasses aluminiumslegering eloksert, derfor er maskinens levetid lengre.<\/p>\n<p>Alle standardiserte deler og komponenter til maskinen er n\u00f8ye produsert av rustfritt st\u00e5l. I mellomtiden, med PLC-kontrollpanel og flytende krystalldisplay, er utseendet veldig moderne.<\/p>\n<p>DETALJER:<\/p>\n<p>Spenning: 200~240V eller 110V<\/p>\n<p>Effekt: 150W<\/p>\n<p>Etikettdimensjoner (maks): 120 (bredde) x 400 (lengde) mm<\/p>\n<p>Etikettm\u00e5l (MINI): 10 (bredde) x 30 (lengde) mm<\/p>\n<h3>Flaskest\u00f8rrelse.<\/h3>\n<p>Maksimal dimensjon (maks): 125 125 mm (4,92 \u00bb)<\/p>\n<p>Minimumsdimensjon (MINI): 20 20 mm (0,8 \u00bb)<\/p>\n<p>Utvendige m\u00e5l: 580x680x860 mm (22,84\u00d726,77\u00d733,86\u201d)<\/p>\n<p>Egenvekt: 42kg<\/p>\n<p>Pakkeinnhold:<br \/>\n1X\u03a64 belte<\/p>\n<p>1 X 3A beskyttelsesr\u00f8r<\/p>\n<p>1 X Bruksanvisning<\/p>\n<p>1 X Bremsefj\u00e6r<\/p>\n<p>1 x M4 innvendig sekskantn\u00f8kkel<\/p>\n<p>1 x M5 innvendig sekskantn\u00f8kkel<\/p>\n<p>1 x M6 indre sekskantn\u00f8kkel<\/p>\n<p>1 x M8 indre sekskantn\u00f8kkel<\/p>\n<p>1 X HP-241 kodemaskin<\/p>\n<\/div>\n<p>&nbsp;<\/p>\n<div class=\"WncCi\" data-hook=\"info-section-description\">\n<p>&nbsp;<\/p>\n<\/div>\n<\/div>\n<\/div>\n<\/li>\n<\/ul>\n<p><iframe loading=\"lazy\" src=\"https:\/\/www.youtube.com\/embed\/-ImYO2i-Ji0\" width=\"560\" height=\"315\" frameborder=\"0\" allowfullscreen=\"allowfullscreen\"><\/iframe><\/p>","protected":false},"excerpt":{"rendered":"<p>Flaskemerkemaskin<\/p>\n<p>SL130 halvautomatisk merkemaskin for runde flasker med batch- og utl\u00f8psskriverfunksjon<br \/>\nDenne maskinen merker 1 rund flaske med 2 etiketter, s\u00e5 lenge lengden p\u00e5 de 2 etikettene er den samme.<br \/>\nDenne merkemaskinen brukes til merking og koding p\u00e5 ulike runde flasker, koding, som: glassflasker, plastflasker, bokser, etc.<br \/>\nmaksimal etikettst\u00f8rrelse (120 mm bredde \u2796400 mm lengde)<\/p>\n<p>Alle v\u00e5re maskiner har 2\ufe0f\u20e3 \u00e5rs garanti.<\/p>\n<p>Teknisk st\u00f8tte i tilfelle havari.<\/p>","protected":false},"featured_media":506,"comment_status":"open","ping_status":"closed","template":"","meta":{"wds_primary_product_brand":0,"wds_primary_product_cat":0},"product_brand":[],"product_cat":[44],"product_tag":[],"class_list":{"0":"post-502","1":"product","2":"type-product","3":"status-publish","4":"has-post-thumbnail","6":"product_cat-etiquetadoras-de-botellas","8":"first","9":"instock","10":"taxable","11":"shipping-taxable","12":"purchasable","13":"product-type-simple"},"yoast_head":"<!-- This site is optimized with the Yoast SEO Premium plugin v24.9 (Yoast SEO v26.1) - https:\/\/yoast.com\/wordpress\/plugins\/seo\/ -->\n<title>M\u00e1quina Etiquetadora de Botellas Profesional ?\u00a0 Etiquetado N\u00famero de Lote\u00a0 - distribuci\u00f3n ARC<\/title>\n<meta name=\"robots\" content=\"index, follow, max-snippet:-1, max-image-preview:large, max-video-preview:-1\" \/>\n<link rel=\"canonical\" href=\"https:\/\/www.distribucionarc.com\/nb\/producto\/maquina-etiquetadora-de-botellas-profesional-\ud83e\uddf4-etiquetado-numero-de-lote\/\" \/>\n<meta property=\"og:locale\" content=\"nb_NO\" \/>\n<meta property=\"og:type\" content=\"article\" \/>\n<meta property=\"og:title\" content=\"M\u00e1quina Etiquetadora de Botellas Profesional ?\u00a0 Etiquetado N\u00famero de Lote\u00a0\" \/>\n<meta property=\"og:description\" content=\"M\u00e1quina Etiquetadora de Botellas  Etiquetadora de botellas redondas semiautom\u00e1tica SL130 con funci\u00f3n de impresora de lote y caducidad Esta m\u00e1quina etiqueta 1 botella redonda con 2 etiquetas, siempre y cuando la longitud de las 2 etiquetas sea la misma. Esta m\u00e1quina de etiquetas se utiliza para etiquetar y codificar en varias botellas redondas, codificaci\u00f3n, como: botellas de vidrio, botellas de pl\u00e1stico, latas, etc. tama\u00f1o de la etiqueta\u00a0 maximo (120mm ancho \u2796400mm largo)  Toda nuestra maquinaria tiene garant\u00eda de 2\ufe0f\u20e3 a\u00f1os.  Soporte t\u00e9cnico en caso de aver\u00eda.\" \/>\n<meta property=\"og:url\" content=\"https:\/\/www.distribucionarc.com\/nb\/producto\/maquina-etiquetadora-de-botellas-profesional-\ud83e\uddf4-etiquetado-numero-de-lote\/\" \/>\n<meta property=\"og:site_name\" content=\"distribuci\u00f3n ARC\" \/>\n<meta property=\"article:modified_time\" content=\"2023-03-31T07:42:33+00:00\" \/>\n<meta property=\"og:image\" content=\"https:\/\/www.distribucionarc.com\/wp-content\/uploads\/2020\/04\/maquina_Etiquetadora_de_botellas_profesional_0.jpg\" \/>\n\t<meta property=\"og:image:width\" content=\"1600\" \/>\n\t<meta property=\"og:image:height\" content=\"1600\" \/>\n\t<meta property=\"og:image:type\" content=\"image\/jpeg\" \/>\n<meta name=\"twitter:card\" content=\"summary_large_image\" \/>\n<meta name=\"twitter:label1\" content=\"Ansl. lesetid\" \/>\n\t<meta name=\"twitter:data1\" content=\"2 minutter\" \/>\n<script type=\"application\/ld+json\" class=\"yoast-schema-graph\">{\"@context\":\"https:\/\/schema.org\",\"@graph\":[{\"@type\":\"WebPage\",\"@id\":\"https:\/\/www.distribucionarc.com\/nb\/producto\/maquina-etiquetadora-de-botellas-profesional-%f0%9f%a7%b4-etiquetado-numero-de-lote\/\",\"url\":\"https:\/\/www.distribucionarc.com\/nb\/producto\/maquina-etiquetadora-de-botellas-profesional-%f0%9f%a7%b4-etiquetado-numero-de-lote\/\",\"name\":\"M\u00e1quina Etiquetadora de Botellas Profesional ?\u00a0 Etiquetado N\u00famero de Lote\u00a0 - distribuci\u00f3n ARC\",\"isPartOf\":{\"@id\":\"https:\/\/distribucionarc.com\/pl\/#website\"},\"primaryImageOfPage\":{\"@id\":\"https:\/\/www.distribucionarc.com\/nb\/producto\/maquina-etiquetadora-de-botellas-profesional-%f0%9f%a7%b4-etiquetado-numero-de-lote\/#primaryimage\"},\"image\":{\"@id\":\"https:\/\/www.distribucionarc.com\/nb\/producto\/maquina-etiquetadora-de-botellas-profesional-%f0%9f%a7%b4-etiquetado-numero-de-lote\/#primaryimage\"},\"thumbnailUrl\":\"https:\/\/distribucionarc.com\/wp-content\/uploads\/2020\/04\/maquina_Etiquetadora_de_botellas_profesional_0.jpg\",\"datePublished\":\"2020-04-19T15:15:10+00:00\",\"dateModified\":\"2023-03-31T07:42:33+00:00\",\"breadcrumb\":{\"@id\":\"https:\/\/www.distribucionarc.com\/nb\/producto\/maquina-etiquetadora-de-botellas-profesional-%f0%9f%a7%b4-etiquetado-numero-de-lote\/#breadcrumb\"},\"inLanguage\":\"nb-NO\",\"potentialAction\":[{\"@type\":\"ReadAction\",\"target\":[\"https:\/\/www.distribucionarc.com\/nb\/producto\/maquina-etiquetadora-de-botellas-profesional-%f0%9f%a7%b4-etiquetado-numero-de-lote\/\"]}]},{\"@type\":\"ImageObject\",\"inLanguage\":\"nb-NO\",\"@id\":\"https:\/\/www.distribucionarc.com\/nb\/producto\/maquina-etiquetadora-de-botellas-profesional-%f0%9f%a7%b4-etiquetado-numero-de-lote\/#primaryimage\",\"url\":\"https:\/\/distribucionarc.com\/wp-content\/uploads\/2020\/04\/maquina_Etiquetadora_de_botellas_profesional_0.jpg\",\"contentUrl\":\"https:\/\/distribucionarc.com\/wp-content\/uploads\/2020\/04\/maquina_Etiquetadora_de_botellas_profesional_0.jpg\",\"width\":1600,\"height\":1600},{\"@type\":\"BreadcrumbList\",\"@id\":\"https:\/\/www.distribucionarc.com\/nb\/producto\/maquina-etiquetadora-de-botellas-profesional-%f0%9f%a7%b4-etiquetado-numero-de-lote\/#breadcrumb\",\"itemListElement\":[{\"@type\":\"ListItem\",\"position\":1,\"name\":\"Portada\",\"item\":\"https:\/\/www.distribucionarc.com\/tr\/\"},{\"@type\":\"ListItem\",\"position\":2,\"name\":\"Izdelki\",\"item\":\"https:\/\/www.distribucionarc.com\/sl\/trgovina\/\"},{\"@type\":\"ListItem\",\"position\":3,\"name\":\"M\u00e1quina Etiquetadora de Botellas Profesional ?\u00a0 Etiquetado N\u00famero de Lote\u00a0\"}]},{\"@type\":\"WebSite\",\"@id\":\"https:\/\/distribucionarc.com\/pl\/#website\",\"url\":\"https:\/\/distribucionarc.com\/pl\/\",\"name\":\"distribuci\u00f3n ARC\",\"description\":\"Empresa especializada en la fabricaci\u00f3n y distribuci\u00f3n de maquinaria industrial, selladoras de latas, Maquinas de hacer pastillas, Maquinas de cortar carne...\",\"publisher\":{\"@id\":\"https:\/\/distribucionarc.com\/pl\/#organization\"},\"potentialAction\":[{\"@type\":\"SearchAction\",\"target\":{\"@type\":\"EntryPoint\",\"urlTemplate\":\"https:\/\/distribucionarc.com\/pl\/?s={search_term_string}\"},\"query-input\":{\"@type\":\"PropertyValueSpecification\",\"valueRequired\":true,\"valueName\":\"search_term_string\"}}],\"inLanguage\":\"nb-NO\"},{\"@type\":\"Organization\",\"@id\":\"https:\/\/distribucionarc.com\/pl\/#organization\",\"name\":\"Distribuci\u00f3n ARC\",\"url\":\"https:\/\/distribucionarc.com\/pl\/\",\"logo\":{\"@type\":\"ImageObject\",\"inLanguage\":\"nb-NO\",\"@id\":\"https:\/\/distribucionarc.com\/pl\/#\/schema\/logo\/image\/\",\"url\":\"https:\/\/distribucionarc.com\/wp-content\/uploads\/2024\/10\/distribucion-ARC-COLOR-SIN-FONDO-e1732295305345.png\",\"contentUrl\":\"https:\/\/distribucionarc.com\/wp-content\/uploads\/2024\/10\/distribucion-ARC-COLOR-SIN-FONDO-e1732295305345.png\",\"width\":1164,\"height\":558,\"caption\":\"Distribuci\u00f3n ARC\"},\"image\":{\"@id\":\"https:\/\/distribucionarc.com\/pl\/#\/schema\/logo\/image\/\"},\"description\":\"Empresa especializada en la fabricaci\u00f3n y distribuci\u00f3n de maquinaria industrial para los sectores alimentario y farmac\u00e9utico. Nos especializamos en: M\u00e1quinas de cortar carne Fabricaci\u00f3n de comprimidos Sistemas de transporte industrial L\u00edneas de embotellado Dosificadores Y mucho m\u00e1s... Ofrecemos soluciones innovadoras y personalizadas para optimizar los procesos productivos de tu empresa.\",\"email\":\"Admistracion@distribucionarc.com\",\"telephone\":\"+34 643496664\",\"legalName\":\"ARC TECH SOLUTIONS\",\"foundingDate\":\"2024-04-09\",\"vatID\":\"B55480172\",\"numberOfEmployees\":{\"@type\":\"QuantitativeValue\",\"minValue\":\"1\",\"maxValue\":\"10\"}}]}<\/script>\n<!-- \/ Yoast SEO Premium plugin. -->","yoast_head_json":{"title":"Profesjonell flaskemerkingsmaskin? Lottnummermerking - ARC-distribusjon","robots":{"index":"index","follow":"follow","max-snippet":"max-snippet:-1","max-image-preview":"max-image-preview:large","max-video-preview":"max-video-preview:-1"},"canonical":"https:\/\/www.distribucionarc.com\/nb\/producto\/maquina-etiquetadora-de-botellas-profesional-\ud83e\uddf4-etiquetado-numero-de-lote\/","og_locale":"nb_NO","og_type":"article","og_title":"M\u00e1quina Etiquetadora de Botellas Profesional ?\u00a0 Etiquetado N\u00famero de Lote\u00a0","og_description":"M\u00e1quina Etiquetadora de Botellas  Etiquetadora de botellas redondas semiautom\u00e1tica SL130 con funci\u00f3n de impresora de lote y caducidad Esta m\u00e1quina etiqueta 1 botella redonda con 2 etiquetas, siempre y cuando la longitud de las 2 etiquetas sea la misma. Esta m\u00e1quina de etiquetas se utiliza para etiquetar y codificar en varias botellas redondas, codificaci\u00f3n, como: botellas de vidrio, botellas de pl\u00e1stico, latas, etc. tama\u00f1o de la etiqueta\u00a0 maximo (120mm ancho \u2796400mm largo)  Toda nuestra maquinaria tiene garant\u00eda de 2\ufe0f\u20e3 a\u00f1os.  Soporte t\u00e9cnico en caso de aver\u00eda.","og_url":"https:\/\/www.distribucionarc.com\/nb\/producto\/maquina-etiquetadora-de-botellas-profesional-\ud83e\uddf4-etiquetado-numero-de-lote\/","og_site_name":"distribuci\u00f3n ARC","article_modified_time":"2023-03-31T07:42:33+00:00","og_image":[{"width":1600,"height":1600,"url":"https:\/\/www.distribucionarc.com\/wp-content\/uploads\/2020\/04\/maquina_Etiquetadora_de_botellas_profesional_0.jpg","type":"image\/jpeg"}],"twitter_card":"summary_large_image","twitter_misc":{"Ansl. lesetid":"2 minutter"},"schema":{"@context":"https:\/\/schema.org","@graph":[{"@type":"WebPage","@id":"https:\/\/www.distribucionarc.com\/nb\/producto\/maquina-etiquetadora-de-botellas-profesional-%f0%9f%a7%b4-etiquetado-numero-de-lote\/","url":"https:\/\/www.distribucionarc.com\/nb\/producto\/maquina-etiquetadora-de-botellas-profesional-%f0%9f%a7%b4-etiquetado-numero-de-lote\/","name":"Profesjonell flaskemerkingsmaskin? Lottnummermerking - ARC-distribusjon","isPartOf":{"@id":"https:\/\/distribucionarc.com\/pl\/#website"},"primaryImageOfPage":{"@id":"https:\/\/www.distribucionarc.com\/nb\/producto\/maquina-etiquetadora-de-botellas-profesional-%f0%9f%a7%b4-etiquetado-numero-de-lote\/#primaryimage"},"image":{"@id":"https:\/\/www.distribucionarc.com\/nb\/producto\/maquina-etiquetadora-de-botellas-profesional-%f0%9f%a7%b4-etiquetado-numero-de-lote\/#primaryimage"},"thumbnailUrl":"https:\/\/distribucionarc.com\/wp-content\/uploads\/2020\/04\/maquina_Etiquetadora_de_botellas_profesional_0.jpg","datePublished":"2020-04-19T15:15:10+00:00","dateModified":"2023-03-31T07:42:33+00:00","breadcrumb":{"@id":"https:\/\/www.distribucionarc.com\/nb\/producto\/maquina-etiquetadora-de-botellas-profesional-%f0%9f%a7%b4-etiquetado-numero-de-lote\/#breadcrumb"},"inLanguage":"nb-NO","potentialAction":[{"@type":"ReadAction","target":["https:\/\/www.distribucionarc.com\/nb\/producto\/maquina-etiquetadora-de-botellas-profesional-%f0%9f%a7%b4-etiquetado-numero-de-lote\/"]}]},{"@type":"ImageObject","inLanguage":"nb-NO","@id":"https:\/\/www.distribucionarc.com\/nb\/producto\/maquina-etiquetadora-de-botellas-profesional-%f0%9f%a7%b4-etiquetado-numero-de-lote\/#primaryimage","url":"https:\/\/distribucionarc.com\/wp-content\/uploads\/2020\/04\/maquina_Etiquetadora_de_botellas_profesional_0.jpg","contentUrl":"https:\/\/distribucionarc.com\/wp-content\/uploads\/2020\/04\/maquina_Etiquetadora_de_botellas_profesional_0.jpg","width":1600,"height":1600},{"@type":"BreadcrumbList","@id":"https:\/\/www.distribucionarc.com\/nb\/producto\/maquina-etiquetadora-de-botellas-profesional-%f0%9f%a7%b4-etiquetado-numero-de-lote\/#breadcrumb","itemListElement":[{"@type":"ListItem","position":1,"name":"Portada","item":"https:\/\/www.distribucionarc.com\/tr\/"},{"@type":"ListItem","position":2,"name":"Izdelki","item":"https:\/\/www.distribucionarc.com\/sl\/trgovina\/"},{"@type":"ListItem","position":3,"name":"M\u00e1quina Etiquetadora de Botellas Profesional ?\u00a0 Etiquetado N\u00famero de Lote\u00a0"}]},{"@type":"WebSite","@id":"https:\/\/distribucionarc.com\/pl\/#website","url":"https:\/\/distribucionarc.com\/pl\/","name":"ARC distribusjon","description":"Selskapet har spesialisert seg p\u00e5 produksjon og distribusjon av industrimaskiner, hermetikkboksforseglingsmaskiner, tablettmaskiner, kj\u00f8ttskj\u00e6remaskiner og...","publisher":{"@id":"https:\/\/distribucionarc.com\/pl\/#organization"},"potentialAction":[{"@type":"SearchAction","target":{"@type":"EntryPoint","urlTemplate":"https:\/\/distribucionarc.com\/pl\/?s={search_term_string}"},"query-input":{"@type":"PropertyValueSpecification","valueRequired":true,"valueName":"search_term_string"}}],"inLanguage":"nb-NO"},{"@type":"Organization","@id":"https:\/\/distribucionarc.com\/pl\/#organization","name":"ARC distribusjon","url":"https:\/\/distribucionarc.com\/pl\/","logo":{"@type":"ImageObject","inLanguage":"nb-NO","@id":"https:\/\/distribucionarc.com\/pl\/#\/schema\/logo\/image\/","url":"https:\/\/distribucionarc.com\/wp-content\/uploads\/2024\/10\/distribucion-ARC-COLOR-SIN-FONDO-e1732295305345.png","contentUrl":"https:\/\/distribucionarc.com\/wp-content\/uploads\/2024\/10\/distribucion-ARC-COLOR-SIN-FONDO-e1732295305345.png","width":1164,"height":558,"caption":"Distribuci\u00f3n ARC"},"image":{"@id":"https:\/\/distribucionarc.com\/pl\/#\/schema\/logo\/image\/"},"description":"Selskap som har spesialisert seg p\u00e5 produksjon og distribusjon av industrimaskiner til n\u00e6ringsmiddel- og farmasisektoren. Vi er spesialister p\u00e5: Kj\u00f8ttskj\u00e6remaskiner Tablettilvirkning Industrielle transportsystemer Tappelinjer Dispensere Og mye mer... Vi tilbyr innovative og skreddersydde l\u00f8sninger for \u00e5 optimalisere bedriftens produksjonsprosesser.","email":"Admistracion@distribucionarc.com","telephone":"+34 643496664","legalName":"ARC TECH SOLUTIONS","foundingDate":"2024-04-09","vatID":"B55480172","numberOfEmployees":{"@type":"QuantitativeValue","minValue":"1","maxValue":"10"}}]}},"_links":{"self":[{"href":"https:\/\/distribucionarc.com\/nb\/wp-json\/wp\/v2\/product\/502","targetHints":{"allow":["GET"]}}],"collection":[{"href":"https:\/\/distribucionarc.com\/nb\/wp-json\/wp\/v2\/product"}],"about":[{"href":"https:\/\/distribucionarc.com\/nb\/wp-json\/wp\/v2\/types\/product"}],"replies":[{"embeddable":true,"href":"https:\/\/distribucionarc.com\/nb\/wp-json\/wp\/v2\/comments?post=502"}],"version-history":[{"count":0,"href":"https:\/\/distribucionarc.com\/nb\/wp-json\/wp\/v2\/product\/502\/revisions"}],"wp:featuredmedia":[{"embeddable":true,"href":"https:\/\/distribucionarc.com\/nb\/wp-json\/wp\/v2\/media\/506"}],"wp:attachment":[{"href":"https:\/\/distribucionarc.com\/nb\/wp-json\/wp\/v2\/media?parent=502"}],"wp:term":[{"taxonomy":"product_brand","embeddable":true,"href":"https:\/\/distribucionarc.com\/nb\/wp-json\/wp\/v2\/product_brand?post=502"},{"taxonomy":"product_cat","embeddable":true,"href":"https:\/\/distribucionarc.com\/nb\/wp-json\/wp\/v2\/product_cat?post=502"},{"taxonomy":"product_tag","embeddable":true,"href":"https:\/\/distribucionarc.com\/nb\/wp-json\/wp\/v2\/product_tag?post=502"}],"curies":[{"name":"wp","href":"https:\/\/api.w.org\/{rel}","templated":true}]}}