{"id":5705,"date":"2023-05-11T15:04:22","date_gmt":"2023-05-11T15:04:22","guid":{"rendered":"https:\/\/distribucionarc.com\/?post_type=product&#038;p=5705"},"modified":"2024-10-05T03:48:21","modified_gmt":"2024-10-05T03:48:21","slug":"profesjonell-fersk-kjottkvern-av-hoy-kvalitet","status":"publish","type":"product","link":"https:\/\/distribucionarc.com\/nb\/producto\/picadora-profesional-de-carne-fresca-de-alta-calidad\/","title":{"rendered":"Profesjonell kj\u00f8tthakker av h\u00f8y kvalitet"},"content":{"rendered":"<h2>400 kg\/t profesjonell kj\u00f8ttkvern<\/h2>\n<p><a href=\"https:\/\/distribucionarc.com\/wp-content\/uploads\/2023\/05\/picadora-profesional-de-carne.jpg\"><img loading=\"lazy\" decoding=\"async\" class=\"alignnone size-medium wp-image-5707\" src=\"https:\/\/distribucionarc.com\/wp-content\/uploads\/2023\/05\/picadora-profesional-de-carne-300x300.jpg\" alt=\"\" width=\"300\" height=\"300\" srcset=\"https:\/\/distribucionarc.com\/wp-content\/uploads\/2023\/05\/picadora-profesional-de-carne-300x300.jpg 300w, https:\/\/distribucionarc.com\/wp-content\/uploads\/2023\/05\/picadora-profesional-de-carne-430x430.jpg 430w, https:\/\/distribucionarc.com\/wp-content\/uploads\/2023\/05\/picadora-profesional-de-carne-150x150.jpg 150w, https:\/\/distribucionarc.com\/wp-content\/uploads\/2023\/05\/picadora-profesional-de-carne-700x700.jpg 700w, https:\/\/distribucionarc.com\/wp-content\/uploads\/2023\/05\/picadora-profesional-de-carne-768x768.jpg 768w, https:\/\/distribucionarc.com\/wp-content\/uploads\/2023\/05\/picadora-profesional-de-carne-12x12.jpg 12w, https:\/\/distribucionarc.com\/wp-content\/uploads\/2023\/05\/picadora-profesional-de-carne-48x48.jpg 48w, https:\/\/distribucionarc.com\/wp-content\/uploads\/2023\/05\/picadora-profesional-de-carne.jpg 1000w\" sizes=\"auto, (max-width: 300px) 100vw, 300px\" \/><\/a><a href=\"https:\/\/distribucionarc.com\/wp-content\/uploads\/2023\/05\/picadora-profesional.webp\"><img loading=\"lazy\" decoding=\"async\" class=\"alignnone size-medium wp-image-5709\" src=\"https:\/\/distribucionarc.com\/wp-content\/uploads\/2023\/05\/picadora-profesional-196x300.webp\" alt=\"\" width=\"196\" height=\"300\" srcset=\"https:\/\/distribucionarc.com\/wp-content\/uploads\/2023\/05\/picadora-profesional-196x300.webp 196w, https:\/\/distribucionarc.com\/wp-content\/uploads\/2023\/05\/picadora-profesional-430x660.webp 430w, https:\/\/distribucionarc.com\/wp-content\/uploads\/2023\/05\/picadora-profesional-150x230.webp 150w, https:\/\/distribucionarc.com\/wp-content\/uploads\/2023\/05\/picadora-profesional-600x920.webp 600w, https:\/\/distribucionarc.com\/wp-content\/uploads\/2023\/05\/picadora-profesional-8x12.webp 8w, https:\/\/distribucionarc.com\/wp-content\/uploads\/2023\/05\/picadora-profesional-48x74.webp 48w, https:\/\/distribucionarc.com\/wp-content\/uploads\/2023\/05\/picadora-profesional.webp 652w\" sizes=\"auto, (max-width: 196px) 100vw, 196px\" \/><\/a><\/p>\n<p>Dette <strong>profesjonell kj\u00f8ttkvern<\/strong> Den har en kapasitet p\u00e5 400 kg og omdreininger i minuttet p\u00e5 1400. Den er utformet med en avkj\u00f8lt fylling og skrueakselseksjon og et h\u00e5ndvern for \u00e5 sikre sikker drift. Den er laget av rustfritt st\u00e5l og har en effekt p\u00e5 1,5 kW. De ytre m\u00e5lene er 670 x 340 x 545 mm, og den er lett \u00e5 rengj\u00f8re. Den leveres med et plaststempel, rustfritt st\u00e5lblad og 4 mm perforert skive. Det anbefales \u00e5 aktivere kj\u00f8lingen minst 30 minutter f\u00f8r bearbeiding av kj\u00f8ttet.<\/p>\n<p><a href=\"https:\/\/distribucionarc.com\/wp-content\/uploads\/2023\/05\/picadora-carne-accesorio.webp\"><img loading=\"lazy\" decoding=\"async\" class=\"alignnone size-medium wp-image-5710\" src=\"https:\/\/distribucionarc.com\/wp-content\/uploads\/2023\/05\/picadora-carne-accesorio-300x191.webp\" alt=\"\" width=\"300\" height=\"191\" srcset=\"https:\/\/distribucionarc.com\/wp-content\/uploads\/2023\/05\/picadora-carne-accesorio-300x191.webp 300w, https:\/\/distribucionarc.com\/wp-content\/uploads\/2023\/05\/picadora-carne-accesorio-430x273.webp 430w, https:\/\/distribucionarc.com\/wp-content\/uploads\/2023\/05\/picadora-carne-accesorio-150x95.webp 150w, https:\/\/distribucionarc.com\/wp-content\/uploads\/2023\/05\/picadora-carne-accesorio-700x445.webp 700w, https:\/\/distribucionarc.com\/wp-content\/uploads\/2023\/05\/picadora-carne-accesorio-768x488.webp 768w, https:\/\/distribucionarc.com\/wp-content\/uploads\/2023\/05\/picadora-carne-accesorio-18x12.webp 18w, https:\/\/distribucionarc.com\/wp-content\/uploads\/2023\/05\/picadora-carne-accesorio-48x31.webp 48w, https:\/\/distribucionarc.com\/wp-content\/uploads\/2023\/05\/picadora-carne-accesorio.webp 914w\" sizes=\"auto, (max-width: 300px) 100vw, 300px\" \/><\/a> <a href=\"https:\/\/distribucionarc.com\/wp-content\/uploads\/2023\/05\/picadora-carne-profesional.webp\"><img loading=\"lazy\" decoding=\"async\" class=\"alignnone size-medium wp-image-5711\" src=\"https:\/\/distribucionarc.com\/wp-content\/uploads\/2023\/05\/picadora-carne-profesional-300x300.webp\" alt=\"\" width=\"300\" height=\"300\" srcset=\"https:\/\/distribucionarc.com\/wp-content\/uploads\/2023\/05\/picadora-carne-profesional-300x300.webp 300w, https:\/\/distribucionarc.com\/wp-content\/uploads\/2023\/05\/picadora-carne-profesional-430x430.webp 430w, https:\/\/distribucionarc.com\/wp-content\/uploads\/2023\/05\/picadora-carne-profesional-150x150.webp 150w, https:\/\/distribucionarc.com\/wp-content\/uploads\/2023\/05\/picadora-carne-profesional-700x700.webp 700w, https:\/\/distribucionarc.com\/wp-content\/uploads\/2023\/05\/picadora-carne-profesional-768x768.webp 768w, https:\/\/distribucionarc.com\/wp-content\/uploads\/2023\/05\/picadora-carne-profesional-12x12.webp 12w, https:\/\/distribucionarc.com\/wp-content\/uploads\/2023\/05\/picadora-carne-profesional-48x48.webp 48w, https:\/\/distribucionarc.com\/wp-content\/uploads\/2023\/05\/picadora-carne-profesional.webp 1000w\" sizes=\"auto, (max-width: 300px) 100vw, 300px\" \/><\/a><a href=\"https:\/\/distribucionarc.com\/wp-content\/uploads\/2023\/05\/picadora-control.jpg\"><img loading=\"lazy\" decoding=\"async\" class=\"alignnone size-medium wp-image-5712\" src=\"https:\/\/distribucionarc.com\/wp-content\/uploads\/2023\/05\/picadora-control-300x300.jpg\" alt=\"\" width=\"300\" height=\"300\" srcset=\"https:\/\/distribucionarc.com\/wp-content\/uploads\/2023\/05\/picadora-control-300x300.jpg 300w, https:\/\/distribucionarc.com\/wp-content\/uploads\/2023\/05\/picadora-control-430x430.jpg 430w, https:\/\/distribucionarc.com\/wp-content\/uploads\/2023\/05\/picadora-control-150x150.jpg 150w, https:\/\/distribucionarc.com\/wp-content\/uploads\/2023\/05\/picadora-control-700x700.jpg 700w, https:\/\/distribucionarc.com\/wp-content\/uploads\/2023\/05\/picadora-control-768x768.jpg 768w, https:\/\/distribucionarc.com\/wp-content\/uploads\/2023\/05\/picadora-control-12x12.jpg 12w, https:\/\/distribucionarc.com\/wp-content\/uploads\/2023\/05\/picadora-control-48x48.jpg 48w, https:\/\/distribucionarc.com\/wp-content\/uploads\/2023\/05\/picadora-control.jpg 1000w\" sizes=\"auto, (max-width: 300px) 100vw, 300px\" \/><\/a><\/p>\n<p>Tekniske spesifikasjoner <strong>AR00928<\/strong><\/p>\n<ul>\n<li>Bredde: 670mm<\/li>\n<li>Dybde: 340 mm<\/li>\n<li>H\u00f8yde: 545mm<\/li>\n<li>Ytelse: 1,5 kW<\/li>\n<li>Spenning: 230 volt<\/li>\n<li>Frekvens: 50Hz<\/li>\n<li>Kj\u00f8lemiddel: R290<\/li>\n<li>Enhetstype: kj\u00f8ttkvern<\/li>\n<li>Kapasitet: 400 kg\/t<\/li>\n<li>Omdreininger per minutt: 1400 rpm<\/li>\n<li>Volum: 0,10 m\u00b3<\/li>\n<li>Vekt 64 kg<\/li>\n<\/ul>\n<h3>600 kg\/t elektrisk kj\u00f8ttkvern<\/h3>\n<p>De <strong>elektrisk kj\u00f8ttkvern<\/strong> Det er en motstandsdyktig maskin av h\u00f8y kvalitet, laget av rustfritt st\u00e5l og med en kapasitet p\u00e5 600 kg. Den har en kj\u00f8ttbeholder med kj\u00f8ling, h\u00e5ndbeskyttelse for sikker drift og integrert kj\u00f8ling for \u00e5 redusere antall bakterier. Leveres med plaststempel, rustfritt st\u00e5lblad og 4 mm perforert skive. Den er enkel \u00e5 rengj\u00f8re og det anbefales \u00e5 aktivere kj\u00f8lingen minst 30 minutter f\u00f8r bearbeiding av kj\u00f8ttet. Effekten til kj\u00f8ttkvernen er 2,2 kW og dens ytre m\u00e5l er 645 x 340 x 575 mm.<\/p>\n<p><a href=\"https:\/\/distribucionarc.com\/wp-content\/uploads\/2023\/05\/picadora-electrica-de-carne.jpg\"><img loading=\"lazy\" decoding=\"async\" class=\"alignnone size-medium wp-image-5713\" src=\"https:\/\/distribucionarc.com\/wp-content\/uploads\/2023\/05\/picadora-electrica-de-carne-300x300.jpg\" alt=\"\" width=\"300\" height=\"300\" srcset=\"https:\/\/distribucionarc.com\/wp-content\/uploads\/2023\/05\/picadora-electrica-de-carne-300x300.jpg 300w, https:\/\/distribucionarc.com\/wp-content\/uploads\/2023\/05\/picadora-electrica-de-carne-430x430.jpg 430w, https:\/\/distribucionarc.com\/wp-content\/uploads\/2023\/05\/picadora-electrica-de-carne-150x150.jpg 150w, https:\/\/distribucionarc.com\/wp-content\/uploads\/2023\/05\/picadora-electrica-de-carne-700x700.jpg 700w, https:\/\/distribucionarc.com\/wp-content\/uploads\/2023\/05\/picadora-electrica-de-carne-768x768.jpg 768w, https:\/\/distribucionarc.com\/wp-content\/uploads\/2023\/05\/picadora-electrica-de-carne-12x12.jpg 12w, https:\/\/distribucionarc.com\/wp-content\/uploads\/2023\/05\/picadora-electrica-de-carne-48x48.jpg 48w, https:\/\/distribucionarc.com\/wp-content\/uploads\/2023\/05\/picadora-electrica-de-carne.jpg 1000w\" sizes=\"auto, (max-width: 300px) 100vw, 300px\" \/><\/a><a href=\"https:\/\/distribucionarc.com\/wp-content\/uploads\/2023\/05\/picadora-electrica-interior.webp\"><img loading=\"lazy\" decoding=\"async\" class=\"alignnone size-medium wp-image-5714\" src=\"https:\/\/distribucionarc.com\/wp-content\/uploads\/2023\/05\/picadora-electrica-interior-300x300.webp\" alt=\"\" width=\"300\" height=\"300\" srcset=\"https:\/\/distribucionarc.com\/wp-content\/uploads\/2023\/05\/picadora-electrica-interior-300x300.webp 300w, https:\/\/distribucionarc.com\/wp-content\/uploads\/2023\/05\/picadora-electrica-interior-430x430.webp 430w, https:\/\/distribucionarc.com\/wp-content\/uploads\/2023\/05\/picadora-electrica-interior-150x150.webp 150w, https:\/\/distribucionarc.com\/wp-content\/uploads\/2023\/05\/picadora-electrica-interior-700x700.webp 700w, https:\/\/distribucionarc.com\/wp-content\/uploads\/2023\/05\/picadora-electrica-interior-768x768.webp 768w, https:\/\/distribucionarc.com\/wp-content\/uploads\/2023\/05\/picadora-electrica-interior-12x12.webp 12w, https:\/\/distribucionarc.com\/wp-content\/uploads\/2023\/05\/picadora-electrica-interior-48x48.webp 48w, https:\/\/distribucionarc.com\/wp-content\/uploads\/2023\/05\/picadora-electrica-interior.webp 1000w\" sizes=\"auto, (max-width: 300px) 100vw, 300px\" \/><\/a><a href=\"https:\/\/distribucionarc.com\/wp-content\/uploads\/2023\/05\/picadora-de-carne-vista.webp\"><img loading=\"lazy\" decoding=\"async\" class=\"alignnone size-medium wp-image-5715\" src=\"https:\/\/distribucionarc.com\/wp-content\/uploads\/2023\/05\/picadora-de-carne-vista-184x300.webp\" alt=\"\" width=\"184\" height=\"300\" srcset=\"https:\/\/distribucionarc.com\/wp-content\/uploads\/2023\/05\/picadora-de-carne-vista-184x300.webp 184w, https:\/\/distribucionarc.com\/wp-content\/uploads\/2023\/05\/picadora-de-carne-vista-430x700.webp 430w, https:\/\/distribucionarc.com\/wp-content\/uploads\/2023\/05\/picadora-de-carne-vista-150x244.webp 150w, https:\/\/distribucionarc.com\/wp-content\/uploads\/2023\/05\/picadora-de-carne-vista-600x977.webp 600w, https:\/\/distribucionarc.com\/wp-content\/uploads\/2023\/05\/picadora-de-carne-vista-7x12.webp 7w, https:\/\/distribucionarc.com\/wp-content\/uploads\/2023\/05\/picadora-de-carne-vista-48x78.webp 48w, https:\/\/distribucionarc.com\/wp-content\/uploads\/2023\/05\/picadora-de-carne-vista.webp 614w\" sizes=\"auto, (max-width: 184px) 100vw, 184px\" \/><\/a><\/p>\n<p>Tekniske spesifikasjoner <strong>AR00929<\/strong><\/p>\n<ul>\n<li>Bredde: 645mm<\/li>\n<li>Dybde: 340 mm<\/li>\n<li>H\u00f8yde: 575 mm<\/li>\n<li>Enhetstype: kj\u00f8ttkvern<\/li>\n<li>Kapasitet: 600 kg\/t<\/li>\n<li>Omdreininger per minutt: 1400 rpm<\/li>\n<li>Volum: 0,12 m\u00b3<\/li>\n<li>Effekt: 2200 watt<\/li>\n<li>Spenning: 230V<\/li>\n<li>Frekvens: 50Hz<\/li>\n<li>Vekt 67 kg<\/li>\n<\/ul>\n<p>&nbsp;<\/p>","protected":false},"excerpt":{"rendered":"<p>De <strong>kj\u00f8ttkverner<\/strong> De er maskiner designet for \u00e5 kverne og hakke kj\u00f8tt. Disse maskinene brukes ofte i mat- og kj\u00f8ttforedlingsindustrien for \u00e5 tilberede forskjellige typer kj\u00f8ttdeig. De kommer i en rekke st\u00f8rrelser og kapasiteter for \u00e5 passe produksjonsbehov, og kan utstyres med forskjellige typer kniver og skj\u00e6replater for \u00e5 oppn\u00e5 forskjellige kj\u00f8ttdeig teksturer. Kj\u00f8ttkverner kan ogs\u00e5 utformes for \u00e5 behandle andre typer matvarer, som frukt og gr\u00f8nnsaker, for \u00e5 lage pureer og sauser.<\/p>","protected":false},"featured_media":5709,"comment_status":"open","ping_status":"closed","template":"","meta":{"wds_primary_product_brand":0,"wds_primary_product_cat":0},"product_brand":[],"product_cat":[120],"product_tag":[],"class_list":{"0":"post-5705","1":"product","2":"type-product","3":"status-publish","4":"has-post-thumbnail","6":"product_cat-picadoras-carne","7":"product_shipping_class-express","9":"first","10":"instock","11":"taxable","12":"shipping-taxable","13":"purchasable","14":"product-type-simple"},"yoast_head":"<!-- This site is optimized with the Yoast SEO Premium plugin v24.9 (Yoast SEO v26.1) - https:\/\/yoast.com\/wordpress\/plugins\/seo\/ -->\n<title>Picadora profesional de carne fresca de alta calidad - distribuci\u00f3n ARC<\/title>\n<meta name=\"robots\" content=\"index, follow, max-snippet:-1, max-image-preview:large, max-video-preview:-1\" \/>\n<link rel=\"canonical\" href=\"https:\/\/www.distribucionarc.com\/producto\/picadora-profesional-de-carne-fresca-de-alta-calidad\/\" \/>\n<meta property=\"og:locale\" content=\"nb_NO\" \/>\n<meta property=\"og:type\" content=\"article\" \/>\n<meta property=\"og:title\" content=\"Picadora profesional de carne fresca de alta calidad\" \/>\n<meta property=\"og:description\" content=\"Las picadoras de carne son m\u00e1quinas dise\u00f1adas para moler y triturar carne. Estas m\u00e1quinas se utilizan com\u00fanmente en la industria alimentaria y de procesamiento de carne para preparar diferentes tipos de carne molida. Vienen en una variedad de tama\u00f1os y capacidades para adaptarse a las necesidades de producci\u00f3n, y pueden estar equipadas con diferentes tipos de cuchillas y platos de corte para lograr diferentes texturas de carne molida. Las picadoras de carne tambi\u00e9n pueden estar dise\u00f1adas para procesar otros tipos de alimentos, como frutas y verduras, para crear pur\u00e9s y salsas.\" \/>\n<meta property=\"og:url\" content=\"https:\/\/www.distribucionarc.com\/producto\/picadora-profesional-de-carne-fresca-de-alta-calidad\/\" \/>\n<meta property=\"og:site_name\" content=\"distribuci\u00f3n ARC\" \/>\n<meta property=\"article:modified_time\" content=\"2024-10-05T03:48:21+00:00\" \/>\n<meta property=\"og:image\" content=\"https:\/\/www.distribucionarc.com\/wp-content\/uploads\/2023\/05\/picadora-profesional.webp\" \/>\n\t<meta property=\"og:image:width\" content=\"652\" \/>\n\t<meta property=\"og:image:height\" content=\"1000\" \/>\n\t<meta property=\"og:image:type\" content=\"image\/webp\" \/>\n<meta name=\"twitter:card\" content=\"summary_large_image\" \/>\n<meta name=\"twitter:label1\" content=\"Ansl. lesetid\" \/>\n\t<meta name=\"twitter:data1\" content=\"4 minutter\" \/>\n<script type=\"application\/ld+json\" class=\"yoast-schema-graph\">{\"@context\":\"https:\/\/schema.org\",\"@graph\":[{\"@type\":\"WebPage\",\"@id\":\"https:\/\/www.distribucionarc.com\/producto\/picadora-profesional-de-carne-fresca-de-alta-calidad\/\",\"url\":\"https:\/\/www.distribucionarc.com\/producto\/picadora-profesional-de-carne-fresca-de-alta-calidad\/\",\"name\":\"Picadora profesional de carne fresca de alta calidad - distribuci\u00f3n ARC\",\"isPartOf\":{\"@id\":\"https:\/\/distribucionarc.com\/hr\/#website\"},\"primaryImageOfPage\":{\"@id\":\"https:\/\/www.distribucionarc.com\/producto\/picadora-profesional-de-carne-fresca-de-alta-calidad\/#primaryimage\"},\"image\":{\"@id\":\"https:\/\/www.distribucionarc.com\/producto\/picadora-profesional-de-carne-fresca-de-alta-calidad\/#primaryimage\"},\"thumbnailUrl\":\"https:\/\/distribucionarc.com\/wp-content\/uploads\/2023\/05\/picadora-profesional.webp\",\"datePublished\":\"2023-05-11T15:04:22+00:00\",\"dateModified\":\"2024-10-05T03:48:21+00:00\",\"breadcrumb\":{\"@id\":\"https:\/\/www.distribucionarc.com\/producto\/picadora-profesional-de-carne-fresca-de-alta-calidad\/#breadcrumb\"},\"inLanguage\":\"nb-NO\",\"potentialAction\":[{\"@type\":\"ReadAction\",\"target\":[\"https:\/\/www.distribucionarc.com\/producto\/picadora-profesional-de-carne-fresca-de-alta-calidad\/\"]}]},{\"@type\":\"ImageObject\",\"inLanguage\":\"nb-NO\",\"@id\":\"https:\/\/www.distribucionarc.com\/producto\/picadora-profesional-de-carne-fresca-de-alta-calidad\/#primaryimage\",\"url\":\"https:\/\/distribucionarc.com\/wp-content\/uploads\/2023\/05\/picadora-profesional.webp\",\"contentUrl\":\"https:\/\/distribucionarc.com\/wp-content\/uploads\/2023\/05\/picadora-profesional.webp\",\"width\":652,\"height\":1000},{\"@type\":\"BreadcrumbList\",\"@id\":\"https:\/\/www.distribucionarc.com\/producto\/picadora-profesional-de-carne-fresca-de-alta-calidad\/#breadcrumb\",\"itemListElement\":[{\"@type\":\"ListItem\",\"position\":1,\"name\":\"Portada\",\"item\":\"https:\/\/distribucionarc.com\/bg\/\"},{\"@type\":\"ListItem\",\"position\":2,\"name\":\"Proizvodi\",\"item\":\"https:\/\/distribucionarc.com\/hr\/ducan\/\"},{\"@type\":\"ListItem\",\"position\":3,\"name\":\"Picadora profesional de carne fresca de alta calidad\"}]},{\"@type\":\"WebSite\",\"@id\":\"https:\/\/distribucionarc.com\/hr\/#website\",\"url\":\"https:\/\/distribucionarc.com\/hr\/\",\"name\":\"distribuci\u00f3n ARC\",\"description\":\"Empresa especializada en la fabricaci\u00f3n y distribuci\u00f3n de maquinaria industrial, selladoras de latas, Maquinas de hacer pastillas, Maquinas de cortar carne...\",\"publisher\":{\"@id\":\"https:\/\/distribucionarc.com\/hr\/#organization\"},\"potentialAction\":[{\"@type\":\"SearchAction\",\"target\":{\"@type\":\"EntryPoint\",\"urlTemplate\":\"https:\/\/distribucionarc.com\/hr\/?s={search_term_string}\"},\"query-input\":{\"@type\":\"PropertyValueSpecification\",\"valueRequired\":true,\"valueName\":\"search_term_string\"}}],\"inLanguage\":\"nb-NO\"},{\"@type\":\"Organization\",\"@id\":\"https:\/\/distribucionarc.com\/hr\/#organization\",\"name\":\"Distribuci\u00f3n ARC\",\"url\":\"https:\/\/distribucionarc.com\/hr\/\",\"logo\":{\"@type\":\"ImageObject\",\"inLanguage\":\"nb-NO\",\"@id\":\"https:\/\/distribucionarc.com\/hr\/#\/schema\/logo\/image\/\",\"url\":\"https:\/\/distribucionarc.com\/wp-content\/uploads\/2024\/10\/distribucion-ARC-COLOR-SIN-FONDO-e1732295305345.png\",\"contentUrl\":\"https:\/\/distribucionarc.com\/wp-content\/uploads\/2024\/10\/distribucion-ARC-COLOR-SIN-FONDO-e1732295305345.png\",\"width\":1164,\"height\":558,\"caption\":\"Distribuci\u00f3n ARC\"},\"image\":{\"@id\":\"https:\/\/distribucionarc.com\/hr\/#\/schema\/logo\/image\/\"},\"description\":\"Empresa especializada en la fabricaci\u00f3n y distribuci\u00f3n de maquinaria industrial para los sectores alimentario y farmac\u00e9utico. Nos especializamos en: M\u00e1quinas de cortar carne Fabricaci\u00f3n de comprimidos Sistemas de transporte industrial L\u00edneas de embotellado Dosificadores Y mucho m\u00e1s... Ofrecemos soluciones innovadoras y personalizadas para optimizar los procesos productivos de tu empresa.\",\"email\":\"Admistracion@distribucionarc.com\",\"telephone\":\"+34 643496664\",\"legalName\":\"ARC TECH SOLUTIONS\",\"foundingDate\":\"2024-04-09\",\"vatID\":\"B55480172\",\"numberOfEmployees\":{\"@type\":\"QuantitativeValue\",\"minValue\":\"1\",\"maxValue\":\"10\"}}]}<\/script>\n<!-- \/ Yoast SEO Premium plugin. -->","yoast_head_json":{"title":"H\u00f8ykvalitets profesjonell ferskkj\u00f8ttdeig - ARC distribusjon","robots":{"index":"index","follow":"follow","max-snippet":"max-snippet:-1","max-image-preview":"max-image-preview:large","max-video-preview":"max-video-preview:-1"},"canonical":"https:\/\/www.distribucionarc.com\/producto\/picadora-profesional-de-carne-fresca-de-alta-calidad\/","og_locale":"nb_NO","og_type":"article","og_title":"Picadora profesional de carne fresca de alta calidad","og_description":"Las picadoras de carne son m\u00e1quinas dise\u00f1adas para moler y triturar carne. Estas m\u00e1quinas se utilizan com\u00fanmente en la industria alimentaria y de procesamiento de carne para preparar diferentes tipos de carne molida. Vienen en una variedad de tama\u00f1os y capacidades para adaptarse a las necesidades de producci\u00f3n, y pueden estar equipadas con diferentes tipos de cuchillas y platos de corte para lograr diferentes texturas de carne molida. Las picadoras de carne tambi\u00e9n pueden estar dise\u00f1adas para procesar otros tipos de alimentos, como frutas y verduras, para crear pur\u00e9s y salsas.","og_url":"https:\/\/www.distribucionarc.com\/producto\/picadora-profesional-de-carne-fresca-de-alta-calidad\/","og_site_name":"distribuci\u00f3n ARC","article_modified_time":"2024-10-05T03:48:21+00:00","og_image":[{"width":652,"height":1000,"url":"https:\/\/www.distribucionarc.com\/wp-content\/uploads\/2023\/05\/picadora-profesional.webp","type":"image\/webp"}],"twitter_card":"summary_large_image","twitter_misc":{"Ansl. lesetid":"4 minutter"},"schema":{"@context":"https:\/\/schema.org","@graph":[{"@type":"WebPage","@id":"https:\/\/www.distribucionarc.com\/producto\/picadora-profesional-de-carne-fresca-de-alta-calidad\/","url":"https:\/\/www.distribucionarc.com\/producto\/picadora-profesional-de-carne-fresca-de-alta-calidad\/","name":"H\u00f8ykvalitets profesjonell ferskkj\u00f8ttdeig - ARC distribusjon","isPartOf":{"@id":"https:\/\/distribucionarc.com\/hr\/#website"},"primaryImageOfPage":{"@id":"https:\/\/www.distribucionarc.com\/producto\/picadora-profesional-de-carne-fresca-de-alta-calidad\/#primaryimage"},"image":{"@id":"https:\/\/www.distribucionarc.com\/producto\/picadora-profesional-de-carne-fresca-de-alta-calidad\/#primaryimage"},"thumbnailUrl":"https:\/\/distribucionarc.com\/wp-content\/uploads\/2023\/05\/picadora-profesional.webp","datePublished":"2023-05-11T15:04:22+00:00","dateModified":"2024-10-05T03:48:21+00:00","breadcrumb":{"@id":"https:\/\/www.distribucionarc.com\/producto\/picadora-profesional-de-carne-fresca-de-alta-calidad\/#breadcrumb"},"inLanguage":"nb-NO","potentialAction":[{"@type":"ReadAction","target":["https:\/\/www.distribucionarc.com\/producto\/picadora-profesional-de-carne-fresca-de-alta-calidad\/"]}]},{"@type":"ImageObject","inLanguage":"nb-NO","@id":"https:\/\/www.distribucionarc.com\/producto\/picadora-profesional-de-carne-fresca-de-alta-calidad\/#primaryimage","url":"https:\/\/distribucionarc.com\/wp-content\/uploads\/2023\/05\/picadora-profesional.webp","contentUrl":"https:\/\/distribucionarc.com\/wp-content\/uploads\/2023\/05\/picadora-profesional.webp","width":652,"height":1000},{"@type":"BreadcrumbList","@id":"https:\/\/www.distribucionarc.com\/producto\/picadora-profesional-de-carne-fresca-de-alta-calidad\/#breadcrumb","itemListElement":[{"@type":"ListItem","position":1,"name":"Portada","item":"https:\/\/distribucionarc.com\/bg\/"},{"@type":"ListItem","position":2,"name":"Proizvodi","item":"https:\/\/distribucionarc.com\/hr\/ducan\/"},{"@type":"ListItem","position":3,"name":"Picadora profesional de carne fresca de alta calidad"}]},{"@type":"WebSite","@id":"https:\/\/distribucionarc.com\/hr\/#website","url":"https:\/\/distribucionarc.com\/hr\/","name":"ARC distribusjon","description":"Selskapet har spesialisert seg p\u00e5 produksjon og distribusjon av industrimaskiner, hermetikkboksforseglingsmaskiner, tablettmaskiner, kj\u00f8ttskj\u00e6remaskiner og...","publisher":{"@id":"https:\/\/distribucionarc.com\/hr\/#organization"},"potentialAction":[{"@type":"SearchAction","target":{"@type":"EntryPoint","urlTemplate":"https:\/\/distribucionarc.com\/hr\/?s={search_term_string}"},"query-input":{"@type":"PropertyValueSpecification","valueRequired":true,"valueName":"search_term_string"}}],"inLanguage":"nb-NO"},{"@type":"Organization","@id":"https:\/\/distribucionarc.com\/hr\/#organization","name":"ARC distribusjon","url":"https:\/\/distribucionarc.com\/hr\/","logo":{"@type":"ImageObject","inLanguage":"nb-NO","@id":"https:\/\/distribucionarc.com\/hr\/#\/schema\/logo\/image\/","url":"https:\/\/distribucionarc.com\/wp-content\/uploads\/2024\/10\/distribucion-ARC-COLOR-SIN-FONDO-e1732295305345.png","contentUrl":"https:\/\/distribucionarc.com\/wp-content\/uploads\/2024\/10\/distribucion-ARC-COLOR-SIN-FONDO-e1732295305345.png","width":1164,"height":558,"caption":"Distribuci\u00f3n ARC"},"image":{"@id":"https:\/\/distribucionarc.com\/hr\/#\/schema\/logo\/image\/"},"description":"Selskap som har spesialisert seg p\u00e5 produksjon og distribusjon av industrimaskiner til n\u00e6ringsmiddel- og farmasisektoren. Vi er spesialister p\u00e5: Kj\u00f8ttskj\u00e6remaskiner Tablettilvirkning Industrielle transportsystemer Tappelinjer Dispensere Og mye mer... Vi tilbyr innovative og skreddersydde l\u00f8sninger for \u00e5 optimalisere bedriftens produksjonsprosesser.","email":"Admistracion@distribucionarc.com","telephone":"+34 643496664","legalName":"ARC TECH SOLUTIONS","foundingDate":"2024-04-09","vatID":"B55480172","numberOfEmployees":{"@type":"QuantitativeValue","minValue":"1","maxValue":"10"}}]}},"_links":{"self":[{"href":"https:\/\/distribucionarc.com\/nb\/wp-json\/wp\/v2\/product\/5705","targetHints":{"allow":["GET"]}}],"collection":[{"href":"https:\/\/distribucionarc.com\/nb\/wp-json\/wp\/v2\/product"}],"about":[{"href":"https:\/\/distribucionarc.com\/nb\/wp-json\/wp\/v2\/types\/product"}],"replies":[{"embeddable":true,"href":"https:\/\/distribucionarc.com\/nb\/wp-json\/wp\/v2\/comments?post=5705"}],"version-history":[{"count":0,"href":"https:\/\/distribucionarc.com\/nb\/wp-json\/wp\/v2\/product\/5705\/revisions"}],"wp:featuredmedia":[{"embeddable":true,"href":"https:\/\/distribucionarc.com\/nb\/wp-json\/wp\/v2\/media\/5709"}],"wp:attachment":[{"href":"https:\/\/distribucionarc.com\/nb\/wp-json\/wp\/v2\/media?parent=5705"}],"wp:term":[{"taxonomy":"product_brand","embeddable":true,"href":"https:\/\/distribucionarc.com\/nb\/wp-json\/wp\/v2\/product_brand?post=5705"},{"taxonomy":"product_cat","embeddable":true,"href":"https:\/\/distribucionarc.com\/nb\/wp-json\/wp\/v2\/product_cat?post=5705"},{"taxonomy":"product_tag","embeddable":true,"href":"https:\/\/distribucionarc.com\/nb\/wp-json\/wp\/v2\/product_tag?post=5705"}],"curies":[{"name":"wp","href":"https:\/\/api.w.org\/{rel}","templated":true}]}}