{"id":5720,"date":"2023-05-11T18:20:58","date_gmt":"2023-05-11T18:20:58","guid":{"rendered":"https:\/\/distribucionarc.com\/?post_type=product&#038;p=5720"},"modified":"2025-03-05T11:36:46","modified_gmt":"2025-03-05T10:36:46","slug":"industriell-kjottkvern-med-mikser-1000kg-i-timen","status":"publish","type":"product","link":"https:\/\/distribucionarc.com\/nb\/producto\/picadora-con-mezcladora-de-carne-industrial-1000kg-por-hora\/","title":{"rendered":"Kj\u00f8tthakker med industriell kj\u00f8ttmikser 1000kg i timen"},"content":{"rendered":"<p><span style=\"font-size: 1.7em; font-weight: bold;\">DMX-32A Kj\u00f8ttkvern og mikser: Revolusjon i p\u00f8lsebehandling<\/span><\/p>\n<article class=\"picadora-mezcladora-carne\">De <strong>profesjonell kj\u00f8ttkvern og mikser<\/strong> DMX-32A representerer et avgj\u00f8rende teknologisk fremskritt for kj\u00f8tt- og p\u00f8lseindustrien. Denne innovative maskinen eliminerer helt behovet for tradisjonelle manuelle prosesser, og integrerer to grunnleggende funksjoner i ett enkelt utstyr: hakking og blanding.<\/article>\n<p><a href=\"https:\/\/distribucionarc.com\/wp-content\/uploads\/2023\/05\/picadora-mezcladora-interior.jpg\"><img loading=\"lazy\" decoding=\"async\" class=\"alignnone size-medium wp-image-5719\" src=\"https:\/\/distribucionarc.com\/wp-content\/uploads\/2023\/05\/picadora-mezcladora-interior-300x142.jpg\" alt=\"\" width=\"300\" height=\"142\" srcset=\"https:\/\/distribucionarc.com\/wp-content\/uploads\/2023\/05\/picadora-mezcladora-interior-300x142.jpg 300w, https:\/\/distribucionarc.com\/wp-content\/uploads\/2023\/05\/picadora-mezcladora-interior-430x203.jpg 430w, https:\/\/distribucionarc.com\/wp-content\/uploads\/2023\/05\/picadora-mezcladora-interior-150x71.jpg 150w, https:\/\/distribucionarc.com\/wp-content\/uploads\/2023\/05\/picadora-mezcladora-interior-700x331.jpg 700w, https:\/\/distribucionarc.com\/wp-content\/uploads\/2023\/05\/picadora-mezcladora-interior-18x9.jpg 18w, https:\/\/distribucionarc.com\/wp-content\/uploads\/2023\/05\/picadora-mezcladora-interior-48x23.jpg 48w, https:\/\/distribucionarc.com\/wp-content\/uploads\/2023\/05\/picadora-mezcladora-interior.jpg 743w\" sizes=\"auto, (max-width: 300px) 100vw, 300px\" \/><\/a><\/p>\n<p>&nbsp;<\/p>\n<article class=\"picadora-mezcladora-carne\">\n<h3>Intelligent automatisk kutteprosess<\/h3>\n<p>I motsetning til tradisjonelle metoder, dette <strong>industriell kj\u00f8ttkvern<\/strong> Den tillater innf\u00f8ring av store kj\u00f8ttstykker som automatisk presses og behandles uten manuell inngripen. Det intelligente skj\u00e6resystemet garanterer jevn og presis kutting, noe som reduserer tiden og innsatsen som er involvert i tilberedning av kj\u00f8ttprodukter betydelig.<\/p>\n<\/article>\n<p><a href=\"https:\/\/distribucionarc.com\/wp-content\/uploads\/2023\/05\/picadora-mezcladora.jpg\"><img loading=\"lazy\" decoding=\"async\" class=\"alignnone size-medium wp-image-5716\" src=\"https:\/\/distribucionarc.com\/wp-content\/uploads\/2023\/05\/picadora-mezcladora-300x300.jpg\" alt=\"\" width=\"300\" height=\"300\" srcset=\"https:\/\/distribucionarc.com\/wp-content\/uploads\/2023\/05\/picadora-mezcladora-300x300.jpg 300w, https:\/\/distribucionarc.com\/wp-content\/uploads\/2023\/05\/picadora-mezcladora-430x430.jpg 430w, https:\/\/distribucionarc.com\/wp-content\/uploads\/2023\/05\/picadora-mezcladora-150x150.jpg 150w, https:\/\/distribucionarc.com\/wp-content\/uploads\/2023\/05\/picadora-mezcladora-700x700.jpg 700w, https:\/\/distribucionarc.com\/wp-content\/uploads\/2023\/05\/picadora-mezcladora-12x12.jpg 12w, https:\/\/distribucionarc.com\/wp-content\/uploads\/2023\/05\/picadora-mezcladora-48x48.jpg 48w, https:\/\/distribucionarc.com\/wp-content\/uploads\/2023\/05\/picadora-mezcladora.jpg 750w\" sizes=\"auto, (max-width: 300px) 100vw, 300px\" \/><\/a><a href=\"https:\/\/distribucionarc.com\/wp-content\/uploads\/2023\/05\/icadora-de-carne-industrial-permite-introducir-trozos-grandes-de-carne.jpg\"><img loading=\"lazy\" decoding=\"async\" class=\"alignnone  wp-image-9308\" src=\"https:\/\/distribucionarc.com\/wp-content\/uploads\/2023\/05\/icadora-de-carne-industrial-permite-introducir-trozos-grandes-de-carne.jpg\" alt=\"\" width=\"594\" height=\"314\" srcset=\"https:\/\/distribucionarc.com\/wp-content\/uploads\/2023\/05\/icadora-de-carne-industrial-permite-introducir-trozos-grandes-de-carne.jpg 1612w, https:\/\/distribucionarc.com\/wp-content\/uploads\/2023\/05\/icadora-de-carne-industrial-permite-introducir-trozos-grandes-de-carne-430x227.jpg 430w, https:\/\/distribucionarc.com\/wp-content\/uploads\/2023\/05\/icadora-de-carne-industrial-permite-introducir-trozos-grandes-de-carne-150x79.jpg 150w, https:\/\/distribucionarc.com\/wp-content\/uploads\/2023\/05\/icadora-de-carne-industrial-permite-introducir-trozos-grandes-de-carne-700x370.jpg 700w, https:\/\/distribucionarc.com\/wp-content\/uploads\/2023\/05\/icadora-de-carne-industrial-permite-introducir-trozos-grandes-de-carne-300x159.jpg 300w, https:\/\/distribucionarc.com\/wp-content\/uploads\/2023\/05\/icadora-de-carne-industrial-permite-introducir-trozos-grandes-de-carne-1024x541.jpg 1024w, https:\/\/distribucionarc.com\/wp-content\/uploads\/2023\/05\/icadora-de-carne-industrial-permite-introducir-trozos-grandes-de-carne-768x406.jpg 768w, https:\/\/distribucionarc.com\/wp-content\/uploads\/2023\/05\/icadora-de-carne-industrial-permite-introducir-trozos-grandes-de-carne-1536x812.jpg 1536w, https:\/\/distribucionarc.com\/wp-content\/uploads\/2023\/05\/icadora-de-carne-industrial-permite-introducir-trozos-grandes-de-carne-18x10.jpg 18w\" sizes=\"auto, (max-width: 594px) 100vw, 594px\" \/><\/a><\/p>\n<p>&nbsp;<\/p>\n<article class=\"picadora-mezcladora-carne\">\n<h3>Profesjonell krydderblanding<\/h3>\n<p>N\u00e5r kj\u00f8ttet er malt, lar miksefunksjonen deg tilsette krydder direkte i maskinen. Det kraftige integrerte blandesystemet fordeler krydder jevnt, og sikrer en homogen blanding uten behov for ytterligere manipulasjon. Denne automatiserte prosessen forbedrer konsistensen og kvaliteten p\u00e5 sluttproduktet.<\/p>\n<div style=\"width: 720px;\" class=\"wp-video\"><video class=\"wp-video-shortcode\" id=\"video-5720-1\" width=\"720\" height=\"720\" preload=\"metadata\" controls=\"controls\"><source type=\"video\/mp4\" src=\"https:\/\/distribucionarc.com\/wp-content\/uploads\/2023\/05\/picadora-mezcladora-carne.mp4?_=1\" \/><a href=\"https:\/\/distribucionarc.com\/wp-content\/uploads\/2023\/05\/picadora-mezcladora-carne.mp4\">https:\/\/distribucionarc.com\/wp-content\/uploads\/2023\/05\/picadora-mezcladora-carne.mp4<\/a><\/video><\/div>\n<h3><\/h3>\n<h3>Allsidighet i behandling<\/h3>\n<p>Allsidigheten til <strong>DMX-32A kj\u00f8ttmikser<\/strong> Den lar deg til og med gjeninnf\u00f8re allerede hakket kj\u00f8tt for \u00e5 lage sekund\u00e6re blandinger. Brukere kan legge til flere ingredienser og la maskinen utf\u00f8re miksingen autonomt, noe som optimaliserer tilberedningstidene betydelig.<\/p>\n<p>&nbsp;<\/p>\n<p><a href=\"https:\/\/distribucionarc.com\/wp-content\/uploads\/2023\/05\/picadora-carne.jpg\"><img loading=\"lazy\" decoding=\"async\" class=\"alignnone size-medium wp-image-5717\" src=\"https:\/\/distribucionarc.com\/wp-content\/uploads\/2023\/05\/picadora-carne-300x141.jpg\" alt=\"\" width=\"300\" height=\"141\" srcset=\"https:\/\/distribucionarc.com\/wp-content\/uploads\/2023\/05\/picadora-carne-300x141.jpg 300w, https:\/\/distribucionarc.com\/wp-content\/uploads\/2023\/05\/picadora-carne-430x201.jpg 430w, https:\/\/distribucionarc.com\/wp-content\/uploads\/2023\/05\/picadora-carne-150x70.jpg 150w, https:\/\/distribucionarc.com\/wp-content\/uploads\/2023\/05\/picadora-carne-700x328.jpg 700w, https:\/\/distribucionarc.com\/wp-content\/uploads\/2023\/05\/picadora-carne-18x8.jpg 18w, https:\/\/distribucionarc.com\/wp-content\/uploads\/2023\/05\/picadora-carne-48x22.jpg 48w, https:\/\/distribucionarc.com\/wp-content\/uploads\/2023\/05\/picadora-carne.jpg 745w\" sizes=\"auto, (max-width: 300px) 100vw, 300px\" \/><\/a><\/p>\n<p>&nbsp;<\/p>\n<div class=\"aviso-importante\" style=\"background-color: #ffdddd; border: 3px solid #ff0000; border-radius: 10px; padding: 15px; margin: 20px 0; box-shadow: 0 6px 8px rgba(0,0,0,0.15);\">\n<h3 style=\"color: #ff0000; margin-top: 0; border-bottom: 2px solid #ff0000; padding-bottom: 10px; text-transform: uppercase;\">\u26a0\ufe0f Viktig \u26a0\ufe0f<\/h3>\n<p style=\"margin-bottom: 0; font-weight: bold;\">F\u00f8r du bruker denne maskinen, er det viktig \u00e5 konsultere den fullstendige bruksanvisningen. Du kan f\u00e5 tilgang til den detaljerte h\u00e5ndboken p\u00e5:<br \/>\n<a style=\"color: #cc0000; text-decoration: underline; font-weight: bold;\" href=\"https:\/\/distribucionarc.com\/nb\/bruksanvisning-for-dmx-32a-kjottkvern-og-mikser\/\" target=\"_blank\" rel=\"noopener\"><br \/>\nKomplett bruksanvisning for DMX-32A mikserkvern<br \/>\n<\/a><\/p>\n<\/div>\n<h3><\/h3>\n<h3>Tekniske spesifikasjoner (kode: AR00931)<\/h3>\n<table style=\"width: 100%; border-collapse: collapse; margin-bottom: 20px;\">\n<tbody>\n<tr style=\"border-bottom: 1px solid #ddd;\">\n<td style=\"padding: 8px;\"><strong>Modell:<\/strong><\/td>\n<td style=\"padding: 8px;\">ARX-32A<\/td>\n<\/tr>\n<tr style=\"border-bottom: 1px solid #ddd;\">\n<td style=\"padding: 8px;\"><strong>Str\u00f8mforsyning:<\/strong><\/td>\n<td style=\"padding: 8px;\">380 V \/ 50 Hz<\/td>\n<\/tr>\n<tr style=\"border-bottom: 1px solid #ddd;\">\n<td style=\"padding: 8px;\"><strong>Makt:<\/strong><\/td>\n<td style=\"padding: 8px;\">3000 W<\/td>\n<\/tr>\n<tr style=\"border-bottom: 1px solid #ddd;\">\n<td style=\"padding: 8px;\"><strong>Evne:<\/strong><\/td>\n<td style=\"padding: 8px;\">800-1000 kg\/t<\/td>\n<\/tr>\n<tr style=\"border-bottom: 1px solid #ddd;\">\n<td style=\"padding: 8px;\"><strong>Plater:<\/strong><\/td>\n<td style=\"padding: 8px;\">0\/3\/5\/9\/16 mm<\/td>\n<\/tr>\n<tr style=\"border-bottom: 1px solid #ddd;\">\n<td style=\"padding: 8px;\"><strong>Utl\u00f8psdiameter:<\/strong><\/td>\n<td style=\"padding: 8px;\">98 mm<\/td>\n<\/tr>\n<tr style=\"border-bottom: 1px solid #ddd;\">\n<td style=\"padding: 8px;\"><strong>Mikser:<\/strong><\/td>\n<td style=\"padding: 8px;\">1100 W<\/td>\n<\/tr>\n<tr style=\"border-bottom: 1px solid #ddd;\">\n<td style=\"padding: 8px;\"><strong>Fatkapasitet:<\/strong><\/td>\n<td style=\"padding: 8px;\">42\/30 L\/kg<\/td>\n<\/tr>\n<tr style=\"border-bottom: 1px solid #ddd;\">\n<td style=\"padding: 8px;\"><strong>Nettovekt:<\/strong><\/td>\n<td style=\"padding: 8px;\">138 kg<\/td>\n<\/tr>\n<tr style=\"border-bottom: 1px solid #ddd;\">\n<td style=\"padding: 8px;\"><strong>Ytre dimensjoner:<\/strong><\/td>\n<td style=\"padding: 8px;\">479 x 420 x 416 mm<\/td>\n<\/tr>\n<tr>\n<td style=\"padding: 8px;\"><strong>Pakkest\u00f8rrelse:<\/strong><\/td>\n<td style=\"padding: 8px;\">545 x 445 x 455 mm<\/td>\n<\/tr>\n<\/tbody>\n<\/table>\n<\/article>","protected":false},"excerpt":{"rendered":"<p>De<strong> kj\u00f8ttmikser kj\u00f8ttdeig<\/strong> Det er en maskin som brukes til \u00e5 behandle store mengder kj\u00f8tt p\u00e5 kort tid. Denne maskinen kombinerer funksjonene til \u00e5 hakke og blande kj\u00f8tt i en enkelt operasjon, noe som gir st\u00f8rre effektivitet og produktivitet ved tilberedning av mat. De fleste kj\u00f8ttmikserkverner har skarpe kniver for \u00e5 kutte kj\u00f8tt i sm\u00e5 biter, mens blandemekanismen s\u00f8rger for jevn fordeling av krydder og andre ingredienser i kj\u00f8ttet. Kj\u00f8ttmikserkvernen er et viktig verkt\u00f8y i slaktere, restauranter og matvarefabrikker.<\/p>","protected":false},"featured_media":5716,"comment_status":"open","ping_status":"closed","template":"","meta":{"wds_primary_product_brand":0,"wds_primary_product_cat":0},"product_brand":[],"product_cat":[95,120],"product_tag":[],"class_list":{"0":"post-5720","1":"product","2":"type-product","3":"status-publish","4":"has-post-thumbnail","6":"product_cat-amasadoras-industriales","7":"product_cat-picadoras-carne","8":"product_shipping_class-express","10":"first","11":"instock","12":"taxable","13":"shipping-taxable","14":"purchasable","15":"product-type-simple"},"yoast_head":"<!-- This site is optimized with the Yoast SEO Premium plugin v24.9 (Yoast SEO v26.1) - https:\/\/yoast.com\/wordpress\/plugins\/seo\/ -->\n<title>Picadora con mezcladora de carne industrial 1000kg por hora - distribuci\u00f3n ARC<\/title>\n<meta name=\"description\" content=\"La picadora y mezcladora de carne profesional DMX-32A representa un avance tecnol\u00f3gico crucial para la industria c\u00e1rnica y elaboraci\u00f3n de embutidos. Esta m\u00e1quina innovadora elimina completamente la necesidad de procesos manuales tradicionales, integrando en un solo equipo dos funciones fundamentales: picado y mezclado.\" \/>\n<meta name=\"robots\" content=\"index, follow, max-snippet:-1, max-image-preview:large, max-video-preview:-1\" \/>\n<link rel=\"canonical\" href=\"https:\/\/distribucionarc.com\/nb\/produkter\/industriell-kjottkvern-med-mikser-1000kg-i-timen\/\" \/>\n<meta property=\"og:locale\" content=\"nb_NO\" \/>\n<meta property=\"og:type\" content=\"article\" \/>\n<meta property=\"og:title\" content=\"Picadora con mezcladora de carne industrial 1000kg por hora\" \/>\n<meta property=\"og:description\" content=\"La picadora y mezcladora de carne profesional DMX-32A representa un avance tecnol\u00f3gico crucial para la industria c\u00e1rnica y elaboraci\u00f3n de embutidos. Esta m\u00e1quina innovadora elimina completamente la necesidad de procesos manuales tradicionales, integrando en un solo equipo dos funciones fundamentales: picado y mezclado.\" \/>\n<meta property=\"og:url\" content=\"https:\/\/distribucionarc.com\/nb\/produkter\/industriell-kjottkvern-med-mikser-1000kg-i-timen\/\" \/>\n<meta property=\"og:site_name\" content=\"distribuci\u00f3n ARC\" \/>\n<meta property=\"article:modified_time\" content=\"2025-03-05T10:36:46+00:00\" \/>\n<meta property=\"og:image\" content=\"https:\/\/distribucionarc.com\/wp-content\/uploads\/2023\/05\/picadora-mezcladora.jpg\" \/>\n\t<meta property=\"og:image:width\" content=\"750\" \/>\n\t<meta property=\"og:image:height\" content=\"750\" \/>\n\t<meta property=\"og:image:type\" content=\"image\/jpeg\" \/>\n<meta name=\"twitter:card\" content=\"summary_large_image\" \/>\n<meta name=\"twitter:label1\" content=\"Ansl. lesetid\" \/>\n\t<meta name=\"twitter:data1\" content=\"3 minutter\" \/>\n<script type=\"application\/ld+json\" class=\"yoast-schema-graph\">{\"@context\":\"https:\/\/schema.org\",\"@graph\":[{\"@type\":\"WebPage\",\"@id\":\"https:\/\/distribucionarc.com\/lt\/producto\/picadora-con-mezcladora-de-carne-industrial-1000kg-por-hora\/\",\"url\":\"https:\/\/distribucionarc.com\/lt\/producto\/picadora-con-mezcladora-de-carne-industrial-1000kg-por-hora\/\",\"name\":\"Picadora con mezcladora de carne industrial 1000kg por hora - distribuci\u00f3n ARC\",\"isPartOf\":{\"@id\":\"https:\/\/www.distribucionarc.com\/tr\/#website\"},\"primaryImageOfPage\":{\"@id\":\"https:\/\/distribucionarc.com\/lt\/producto\/picadora-con-mezcladora-de-carne-industrial-1000kg-por-hora\/#primaryimage\"},\"image\":{\"@id\":\"https:\/\/distribucionarc.com\/lt\/producto\/picadora-con-mezcladora-de-carne-industrial-1000kg-por-hora\/#primaryimage\"},\"thumbnailUrl\":\"https:\/\/distribucionarc.com\/wp-content\/uploads\/2023\/05\/picadora-mezcladora.jpg\",\"datePublished\":\"2023-05-11T18:20:58+00:00\",\"dateModified\":\"2025-03-05T10:36:46+00:00\",\"description\":\"La picadora y mezcladora de carne profesional DMX-32A representa un avance tecnol\u00f3gico crucial para la industria c\u00e1rnica y elaboraci\u00f3n de embutidos. Esta m\u00e1quina innovadora elimina completamente la necesidad de procesos manuales tradicionales, integrando en un solo equipo dos funciones fundamentales: picado y mezclado.\",\"breadcrumb\":{\"@id\":\"https:\/\/distribucionarc.com\/lt\/producto\/picadora-con-mezcladora-de-carne-industrial-1000kg-por-hora\/#breadcrumb\"},\"inLanguage\":\"nb-NO\",\"potentialAction\":[{\"@type\":\"ReadAction\",\"target\":[\"https:\/\/distribucionarc.com\/lt\/producto\/picadora-con-mezcladora-de-carne-industrial-1000kg-por-hora\/\"]}]},{\"@type\":\"ImageObject\",\"inLanguage\":\"nb-NO\",\"@id\":\"https:\/\/distribucionarc.com\/lt\/producto\/picadora-con-mezcladora-de-carne-industrial-1000kg-por-hora\/#primaryimage\",\"url\":\"https:\/\/distribucionarc.com\/wp-content\/uploads\/2023\/05\/picadora-mezcladora.jpg\",\"contentUrl\":\"https:\/\/distribucionarc.com\/wp-content\/uploads\/2023\/05\/picadora-mezcladora.jpg\",\"width\":750,\"height\":750},{\"@type\":\"BreadcrumbList\",\"@id\":\"https:\/\/distribucionarc.com\/lt\/producto\/picadora-con-mezcladora-de-carne-industrial-1000kg-por-hora\/#breadcrumb\",\"itemListElement\":[{\"@type\":\"ListItem\",\"position\":1,\"name\":\"Portada\",\"item\":\"https:\/\/www.distribucionarc.com\/tr\/\"},{\"@type\":\"ListItem\",\"position\":2,\"name\":\"Produktai\",\"item\":\"https:\/\/distribucionarc.com\/lt\/parduotuve\/\"},{\"@type\":\"ListItem\",\"position\":3,\"name\":\"Picadora con mezcladora de carne industrial 1000kg por hora\"}]},{\"@type\":\"WebSite\",\"@id\":\"https:\/\/www.distribucionarc.com\/tr\/#website\",\"url\":\"https:\/\/www.distribucionarc.com\/tr\/\",\"name\":\"distribuci\u00f3n ARC\",\"description\":\"Empresa especializada en la fabricaci\u00f3n y distribuci\u00f3n de maquinaria industrial, selladoras de latas, Maquinas de hacer pastillas, Maquinas de cortar carne...\",\"publisher\":{\"@id\":\"https:\/\/www.distribucionarc.com\/tr\/#organization\"},\"potentialAction\":[{\"@type\":\"SearchAction\",\"target\":{\"@type\":\"EntryPoint\",\"urlTemplate\":\"https:\/\/www.distribucionarc.com\/tr\/?s={search_term_string}\"},\"query-input\":{\"@type\":\"PropertyValueSpecification\",\"valueRequired\":true,\"valueName\":\"search_term_string\"}}],\"inLanguage\":\"nb-NO\"},{\"@type\":\"Organization\",\"@id\":\"https:\/\/www.distribucionarc.com\/tr\/#organization\",\"name\":\"Distribuci\u00f3n ARC\",\"url\":\"https:\/\/www.distribucionarc.com\/tr\/\",\"logo\":{\"@type\":\"ImageObject\",\"inLanguage\":\"nb-NO\",\"@id\":\"https:\/\/www.distribucionarc.com\/tr\/#\/schema\/logo\/image\/\",\"url\":\"https:\/\/distribucionarc.com\/wp-content\/uploads\/2024\/10\/distribucion-ARC-COLOR-SIN-FONDO-e1732295305345.png\",\"contentUrl\":\"https:\/\/distribucionarc.com\/wp-content\/uploads\/2024\/10\/distribucion-ARC-COLOR-SIN-FONDO-e1732295305345.png\",\"width\":1164,\"height\":558,\"caption\":\"Distribuci\u00f3n ARC\"},\"image\":{\"@id\":\"https:\/\/www.distribucionarc.com\/tr\/#\/schema\/logo\/image\/\"},\"description\":\"Empresa especializada en la fabricaci\u00f3n y distribuci\u00f3n de maquinaria industrial para los sectores alimentario y farmac\u00e9utico. Nos especializamos en: M\u00e1quinas de cortar carne Fabricaci\u00f3n de comprimidos Sistemas de transporte industrial L\u00edneas de embotellado Dosificadores Y mucho m\u00e1s... Ofrecemos soluciones innovadoras y personalizadas para optimizar los procesos productivos de tu empresa.\",\"email\":\"Admistracion@distribucionarc.com\",\"telephone\":\"+34 643496664\",\"legalName\":\"ARC TECH SOLUTIONS\",\"foundingDate\":\"2024-04-09\",\"vatID\":\"B55480172\",\"numberOfEmployees\":{\"@type\":\"QuantitativeValue\",\"minValue\":\"1\",\"maxValue\":\"10\"}}]}<\/script>\n<!-- \/ Yoast SEO Premium plugin. -->","yoast_head_json":{"title":"Industriell kj\u00f8ttkvern med blandebatteri 1000kg i timen - ARC-fordeling","description":"Den profesjonelle kj\u00f8ttkvernen og -mikseren DMX-32A representerer et avgj\u00f8rende teknologisk fremskritt for kj\u00f8tt- og p\u00f8lseindustrien. Denne innovative maskinen eliminerer fullstendig behovet for tradisjonelle manuelle prosesser, og integrerer to grunnleggende funksjoner i \u00e9n enhet: hakking og blanding.","robots":{"index":"index","follow":"follow","max-snippet":"max-snippet:-1","max-image-preview":"max-image-preview:large","max-video-preview":"max-video-preview:-1"},"canonical":"https:\/\/distribucionarc.com\/nb\/produkter\/industriell-kjottkvern-med-mikser-1000kg-i-timen\/","og_locale":"nb_NO","og_type":"article","og_title":"Picadora con mezcladora de carne industrial 1000kg por hora","og_description":"La picadora y mezcladora de carne profesional DMX-32A representa un avance tecnol\u00f3gico crucial para la industria c\u00e1rnica y elaboraci\u00f3n de embutidos. Esta m\u00e1quina innovadora elimina completamente la necesidad de procesos manuales tradicionales, integrando en un solo equipo dos funciones fundamentales: picado y mezclado.","og_url":"https:\/\/distribucionarc.com\/nb\/produkter\/industriell-kjottkvern-med-mikser-1000kg-i-timen\/","og_site_name":"distribuci\u00f3n ARC","article_modified_time":"2025-03-05T10:36:46+00:00","og_image":[{"width":750,"height":750,"url":"https:\/\/distribucionarc.com\/wp-content\/uploads\/2023\/05\/picadora-mezcladora.jpg","type":"image\/jpeg"}],"twitter_card":"summary_large_image","twitter_misc":{"Ansl. lesetid":"3 minutter"},"schema":{"@context":"https:\/\/schema.org","@graph":[{"@type":"WebPage","@id":"https:\/\/distribucionarc.com\/lt\/producto\/picadora-con-mezcladora-de-carne-industrial-1000kg-por-hora\/","url":"https:\/\/distribucionarc.com\/lt\/producto\/picadora-con-mezcladora-de-carne-industrial-1000kg-por-hora\/","name":"Industriell kj\u00f8ttkvern med blandebatteri 1000kg i timen - ARC-fordeling","isPartOf":{"@id":"https:\/\/www.distribucionarc.com\/tr\/#website"},"primaryImageOfPage":{"@id":"https:\/\/distribucionarc.com\/lt\/producto\/picadora-con-mezcladora-de-carne-industrial-1000kg-por-hora\/#primaryimage"},"image":{"@id":"https:\/\/distribucionarc.com\/lt\/producto\/picadora-con-mezcladora-de-carne-industrial-1000kg-por-hora\/#primaryimage"},"thumbnailUrl":"https:\/\/distribucionarc.com\/wp-content\/uploads\/2023\/05\/picadora-mezcladora.jpg","datePublished":"2023-05-11T18:20:58+00:00","dateModified":"2025-03-05T10:36:46+00:00","description":"Den profesjonelle kj\u00f8ttkvernen og -mikseren DMX-32A representerer et avgj\u00f8rende teknologisk fremskritt for kj\u00f8tt- og p\u00f8lseindustrien. Denne innovative maskinen eliminerer fullstendig behovet for tradisjonelle manuelle prosesser, og integrerer to grunnleggende funksjoner i \u00e9n enhet: hakking og blanding.","breadcrumb":{"@id":"https:\/\/distribucionarc.com\/lt\/producto\/picadora-con-mezcladora-de-carne-industrial-1000kg-por-hora\/#breadcrumb"},"inLanguage":"nb-NO","potentialAction":[{"@type":"ReadAction","target":["https:\/\/distribucionarc.com\/lt\/producto\/picadora-con-mezcladora-de-carne-industrial-1000kg-por-hora\/"]}]},{"@type":"ImageObject","inLanguage":"nb-NO","@id":"https:\/\/distribucionarc.com\/lt\/producto\/picadora-con-mezcladora-de-carne-industrial-1000kg-por-hora\/#primaryimage","url":"https:\/\/distribucionarc.com\/wp-content\/uploads\/2023\/05\/picadora-mezcladora.jpg","contentUrl":"https:\/\/distribucionarc.com\/wp-content\/uploads\/2023\/05\/picadora-mezcladora.jpg","width":750,"height":750},{"@type":"BreadcrumbList","@id":"https:\/\/distribucionarc.com\/lt\/producto\/picadora-con-mezcladora-de-carne-industrial-1000kg-por-hora\/#breadcrumb","itemListElement":[{"@type":"ListItem","position":1,"name":"Portada","item":"https:\/\/www.distribucionarc.com\/tr\/"},{"@type":"ListItem","position":2,"name":"Produktai","item":"https:\/\/distribucionarc.com\/lt\/parduotuve\/"},{"@type":"ListItem","position":3,"name":"Picadora con mezcladora de carne industrial 1000kg por hora"}]},{"@type":"WebSite","@id":"https:\/\/www.distribucionarc.com\/tr\/#website","url":"https:\/\/www.distribucionarc.com\/tr\/","name":"ARC distribusjon","description":"Selskapet har spesialisert seg p\u00e5 produksjon og distribusjon av industrimaskiner, hermetikkboksforseglingsmaskiner, tablettmaskiner, kj\u00f8ttskj\u00e6remaskiner og...","publisher":{"@id":"https:\/\/www.distribucionarc.com\/tr\/#organization"},"potentialAction":[{"@type":"SearchAction","target":{"@type":"EntryPoint","urlTemplate":"https:\/\/www.distribucionarc.com\/tr\/?s={search_term_string}"},"query-input":{"@type":"PropertyValueSpecification","valueRequired":true,"valueName":"search_term_string"}}],"inLanguage":"nb-NO"},{"@type":"Organization","@id":"https:\/\/www.distribucionarc.com\/tr\/#organization","name":"ARC distribusjon","url":"https:\/\/www.distribucionarc.com\/tr\/","logo":{"@type":"ImageObject","inLanguage":"nb-NO","@id":"https:\/\/www.distribucionarc.com\/tr\/#\/schema\/logo\/image\/","url":"https:\/\/distribucionarc.com\/wp-content\/uploads\/2024\/10\/distribucion-ARC-COLOR-SIN-FONDO-e1732295305345.png","contentUrl":"https:\/\/distribucionarc.com\/wp-content\/uploads\/2024\/10\/distribucion-ARC-COLOR-SIN-FONDO-e1732295305345.png","width":1164,"height":558,"caption":"Distribuci\u00f3n ARC"},"image":{"@id":"https:\/\/www.distribucionarc.com\/tr\/#\/schema\/logo\/image\/"},"description":"Selskap som har spesialisert seg p\u00e5 produksjon og distribusjon av industrimaskiner til n\u00e6ringsmiddel- og farmasisektoren. Vi er spesialister p\u00e5: Kj\u00f8ttskj\u00e6remaskiner Tablettilvirkning Industrielle transportsystemer Tappelinjer Dispensere Og mye mer... Vi tilbyr innovative og skreddersydde l\u00f8sninger for \u00e5 optimalisere bedriftens produksjonsprosesser.","email":"Admistracion@distribucionarc.com","telephone":"+34 643496664","legalName":"ARC TECH SOLUTIONS","foundingDate":"2024-04-09","vatID":"B55480172","numberOfEmployees":{"@type":"QuantitativeValue","minValue":"1","maxValue":"10"}}]}},"_links":{"self":[{"href":"https:\/\/distribucionarc.com\/nb\/wp-json\/wp\/v2\/product\/5720","targetHints":{"allow":["GET"]}}],"collection":[{"href":"https:\/\/distribucionarc.com\/nb\/wp-json\/wp\/v2\/product"}],"about":[{"href":"https:\/\/distribucionarc.com\/nb\/wp-json\/wp\/v2\/types\/product"}],"replies":[{"embeddable":true,"href":"https:\/\/distribucionarc.com\/nb\/wp-json\/wp\/v2\/comments?post=5720"}],"version-history":[{"count":3,"href":"https:\/\/distribucionarc.com\/nb\/wp-json\/wp\/v2\/product\/5720\/revisions"}],"predecessor-version":[{"id":9309,"href":"https:\/\/distribucionarc.com\/nb\/wp-json\/wp\/v2\/product\/5720\/revisions\/9309"}],"wp:featuredmedia":[{"embeddable":true,"href":"https:\/\/distribucionarc.com\/nb\/wp-json\/wp\/v2\/media\/5716"}],"wp:attachment":[{"href":"https:\/\/distribucionarc.com\/nb\/wp-json\/wp\/v2\/media?parent=5720"}],"wp:term":[{"taxonomy":"product_brand","embeddable":true,"href":"https:\/\/distribucionarc.com\/nb\/wp-json\/wp\/v2\/product_brand?post=5720"},{"taxonomy":"product_cat","embeddable":true,"href":"https:\/\/distribucionarc.com\/nb\/wp-json\/wp\/v2\/product_cat?post=5720"},{"taxonomy":"product_tag","embeddable":true,"href":"https:\/\/distribucionarc.com\/nb\/wp-json\/wp\/v2\/product_tag?post=5720"}],"curies":[{"name":"wp","href":"https:\/\/api.w.org\/{rel}","templated":true}]}}